{"id":56860,"date":"2022-06-14T14:59:28","date_gmt":"2022-06-14T14:59:28","guid":{"rendered":"https:\/\/business.roovi.com\/puzzle-adulti-1000-piese-amazing-birds\/p\/"},"modified":"2022-08-25T10:56:35","modified_gmt":"2022-08-25T10:56:35","slug":"amazing-birds-puzzle-felnott-puzzle-1000-darab","status":"publish","type":"product","link":"https:\/\/business.roovi.com\/hu\/amazing-birds-puzzle-felnott-puzzle-1000-darab\/p\/","title":{"rendered":"Amazing Birds Puzzle &#8211; Feln\u0151tt puzzle 1000 darab"},"content":{"rendered":"<h4><em>Az 1000 darabos puzzle &#8211; Amazing Birds seg\u00edts\u00e9g\u00e9vel megtapasztalhatod a teljes szabads\u00e1g \u00e9rz\u00e9s\u00e9t, mint a magasan az \u00e9gen repked\u0151 sz\u00ednes madarak <\/em><\/h4>\n<p>A meleg sz\u00ednekben pomp\u00e1z\u00f3, teljes harm\u00f3ni\u00e1ban l\u00e9v\u0151 vir\u00e1gmez\u0151 teszi teljess\u00e9 a var\u00e1zslatos k\u00f6rnyezetet. Darabr\u00f3l darabra \u00f6ssze\u00e1ll a k\u00e9p, \u00e9s felszabad\u00edtja elm\u00e9det a gondolatok \u00e9s gondok al\u00f3l. A v\u00e9g\u00e9n egy sz\u00e9p, 68 x 47 cm-es festm\u00e9nyt kapsz, amely remek\u00fcl mutat majd a keretben.<\/p>\n<p>A kirak\u00f3 is j\u00f3l t\u00e1rolhat\u00f3 a saj\u00e1t doboz\u00e1ban, amely nagyszer\u0171 diz\u00e1jnnal rendelkezik, \u00e9s b\u00e1rmelyik k\u00f6nyvespolcon j\u00f3l mutat. A Csod\u00e1latos madarak 1000 darabos puzzle inspir\u00e1l\u00f3 aj\u00e1nd\u00e9k lehet az \u00fcnnepekre vagy m\u00e1s \u00fcnnepi alkalmakra.<\/p>\n","protected":false},"excerpt":{"rendered":"<p>Az 1000 darabos puzzle &#8211; Amazing Birds seg\u00edts\u00e9g\u00e9vel megtapasztalhatod a teljes szabads\u00e1g \u00e9rz\u00e9s\u00e9t, mint a magasan az \u00e9gen repked\u0151 sz\u00ednes<\/p>\n","protected":false},"featured_media":56601,"template":"","meta":[],"product_brand":[],"product_cat":[1920,1919,1881],"product_tag":[],"class_list":{"0":"post-56860","1":"product","2":"type-product","3":"status-publish","4":"has-post-thumbnail","6":"product_cat-1000-darabos-kirakos-jatek","7":"product_cat-felnott-kirakos-jatekok","8":"product_cat-kirakos-jatekok","9":"pa_brand-d_toys-hu","10":"pa_country_of_manufacture-ro-hu","11":"pa_filter_age-14-2-hu","12":"pa_painter-high-difficulty-hu","13":"pa_tip_ambalaj-doboz","14":"pa_tip_puzzle-klasszikus","16":"first","17":"instock","18":"taxable","19":"shipping-taxable","20":"product-type-simple"},"yoast_head":"<!-- This site is optimized with the Yoast SEO plugin v20.1 - https:\/\/yoast.com\/wordpress\/plugins\/seo\/ -->\n<title>Amazing Birds Puzzle - Feln\u0151tt puzzle 1000 darab<\/title>\n<meta name=\"description\" content=\"Amazing Birds Puzzle - Feln\u0151tt puzzle 1000 darab\" \/>\n<meta name=\"robots\" content=\"index, follow, max-snippet:-1, max-image-preview:large, max-video-preview:-1\" \/>\n<link rel=\"canonical\" href=\"https:\/\/business.roovi.com\/hu\/amazing-birds-puzzle-felnott-puzzle-1000-darab\/p\/\" \/>\n<meta property=\"og:locale\" content=\"hu_HU\" \/>\n<meta property=\"og:type\" content=\"article\" \/>\n<meta property=\"og:title\" content=\"Amazing Birds Puzzle - Feln\u0151tt puzzle 1000 darab\" \/>\n<meta property=\"og:description\" content=\"Amazing Birds Puzzle - Feln\u0151tt puzzle 1000 darab\" \/>\n<meta property=\"og:url\" content=\"https:\/\/business.roovi.com\/hu\/amazing-birds-puzzle-felnott-puzzle-1000-darab\/p\/\" \/>\n<meta property=\"og:site_name\" content=\"Roovi B2B\" \/>\n<meta property=\"article:publisher\" content=\"https:\/\/www.facebook.com\/wwwjucariero\" \/>\n<meta property=\"article:modified_time\" content=\"2022-08-25T10:56:35+00:00\" \/>\n<meta property=\"og:image\" content=\"https:\/\/business.roovi.com\/wp-content\/uploads\/2022\/08\/01_MAIN-5.jpg\" \/>\n\t<meta property=\"og:image:width\" content=\"1200\" \/>\n\t<meta property=\"og:image:height\" content=\"1200\" \/>\n\t<meta property=\"og:image:type\" content=\"image\/jpeg\" \/>\n<meta name=\"twitter:label1\" content=\"Becs\u00fclt olvas\u00e1si id\u0151\" \/>\n\t<meta name=\"twitter:data1\" content=\"1 perc\" \/>\n<script type=\"application\/ld+json\" class=\"yoast-schema-graph\">{\"@context\":\"https:\/\/schema.org\",\"@graph\":[{\"@type\":\"WebPage\",\"@id\":\"https:\/\/business.roovi.com\/hu\/amazing-birds-puzzle-felnott-puzzle-1000-darab\/p\/\",\"url\":\"https:\/\/business.roovi.com\/hu\/amazing-birds-puzzle-felnott-puzzle-1000-darab\/p\/\",\"name\":\"Amazing Birds Puzzle - Feln\u0151tt puzzle 1000 darab\",\"isPartOf\":{\"@id\":\"https:\/\/business.roovi.com\/hu\/#website\"},\"datePublished\":\"2022-06-14T14:59:28+00:00\",\"dateModified\":\"2022-08-25T10:56:35+00:00\",\"description\":\"Amazing Birds Puzzle - Feln\u0151tt puzzle 1000 darab\",\"breadcrumb\":{\"@id\":\"https:\/\/business.roovi.com\/hu\/amazing-birds-puzzle-felnott-puzzle-1000-darab\/p\/#breadcrumb\"},\"inLanguage\":\"hu\",\"potentialAction\":[{\"@type\":\"ReadAction\",\"target\":[\"https:\/\/business.roovi.com\/hu\/amazing-birds-puzzle-felnott-puzzle-1000-darab\/p\/\"]}]},{\"@type\":\"BreadcrumbList\",\"@id\":\"https:\/\/business.roovi.com\/hu\/amazing-birds-puzzle-felnott-puzzle-1000-darab\/p\/#breadcrumb\",\"itemListElement\":[{\"@type\":\"ListItem\",\"position\":1,\"name\":\"Home\",\"item\":\"https:\/\/business.roovi.com\/hu\/\"},{\"@type\":\"ListItem\",\"position\":2,\"name\":\"Shop\",\"item\":\"https:\/\/business.roovi.com\/hu\/shop\/\"},{\"@type\":\"ListItem\",\"position\":3,\"name\":\"Amazing Birds Puzzle &#8211; Feln\u0151tt puzzle 1000 darab\"}]},{\"@type\":\"WebSite\",\"@id\":\"https:\/\/business.roovi.com\/hu\/#website\",\"url\":\"https:\/\/business.roovi.com\/hu\/\",\"name\":\"Roovi B2B\",\"description\":\"Roovi Business Website\",\"potentialAction\":[{\"@type\":\"SearchAction\",\"target\":{\"@type\":\"EntryPoint\",\"urlTemplate\":\"https:\/\/business.roovi.com\/hu\/?s={search_term_string}\"},\"query-input\":\"required name=search_term_string\"}],\"inLanguage\":\"hu\"}]}<\/script>\n<!-- \/ Yoast SEO plugin. -->","yoast_head_json":{"title":"Amazing Birds Puzzle - Feln\u0151tt puzzle 1000 darab","description":"Amazing Birds Puzzle - Feln\u0151tt puzzle 1000 darab","robots":{"index":"index","follow":"follow","max-snippet":"max-snippet:-1","max-image-preview":"max-image-preview:large","max-video-preview":"max-video-preview:-1"},"canonical":"https:\/\/business.roovi.com\/hu\/amazing-birds-puzzle-felnott-puzzle-1000-darab\/p\/","og_locale":"hu_HU","og_type":"article","og_title":"Amazing Birds Puzzle - Feln\u0151tt puzzle 1000 darab","og_description":"Amazing Birds Puzzle - Feln\u0151tt puzzle 1000 darab","og_url":"https:\/\/business.roovi.com\/hu\/amazing-birds-puzzle-felnott-puzzle-1000-darab\/p\/","og_site_name":"Roovi B2B","article_publisher":"https:\/\/www.facebook.com\/wwwjucariero","article_modified_time":"2022-08-25T10:56:35+00:00","og_image":[{"width":1200,"height":1200,"url":"https:\/\/business.roovi.com\/wp-content\/uploads\/2022\/08\/01_MAIN-5.jpg","type":"image\/jpeg"}],"twitter_misc":{"Becs\u00fclt olvas\u00e1si id\u0151":"1 perc"},"schema":{"@context":"https:\/\/schema.org","@graph":[{"@type":"WebPage","@id":"https:\/\/business.roovi.com\/hu\/amazing-birds-puzzle-felnott-puzzle-1000-darab\/p\/","url":"https:\/\/business.roovi.com\/hu\/amazing-birds-puzzle-felnott-puzzle-1000-darab\/p\/","name":"Amazing Birds Puzzle - Feln\u0151tt puzzle 1000 darab","isPartOf":{"@id":"https:\/\/business.roovi.com\/hu\/#website"},"datePublished":"2022-06-14T14:59:28+00:00","dateModified":"2022-08-25T10:56:35+00:00","description":"Amazing Birds Puzzle - Feln\u0151tt puzzle 1000 darab","breadcrumb":{"@id":"https:\/\/business.roovi.com\/hu\/amazing-birds-puzzle-felnott-puzzle-1000-darab\/p\/#breadcrumb"},"inLanguage":"hu","potentialAction":[{"@type":"ReadAction","target":["https:\/\/business.roovi.com\/hu\/amazing-birds-puzzle-felnott-puzzle-1000-darab\/p\/"]}]},{"@type":"BreadcrumbList","@id":"https:\/\/business.roovi.com\/hu\/amazing-birds-puzzle-felnott-puzzle-1000-darab\/p\/#breadcrumb","itemListElement":[{"@type":"ListItem","position":1,"name":"Home","item":"https:\/\/business.roovi.com\/hu\/"},{"@type":"ListItem","position":2,"name":"Shop","item":"https:\/\/business.roovi.com\/hu\/shop\/"},{"@type":"ListItem","position":3,"name":"Amazing Birds Puzzle &#8211; Feln\u0151tt puzzle 1000 darab"}]},{"@type":"WebSite","@id":"https:\/\/business.roovi.com\/hu\/#website","url":"https:\/\/business.roovi.com\/hu\/","name":"Roovi B2B","description":"Roovi Business Website","potentialAction":[{"@type":"SearchAction","target":{"@type":"EntryPoint","urlTemplate":"https:\/\/business.roovi.com\/hu\/?s={search_term_string}"},"query-input":"required name=search_term_string"}],"inLanguage":"hu"}]}},"_links":{"self":[{"href":"https:\/\/business.roovi.com\/hu\/wp-json\/wp\/v2\/product\/56860","targetHints":{"allow":["GET"]}}],"collection":[{"href":"https:\/\/business.roovi.com\/hu\/wp-json\/wp\/v2\/product"}],"about":[{"href":"https:\/\/business.roovi.com\/hu\/wp-json\/wp\/v2\/types\/product"}],"version-history":[{"count":0,"href":"https:\/\/business.roovi.com\/hu\/wp-json\/wp\/v2\/product\/56860\/revisions"}],"wp:featuredmedia":[{"embeddable":true,"href":"https:\/\/business.roovi.com\/hu\/wp-json\/wp\/v2\/media\/56601"}],"wp:attachment":[{"href":"https:\/\/business.roovi.com\/hu\/wp-json\/wp\/v2\/media?parent=56860"}],"wp:term":[{"taxonomy":"product_brand","embeddable":true,"href":"https:\/\/business.roovi.com\/hu\/wp-json\/wp\/v2\/product_brand?post=56860"},{"taxonomy":"product_cat","embeddable":true,"href":"https:\/\/business.roovi.com\/hu\/wp-json\/wp\/v2\/product_cat?post=56860"},{"taxonomy":"product_tag","embeddable":true,"href":"https:\/\/business.roovi.com\/hu\/wp-json\/wp\/v2\/product_tag?post=56860"}],"curies":[{"name":"wp","href":"https:\/\/api.w.org\/{rel}","templated":true}]}}