{"id":56876,"date":"2022-06-14T14:55:21","date_gmt":"2022-06-14T14:55:21","guid":{"rendered":"https:\/\/business.roovi.com\/puzzle-adulti-1000-piese-europe-map\/p\/"},"modified":"2022-08-25T10:57:04","modified_gmt":"2022-08-25T10:57:04","slug":"puzzle-europa-terkep-felnott-puzzle-1000-darab","status":"publish","type":"product","link":"https:\/\/business.roovi.com\/hu\/puzzle-europa-terkep-felnott-puzzle-1000-darab\/p\/","title":{"rendered":"Puzzle Eur\u00f3pa t\u00e9rk\u00e9p &#8211; Feln\u0151tt puzzle 1000 darab"},"content":{"rendered":"<h4><em>Puzzle 1000 darab &#8211; Eur\u00f3pa t\u00e9rk\u00e9p az \u00f6reg kontinenst olyan k\u00e9pen mutatja be, amilyet m\u00e9g sosem l\u00e1tt\u00e1l <\/em><\/h4>\n<p>A ROOVI-n\u00e1l minden r\u00e9szlet sz\u00e1m\u00edt. Ez\u00e9rt az 1000 darabos puzzle &#8211; Eur\u00f3pa t\u00e9rk\u00e9pen felfedezheted, hogy Eur\u00f3pa minden orsz\u00e1g\u00e1t k\u00fcl\u00f6nleges, nem ism\u00e9tl\u0151d\u0151 elemek k\u00e9pviselik a k\u00e9pen.<\/p>\n<p>V\u00e1lassza ezt az egyed\u00fcl\u00e1ll\u00f3 kirak\u00f3s j\u00e1t\u00e9kot a pihen\u00e9s pillanataihoz vagy eredeti tanul\u00e1si eszk\u00f6zk\u00e9nt a gyermekek sz\u00e1m\u00e1ra. Az \u00edgy bemutatott eur\u00f3pai orsz\u00e1gokra vonatkoz\u00f3 inform\u00e1ci\u00f3kat k\u00f6nnyebben megjegyzik majd. R\u00e1ad\u00e1sul Eur\u00f3pa darabr\u00f3l darabra t\u00f6rt\u00e9n\u0151 \u00f6sszerak\u00e1sa remek lehet\u0151s\u00e9g arra, hogy kapcsol\u00f3djunk \u00e9s elszakadjunk a mindennapokt\u00f3l.<\/p>\n","protected":false},"excerpt":{"rendered":"<p>Puzzle 1000 darab &#8211; Eur\u00f3pa t\u00e9rk\u00e9p az \u00f6reg kontinenst olyan k\u00e9pen mutatja be, amilyet m\u00e9g sosem l\u00e1tt\u00e1l A ROOVI-n\u00e1l minden<\/p>\n","protected":false},"featured_media":56675,"template":"","meta":[],"product_brand":[],"product_cat":[1920,1919,1881],"product_tag":[],"class_list":{"0":"post-56876","1":"product","2":"type-product","3":"status-publish","4":"has-post-thumbnail","6":"product_cat-1000-darabos-kirakos-jatek","7":"product_cat-felnott-kirakos-jatekok","8":"product_cat-kirakos-jatekok","9":"pa_brand-d_toys-hu","10":"pa_country_of_manufacture-ro-hu","11":"pa_filter_age-14-2-hu","12":"pa_painter-high-difficulty-hu","13":"pa_tip_ambalaj-doboz","14":"pa_tip_puzzle-klasszikus","16":"first","17":"instock","18":"taxable","19":"shipping-taxable","20":"product-type-simple"},"yoast_head":"<!-- This site is optimized with the Yoast SEO plugin v20.1 - https:\/\/yoast.com\/wordpress\/plugins\/seo\/ -->\n<title>Puzzle Eur\u00f3pa t\u00e9rk\u00e9p - Feln\u0151tt puzzle 1000 darab<\/title>\n<meta name=\"description\" content=\"Puzzle Eur\u00f3pa t\u00e9rk\u00e9p - Feln\u0151tt puzzle 1000 darab\" \/>\n<meta name=\"robots\" content=\"index, follow, max-snippet:-1, max-image-preview:large, max-video-preview:-1\" \/>\n<link rel=\"canonical\" href=\"https:\/\/business.roovi.com\/hu\/puzzle-europa-terkep-felnott-puzzle-1000-darab\/p\/\" \/>\n<meta property=\"og:locale\" content=\"hu_HU\" \/>\n<meta property=\"og:type\" content=\"article\" \/>\n<meta property=\"og:title\" content=\"Puzzle Eur\u00f3pa t\u00e9rk\u00e9p - Feln\u0151tt puzzle 1000 darab\" \/>\n<meta property=\"og:description\" content=\"Puzzle Eur\u00f3pa t\u00e9rk\u00e9p - Feln\u0151tt puzzle 1000 darab\" \/>\n<meta property=\"og:url\" content=\"https:\/\/business.roovi.com\/hu\/puzzle-europa-terkep-felnott-puzzle-1000-darab\/p\/\" \/>\n<meta property=\"og:site_name\" content=\"Roovi B2B\" \/>\n<meta property=\"article:publisher\" content=\"https:\/\/www.facebook.com\/wwwjucariero\" \/>\n<meta property=\"article:modified_time\" content=\"2022-08-25T10:57:04+00:00\" \/>\n<meta property=\"og:image\" content=\"https:\/\/business.roovi.com\/wp-content\/uploads\/2022\/08\/01_MAIN-7.jpg\" \/>\n\t<meta property=\"og:image:width\" content=\"1200\" \/>\n\t<meta property=\"og:image:height\" content=\"1200\" \/>\n\t<meta property=\"og:image:type\" content=\"image\/jpeg\" \/>\n<meta name=\"twitter:label1\" content=\"Becs\u00fclt olvas\u00e1si id\u0151\" \/>\n\t<meta name=\"twitter:data1\" content=\"1 perc\" \/>\n<script type=\"application\/ld+json\" class=\"yoast-schema-graph\">{\"@context\":\"https:\/\/schema.org\",\"@graph\":[{\"@type\":\"WebPage\",\"@id\":\"https:\/\/business.roovi.com\/hu\/puzzle-europa-terkep-felnott-puzzle-1000-darab\/p\/\",\"url\":\"https:\/\/business.roovi.com\/hu\/puzzle-europa-terkep-felnott-puzzle-1000-darab\/p\/\",\"name\":\"Puzzle Eur\u00f3pa t\u00e9rk\u00e9p - Feln\u0151tt puzzle 1000 darab\",\"isPartOf\":{\"@id\":\"https:\/\/business.roovi.com\/hu\/#website\"},\"datePublished\":\"2022-06-14T14:55:21+00:00\",\"dateModified\":\"2022-08-25T10:57:04+00:00\",\"description\":\"Puzzle Eur\u00f3pa t\u00e9rk\u00e9p - Feln\u0151tt puzzle 1000 darab\",\"breadcrumb\":{\"@id\":\"https:\/\/business.roovi.com\/hu\/puzzle-europa-terkep-felnott-puzzle-1000-darab\/p\/#breadcrumb\"},\"inLanguage\":\"hu\",\"potentialAction\":[{\"@type\":\"ReadAction\",\"target\":[\"https:\/\/business.roovi.com\/hu\/puzzle-europa-terkep-felnott-puzzle-1000-darab\/p\/\"]}]},{\"@type\":\"BreadcrumbList\",\"@id\":\"https:\/\/business.roovi.com\/hu\/puzzle-europa-terkep-felnott-puzzle-1000-darab\/p\/#breadcrumb\",\"itemListElement\":[{\"@type\":\"ListItem\",\"position\":1,\"name\":\"Home\",\"item\":\"https:\/\/business.roovi.com\/hu\/\"},{\"@type\":\"ListItem\",\"position\":2,\"name\":\"Shop\",\"item\":\"https:\/\/business.roovi.com\/hu\/shop\/\"},{\"@type\":\"ListItem\",\"position\":3,\"name\":\"Puzzle Eur\u00f3pa t\u00e9rk\u00e9p &#8211; Feln\u0151tt puzzle 1000 darab\"}]},{\"@type\":\"WebSite\",\"@id\":\"https:\/\/business.roovi.com\/hu\/#website\",\"url\":\"https:\/\/business.roovi.com\/hu\/\",\"name\":\"Roovi B2B\",\"description\":\"Roovi Business Website\",\"potentialAction\":[{\"@type\":\"SearchAction\",\"target\":{\"@type\":\"EntryPoint\",\"urlTemplate\":\"https:\/\/business.roovi.com\/hu\/?s={search_term_string}\"},\"query-input\":\"required name=search_term_string\"}],\"inLanguage\":\"hu\"}]}<\/script>\n<!-- \/ Yoast SEO plugin. -->","yoast_head_json":{"title":"Puzzle Eur\u00f3pa t\u00e9rk\u00e9p - Feln\u0151tt puzzle 1000 darab","description":"Puzzle Eur\u00f3pa t\u00e9rk\u00e9p - Feln\u0151tt puzzle 1000 darab","robots":{"index":"index","follow":"follow","max-snippet":"max-snippet:-1","max-image-preview":"max-image-preview:large","max-video-preview":"max-video-preview:-1"},"canonical":"https:\/\/business.roovi.com\/hu\/puzzle-europa-terkep-felnott-puzzle-1000-darab\/p\/","og_locale":"hu_HU","og_type":"article","og_title":"Puzzle Eur\u00f3pa t\u00e9rk\u00e9p - Feln\u0151tt puzzle 1000 darab","og_description":"Puzzle Eur\u00f3pa t\u00e9rk\u00e9p - Feln\u0151tt puzzle 1000 darab","og_url":"https:\/\/business.roovi.com\/hu\/puzzle-europa-terkep-felnott-puzzle-1000-darab\/p\/","og_site_name":"Roovi B2B","article_publisher":"https:\/\/www.facebook.com\/wwwjucariero","article_modified_time":"2022-08-25T10:57:04+00:00","og_image":[{"width":1200,"height":1200,"url":"https:\/\/business.roovi.com\/wp-content\/uploads\/2022\/08\/01_MAIN-7.jpg","type":"image\/jpeg"}],"twitter_misc":{"Becs\u00fclt olvas\u00e1si id\u0151":"1 perc"},"schema":{"@context":"https:\/\/schema.org","@graph":[{"@type":"WebPage","@id":"https:\/\/business.roovi.com\/hu\/puzzle-europa-terkep-felnott-puzzle-1000-darab\/p\/","url":"https:\/\/business.roovi.com\/hu\/puzzle-europa-terkep-felnott-puzzle-1000-darab\/p\/","name":"Puzzle Eur\u00f3pa t\u00e9rk\u00e9p - Feln\u0151tt puzzle 1000 darab","isPartOf":{"@id":"https:\/\/business.roovi.com\/hu\/#website"},"datePublished":"2022-06-14T14:55:21+00:00","dateModified":"2022-08-25T10:57:04+00:00","description":"Puzzle Eur\u00f3pa t\u00e9rk\u00e9p - Feln\u0151tt puzzle 1000 darab","breadcrumb":{"@id":"https:\/\/business.roovi.com\/hu\/puzzle-europa-terkep-felnott-puzzle-1000-darab\/p\/#breadcrumb"},"inLanguage":"hu","potentialAction":[{"@type":"ReadAction","target":["https:\/\/business.roovi.com\/hu\/puzzle-europa-terkep-felnott-puzzle-1000-darab\/p\/"]}]},{"@type":"BreadcrumbList","@id":"https:\/\/business.roovi.com\/hu\/puzzle-europa-terkep-felnott-puzzle-1000-darab\/p\/#breadcrumb","itemListElement":[{"@type":"ListItem","position":1,"name":"Home","item":"https:\/\/business.roovi.com\/hu\/"},{"@type":"ListItem","position":2,"name":"Shop","item":"https:\/\/business.roovi.com\/hu\/shop\/"},{"@type":"ListItem","position":3,"name":"Puzzle Eur\u00f3pa t\u00e9rk\u00e9p &#8211; Feln\u0151tt puzzle 1000 darab"}]},{"@type":"WebSite","@id":"https:\/\/business.roovi.com\/hu\/#website","url":"https:\/\/business.roovi.com\/hu\/","name":"Roovi B2B","description":"Roovi Business Website","potentialAction":[{"@type":"SearchAction","target":{"@type":"EntryPoint","urlTemplate":"https:\/\/business.roovi.com\/hu\/?s={search_term_string}"},"query-input":"required name=search_term_string"}],"inLanguage":"hu"}]}},"_links":{"self":[{"href":"https:\/\/business.roovi.com\/hu\/wp-json\/wp\/v2\/product\/56876","targetHints":{"allow":["GET"]}}],"collection":[{"href":"https:\/\/business.roovi.com\/hu\/wp-json\/wp\/v2\/product"}],"about":[{"href":"https:\/\/business.roovi.com\/hu\/wp-json\/wp\/v2\/types\/product"}],"version-history":[{"count":0,"href":"https:\/\/business.roovi.com\/hu\/wp-json\/wp\/v2\/product\/56876\/revisions"}],"wp:featuredmedia":[{"embeddable":true,"href":"https:\/\/business.roovi.com\/hu\/wp-json\/wp\/v2\/media\/56675"}],"wp:attachment":[{"href":"https:\/\/business.roovi.com\/hu\/wp-json\/wp\/v2\/media?parent=56876"}],"wp:term":[{"taxonomy":"product_brand","embeddable":true,"href":"https:\/\/business.roovi.com\/hu\/wp-json\/wp\/v2\/product_brand?post=56876"},{"taxonomy":"product_cat","embeddable":true,"href":"https:\/\/business.roovi.com\/hu\/wp-json\/wp\/v2\/product_cat?post=56876"},{"taxonomy":"product_tag","embeddable":true,"href":"https:\/\/business.roovi.com\/hu\/wp-json\/wp\/v2\/product_tag?post=56876"}],"curies":[{"name":"wp","href":"https:\/\/api.w.org\/{rel}","templated":true}]}}