{"id":56884,"date":"2022-06-14T14:49:56","date_gmt":"2022-06-14T14:49:56","guid":{"rendered":"https:\/\/business.roovi.com\/puzzle-adulti-1000-piese-london-at-night\/p\/"},"modified":"2022-08-25T10:57:18","modified_gmt":"2022-08-25T10:57:18","slug":"london-at-night-puzzle-felnott-puzzle-1000-darab","status":"publish","type":"product","link":"https:\/\/business.roovi.com\/hu\/london-at-night-puzzle-felnott-puzzle-1000-darab\/p\/","title":{"rendered":"London at Night Puzzle &#8211; Feln\u0151tt puzzle 1000 darab"},"content":{"rendered":"<h4><em>Szereted a vil\u00e1g h\u00edres helyeit \u00e1br\u00e1zol\u00f3 k\u00e9prejtv\u00e9nyeket?<\/em><\/h4>\n<p>Az 1000 darabos puzzle &#8211; London at Night London utc\u00e1ira kalauzol. Minden egyes \u00f6sszeill\u0151 darabbal \u00e1t\u00e9lheti a v\u00e1ros hangulat\u00e1t, \u00e9s \u00e9lvezheti a sz\u00fcrk\u00fcletben r\u00f6gz\u00edtett pomp\u00e1s k\u00e9pet.<\/p>\n<p>A bor\u00fas napokon, amikor az es\u0151 miatt bent kell maradnod, vagy a csal\u00e1ddal vagy bar\u00e1tokkal val\u00f3 tal\u00e1lkoz\u00e1s pillanataiban a London at Night 1000 darabos puzzle t\u00f6k\u00e9letes lehet\u0151s\u00e9g arra, hogy a lehet\u0151 legjobban kihaszn\u00e1ld a szabadid\u0151det.<\/p>\n","protected":false},"excerpt":{"rendered":"<p>Szereted a vil\u00e1g h\u00edres helyeit \u00e1br\u00e1zol\u00f3 k\u00e9prejtv\u00e9nyeket? Az 1000 darabos puzzle &#8211; London at Night London utc\u00e1ira kalauzol. Minden egyes<\/p>\n","protected":false},"featured_media":56712,"template":"","meta":[],"product_brand":[],"product_cat":[1920,1919,1881],"product_tag":[],"class_list":{"0":"post-56884","1":"product","2":"type-product","3":"status-publish","4":"has-post-thumbnail","6":"product_cat-1000-darabos-kirakos-jatek","7":"product_cat-felnott-kirakos-jatekok","8":"product_cat-kirakos-jatekok","9":"pa_brand-d_toys-hu","10":"pa_country_of_manufacture-ro-hu","11":"pa_filter_age-14-2-hu","12":"pa_painter-night-landscapes-hu","13":"pa_tip_ambalaj-doboz","14":"pa_tip_puzzle-klasszikus","16":"first","17":"instock","18":"taxable","19":"shipping-taxable","20":"product-type-simple"},"yoast_head":"<!-- This site is optimized with the Yoast SEO plugin v20.1 - https:\/\/yoast.com\/wordpress\/plugins\/seo\/ -->\n<title>London at Night Puzzle - Feln\u0151tt puzzle 1000 darab<\/title>\n<meta name=\"description\" content=\"London at Night Puzzle - Feln\u0151tt puzzle 1000 darab\" \/>\n<meta name=\"robots\" content=\"index, follow, max-snippet:-1, max-image-preview:large, max-video-preview:-1\" \/>\n<link rel=\"canonical\" href=\"https:\/\/business.roovi.com\/hu\/london-at-night-puzzle-felnott-puzzle-1000-darab\/p\/\" \/>\n<meta property=\"og:locale\" content=\"hu_HU\" \/>\n<meta property=\"og:type\" content=\"article\" \/>\n<meta property=\"og:title\" content=\"London at Night Puzzle - Feln\u0151tt puzzle 1000 darab\" \/>\n<meta property=\"og:description\" content=\"London at Night Puzzle - Feln\u0151tt puzzle 1000 darab\" \/>\n<meta property=\"og:url\" content=\"https:\/\/business.roovi.com\/hu\/london-at-night-puzzle-felnott-puzzle-1000-darab\/p\/\" \/>\n<meta property=\"og:site_name\" content=\"Roovi B2B\" \/>\n<meta property=\"article:publisher\" content=\"https:\/\/www.facebook.com\/wwwjucariero\" \/>\n<meta property=\"article:modified_time\" content=\"2022-08-25T10:57:18+00:00\" \/>\n<meta property=\"og:image\" content=\"https:\/\/business.roovi.com\/wp-content\/uploads\/2022\/08\/01_MAIN-4.jpg\" \/>\n\t<meta property=\"og:image:width\" content=\"1200\" \/>\n\t<meta property=\"og:image:height\" content=\"1200\" \/>\n\t<meta property=\"og:image:type\" content=\"image\/jpeg\" \/>\n<script type=\"application\/ld+json\" class=\"yoast-schema-graph\">{\"@context\":\"https:\/\/schema.org\",\"@graph\":[{\"@type\":\"WebPage\",\"@id\":\"https:\/\/business.roovi.com\/hu\/london-at-night-puzzle-felnott-puzzle-1000-darab\/p\/\",\"url\":\"https:\/\/business.roovi.com\/hu\/london-at-night-puzzle-felnott-puzzle-1000-darab\/p\/\",\"name\":\"London at Night Puzzle - Feln\u0151tt puzzle 1000 darab\",\"isPartOf\":{\"@id\":\"https:\/\/business.roovi.com\/hu\/#website\"},\"datePublished\":\"2022-06-14T14:49:56+00:00\",\"dateModified\":\"2022-08-25T10:57:18+00:00\",\"description\":\"London at Night Puzzle - Feln\u0151tt puzzle 1000 darab\",\"breadcrumb\":{\"@id\":\"https:\/\/business.roovi.com\/hu\/london-at-night-puzzle-felnott-puzzle-1000-darab\/p\/#breadcrumb\"},\"inLanguage\":\"hu\",\"potentialAction\":[{\"@type\":\"ReadAction\",\"target\":[\"https:\/\/business.roovi.com\/hu\/london-at-night-puzzle-felnott-puzzle-1000-darab\/p\/\"]}]},{\"@type\":\"BreadcrumbList\",\"@id\":\"https:\/\/business.roovi.com\/hu\/london-at-night-puzzle-felnott-puzzle-1000-darab\/p\/#breadcrumb\",\"itemListElement\":[{\"@type\":\"ListItem\",\"position\":1,\"name\":\"Home\",\"item\":\"https:\/\/business.roovi.com\/hu\/\"},{\"@type\":\"ListItem\",\"position\":2,\"name\":\"Shop\",\"item\":\"https:\/\/business.roovi.com\/hu\/shop\/\"},{\"@type\":\"ListItem\",\"position\":3,\"name\":\"London at Night Puzzle &#8211; Feln\u0151tt puzzle 1000 darab\"}]},{\"@type\":\"WebSite\",\"@id\":\"https:\/\/business.roovi.com\/hu\/#website\",\"url\":\"https:\/\/business.roovi.com\/hu\/\",\"name\":\"Roovi B2B\",\"description\":\"Roovi Business Website\",\"potentialAction\":[{\"@type\":\"SearchAction\",\"target\":{\"@type\":\"EntryPoint\",\"urlTemplate\":\"https:\/\/business.roovi.com\/hu\/?s={search_term_string}\"},\"query-input\":\"required name=search_term_string\"}],\"inLanguage\":\"hu\"}]}<\/script>\n<!-- \/ Yoast SEO plugin. -->","yoast_head_json":{"title":"London at Night Puzzle - Feln\u0151tt puzzle 1000 darab","description":"London at Night Puzzle - Feln\u0151tt puzzle 1000 darab","robots":{"index":"index","follow":"follow","max-snippet":"max-snippet:-1","max-image-preview":"max-image-preview:large","max-video-preview":"max-video-preview:-1"},"canonical":"https:\/\/business.roovi.com\/hu\/london-at-night-puzzle-felnott-puzzle-1000-darab\/p\/","og_locale":"hu_HU","og_type":"article","og_title":"London at Night Puzzle - Feln\u0151tt puzzle 1000 darab","og_description":"London at Night Puzzle - Feln\u0151tt puzzle 1000 darab","og_url":"https:\/\/business.roovi.com\/hu\/london-at-night-puzzle-felnott-puzzle-1000-darab\/p\/","og_site_name":"Roovi B2B","article_publisher":"https:\/\/www.facebook.com\/wwwjucariero","article_modified_time":"2022-08-25T10:57:18+00:00","og_image":[{"width":1200,"height":1200,"url":"https:\/\/business.roovi.com\/wp-content\/uploads\/2022\/08\/01_MAIN-4.jpg","type":"image\/jpeg"}],"schema":{"@context":"https:\/\/schema.org","@graph":[{"@type":"WebPage","@id":"https:\/\/business.roovi.com\/hu\/london-at-night-puzzle-felnott-puzzle-1000-darab\/p\/","url":"https:\/\/business.roovi.com\/hu\/london-at-night-puzzle-felnott-puzzle-1000-darab\/p\/","name":"London at Night Puzzle - Feln\u0151tt puzzle 1000 darab","isPartOf":{"@id":"https:\/\/business.roovi.com\/hu\/#website"},"datePublished":"2022-06-14T14:49:56+00:00","dateModified":"2022-08-25T10:57:18+00:00","description":"London at Night Puzzle - Feln\u0151tt puzzle 1000 darab","breadcrumb":{"@id":"https:\/\/business.roovi.com\/hu\/london-at-night-puzzle-felnott-puzzle-1000-darab\/p\/#breadcrumb"},"inLanguage":"hu","potentialAction":[{"@type":"ReadAction","target":["https:\/\/business.roovi.com\/hu\/london-at-night-puzzle-felnott-puzzle-1000-darab\/p\/"]}]},{"@type":"BreadcrumbList","@id":"https:\/\/business.roovi.com\/hu\/london-at-night-puzzle-felnott-puzzle-1000-darab\/p\/#breadcrumb","itemListElement":[{"@type":"ListItem","position":1,"name":"Home","item":"https:\/\/business.roovi.com\/hu\/"},{"@type":"ListItem","position":2,"name":"Shop","item":"https:\/\/business.roovi.com\/hu\/shop\/"},{"@type":"ListItem","position":3,"name":"London at Night Puzzle &#8211; Feln\u0151tt puzzle 1000 darab"}]},{"@type":"WebSite","@id":"https:\/\/business.roovi.com\/hu\/#website","url":"https:\/\/business.roovi.com\/hu\/","name":"Roovi B2B","description":"Roovi Business Website","potentialAction":[{"@type":"SearchAction","target":{"@type":"EntryPoint","urlTemplate":"https:\/\/business.roovi.com\/hu\/?s={search_term_string}"},"query-input":"required name=search_term_string"}],"inLanguage":"hu"}]}},"_links":{"self":[{"href":"https:\/\/business.roovi.com\/hu\/wp-json\/wp\/v2\/product\/56884","targetHints":{"allow":["GET"]}}],"collection":[{"href":"https:\/\/business.roovi.com\/hu\/wp-json\/wp\/v2\/product"}],"about":[{"href":"https:\/\/business.roovi.com\/hu\/wp-json\/wp\/v2\/types\/product"}],"version-history":[{"count":0,"href":"https:\/\/business.roovi.com\/hu\/wp-json\/wp\/v2\/product\/56884\/revisions"}],"wp:featuredmedia":[{"embeddable":true,"href":"https:\/\/business.roovi.com\/hu\/wp-json\/wp\/v2\/media\/56712"}],"wp:attachment":[{"href":"https:\/\/business.roovi.com\/hu\/wp-json\/wp\/v2\/media?parent=56884"}],"wp:term":[{"taxonomy":"product_brand","embeddable":true,"href":"https:\/\/business.roovi.com\/hu\/wp-json\/wp\/v2\/product_brand?post=56884"},{"taxonomy":"product_cat","embeddable":true,"href":"https:\/\/business.roovi.com\/hu\/wp-json\/wp\/v2\/product_cat?post=56884"},{"taxonomy":"product_tag","embeddable":true,"href":"https:\/\/business.roovi.com\/hu\/wp-json\/wp\/v2\/product_tag?post=56884"}],"curies":[{"name":"wp","href":"https:\/\/api.w.org\/{rel}","templated":true}]}}