{"id":59191,"date":"2022-10-25T05:29:24","date_gmt":"2022-10-25T05:29:24","guid":{"rendered":"https:\/\/business.roovi.com\/?post_type=product&#038;p=59191"},"modified":"2022-10-26T14:57:55","modified_gmt":"2022-10-26T14:57:55","slug":"watermill-puzzle-felnott-puzzle-1000-darab-copiaza","status":"publish","type":"product","link":"https:\/\/business.roovi.com\/hu\/watermill-puzzle-felnott-puzzle-1000-darab-copiaza\/p\/","title":{"rendered":"Wild Owl by James Rushforth \u2013 Feln\u0151tt puzzle 1000 darab"},"content":{"rendered":"<h3>Tudta, hogy a baglyokat \u00e1br\u00e1zol\u00f3 t\u00e1rgyak vonzz\u00e1k a j\u00f3l\u00e9tet \u00e9s a pozit\u00edv energi\u00e1kat? Fedezd fel a Puzzle Wild Owl 1000 darabos kirak\u00f3s j\u00e1t\u00e9kot, amely sz\u00f3rakoztat\u00f3 m\u00f3dja annak, hogy k\u00fcl\u00f6nleges dekor\u00e1ci\u00f3t k\u00e9sz\u00edts \u00e9s egy\u00fattal fejleszd kirak\u00f3z\u00e1si k\u00e9pess\u00e9geidet.<\/h3>\n<p>A Wild Owl 1000 darabos puzzle-t a term\u00e9szet sz\u00e9ps\u00e9ge ihlette. A darabok \u00f6sszerak\u00e1sa pihentet\u0151 tev\u00e9kenys\u00e9g, \u00e9s pozit\u00edv energi\u00e1t ad, ak\u00e1rcsak egy s\u00e9ta az erd\u0151ben.<\/p>\n<p>A Wild Owl puzzle-ben \u00e1br\u00e1zolt k\u00e9p James Rushforth brit fot\u00f3s\u00e9, \u00e9s r\u00e9szletesen meg\u00f6r\u00f6k\u00edt egy, a Strigidae csal\u00e1dba tartoz\u00f3 feh\u00e9rarc\u00fa baglyot. Tedd a megfelel\u0151 helyre az \u00f6sszes darabot, \u00e9s \u00e9lvezd a t\u00f6k\u00e9letes k\u00e9pet, amely a term\u00e9szet nagys\u00e1g\u00e1t \u00fcnnepli.<\/p>\n<h3>5 indok a Wild Owl \u2013 1000 darabos kirak\u00f3s v\u00e1laszt\u00e1s\u00e1ra<\/h3>\n<ol>\n<li>Ez egy pihentet\u0151 \u00e9s kreat\u00edv m\u00f3dja a szabadid\u0151 elt\u00f6lt\u00e9s\u00e9nek.<\/li>\n<li>Egy gy\u00f6ny\u00f6r\u0171, 47 x 68 cm m\u00e9ret\u0171 k\u00e9pet k\u00e9sz\u00edthet, amely az eredeti k\u00e9p legapr\u00f3bb r\u00e9szleteit is meg\u0151rzi.<\/li>\n<li>A darabok kiv\u00e1l\u00f3 min\u0151s\u00e9g\u0171, 2 mm vastags\u00e1g\u00fa kartonb\u00f3l k\u00e9sz\u00fclnek, amely tart\u00f3ss\u00e1got \u00e9s tart\u00f3s szil\u00e1rds\u00e1got biztos\u00edt t\u00f6bbsz\u00f6ri \u00f6ssze\u00e1ll\u00edt\u00e1shoz.<\/li>\n<li>Szeretj\u00fck a term\u00e9szetet, \u00e9s \u00fajrahasznos\u00edthat\u00f3 anyagokat haszn\u00e1lunk a csod\u00e1latos 1000 darabos kirak\u00f3saink el\u0151\u00e1ll\u00edt\u00e1s\u00e1hoz.<\/li>\n<li>A j\u00e1t\u00e9k 14 \u00e9ves kort\u00f3l alkalmas, remek lehet\u0151s\u00e9get k\u00edn\u00e1lva a tizen\u00e9vesekkel val\u00f3 min\u0151s\u00e9gi id\u0151t\u00f6lt\u00e9sre.<\/li>\n<\/ol>\n<h3>Tudtad, hogy\u2026<\/h3>\n<ul>\n<li>A feh\u00e9rarc\u00fa bagoly mind\u00f6ssze 22-28 centim\u00e9ter hossz\u00fa, \u00e9s k\u00f6r\u00fclbel\u00fcl 185-220 grammot nyom.<\/li>\n<li>Toj\u00e1sait egy m\u00e1sik mad\u00e1r f\u00e9szk\u00e9be rakja, \u00e9s a fi\u00f3k\u00e1k k\u00f6r\u00fclbel\u00fcl egy h\u00f3nappal a kikel\u00e9s ut\u00e1n hagyj\u00e1k el a f\u00e9szket.<\/li>\n<li>\u00dcgyes vad\u00e1sz, \u00e9s nagy rovarokkal, valamint kisebb eml\u0151s\u00f6kkel, madarakkal \u00e9s h\u00fcll\u0151kkel t\u00e1pl\u00e1lkozik.<\/li>\n<li>A baglyok t\u00f6bb mint 70 milli\u00f3 \u00e9ve \u00e9lnek a F\u00f6ld\u00f6n.<\/li>\n<\/ul>\n<h3>Wild Owl 1000 darabos puzzle rejtv\u00e9nyfejt\u0151k \u00e9s term\u00e9szetrajong\u00f3k sz\u00e1m\u00e1ra<\/h3>\n<p>A rejtv\u00e9nyfejt\u00e9s leny\u0171g\u00f6z\u0151 relax\u00e1ci\u00f3s gyakorlat. Darabr\u00f3l darabra a gondolataid m\u00e9lyen a term\u00e9szet sz\u00edv\u00e9be hatolnak. Szabadnak \u00e9rzed magad \u00e9s \u00e9lvezed a sz\u00e9ps\u00e9get, ak\u00e1rcsak a h\u00edres fot\u00f3s, aki a k\u00e9pet k\u00e9sz\u00edtette.<\/p>\n<p>V\u00e1laszd a Wild Owl 1000 darabos puzzle-t, hogy tudatosan \u00e9lj \u00e9s \u00e9lvezd a kreat\u00edv tev\u00e9kenys\u00e9get. Haszn\u00e1ld a legjobb bar\u00e1taiddal val\u00f3 t\u00e1rsasoz\u00e1shoz, vagy legyen t\u00f6k\u00e9letes aj\u00e1nd\u00e9k az ismer\u0151seidnek, a kirak\u00f3sok szerelmeseinek.<\/p>\n<h3>Tudjon meg n\u00e9h\u00e1ny \u00e9rdekes t\u00e9nyt James Rushforth-r\u00f3l<\/h3>\n<ul>\n<li>A m\u0171v\u00e9szetet \u00e9s a kalandot egyar\u00e1nt szereti. James kiv\u00e1l\u00f3 fot\u00f3s, emellett tapasztalt hegym\u00e1sz\u00f3 \u00e9s s\u00edel\u0151. Nehezen megk\u00f6zel\u00edthet\u0151 r\u00e9gi\u00f3kat fedez fel, \u00e9s exped\u00edci\u00f3kat \u00e9s t\u00far\u00e1kat vezet a Dolomitokban, Izlandon \u00e9s Gr\u00f6nlandon.<\/li>\n<li>Sz\u00e1mos nemzetk\u00f6zi fot\u00f3p\u00e1ly\u00e1zatot nyert, legut\u00f3bb a rangos Siena International Photo Awards-ot. Gyakran tagja k\u00fcl\u00f6nb\u00f6z\u0151 nemzetk\u00f6zi versenyek zs\u0171rij\u00e9nek.<\/li>\n<li>Emellett \u00fatik\u00f6nyvek \u00e9s fot\u00f3k\u00f6nyvek szerz\u0151je, \u00e9s olyan tekint\u00e9lyes kiadv\u00e1nyok sz\u00e1m\u00e1ra \u00edr cikkeket, mint a National Geographic, a The Times \u00e9s a The Daily Telegraph.<\/li>\n<li>James-t leny\u0171g\u00f6zte Kelet-Eur\u00f3pa kult\u00far\u00e1ja, ez\u00e9rt eg\u00e9szen Rom\u00e1ni\u00e1ig eljutott. Az orsz\u00e1g multikultur\u00e1lis gazdags\u00e1g\u00e1t \u00fcnnepelve a rom\u00e1niai turizmus \u00e9s hagyom\u00e1nyok igazi n\u00e9pszer\u0171s\u00edt\u0151je.<\/li>\n<\/ul>\n<h4>M\u00e9g t\u00f6bb sz\u00f3rakoztat\u00f3 \u00e9s pihentet\u0151 \u00f3r\u00e1ra v\u00e1gyik? Fedezze fel James Rushforth \u00fajabb 2 csod\u00e1latos k\u00e9p\u00e9t a ROOVI leg\u00fajabb 1000 darabos kirak\u00f3s gy\u0171jtem\u00e9ny\u00e9ben:\u00a0<a href=\"https:\/\/business.roovi.com\/hu\/vitorlas-puzzle-felnott-puzzle-1000-darab\/p\/\">Puzzle Sailing<\/a>\u00a0\u00e9s\u00a0<a href=\"https:\/\/business.roovi.com\/hu\/watermill-puzzle-felnott-puzzle-1000-darab\/p\/\">Puzzle Watermill<\/a>.<\/h4>\n","protected":false},"excerpt":{"rendered":"<p>Tudta, hogy a baglyokat \u00e1br\u00e1zol\u00f3 t\u00e1rgyak vonzz\u00e1k a j\u00f3l\u00e9tet \u00e9s a pozit\u00edv energi\u00e1kat? Fedezd fel a Puzzle Wild Owl 1000<\/p>\n","protected":false},"featured_media":59196,"template":"","meta":[],"product_brand":[],"product_cat":[1920,1919,1881],"product_tag":[],"class_list":{"0":"post-59191","1":"product","2":"type-product","3":"status-publish","4":"has-post-thumbnail","6":"product_cat-1000-darabos-kirakos-jatek","7":"product_cat-felnott-kirakos-jatekok","8":"product_cat-kirakos-jatekok","9":"pa_bax-10-hu","10":"pa_brand-d_toys-hu","11":"pa_country_of_manufacture-ro-hu","12":"pa_filter_age-14-2-hu","13":"pa_painter-landscapes-hu","14":"pa_tip_ambalaj-doboz","15":"pa_tip_puzzle-klasszikus","17":"first","18":"instock","19":"taxable","20":"shipping-taxable","21":"product-type-simple"},"yoast_head":"<!-- This site is optimized with the Yoast SEO plugin v20.1 - https:\/\/yoast.com\/wordpress\/plugins\/seo\/ -->\n<title>Watermill Puzzle - Feln\u0151tt puzzle 1000 darab<\/title>\n<meta name=\"description\" content=\"Watermill Puzzle - Feln\u0151tt puzzle 1000 darab\" \/>\n<meta name=\"robots\" content=\"index, follow, max-snippet:-1, max-image-preview:large, max-video-preview:-1\" \/>\n<link rel=\"canonical\" href=\"https:\/\/business.roovi.com\/hu\/watermill-puzzle-felnott-puzzle-1000-darab-copiaza\/p\/\" \/>\n<meta property=\"og:locale\" content=\"hu_HU\" \/>\n<meta property=\"og:type\" content=\"article\" \/>\n<meta property=\"og:title\" content=\"Watermill Puzzle - Feln\u0151tt puzzle 1000 darab\" \/>\n<meta property=\"og:description\" content=\"Watermill Puzzle - Feln\u0151tt puzzle 1000 darab\" \/>\n<meta property=\"og:url\" content=\"https:\/\/business.roovi.com\/hu\/watermill-puzzle-felnott-puzzle-1000-darab-copiaza\/p\/\" \/>\n<meta property=\"og:site_name\" content=\"Roovi B2B\" \/>\n<meta property=\"article:publisher\" content=\"https:\/\/www.facebook.com\/wwwjucariero\" \/>\n<meta property=\"article:modified_time\" content=\"2022-10-26T14:57:55+00:00\" \/>\n<meta property=\"og:image\" content=\"https:\/\/business.roovi.com\/wp-content\/uploads\/2022\/10\/x01_MAIN-800x800.jpg.pagespeed.ic_.7IpI9JdYyc.webp\" \/>\n\t<meta property=\"og:image:width\" content=\"800\" \/>\n\t<meta property=\"og:image:height\" content=\"800\" \/>\n\t<meta property=\"og:image:type\" content=\"image\/webp\" \/>\n<meta name=\"twitter:label1\" content=\"Becs\u00fclt olvas\u00e1si id\u0151\" \/>\n\t<meta name=\"twitter:data1\" content=\"3 perc\" \/>\n<script type=\"application\/ld+json\" class=\"yoast-schema-graph\">{\"@context\":\"https:\/\/schema.org\",\"@graph\":[{\"@type\":\"WebPage\",\"@id\":\"https:\/\/business.roovi.com\/hu\/watermill-puzzle-felnott-puzzle-1000-darab-copiaza\/p\/\",\"url\":\"https:\/\/business.roovi.com\/hu\/watermill-puzzle-felnott-puzzle-1000-darab-copiaza\/p\/\",\"name\":\"Watermill Puzzle - Feln\u0151tt puzzle 1000 darab\",\"isPartOf\":{\"@id\":\"https:\/\/business.roovi.com\/hu\/#website\"},\"datePublished\":\"2022-10-25T05:29:24+00:00\",\"dateModified\":\"2022-10-26T14:57:55+00:00\",\"description\":\"Watermill Puzzle - Feln\u0151tt puzzle 1000 darab\",\"breadcrumb\":{\"@id\":\"https:\/\/business.roovi.com\/hu\/watermill-puzzle-felnott-puzzle-1000-darab-copiaza\/p\/#breadcrumb\"},\"inLanguage\":\"hu\",\"potentialAction\":[{\"@type\":\"ReadAction\",\"target\":[\"https:\/\/business.roovi.com\/hu\/watermill-puzzle-felnott-puzzle-1000-darab-copiaza\/p\/\"]}]},{\"@type\":\"BreadcrumbList\",\"@id\":\"https:\/\/business.roovi.com\/hu\/watermill-puzzle-felnott-puzzle-1000-darab-copiaza\/p\/#breadcrumb\",\"itemListElement\":[{\"@type\":\"ListItem\",\"position\":1,\"name\":\"Home\",\"item\":\"https:\/\/business.roovi.com\/hu\/\"},{\"@type\":\"ListItem\",\"position\":2,\"name\":\"Shop\",\"item\":\"https:\/\/business.roovi.com\/hu\/shop\/\"},{\"@type\":\"ListItem\",\"position\":3,\"name\":\"Wild Owl by James Rushforth \u2013 Feln\u0151tt puzzle 1000 darab\"}]},{\"@type\":\"WebSite\",\"@id\":\"https:\/\/business.roovi.com\/hu\/#website\",\"url\":\"https:\/\/business.roovi.com\/hu\/\",\"name\":\"Roovi B2B\",\"description\":\"Roovi Business Website\",\"potentialAction\":[{\"@type\":\"SearchAction\",\"target\":{\"@type\":\"EntryPoint\",\"urlTemplate\":\"https:\/\/business.roovi.com\/hu\/?s={search_term_string}\"},\"query-input\":\"required name=search_term_string\"}],\"inLanguage\":\"hu\"}]}<\/script>\n<!-- \/ Yoast SEO plugin. -->","yoast_head_json":{"title":"Watermill Puzzle - Feln\u0151tt puzzle 1000 darab","description":"Watermill Puzzle - Feln\u0151tt puzzle 1000 darab","robots":{"index":"index","follow":"follow","max-snippet":"max-snippet:-1","max-image-preview":"max-image-preview:large","max-video-preview":"max-video-preview:-1"},"canonical":"https:\/\/business.roovi.com\/hu\/watermill-puzzle-felnott-puzzle-1000-darab-copiaza\/p\/","og_locale":"hu_HU","og_type":"article","og_title":"Watermill Puzzle - Feln\u0151tt puzzle 1000 darab","og_description":"Watermill Puzzle - Feln\u0151tt puzzle 1000 darab","og_url":"https:\/\/business.roovi.com\/hu\/watermill-puzzle-felnott-puzzle-1000-darab-copiaza\/p\/","og_site_name":"Roovi B2B","article_publisher":"https:\/\/www.facebook.com\/wwwjucariero","article_modified_time":"2022-10-26T14:57:55+00:00","og_image":[{"width":800,"height":800,"url":"https:\/\/business.roovi.com\/wp-content\/uploads\/2022\/10\/x01_MAIN-800x800.jpg.pagespeed.ic_.7IpI9JdYyc.webp","type":"image\/webp"}],"twitter_misc":{"Becs\u00fclt olvas\u00e1si id\u0151":"3 perc"},"schema":{"@context":"https:\/\/schema.org","@graph":[{"@type":"WebPage","@id":"https:\/\/business.roovi.com\/hu\/watermill-puzzle-felnott-puzzle-1000-darab-copiaza\/p\/","url":"https:\/\/business.roovi.com\/hu\/watermill-puzzle-felnott-puzzle-1000-darab-copiaza\/p\/","name":"Watermill Puzzle - Feln\u0151tt puzzle 1000 darab","isPartOf":{"@id":"https:\/\/business.roovi.com\/hu\/#website"},"datePublished":"2022-10-25T05:29:24+00:00","dateModified":"2022-10-26T14:57:55+00:00","description":"Watermill Puzzle - Feln\u0151tt puzzle 1000 darab","breadcrumb":{"@id":"https:\/\/business.roovi.com\/hu\/watermill-puzzle-felnott-puzzle-1000-darab-copiaza\/p\/#breadcrumb"},"inLanguage":"hu","potentialAction":[{"@type":"ReadAction","target":["https:\/\/business.roovi.com\/hu\/watermill-puzzle-felnott-puzzle-1000-darab-copiaza\/p\/"]}]},{"@type":"BreadcrumbList","@id":"https:\/\/business.roovi.com\/hu\/watermill-puzzle-felnott-puzzle-1000-darab-copiaza\/p\/#breadcrumb","itemListElement":[{"@type":"ListItem","position":1,"name":"Home","item":"https:\/\/business.roovi.com\/hu\/"},{"@type":"ListItem","position":2,"name":"Shop","item":"https:\/\/business.roovi.com\/hu\/shop\/"},{"@type":"ListItem","position":3,"name":"Wild Owl by James Rushforth \u2013 Feln\u0151tt puzzle 1000 darab"}]},{"@type":"WebSite","@id":"https:\/\/business.roovi.com\/hu\/#website","url":"https:\/\/business.roovi.com\/hu\/","name":"Roovi B2B","description":"Roovi Business Website","potentialAction":[{"@type":"SearchAction","target":{"@type":"EntryPoint","urlTemplate":"https:\/\/business.roovi.com\/hu\/?s={search_term_string}"},"query-input":"required name=search_term_string"}],"inLanguage":"hu"}]}},"_links":{"self":[{"href":"https:\/\/business.roovi.com\/hu\/wp-json\/wp\/v2\/product\/59191","targetHints":{"allow":["GET"]}}],"collection":[{"href":"https:\/\/business.roovi.com\/hu\/wp-json\/wp\/v2\/product"}],"about":[{"href":"https:\/\/business.roovi.com\/hu\/wp-json\/wp\/v2\/types\/product"}],"version-history":[{"count":0,"href":"https:\/\/business.roovi.com\/hu\/wp-json\/wp\/v2\/product\/59191\/revisions"}],"wp:featuredmedia":[{"embeddable":true,"href":"https:\/\/business.roovi.com\/hu\/wp-json\/wp\/v2\/media\/59196"}],"wp:attachment":[{"href":"https:\/\/business.roovi.com\/hu\/wp-json\/wp\/v2\/media?parent=59191"}],"wp:term":[{"taxonomy":"product_brand","embeddable":true,"href":"https:\/\/business.roovi.com\/hu\/wp-json\/wp\/v2\/product_brand?post=59191"},{"taxonomy":"product_cat","embeddable":true,"href":"https:\/\/business.roovi.com\/hu\/wp-json\/wp\/v2\/product_cat?post=59191"},{"taxonomy":"product_tag","embeddable":true,"href":"https:\/\/business.roovi.com\/hu\/wp-json\/wp\/v2\/product_tag?post=59191"}],"curies":[{"name":"wp","href":"https:\/\/api.w.org\/{rel}","templated":true}]}}