{"id":62192,"date":"2022-12-09T05:56:35","date_gmt":"2022-12-09T05:56:35","guid":{"rendered":"https:\/\/business.roovi.com\/?post_type=product&#038;p=62192"},"modified":"2023-03-01T10:47:31","modified_gmt":"2023-03-01T10:47:31","slug":"ocean-life-edu-puzzle-2-gyerek-puzzle-240-darab","status":"publish","type":"product","link":"https:\/\/business.roovi.com\/hu\/ocean-life-edu-puzzle-2-gyerek-puzzle-240-darab\/p\/","title":{"rendered":"Oktat\u00e1si puzzle 240 darab &#8211; Ocean Life"},"content":{"rendered":"<h2><span style=\"font-weight: 400;\">T\u00f6lts\u00f6n el egy kreat\u00edv, pihentet\u0151 \u00e9s sz\u00f3rakoztat\u00f3 id\u0151t a gyerekekkel az Edu Puzzle 240 &#8211; Ocean Life kit\u00f6lt\u00e9s\u00e9vel: egy csod\u00e1latos \u00e9s sz\u00ednes puzzle, ahogy a gyerekek szeretik.<\/span><\/h2>\n<p><span style=\"font-weight: 400;\">Ha van otthon olyan gyermeked, aki szenved\u00e9lyesen rajong a v\u00edzi vil\u00e1g\u00e9rt, vagy ha egy k\u00fcl\u00f6nleges kirak\u00f3s j\u00e1t\u00e9kot keresel t\u00f6k\u00e9letes grafik\u00e1val \u00e9s t\u00f6k\u00e9letesen illeszked\u0151 darabokkal, akkor most megtal\u00e1ltad a t\u00f6k\u00e9letes puzzle-t!<\/span><\/p>\n<p><span style=\"font-weight: 400;\">A szak\u00e9rtelemmel kidolgozott r\u00e9szletek, az illusztr\u00e1ci\u00f3t megeleven\u00edt\u0151 halak \u00e9s tengeri \u00e9l\u0151l\u00e9nyek leny\u0171g\u00f6zik a gyerekeket, \u00e9s hossz\u00fa id\u0151re lek\u00f6tik \u0151ket a kreat\u00edv tev\u00e9kenys\u00e9ggel.<\/span><\/p>\n<p><span style=\"font-weight: 400;\">Az Edu Puzzle 240 &#8211; \u00d3ce\u00e1n \u00e9l\u0151vil\u00e1ga a tanul\u00e1s mellett a kicsik k\u00f6zels\u00e9g\u00e9re is alkalmat adhat.\u00a0<\/span><\/p>\n<p><span style=\"font-weight: 400;\">Ahogy az egyes darabokat \u00f6sszeillesztik, a gyerekek \u00f6r\u00f6mmel fedezik fel a m\u00e9lyben \u00e9l\u0151 egyes \u00e9letek nev\u00e9t. Haszn\u00e1lja ki ezt a lebilincsel\u0151 kirak\u00f3s j\u00e1t\u00e9kot, \u00e9s besz\u00e9lgessen a gyerekekkel az \u00f3ce\u00e1nokban \u00e9l\u0151 halfajokr\u00f3l \u00e9s eml\u0151s\u00f6kr\u0151l, vagy m\u00e1s \u00e9rdekes t\u00e9nyekr\u0151l a tengeri \u00e9l\u0151vil\u00e1gr\u00f3l.<\/span><\/p>\n<p><span style=\"font-weight: 400;\">A gyerekekkel elt\u00f6lt\u00f6tt id\u0151 felbecs\u00fclhetetlen \u00e9rt\u00e9k\u0171. Az Edu Puzzle 240 &#8211; Az \u00f3ce\u00e1n \u00e9l\u0151vil\u00e1ga j\u00e1t\u00e9kkal nem csak egy csod\u00e1latos k\u00e9pet k\u00e9sz\u00edthetsz a kicsikkel: sok \u00e9rt\u00e9kes pillanatot, amelyekre m\u00e9g \u00e9vek m\u00falva is sz\u00edvesen eml\u00e9keznek majd.\u00a0<\/span><\/p>\n<h2><span style=\"font-weight: 400;\">Mi\u00e9rt v\u00e1lassza az Edu Puzzle 240 &#8211; Ocean Life j\u00e1t\u00e9kot?<\/span><\/h2>\n<ul>\n<li><span style=\"font-weight: 400;\">Kiv\u00e1l\u00f3 min\u0151s\u00e9g\u0171 kartonb\u00f3l k\u00e9sz\u00fclt, ami er\u0151ss\u00e9 teszi a sok \u00f6sszeszerel\u00e9shez \u00e9s sz\u00f3rakoz\u00e1shoz.<\/span><\/li>\n<li><span style=\"font-weight: 400;\">A felhaszn\u00e1lt anyagok fenntarthat\u00f3ak \u00e9s \u00fajrahasznos\u00edthat\u00f3ak, k\u00f6rnyezet- \u00e9s term\u00e9szetbar\u00e1tok.<\/span><\/li>\n<li><span style=\"font-weight: 400;\">F\u00e9lf\u00e9nyes fel\u00fclet\u0171 \u00e9s t\u00fckr\u00f6z\u0151d\u00e9smentes\u00edtett f\u00f3li\u00e1val rendelkezik, amely seg\u00edt a gyerekeknek abban, hogy minden r\u00e9szletet tiszt\u00e1n l\u00e1ssanak \u00e9s k\u00f6nnyed\u00e9n kieg\u00e9sz\u00edthess\u00e9k a k\u00e9pet.<\/span><\/li>\n<li><span style=\"font-weight: 400;\">Az \u00f6sszerakott k\u00e9p m\u00e9rete <\/span><b>42 x 28,8 cm<\/b><span style=\"font-weight: 400;\">, \u00e9s bekeretezhet\u0151, valamint a gyerekszoba dekor\u00e1ci\u00f3s t\u00e1rgyak\u00e9nt haszn\u00e1lhat\u00f3.<\/span><\/li>\n<li><span style=\"font-weight: 400;\">A kirak\u00f3s j\u00e1t\u00e9k \u00f6sszetett feladat az agynak. Egyesek szerint m\u00e9g okosabbak is lesz\u00fcnk t\u0151le \ud83d\ude42<\/span><\/li>\n<li><span style=\"font-weight: 400;\">Pihentet\u0151, ugyanakkor ide\u00e1lis felt\u00e9teleket teremt a k\u00f6zels\u00e9ghez \u00e9s a csapatmunk\u00e1hoz.<\/span><\/li>\n<li><span style=\"font-weight: 400;\">M\u0171veli a gyerekek t\u00fcrelm\u00e9t, \u00e9s figyelemfelkelt\u0151 k\u00e9pess\u00e9g\u00e9t, \u00e9s seg\u00edt nekik abban, hogy k\u00f6nnyebben tudjanak koncentr\u00e1lni a mindennapi feladatokra.<\/span><\/li>\n<\/ul>\n<h2><span style=\"font-weight: 400;\">Tufted, hogy&#8230;<\/span><\/h2>\n<ul>\n<li style=\"font-weight: 400;\" aria-level=\"1\"><span style=\"font-weight: 400;\">Az \u00f3ce\u00e1nok adnak otthont a F\u00f6ld \u00e9l\u0151l\u00e9nyeinek 95%-\u00e1nak.<\/span><\/li>\n<li style=\"font-weight: 400;\" aria-level=\"1\"><span style=\"font-weight: 400;\">A polipok v\u00e9re k\u00e9k.<\/span><\/li>\n<li style=\"font-weight: 400;\" aria-level=\"1\"><span style=\"font-weight: 400;\">A leghosszabb hegys\u00e9g a v\u00edz alatt van, \u00e9s k\u00f6r\u00fclbel\u00fcl 10-szer nagyobb, mint az Andok.<\/span><\/li>\n<li style=\"font-weight: 400;\" aria-level=\"1\"><span style=\"font-weight: 400;\">A gyilkos b\u00e1ln\u00e1k ak\u00e1r 100 \u00e9vig is \u00e9lhetnek.<\/span><\/li>\n<li style=\"font-weight: 400;\" aria-level=\"1\"><span style=\"font-weight: 400;\">A halrajokban van egy vezet\u0151. \u0150 nem el\u00f6l \u00fcl, hanem k\u00f6z\u00e9pen, \u00e9s mindenki m\u00e1s ut\u00e1na \u00faszik.<\/span><\/li>\n<li style=\"font-weight: 400;\" aria-level=\"1\"><span style=\"font-weight: 400;\">Az \u00f3ce\u00e1nok sz\u00e1mos m\u0171t\u00e1rgynak is otthont adnak. K\u00f6r\u00fclbel\u00fcl 3 milli\u00f3 roncsot tartanak sz\u00e1mon a tengerfen\u00e9ken.<\/span><\/li>\n<\/ul>\n<p><span style=\"font-weight: 400;\">Ezekb\u0151l az inform\u00e1ci\u00f3kb\u00f3l vagy m\u00e1s, \u00e9rdekesnek tal\u00e1lt inform\u00e1ci\u00f3kb\u00f3l kiindulva a 240 darabos Ocean Life kirak\u00f3s j\u00e1t\u00e9k \u00f6ssze\u00e1ll\u00edt\u00e1s\u00e1t egy szuper \u00e9rdekes tudom\u00e1nyos \u00f3r\u00e1v\u00e1 alak\u00edthatja, amely gazdag\u00edtja a gyerekek \u00e1ltal\u00e1nos ismereteit.<\/span><\/p>\n<p><span style=\"font-weight: 400;\">Nyisd meg teh\u00e1t a tud\u00e1suk horizontj\u00e1t, \u00e9s t\u00f6ltsetek egy\u00fctt egy kis min\u0151s\u00e9gi id\u0151t a ROOVI Edu Puzzle 240 &#8211; Ocean Life c\u00edm\u0171 j\u00e1t\u00e9k\u00e1val.<\/span><\/p>\n<h3><span style=\"font-weight: 400;\">\u00c9s ha m\u00e9g t\u00f6bb tanul\u00e1si \u00e9s kreat\u00edv kih\u00edv\u00e1st szeretne gyermeke sz\u00e1m\u00e1ra, adjon hozz\u00e1 m\u00e9g 4 vadonat\u00faj puzzle-t a ROOVI Edu Puzzle kollekci\u00f3b\u00f3l: <\/span><b><a href=\"https:\/\/business.roovi.com\/hu\/discover-europe-edu-puzzle-gyerek-puzzle-240-darab\/p\/\">Edu Puzzle &#8211; Europe Map<\/a>, <a href=\"https:\/\/business.roovi.com\/hu\/solar-system-edu-puzzle-gyerek-puzzle-240-darab\/p\/\">Edu Puzzle &#8211; Solar System<\/a>, <a href=\"https:\/\/business.roovi.com\/hu\/farm-animals-edu-puzzle-gyerek-puzzle-240-darab\/p\/\">Edu Puzzle &#8211; Farm Animals<\/a><\/b><span style=\"font-weight: 400;\"> \u00e9s <\/span><a href=\"https:\/\/business.roovi.com\/hu\/wild-animals-edu-puzzle-gyerek-puzzle-240-darab\/p\/\"><b>Edu Puzzle &#8211; Wild Animals<\/b><\/a><span style=\"font-weight: 400;\">.<\/span><\/h3>\n","protected":false},"excerpt":{"rendered":"<p>T\u00f6lts\u00f6n el egy kreat\u00edv, pihentet\u0151 \u00e9s sz\u00f3rakoztat\u00f3 id\u0151t a gyerekekkel az Edu Puzzle 240 &#8211; Ocean Life kit\u00f6lt\u00e9s\u00e9vel: egy csod\u00e1latos<\/p>\n","protected":false},"featured_media":62197,"template":"","meta":[],"product_brand":[],"product_cat":[1882,1883,1881],"product_tag":[],"class_list":{"0":"post-62192","1":"product","2":"type-product","3":"status-publish","4":"has-post-thumbnail","6":"product_cat-gyermek-rejtvenyek","7":"product_cat-kirakos-jatek-kiegeszitok","8":"product_cat-kirakos-jatekok","10":"first","11":"instock","12":"taxable","13":"shipping-taxable","14":"product-type-simple"},"yoast_head":"<!-- This site is optimized with the Yoast SEO plugin v20.1 - https:\/\/yoast.com\/wordpress\/plugins\/seo\/ -->\n<title>Oktat\u00e1si puzzle 240 darab - Ocean Life - Roovi B2B<\/title>\n<meta name=\"robots\" content=\"index, follow, max-snippet:-1, max-image-preview:large, max-video-preview:-1\" \/>\n<link rel=\"canonical\" href=\"https:\/\/business.roovi.com\/hu\/ocean-life-edu-puzzle-2-gyerek-puzzle-240-darab\/p\/\" \/>\n<meta property=\"og:locale\" content=\"hu_HU\" \/>\n<meta property=\"og:type\" content=\"article\" \/>\n<meta property=\"og:title\" content=\"Oktat\u00e1si puzzle 240 darab - Ocean Life - Roovi B2B\" \/>\n<meta property=\"og:description\" content=\"T\u00f6lts\u00f6n el egy kreat\u00edv, pihentet\u0151 \u00e9s sz\u00f3rakoztat\u00f3 id\u0151t a gyerekekkel az Edu Puzzle 240 &#8211; Ocean Life kit\u00f6lt\u00e9s\u00e9vel: egy csod\u00e1latos\" \/>\n<meta property=\"og:url\" content=\"https:\/\/business.roovi.com\/hu\/ocean-life-edu-puzzle-2-gyerek-puzzle-240-darab\/p\/\" \/>\n<meta property=\"og:site_name\" content=\"Roovi B2B\" \/>\n<meta property=\"article:publisher\" content=\"https:\/\/www.facebook.com\/wwwjucariero\" \/>\n<meta property=\"article:modified_time\" content=\"2023-03-01T10:47:31+00:00\" \/>\n<meta property=\"og:image\" content=\"https:\/\/business.roovi.com\/wp-content\/uploads\/2022\/12\/P-240-79244-01-OCEAN-LIFE.webp\" \/>\n\t<meta property=\"og:image:width\" content=\"1200\" \/>\n\t<meta property=\"og:image:height\" content=\"1200\" \/>\n\t<meta property=\"og:image:type\" content=\"image\/webp\" \/>\n<meta name=\"twitter:label1\" content=\"Becs\u00fclt olvas\u00e1si id\u0151\" \/>\n\t<meta name=\"twitter:data1\" content=\"3 perc\" \/>\n<script type=\"application\/ld+json\" class=\"yoast-schema-graph\">{\"@context\":\"https:\/\/schema.org\",\"@graph\":[{\"@type\":\"WebPage\",\"@id\":\"https:\/\/business.roovi.com\/hu\/ocean-life-edu-puzzle-2-gyerek-puzzle-240-darab\/p\/\",\"url\":\"https:\/\/business.roovi.com\/hu\/ocean-life-edu-puzzle-2-gyerek-puzzle-240-darab\/p\/\",\"name\":\"Oktat\u00e1si puzzle 240 darab - Ocean Life - Roovi B2B\",\"isPartOf\":{\"@id\":\"https:\/\/business.roovi.com\/hu\/#website\"},\"datePublished\":\"2022-12-09T05:56:35+00:00\",\"dateModified\":\"2023-03-01T10:47:31+00:00\",\"breadcrumb\":{\"@id\":\"https:\/\/business.roovi.com\/hu\/ocean-life-edu-puzzle-2-gyerek-puzzle-240-darab\/p\/#breadcrumb\"},\"inLanguage\":\"hu\",\"potentialAction\":[{\"@type\":\"ReadAction\",\"target\":[\"https:\/\/business.roovi.com\/hu\/ocean-life-edu-puzzle-2-gyerek-puzzle-240-darab\/p\/\"]}]},{\"@type\":\"BreadcrumbList\",\"@id\":\"https:\/\/business.roovi.com\/hu\/ocean-life-edu-puzzle-2-gyerek-puzzle-240-darab\/p\/#breadcrumb\",\"itemListElement\":[{\"@type\":\"ListItem\",\"position\":1,\"name\":\"Home\",\"item\":\"https:\/\/business.roovi.com\/hu\/\"},{\"@type\":\"ListItem\",\"position\":2,\"name\":\"Shop\",\"item\":\"https:\/\/business.roovi.com\/hu\/shop\/\"},{\"@type\":\"ListItem\",\"position\":3,\"name\":\"Oktat\u00e1si puzzle 240 darab &#8211; Ocean Life\"}]},{\"@type\":\"WebSite\",\"@id\":\"https:\/\/business.roovi.com\/hu\/#website\",\"url\":\"https:\/\/business.roovi.com\/hu\/\",\"name\":\"Roovi B2B\",\"description\":\"Roovi Business Website\",\"potentialAction\":[{\"@type\":\"SearchAction\",\"target\":{\"@type\":\"EntryPoint\",\"urlTemplate\":\"https:\/\/business.roovi.com\/hu\/?s={search_term_string}\"},\"query-input\":\"required name=search_term_string\"}],\"inLanguage\":\"hu\"}]}<\/script>\n<!-- \/ Yoast SEO plugin. -->","yoast_head_json":{"title":"Oktat\u00e1si puzzle 240 darab - Ocean Life - Roovi B2B","robots":{"index":"index","follow":"follow","max-snippet":"max-snippet:-1","max-image-preview":"max-image-preview:large","max-video-preview":"max-video-preview:-1"},"canonical":"https:\/\/business.roovi.com\/hu\/ocean-life-edu-puzzle-2-gyerek-puzzle-240-darab\/p\/","og_locale":"hu_HU","og_type":"article","og_title":"Oktat\u00e1si puzzle 240 darab - Ocean Life - Roovi B2B","og_description":"T\u00f6lts\u00f6n el egy kreat\u00edv, pihentet\u0151 \u00e9s sz\u00f3rakoztat\u00f3 id\u0151t a gyerekekkel az Edu Puzzle 240 &#8211; Ocean Life kit\u00f6lt\u00e9s\u00e9vel: egy csod\u00e1latos","og_url":"https:\/\/business.roovi.com\/hu\/ocean-life-edu-puzzle-2-gyerek-puzzle-240-darab\/p\/","og_site_name":"Roovi B2B","article_publisher":"https:\/\/www.facebook.com\/wwwjucariero","article_modified_time":"2023-03-01T10:47:31+00:00","og_image":[{"width":1200,"height":1200,"url":"https:\/\/business.roovi.com\/wp-content\/uploads\/2022\/12\/P-240-79244-01-OCEAN-LIFE.webp","type":"image\/webp"}],"twitter_misc":{"Becs\u00fclt olvas\u00e1si id\u0151":"3 perc"},"schema":{"@context":"https:\/\/schema.org","@graph":[{"@type":"WebPage","@id":"https:\/\/business.roovi.com\/hu\/ocean-life-edu-puzzle-2-gyerek-puzzle-240-darab\/p\/","url":"https:\/\/business.roovi.com\/hu\/ocean-life-edu-puzzle-2-gyerek-puzzle-240-darab\/p\/","name":"Oktat\u00e1si puzzle 240 darab - Ocean Life - Roovi B2B","isPartOf":{"@id":"https:\/\/business.roovi.com\/hu\/#website"},"datePublished":"2022-12-09T05:56:35+00:00","dateModified":"2023-03-01T10:47:31+00:00","breadcrumb":{"@id":"https:\/\/business.roovi.com\/hu\/ocean-life-edu-puzzle-2-gyerek-puzzle-240-darab\/p\/#breadcrumb"},"inLanguage":"hu","potentialAction":[{"@type":"ReadAction","target":["https:\/\/business.roovi.com\/hu\/ocean-life-edu-puzzle-2-gyerek-puzzle-240-darab\/p\/"]}]},{"@type":"BreadcrumbList","@id":"https:\/\/business.roovi.com\/hu\/ocean-life-edu-puzzle-2-gyerek-puzzle-240-darab\/p\/#breadcrumb","itemListElement":[{"@type":"ListItem","position":1,"name":"Home","item":"https:\/\/business.roovi.com\/hu\/"},{"@type":"ListItem","position":2,"name":"Shop","item":"https:\/\/business.roovi.com\/hu\/shop\/"},{"@type":"ListItem","position":3,"name":"Oktat\u00e1si puzzle 240 darab &#8211; Ocean Life"}]},{"@type":"WebSite","@id":"https:\/\/business.roovi.com\/hu\/#website","url":"https:\/\/business.roovi.com\/hu\/","name":"Roovi B2B","description":"Roovi Business Website","potentialAction":[{"@type":"SearchAction","target":{"@type":"EntryPoint","urlTemplate":"https:\/\/business.roovi.com\/hu\/?s={search_term_string}"},"query-input":"required name=search_term_string"}],"inLanguage":"hu"}]}},"_links":{"self":[{"href":"https:\/\/business.roovi.com\/hu\/wp-json\/wp\/v2\/product\/62192","targetHints":{"allow":["GET"]}}],"collection":[{"href":"https:\/\/business.roovi.com\/hu\/wp-json\/wp\/v2\/product"}],"about":[{"href":"https:\/\/business.roovi.com\/hu\/wp-json\/wp\/v2\/types\/product"}],"version-history":[{"count":0,"href":"https:\/\/business.roovi.com\/hu\/wp-json\/wp\/v2\/product\/62192\/revisions"}],"wp:featuredmedia":[{"embeddable":true,"href":"https:\/\/business.roovi.com\/hu\/wp-json\/wp\/v2\/media\/62197"}],"wp:attachment":[{"href":"https:\/\/business.roovi.com\/hu\/wp-json\/wp\/v2\/media?parent=62192"}],"wp:term":[{"taxonomy":"product_brand","embeddable":true,"href":"https:\/\/business.roovi.com\/hu\/wp-json\/wp\/v2\/product_brand?post=62192"},{"taxonomy":"product_cat","embeddable":true,"href":"https:\/\/business.roovi.com\/hu\/wp-json\/wp\/v2\/product_cat?post=62192"},{"taxonomy":"product_tag","embeddable":true,"href":"https:\/\/business.roovi.com\/hu\/wp-json\/wp\/v2\/product_tag?post=62192"}],"curies":[{"name":"wp","href":"https:\/\/api.w.org\/{rel}","templated":true}]}}