{"id":62216,"date":"2022-12-09T06:15:34","date_gmt":"2022-12-09T06:15:34","guid":{"rendered":"https:\/\/business.roovi.com\/?post_type=product&#038;p=62216"},"modified":"2023-03-01T10:52:37","modified_gmt":"2023-03-01T10:52:37","slug":"farm-animals-edu-puzzle-gyerek-puzzle-240-darab","status":"publish","type":"product","link":"https:\/\/business.roovi.com\/hu\/farm-animals-edu-puzzle-gyerek-puzzle-240-darab\/p\/","title":{"rendered":"Oktat\u00e1si puzzle 240 darab &#8211; Farm Animals"},"content":{"rendered":"<h2><span style=\"font-weight: 400;\">Az Edu Puzzle 240 &#8211; Farm\u00e1llatok \u00e9l\u00e9nk \u00e9s sz\u00ednes k\u00e9pet fest, amelyet a gyerekek \u00f6r\u00f6mmel \u00e9s lelkesed\u00e9ssel fognak \u00f6sszerakni. Mert a vid\u00e9ki \u00e9let vid\u00e1m \u00e9s mosolyg\u00f3s ebben a csod\u00e1latos 240 darabos puzzle-ben.<\/span><\/h2>\n<p><span style=\"font-weight: 400;\">A kis tehenek csevegnek, a csirk\u00e9k vid\u00e1man csiripelnek, a szam\u00e1r pedig vadul szaladg\u00e1l a r\u00e9ten. A nap sugarai l\u00e1gyan simogatj\u00e1k az eg\u00e9sz farmot, \u00e9s az \u00f6sszes \u00e1llat harm\u00f3ni\u00e1ban \u00e9l az emberrel \u00e9s a term\u00e9szettel.<\/span><\/p>\n<p><span style=\"font-weight: 400;\">Az Edu Puzzle 240 &#8211; Farm\u00e1llatok az a csod\u00e1latos kirak\u00f3s j\u00e1t\u00e9k, amely k\u00f6zelebb visz a gyerekekhez, \u00e9s megteremti az igazi kapcsolat \u00e9s a k\u00f6z\u00f6s \u00f6r\u00f6m alapjait. Rossz id\u0151j\u00e1r\u00e1s\u00fa napokon, \u00fcnnepnapokon vagy \u00fcnneps\u00e9geken az Edu Puzzle 240 &#8211; Farm\u00e1llatok egy lehet\u0151s\u00e9g a kikapcsol\u00f3d\u00e1sra, sz\u00f3rakoz\u00e1sra \u00e9s sz\u00f3rakoz\u00e1sra.<\/span><\/p>\n<p><span style=\"font-weight: 400;\">A meleg sz\u00ednek, az anim\u00e1lt karakterek \u00e9s a gy\u00f6ny\u00f6r\u0171 t\u00e1jak a gyerekeket egy olyan kreat\u00edv tev\u00e9kenys\u00e9ghez k\u00f6tik, amely t\u00f6bbsz\u00f6r\u00f6s j\u00f3t\u00e9kony hat\u00e1ssal van a testre, az elm\u00e9re \u00e9s a l\u00e9lekre:\u00a0<\/span><\/p>\n<ul>\n<li style=\"font-weight: 400;\" aria-level=\"1\"><span style=\"font-weight: 400;\">Serkenti a finommotoros k\u00e9szs\u00e9gek, a koordin\u00e1ci\u00f3 \u00e9s a figyelem fejleszt\u00e9s\u00e9t.<\/span><\/li>\n<li style=\"font-weight: 400;\" aria-level=\"1\"><span style=\"font-weight: 400;\">Fejleszti a logikus \u00e9s asszociat\u00edv gondolkod\u00e1st.<\/span><\/li>\n<li style=\"font-weight: 400;\" aria-level=\"1\"><span style=\"font-weight: 400;\">Intenz\u00edven edzi az agyat, mivel mindk\u00e9t agyf\u00e9ltek\u00e9t bevonja.<\/span><\/li>\n<li style=\"font-weight: 400;\" aria-level=\"1\"><span style=\"font-weight: 400;\">Fejleszti a r\u00f6vid t\u00e1v\u00fa mem\u00f3ri\u00e1t \u00e9s a probl\u00e9mamegold\u00f3 k\u00e9pess\u00e9get.<\/span><\/li>\n<li style=\"font-weight: 400;\" aria-level=\"1\"><span style=\"font-weight: 400;\">El\u0151seg\u00edti az endorfinok \u00e9s a dopamin felszabadul\u00e1s\u00e1t, optimista \u00e9s \u00f6r\u00f6mteli \u00e1llapotot v\u00e1lt ki.<\/span><\/li>\n<li style=\"font-weight: 400;\" aria-level=\"1\"><span style=\"font-weight: 400;\">Minden egyes megfelel\u0151 j\u00e1t\u00e9kkal a gyerekek magabiztosabb\u00e1 v\u00e1lnak er\u0151ss\u00e9geikben \u00e9s fejl\u0151dik az \u00f6nbecs\u00fcl\u00e9s\u00fck.<\/span><\/li>\n<\/ul>\n<h2><span style=\"font-weight: 400;\">Mi\u00e9rt v\u00e1lassza az Edu Puzzle 240 &#8211; Farm Animal \u00c1llatok\u00a0<\/span><\/h2>\n<p><span style=\"font-weight: 400;\">Kiv\u00e1l\u00f3 min\u0151s\u00e9g\u0171 anyagokb\u00f3l k\u00e9sz\u00fclt kirak\u00f3s j\u00e1t\u00e9k, a darabok t\u00f6k\u00e9letesen illeszkednek egym\u00e1shoz \u00e9s sz\u00e1mtalan \u00f6sszeszerel\u00e9st kib\u00edrnak.<\/span><\/p>\n<p><span style=\"font-weight: 400;\">Minden r\u00e9szletre odafigyel\u00fcnk, ez\u00e9rt minden ROOVI puzzle grafik\u00e1ja hib\u00e1tlan. A grafika tiszta, meleg sz\u00ednekben pomp\u00e1zik, amelyek nem zavarj\u00e1k a szemet.<\/span><\/p>\n<p><span style=\"font-weight: 400;\">Az \u00f6sszerakott k\u00e9p m\u00e9rete 42 x 28,8 cm, ami el\u00e9g nagyvonal\u00fa ahhoz, hogy a gyerekszoba dekorat\u00edv k\u00e9p\u00e9v\u00e9 v\u00e1ljon.<\/span><\/p>\n<p><span style=\"font-weight: 400;\">Fenntarthat\u00f3 \u00e9s \u00fajrahasznos\u00edthat\u00f3 anyagokb\u00f3l k\u00e9sz\u00fclt, mert szeretj\u00fck \u00e9s tisztelj\u00fck a term\u00e9szetet \u00e9s a k\u00f6rnyezetet, amelyben \u00e9l\u00fcnk.<\/span><\/p>\n<p><span style=\"font-weight: 400;\">Sz\u00ednes \u00e9s st\u00edlusos dobozba csomagolva, \u00edgy megfelel\u0151 aj\u00e1nd\u00e9k lehet minden 8 \u00e9v feletti gyermeknek, aki szenved\u00e9lyesen szereti a kirak\u00f3s j\u00e1t\u00e9kokat.<\/span><\/p>\n<h2><span style=\"font-weight: 400;\">Edu Puzzle 240 &#8211; Farm Animals \u00f6sszek\u00f6ti a gyerekeket \u00f6nmagukkal<\/span><\/h2>\n<p><span style=\"font-weight: 400;\">Az energikus, kreat\u00edv \u00e9s felfedez\u00e9sre v\u00e1gy\u00f3 gyermekek sz\u00e1m\u00e1ra a kirak\u00f3s j\u00e1t\u00e9k lehet\u0151s\u00e9get ny\u00fajt arra, hogy lelass\u00edts\u00e1k a gyors temp\u00f3t, \u00e9s megtanuljanak kapcsol\u00f3dni \u00f6nmagukhoz. Az Edu Puzzle 240 &#8211; Farm\u00e1llatok \u00e9l\u00e9nk, pihentet\u0151 sz\u00ednekkel rendelkezik, amelyek nem f\u00e1rasztj\u00e1k a szemet, \u00e9s gy\u00f6ny\u00f6rk\u00f6dtetik a szemet, ha a k\u00e9p elk\u00e9sz\u00fclt.<\/span><\/p>\n<p><span style=\"font-weight: 400;\">Az Edu Puzzle 240 &#8211; Farm\u00e1llatok a sz\u00fcl\u0151knek is seg\u00edt abban, hogy kitiszt\u00edts\u00e1k a gondolataikat, kapcsol\u00f3djanak a jelen pillanathoz, \u00e9s \u00e9lvezzenek minden pillanatot a gyermekeikkel.<\/span><\/p>\n<p><span style=\"font-weight: 400;\">A kirak\u00f3s j\u00e1t\u00e9k arra is j\u00f3 alkalom lehet, hogy besz\u00e9lgessenek a gyerekekkel az \u0151ket foglalkoztat\u00f3 k\u00e9rd\u00e9sekr\u0151l, meghallgass\u00e1k \u0151ket, \u00e9s \u00fagy \u00e9rts\u00e9k meg \u0151ket, ahogyan \u0151k szeretn\u00e9k. Ez a kikapcsol\u00f3d\u00e1s \u00e9s az ismerked\u00e9s ideje, min\u0151s\u00e9gi id\u0151t\u00f6lt\u00e9s, amely \u00f6r\u00f6kre var\u00e1zslatos eml\u00e9keket teremt.<\/span><\/p>\n<h3><span style=\"font-weight: 400;\">\u00c9s ha m\u00e9g t\u00f6bb tanul\u00e1si \u00e9s kreat\u00edv kih\u00edv\u00e1st szeretne gyermeke sz\u00e1m\u00e1ra, adjon hozz\u00e1 m\u00e9g 4 vadonat\u00faj puzzle-t a ROOVI Edu Puzzle kollekci\u00f3b\u00f3l: <\/span><b><a href=\"https:\/\/business.roovi.com\/hu\/discover-europe-edu-puzzle-gyerek-puzzle-240-darab\/p\/\">Edu Puzzle &#8211; Discover Europe<\/a>, <a href=\"https:\/\/business.roovi.com\/hu\/ocean-life-edu-puzzle-2-gyerek-puzzle-240-darab\/p\/\">Edu Puzzle &#8211; Ocean Life<\/a>, <a href=\"https:\/\/business.roovi.com\/hu\/wild-animals-edu-puzzle-gyerek-puzzle-240-darab\/p\/\">Edu Puzzle &#8211; Wild Animals<\/a><\/b><span style=\"font-weight: 400;\"> \u00e9s <\/span><a href=\"https:\/\/business.roovi.com\/hu\/solar-system-edu-puzzle-gyerek-puzzle-240-darab\/p\/\"><b>Edu Puzzle &#8211; Solar System<\/b><\/a><span style=\"font-weight: 400;\">. <\/span><\/h3>\n","protected":false},"excerpt":{"rendered":"<p>Az Edu Puzzle 240 &#8211; Farm\u00e1llatok \u00e9l\u00e9nk \u00e9s sz\u00ednes k\u00e9pet fest, amelyet a gyerekek \u00f6r\u00f6mmel \u00e9s lelkesed\u00e9ssel fognak \u00f6sszerakni. Mert<\/p>\n","protected":false},"featured_media":62221,"template":"","meta":[],"product_brand":[],"product_cat":[1882,1883,1881],"product_tag":[],"class_list":{"0":"post-62216","1":"product","2":"type-product","3":"status-publish","4":"has-post-thumbnail","6":"product_cat-gyermek-rejtvenyek","7":"product_cat-kirakos-jatek-kiegeszitok","8":"product_cat-kirakos-jatekok","10":"first","11":"instock","12":"taxable","13":"shipping-taxable","14":"product-type-simple"},"yoast_head":"<!-- This site is optimized with the Yoast SEO plugin v20.1 - https:\/\/yoast.com\/wordpress\/plugins\/seo\/ -->\n<title>Oktat\u00e1si puzzle 240 darab - Farm Animals - Roovi B2B<\/title>\n<meta name=\"robots\" content=\"index, follow, max-snippet:-1, max-image-preview:large, max-video-preview:-1\" \/>\n<link rel=\"canonical\" href=\"https:\/\/business.roovi.com\/hu\/farm-animals-edu-puzzle-gyerek-puzzle-240-darab\/p\/\" \/>\n<meta property=\"og:locale\" content=\"hu_HU\" \/>\n<meta property=\"og:type\" content=\"article\" \/>\n<meta property=\"og:title\" content=\"Oktat\u00e1si puzzle 240 darab - Farm Animals - Roovi B2B\" \/>\n<meta property=\"og:description\" content=\"Az Edu Puzzle 240 &#8211; Farm\u00e1llatok \u00e9l\u00e9nk \u00e9s sz\u00ednes k\u00e9pet fest, amelyet a gyerekek \u00f6r\u00f6mmel \u00e9s lelkesed\u00e9ssel fognak \u00f6sszerakni. Mert\" \/>\n<meta property=\"og:url\" content=\"https:\/\/business.roovi.com\/hu\/farm-animals-edu-puzzle-gyerek-puzzle-240-darab\/p\/\" \/>\n<meta property=\"og:site_name\" content=\"Roovi B2B\" \/>\n<meta property=\"article:publisher\" content=\"https:\/\/www.facebook.com\/wwwjucariero\" \/>\n<meta property=\"article:modified_time\" content=\"2023-03-01T10:52:37+00:00\" \/>\n<meta property=\"og:image\" content=\"https:\/\/business.roovi.com\/wp-content\/uploads\/2022\/12\/P-240-79244-02-FARM-ANIMALS.webp\" \/>\n\t<meta property=\"og:image:width\" content=\"1200\" \/>\n\t<meta property=\"og:image:height\" content=\"1200\" \/>\n\t<meta property=\"og:image:type\" content=\"image\/webp\" \/>\n<meta name=\"twitter:label1\" content=\"Becs\u00fclt olvas\u00e1si id\u0151\" \/>\n\t<meta name=\"twitter:data1\" content=\"3 perc\" \/>\n<script type=\"application\/ld+json\" class=\"yoast-schema-graph\">{\"@context\":\"https:\/\/schema.org\",\"@graph\":[{\"@type\":\"WebPage\",\"@id\":\"https:\/\/business.roovi.com\/hu\/farm-animals-edu-puzzle-gyerek-puzzle-240-darab\/p\/\",\"url\":\"https:\/\/business.roovi.com\/hu\/farm-animals-edu-puzzle-gyerek-puzzle-240-darab\/p\/\",\"name\":\"Oktat\u00e1si puzzle 240 darab - Farm Animals - Roovi B2B\",\"isPartOf\":{\"@id\":\"https:\/\/business.roovi.com\/hu\/#website\"},\"datePublished\":\"2022-12-09T06:15:34+00:00\",\"dateModified\":\"2023-03-01T10:52:37+00:00\",\"breadcrumb\":{\"@id\":\"https:\/\/business.roovi.com\/hu\/farm-animals-edu-puzzle-gyerek-puzzle-240-darab\/p\/#breadcrumb\"},\"inLanguage\":\"hu\",\"potentialAction\":[{\"@type\":\"ReadAction\",\"target\":[\"https:\/\/business.roovi.com\/hu\/farm-animals-edu-puzzle-gyerek-puzzle-240-darab\/p\/\"]}]},{\"@type\":\"BreadcrumbList\",\"@id\":\"https:\/\/business.roovi.com\/hu\/farm-animals-edu-puzzle-gyerek-puzzle-240-darab\/p\/#breadcrumb\",\"itemListElement\":[{\"@type\":\"ListItem\",\"position\":1,\"name\":\"Home\",\"item\":\"https:\/\/business.roovi.com\/hu\/\"},{\"@type\":\"ListItem\",\"position\":2,\"name\":\"Shop\",\"item\":\"https:\/\/business.roovi.com\/hu\/shop\/\"},{\"@type\":\"ListItem\",\"position\":3,\"name\":\"Oktat\u00e1si puzzle 240 darab &#8211; Farm Animals\"}]},{\"@type\":\"WebSite\",\"@id\":\"https:\/\/business.roovi.com\/hu\/#website\",\"url\":\"https:\/\/business.roovi.com\/hu\/\",\"name\":\"Roovi B2B\",\"description\":\"Roovi Business Website\",\"potentialAction\":[{\"@type\":\"SearchAction\",\"target\":{\"@type\":\"EntryPoint\",\"urlTemplate\":\"https:\/\/business.roovi.com\/hu\/?s={search_term_string}\"},\"query-input\":\"required name=search_term_string\"}],\"inLanguage\":\"hu\"}]}<\/script>\n<!-- \/ Yoast SEO plugin. -->","yoast_head_json":{"title":"Oktat\u00e1si puzzle 240 darab - Farm Animals - Roovi B2B","robots":{"index":"index","follow":"follow","max-snippet":"max-snippet:-1","max-image-preview":"max-image-preview:large","max-video-preview":"max-video-preview:-1"},"canonical":"https:\/\/business.roovi.com\/hu\/farm-animals-edu-puzzle-gyerek-puzzle-240-darab\/p\/","og_locale":"hu_HU","og_type":"article","og_title":"Oktat\u00e1si puzzle 240 darab - Farm Animals - Roovi B2B","og_description":"Az Edu Puzzle 240 &#8211; Farm\u00e1llatok \u00e9l\u00e9nk \u00e9s sz\u00ednes k\u00e9pet fest, amelyet a gyerekek \u00f6r\u00f6mmel \u00e9s lelkesed\u00e9ssel fognak \u00f6sszerakni. Mert","og_url":"https:\/\/business.roovi.com\/hu\/farm-animals-edu-puzzle-gyerek-puzzle-240-darab\/p\/","og_site_name":"Roovi B2B","article_publisher":"https:\/\/www.facebook.com\/wwwjucariero","article_modified_time":"2023-03-01T10:52:37+00:00","og_image":[{"width":1200,"height":1200,"url":"https:\/\/business.roovi.com\/wp-content\/uploads\/2022\/12\/P-240-79244-02-FARM-ANIMALS.webp","type":"image\/webp"}],"twitter_misc":{"Becs\u00fclt olvas\u00e1si id\u0151":"3 perc"},"schema":{"@context":"https:\/\/schema.org","@graph":[{"@type":"WebPage","@id":"https:\/\/business.roovi.com\/hu\/farm-animals-edu-puzzle-gyerek-puzzle-240-darab\/p\/","url":"https:\/\/business.roovi.com\/hu\/farm-animals-edu-puzzle-gyerek-puzzle-240-darab\/p\/","name":"Oktat\u00e1si puzzle 240 darab - Farm Animals - Roovi B2B","isPartOf":{"@id":"https:\/\/business.roovi.com\/hu\/#website"},"datePublished":"2022-12-09T06:15:34+00:00","dateModified":"2023-03-01T10:52:37+00:00","breadcrumb":{"@id":"https:\/\/business.roovi.com\/hu\/farm-animals-edu-puzzle-gyerek-puzzle-240-darab\/p\/#breadcrumb"},"inLanguage":"hu","potentialAction":[{"@type":"ReadAction","target":["https:\/\/business.roovi.com\/hu\/farm-animals-edu-puzzle-gyerek-puzzle-240-darab\/p\/"]}]},{"@type":"BreadcrumbList","@id":"https:\/\/business.roovi.com\/hu\/farm-animals-edu-puzzle-gyerek-puzzle-240-darab\/p\/#breadcrumb","itemListElement":[{"@type":"ListItem","position":1,"name":"Home","item":"https:\/\/business.roovi.com\/hu\/"},{"@type":"ListItem","position":2,"name":"Shop","item":"https:\/\/business.roovi.com\/hu\/shop\/"},{"@type":"ListItem","position":3,"name":"Oktat\u00e1si puzzle 240 darab &#8211; Farm Animals"}]},{"@type":"WebSite","@id":"https:\/\/business.roovi.com\/hu\/#website","url":"https:\/\/business.roovi.com\/hu\/","name":"Roovi B2B","description":"Roovi Business Website","potentialAction":[{"@type":"SearchAction","target":{"@type":"EntryPoint","urlTemplate":"https:\/\/business.roovi.com\/hu\/?s={search_term_string}"},"query-input":"required name=search_term_string"}],"inLanguage":"hu"}]}},"_links":{"self":[{"href":"https:\/\/business.roovi.com\/hu\/wp-json\/wp\/v2\/product\/62216","targetHints":{"allow":["GET"]}}],"collection":[{"href":"https:\/\/business.roovi.com\/hu\/wp-json\/wp\/v2\/product"}],"about":[{"href":"https:\/\/business.roovi.com\/hu\/wp-json\/wp\/v2\/types\/product"}],"version-history":[{"count":0,"href":"https:\/\/business.roovi.com\/hu\/wp-json\/wp\/v2\/product\/62216\/revisions"}],"wp:featuredmedia":[{"embeddable":true,"href":"https:\/\/business.roovi.com\/hu\/wp-json\/wp\/v2\/media\/62221"}],"wp:attachment":[{"href":"https:\/\/business.roovi.com\/hu\/wp-json\/wp\/v2\/media?parent=62216"}],"wp:term":[{"taxonomy":"product_brand","embeddable":true,"href":"https:\/\/business.roovi.com\/hu\/wp-json\/wp\/v2\/product_brand?post=62216"},{"taxonomy":"product_cat","embeddable":true,"href":"https:\/\/business.roovi.com\/hu\/wp-json\/wp\/v2\/product_cat?post=62216"},{"taxonomy":"product_tag","embeddable":true,"href":"https:\/\/business.roovi.com\/hu\/wp-json\/wp\/v2\/product_tag?post=62216"}],"curies":[{"name":"wp","href":"https:\/\/api.w.org\/{rel}","templated":true}]}}