{"id":62230,"date":"2022-12-09T06:22:18","date_gmt":"2022-12-09T06:22:18","guid":{"rendered":"https:\/\/business.roovi.com\/?post_type=product&#038;p=62230"},"modified":"2023-02-20T08:14:40","modified_gmt":"2023-02-20T08:14:40","slug":"solar-system-edu-puzzle-gyerek-puzzle-240-darab","status":"publish","type":"product","link":"https:\/\/business.roovi.com\/hu\/solar-system-edu-puzzle-gyerek-puzzle-240-darab\/p\/","title":{"rendered":"Solar System Edu Puzzle &#8211; Gyerek puzzle, 240 darab"},"content":{"rendered":"<h2><span style=\"font-weight: 400;\">Tudod, hogy h\u00e1ny \u00e9ves a Nap? Mikor fedezt\u00e9k fel a Jupiter bolyg\u00f3t? Vagy mennyi az \u00e1tlagh\u0151m\u00e9rs\u00e9klet a Marson? Oldd meg az Edu Puzzle 240 &#8211; Solar System c\u00edm\u0171 rejtv\u00e9nyt, \u00e9s tudd meg mindezeket \u00e9s m\u00e9g t\u00f6bb \u00e9rdekes t\u00e9nyt a Naprendszerr\u0151l.<\/span><\/h2>\n<p><span style=\"font-weight: 400;\">Az Edu Puzzle 240 &#8211; Solar System seg\u00edts\u00e9g\u00e9vel darabr\u00f3l darabra \u00f6sszerakhatod a Naprendszert, \u00e9s k\u00f6zben sok \u00e9rdekes inform\u00e1ci\u00f3t tudhatsz meg a Nap k\u00f6r\u00fcl kering\u0151 bolyg\u00f3kr\u00f3l.<\/span><\/p>\n<p><span style=\"font-weight: 400;\">Ha gyermekednek szenved\u00e9lye a bolyg\u00f3k \u00e9s \u00e9gitestek, az Edu Puzzle 240 &#8211; Naprendszer t\u00f6k\u00e9letes v\u00e1laszt\u00e1s. A kirak\u00f3s j\u00e1t\u00e9k seg\u00edt nekik kreat\u00edv \u00e9s sz\u00f3rakoztat\u00f3 m\u00f3don felfedezni a kozmikus univerzumot, \u00e9s hossz\u00fa id\u0151re elszak\u00edtja \u0151ket a k\u00e9perny\u0151t\u0151l.<\/span><\/p>\n<p><span style=\"font-weight: 400;\">Emellett gyermeke a kirak\u00f3s j\u00e1t\u00e9kok minden el\u0151ny\u00e9t \u00e9lvezi, mint p\u00e9ld\u00e1ul:<\/span><\/p>\n<ul>\n<li style=\"font-weight: 400;\" aria-level=\"1\"><span style=\"font-weight: 400;\">A mem\u00f3ria \u00e9s a logikus gondolkod\u00e1s serkent\u00e9se;<\/span><\/li>\n<li style=\"font-weight: 400;\" aria-level=\"1\"><span style=\"font-weight: 400;\">A probl\u00e9mamegold\u00f3 k\u00e9szs\u00e9g fejleszt\u00e9se;<\/span><\/li>\n<li style=\"font-weight: 400;\" aria-level=\"1\"><span style=\"font-weight: 400;\">A figyelem \u00e9s a koncentr\u00e1ci\u00f3 fejleszt\u00e9se;<\/span><\/li>\n<li style=\"font-weight: 400;\" aria-level=\"1\"><span style=\"font-weight: 400;\">Az \u00f6nbecs\u00fcl\u00e9s \u00e9s az \u00f6nbizalom fejleszt\u00e9se;<\/span><\/li>\n<li style=\"font-weight: 400;\" aria-level=\"1\"><span style=\"font-weight: 400;\">A csapatban val\u00f3 munkav\u00e9gz\u00e9s k\u00e9pess\u00e9g\u00e9nek fejleszt\u00e9se.<\/span><\/li>\n<\/ul>\n<h2><span style=\"font-weight: 400;\">Edu Puzzle 240 &#8211; Solar System: egy nagyon k\u00fcl\u00f6nleges \u00e9rz\u00e9kszervi \u00e9lm\u00e9ny<\/span><\/h2>\n<p><span style=\"font-weight: 400;\">Szeretj\u00fck a kirak\u00f3s j\u00e1t\u00e9kokat, \u00e9s a gy\u00e1rt\u00e1si folyamat sor\u00e1n a legnagyobb figyelmet ford\u00edtjuk minden r\u00e9szletre. Az Edu Puzzle 240 &#8211; Solar System kiv\u00e1l\u00f3 min\u0151s\u00e9g\u0171 anyagokb\u00f3l k\u00e9sz\u00fcl, amelyek hossz\u00fa ideig kitartanak, \u00e9s \u00fajra \u00e9s \u00fajra t\u00f6k\u00e9letesen \u00f6sszerakhat\u00f3k.<\/span><\/p>\n<p><span style=\"font-weight: 400;\">A m\u0171v\u00e9szi kivitelez\u00e9s kifog\u00e1stalan, \u00e9l\u00e9nk sz\u00ednekben, amelyek lek\u00f6tik a gyerekeket, \u00e9s sok \u00f3r\u00e1n kereszt\u00fcl k\u00f6tik \u0151ket az \u00f6sszeszerel\u00e9si tev\u00e9kenys\u00e9ghez.<\/span><\/p>\n<p><span style=\"font-weight: 400;\">Az \u00edgy kapott t\u00e1bla m\u00e9rete <\/span><b>42 x 28,8 cm<\/b><span style=\"font-weight: 400;\">, \u00e9s az alj\u00e1n tal\u00e1lhat\u00f3 inform\u00e1ci\u00f3knak k\u00f6sz\u00f6nhet\u0151en dekor\u00e1ci\u00f3s t\u00e1rgyk\u00e9nt vagy oktat\u00e1si eszk\u00f6zk\u00e9nt is haszn\u00e1lhat\u00f3.<\/span><\/p>\n<p><span style=\"font-weight: 400;\">A t\u00fckr\u00f6z\u0151d\u00e9smentes f\u00f3lia seg\u00edts\u00e9g\u00e9vel minden r\u00e9szlet l\u00e1that\u00f3, \u00edgy az \u00f6sszeszerel\u00e9s \u00e9lm\u00e9nye \u00e9lvezetes \u00e9s egyszer\u0171 lesz.<\/span><\/p>\n<h2><span style=\"font-weight: 400;\">Tudtad, hogy&#8230;\u00a0<\/span><\/h2>\n<ul>\n<li style=\"font-weight: 400;\" aria-level=\"1\"><span style=\"font-weight: 400;\">A napf\u00e9ny k\u00f6r\u00fclbel\u00fcl 8 perc alatt \u00e9ri el a F\u00f6ldet.<\/span><\/li>\n<li style=\"font-weight: 400;\" aria-level=\"1\"><span style=\"font-weight: 400;\">A Merk\u00faron az \u00e9v mind\u00f6ssze 88 nap hossz\u00fa.<\/span><\/li>\n<li style=\"font-weight: 400;\" aria-level=\"1\"><span style=\"font-weight: 400;\">A F\u00f6ld az egyetlen ismert bolyg\u00f3, amelyiknek tektonikus lemezei vannak.<\/span><\/li>\n<li style=\"font-weight: 400;\" aria-level=\"1\"><span style=\"font-weight: 400;\">A Neptunusz bolyg\u00f3 30-szor messzebb van a Napt\u00f3l, mint a F\u00f6ld.<\/span><\/li>\n<li style=\"font-weight: 400;\" aria-level=\"1\"><span style=\"font-weight: 400;\">Naprendszer\u00fcnkben 5 t\u00f6rpebolyg\u00f3 van, k\u00f6zt\u00fck a Pl\u00fat\u00f3.<\/span><\/li>\n<li style=\"font-weight: 400;\" aria-level=\"1\"><span style=\"font-weight: 400;\">A Jupiter bolyg\u00f3 vonzza az &#8222;\u0171rszemetet&#8221;, \u00e9s \u00edgy megv\u00e9di a F\u00f6ldet a minket el\u00e9r\u0151 vesz\u00e9lyes \u0171rb\u00e9li t\u00e1rgyakt\u00f3l.<\/span><\/li>\n<\/ul>\n<p><span style=\"font-weight: 400;\">Ha egy \u00e9rdekes, tanuls\u00e1gos \u00e9s egyben pihentet\u0151 j\u00e1t\u00e9kot keresel, ha a szabadid\u0151det szeretn\u00e9d gyermekeiddel \u00e9rtelmesen elt\u00f6lteni, vagy ha egyszer\u0171en csak egy okos gyereknek szeretn\u00e9l \u00f6r\u00f6met szerezni, az Edu Puzzle 240 &#8211; Solar System a t\u00f6k\u00e9letes v\u00e1laszt\u00e1s.<\/span><\/p>\n<h3><span style=\"font-weight: 400;\">\u00c9s ha m\u00e9g t\u00f6bb tanul\u00e1si \u00e9s kreat\u00edv kih\u00edv\u00e1st szeretne gyermeke sz\u00e1m\u00e1ra, adjon hozz\u00e1 m\u00e9g 4 vadonat\u00faj puzzle-t a ROOVI Edu Puzzle kollekci\u00f3b\u00f3l: <\/span><b><a href=\"https:\/\/business.roovi.com\/hu\/discover-europe-edu-puzzle-gyerek-puzzle-240-darab\/p\/\">Edu Puzzle &#8211; Discover Europe<\/a>, <a href=\"https:\/\/business.roovi.com\/hu\/ocean-life-edu-puzzle-2-gyerek-puzzle-240-darab\/p\/\">Edu Puzzle &#8211; Ocean Life<\/a>, <a href=\"https:\/\/business.roovi.com\/hu\/farm-animals-edu-puzzle-gyerek-puzzle-240-darab\/p\/\">Edu Puzzle &#8211; Farm Animals<\/a><\/b><span style=\"font-weight: 400;\"> \u00e9s <\/span><a href=\"https:\/\/business.roovi.com\/hu\/wild-animals-edu-puzzle-gyerek-puzzle-240-darab\/p\/\"><b>Edu Puzzle &#8211; Wild Animals<\/b><\/a><span style=\"font-weight: 400;\">.\u00a0<\/span><\/h3>\n","protected":false},"excerpt":{"rendered":"<p>Tudod, hogy h\u00e1ny \u00e9ves a Nap? Mikor fedezt\u00e9k fel a Jupiter bolyg\u00f3t? Vagy mennyi az \u00e1tlagh\u0151m\u00e9rs\u00e9klet a Marson? Oldd meg<\/p>\n","protected":false},"featured_media":62235,"template":"","meta":[],"product_brand":[],"product_cat":[1882,1883,1881],"product_tag":[],"class_list":{"0":"post-62230","1":"product","2":"type-product","3":"status-publish","4":"has-post-thumbnail","6":"product_cat-gyermek-rejtvenyek","7":"product_cat-kirakos-jatek-kiegeszitok","8":"product_cat-kirakos-jatekok","10":"first","11":"instock","12":"taxable","13":"shipping-taxable","14":"product-type-simple"},"yoast_head":"<!-- This site is optimized with the Yoast SEO plugin v20.1 - https:\/\/yoast.com\/wordpress\/plugins\/seo\/ -->\n<title>Solar System Edu Puzzle - Gyerek puzzle, 240 darab - Roovi B2B<\/title>\n<meta name=\"robots\" content=\"index, follow, max-snippet:-1, max-image-preview:large, max-video-preview:-1\" \/>\n<link rel=\"canonical\" href=\"https:\/\/business.roovi.com\/hu\/solar-system-edu-puzzle-gyerek-puzzle-240-darab\/p\/\" \/>\n<meta property=\"og:locale\" content=\"hu_HU\" \/>\n<meta property=\"og:type\" content=\"article\" \/>\n<meta property=\"og:title\" content=\"Solar System Edu Puzzle - Gyerek puzzle, 240 darab - Roovi B2B\" \/>\n<meta property=\"og:description\" content=\"Tudod, hogy h\u00e1ny \u00e9ves a Nap? Mikor fedezt\u00e9k fel a Jupiter bolyg\u00f3t? Vagy mennyi az \u00e1tlagh\u0151m\u00e9rs\u00e9klet a Marson? Oldd meg\" \/>\n<meta property=\"og:url\" content=\"https:\/\/business.roovi.com\/hu\/solar-system-edu-puzzle-gyerek-puzzle-240-darab\/p\/\" \/>\n<meta property=\"og:site_name\" content=\"Roovi B2B\" \/>\n<meta property=\"article:publisher\" content=\"https:\/\/www.facebook.com\/wwwjucariero\" \/>\n<meta property=\"article:modified_time\" content=\"2023-02-20T08:14:40+00:00\" \/>\n<meta property=\"og:image\" content=\"https:\/\/business.roovi.com\/wp-content\/uploads\/2022\/12\/P-240-79251-01-SOLAR-SYSTEM-PUZZLE.webp\" \/>\n\t<meta property=\"og:image:width\" content=\"1200\" \/>\n\t<meta property=\"og:image:height\" content=\"1200\" \/>\n\t<meta property=\"og:image:type\" content=\"image\/webp\" \/>\n<meta name=\"twitter:label1\" content=\"Becs\u00fclt olvas\u00e1si id\u0151\" \/>\n\t<meta name=\"twitter:data1\" content=\"3 perc\" \/>\n<script type=\"application\/ld+json\" class=\"yoast-schema-graph\">{\"@context\":\"https:\/\/schema.org\",\"@graph\":[{\"@type\":\"WebPage\",\"@id\":\"https:\/\/business.roovi.com\/hu\/solar-system-edu-puzzle-gyerek-puzzle-240-darab\/p\/\",\"url\":\"https:\/\/business.roovi.com\/hu\/solar-system-edu-puzzle-gyerek-puzzle-240-darab\/p\/\",\"name\":\"Solar System Edu Puzzle - Gyerek puzzle, 240 darab - Roovi B2B\",\"isPartOf\":{\"@id\":\"https:\/\/business.roovi.com\/hu\/#website\"},\"datePublished\":\"2022-12-09T06:22:18+00:00\",\"dateModified\":\"2023-02-20T08:14:40+00:00\",\"breadcrumb\":{\"@id\":\"https:\/\/business.roovi.com\/hu\/solar-system-edu-puzzle-gyerek-puzzle-240-darab\/p\/#breadcrumb\"},\"inLanguage\":\"hu\",\"potentialAction\":[{\"@type\":\"ReadAction\",\"target\":[\"https:\/\/business.roovi.com\/hu\/solar-system-edu-puzzle-gyerek-puzzle-240-darab\/p\/\"]}]},{\"@type\":\"BreadcrumbList\",\"@id\":\"https:\/\/business.roovi.com\/hu\/solar-system-edu-puzzle-gyerek-puzzle-240-darab\/p\/#breadcrumb\",\"itemListElement\":[{\"@type\":\"ListItem\",\"position\":1,\"name\":\"Home\",\"item\":\"https:\/\/business.roovi.com\/hu\/\"},{\"@type\":\"ListItem\",\"position\":2,\"name\":\"Shop\",\"item\":\"https:\/\/business.roovi.com\/hu\/shop\/\"},{\"@type\":\"ListItem\",\"position\":3,\"name\":\"Solar System Edu Puzzle &#8211; Gyerek puzzle, 240 darab\"}]},{\"@type\":\"WebSite\",\"@id\":\"https:\/\/business.roovi.com\/hu\/#website\",\"url\":\"https:\/\/business.roovi.com\/hu\/\",\"name\":\"Roovi B2B\",\"description\":\"Roovi Business Website\",\"potentialAction\":[{\"@type\":\"SearchAction\",\"target\":{\"@type\":\"EntryPoint\",\"urlTemplate\":\"https:\/\/business.roovi.com\/hu\/?s={search_term_string}\"},\"query-input\":\"required name=search_term_string\"}],\"inLanguage\":\"hu\"}]}<\/script>\n<!-- \/ Yoast SEO plugin. -->","yoast_head_json":{"title":"Solar System Edu Puzzle - Gyerek puzzle, 240 darab - Roovi B2B","robots":{"index":"index","follow":"follow","max-snippet":"max-snippet:-1","max-image-preview":"max-image-preview:large","max-video-preview":"max-video-preview:-1"},"canonical":"https:\/\/business.roovi.com\/hu\/solar-system-edu-puzzle-gyerek-puzzle-240-darab\/p\/","og_locale":"hu_HU","og_type":"article","og_title":"Solar System Edu Puzzle - Gyerek puzzle, 240 darab - Roovi B2B","og_description":"Tudod, hogy h\u00e1ny \u00e9ves a Nap? Mikor fedezt\u00e9k fel a Jupiter bolyg\u00f3t? Vagy mennyi az \u00e1tlagh\u0151m\u00e9rs\u00e9klet a Marson? Oldd meg","og_url":"https:\/\/business.roovi.com\/hu\/solar-system-edu-puzzle-gyerek-puzzle-240-darab\/p\/","og_site_name":"Roovi B2B","article_publisher":"https:\/\/www.facebook.com\/wwwjucariero","article_modified_time":"2023-02-20T08:14:40+00:00","og_image":[{"width":1200,"height":1200,"url":"https:\/\/business.roovi.com\/wp-content\/uploads\/2022\/12\/P-240-79251-01-SOLAR-SYSTEM-PUZZLE.webp","type":"image\/webp"}],"twitter_misc":{"Becs\u00fclt olvas\u00e1si id\u0151":"3 perc"},"schema":{"@context":"https:\/\/schema.org","@graph":[{"@type":"WebPage","@id":"https:\/\/business.roovi.com\/hu\/solar-system-edu-puzzle-gyerek-puzzle-240-darab\/p\/","url":"https:\/\/business.roovi.com\/hu\/solar-system-edu-puzzle-gyerek-puzzle-240-darab\/p\/","name":"Solar System Edu Puzzle - Gyerek puzzle, 240 darab - Roovi B2B","isPartOf":{"@id":"https:\/\/business.roovi.com\/hu\/#website"},"datePublished":"2022-12-09T06:22:18+00:00","dateModified":"2023-02-20T08:14:40+00:00","breadcrumb":{"@id":"https:\/\/business.roovi.com\/hu\/solar-system-edu-puzzle-gyerek-puzzle-240-darab\/p\/#breadcrumb"},"inLanguage":"hu","potentialAction":[{"@type":"ReadAction","target":["https:\/\/business.roovi.com\/hu\/solar-system-edu-puzzle-gyerek-puzzle-240-darab\/p\/"]}]},{"@type":"BreadcrumbList","@id":"https:\/\/business.roovi.com\/hu\/solar-system-edu-puzzle-gyerek-puzzle-240-darab\/p\/#breadcrumb","itemListElement":[{"@type":"ListItem","position":1,"name":"Home","item":"https:\/\/business.roovi.com\/hu\/"},{"@type":"ListItem","position":2,"name":"Shop","item":"https:\/\/business.roovi.com\/hu\/shop\/"},{"@type":"ListItem","position":3,"name":"Solar System Edu Puzzle &#8211; Gyerek puzzle, 240 darab"}]},{"@type":"WebSite","@id":"https:\/\/business.roovi.com\/hu\/#website","url":"https:\/\/business.roovi.com\/hu\/","name":"Roovi B2B","description":"Roovi Business Website","potentialAction":[{"@type":"SearchAction","target":{"@type":"EntryPoint","urlTemplate":"https:\/\/business.roovi.com\/hu\/?s={search_term_string}"},"query-input":"required name=search_term_string"}],"inLanguage":"hu"}]}},"_links":{"self":[{"href":"https:\/\/business.roovi.com\/hu\/wp-json\/wp\/v2\/product\/62230","targetHints":{"allow":["GET"]}}],"collection":[{"href":"https:\/\/business.roovi.com\/hu\/wp-json\/wp\/v2\/product"}],"about":[{"href":"https:\/\/business.roovi.com\/hu\/wp-json\/wp\/v2\/types\/product"}],"version-history":[{"count":0,"href":"https:\/\/business.roovi.com\/hu\/wp-json\/wp\/v2\/product\/62230\/revisions"}],"wp:featuredmedia":[{"embeddable":true,"href":"https:\/\/business.roovi.com\/hu\/wp-json\/wp\/v2\/media\/62235"}],"wp:attachment":[{"href":"https:\/\/business.roovi.com\/hu\/wp-json\/wp\/v2\/media?parent=62230"}],"wp:term":[{"taxonomy":"product_brand","embeddable":true,"href":"https:\/\/business.roovi.com\/hu\/wp-json\/wp\/v2\/product_brand?post=62230"},{"taxonomy":"product_cat","embeddable":true,"href":"https:\/\/business.roovi.com\/hu\/wp-json\/wp\/v2\/product_cat?post=62230"},{"taxonomy":"product_tag","embeddable":true,"href":"https:\/\/business.roovi.com\/hu\/wp-json\/wp\/v2\/product_tag?post=62230"}],"curies":[{"name":"wp","href":"https:\/\/api.w.org\/{rel}","templated":true}]}}