{"id":62245,"date":"2022-12-09T06:33:26","date_gmt":"2022-12-09T06:33:26","guid":{"rendered":"https:\/\/business.roovi.com\/?post_type=product&#038;p=62245"},"modified":"2023-02-20T08:10:25","modified_gmt":"2023-02-20T08:10:25","slug":"discover-europe-edu-puzzle-gyerek-puzzle-240-darab","status":"publish","type":"product","link":"https:\/\/business.roovi.com\/hu\/discover-europe-edu-puzzle-gyerek-puzzle-240-darab\/p\/","title":{"rendered":"Discover Europe Edu Puzzle &#8211; Gyerek puzzle, 240 darab"},"content":{"rendered":"<h2><span style=\"font-weight: 400;\">Szeretn\u00e9 gyorsan megtanulni az \u00f6sszes eur\u00f3pai f\u0151v\u00e1rost, \u00e9s k\u00f6zben j\u00f3l sz\u00f3rakozni? Fedezd fel az Edu Puzzle 240 &#8211; Eur\u00f3pa t\u00e9rk\u00e9p\u00e9t: egy vonz\u00f3, tanuls\u00e1gos \u00e9s pihentet\u0151 kirak\u00f3s j\u00e1t\u00e9k, amely ide\u00e1lis azoknak a gyerekeknek, akik sokat szeretn\u00e9nek tudni.<\/span><\/h2>\n<p><span style=\"font-weight: 400;\">A f\u0151v\u00e1rosok, z\u00e1szl\u00f3k \u00e9s az eur\u00f3pai orsz\u00e1gokr\u00f3l sz\u00f3l\u00f3 inform\u00e1ci\u00f3k memoriz\u00e1l\u00e1sa neh\u00e9z kih\u00edv\u00e1s lehet a gyerekek sz\u00e1m\u00e1ra. Az EduPuzzle 240 &#8211; Eur\u00f3pa t\u00e9rk\u00e9p seg\u00edt a gyerekeknek, hogy r\u00f6vid id\u0151 alatt k\u00f6nnyen megjegyezzenek sok nevet \u00e9s inform\u00e1ci\u00f3t.\u00a0<\/span><\/p>\n<p><span style=\"font-weight: 400;\">Az Edu Puzzle 240 &#8211; Eur\u00f3pa t\u00e9rk\u00e9p t\u00f6bb mint egy egyszer\u0171 kirak\u00f3s j\u00e1t\u00e9k. Interakt\u00edv \u00e9s sz\u00f3rakoztat\u00f3 f\u00f6ldrajzleck\u00e9t ad a gyerekeknek, v\u00e9gigvezeti \u0151ket Eur\u00f3pa \u00f6sszes orsz\u00e1g\u00e1n, \u00e9s megismerteti \u0151ket az egyes orsz\u00e1gok legikonikusabb l\u00e1tnival\u00f3ival.<\/span><\/p>\n<p><span style=\"font-weight: 400;\">Emellett a gyerekek \u00e9lvezhetik a kirak\u00f3s j\u00e1t\u00e9kok minden el\u0151ny\u00e9t, mint p\u00e9ld\u00e1ul:<\/span><\/p>\n<ul>\n<li style=\"font-weight: 400;\" aria-level=\"1\"><span style=\"font-weight: 400;\">A mem\u00f3ria \u00e9s a logikus gondolkod\u00e1s serkent\u00e9se;<\/span><\/li>\n<li style=\"font-weight: 400;\" aria-level=\"1\"><span style=\"font-weight: 400;\">A probl\u00e9mamegold\u00f3 k\u00e9szs\u00e9g fejleszt\u00e9se;<\/span><\/li>\n<li style=\"font-weight: 400;\" aria-level=\"1\"><span style=\"font-weight: 400;\">A figyelem \u00e9s a koncentr\u00e1ci\u00f3 jav\u00edt\u00e1sa;<\/span><\/li>\n<li style=\"font-weight: 400;\" aria-level=\"1\"><span style=\"font-weight: 400;\">Az \u00f6nbecs\u00fcl\u00e9s \u00e9s az \u00f6nbizalom fejleszt\u00e9se;<\/span><\/li>\n<li style=\"font-weight: 400;\" aria-level=\"1\"><span style=\"font-weight: 400;\">A csapatban val\u00f3 munkav\u00e9gz\u00e9s k\u00e9pess\u00e9g\u00e9nek fejleszt\u00e9se.<\/span><\/li>\n<\/ul>\n<h3><span style=\"font-weight: 400;\">Mi\u00e9rt k\u00fcl\u00f6nleges Discover Europe Edu Puzzle &#8211; Gyerek puzzle, 240 darab<\/span><\/h3>\n<p><span style=\"font-weight: 400;\">Ez egy kiv\u00e1l\u00f3 min\u0151s\u00e9g\u0171 anyagokb\u00f3l k\u00e9sz\u00fclt kirak\u00f3s j\u00e1t\u00e9k, a darabok t\u00f6k\u00e9letesen illeszkednek egym\u00e1shoz, \u00e9s az \u00edgy kapott t\u00e1bla egy interakt\u00edv t\u00e9rk\u00e9p, amely oktat\u00e1si c\u00e9lokra is haszn\u00e1lhat\u00f3.<\/span><\/p>\n<p><span style=\"font-weight: 400;\">Az \u00f6sszeszerelt k\u00e9p m\u00e9rete 42 x 28,8 cm, ami el\u00e9g nagyvonal\u00fa ahhoz, hogy a gyerekszoba dekor\u00e1ci\u00f3j\u00e1v\u00e1 v\u00e1ljon.<\/span><\/p>\n<p><span style=\"font-weight: 400;\">Minden r\u00e9szletre odafigyel\u00fcnk, \u00edgy minden ROOVI puzzle grafik\u00e1ja hib\u00e1tlan. A k\u00e9pek vil\u00e1gosak, \u00e9l\u00e9nk sz\u00edn\u0171ek \u00e9s gyermekbar\u00e1tok.<\/span><\/p>\n<p><span style=\"font-weight: 400;\">Fenntarthat\u00f3, \u00fajrahasznos\u00edthat\u00f3 anyagokb\u00f3l k\u00e9sz\u00fcl, mert szeretj\u00fck \u00e9s tisztelj\u00fck a term\u00e9szetet \u00e9s a k\u00f6rnyezetet, amelyben \u00e9l\u00fcnk.<\/span><\/p>\n<p><span style=\"font-weight: 400;\">Sz\u00ednes \u00e9s st\u00edlusos dobozban van csomagolva, \u00edgy megfelel\u0151 aj\u00e1nd\u00e9k lehet minden kirak\u00f3s vagy f\u00f6ldrajzot szeret\u0151 8 \u00e9v feletti gyermeknek.<\/span><\/p>\n<p><span style=\"font-weight: 400;\">Egyed\u00fcl\u00e1ll\u00f3 oktat\u00e1si eszk\u00f6z lehet, amelyet sikeresen lehet haszn\u00e1lni a f\u00f6ldrajz\u00f3r\u00e1kon.<\/span><\/p>\n<h3><span style=\"font-weight: 400;\">Tudtad, hogy\u2026<\/span><\/h3>\n<ul>\n<li style=\"font-weight: 400;\" aria-level=\"1\"><span style=\"font-weight: 400;\">A vil\u00e1g legkisebb orsz\u00e1ga Eur\u00f3p\u00e1ban tal\u00e1lhat\u00f3. Ez a Vatik\u00e1n.<\/span><\/li>\n<li style=\"font-weight: 400;\" aria-level=\"1\"><span style=\"font-weight: 400;\">Szint\u00e9n Eur\u00f3p\u00e1ban tal\u00e1lhat\u00f3 a vil\u00e1g legr\u00e9gebbi vulk\u00e1nja: Etna (Olaszorsz\u00e1g). T\u00f6bb mint 350 000 \u00e9ve t\u00f6r ki.<\/span><\/li>\n<li style=\"font-weight: 400;\" aria-level=\"1\"><span style=\"font-weight: 400;\">A br\u00fcsszeli rep\u00fcl\u0151t\u00e9ren adj\u00e1k el a legt\u00f6bb csokol\u00e1d\u00e9t a vil\u00e1gon.<\/span><\/li>\n<li style=\"font-weight: 400;\" aria-level=\"1\"><span style=\"font-weight: 400;\">Az Eiffel-torony mind\u00f6ssze 2 \u00e9v alatt \u00e9p\u00fclt fel a Gheorghe P\u0103nculescu rom\u00e1n m\u00e9rn\u00f6k \u00e1ltal feltal\u00e1lt innovat\u00edv \u00f6sszeszerel\u00e9si technol\u00f3gi\u00e1nak k\u00f6sz\u00f6nhet\u0151en.<\/span><\/li>\n<li style=\"font-weight: 400;\" aria-level=\"1\"><span style=\"font-weight: 400;\">A pizza az olaszok tal\u00e1lm\u00e1nya, pontosabban Raffeale Esposito p\u00e9k\u00e9\u00e9, aki 1860-ban s\u00fct\u00f6tte meg a t\u00f6rt\u00e9nelem els\u0151 pizz\u00e1j\u00e1t.<\/span><\/li>\n<\/ul>\n<h3><span style=\"font-weight: 400;\">Dicover Europe Edu Puzzle: \u00f6sszekapcsol\u00f3d\u00e1s \u00e9s min\u0151s\u00e9gi id\u0151t\u00f6lt\u00e9s a gyerekekkel\u00a0<\/span><\/h3>\n<p><span style=\"font-weight: 400;\">A rossz id\u0151j\u00e1r\u00e1s miatt tov\u00e1bb marad bent? Itt az \u00fcnnepi id\u0151szak, \u00e9s szeretn\u00e9l tartalmas id\u0151t t\u00f6lteni a gyerekekkel? Vagy csak szeretn\u00e9tek t\u00e1vol maradni a k\u00e9perny\u0151kt\u0151l, kapcsolatot teremteni \u00e9s egy\u00fctt sz\u00f3rakozni?<\/span><\/p>\n<p><span style=\"font-weight: 400;\">Az Edu Puzzle 240 &#8211; Eur\u00f3pa t\u00e9rk\u00e9p az a puzzle, amely \u00f6sszehozza \u00d6nt, \u00e9s seg\u00edt \u00e9lvezni a jelen pillanatot. R\u00e1ad\u00e1sul ez t\u00f6k\u00e9letes lehet\u0151s\u00e9g a j\u00e1t\u00e9kon kereszt\u00fcl t\u00f6rt\u00e9n\u0151 tanul\u00e1sra.\u00a0<\/span><\/p>\n<p><span style=\"font-weight: 400;\">A 240 darabos kirak\u00f3s t\u00e9rk\u00e9p kit\u00f6lt\u00e9se k\u00f6zben mes\u00e9lhet gyermek\u00e9nek Eur\u00f3pa orsz\u00e1gair\u00f3l, f\u0151v\u00e1rosair\u00f3l vagy nevezetess\u00e9geir\u0151l. A t\u00e9rk\u00e9pen ak\u00e1r be is jel\u00f6lheti azokat az orsz\u00e1gokat vagy helyeket, ahov\u00e1 egy\u00fctt eljutottatok, vagy ahov\u00e1 nyaralni k\u00e9sz\u00fclt\u00f6k.\u00a0<\/span><\/p>\n<h3>\n<span style=\"font-weight: 400;\">\u00c9s ha m\u00e9g t\u00f6bb tanul\u00e1si \u00e9s kreat\u00edv kih\u00edv\u00e1st szeretne gyermeke sz\u00e1m\u00e1ra, adjon hozz\u00e1 m\u00e9g 4 vadonat\u00faj puzzle-t a ROOVI Edu Puzzle kollekci\u00f3b\u00f3l: <\/span><b><a href=\"https:\/\/business.roovi.com\/hu\/ocean-life-edu-puzzle-2-gyerek-puzzle-240-darab\/p\/\">Edu Puzzle &#8211; Ocean Life<\/a>, <a href=\"https:\/\/business.roovi.com\/hu\/solar-system-edu-puzzle-gyerek-puzzle-240-darab\/p\/\">Edu Puzzle &#8211; Solar System<\/a>, <a href=\"https:\/\/business.roovi.com\/hu\/farm-animals-edu-puzzle-gyerek-puzzle-240-darab\/p\/\">Edu Puzzle &#8211; Farm Animals<\/a><\/b><span style=\"font-weight: 400;\"> \u00e9s <\/span><a href=\"https:\/\/business.roovi.com\/hu\/wild-animals-edu-puzzle-gyerek-puzzle-240-darab\/p\/\"><b>Edu Puzzle &#8211; Wild Animals<\/b><\/a><span style=\"font-weight: 400;\">.<\/span><\/h3>\n","protected":false},"excerpt":{"rendered":"<p>Szeretn\u00e9 gyorsan megtanulni az \u00f6sszes eur\u00f3pai f\u0151v\u00e1rost, \u00e9s k\u00f6zben j\u00f3l sz\u00f3rakozni? Fedezd fel az Edu Puzzle 240 &#8211; Eur\u00f3pa t\u00e9rk\u00e9p\u00e9t:<\/p>\n","protected":false},"featured_media":63015,"template":"","meta":[],"product_brand":[],"product_cat":[1882,1883,1881],"product_tag":[],"class_list":{"0":"post-62245","1":"product","2":"type-product","3":"status-publish","4":"has-post-thumbnail","6":"product_cat-gyermek-rejtvenyek","7":"product_cat-kirakos-jatek-kiegeszitok","8":"product_cat-kirakos-jatekok","10":"first","11":"onbackorder","12":"taxable","13":"shipping-taxable","14":"product-type-simple"},"yoast_head":"<!-- This site is optimized with the Yoast SEO plugin v20.1 - https:\/\/yoast.com\/wordpress\/plugins\/seo\/ -->\n<title>Discover Europe Edu Puzzle - Gyerek puzzle, 240 darab - Roovi B2B<\/title>\n<meta name=\"robots\" content=\"index, follow, max-snippet:-1, max-image-preview:large, max-video-preview:-1\" \/>\n<link rel=\"canonical\" href=\"https:\/\/business.roovi.com\/hu\/discover-europe-edu-puzzle-gyerek-puzzle-240-darab\/p\/\" \/>\n<meta property=\"og:locale\" content=\"hu_HU\" \/>\n<meta property=\"og:type\" content=\"article\" \/>\n<meta property=\"og:title\" content=\"Discover Europe Edu Puzzle - Gyerek puzzle, 240 darab - Roovi B2B\" \/>\n<meta property=\"og:description\" content=\"Szeretn\u00e9 gyorsan megtanulni az \u00f6sszes eur\u00f3pai f\u0151v\u00e1rost, \u00e9s k\u00f6zben j\u00f3l sz\u00f3rakozni? Fedezd fel az Edu Puzzle 240 &#8211; Eur\u00f3pa t\u00e9rk\u00e9p\u00e9t:\" \/>\n<meta property=\"og:url\" content=\"https:\/\/business.roovi.com\/hu\/discover-europe-edu-puzzle-gyerek-puzzle-240-darab\/p\/\" \/>\n<meta property=\"og:site_name\" content=\"Roovi B2B\" \/>\n<meta property=\"article:publisher\" content=\"https:\/\/www.facebook.com\/wwwjucariero\" \/>\n<meta property=\"article:modified_time\" content=\"2023-02-20T08:10:25+00:00\" \/>\n<meta property=\"og:image\" content=\"https:\/\/business.roovi.com\/wp-content\/uploads\/2022\/12\/P-240-79251-02-DISCOVER-EUROPE-1-scaled.jpg\" \/>\n\t<meta property=\"og:image:width\" content=\"2560\" \/>\n\t<meta property=\"og:image:height\" content=\"2560\" \/>\n\t<meta property=\"og:image:type\" content=\"image\/jpeg\" \/>\n<meta name=\"twitter:label1\" content=\"Becs\u00fclt olvas\u00e1si id\u0151\" \/>\n\t<meta name=\"twitter:data1\" content=\"3 perc\" \/>\n<script type=\"application\/ld+json\" class=\"yoast-schema-graph\">{\"@context\":\"https:\/\/schema.org\",\"@graph\":[{\"@type\":\"WebPage\",\"@id\":\"https:\/\/business.roovi.com\/hu\/discover-europe-edu-puzzle-gyerek-puzzle-240-darab\/p\/\",\"url\":\"https:\/\/business.roovi.com\/hu\/discover-europe-edu-puzzle-gyerek-puzzle-240-darab\/p\/\",\"name\":\"Discover Europe Edu Puzzle - Gyerek puzzle, 240 darab - Roovi B2B\",\"isPartOf\":{\"@id\":\"https:\/\/business.roovi.com\/hu\/#website\"},\"datePublished\":\"2022-12-09T06:33:26+00:00\",\"dateModified\":\"2023-02-20T08:10:25+00:00\",\"breadcrumb\":{\"@id\":\"https:\/\/business.roovi.com\/hu\/discover-europe-edu-puzzle-gyerek-puzzle-240-darab\/p\/#breadcrumb\"},\"inLanguage\":\"hu\",\"potentialAction\":[{\"@type\":\"ReadAction\",\"target\":[\"https:\/\/business.roovi.com\/hu\/discover-europe-edu-puzzle-gyerek-puzzle-240-darab\/p\/\"]}]},{\"@type\":\"BreadcrumbList\",\"@id\":\"https:\/\/business.roovi.com\/hu\/discover-europe-edu-puzzle-gyerek-puzzle-240-darab\/p\/#breadcrumb\",\"itemListElement\":[{\"@type\":\"ListItem\",\"position\":1,\"name\":\"Home\",\"item\":\"https:\/\/business.roovi.com\/hu\/\"},{\"@type\":\"ListItem\",\"position\":2,\"name\":\"Shop\",\"item\":\"https:\/\/business.roovi.com\/hu\/shop\/\"},{\"@type\":\"ListItem\",\"position\":3,\"name\":\"Discover Europe Edu Puzzle &#8211; Gyerek puzzle, 240 darab\"}]},{\"@type\":\"WebSite\",\"@id\":\"https:\/\/business.roovi.com\/hu\/#website\",\"url\":\"https:\/\/business.roovi.com\/hu\/\",\"name\":\"Roovi B2B\",\"description\":\"Roovi Business Website\",\"potentialAction\":[{\"@type\":\"SearchAction\",\"target\":{\"@type\":\"EntryPoint\",\"urlTemplate\":\"https:\/\/business.roovi.com\/hu\/?s={search_term_string}\"},\"query-input\":\"required name=search_term_string\"}],\"inLanguage\":\"hu\"}]}<\/script>\n<!-- \/ Yoast SEO plugin. -->","yoast_head_json":{"title":"Discover Europe Edu Puzzle - Gyerek puzzle, 240 darab - Roovi B2B","robots":{"index":"index","follow":"follow","max-snippet":"max-snippet:-1","max-image-preview":"max-image-preview:large","max-video-preview":"max-video-preview:-1"},"canonical":"https:\/\/business.roovi.com\/hu\/discover-europe-edu-puzzle-gyerek-puzzle-240-darab\/p\/","og_locale":"hu_HU","og_type":"article","og_title":"Discover Europe Edu Puzzle - Gyerek puzzle, 240 darab - Roovi B2B","og_description":"Szeretn\u00e9 gyorsan megtanulni az \u00f6sszes eur\u00f3pai f\u0151v\u00e1rost, \u00e9s k\u00f6zben j\u00f3l sz\u00f3rakozni? Fedezd fel az Edu Puzzle 240 &#8211; Eur\u00f3pa t\u00e9rk\u00e9p\u00e9t:","og_url":"https:\/\/business.roovi.com\/hu\/discover-europe-edu-puzzle-gyerek-puzzle-240-darab\/p\/","og_site_name":"Roovi B2B","article_publisher":"https:\/\/www.facebook.com\/wwwjucariero","article_modified_time":"2023-02-20T08:10:25+00:00","og_image":[{"width":2560,"height":2560,"url":"https:\/\/business.roovi.com\/wp-content\/uploads\/2022\/12\/P-240-79251-02-DISCOVER-EUROPE-1-scaled.jpg","type":"image\/jpeg"}],"twitter_misc":{"Becs\u00fclt olvas\u00e1si id\u0151":"3 perc"},"schema":{"@context":"https:\/\/schema.org","@graph":[{"@type":"WebPage","@id":"https:\/\/business.roovi.com\/hu\/discover-europe-edu-puzzle-gyerek-puzzle-240-darab\/p\/","url":"https:\/\/business.roovi.com\/hu\/discover-europe-edu-puzzle-gyerek-puzzle-240-darab\/p\/","name":"Discover Europe Edu Puzzle - Gyerek puzzle, 240 darab - Roovi B2B","isPartOf":{"@id":"https:\/\/business.roovi.com\/hu\/#website"},"datePublished":"2022-12-09T06:33:26+00:00","dateModified":"2023-02-20T08:10:25+00:00","breadcrumb":{"@id":"https:\/\/business.roovi.com\/hu\/discover-europe-edu-puzzle-gyerek-puzzle-240-darab\/p\/#breadcrumb"},"inLanguage":"hu","potentialAction":[{"@type":"ReadAction","target":["https:\/\/business.roovi.com\/hu\/discover-europe-edu-puzzle-gyerek-puzzle-240-darab\/p\/"]}]},{"@type":"BreadcrumbList","@id":"https:\/\/business.roovi.com\/hu\/discover-europe-edu-puzzle-gyerek-puzzle-240-darab\/p\/#breadcrumb","itemListElement":[{"@type":"ListItem","position":1,"name":"Home","item":"https:\/\/business.roovi.com\/hu\/"},{"@type":"ListItem","position":2,"name":"Shop","item":"https:\/\/business.roovi.com\/hu\/shop\/"},{"@type":"ListItem","position":3,"name":"Discover Europe Edu Puzzle &#8211; Gyerek puzzle, 240 darab"}]},{"@type":"WebSite","@id":"https:\/\/business.roovi.com\/hu\/#website","url":"https:\/\/business.roovi.com\/hu\/","name":"Roovi B2B","description":"Roovi Business Website","potentialAction":[{"@type":"SearchAction","target":{"@type":"EntryPoint","urlTemplate":"https:\/\/business.roovi.com\/hu\/?s={search_term_string}"},"query-input":"required name=search_term_string"}],"inLanguage":"hu"}]}},"_links":{"self":[{"href":"https:\/\/business.roovi.com\/hu\/wp-json\/wp\/v2\/product\/62245","targetHints":{"allow":["GET"]}}],"collection":[{"href":"https:\/\/business.roovi.com\/hu\/wp-json\/wp\/v2\/product"}],"about":[{"href":"https:\/\/business.roovi.com\/hu\/wp-json\/wp\/v2\/types\/product"}],"version-history":[{"count":0,"href":"https:\/\/business.roovi.com\/hu\/wp-json\/wp\/v2\/product\/62245\/revisions"}],"wp:featuredmedia":[{"embeddable":true,"href":"https:\/\/business.roovi.com\/hu\/wp-json\/wp\/v2\/media\/63015"}],"wp:attachment":[{"href":"https:\/\/business.roovi.com\/hu\/wp-json\/wp\/v2\/media?parent=62245"}],"wp:term":[{"taxonomy":"product_brand","embeddable":true,"href":"https:\/\/business.roovi.com\/hu\/wp-json\/wp\/v2\/product_brand?post=62245"},{"taxonomy":"product_cat","embeddable":true,"href":"https:\/\/business.roovi.com\/hu\/wp-json\/wp\/v2\/product_cat?post=62245"},{"taxonomy":"product_tag","embeddable":true,"href":"https:\/\/business.roovi.com\/hu\/wp-json\/wp\/v2\/product_tag?post=62245"}],"curies":[{"name":"wp","href":"https:\/\/api.w.org\/{rel}","templated":true}]}}