{"id":73454,"date":"2024-09-09T09:28:33","date_gmt":"2024-09-09T09:28:33","guid":{"rendered":"https:\/\/business.roovi.com\/descopera-tehnologia-structurilor-cladiri-si-poduri-joc-educativ-stem-discovering-stem-structures-buildings-bridges\/p\/"},"modified":"2024-09-12T06:16:56","modified_gmt":"2024-09-12T06:16:56","slug":"descopera-tehnologia-structurilor-cladiri-si-poduri-joc-educativ-stem-discovering-stem-structures-buildings-bridges","status":"publish","type":"product","link":"https:\/\/business.roovi.com\/hu\/descopera-tehnologia-structurilor-cladiri-si-poduri-joc-educativ-stem-discovering-stem-structures-buildings-bridges\/p\/","title":{"rendered":"Descoper\u0103 Tehnologia Structurilor: Cl\u0103diri \u0219i poduri Joc educativ STEM &#8211; Discovering STEM Structures: Buildings &#038; Bridges"},"content":{"rendered":"<p><strong>Afl\u0103 totul despre cl\u0103diri \u0219i despre modul \u00een care acestea ne sus\u021bin via\u021ba! Creeaz\u0103 diferite tipuri de poduri \u0219i afl\u0103 cum arhitectura lor asigur\u0103 sus\u021binerea masiv\u0103 a greut\u0103\u021bii.<\/strong><\/p>\n<p>Descoper\u0103 un set ingenios, interactive \u0219i educativ care te va introduce \u00een lumea fascinant\u0103 a construc\u021biilor: STRUCTURI \u2013 Cl\u0103diri \u0219i poduri.<\/p>\n<p>Cu ajutorul acestui set, po\u021bi construi 9 modele func\u021bionale, cum ar fi o cas\u0103, o piramid\u0103 \u0219i diferite tipuri de poduri: cu grinzi, \u00een arc, cu cabluri \u0219i poduri suspendate. Po\u021bi g\u0103si instruc\u021biuni de construit u\u0219or de urmat pentru toate modelele fie online, fie \u00een bro\u0219ura care \u00eenso\u021be\u0219te setul.<\/p>\n<p><strong>De ce s\u0103 alegi setul STRUCTURI \u2013 Cl\u0103diri \u0219i poduri<\/strong><\/p>\n<ul>\n<li><strong>Sistem creativ de asamblare:<\/strong> piesele se \u00eembin\u0103 perfect datorit\u0103 unui sistem de fixare inovator.<\/li>\n<li><strong>Stimuleaz\u0103 creativitatea:<\/strong> copiii pot construi \u0219i reconstrui diferite structuri, experiment\u00e2nd \u0219i \u00eenv\u0103\u021b\u00e2nd principiile de baz\u0103 din domeniul construc\u021biilor.<\/li>\n<li><strong>Dezvolt\u0103 abilit\u0103\u021bile practice \u0219i tehnice:<\/strong> asamblarea pieselor \u00eei ajut\u0103 pe copii s\u0103-\u0219i dezvolte motricitatea fin\u0103, precum \u0219i g\u00e2ndirea critic\u0103 \u0219i capacitatea de a rezolva probleme.<\/li>\n<li><strong>\u00cenv\u0103\u021bare prin joac\u0103 \u0219i experiment:<\/strong> fiecare model construit ofer\u0103 lec\u021bii interesante despre echilibru, tipuri de forte \u0219i sarcini, oferind o experien\u021b\u0103 de \u00eenv\u0103\u021bare captivant\u0103 prin experiment.<\/li>\n<li><strong>Alung\u0103 plictiseala:<\/strong> cele 9 modele diferite pe care le pot crea \u00eei \u021bin departe de ecrane pe copii \u0219i nu \u00eei las\u0103 s\u0103 se plictiseasc\u0103, fiind angrena\u021bi constant \u00een explorare.<\/li>\n<li><strong>Aplica\u021bie gratuit\u0103:<\/strong> este disponibil\u0103 \u0219i o aplica\u021bie gratuit\u0103 &#8211; <strong>ENGINO kidCAD (3D Viewer)<\/strong> unde copiii pot descoperi mai multe modele 3D cu instruc\u021biuni \u0219i sfaturi privind asamblarea.<\/li>\n<\/ul>\n<p><strong>Descoper\u0103 STEM \u2013 una dintre cele mai interactive forme de \u00eenv\u0103\u021bare prin joac\u0103<\/strong><\/p>\n<p>Scopul educa\u021biei STEM &#8211; \u0218tiin\u021b\u0103, Tehnologie, Inginerie \u0219i Matematic\u0103 &#8211; este de a le oferi elevilor competen\u021bele, cuno\u0219tin\u021bele \u0219i experien\u021ba necesare pentru a face fa\u021b\u0103 provoc\u0103rilor tehnologice ale viitorului. Pedagogia modern\u0103 sugereaz\u0103 c\u0103 studiul ingineriei ar trebui s\u0103 fie \u00eencorporat \u00een programa \u0219colar\u0103 \u00eencep\u00e2nd din primii ani de \u0219coal\u0103.<\/p>\n<p>Gama de jocuri DISCOVERING STEM ofer\u0103 o solu\u021bie practic\u0103 pentru a face fa\u021b\u0103 tuturor acestor probleme educa\u021bionale, ajut\u00e2nd profesorul s\u0103 implice elevii \u00een disciplinele din aria de \u0219tiin\u021be tehnice \u00eentr-un mod distractiv, captivant \u0219i interesant!<\/p>\n<p>Jocul STEM: STRUCTURI \u2013 Cl\u0103diri \u0219i poduri \u00eei introduce pe elevi \u00een lumea fascinant\u0103 a construc\u021biilor \u0219i favorizeaz\u0103 \u00eenv\u0103\u021barea unor concepte teoretice abstracte prin joc \u0219i interac\u021biune autentic\u0103.<\/p>\n","protected":false},"excerpt":{"rendered":"<p>Afl\u0103 totul despre cl\u0103diri \u0219i despre modul \u00een care acestea ne sus\u021bin via\u021ba! Creeaz\u0103 diferite tipuri de poduri \u0219i afl\u0103<\/p>\n","protected":false},"featured_media":73279,"template":"","meta":[],"product_brand":[],"product_cat":[2726,2005,2727,1900],"product_tag":[],"class_list":{"0":"post-73454","1":"product","2":"type-product","3":"status-publish","4":"has-post-thumbnail","6":"product_cat-engino-hu","7":"product_cat-kockak","8":"product_cat-noutati-hu","9":"product_cat-oktatasi-es-tudomanyos-jatekok","10":"pa_filter_age-14-hu","11":"pa_filter_age-9_14-hu","13":"first","14":"instock","15":"taxable","16":"shipping-taxable","17":"product-type-simple"},"yoast_head":"<!-- This site is optimized with the Yoast SEO plugin v20.1 - https:\/\/yoast.com\/wordpress\/plugins\/seo\/ -->\n<title>Descoper\u0103 Tehnologia Structurilor: Cl\u0103diri \u0219i poduri Joc educativ STEM - Discovering STEM Structures: Buildings &amp; Bridges - Roovi B2B<\/title>\n<meta name=\"robots\" content=\"index, follow, max-snippet:-1, max-image-preview:large, max-video-preview:-1\" \/>\n<link rel=\"canonical\" href=\"https:\/\/business.roovi.com\/hu\/descopera-tehnologia-structurilor-cladiri-si-poduri-joc-educativ-stem-discovering-stem-structures-buildings-bridges\/p\/\" \/>\n<meta property=\"og:locale\" content=\"hu_HU\" \/>\n<meta property=\"og:type\" content=\"article\" \/>\n<meta property=\"og:title\" content=\"Descoper\u0103 Tehnologia Structurilor: Cl\u0103diri \u0219i poduri Joc educativ STEM - Discovering STEM Structures: Buildings &amp; Bridges - Roovi B2B\" \/>\n<meta property=\"og:description\" content=\"Afl\u0103 totul despre cl\u0103diri \u0219i despre modul \u00een care acestea ne sus\u021bin via\u021ba! Creeaz\u0103 diferite tipuri de poduri \u0219i afl\u0103\" \/>\n<meta property=\"og:url\" content=\"https:\/\/business.roovi.com\/hu\/descopera-tehnologia-structurilor-cladiri-si-poduri-joc-educativ-stem-discovering-stem-structures-buildings-bridges\/p\/\" \/>\n<meta property=\"og:site_name\" content=\"Roovi B2B\" \/>\n<meta property=\"article:publisher\" content=\"https:\/\/www.facebook.com\/wwwjucariero\" \/>\n<meta property=\"article:modified_time\" content=\"2024-09-12T06:16:56+00:00\" \/>\n<meta property=\"og:image\" content=\"https:\/\/business.roovi.com\/wp-content\/uploads\/2024\/09\/engino-06-min.jpg\" \/>\n\t<meta property=\"og:image:width\" content=\"1200\" \/>\n\t<meta property=\"og:image:height\" content=\"1200\" \/>\n\t<meta property=\"og:image:type\" content=\"image\/jpeg\" \/>\n<meta name=\"twitter:label1\" content=\"Becs\u00fclt olvas\u00e1si id\u0151\" \/>\n\t<meta name=\"twitter:data1\" content=\"2 perc\" \/>\n<script type=\"application\/ld+json\" class=\"yoast-schema-graph\">{\"@context\":\"https:\/\/schema.org\",\"@graph\":[{\"@type\":\"WebPage\",\"@id\":\"https:\/\/business.roovi.com\/hu\/descopera-tehnologia-structurilor-cladiri-si-poduri-joc-educativ-stem-discovering-stem-structures-buildings-bridges\/p\/\",\"url\":\"https:\/\/business.roovi.com\/hu\/descopera-tehnologia-structurilor-cladiri-si-poduri-joc-educativ-stem-discovering-stem-structures-buildings-bridges\/p\/\",\"name\":\"Descoper\u0103 Tehnologia Structurilor: Cl\u0103diri \u0219i poduri Joc educativ STEM - Discovering STEM Structures: Buildings & Bridges - Roovi B2B\",\"isPartOf\":{\"@id\":\"https:\/\/business.roovi.com\/hu\/#website\"},\"datePublished\":\"2024-09-09T09:28:33+00:00\",\"dateModified\":\"2024-09-12T06:16:56+00:00\",\"breadcrumb\":{\"@id\":\"https:\/\/business.roovi.com\/hu\/descopera-tehnologia-structurilor-cladiri-si-poduri-joc-educativ-stem-discovering-stem-structures-buildings-bridges\/p\/#breadcrumb\"},\"inLanguage\":\"hu\",\"potentialAction\":[{\"@type\":\"ReadAction\",\"target\":[\"https:\/\/business.roovi.com\/hu\/descopera-tehnologia-structurilor-cladiri-si-poduri-joc-educativ-stem-discovering-stem-structures-buildings-bridges\/p\/\"]}]},{\"@type\":\"BreadcrumbList\",\"@id\":\"https:\/\/business.roovi.com\/hu\/descopera-tehnologia-structurilor-cladiri-si-poduri-joc-educativ-stem-discovering-stem-structures-buildings-bridges\/p\/#breadcrumb\",\"itemListElement\":[{\"@type\":\"ListItem\",\"position\":1,\"name\":\"Home\",\"item\":\"https:\/\/business.roovi.com\/hu\/\"},{\"@type\":\"ListItem\",\"position\":2,\"name\":\"Shop\",\"item\":\"https:\/\/business.roovi.com\/hu\/shop\/\"},{\"@type\":\"ListItem\",\"position\":3,\"name\":\"Descoper\u0103 Tehnologia Structurilor: Cl\u0103diri \u0219i poduri Joc educativ STEM &#8211; Discovering STEM Structures: Buildings &#038; Bridges\"}]},{\"@type\":\"WebSite\",\"@id\":\"https:\/\/business.roovi.com\/hu\/#website\",\"url\":\"https:\/\/business.roovi.com\/hu\/\",\"name\":\"Roovi B2B\",\"description\":\"Roovi Business Website\",\"potentialAction\":[{\"@type\":\"SearchAction\",\"target\":{\"@type\":\"EntryPoint\",\"urlTemplate\":\"https:\/\/business.roovi.com\/hu\/?s={search_term_string}\"},\"query-input\":\"required name=search_term_string\"}],\"inLanguage\":\"hu\"}]}<\/script>\n<!-- \/ Yoast SEO plugin. -->","yoast_head_json":{"title":"Descoper\u0103 Tehnologia Structurilor: Cl\u0103diri \u0219i poduri Joc educativ STEM - Discovering STEM Structures: Buildings & Bridges - Roovi B2B","robots":{"index":"index","follow":"follow","max-snippet":"max-snippet:-1","max-image-preview":"max-image-preview:large","max-video-preview":"max-video-preview:-1"},"canonical":"https:\/\/business.roovi.com\/hu\/descopera-tehnologia-structurilor-cladiri-si-poduri-joc-educativ-stem-discovering-stem-structures-buildings-bridges\/p\/","og_locale":"hu_HU","og_type":"article","og_title":"Descoper\u0103 Tehnologia Structurilor: Cl\u0103diri \u0219i poduri Joc educativ STEM - Discovering STEM Structures: Buildings & Bridges - Roovi B2B","og_description":"Afl\u0103 totul despre cl\u0103diri \u0219i despre modul \u00een care acestea ne sus\u021bin via\u021ba! Creeaz\u0103 diferite tipuri de poduri \u0219i afl\u0103","og_url":"https:\/\/business.roovi.com\/hu\/descopera-tehnologia-structurilor-cladiri-si-poduri-joc-educativ-stem-discovering-stem-structures-buildings-bridges\/p\/","og_site_name":"Roovi B2B","article_publisher":"https:\/\/www.facebook.com\/wwwjucariero","article_modified_time":"2024-09-12T06:16:56+00:00","og_image":[{"width":1200,"height":1200,"url":"https:\/\/business.roovi.com\/wp-content\/uploads\/2024\/09\/engino-06-min.jpg","type":"image\/jpeg"}],"twitter_misc":{"Becs\u00fclt olvas\u00e1si id\u0151":"2 perc"},"schema":{"@context":"https:\/\/schema.org","@graph":[{"@type":"WebPage","@id":"https:\/\/business.roovi.com\/hu\/descopera-tehnologia-structurilor-cladiri-si-poduri-joc-educativ-stem-discovering-stem-structures-buildings-bridges\/p\/","url":"https:\/\/business.roovi.com\/hu\/descopera-tehnologia-structurilor-cladiri-si-poduri-joc-educativ-stem-discovering-stem-structures-buildings-bridges\/p\/","name":"Descoper\u0103 Tehnologia Structurilor: Cl\u0103diri \u0219i poduri Joc educativ STEM - Discovering STEM Structures: Buildings & Bridges - Roovi B2B","isPartOf":{"@id":"https:\/\/business.roovi.com\/hu\/#website"},"datePublished":"2024-09-09T09:28:33+00:00","dateModified":"2024-09-12T06:16:56+00:00","breadcrumb":{"@id":"https:\/\/business.roovi.com\/hu\/descopera-tehnologia-structurilor-cladiri-si-poduri-joc-educativ-stem-discovering-stem-structures-buildings-bridges\/p\/#breadcrumb"},"inLanguage":"hu","potentialAction":[{"@type":"ReadAction","target":["https:\/\/business.roovi.com\/hu\/descopera-tehnologia-structurilor-cladiri-si-poduri-joc-educativ-stem-discovering-stem-structures-buildings-bridges\/p\/"]}]},{"@type":"BreadcrumbList","@id":"https:\/\/business.roovi.com\/hu\/descopera-tehnologia-structurilor-cladiri-si-poduri-joc-educativ-stem-discovering-stem-structures-buildings-bridges\/p\/#breadcrumb","itemListElement":[{"@type":"ListItem","position":1,"name":"Home","item":"https:\/\/business.roovi.com\/hu\/"},{"@type":"ListItem","position":2,"name":"Shop","item":"https:\/\/business.roovi.com\/hu\/shop\/"},{"@type":"ListItem","position":3,"name":"Descoper\u0103 Tehnologia Structurilor: Cl\u0103diri \u0219i poduri Joc educativ STEM &#8211; Discovering STEM Structures: Buildings &#038; Bridges"}]},{"@type":"WebSite","@id":"https:\/\/business.roovi.com\/hu\/#website","url":"https:\/\/business.roovi.com\/hu\/","name":"Roovi B2B","description":"Roovi Business Website","potentialAction":[{"@type":"SearchAction","target":{"@type":"EntryPoint","urlTemplate":"https:\/\/business.roovi.com\/hu\/?s={search_term_string}"},"query-input":"required name=search_term_string"}],"inLanguage":"hu"}]}},"_links":{"self":[{"href":"https:\/\/business.roovi.com\/hu\/wp-json\/wp\/v2\/product\/73454","targetHints":{"allow":["GET"]}}],"collection":[{"href":"https:\/\/business.roovi.com\/hu\/wp-json\/wp\/v2\/product"}],"about":[{"href":"https:\/\/business.roovi.com\/hu\/wp-json\/wp\/v2\/types\/product"}],"version-history":[{"count":0,"href":"https:\/\/business.roovi.com\/hu\/wp-json\/wp\/v2\/product\/73454\/revisions"}],"wp:featuredmedia":[{"embeddable":true,"href":"https:\/\/business.roovi.com\/hu\/wp-json\/wp\/v2\/media\/73279"}],"wp:attachment":[{"href":"https:\/\/business.roovi.com\/hu\/wp-json\/wp\/v2\/media?parent=73454"}],"wp:term":[{"taxonomy":"product_brand","embeddable":true,"href":"https:\/\/business.roovi.com\/hu\/wp-json\/wp\/v2\/product_brand?post=73454"},{"taxonomy":"product_cat","embeddable":true,"href":"https:\/\/business.roovi.com\/hu\/wp-json\/wp\/v2\/product_cat?post=73454"},{"taxonomy":"product_tag","embeddable":true,"href":"https:\/\/business.roovi.com\/hu\/wp-json\/wp\/v2\/product_tag?post=73454"}],"curies":[{"name":"wp","href":"https:\/\/api.w.org\/{rel}","templated":true}]}}