{"id":73472,"date":"2024-09-09T09:28:33","date_gmt":"2024-09-09T09:28:33","guid":{"rendered":"https:\/\/business.roovi.com\/constructorul-creativ-set-de-construit-15-modele-pentru-fete-creative-builder-15-models-designer-set\/p\/"},"modified":"2024-09-12T06:38:11","modified_gmt":"2024-09-12T06:38:11","slug":"constructorul-creativ-set-de-construit-15-modele-pentru-fete-creative-builder-15-models-designer-set","status":"publish","type":"product","link":"https:\/\/business.roovi.com\/hu\/constructorul-creativ-set-de-construit-15-modele-pentru-fete-creative-builder-15-models-designer-set\/p\/","title":{"rendered":"Constructorul Creativ Set de construit 15 modele pentru Fete &#8211; Creative Builder 15 Models Designer set"},"content":{"rendered":"<p><strong>S\u0103 le treze\u0219ti feti\u021belor interesul pentru \u0219tiin\u021be \u0219i construc\u021bii poate fi dificil. Nu \u0219i dac\u0103 le oferi setul CREATIVE BUILDER \u2013 Designer cu ajutorul c\u0103ruia pot crea 15 modele difeite de ma\u0219ini \u0219i structuri, \u00een culori vibrante pe care feti\u021bele le ador\u0103.<\/strong><\/p>\n<p>Noul CREATIVE BUILDER \u2013 Seria Designer le treze\u0219te interesul feti\u021belor pentru construc\u021bii \u0219i tehnic\u0103 prin asocierea jocului imaginativ cu crearea de modele 3D. Culorile vii precum rozul, fucsia, verdele deschis \u0219i albastrul le \u00eenc\u00e2nt\u0103 pe cele mici \u0219i le fac s\u0103-\u0219i eploreze la maxim poten\u021bialul creativ.<\/p>\n<p>Acest set este potrivit \u0219i pentru b\u0103ie\u021bii care prefer\u0103 o cromatic\u0103 diversificat\u0103 \u0219i ador\u0103 s\u0103 exploreze lumea construc\u021biilor.<\/p>\n<p><strong>De ce s\u0103 alegi setul CREATIVE BUILDER \u2013 Designer<\/strong><\/p>\n<ul>\n<li><strong>Stimuleaz\u0103 creativitatea:<\/strong> copiii pot construi \u0219i reconstrui cele 15 modele diferite de ma\u0219ini \u0219i structuri, antren\u00e2ndu-\u0219i imagina\u021bia \u0219i abilit\u0103\u021bile tehnice.<\/li>\n<li><strong>\u00cenv\u0103\u021bare prin joac\u0103:<\/strong> construirea fic\u0103rui model necesit\u0103 aten\u021bie \u0219i precizie \u0219i este o adev\u0103rat\u0103 lec\u021bie despre mobilitate, echilibru \u0219i structuri, transform\u00e2nd totodat\u0103 joaca \u00eentr-o experien\u021b\u0103 captivant\u0103 de \u00eenv\u0103\u021bare.<\/li>\n<li><strong>Diversitate \u0219i provocare:<\/strong> Setul ofer\u0103 oportunitatea de a construi diverse tipuri de ma\u0219ini \u0219i structuri ingenioase \u0219i le men\u021bine copiilor interesul \u0219i entuziasmul un timp \u00eendelungat.<\/li>\n<li><strong>Cadoul perfect:<\/strong> jocul este potrivit copiilor cu v\u00e2rsta peste 9 ani \u0219i poate fi cadoul perfect de Cr\u0103ciun, de aniversare sau atunci c\u00e2nd pur \u0219i simplu vrei s\u0103 faci un copil fericit.<\/li>\n<\/ul>\n<p><strong>CREATIVE BUILDER \u2013 Designer Set: un joc STEM fascinant pentru \u00eenv\u0103\u021bare prin joac\u0103<\/strong><\/p>\n<p>Jocurile STEM (acronimul de la: Science,\u00a0Technology, Engineering, Maths) pun accentul pe \u00eenv\u0103\u021bare al\u0103turi de distrac\u021bie \u0219i \u00eei ajut\u0103 pe copii s\u0103 se \u00eemprieteneasc\u0103 de la v\u00e2rste fragede cu \u0219tiin\u021ba. Setul CREATIVE BUILDER &#8211; Designer \u00eentrune\u0219te cele mai \u00eenalte standarde de calitate \u0219i siguran\u021b\u0103, precum \u0219i toate caracteristicile fascinantelor jocuri STEM:<\/p>\n<ul>\n<li>Stimuleaz\u0103 \u0219i sus\u021bine dezvoltarea g\u00e2ndirii logice \u0219i strategice.<\/li>\n<li>Dezvolt\u0103 imagina\u021bia \u0219i g\u00e2ndirea creativ\u0103.<\/li>\n<li>\u00cembun\u0103t\u0103\u021be\u0219te capacitatea de concentrare, precum \u0219i coordonarea<\/li>\n<li>Stimuleaz\u0103 comunicarea, dezvoltarea abilit\u0103\u021bilor sociale \u0219i lucrul \u00een echip\u0103.<\/li>\n<li>\u00cei ajut\u0103 pe copii s\u0103 se familiarizeze cu concepte \u0219i no\u021biuni noi din domenii precum fizica, matematica sau construc\u021biile, favoriz\u00e2nd totodat\u0103 dezvoltarea vocabularului.<\/li>\n<\/ul>\n<p>\u00cen plus, este foarte distractiv \u0219i poate fi prilejul perfect de a te conecta cu copilul t\u0103u \u0219i de a v\u0103 distra \u00eempreun\u0103 de minune.<br \/>\nSetul CREATIVE BUILDER &#8211; Designer este a\u0219adar at\u00e2t un joc experimental relaxant, c\u00e2t \u0219i o modalitate de a-i \u00eemprieteni pe copii cu \u0219tiin\u021ba \u0219i tehnica.<\/p>\n","protected":false},"excerpt":{"rendered":"<p>S\u0103 le treze\u0219ti feti\u021belor interesul pentru \u0219tiin\u021be \u0219i construc\u021bii poate fi dificil. Nu \u0219i dac\u0103 le oferi setul CREATIVE BUILDER<\/p>\n","protected":false},"featured_media":73346,"template":"","meta":[],"product_brand":[],"product_cat":[2726,2005,2727,1900],"product_tag":[],"class_list":{"0":"post-73472","1":"product","2":"type-product","3":"status-publish","4":"has-post-thumbnail","6":"product_cat-engino-hu","7":"product_cat-kockak","8":"product_cat-noutati-hu","9":"product_cat-oktatasi-es-tudomanyos-jatekok","10":"pa_filter_age-14-hu","11":"pa_filter_age-5_7-hu","12":"pa_filter_age-7_9-hu","13":"pa_filter_age-9_14-hu","15":"first","16":"instock","17":"taxable","18":"shipping-taxable","19":"product-type-simple"},"yoast_head":"<!-- This site is optimized with the Yoast SEO plugin v20.1 - https:\/\/yoast.com\/wordpress\/plugins\/seo\/ -->\n<title>Constructorul Creativ Set de construit 15 modele pentru Fete - Creative Builder 15 Models Designer set - Roovi B2B<\/title>\n<meta name=\"robots\" content=\"index, follow, max-snippet:-1, max-image-preview:large, max-video-preview:-1\" \/>\n<link rel=\"canonical\" href=\"https:\/\/business.roovi.com\/hu\/constructorul-creativ-set-de-construit-15-modele-pentru-fete-creative-builder-15-models-designer-set\/p\/\" \/>\n<meta property=\"og:locale\" content=\"hu_HU\" \/>\n<meta property=\"og:type\" content=\"article\" \/>\n<meta property=\"og:title\" content=\"Constructorul Creativ Set de construit 15 modele pentru Fete - Creative Builder 15 Models Designer set - Roovi B2B\" \/>\n<meta property=\"og:description\" content=\"S\u0103 le treze\u0219ti feti\u021belor interesul pentru \u0219tiin\u021be \u0219i construc\u021bii poate fi dificil. Nu \u0219i dac\u0103 le oferi setul CREATIVE BUILDER\" \/>\n<meta property=\"og:url\" content=\"https:\/\/business.roovi.com\/hu\/constructorul-creativ-set-de-construit-15-modele-pentru-fete-creative-builder-15-models-designer-set\/p\/\" \/>\n<meta property=\"og:site_name\" content=\"Roovi B2B\" \/>\n<meta property=\"article:publisher\" content=\"https:\/\/www.facebook.com\/wwwjucariero\" \/>\n<meta property=\"article:modified_time\" content=\"2024-09-12T06:38:11+00:00\" \/>\n<meta property=\"og:image\" content=\"https:\/\/business.roovi.com\/wp-content\/uploads\/2024\/09\/engino-cb-d15-min.jpg\" \/>\n\t<meta property=\"og:image:width\" content=\"1200\" \/>\n\t<meta property=\"og:image:height\" content=\"1200\" \/>\n\t<meta property=\"og:image:type\" content=\"image\/jpeg\" \/>\n<meta name=\"twitter:label1\" content=\"Becs\u00fclt olvas\u00e1si id\u0151\" \/>\n\t<meta name=\"twitter:data1\" content=\"2 perc\" \/>\n<script type=\"application\/ld+json\" class=\"yoast-schema-graph\">{\"@context\":\"https:\/\/schema.org\",\"@graph\":[{\"@type\":\"WebPage\",\"@id\":\"https:\/\/business.roovi.com\/hu\/constructorul-creativ-set-de-construit-15-modele-pentru-fete-creative-builder-15-models-designer-set\/p\/\",\"url\":\"https:\/\/business.roovi.com\/hu\/constructorul-creativ-set-de-construit-15-modele-pentru-fete-creative-builder-15-models-designer-set\/p\/\",\"name\":\"Constructorul Creativ Set de construit 15 modele pentru Fete - Creative Builder 15 Models Designer set - Roovi B2B\",\"isPartOf\":{\"@id\":\"https:\/\/business.roovi.com\/hu\/#website\"},\"datePublished\":\"2024-09-09T09:28:33+00:00\",\"dateModified\":\"2024-09-12T06:38:11+00:00\",\"breadcrumb\":{\"@id\":\"https:\/\/business.roovi.com\/hu\/constructorul-creativ-set-de-construit-15-modele-pentru-fete-creative-builder-15-models-designer-set\/p\/#breadcrumb\"},\"inLanguage\":\"hu\",\"potentialAction\":[{\"@type\":\"ReadAction\",\"target\":[\"https:\/\/business.roovi.com\/hu\/constructorul-creativ-set-de-construit-15-modele-pentru-fete-creative-builder-15-models-designer-set\/p\/\"]}]},{\"@type\":\"BreadcrumbList\",\"@id\":\"https:\/\/business.roovi.com\/hu\/constructorul-creativ-set-de-construit-15-modele-pentru-fete-creative-builder-15-models-designer-set\/p\/#breadcrumb\",\"itemListElement\":[{\"@type\":\"ListItem\",\"position\":1,\"name\":\"Home\",\"item\":\"https:\/\/business.roovi.com\/hu\/\"},{\"@type\":\"ListItem\",\"position\":2,\"name\":\"Shop\",\"item\":\"https:\/\/business.roovi.com\/hu\/shop\/\"},{\"@type\":\"ListItem\",\"position\":3,\"name\":\"Constructorul Creativ Set de construit 15 modele pentru Fete &#8211; Creative Builder 15 Models Designer set\"}]},{\"@type\":\"WebSite\",\"@id\":\"https:\/\/business.roovi.com\/hu\/#website\",\"url\":\"https:\/\/business.roovi.com\/hu\/\",\"name\":\"Roovi B2B\",\"description\":\"Roovi Business Website\",\"potentialAction\":[{\"@type\":\"SearchAction\",\"target\":{\"@type\":\"EntryPoint\",\"urlTemplate\":\"https:\/\/business.roovi.com\/hu\/?s={search_term_string}\"},\"query-input\":\"required name=search_term_string\"}],\"inLanguage\":\"hu\"}]}<\/script>\n<!-- \/ Yoast SEO plugin. -->","yoast_head_json":{"title":"Constructorul Creativ Set de construit 15 modele pentru Fete - Creative Builder 15 Models Designer set - Roovi B2B","robots":{"index":"index","follow":"follow","max-snippet":"max-snippet:-1","max-image-preview":"max-image-preview:large","max-video-preview":"max-video-preview:-1"},"canonical":"https:\/\/business.roovi.com\/hu\/constructorul-creativ-set-de-construit-15-modele-pentru-fete-creative-builder-15-models-designer-set\/p\/","og_locale":"hu_HU","og_type":"article","og_title":"Constructorul Creativ Set de construit 15 modele pentru Fete - Creative Builder 15 Models Designer set - Roovi B2B","og_description":"S\u0103 le treze\u0219ti feti\u021belor interesul pentru \u0219tiin\u021be \u0219i construc\u021bii poate fi dificil. Nu \u0219i dac\u0103 le oferi setul CREATIVE BUILDER","og_url":"https:\/\/business.roovi.com\/hu\/constructorul-creativ-set-de-construit-15-modele-pentru-fete-creative-builder-15-models-designer-set\/p\/","og_site_name":"Roovi B2B","article_publisher":"https:\/\/www.facebook.com\/wwwjucariero","article_modified_time":"2024-09-12T06:38:11+00:00","og_image":[{"width":1200,"height":1200,"url":"https:\/\/business.roovi.com\/wp-content\/uploads\/2024\/09\/engino-cb-d15-min.jpg","type":"image\/jpeg"}],"twitter_misc":{"Becs\u00fclt olvas\u00e1si id\u0151":"2 perc"},"schema":{"@context":"https:\/\/schema.org","@graph":[{"@type":"WebPage","@id":"https:\/\/business.roovi.com\/hu\/constructorul-creativ-set-de-construit-15-modele-pentru-fete-creative-builder-15-models-designer-set\/p\/","url":"https:\/\/business.roovi.com\/hu\/constructorul-creativ-set-de-construit-15-modele-pentru-fete-creative-builder-15-models-designer-set\/p\/","name":"Constructorul Creativ Set de construit 15 modele pentru Fete - Creative Builder 15 Models Designer set - Roovi B2B","isPartOf":{"@id":"https:\/\/business.roovi.com\/hu\/#website"},"datePublished":"2024-09-09T09:28:33+00:00","dateModified":"2024-09-12T06:38:11+00:00","breadcrumb":{"@id":"https:\/\/business.roovi.com\/hu\/constructorul-creativ-set-de-construit-15-modele-pentru-fete-creative-builder-15-models-designer-set\/p\/#breadcrumb"},"inLanguage":"hu","potentialAction":[{"@type":"ReadAction","target":["https:\/\/business.roovi.com\/hu\/constructorul-creativ-set-de-construit-15-modele-pentru-fete-creative-builder-15-models-designer-set\/p\/"]}]},{"@type":"BreadcrumbList","@id":"https:\/\/business.roovi.com\/hu\/constructorul-creativ-set-de-construit-15-modele-pentru-fete-creative-builder-15-models-designer-set\/p\/#breadcrumb","itemListElement":[{"@type":"ListItem","position":1,"name":"Home","item":"https:\/\/business.roovi.com\/hu\/"},{"@type":"ListItem","position":2,"name":"Shop","item":"https:\/\/business.roovi.com\/hu\/shop\/"},{"@type":"ListItem","position":3,"name":"Constructorul Creativ Set de construit 15 modele pentru Fete &#8211; Creative Builder 15 Models Designer set"}]},{"@type":"WebSite","@id":"https:\/\/business.roovi.com\/hu\/#website","url":"https:\/\/business.roovi.com\/hu\/","name":"Roovi B2B","description":"Roovi Business Website","potentialAction":[{"@type":"SearchAction","target":{"@type":"EntryPoint","urlTemplate":"https:\/\/business.roovi.com\/hu\/?s={search_term_string}"},"query-input":"required name=search_term_string"}],"inLanguage":"hu"}]}},"_links":{"self":[{"href":"https:\/\/business.roovi.com\/hu\/wp-json\/wp\/v2\/product\/73472","targetHints":{"allow":["GET"]}}],"collection":[{"href":"https:\/\/business.roovi.com\/hu\/wp-json\/wp\/v2\/product"}],"about":[{"href":"https:\/\/business.roovi.com\/hu\/wp-json\/wp\/v2\/types\/product"}],"version-history":[{"count":0,"href":"https:\/\/business.roovi.com\/hu\/wp-json\/wp\/v2\/product\/73472\/revisions"}],"wp:featuredmedia":[{"embeddable":true,"href":"https:\/\/business.roovi.com\/hu\/wp-json\/wp\/v2\/media\/73346"}],"wp:attachment":[{"href":"https:\/\/business.roovi.com\/hu\/wp-json\/wp\/v2\/media?parent=73472"}],"wp:term":[{"taxonomy":"product_brand","embeddable":true,"href":"https:\/\/business.roovi.com\/hu\/wp-json\/wp\/v2\/product_brand?post=73472"},{"taxonomy":"product_cat","embeddable":true,"href":"https:\/\/business.roovi.com\/hu\/wp-json\/wp\/v2\/product_cat?post=73472"},{"taxonomy":"product_tag","embeddable":true,"href":"https:\/\/business.roovi.com\/hu\/wp-json\/wp\/v2\/product_tag?post=73472"}],"curies":[{"name":"wp","href":"https:\/\/api.w.org\/{rel}","templated":true}]}}