{"id":73509,"date":"2024-09-09T09:28:32","date_gmt":"2024-09-09T09:28:32","guid":{"rendered":"https:\/\/business.roovi.com\/inventator-motorizat-masina-de-curse-cu-10-modele-bonus-motor-cu-angrenaj-inclus-inventor-motorized-race-car-with-10-bonus-models\/p\/"},"modified":"2024-09-12T06:50:43","modified_gmt":"2024-09-12T06:50:43","slug":"inventator-motorizat-masina-de-curse-cu-10-modele-bonus-motor-cu-angrenaj-inclus-inventor-motorized-race-car-with-10-bonus-models","status":"publish","type":"product","link":"https:\/\/business.roovi.com\/hu\/inventator-motorizat-masina-de-curse-cu-10-modele-bonus-motor-cu-angrenaj-inclus-inventor-motorized-race-car-with-10-bonus-models\/p\/","title":{"rendered":"Inventator Motorizat Ma\u0219in\u0103 de curse cu 10 modele bonus + motor cu angrenaj inclus &#8211; Inventor Motorized Race car with 10 bonus models"},"content":{"rendered":"<p><strong>Copilul t\u0103u este pasionat de ma\u0219inile de Formula 1? Ar vrea s\u0103 \u0219tie cum sunt proiectate ca s\u0103 reziste curselor \u0219i s\u0103 fac\u0103 performan\u021b\u0103? Setul de construit Inventor Motorized \u2013 Ma\u0219in\u0103 de curse este perfect pentru el!<\/strong><\/p>\n<p>Descoper\u0103 un set de construit interactiv \u0219i versatil ce permite realizarea a 10 modele diferite de ma\u0219ini de curse, perfect func\u021bionale.<\/p>\n<p>Setul con\u021bine piese de calitate foarte bun\u0103 care se \u00eembin\u0103 perfect \u0219i sunt u\u0219or de manevrat de copii. Micii pasiona\u021bi de tehnologie \u0219i ma\u0219ini de curse pot explora modele inovatoare \u0219i pot crea singuri vehicule de mare vitez\u0103 cu care se pot juca oric\u00e2t doresc.<\/p>\n<p><strong>De ce s\u0103 alegi setul Inventor Motorized \u2013 Ma\u0219in\u0103 de curse<\/strong><\/p>\n<ul>\n<li><strong>Stimuleaz\u0103 creativitatea:<\/strong> copiii pot construi \u0219i reconstrui cele 10 modele diferite de ma\u0219ini, antren\u00e2ndu-\u0219i imagina\u021bia \u0219i abilit\u0103\u021bile tehnice.<\/li>\n<li><strong>\u00cenv\u0103\u021bare prin joac\u0103:<\/strong> construirea fic\u0103rui model necesit\u0103 aten\u021bie \u0219i precizie \u0219i este o adev\u0103rat\u0103 lec\u021bie despre mobilitate, echilibru \u0219i structur\u0103, transform\u00e2nd totodat\u0103 joaca \u00eentr-o experien\u021b\u0103 captivant\u0103 de \u00eenv\u0103\u021bare.<\/li>\n<li><strong>Diversitate \u0219i provocare:<\/strong> Setul ofer\u0103 oportunitatea de a construi diverse tipuri de ma\u0219ini de curse \u0219i le men\u021bine copiilor interesul \u0219i entuziasmul un timp \u00eendelungat.<\/li>\n<li><strong>Cadoul perfect:<\/strong> jocul este potrivit copiilor cu v\u00e2rsta peste 9 ani \u0219i poate fi cadoul perfect de Cr\u0103ciun, de aniversare sau atunci c\u00e2nd pur \u0219i simplu vrei s\u0103 faci fericit un copil.<\/li>\n<\/ul>\n<p><strong>Inventor Motorized \u2013 Ma\u0219in\u0103 de curse: un joc STEM fascinant pentru \u00eenv\u0103\u021bare prin joac\u0103<\/strong><\/p>\n<p>Jocurile STEM (acronimul de la: Science,\u00a0Technology, Engineering, Maths) pun accentul pe \u00eenv\u0103\u021bare al\u0103turi de distrac\u021bie \u0219i \u00eei ajut\u0103 pe copii s\u0103 se \u00eemprieteneasc\u0103 de la v\u00e2rste fragede cu \u0219tiin\u021ba. Setul Inventor Motorized \u2013 Ma\u0219in\u0103 de curse \u00eentrune\u0219te cele mai \u00eenalte standarde de calitate \u0219i siguran\u021b\u0103, precum \u0219i toate caracteristicile fascinantelor jocuri STEM:<\/p>\n<ul>\n<li>Stimuleaz\u0103 \u0219i sus\u021bine dezvoltarea g\u00e2ndirii logice \u0219i strategice.<\/li>\n<li>Dezvolt\u0103 imagina\u021bia \u0219i g\u00e2ndirea creativ\u0103.<\/li>\n<li>\u00cembun\u0103t\u0103\u021be\u0219te capacitatea de concentrare, precum \u0219i coordonarea<\/li>\n<li>Stimuleaz\u0103 comunicarea, dezvoltarea abilit\u0103\u021bilor sociale \u0219i lucrul \u00een echip\u0103.<\/li>\n<li>\u00cei ajut\u0103 pe copii s\u0103 se familiarizeze cu concepte \u0219i no\u021biuni noi din domenii precum fizica, matematica sau construc\u021biile, favoriz\u00e2nd totodat\u0103 dezvoltarea vocabularului.<\/li>\n<li>\u00cen plus, este foarte distractiv \u0219i poate fi prilejul perfect de a te conecta cu copilul t\u0103u \u0219i de a v\u0103 distra \u00eempreun\u0103 de minune.<\/li>\n<\/ul>\n<p>Dac\u0103 \u00ee\u021bi dore\u0219ti un set experimental \u0219i interactiv care s\u0103-l ajute pe copilul t\u0103u s\u0103-\u0219i dezvolte abilit\u0103\u021bi importante \u00een timp ce se joac\u0103, setul Inventor Motorized \u2013 Ma\u0219in\u0103 de curse (10 modele bonus) este alegerea perfect\u0103.<\/p>\n","protected":false},"excerpt":{"rendered":"<p>Copilul t\u0103u este pasionat de ma\u0219inile de Formula 1? Ar vrea s\u0103 \u0219tie cum sunt proiectate ca s\u0103 reziste curselor<\/p>\n","protected":false},"featured_media":73032,"template":"","meta":[],"product_brand":[],"product_cat":[2726,2005,2727,1900],"product_tag":[],"class_list":{"0":"post-73509","1":"product","2":"type-product","3":"status-publish","4":"has-post-thumbnail","6":"product_cat-engino-hu","7":"product_cat-kockak","8":"product_cat-noutati-hu","9":"product_cat-oktatasi-es-tudomanyos-jatekok","10":"pa_filter_age-14-hu","11":"pa_filter_age-9_14-hu","13":"first","14":"instock","15":"taxable","16":"shipping-taxable","17":"product-type-simple"},"yoast_head":"<!-- This site is optimized with the Yoast SEO plugin v20.1 - https:\/\/yoast.com\/wordpress\/plugins\/seo\/ -->\n<title>Inventator Motorizat Ma\u0219in\u0103 de curse cu 10 modele bonus + motor cu angrenaj inclus - Inventor Motorized Race car with 10 bonus models - Roovi B2B<\/title>\n<meta name=\"robots\" content=\"index, follow, max-snippet:-1, max-image-preview:large, max-video-preview:-1\" \/>\n<link rel=\"canonical\" href=\"https:\/\/business.roovi.com\/hu\/inventator-motorizat-masina-de-curse-cu-10-modele-bonus-motor-cu-angrenaj-inclus-inventor-motorized-race-car-with-10-bonus-models\/p\/\" \/>\n<meta property=\"og:locale\" content=\"hu_HU\" \/>\n<meta property=\"og:type\" content=\"article\" \/>\n<meta property=\"og:title\" content=\"Inventator Motorizat Ma\u0219in\u0103 de curse cu 10 modele bonus + motor cu angrenaj inclus - Inventor Motorized Race car with 10 bonus models - Roovi B2B\" \/>\n<meta property=\"og:description\" content=\"Copilul t\u0103u este pasionat de ma\u0219inile de Formula 1? Ar vrea s\u0103 \u0219tie cum sunt proiectate ca s\u0103 reziste curselor\" \/>\n<meta property=\"og:url\" content=\"https:\/\/business.roovi.com\/hu\/inventator-motorizat-masina-de-curse-cu-10-modele-bonus-motor-cu-angrenaj-inclus-inventor-motorized-race-car-with-10-bonus-models\/p\/\" \/>\n<meta property=\"og:site_name\" content=\"Roovi B2B\" \/>\n<meta property=\"article:publisher\" content=\"https:\/\/www.facebook.com\/wwwjucariero\" \/>\n<meta property=\"article:modified_time\" content=\"2024-09-12T06:50:43+00:00\" \/>\n<meta property=\"og:image\" content=\"https:\/\/business.roovi.com\/wp-content\/uploads\/2024\/09\/engino-in50-min.jpg\" \/>\n\t<meta property=\"og:image:width\" content=\"1200\" \/>\n\t<meta property=\"og:image:height\" content=\"1200\" \/>\n\t<meta property=\"og:image:type\" content=\"image\/jpeg\" \/>\n<meta name=\"twitter:label1\" content=\"Becs\u00fclt olvas\u00e1si id\u0151\" \/>\n\t<meta name=\"twitter:data1\" content=\"2 perc\" \/>\n<script type=\"application\/ld+json\" class=\"yoast-schema-graph\">{\"@context\":\"https:\/\/schema.org\",\"@graph\":[{\"@type\":\"WebPage\",\"@id\":\"https:\/\/business.roovi.com\/hu\/inventator-motorizat-masina-de-curse-cu-10-modele-bonus-motor-cu-angrenaj-inclus-inventor-motorized-race-car-with-10-bonus-models\/p\/\",\"url\":\"https:\/\/business.roovi.com\/hu\/inventator-motorizat-masina-de-curse-cu-10-modele-bonus-motor-cu-angrenaj-inclus-inventor-motorized-race-car-with-10-bonus-models\/p\/\",\"name\":\"Inventator Motorizat Ma\u0219in\u0103 de curse cu 10 modele bonus + motor cu angrenaj inclus - Inventor Motorized Race car with 10 bonus models - Roovi B2B\",\"isPartOf\":{\"@id\":\"https:\/\/business.roovi.com\/hu\/#website\"},\"datePublished\":\"2024-09-09T09:28:32+00:00\",\"dateModified\":\"2024-09-12T06:50:43+00:00\",\"breadcrumb\":{\"@id\":\"https:\/\/business.roovi.com\/hu\/inventator-motorizat-masina-de-curse-cu-10-modele-bonus-motor-cu-angrenaj-inclus-inventor-motorized-race-car-with-10-bonus-models\/p\/#breadcrumb\"},\"inLanguage\":\"hu\",\"potentialAction\":[{\"@type\":\"ReadAction\",\"target\":[\"https:\/\/business.roovi.com\/hu\/inventator-motorizat-masina-de-curse-cu-10-modele-bonus-motor-cu-angrenaj-inclus-inventor-motorized-race-car-with-10-bonus-models\/p\/\"]}]},{\"@type\":\"BreadcrumbList\",\"@id\":\"https:\/\/business.roovi.com\/hu\/inventator-motorizat-masina-de-curse-cu-10-modele-bonus-motor-cu-angrenaj-inclus-inventor-motorized-race-car-with-10-bonus-models\/p\/#breadcrumb\",\"itemListElement\":[{\"@type\":\"ListItem\",\"position\":1,\"name\":\"Home\",\"item\":\"https:\/\/business.roovi.com\/hu\/\"},{\"@type\":\"ListItem\",\"position\":2,\"name\":\"Shop\",\"item\":\"https:\/\/business.roovi.com\/hu\/shop\/\"},{\"@type\":\"ListItem\",\"position\":3,\"name\":\"Inventator Motorizat Ma\u0219in\u0103 de curse cu 10 modele bonus + motor cu angrenaj inclus &#8211; Inventor Motorized Race car with 10 bonus models\"}]},{\"@type\":\"WebSite\",\"@id\":\"https:\/\/business.roovi.com\/hu\/#website\",\"url\":\"https:\/\/business.roovi.com\/hu\/\",\"name\":\"Roovi B2B\",\"description\":\"Roovi Business Website\",\"potentialAction\":[{\"@type\":\"SearchAction\",\"target\":{\"@type\":\"EntryPoint\",\"urlTemplate\":\"https:\/\/business.roovi.com\/hu\/?s={search_term_string}\"},\"query-input\":\"required name=search_term_string\"}],\"inLanguage\":\"hu\"}]}<\/script>\n<!-- \/ Yoast SEO plugin. -->","yoast_head_json":{"title":"Inventator Motorizat Ma\u0219in\u0103 de curse cu 10 modele bonus + motor cu angrenaj inclus - Inventor Motorized Race car with 10 bonus models - Roovi B2B","robots":{"index":"index","follow":"follow","max-snippet":"max-snippet:-1","max-image-preview":"max-image-preview:large","max-video-preview":"max-video-preview:-1"},"canonical":"https:\/\/business.roovi.com\/hu\/inventator-motorizat-masina-de-curse-cu-10-modele-bonus-motor-cu-angrenaj-inclus-inventor-motorized-race-car-with-10-bonus-models\/p\/","og_locale":"hu_HU","og_type":"article","og_title":"Inventator Motorizat Ma\u0219in\u0103 de curse cu 10 modele bonus + motor cu angrenaj inclus - Inventor Motorized Race car with 10 bonus models - Roovi B2B","og_description":"Copilul t\u0103u este pasionat de ma\u0219inile de Formula 1? Ar vrea s\u0103 \u0219tie cum sunt proiectate ca s\u0103 reziste curselor","og_url":"https:\/\/business.roovi.com\/hu\/inventator-motorizat-masina-de-curse-cu-10-modele-bonus-motor-cu-angrenaj-inclus-inventor-motorized-race-car-with-10-bonus-models\/p\/","og_site_name":"Roovi B2B","article_publisher":"https:\/\/www.facebook.com\/wwwjucariero","article_modified_time":"2024-09-12T06:50:43+00:00","og_image":[{"width":1200,"height":1200,"url":"https:\/\/business.roovi.com\/wp-content\/uploads\/2024\/09\/engino-in50-min.jpg","type":"image\/jpeg"}],"twitter_misc":{"Becs\u00fclt olvas\u00e1si id\u0151":"2 perc"},"schema":{"@context":"https:\/\/schema.org","@graph":[{"@type":"WebPage","@id":"https:\/\/business.roovi.com\/hu\/inventator-motorizat-masina-de-curse-cu-10-modele-bonus-motor-cu-angrenaj-inclus-inventor-motorized-race-car-with-10-bonus-models\/p\/","url":"https:\/\/business.roovi.com\/hu\/inventator-motorizat-masina-de-curse-cu-10-modele-bonus-motor-cu-angrenaj-inclus-inventor-motorized-race-car-with-10-bonus-models\/p\/","name":"Inventator Motorizat Ma\u0219in\u0103 de curse cu 10 modele bonus + motor cu angrenaj inclus - Inventor Motorized Race car with 10 bonus models - Roovi B2B","isPartOf":{"@id":"https:\/\/business.roovi.com\/hu\/#website"},"datePublished":"2024-09-09T09:28:32+00:00","dateModified":"2024-09-12T06:50:43+00:00","breadcrumb":{"@id":"https:\/\/business.roovi.com\/hu\/inventator-motorizat-masina-de-curse-cu-10-modele-bonus-motor-cu-angrenaj-inclus-inventor-motorized-race-car-with-10-bonus-models\/p\/#breadcrumb"},"inLanguage":"hu","potentialAction":[{"@type":"ReadAction","target":["https:\/\/business.roovi.com\/hu\/inventator-motorizat-masina-de-curse-cu-10-modele-bonus-motor-cu-angrenaj-inclus-inventor-motorized-race-car-with-10-bonus-models\/p\/"]}]},{"@type":"BreadcrumbList","@id":"https:\/\/business.roovi.com\/hu\/inventator-motorizat-masina-de-curse-cu-10-modele-bonus-motor-cu-angrenaj-inclus-inventor-motorized-race-car-with-10-bonus-models\/p\/#breadcrumb","itemListElement":[{"@type":"ListItem","position":1,"name":"Home","item":"https:\/\/business.roovi.com\/hu\/"},{"@type":"ListItem","position":2,"name":"Shop","item":"https:\/\/business.roovi.com\/hu\/shop\/"},{"@type":"ListItem","position":3,"name":"Inventator Motorizat Ma\u0219in\u0103 de curse cu 10 modele bonus + motor cu angrenaj inclus &#8211; Inventor Motorized Race car with 10 bonus models"}]},{"@type":"WebSite","@id":"https:\/\/business.roovi.com\/hu\/#website","url":"https:\/\/business.roovi.com\/hu\/","name":"Roovi B2B","description":"Roovi Business Website","potentialAction":[{"@type":"SearchAction","target":{"@type":"EntryPoint","urlTemplate":"https:\/\/business.roovi.com\/hu\/?s={search_term_string}"},"query-input":"required name=search_term_string"}],"inLanguage":"hu"}]}},"_links":{"self":[{"href":"https:\/\/business.roovi.com\/hu\/wp-json\/wp\/v2\/product\/73509","targetHints":{"allow":["GET"]}}],"collection":[{"href":"https:\/\/business.roovi.com\/hu\/wp-json\/wp\/v2\/product"}],"about":[{"href":"https:\/\/business.roovi.com\/hu\/wp-json\/wp\/v2\/types\/product"}],"version-history":[{"count":0,"href":"https:\/\/business.roovi.com\/hu\/wp-json\/wp\/v2\/product\/73509\/revisions"}],"wp:featuredmedia":[{"embeddable":true,"href":"https:\/\/business.roovi.com\/hu\/wp-json\/wp\/v2\/media\/73032"}],"wp:attachment":[{"href":"https:\/\/business.roovi.com\/hu\/wp-json\/wp\/v2\/media?parent=73509"}],"wp:term":[{"taxonomy":"product_brand","embeddable":true,"href":"https:\/\/business.roovi.com\/hu\/wp-json\/wp\/v2\/product_brand?post=73509"},{"taxonomy":"product_cat","embeddable":true,"href":"https:\/\/business.roovi.com\/hu\/wp-json\/wp\/v2\/product_cat?post=73509"},{"taxonomy":"product_tag","embeddable":true,"href":"https:\/\/business.roovi.com\/hu\/wp-json\/wp\/v2\/product_tag?post=73509"}],"curies":[{"name":"wp","href":"https:\/\/api.w.org\/{rel}","templated":true}]}}