{"id":73527,"date":"2024-09-09T09:28:32","date_gmt":"2024-09-09T09:28:32","guid":{"rendered":"https:\/\/business.roovi.com\/baby-qboidz-primii-pasi-cuburi-de-constructie-pentru-bebelusi-my-first-steps-small-set\/p\/"},"modified":"2024-09-12T06:51:39","modified_gmt":"2024-09-12T06:51:39","slug":"baby-qboidz-primii-pasi-cuburi-de-constructie-pentru-bebelusi-my-first-steps-small-set","status":"publish","type":"product","link":"https:\/\/business.roovi.com\/hu\/baby-qboidz-primii-pasi-cuburi-de-constructie-pentru-bebelusi-my-first-steps-small-set\/p\/","title":{"rendered":"Baby Qboidz Primii Pa\u0219i cuburi de construc\u021bie pentru bebelu\u0219i &#8211; My First Steps Small set"},"content":{"rendered":"<p><strong>Setul BABY QBOIDZ &#8211; Primii Pa\u0219i este ideal pentru micii n\u0103zdr\u0103vani afla\u021bi la \u00eenceputul aventurii lor \u00een lumea construc\u021biilor. Setul con\u021bine 28 de piese mari, viu colorate, perfect dimensionate pentru m\u00e2inile mici ale copiilor.<\/strong><\/p>\n<p>Cuburile se \u00eembin\u0103 perfect \u0219i sunt u\u0219or de manipulat de m\u00e2nu\u021bele copiilor. Fiecare pies\u0103 este realizat\u0103 din materiale sigure, non-toxice, fiind special creat\u0103 pentru a rezista la asambl\u0103ri \u0219i dezasambl\u0103ri nenum\u0103rate.<\/p>\n<p>Cu ajutorul acestui set, micu\u021bii pot construi primele lor structuri, explor\u00e2nd formele \u0219i culorile \u00eentr-un mod distractiv \u0219i educativ. Setul Primii Pa\u0219i este perfect pentru a \u00eencuraja curiozitatea \u00eenn\u0103scut\u0103 a bebelu\u0219ilor \u0219i pentru a-i introduce \u00een lumea construc\u021biilor \u00eentr-un mod amuzant \u0219i interactiv.<\/p>\n<p><strong>De ce s\u0103 alegi setul de construit BABY QBOIDZ &#8211; Primii Pa\u0219i<\/strong><\/p>\n<ul>\n<li><strong>Stimuleaz\u0103 dezvoltarea motricit\u0103\u021bii fine:<\/strong> manipularea pieselor ajut\u0103 la \u00eembun\u0103t\u0103\u021birea coordon\u0103rii m\u00e2ini-ochi.<\/li>\n<li><strong>Dezvolt\u0103 creativitatea:<\/strong> copiii \u00ee\u0219i pot construi propriile forme \u0219i structuri, folosindu-\u0219i astfel imagina\u021bia.<\/li>\n<li><strong>Stimuleaz\u0103 \u00eenv\u0103\u021barea prin joac\u0103:<\/strong> setul \u00eei ajut\u0103 pe cei mici s\u0103 descopere formele geometrice \u0219i culorile \u00een mod amuzant, \u00een timp ce se joac\u0103, contribuind totodat\u0103 la dezvoltarea cognitiv\u0103 timpurie.<\/li>\n<li><strong>Creeaz\u0103 conexiuni puternice:<\/strong> jocul cu formele de construit al\u0103turi de copilul t\u0103u v\u0103 conecteaz\u0103 \u00eentr-un mod natural \u0219i v\u0103 ajut\u0103 s\u0103 construi\u021bi nu doar forme interesante, ci \u0219i amintiri de neuitat.<\/li>\n<\/ul>\n<p>Setul de construit BABY QBOIDZ &#8211; Primii Pa\u0219i este a\u0219adar o modalitate inedit\u0103 de a sprijini dezvoltarea armonioas\u0103 a micu\u021bilor, oferind totodat\u0103 experien\u021be minunate de joac\u0103 \u0219i conectare autentic\u0103.<\/p>\n","protected":false},"excerpt":{"rendered":"<p>Setul BABY QBOIDZ &#8211; Primii Pa\u0219i este ideal pentru micii n\u0103zdr\u0103vani afla\u021bi la \u00eenceputul aventurii lor \u00een lumea construc\u021biilor. Setul<\/p>\n","protected":false},"featured_media":73114,"template":"","meta":[],"product_brand":[],"product_cat":[2726,2005,2727,1900],"product_tag":[],"class_list":{"0":"post-73527","1":"product","2":"type-product","3":"status-publish","4":"has-post-thumbnail","6":"product_cat-engino-hu","7":"product_cat-kockak","8":"product_cat-noutati-hu","9":"product_cat-oktatasi-es-tudomanyos-jatekok","10":"pa_filter_age-0_3-hu","11":"pa_filter_age-3_5-hu","13":"first","14":"instock","15":"taxable","16":"shipping-taxable","17":"product-type-simple"},"yoast_head":"<!-- This site is optimized with the Yoast SEO plugin v20.1 - https:\/\/yoast.com\/wordpress\/plugins\/seo\/ -->\n<title>Baby Qboidz Primii Pa\u0219i cuburi de construc\u021bie pentru bebelu\u0219i - My First Steps Small set - Roovi B2B<\/title>\n<meta name=\"robots\" content=\"index, follow, max-snippet:-1, max-image-preview:large, max-video-preview:-1\" \/>\n<link rel=\"canonical\" href=\"https:\/\/business.roovi.com\/hu\/baby-qboidz-primii-pasi-cuburi-de-constructie-pentru-bebelusi-my-first-steps-small-set\/p\/\" \/>\n<meta property=\"og:locale\" content=\"hu_HU\" \/>\n<meta property=\"og:type\" content=\"article\" \/>\n<meta property=\"og:title\" content=\"Baby Qboidz Primii Pa\u0219i cuburi de construc\u021bie pentru bebelu\u0219i - My First Steps Small set - Roovi B2B\" \/>\n<meta property=\"og:description\" content=\"Setul BABY QBOIDZ &#8211; Primii Pa\u0219i este ideal pentru micii n\u0103zdr\u0103vani afla\u021bi la \u00eenceputul aventurii lor \u00een lumea construc\u021biilor. Setul\" \/>\n<meta property=\"og:url\" content=\"https:\/\/business.roovi.com\/hu\/baby-qboidz-primii-pasi-cuburi-de-constructie-pentru-bebelusi-my-first-steps-small-set\/p\/\" \/>\n<meta property=\"og:site_name\" content=\"Roovi B2B\" \/>\n<meta property=\"article:publisher\" content=\"https:\/\/www.facebook.com\/wwwjucariero\" \/>\n<meta property=\"article:modified_time\" content=\"2024-09-12T06:51:39+00:00\" \/>\n<meta property=\"og:image\" content=\"https:\/\/business.roovi.com\/wp-content\/uploads\/2024\/09\/engino-qb10-min.jpg\" \/>\n\t<meta property=\"og:image:width\" content=\"1200\" \/>\n\t<meta property=\"og:image:height\" content=\"1200\" \/>\n\t<meta property=\"og:image:type\" content=\"image\/jpeg\" \/>\n<meta name=\"twitter:label1\" content=\"Becs\u00fclt olvas\u00e1si id\u0151\" \/>\n\t<meta name=\"twitter:data1\" content=\"1 perc\" \/>\n<script type=\"application\/ld+json\" class=\"yoast-schema-graph\">{\"@context\":\"https:\/\/schema.org\",\"@graph\":[{\"@type\":\"WebPage\",\"@id\":\"https:\/\/business.roovi.com\/hu\/baby-qboidz-primii-pasi-cuburi-de-constructie-pentru-bebelusi-my-first-steps-small-set\/p\/\",\"url\":\"https:\/\/business.roovi.com\/hu\/baby-qboidz-primii-pasi-cuburi-de-constructie-pentru-bebelusi-my-first-steps-small-set\/p\/\",\"name\":\"Baby Qboidz Primii Pa\u0219i cuburi de construc\u021bie pentru bebelu\u0219i - My First Steps Small set - Roovi B2B\",\"isPartOf\":{\"@id\":\"https:\/\/business.roovi.com\/hu\/#website\"},\"datePublished\":\"2024-09-09T09:28:32+00:00\",\"dateModified\":\"2024-09-12T06:51:39+00:00\",\"breadcrumb\":{\"@id\":\"https:\/\/business.roovi.com\/hu\/baby-qboidz-primii-pasi-cuburi-de-constructie-pentru-bebelusi-my-first-steps-small-set\/p\/#breadcrumb\"},\"inLanguage\":\"hu\",\"potentialAction\":[{\"@type\":\"ReadAction\",\"target\":[\"https:\/\/business.roovi.com\/hu\/baby-qboidz-primii-pasi-cuburi-de-constructie-pentru-bebelusi-my-first-steps-small-set\/p\/\"]}]},{\"@type\":\"BreadcrumbList\",\"@id\":\"https:\/\/business.roovi.com\/hu\/baby-qboidz-primii-pasi-cuburi-de-constructie-pentru-bebelusi-my-first-steps-small-set\/p\/#breadcrumb\",\"itemListElement\":[{\"@type\":\"ListItem\",\"position\":1,\"name\":\"Home\",\"item\":\"https:\/\/business.roovi.com\/hu\/\"},{\"@type\":\"ListItem\",\"position\":2,\"name\":\"Shop\",\"item\":\"https:\/\/business.roovi.com\/hu\/shop\/\"},{\"@type\":\"ListItem\",\"position\":3,\"name\":\"Baby Qboidz Primii Pa\u0219i cuburi de construc\u021bie pentru bebelu\u0219i &#8211; My First Steps Small set\"}]},{\"@type\":\"WebSite\",\"@id\":\"https:\/\/business.roovi.com\/hu\/#website\",\"url\":\"https:\/\/business.roovi.com\/hu\/\",\"name\":\"Roovi B2B\",\"description\":\"Roovi Business Website\",\"potentialAction\":[{\"@type\":\"SearchAction\",\"target\":{\"@type\":\"EntryPoint\",\"urlTemplate\":\"https:\/\/business.roovi.com\/hu\/?s={search_term_string}\"},\"query-input\":\"required name=search_term_string\"}],\"inLanguage\":\"hu\"}]}<\/script>\n<!-- \/ Yoast SEO plugin. -->","yoast_head_json":{"title":"Baby Qboidz Primii Pa\u0219i cuburi de construc\u021bie pentru bebelu\u0219i - My First Steps Small set - Roovi B2B","robots":{"index":"index","follow":"follow","max-snippet":"max-snippet:-1","max-image-preview":"max-image-preview:large","max-video-preview":"max-video-preview:-1"},"canonical":"https:\/\/business.roovi.com\/hu\/baby-qboidz-primii-pasi-cuburi-de-constructie-pentru-bebelusi-my-first-steps-small-set\/p\/","og_locale":"hu_HU","og_type":"article","og_title":"Baby Qboidz Primii Pa\u0219i cuburi de construc\u021bie pentru bebelu\u0219i - My First Steps Small set - Roovi B2B","og_description":"Setul BABY QBOIDZ &#8211; Primii Pa\u0219i este ideal pentru micii n\u0103zdr\u0103vani afla\u021bi la \u00eenceputul aventurii lor \u00een lumea construc\u021biilor. Setul","og_url":"https:\/\/business.roovi.com\/hu\/baby-qboidz-primii-pasi-cuburi-de-constructie-pentru-bebelusi-my-first-steps-small-set\/p\/","og_site_name":"Roovi B2B","article_publisher":"https:\/\/www.facebook.com\/wwwjucariero","article_modified_time":"2024-09-12T06:51:39+00:00","og_image":[{"width":1200,"height":1200,"url":"https:\/\/business.roovi.com\/wp-content\/uploads\/2024\/09\/engino-qb10-min.jpg","type":"image\/jpeg"}],"twitter_misc":{"Becs\u00fclt olvas\u00e1si id\u0151":"1 perc"},"schema":{"@context":"https:\/\/schema.org","@graph":[{"@type":"WebPage","@id":"https:\/\/business.roovi.com\/hu\/baby-qboidz-primii-pasi-cuburi-de-constructie-pentru-bebelusi-my-first-steps-small-set\/p\/","url":"https:\/\/business.roovi.com\/hu\/baby-qboidz-primii-pasi-cuburi-de-constructie-pentru-bebelusi-my-first-steps-small-set\/p\/","name":"Baby Qboidz Primii Pa\u0219i cuburi de construc\u021bie pentru bebelu\u0219i - My First Steps Small set - Roovi B2B","isPartOf":{"@id":"https:\/\/business.roovi.com\/hu\/#website"},"datePublished":"2024-09-09T09:28:32+00:00","dateModified":"2024-09-12T06:51:39+00:00","breadcrumb":{"@id":"https:\/\/business.roovi.com\/hu\/baby-qboidz-primii-pasi-cuburi-de-constructie-pentru-bebelusi-my-first-steps-small-set\/p\/#breadcrumb"},"inLanguage":"hu","potentialAction":[{"@type":"ReadAction","target":["https:\/\/business.roovi.com\/hu\/baby-qboidz-primii-pasi-cuburi-de-constructie-pentru-bebelusi-my-first-steps-small-set\/p\/"]}]},{"@type":"BreadcrumbList","@id":"https:\/\/business.roovi.com\/hu\/baby-qboidz-primii-pasi-cuburi-de-constructie-pentru-bebelusi-my-first-steps-small-set\/p\/#breadcrumb","itemListElement":[{"@type":"ListItem","position":1,"name":"Home","item":"https:\/\/business.roovi.com\/hu\/"},{"@type":"ListItem","position":2,"name":"Shop","item":"https:\/\/business.roovi.com\/hu\/shop\/"},{"@type":"ListItem","position":3,"name":"Baby Qboidz Primii Pa\u0219i cuburi de construc\u021bie pentru bebelu\u0219i &#8211; My First Steps Small set"}]},{"@type":"WebSite","@id":"https:\/\/business.roovi.com\/hu\/#website","url":"https:\/\/business.roovi.com\/hu\/","name":"Roovi B2B","description":"Roovi Business Website","potentialAction":[{"@type":"SearchAction","target":{"@type":"EntryPoint","urlTemplate":"https:\/\/business.roovi.com\/hu\/?s={search_term_string}"},"query-input":"required name=search_term_string"}],"inLanguage":"hu"}]}},"_links":{"self":[{"href":"https:\/\/business.roovi.com\/hu\/wp-json\/wp\/v2\/product\/73527","targetHints":{"allow":["GET"]}}],"collection":[{"href":"https:\/\/business.roovi.com\/hu\/wp-json\/wp\/v2\/product"}],"about":[{"href":"https:\/\/business.roovi.com\/hu\/wp-json\/wp\/v2\/types\/product"}],"version-history":[{"count":0,"href":"https:\/\/business.roovi.com\/hu\/wp-json\/wp\/v2\/product\/73527\/revisions"}],"wp:featuredmedia":[{"embeddable":true,"href":"https:\/\/business.roovi.com\/hu\/wp-json\/wp\/v2\/media\/73114"}],"wp:attachment":[{"href":"https:\/\/business.roovi.com\/hu\/wp-json\/wp\/v2\/media?parent=73527"}],"wp:term":[{"taxonomy":"product_brand","embeddable":true,"href":"https:\/\/business.roovi.com\/hu\/wp-json\/wp\/v2\/product_brand?post=73527"},{"taxonomy":"product_cat","embeddable":true,"href":"https:\/\/business.roovi.com\/hu\/wp-json\/wp\/v2\/product_cat?post=73527"},{"taxonomy":"product_tag","embeddable":true,"href":"https:\/\/business.roovi.com\/hu\/wp-json\/wp\/v2\/product_tag?post=73527"}],"curies":[{"name":"wp","href":"https:\/\/api.w.org\/{rel}","templated":true}]}}