{"id":73607,"date":"2024-08-21T06:22:48","date_gmt":"2024-08-21T06:22:48","guid":{"rendered":"https:\/\/business.roovi.com\/inventatorul-de-jocuri-joc-interactiv-si-creativ\/p\/"},"modified":"2024-09-12T06:55:30","modified_gmt":"2024-09-12T06:55:30","slug":"inventatorul-de-jocuri-joc-interactiv-si-creativ","status":"publish","type":"product","link":"https:\/\/business.roovi.com\/hu\/inventatorul-de-jocuri-joc-interactiv-si-creativ\/p\/","title":{"rendered":"Inventatorul de Jocuri &#8211; Joc interactiv \u0219i creativ"},"content":{"rendered":"<p><em>Vrei s\u0103-l provoci pe copilul t\u0103u s\u0103 devin\u0103 creatorul propriilor jocuri de societate? S\u0103 se manifeste liber \u0219i creativ \u0219i s\u0103 se bucure de cum prind via\u021b\u0103 ideile sale? Inventatorul de jocuri este setul ideal pentru el!<\/em><\/p>\n<p>Acest joc ingenios \u0219i interactiv este conceput special pentru a stimula creativitatea copiilor. <strong>Inventatorul de jocuri<\/strong> le ofer\u0103 celor mici oportunitatea de a crea regulile, tema \u0219i strategia propriului joc. Ideile creative prind via\u021b\u0103 rapid \u0219i \u00eentreaga familie se poate bucura de jocul minunat conceput de micul designer de jocuri.<\/p>\n<p>Fie c\u0103 e\u0219ti \u00eencep\u0103tor, fie c\u0103 e\u0219ti un juc\u0103tor care a testat deja mai multe jocuri de societate pentru copii, <strong>Inventatorul de jocuri<\/strong> te provoac\u0103 s\u0103 \u00ee\u021bi testezi ingeniozitatea \u0219i s\u0103 creezi jocuri originale de care s\u0103 te bucuri al\u0103turi de prieteni sau \u00eempreun\u0103 cu familia.<\/p>\n<p>Jocuri simple, cu zar \u0219i pioni, jocuri de c\u0103r\u021bi inventate chiar de tine sau jocuri mai complexe, cu aventuri \u0219i provoc\u0103ri ce trebuie rezolvate contra timp, toate pot lua via\u021b\u0103 cu <strong>Inventatorul de jocuri.<\/strong> Imagina\u021bia ta este singura limit\u0103 pentru a crea cele mai palpitante jocuri pe care dore\u0219ti s\u0103 le experimentezi cu cei dragi.<\/p>\n<p><strong>A\u0219a c\u0103 nu mai sta pe g\u00e2nduri! \u00centoarce tabla, concepe designul \u0219i pune-\u021bi \u00een practic\u0103 toate ideile de joc!<\/strong><\/p>\n<p><strong>De ce s\u0103 alegi setul Inventatorul de jocuri:<\/strong><\/p>\n<ul>\n<li>Ofer\u0103 libertate total\u0103 de crea\u021bie \u0219i creeaz\u0103 astfel premizele ideale pentru stimularea creativit\u0103\u021bii copiilor.<\/li>\n<li>Include componente de joc variate (plan\u0219e, c\u0103r\u021bi de joc, zaruri, pioni etc.) cu ajutorul c\u0103rora copii pot crea o multitudine de jocuri pe care le pot testa cu prietenii sau cu familia.<\/li>\n<li>Dezvolt\u0103 g\u00e2ndirea strategic\u0103 \u0219i abilit\u0103\u021bile de planificare de la v\u00e2rste mici, fiind totodat\u0103 o oportunitate excelent\u0103 pentru juc\u0103tori de toate v\u00e2rstele s\u0103-\u0219i pun\u0103 imagina\u021bia la \u00eencercare.<\/li>\n<li>Stimuleaz\u0103 munca \u00een echip\u0103 \u0219i cooperarea.<\/li>\n<li>Este o bun\u0103 modalitate de a le cre\u0219te copiilor \u00eencrederea \u0219i stima de sine, primind aprecierea celor din jur pentru jocul creat.<\/li>\n<li>Este perfect de jucat \u00een familie, fiind astfel un prilej de a petrece timp de calitate \u00eempreun\u0103 cu copiii.<\/li>\n<\/ul>\n<p><strong>Inventatorul de jocuri<\/strong> nu este doar un joc, ci o experien\u021b\u0103 creativ\u0103 care v\u0103 aduce \u00eempreun\u0103 cu cei dragi \u0219i v\u0103 ofer\u0103 bucuria conect\u0103rii autentice. Alege\u021bi a\u0219adar acest set inovator \u0219i porni\u021bi \u00een cea mai tare aventur\u0103 de crea\u021bie \u0219i distrac\u021bie!<\/p>\n<p><strong>Jocul con\u021bine:<\/strong><br \/>\n3x Table de joc cu dou\u0103 fe\u021be<br \/>\n66x C\u0103r\u021bi de joc<br \/>\n6x Pioni din plastic<br \/>\n6x Pioni din carton cu suport<br \/>\n2x Zaruri<br \/>\n1x Clepsidr\u0103<br \/>\n6x Creioane colorate<br \/>\n1x Ghid cu sfaturi \u0219i idei pentru crearea jocurilor<\/p>\n","protected":false},"excerpt":{"rendered":"<p>Vrei s\u0103-l provoci pe copilul t\u0103u s\u0103 devin\u0103 creatorul propriilor jocuri de societate? S\u0103 se manifeste liber \u0219i creativ \u0219i<\/p>\n","protected":false},"featured_media":72779,"template":"","meta":[],"product_brand":[],"product_cat":[1901,1974,1858],"product_tag":[],"class_list":{"0":"post-73607","1":"product","2":"type-product","3":"status-publish","4":"has-post-thumbnail","6":"product_cat-kreativ-jatekok","7":"product_cat-rajzolas-festes-szinezes","8":"product_cat-tarsasjatekok","9":"pa_filter_age-14-hu","10":"pa_filter_age-7_9-hu","11":"pa_filter_age-9_14-hu","13":"first","14":"instock","15":"taxable","16":"shipping-taxable","17":"product-type-simple"},"yoast_head":"<!-- This site is optimized with the Yoast SEO plugin v20.1 - https:\/\/yoast.com\/wordpress\/plugins\/seo\/ -->\n<title>Inventatorul de Jocuri - Joc interactiv \u0219i creativ - Roovi B2B<\/title>\n<meta name=\"robots\" content=\"index, follow, max-snippet:-1, max-image-preview:large, max-video-preview:-1\" \/>\n<link rel=\"canonical\" href=\"https:\/\/business.roovi.com\/hu\/inventatorul-de-jocuri-joc-interactiv-si-creativ\/p\/\" \/>\n<meta property=\"og:locale\" content=\"hu_HU\" \/>\n<meta property=\"og:type\" content=\"article\" \/>\n<meta property=\"og:title\" content=\"Inventatorul de Jocuri - Joc interactiv \u0219i creativ - Roovi B2B\" \/>\n<meta property=\"og:description\" content=\"Vrei s\u0103-l provoci pe copilul t\u0103u s\u0103 devin\u0103 creatorul propriilor jocuri de societate? S\u0103 se manifeste liber \u0219i creativ \u0219i\" \/>\n<meta property=\"og:url\" content=\"https:\/\/business.roovi.com\/hu\/inventatorul-de-jocuri-joc-interactiv-si-creativ\/p\/\" \/>\n<meta property=\"og:site_name\" content=\"Roovi B2B\" \/>\n<meta property=\"article:publisher\" content=\"https:\/\/www.facebook.com\/wwwjucariero\" \/>\n<meta property=\"article:modified_time\" content=\"2024-09-12T06:55:30+00:00\" \/>\n<meta property=\"og:image\" content=\"https:\/\/business.roovi.com\/wp-content\/uploads\/2024\/08\/inventatorul-de-jocuri-min.jpg\" \/>\n\t<meta property=\"og:image:width\" content=\"1200\" \/>\n\t<meta property=\"og:image:height\" content=\"1200\" \/>\n\t<meta property=\"og:image:type\" content=\"image\/jpeg\" \/>\n<meta name=\"twitter:label1\" content=\"Becs\u00fclt olvas\u00e1si id\u0151\" \/>\n\t<meta name=\"twitter:data1\" content=\"2 perc\" \/>\n<script type=\"application\/ld+json\" class=\"yoast-schema-graph\">{\"@context\":\"https:\/\/schema.org\",\"@graph\":[{\"@type\":\"WebPage\",\"@id\":\"https:\/\/business.roovi.com\/hu\/inventatorul-de-jocuri-joc-interactiv-si-creativ\/p\/\",\"url\":\"https:\/\/business.roovi.com\/hu\/inventatorul-de-jocuri-joc-interactiv-si-creativ\/p\/\",\"name\":\"Inventatorul de Jocuri - Joc interactiv \u0219i creativ - Roovi B2B\",\"isPartOf\":{\"@id\":\"https:\/\/business.roovi.com\/hu\/#website\"},\"datePublished\":\"2024-08-21T06:22:48+00:00\",\"dateModified\":\"2024-09-12T06:55:30+00:00\",\"breadcrumb\":{\"@id\":\"https:\/\/business.roovi.com\/hu\/inventatorul-de-jocuri-joc-interactiv-si-creativ\/p\/#breadcrumb\"},\"inLanguage\":\"hu\",\"potentialAction\":[{\"@type\":\"ReadAction\",\"target\":[\"https:\/\/business.roovi.com\/hu\/inventatorul-de-jocuri-joc-interactiv-si-creativ\/p\/\"]}]},{\"@type\":\"BreadcrumbList\",\"@id\":\"https:\/\/business.roovi.com\/hu\/inventatorul-de-jocuri-joc-interactiv-si-creativ\/p\/#breadcrumb\",\"itemListElement\":[{\"@type\":\"ListItem\",\"position\":1,\"name\":\"Home\",\"item\":\"https:\/\/business.roovi.com\/hu\/\"},{\"@type\":\"ListItem\",\"position\":2,\"name\":\"Shop\",\"item\":\"https:\/\/business.roovi.com\/hu\/shop\/\"},{\"@type\":\"ListItem\",\"position\":3,\"name\":\"Inventatorul de Jocuri &#8211; Joc interactiv \u0219i creativ\"}]},{\"@type\":\"WebSite\",\"@id\":\"https:\/\/business.roovi.com\/hu\/#website\",\"url\":\"https:\/\/business.roovi.com\/hu\/\",\"name\":\"Roovi B2B\",\"description\":\"Roovi Business Website\",\"potentialAction\":[{\"@type\":\"SearchAction\",\"target\":{\"@type\":\"EntryPoint\",\"urlTemplate\":\"https:\/\/business.roovi.com\/hu\/?s={search_term_string}\"},\"query-input\":\"required name=search_term_string\"}],\"inLanguage\":\"hu\"}]}<\/script>\n<!-- \/ Yoast SEO plugin. -->","yoast_head_json":{"title":"Inventatorul de Jocuri - Joc interactiv \u0219i creativ - Roovi B2B","robots":{"index":"index","follow":"follow","max-snippet":"max-snippet:-1","max-image-preview":"max-image-preview:large","max-video-preview":"max-video-preview:-1"},"canonical":"https:\/\/business.roovi.com\/hu\/inventatorul-de-jocuri-joc-interactiv-si-creativ\/p\/","og_locale":"hu_HU","og_type":"article","og_title":"Inventatorul de Jocuri - Joc interactiv \u0219i creativ - Roovi B2B","og_description":"Vrei s\u0103-l provoci pe copilul t\u0103u s\u0103 devin\u0103 creatorul propriilor jocuri de societate? S\u0103 se manifeste liber \u0219i creativ \u0219i","og_url":"https:\/\/business.roovi.com\/hu\/inventatorul-de-jocuri-joc-interactiv-si-creativ\/p\/","og_site_name":"Roovi B2B","article_publisher":"https:\/\/www.facebook.com\/wwwjucariero","article_modified_time":"2024-09-12T06:55:30+00:00","og_image":[{"width":1200,"height":1200,"url":"https:\/\/business.roovi.com\/wp-content\/uploads\/2024\/08\/inventatorul-de-jocuri-min.jpg","type":"image\/jpeg"}],"twitter_misc":{"Becs\u00fclt olvas\u00e1si id\u0151":"2 perc"},"schema":{"@context":"https:\/\/schema.org","@graph":[{"@type":"WebPage","@id":"https:\/\/business.roovi.com\/hu\/inventatorul-de-jocuri-joc-interactiv-si-creativ\/p\/","url":"https:\/\/business.roovi.com\/hu\/inventatorul-de-jocuri-joc-interactiv-si-creativ\/p\/","name":"Inventatorul de Jocuri - Joc interactiv \u0219i creativ - Roovi B2B","isPartOf":{"@id":"https:\/\/business.roovi.com\/hu\/#website"},"datePublished":"2024-08-21T06:22:48+00:00","dateModified":"2024-09-12T06:55:30+00:00","breadcrumb":{"@id":"https:\/\/business.roovi.com\/hu\/inventatorul-de-jocuri-joc-interactiv-si-creativ\/p\/#breadcrumb"},"inLanguage":"hu","potentialAction":[{"@type":"ReadAction","target":["https:\/\/business.roovi.com\/hu\/inventatorul-de-jocuri-joc-interactiv-si-creativ\/p\/"]}]},{"@type":"BreadcrumbList","@id":"https:\/\/business.roovi.com\/hu\/inventatorul-de-jocuri-joc-interactiv-si-creativ\/p\/#breadcrumb","itemListElement":[{"@type":"ListItem","position":1,"name":"Home","item":"https:\/\/business.roovi.com\/hu\/"},{"@type":"ListItem","position":2,"name":"Shop","item":"https:\/\/business.roovi.com\/hu\/shop\/"},{"@type":"ListItem","position":3,"name":"Inventatorul de Jocuri &#8211; Joc interactiv \u0219i creativ"}]},{"@type":"WebSite","@id":"https:\/\/business.roovi.com\/hu\/#website","url":"https:\/\/business.roovi.com\/hu\/","name":"Roovi B2B","description":"Roovi Business Website","potentialAction":[{"@type":"SearchAction","target":{"@type":"EntryPoint","urlTemplate":"https:\/\/business.roovi.com\/hu\/?s={search_term_string}"},"query-input":"required name=search_term_string"}],"inLanguage":"hu"}]}},"_links":{"self":[{"href":"https:\/\/business.roovi.com\/hu\/wp-json\/wp\/v2\/product\/73607","targetHints":{"allow":["GET"]}}],"collection":[{"href":"https:\/\/business.roovi.com\/hu\/wp-json\/wp\/v2\/product"}],"about":[{"href":"https:\/\/business.roovi.com\/hu\/wp-json\/wp\/v2\/types\/product"}],"version-history":[{"count":0,"href":"https:\/\/business.roovi.com\/hu\/wp-json\/wp\/v2\/product\/73607\/revisions"}],"wp:featuredmedia":[{"embeddable":true,"href":"https:\/\/business.roovi.com\/hu\/wp-json\/wp\/v2\/media\/72779"}],"wp:attachment":[{"href":"https:\/\/business.roovi.com\/hu\/wp-json\/wp\/v2\/media?parent=73607"}],"wp:term":[{"taxonomy":"product_brand","embeddable":true,"href":"https:\/\/business.roovi.com\/hu\/wp-json\/wp\/v2\/product_brand?post=73607"},{"taxonomy":"product_cat","embeddable":true,"href":"https:\/\/business.roovi.com\/hu\/wp-json\/wp\/v2\/product_cat?post=73607"},{"taxonomy":"product_tag","embeddable":true,"href":"https:\/\/business.roovi.com\/hu\/wp-json\/wp\/v2\/product_tag?post=73607"}],"curies":[{"name":"wp","href":"https:\/\/api.w.org\/{rel}","templated":true}]}}