{"id":73616,"date":"2024-05-29T09:57:25","date_gmt":"2024-05-29T09:57:25","guid":{"rendered":"https:\/\/business.roovi.com\/bingo-buboo-numerele-braille\/p\/"},"modified":"2024-09-12T06:55:42","modified_gmt":"2024-09-12T06:55:42","slug":"bingo-buboo-numerele-braille","status":"publish","type":"product","link":"https:\/\/business.roovi.com\/hu\/bingo-buboo-numerele-braille\/p\/","title":{"rendered":"BINGO BUBOO Numerele &#8211; Braille"},"content":{"rendered":"<p><em><strong>Descoper\u0103 Bingo Buboo &#8211; un joc incluziv special creat pentru a oferi o experien\u021b\u0103 grozav\u0103 de \u00eenv\u0103\u021bare prin joac\u0103, accesibil tuturor copiilor, inclusiv celor cu probleme de vedere.<\/strong><\/em><\/p>\n<p>\u00cendr\u0103gita bufni\u021b\u0103 Buboo revine \u00eentr-un joc nou \u0219i inovator ce \u00eembin\u0103 elemente tactile \u0219i vizuale pentru a facilita \u00eenv\u0103\u021bareanumerelor prin asociere, \u00eentr-un mod distractiv \u0219i interactiv.<\/p>\n<p>Bingo Buboo con\u021bine piese de joc care sunt marcate cu numere \u00een Braille pentru ca \u0219i copiii cu deficien\u021be de vedere s\u0103 se bucure de joc al\u0103turi de cei cu vedere normal\u0103. \u00cen plus, Bingo Buboo ofer\u0103 oportunitatea perfect\u0103 pentru ca oricine s\u0103 se familiarizeze sau s\u0103 \u00eenve\u021be sistemul Braille.<\/p>\n<p>Jocul Bingo Buboo \u00eei ajut\u0103 pe cei mici s\u0103 \u00ee\u0219i dezvolte g\u00e2ndirea logico-matematic\u0103 \u0219i agilitatea \u00een \u00eencercarea de a-\u0219i completa rapid cu numerele potrivite cartona\u0219ele Buboo. Totodat\u0103 este o modalitate pl\u0103cut\u0103 de a te conecta cu cei mici \u0219i de a v\u0103 apropia prin joac\u0103 \u0219i veselie.<\/p>\n<p><strong>\u0218tiai c\u0103 jocul Bingo Buboo\u2026<\/strong><\/p>\n<ul>\n<li>Stimuleaz\u0103 dezvoltarea g\u00e2ndirii asociative la copii, ace\u0219tia colect\u00e2nd jetoanele potrivite pe cartona\u0219ul Buboo pentru a c\u00e2\u0219tiga jocul.<\/li>\n<li>Favorizeaz\u0103 dezvoltarea responsabilit\u0103\u021bii \u0219i a grijii fa\u021b\u0103 de ceilal\u021bi, unul dintre juc\u0103tori fiind desemnat de la \u00eenceput moderator pentru ca jocul s\u0103 fie accesibil \u0219i juc\u0103torilor cu deficien\u021be de vedere.<\/li>\n<li>Este un bun exerci\u021biu de r\u0103bdare \u0219i perseveren\u021b\u0103, copiii \u00eenv\u0103\u021b\u00e2nd astfel s\u0103 \u00ee\u0219i a\u0219tepte r\u00e2ndul la joc \u0219i s\u0103 completeze r\u0103bd\u0103tori pe cartona\u0219ele proprii jetoanele potrivite.<\/li>\n<li>Stimuleaz\u0103 competi\u021bia s\u0103n\u0103toas\u0103 \u00eentre micii participan\u021bi la joc, bufni\u021ba Buboo oferind jetoanele aleatoriu, f\u0103r\u0103 a ajuta sau a favoriza vreun juc\u0103tor.<\/li>\n<li>Simpatica Buboo transform\u0103 \u00eenv\u0103\u021barea numerelor \u00eentr-o activitate pl\u0103cut\u0103 \u0219i motivant\u0103, stimul\u00e2nd curiozitatea \u0219i dorin\u021ba celor mici de a explora matematica.<\/li>\n<\/ul>\n<p><strong>Bingo Buboo \u2013 un joc incluziv super distractiv<\/strong><\/p>\n<p>Elementul de noutate al acestui joc este sistemul Braille care \u00eel face un joc incluziv, potrivit deopotriv\u0103 pentru copiii cu vedere normal, c\u00e2t \u0219i pentru cei nev\u0103z\u0103tori sau cu probleme de vedere.<\/p>\n<p>Interac\u021biunea prin jocul Bibgo Buboo contribuie la formarea unei atitudini tolerante, de acceptare a celor care sunt diferi\u021bi \u0219i favorizeaz\u0103 totodat\u0103 integrarea \u00een grup a micu\u021bilor cu probleme de vedere.<\/p>\n<p>Dac\u0103 \u00ee\u021bi dore\u0219ti un joc adaptat la nevoile copiilor, indiferent de abilit\u0103\u021bile lor vizuale, un joc smart care s\u0103 le ofere celor mici posibilitatea de a se juca \u0219i a \u00eenv\u0103\u021ba \u00eentr-un mod sigur \u0219i s\u0103n\u0103tos, Bingo Buboo este alegerea perfect\u0103.<\/p>\n","protected":false},"excerpt":{"rendered":"<p>Descoper\u0103 Bingo Buboo &#8211; un joc incluziv special creat pentru a oferi o experien\u021b\u0103 grozav\u0103 de \u00eenv\u0103\u021bare prin joac\u0103, accesibil<\/p>\n","protected":false},"featured_media":72715,"template":"","meta":[],"product_brand":[],"product_cat":[1861,2007,1900,1858],"product_tag":[],"class_list":{"0":"post-73616","1":"product","2":"type-product","3":"status-publish","4":"has-post-thumbnail","6":"product_cat-edukativ-es-kvizjatekok","7":"product_cat-edukativ-jatekok","8":"product_cat-oktatasi-es-tudomanyos-jatekok","9":"product_cat-tarsasjatekok","11":"first","12":"instock","13":"taxable","14":"shipping-taxable","15":"product-type-simple"},"yoast_head":"<!-- This site is optimized with the Yoast SEO plugin v20.1 - https:\/\/yoast.com\/wordpress\/plugins\/seo\/ -->\n<title>BINGO BUBOO Numerele - Braille - Roovi B2B<\/title>\n<meta name=\"robots\" content=\"index, follow, max-snippet:-1, max-image-preview:large, max-video-preview:-1\" \/>\n<link rel=\"canonical\" href=\"https:\/\/business.roovi.com\/hu\/bingo-buboo-numerele-braille\/p\/\" \/>\n<meta property=\"og:locale\" content=\"hu_HU\" \/>\n<meta property=\"og:type\" content=\"article\" \/>\n<meta property=\"og:title\" content=\"BINGO BUBOO Numerele - Braille - Roovi B2B\" \/>\n<meta property=\"og:description\" content=\"Descoper\u0103 Bingo Buboo &#8211; un joc incluziv special creat pentru a oferi o experien\u021b\u0103 grozav\u0103 de \u00eenv\u0103\u021bare prin joac\u0103, accesibil\" \/>\n<meta property=\"og:url\" content=\"https:\/\/business.roovi.com\/hu\/bingo-buboo-numerele-braille\/p\/\" \/>\n<meta property=\"og:site_name\" content=\"Roovi B2B\" \/>\n<meta property=\"article:publisher\" content=\"https:\/\/www.facebook.com\/wwwjucariero\" \/>\n<meta property=\"article:modified_time\" content=\"2024-09-12T06:55:42+00:00\" \/>\n<meta property=\"og:image\" content=\"https:\/\/business.roovi.com\/wp-content\/uploads\/2024\/05\/Bingo-Buboo_250kb.jpg\" \/>\n\t<meta property=\"og:image:width\" content=\"1200\" \/>\n\t<meta property=\"og:image:height\" content=\"1200\" \/>\n\t<meta property=\"og:image:type\" content=\"image\/jpeg\" \/>\n<meta name=\"twitter:label1\" content=\"Becs\u00fclt olvas\u00e1si id\u0151\" \/>\n\t<meta name=\"twitter:data1\" content=\"2 perc\" \/>\n<script type=\"application\/ld+json\" class=\"yoast-schema-graph\">{\"@context\":\"https:\/\/schema.org\",\"@graph\":[{\"@type\":\"WebPage\",\"@id\":\"https:\/\/business.roovi.com\/hu\/bingo-buboo-numerele-braille\/p\/\",\"url\":\"https:\/\/business.roovi.com\/hu\/bingo-buboo-numerele-braille\/p\/\",\"name\":\"BINGO BUBOO Numerele - Braille - Roovi B2B\",\"isPartOf\":{\"@id\":\"https:\/\/business.roovi.com\/hu\/#website\"},\"datePublished\":\"2024-05-29T09:57:25+00:00\",\"dateModified\":\"2024-09-12T06:55:42+00:00\",\"breadcrumb\":{\"@id\":\"https:\/\/business.roovi.com\/hu\/bingo-buboo-numerele-braille\/p\/#breadcrumb\"},\"inLanguage\":\"hu\",\"potentialAction\":[{\"@type\":\"ReadAction\",\"target\":[\"https:\/\/business.roovi.com\/hu\/bingo-buboo-numerele-braille\/p\/\"]}]},{\"@type\":\"BreadcrumbList\",\"@id\":\"https:\/\/business.roovi.com\/hu\/bingo-buboo-numerele-braille\/p\/#breadcrumb\",\"itemListElement\":[{\"@type\":\"ListItem\",\"position\":1,\"name\":\"Home\",\"item\":\"https:\/\/business.roovi.com\/hu\/\"},{\"@type\":\"ListItem\",\"position\":2,\"name\":\"Shop\",\"item\":\"https:\/\/business.roovi.com\/hu\/shop\/\"},{\"@type\":\"ListItem\",\"position\":3,\"name\":\"BINGO BUBOO Numerele &#8211; Braille\"}]},{\"@type\":\"WebSite\",\"@id\":\"https:\/\/business.roovi.com\/hu\/#website\",\"url\":\"https:\/\/business.roovi.com\/hu\/\",\"name\":\"Roovi B2B\",\"description\":\"Roovi Business Website\",\"potentialAction\":[{\"@type\":\"SearchAction\",\"target\":{\"@type\":\"EntryPoint\",\"urlTemplate\":\"https:\/\/business.roovi.com\/hu\/?s={search_term_string}\"},\"query-input\":\"required name=search_term_string\"}],\"inLanguage\":\"hu\"}]}<\/script>\n<!-- \/ Yoast SEO plugin. -->","yoast_head_json":{"title":"BINGO BUBOO Numerele - Braille - Roovi B2B","robots":{"index":"index","follow":"follow","max-snippet":"max-snippet:-1","max-image-preview":"max-image-preview:large","max-video-preview":"max-video-preview:-1"},"canonical":"https:\/\/business.roovi.com\/hu\/bingo-buboo-numerele-braille\/p\/","og_locale":"hu_HU","og_type":"article","og_title":"BINGO BUBOO Numerele - Braille - Roovi B2B","og_description":"Descoper\u0103 Bingo Buboo &#8211; un joc incluziv special creat pentru a oferi o experien\u021b\u0103 grozav\u0103 de \u00eenv\u0103\u021bare prin joac\u0103, accesibil","og_url":"https:\/\/business.roovi.com\/hu\/bingo-buboo-numerele-braille\/p\/","og_site_name":"Roovi B2B","article_publisher":"https:\/\/www.facebook.com\/wwwjucariero","article_modified_time":"2024-09-12T06:55:42+00:00","og_image":[{"width":1200,"height":1200,"url":"https:\/\/business.roovi.com\/wp-content\/uploads\/2024\/05\/Bingo-Buboo_250kb.jpg","type":"image\/jpeg"}],"twitter_misc":{"Becs\u00fclt olvas\u00e1si id\u0151":"2 perc"},"schema":{"@context":"https:\/\/schema.org","@graph":[{"@type":"WebPage","@id":"https:\/\/business.roovi.com\/hu\/bingo-buboo-numerele-braille\/p\/","url":"https:\/\/business.roovi.com\/hu\/bingo-buboo-numerele-braille\/p\/","name":"BINGO BUBOO Numerele - Braille - Roovi B2B","isPartOf":{"@id":"https:\/\/business.roovi.com\/hu\/#website"},"datePublished":"2024-05-29T09:57:25+00:00","dateModified":"2024-09-12T06:55:42+00:00","breadcrumb":{"@id":"https:\/\/business.roovi.com\/hu\/bingo-buboo-numerele-braille\/p\/#breadcrumb"},"inLanguage":"hu","potentialAction":[{"@type":"ReadAction","target":["https:\/\/business.roovi.com\/hu\/bingo-buboo-numerele-braille\/p\/"]}]},{"@type":"BreadcrumbList","@id":"https:\/\/business.roovi.com\/hu\/bingo-buboo-numerele-braille\/p\/#breadcrumb","itemListElement":[{"@type":"ListItem","position":1,"name":"Home","item":"https:\/\/business.roovi.com\/hu\/"},{"@type":"ListItem","position":2,"name":"Shop","item":"https:\/\/business.roovi.com\/hu\/shop\/"},{"@type":"ListItem","position":3,"name":"BINGO BUBOO Numerele &#8211; Braille"}]},{"@type":"WebSite","@id":"https:\/\/business.roovi.com\/hu\/#website","url":"https:\/\/business.roovi.com\/hu\/","name":"Roovi B2B","description":"Roovi Business Website","potentialAction":[{"@type":"SearchAction","target":{"@type":"EntryPoint","urlTemplate":"https:\/\/business.roovi.com\/hu\/?s={search_term_string}"},"query-input":"required name=search_term_string"}],"inLanguage":"hu"}]}},"_links":{"self":[{"href":"https:\/\/business.roovi.com\/hu\/wp-json\/wp\/v2\/product\/73616","targetHints":{"allow":["GET"]}}],"collection":[{"href":"https:\/\/business.roovi.com\/hu\/wp-json\/wp\/v2\/product"}],"about":[{"href":"https:\/\/business.roovi.com\/hu\/wp-json\/wp\/v2\/types\/product"}],"version-history":[{"count":0,"href":"https:\/\/business.roovi.com\/hu\/wp-json\/wp\/v2\/product\/73616\/revisions"}],"wp:featuredmedia":[{"embeddable":true,"href":"https:\/\/business.roovi.com\/hu\/wp-json\/wp\/v2\/media\/72715"}],"wp:attachment":[{"href":"https:\/\/business.roovi.com\/hu\/wp-json\/wp\/v2\/media?parent=73616"}],"wp:term":[{"taxonomy":"product_brand","embeddable":true,"href":"https:\/\/business.roovi.com\/hu\/wp-json\/wp\/v2\/product_brand?post=73616"},{"taxonomy":"product_cat","embeddable":true,"href":"https:\/\/business.roovi.com\/hu\/wp-json\/wp\/v2\/product_cat?post=73616"},{"taxonomy":"product_tag","embeddable":true,"href":"https:\/\/business.roovi.com\/hu\/wp-json\/wp\/v2\/product_tag?post=73616"}],"curies":[{"name":"wp","href":"https:\/\/api.w.org\/{rel}","templated":true}]}}