{"id":21650,"date":"2022-04-11T15:09:50","date_gmt":"2022-04-11T15:09:50","guid":{"rendered":"https:\/\/business.roovi.com\/?page_id=21650"},"modified":"2022-07-06T08:02:22","modified_gmt":"2022-07-06T08:02:22","slug":"termeni-conditii","status":"publish","type":"page","link":"https:\/\/business.roovi.com\/ro\/termeni-conditii\/","title":{"rendered":"Termeni \u0219i Condi\u021bii"},"content":{"rendered":"\n<h2 class=\"wp-block-heading\">1. Domeniul de aplicare<\/h2>\n\n\n\n<p>(1) Ace\u0219ti termeni \u0219i condi\u021bii se aplic\u0103 contractelor \u00eencheiate \u00eentre dumneavoastr\u0103 \u0219i noi, D-Toys S.A., Str Constructorilor 2, Sf Gheorghe, Rom\u00e2nia 520077, reprezentat\u0103 de directorul general Alex Bute, prin intermediul acestui magazin online, cu excep\u021bia cazului \u00een care se convine \u00een mod expres altfel printr-un acord scris \u00eentre dumneavoastr\u0103 \u0219i noi. Termenii \u0219i condi\u021biile divergente sau conflictuale nu vor fi recunoscute de noi, cu excep\u021bia cazului \u00een care am fost de acord \u00een mod expres cu acestea.<\/p>\n\n\n\n<p>(2) Ve\u021bi fi notificat \u00een scris, prin po\u0219t\u0103 sau prin e-mail, cu privire la orice modificare a acestor termeni \u0219i condi\u021bii. \u00cen cazul \u00een care nu obiecta\u021bi la o modificare \u00een termen de dou\u0103 s\u0103pt\u0103m\u00e2ni de la primirea notific\u0103rii, se consider\u0103 c\u0103 modific\u0103rile au fost acceptate de dumneavoastr\u0103. Ve\u021bi fi informat separat cu privire la dreptul de a obiecta \u0219i la consecin\u021bele juridice ale t\u0103cerii \u00een cazul unei modific\u0103ri a termenilor \u0219i condi\u021biilor.<\/p>\n\n\n\n<h2 class=\"wp-block-heading\">2. \u00cenregistrarea \u00een calitate de utilizator<\/h2>\n\n\n\n<p>(1) \u00cenregistrarea dvs. \u00een sistemul nostru de comenzi este gratuit\u0103. Nu exist\u0103 niciun drept de admitere la sistemul nostru de comenzi. Doar persoanele cu capacitate juridic\u0103 nelimitat\u0103 au dreptul de a participa. La cererea noastr\u0103, trebuie s\u0103 ne trimite\u021bi o copie a c\u0103r\u021bii de identitate sau s\u0103 ne indica\u021bi num\u0103rul de identificare TVA \u0219i s\u0103 documenta\u021bi \u00eenregistrarea dumneavoastr\u0103. Datele necesare pentru \u00eenregistrare trebuie s\u0103 fie furnizate de dumneavoastr\u0103 \u00een mod complet \u0219i sincer. \u00cen momentul \u00eenregistr\u0103rii, alege\u021bi o parol\u0103. Sunte\u021bi obligat s\u0103 p\u0103stra\u021bi parola secret\u0103 \u0219i s\u0103 nu o dezv\u0103lui\u021bi \u00een niciun caz unor ter\u021be p\u0103r\u021bi.<\/p>\n\n\n\n<p>(2) \u00cen afar\u0103 de faptul c\u0103 v\u0103 declara\u021bi de acord cu valabilitatea acestor Termeni \u0219i condi\u021bii generale, \u00eenregistrarea dvs. nu este asociat\u0103 cu nicio obliga\u021bie. V\u0103 pute\u021bi \u0219terge \u00eenscrierea \u00een orice moment, trimi\u021b\u00e2nd un e-mail la sales@roovi.ro. Prin simplul fapt c\u0103 v-a\u021bi \u00eenregistrat la noi, nu ave\u021bi nicio obliga\u021bie de a achizi\u021biona vreunul dintre bunurile oferite de noi.<\/p>\n\n\n\n<p>(3) \u00cen cazul \u00een care datele dvs. personale se modific\u0103, sunte\u021bi responsabil pentru actualizarea acestora. Toate modific\u0103rile trebuie s\u0103 ne fie notificate \u00een scris, prin e-mail sau scrisoare.<\/p>\n\n\n\n<h2 class=\"wp-block-heading\">3. Note privind prelucrarea datelor<\/h2>\n\n\n\n<p>(1) \u00cen conformitate cu normele GDPR, colect\u0103m \u0219i prelucr\u0103m date cu caracter personal pentru executarea unui contract \u0219i la deschiderea unui cont de client. Ce date sunt colectate pot fi v\u0103zute din formularele de introducere respective. \u0218tergerea contului de client este posibil\u0103 \u00een orice moment \u0219i poate fi f\u0103cut\u0103 prin trimiterea unui mesaj. Noi stoc\u0103m \u0219i folosim datele furnizate \u00een scopul prelucr\u0103rii contractului. Dup\u0103 procesarea complet\u0103 a contractului sau \u0219tergerea contului de client, datele vor fi blocate \u00een ceea ce prive\u0219te perioadele de p\u0103strare din punct de vedere fiscal \u0219i comercial \u0219i \u0219terse dup\u0103 expirarea acestor perioade, cu excep\u021bia cazului \u00een care v-a\u021bi dat acordul expres pentru utilizarea ulterioar\u0103 a datelor sau ne-am rezervat dreptul de a permite \u00een mod legal utilizarea ulterioar\u0103 a datelor.<\/p>\n\n\n\n<p>(2) Pentru a v\u0103 procesa comanda, lucr\u0103m \u00eempreun\u0103 cu furnizori de servicii care ne sprijin\u0103, \u00een totalitate sau par\u021bial, \u00een executarea contractelor \u00eencheiate. Anumite date cu caracter personal sunt transferate c\u0103tre ace\u0219ti furnizori de servicii \u00een conformitate cu urm\u0103toarele informa\u021bii. De exemplu, datele cu caracter personal colectate de noi vor fi transmise firmei de transport \u00eens\u0103rcinate cu livrarea \u00een cadrul prelucr\u0103rii contractului, \u00een m\u0103sura \u00een care acest lucru este necesar pentru livrarea bunurilor. Transmitem datele dvs. de plat\u0103 institu\u021biei de credit comisionate \u00een cadrul proces\u0103rii pl\u0103\u021bilor, \u00een m\u0103sura \u00een care acest lucru este necesar pentru procesarea pl\u0103\u021bilor. Temeiul juridic pentru transferul de date este reprezentat de normele europene ale GDPR.<\/p>\n\n\n\n<p>(3) \u00cen cazul \u00een care v\u0103 \u00eenregistra\u021bi pentru newsletter-ul nostru prin e-mail, v\u0103 vom trimite periodic informa\u021bii despre ofertele noastre. Prin \u00eenregistrare, ne da\u021bi consim\u021b\u0103m\u00e2ntul pentru utilizarea datelor dvs. cu caracter personal \u00een conformitate cu normele europene GDPR. Atunci c\u00e2nd v\u0103 \u00eenregistra\u021bi pentru buletinul informativ, stoc\u0103m adresa IP introdus\u0103 de furnizorul dvs. de servicii de internet (ISP), precum \u0219i data \u0219i ora \u00eenregistr\u0103rii, pentru a putea urm\u0103ri ulterior orice posibil\u0103 utilizare abuziv\u0103 a adresei dvs. de e-mail. Datele colectate de noi atunci c\u00e2nd v\u0103 \u00eenregistra\u021bi pentru buletinul informativ sunt utilizate exclusiv \u00een scopul de a v\u0103 adresa \u00een mod publicitar prin intermediul buletinului informativ. V\u0103 pute\u021bi dezabona de la buletinul informativ \u00een orice moment prin intermediul linkului furnizat \u00een acest scop \u00een buletinul informativ sau prin trimiterea unui mesaj corespunz\u0103tor persoanei responsabile men\u021bionate la \u00eenceput. Dup\u0103 dezabonare, adresa dvs. de e-mail va fi \u0219tears\u0103 imediat din lista noastr\u0103 de distribu\u021bie a buletinului informativ, cu excep\u021bia cazului \u00een care v-a\u021bi dat acordul expres pentru utilizarea ulterioar\u0103 a datelor dvs. sau ne rezerv\u0103m dreptul de a utiliza datele dvs. \u00eentr-un mod care dep\u0103\u0219e\u0219te acest scop, care este permis de lege \u0219i despre care v\u0103 inform\u0103m \u00een aceast\u0103 declara\u021bie.<\/p>\n\n\n\n<p>(4) \u00cen cazul \u00een care ne-a\u021bi furnizat adresa dvs. de e-mail la achizi\u021bionarea de bunuri, ne rezerv\u0103m dreptul de a v\u0103 trimite \u00een mod regulat prin e-mail oferte pentru bunuri sau servicii similare cu cele deja achizi\u021bionate din gama noastr\u0103. \u00cen acest sens, prelucrarea datelor se efectueaz\u0103 exclusiv pe baza interesului nostru legitim \u00een ceea ce prive\u0219te publicitatea direct\u0103 personalizat\u0103, \u00een conformitate cu art. 6 alin. 1 lit. f GDPR. Ave\u021bi dreptul s\u0103 v\u0103 opune\u021bi \u00een orice moment, cu efect pentru viitor, la utilizarea adresei dvs. de e-mail \u00een scopul publicitar men\u021bionat mai sus, prin notificarea noastr\u0103.<\/p>\n\n\n\n<h2 class=\"wp-block-heading\">4. \u00cencheierea contractului, limba contractului<\/h2>\n\n\n\n<p>(1) Prezentarea bunurilor \u00een magazinul nostru online nu constituie o ofert\u0103 cu caracter juridic obligatoriu, ci o invita\u021bie la comand\u0103 (invitatio ad offerendum).<\/p>\n\n\n\n<p>(2) Prin ap\u0103sarea butonului &#8222;Comand\u0103 sub rezerva pl\u0103\u021bii&#8221; \u00een ultimul pas al procesului de comand\u0103, face\u021bi o ofert\u0103 obligatorie de a cump\u0103ra sau de a rezerva bunurile afi\u0219ate \u00een prezentarea general\u0103 a comenzii. Imediat dup\u0103 trimiterea comenzii, ve\u021bi primi o confirmare a comenzii, care, cu toate acestea, nu constituie o acceptare a ofertei contractuale. Un contract \u00eentre dumneavoastr\u0103 \u0219i noi este \u00eencheiat de \u00eendat\u0103 ce accept\u0103m comanda \u0219i\/sau rezervarea prin intermediul unui e-mail separat sau expediem bunurile. V\u0103 rug\u0103m s\u0103 verifica\u021bi cu regularitate dosarul SPAM din c\u0103su\u021ba dvs. de e-mail.<\/p>\n\n\n\n<p>(3) Pute\u021bi selecta bunurile pentru achizi\u021bionare \u00een magazinul nostru online, plas\u00e2ndu-le \u00eentr-un co\u0219 de cump\u0103r\u0103turi, f\u0103c\u00e2nd clic pe butonul corespunz\u0103tor. Dac\u0103 dori\u021bi s\u0103 finaliza\u021bi comanda, merge\u021bi la co\u0219ul de cump\u0103r\u0103turi, unde ve\u021bi fi ghidat prin restul procesului de comand\u0103. Dup\u0103 selectarea articolelor din co\u0219ul de cump\u0103r\u0103turi \u0219i introducerea tuturor datelor necesare privind comanda \u0219i adresa \u00een etapa urm\u0103toare, dac\u0103 face\u021bi clic pe butonul &#8222;Continuare&#8221;, se va deschide o pagin\u0103 \u00een care sunt rezumate din nou detaliile esen\u021biale ale articolului, inclusiv eventualele costuri suportate. P\u00e2n\u0103 \u00een acest moment pute\u021bi corecta datele introduse sau pute\u021bi s\u0103 nu declara\u021bi contractul. Numai prin ap\u0103sarea ulterioar\u0103 a butonului &#8222;Comand\u0103 sub rezerva pl\u0103\u021bii&#8221; se face o ofert\u0103 obligatorie \u00een sensul alineatului (2).<\/p>\n\n\n\n<p>(4) Limba pus\u0103 la dispozi\u021bie pentru \u00eencheierea contractului este exclusiv limba rom\u00e2n\u0103. Traducerile \u00een alte limbi sunt oferite doar pentru informare. \u00cen cazul unor contradic\u021bii \u00eentre textul \u00een limba romana \u0219i traducere, textul \u00een limba rom\u00e2n\u0103 are prioritate.<\/p>\n\n\n\n<h2 class=\"wp-block-heading\">5. Not\u0103 de rectificare<\/h2>\n\n\n\n<p>\u00cen cadrul procesului de comand\u0103, mai \u00eent\u00e2i plasa\u021bi bunurile dorite \u00een co\u0219ul de cump\u0103r\u0103turi. Acolo pute\u021bi modifica \u00een orice moment num\u0103rul dorit de articole sau pute\u021bi elimina complet bunurile sau serviciile selectate. Dac\u0103 a\u021bi plasat bunurile sau serviciile \u00een co\u0219ul de cump\u0103r\u0103turi, dac\u0103 face\u021bi clic pe butoanele &#8222;Continuare&#8221;, ve\u021bi ajunge pe o pagin\u0103 \u00een care pute\u021bi introduce datele dumneavoastr\u0103. \u00cen cele din urm\u0103, se va deschide o pagin\u0103 de prezentare general\u0103 unde pute\u021bi verifica intr\u0103rile dvs. Pute\u021bi corecta erorile de introducere (de exemplu, \u00een ceea ce prive\u0219te datele sau num\u0103rul dorit de articole) f\u0103c\u00e2nd clic pe &#8222;Editare&#8221; \u00een c\u00e2mpul respectiv. Dac\u0103 dori\u021bi s\u0103 anula\u021bi complet procesul de comand\u0103, pute\u021bi pur \u0219i simplu s\u0103 \u00eenchide\u021bi fereastra browserului. \u00cen caz contrar, dup\u0103 ce face\u021bi clic pe butonul de confirmare &#8222;Comand\u0103 cu obliga\u021bie de plat\u0103&#8221;, declara\u021bia dvs. devine obligatorie \u00een sensul punctului 4, alineatul 2 din ace\u0219ti Termeni \u0219i condi\u021bii generale.<\/p>\n\n\n\n<h2 class=\"wp-block-heading\">6. Stocarea textului contractului<\/h2>\n\n\n\n<p>Prevederile contractuale cu detalii despre bunurile comandate, inclusiv ace\u0219ti Termeni \u0219i condi\u021bii generale \u0219i politica de anulare, v\u0103 vor fi trimise prin e-mail odat\u0103 cu acceptarea ofertei contractuale sau cu notificarea acesteia. Noi nu stoc\u0103m termenii \u0219i condi\u021biile contractuale.<\/p>\n\n\n\n<h2 class=\"wp-block-heading\">7. Condi\u021bii de plat\u0103<\/h2>\n\n\n\n<p>Pre\u021bul de achizi\u021bie este datorat imediat cu comanda. Se aplic\u0103 condi\u021biile de plat\u0103 convenite individual cu dumneavoastr\u0103. Plata bunurilor se efectueaz\u0103 prin transfer bancar sau prin intermediul furnizorilor no\u0219tri de servicii de plat\u0103.&nbsp;<\/p>\n\n\n\n<p>\u00cen cazul pl\u0103\u021bilor prin intermediul unor ter\u021bi, \u00een special \u00een cadrul acordurilor del credere, bunurile se consider\u0103 pl\u0103tite numai atunci c\u00e2nd plata a fost primit\u0103 de noi \u00een\u0219ine. \u00cen cazul \u00een care mai multe facturi sunt restante, pl\u0103\u021bile privind dob\u00e2nzile datorate se compenseaz\u0103 \u00een acest caz cu factura mai veche \u00een fiecare caz. Reducerile de numerar nu sunt admise.<\/p>\n\n\n\n<p>\u00cen absen\u021ba altor acorduri, livrarea c\u0103tre \u021b\u0103rile europene se face prin &#8222;cash contra documente&#8221;, f\u0103r\u0103 nicio deducere (net &#8211; net), c\u0103tre \u021b\u0103rile de peste m\u0103ri &#8211; numai contra plat\u0103 \u00een avans sau scrisoare de credit conform facturii pro forma, f\u0103r\u0103 nicio deducere (net &#8211; net).<\/p>\n\n\n\n<h2 class=\"wp-block-heading\">8. Reten\u021bia titlului de proprietate<\/h2>\n\n\n\n<p>(1) Bunurile r\u0103m\u00e2n \u00een proprietatea noastr\u0103 p\u00e2n\u0103 la plata integral\u0103. \u00cen cazul \u00een care ave\u021bi \u00eent\u00e2rzieri la plat\u0103 mai mari de 10 zile, avem dreptul de a ne retrage din contract \u0219i de a revendica bunurile.&nbsp;<\/p>\n\n\n\n<h2 class=\"wp-block-heading\">9. Condi\u021bii de livrare<\/h2>\n\n\n\n<p>(1) Livr\u0103m bunurile \u00een conformitate cu acordurile \u00eencheiate cu dumneavoastr\u0103. Orice costuri de transport suportate vor fi convenite individual \u0219i vor fi indicate separat de noi pe factur\u0103. Datele de livrare \u0219i perioadele de livrare sunt obligatorii numai dac\u0103 au fost confirmate de noi \u00een scris.<\/p>\n\n\n\n<p>(2) \u00cen m\u0103sura \u00een care nu livr\u0103m bunurile sau nu livr\u0103m bunurile \u00een conformitate cu contractul, trebuie s\u0103 ne acorda\u021bi o perioad\u0103 de gra\u021bie de 2 s\u0103pt\u0103m\u00e2ni pentru a efectua executarea. \u00cen caz contrar, nu ave\u021bi dreptul de a v\u0103 retrage din contract.<\/p>\n\n\n\n<h2 class=\"wp-block-heading\">10. Garan\u021bia pentru achizi\u021bionarea de bunuri<\/h2>\n\n\n\n<p>(1) \u00cen m\u0103sura \u00een care bunurile livrate sunt defecte, ave\u021bi dreptul, \u00een cadrul dispozi\u021biilor legale, s\u0103 solicita\u021bi o presta\u021bie ulterioar\u0103 sub forma remedierii defectului sau a livr\u0103rii unui articol f\u0103r\u0103 defecte. Noi avem dreptul de a alege tipul de executare ulterioar\u0103. \u00cen cazul \u00een care presta\u021bia suplimentar\u0103 e\u0219ueaz\u0103, ave\u021bi dreptul de a reduce pre\u021bul de achizi\u021bie sau de a v\u0103 retrage din contract, dac\u0103 sunt \u00eendeplinite cerin\u021bele legale. O condi\u021bie prealabil\u0103 pentru orice drept de garan\u021bie este ca dvs. s\u0103 \u00eendeplini\u021bi \u00een mod corespunz\u0103tor toate obliga\u021biile de inspec\u021bie \u0219i reclama\u021bie datorate.<\/p>\n\n\n\n<p>(2) Termenul de prescrip\u021bie pentru drepturile de garan\u021bie pentru bunurile livrate este &#8211; cu excep\u021bia cererilor de desp\u0103gubire &#8211; de paisprezece zile de la primirea bunurilor.<\/p>\n\n\n\n<h2 class=\"wp-block-heading\">11. Limitarea r\u0103spunderii<\/h2>\n\n\n\n<p>(1) R\u0103spundem pentru inten\u021bie \u0219i neglijen\u021b\u0103 grav\u0103. \u00cen plus, r\u0103spundem pentru \u00eenc\u0103lcarea din neglijen\u021b\u0103 a obliga\u021biilor a c\u0103ror \u00eendeplinire este esen\u021bial\u0103 pentru executarea corespunz\u0103toare a contractului, a c\u0103ror \u00eenc\u0103lcare pune \u00een pericol realizarea scopului contractului \u0219i a c\u0103ror respectare dumneavoastr\u0103, \u00een calitate de client, v\u0103 pute\u021bi baza \u00een mod regulat pe ea. Cu toate acestea, \u00een acest din urm\u0103 caz, vom fi r\u0103spunz\u0103tori doar pentru prejudiciul previzibil tipic acestui contract. Nu suntem r\u0103spunz\u0103tori pentru \u00eenc\u0103lcarea din neglijen\u021b\u0103 u\u0219oar\u0103 a altor obliga\u021bii dec\u00e2t cele specificate \u00een propozi\u021biile de mai sus.<\/p>\n\n\n\n<p>Excluderile de r\u0103spundere de mai sus nu se aplic\u0103 \u00een caz de v\u0103t\u0103mare a vie\u021bii, a integrit\u0103\u021bii corporale sau a s\u0103n\u0103t\u0103\u021bii. R\u0103spunderea \u00een temeiul Legii privind r\u0103spunderea pentru produse r\u0103m\u00e2ne neafectat\u0103.<\/p>\n\n\n\n<p>(2) Nu se poate garanta c\u0103 transmiterea de date prin intermediul internetului este lipsit\u0103 de erori \u0219i\/sau este disponibil\u0103 \u00een orice moment, \u00een conformitate cu stadiul actual al tehnologiei. \u00cen acest sens, nu suntem r\u0103spunz\u0103tori pentru disponibilitatea constant\u0103 \u0219i ne\u00eentrerupt\u0103 a sistemului nostru de comenzi online.<\/p>\n\n\n\n<h2 class=\"wp-block-heading\">12. Dispozi\u021bii finale<\/h2>\n\n\n\n<p>(1) Modific\u0103rile sau complet\u0103rile la ace\u0219ti termeni \u0219i condi\u021bii trebuie s\u0103 fie f\u0103cute \u00een scris. Acest lucru este valabil \u0219i pentru anularea acestei cerin\u021be de form\u0103 scris\u0103.<\/p>\n\n\n\n<p>(2) Se aplic\u0103 legile din Rom\u00e2nia, cu excep\u021bia Conven\u021biei ONU privind contractele de v\u00e2nzare interna\u021bional\u0103 de bunuri.<\/p>\n\n\n\n<p>(3) Locul de executare este Rom\u00e2nia, Sf\u00e2ntu Gheorghe. Locul exclusiv de jurisdic\u021bie pentru toate litigiile care decurg din sau \u00een leg\u0103tur\u0103 cu acest contract este Rom\u00e2nia, Sf\u00e2ntu Gheorghe.<\/p>\n\n\n\n<p>(4) \u00cen cazul \u00een care anumite prevederi individuale ale acestor termeni \u0219i condi\u021bii sunt invalide, acest lucru nu va afecta validitatea celorlalte prevederi. Dispozi\u021bia ineficace va fi \u00eenlocuit\u0103 de comun acord de c\u0103tre p\u0103r\u021bile contractante cu o dispozi\u021bie eficient\u0103 din punct de vedere juridic, care se apropie c\u00e2t mai mult posibil de sensul \u0219i scopul economic al dispozi\u021biei ineficiente. Dispozi\u021bia de mai sus se aplic\u0103 mutatis mutandis \u00een cazul unor lacune.<\/p>\n\n\n\n<hr class=\"wp-block-separator has-css-opacity is-style-wide\"\/>\n","protected":false},"excerpt":{"rendered":"<p>1. Domeniul de aplicare (1) Ace\u0219ti termeni \u0219i condi\u021bii se aplic\u0103 contractelor \u00eencheiate \u00eentre dumneavoastr\u0103 \u0219i noi, D-Toys S.A., Str<\/p>\n","protected":false},"author":1,"featured_media":0,"parent":0,"menu_order":0,"comment_status":"closed","ping_status":"closed","template":"","meta":{"footnotes":""},"class_list":["post-21650","page","type-page","status-publish","hentry"],"yoast_head":"<!-- This site is optimized with the Yoast SEO plugin v20.1 - https:\/\/yoast.com\/wordpress\/plugins\/seo\/ -->\n<title>Termeni \u0219i Condi\u021bii - Roovi B2B<\/title>\n<meta name=\"robots\" content=\"index, follow, max-snippet:-1, max-image-preview:large, max-video-preview:-1\" \/>\n<link rel=\"canonical\" href=\"https:\/\/business.roovi.com\/ro\/termeni-conditii\/\" \/>\n<meta property=\"og:locale\" content=\"ro_RO\" \/>\n<meta property=\"og:type\" content=\"article\" \/>\n<meta property=\"og:title\" content=\"Termeni \u0219i Condi\u021bii - Roovi B2B\" \/>\n<meta property=\"og:description\" content=\"1. Domeniul de aplicare (1) Ace\u0219ti termeni \u0219i condi\u021bii se aplic\u0103 contractelor \u00eencheiate \u00eentre dumneavoastr\u0103 \u0219i noi, D-Toys S.A., Str\" \/>\n<meta property=\"og:url\" content=\"https:\/\/business.roovi.com\/ro\/termeni-conditii\/\" \/>\n<meta property=\"og:site_name\" content=\"Roovi B2B\" \/>\n<meta property=\"article:publisher\" content=\"https:\/\/www.facebook.com\/wwwjucariero\" \/>\n<meta property=\"article:modified_time\" content=\"2022-07-06T08:02:22+00:00\" \/>\n<meta name=\"twitter:label1\" content=\"Timp estimat pentru citire\" \/>\n\t<meta name=\"twitter:data1\" content=\"9 minute\" \/>\n<script type=\"application\/ld+json\" class=\"yoast-schema-graph\">{\"@context\":\"https:\/\/schema.org\",\"@graph\":[{\"@type\":\"WebPage\",\"@id\":\"https:\/\/business.roovi.com\/ro\/termeni-conditii\/\",\"url\":\"https:\/\/business.roovi.com\/ro\/termeni-conditii\/\",\"name\":\"Termeni \u0219i Condi\u021bii - Roovi B2B\",\"isPartOf\":{\"@id\":\"https:\/\/business.roovi.com\/ro\/#website\"},\"datePublished\":\"2022-04-11T15:09:50+00:00\",\"dateModified\":\"2022-07-06T08:02:22+00:00\",\"breadcrumb\":{\"@id\":\"https:\/\/business.roovi.com\/ro\/termeni-conditii\/#breadcrumb\"},\"inLanguage\":\"ro-RO\",\"potentialAction\":[{\"@type\":\"ReadAction\",\"target\":[\"https:\/\/business.roovi.com\/ro\/termeni-conditii\/\"]}]},{\"@type\":\"BreadcrumbList\",\"@id\":\"https:\/\/business.roovi.com\/ro\/termeni-conditii\/#breadcrumb\",\"itemListElement\":[{\"@type\":\"ListItem\",\"position\":1,\"name\":\"Home\",\"item\":\"https:\/\/business.roovi.com\/ro\/\"},{\"@type\":\"ListItem\",\"position\":2,\"name\":\"Termeni \u0219i Condi\u021bii\"}]},{\"@type\":\"WebSite\",\"@id\":\"https:\/\/business.roovi.com\/ro\/#website\",\"url\":\"https:\/\/business.roovi.com\/ro\/\",\"name\":\"Roovi B2B\",\"description\":\"Roovi Business Website\",\"potentialAction\":[{\"@type\":\"SearchAction\",\"target\":{\"@type\":\"EntryPoint\",\"urlTemplate\":\"https:\/\/business.roovi.com\/ro\/?s={search_term_string}\"},\"query-input\":\"required name=search_term_string\"}],\"inLanguage\":\"ro-RO\"}]}<\/script>\n<!-- \/ Yoast SEO plugin. -->","yoast_head_json":{"title":"Termeni \u0219i Condi\u021bii - Roovi B2B","robots":{"index":"index","follow":"follow","max-snippet":"max-snippet:-1","max-image-preview":"max-image-preview:large","max-video-preview":"max-video-preview:-1"},"canonical":"https:\/\/business.roovi.com\/ro\/termeni-conditii\/","og_locale":"ro_RO","og_type":"article","og_title":"Termeni \u0219i Condi\u021bii - Roovi B2B","og_description":"1. Domeniul de aplicare (1) Ace\u0219ti termeni \u0219i condi\u021bii se aplic\u0103 contractelor \u00eencheiate \u00eentre dumneavoastr\u0103 \u0219i noi, D-Toys S.A., Str","og_url":"https:\/\/business.roovi.com\/ro\/termeni-conditii\/","og_site_name":"Roovi B2B","article_publisher":"https:\/\/www.facebook.com\/wwwjucariero","article_modified_time":"2022-07-06T08:02:22+00:00","twitter_misc":{"Timp estimat pentru citire":"9 minute"},"schema":{"@context":"https:\/\/schema.org","@graph":[{"@type":"WebPage","@id":"https:\/\/business.roovi.com\/ro\/termeni-conditii\/","url":"https:\/\/business.roovi.com\/ro\/termeni-conditii\/","name":"Termeni \u0219i Condi\u021bii - Roovi B2B","isPartOf":{"@id":"https:\/\/business.roovi.com\/ro\/#website"},"datePublished":"2022-04-11T15:09:50+00:00","dateModified":"2022-07-06T08:02:22+00:00","breadcrumb":{"@id":"https:\/\/business.roovi.com\/ro\/termeni-conditii\/#breadcrumb"},"inLanguage":"ro-RO","potentialAction":[{"@type":"ReadAction","target":["https:\/\/business.roovi.com\/ro\/termeni-conditii\/"]}]},{"@type":"BreadcrumbList","@id":"https:\/\/business.roovi.com\/ro\/termeni-conditii\/#breadcrumb","itemListElement":[{"@type":"ListItem","position":1,"name":"Home","item":"https:\/\/business.roovi.com\/ro\/"},{"@type":"ListItem","position":2,"name":"Termeni \u0219i Condi\u021bii"}]},{"@type":"WebSite","@id":"https:\/\/business.roovi.com\/ro\/#website","url":"https:\/\/business.roovi.com\/ro\/","name":"Roovi B2B","description":"Roovi Business Website","potentialAction":[{"@type":"SearchAction","target":{"@type":"EntryPoint","urlTemplate":"https:\/\/business.roovi.com\/ro\/?s={search_term_string}"},"query-input":"required name=search_term_string"}],"inLanguage":"ro-RO"}]}},"_links":{"self":[{"href":"https:\/\/business.roovi.com\/ro\/wp-json\/wp\/v2\/pages\/21650","targetHints":{"allow":["GET"]}}],"collection":[{"href":"https:\/\/business.roovi.com\/ro\/wp-json\/wp\/v2\/pages"}],"about":[{"href":"https:\/\/business.roovi.com\/ro\/wp-json\/wp\/v2\/types\/page"}],"author":[{"embeddable":true,"href":"https:\/\/business.roovi.com\/ro\/wp-json\/wp\/v2\/users\/1"}],"replies":[{"embeddable":true,"href":"https:\/\/business.roovi.com\/ro\/wp-json\/wp\/v2\/comments?post=21650"}],"version-history":[{"count":0,"href":"https:\/\/business.roovi.com\/ro\/wp-json\/wp\/v2\/pages\/21650\/revisions"}],"wp:attachment":[{"href":"https:\/\/business.roovi.com\/ro\/wp-json\/wp\/v2\/media?parent=21650"}],"curies":[{"name":"wp","href":"https:\/\/api.w.org\/{rel}","templated":true}]}}