{"id":11024,"date":"2018-04-16T10:56:04","date_gmt":"2018-04-16T10:56:04","guid":{"rendered":"https:\/\/business.roovi.com\/product\/joc-zbeng\/"},"modified":"2023-04-12T05:20:10","modified_gmt":"2023-04-12T05:20:10","slug":"joc-zbeng","status":"publish","type":"product","link":"https:\/\/business.roovi.com\/ro\/joc-zbeng\/p\/","title":{"rendered":"Joc Zbeng &#8211; Joc de memorie si de atentie"},"content":{"rendered":"<h3><span style=\"font-weight: 400;\">Distrac\u021bie, mi\u0219care, \u00eenv\u0103\u021bare. Le experimentezi pe toate cu Zbeng! Un joc super distractiv care antreneaz\u0103 reflexele, corpul \u0219i mintea.<\/span><\/h3>\n<p><iframe loading=\"lazy\" title=\"Zbeng - Un joc de memorie antrenant\" width=\"500\" height=\"375\" src=\"https:\/\/www.youtube.com\/embed\/jm44Ob0ZET4?feature=oembed\" frameborder=\"0\" allow=\"accelerometer; autoplay; clipboard-write; encrypted-media; gyroscope; picture-in-picture; web-share\" referrerpolicy=\"strict-origin-when-cross-origin\" allowfullscreen><\/iframe><\/p>\n<p><span style=\"font-weight: 400;\">Jocul Zbeng este conceput special pentru ca micii exploratori s\u0103 \u00ee\u0219i consume energia infinit\u0103 \u00eentr-un mod constructiv.\u00a0<\/span><\/p>\n<p><span style=\"font-weight: 400;\">Jocul con\u021bine 10 jetoane ilustrate cu numere, fructe, animale \u0219i culori \u0219i un dispozitiv special &#8211; Zbeng &#8211; care spune comenzile vocale. Juc\u0103torii trebuie s\u0103 le recunoasc\u0103 \u0219i s\u0103 ating\u0103 repede jetoanele corecte.<\/span><\/p>\n<p><span style=\"font-weight: 400;\">Jetoanele pot fi plasate oriunde. Cu c\u00e2t distan\u021ba dintre ele este mai mare, cu at\u00e2t jocul e mai palpitant, iar cei mici alearg\u0103 mai mult.\u00a0<\/span><\/p>\n<p><span style=\"font-weight: 400;\">Jocul Zbeng se joac\u0103 individual sau \u00een echip\u0103, cu fra\u021bii sau cu prietenii, \u00een cas\u0103 sau \u00een curte. Ofer\u0103 o multitudine de variante \u0219i numeroase beneficii pentru copiii:<\/span><\/p>\n<ul>\n<li style=\"font-weight: 400;\"><b>Favorizeaz\u0103 mi\u0219carea.<\/b><span style=\"font-weight: 400;\"> Fie c\u0103 se joac\u0103 \u00een camer\u0103 sau afar\u0103, Zbeng \u00eei alearg\u0103, la propriu, pe copii \u00eentr-o curs\u0103 fascinant\u0103. Odat\u0103 ce aud comenzile, micu\u021bii sunt de neoprit \u0219i fac tot posibilul s\u0103 ating\u0103 jetonul corect pentru a c\u00e2\u0219tiga jocul.<\/span><\/li>\n<li style=\"font-weight: 400;\"><b>Stimuleaz\u0103 \u00eenv\u0103\u021barea.<\/b><span style=\"font-weight: 400;\"> Cu Zbeng, cei mici \u00eenva\u021b\u0103 no\u021biuni matematice simple: adunare, sc\u0103dere, \u00eenmul\u021bire, \u00eemp\u0103r\u021bire, precum \u0219i recunoa\u0219terea culorilor, fructelor \u0219i animalelor.<\/span><\/li>\n<li style=\"font-weight: 400;\"><b>Antreneaz\u0103 memoria.<\/b><span style=\"font-weight: 400;\"> Una dintre variantele jocului Zbeng este Super memoria potrivit c\u0103reia juc\u0103torii trebuie s\u0103 re\u021bin\u0103 \u0219i s\u0103 execute o anumit\u0103 comand\u0103 vocal\u0103.\u00a0<\/span><\/li>\n<li style=\"font-weight: 400;\"><b>Sus\u021bine spiritul de competi\u021bie.<\/b><span style=\"font-weight: 400;\"> Micii juc\u0103tori se \u00eentrec \u00een a executa corect comenzile date de Zbeng \u0219i devin din ce \u00een ce mai agili pe m\u0103sur\u0103 ce se joac\u0103.<\/span><\/li>\n<li style=\"font-weight: 400;\"><b>Promoveaz\u0103 socializarea. <\/b><span style=\"font-weight: 400;\">Zbeng \u00eembin\u0103 tehnologia cu activitatea fizic\u0103. Copiii sunt antrena\u021bi \u00eentr-un joc amuzant \u0219i stau departe de ecrane un timp \u00eendelungat.<\/span><\/li>\n<li style=\"font-weight: 400;\"><b>\u00cembun\u0103t\u0103\u021be\u0219te aten\u021bia.<\/b><span style=\"font-weight: 400;\"> Zbeng \u00eei ajut\u0103 pe cei mici s\u0103 se concentreze \u0219i s\u0103 fie aten\u021bi la o sarcin\u0103 precis\u0103 care le este dat\u0103 de dispozitivul inteligent.<\/span><\/li>\n<li style=\"font-weight: 400;\"><b>\u00cenv\u0103\u021b\u0103 spiritul de echip\u0103.<\/b><span style=\"font-weight: 400;\"> Zbeng are \u0219i o variant\u0103 de joc \u00een echip\u0103, fiind astfel un instrument minunat care stimuleaz\u0103 \u00eentrajutorarea \u0219i lucrul \u00een echip\u0103, atitudini at\u00e2t de importante \u00een via\u021ba de zi cu zi.<\/span><\/li>\n<\/ul>\n<h3><span style=\"font-weight: 400;\">De ce s\u0103 alegi jocul Zbeng<\/span><\/h3>\n<p><span style=\"font-weight: 400;\">Este super distractiv \u0219i \u00eei \u00eenva\u021b\u0103 pe copii multe lucruri interesante \u00eentr-un mod interactiv.<\/span><\/p>\n<p><span style=\"font-weight: 400;\">Ofer\u0103 4 variante de joc care \u021bin plictiseala departe \u0219i \u00eei antreneaz\u0103 pe copii la un timp \u00eendelungat de distrac\u021bie.<\/span><\/p>\n<p><span style=\"font-weight: 400;\">Este ideal pentru a \u00eencinge atmosfera de joac\u0103 la petrecerile de copii.<\/span><\/p>\n<p><span style=\"font-weight: 400;\">Poate fi o modalitate foarte pl\u0103cut\u0103 de a te conecta cu cei mici.<\/span><\/p>\n<p><span style=\"font-weight: 400;\">Con\u021bine componente de calitate superioar\u0103, rezistente \u00een timp \u0219i sigure pentru s\u0103n\u0103tatea copiilor.<\/span><\/p>\n<p><span style=\"font-weight: 400;\">Poate fi un cadou deosebit de Cr\u0103ciun sau cu ocazii aniversare pentru un copil iste\u021b \u0219i super energic.<\/span><\/p>\n<h3><span style=\"font-weight: 400;\">Pe locuri, fi\u021bi gata, ZBENG!\u00a0<\/span><\/h3>\n<p><span style=\"font-weight: 400;\">Apas\u0103 butonul \u0219i d\u0103 startul distrac\u021biei! Acas\u0103, la bunici sau \u00een vacan\u021b\u0103, Zbeng este de neoprit. \u00ce\u021bi antreneaz\u0103 corpul, mintea \u0219i reflexele. Accept\u0103-i provoc\u0103rile \u0219i bucur\u0103-te de un timp de calitate al\u0103turi de cei mai buni prieteni.\u00a0\u00a0<\/span><\/p>\n<p>&nbsp;<\/p>\n<p>Jocul ZBENG! func\u021bioneaz\u0103 cu 3 baterii tip AAA care nu sunt incluse in set.<\/p>\n<p>Joc nerecomandat copiilor mai mici de 3 ani.<\/p>\n","protected":false},"excerpt":{"rendered":"<p>Distrac\u021bie, mi\u0219care, \u00eenv\u0103\u021bare. Le experimentezi pe toate cu Zbeng! Un joc super distractiv care antreneaz\u0103 reflexele, corpul \u0219i mintea. Jocul<\/p>\n","protected":false},"featured_media":69622,"template":"","meta":[],"product_brand":[],"product_cat":[1491,1467],"product_tag":[],"class_list":{"0":"post-11024","1":"product","2":"type-product","3":"status-publish","4":"has-post-thumbnail","6":"product_cat-jocuri-de-indemanare-1","7":"product_cat-jocuri-de-societate","8":"pa_bax-1300","9":"pa_brand-d_toys","10":"pa_country_of_manufacture-ro","11":"pa_filter_age-5_7","12":"pa_filter_age-7_9","13":"pa_filter_age-9_14","14":"pa_tip_ambalaj-cutie","16":"first","17":"instock","18":"taxable","19":"shipping-taxable","20":"product-type-simple"},"yoast_head":"<!-- This site is optimized with the Yoast SEO plugin v20.1 - https:\/\/yoast.com\/wordpress\/plugins\/seo\/ -->\n<title>Joc Zbeng - Joc de memorie si de atentie - Roovi B2B<\/title>\n<meta name=\"robots\" content=\"index, follow, max-snippet:-1, max-image-preview:large, max-video-preview:-1\" \/>\n<link rel=\"canonical\" href=\"https:\/\/www.roovi.ro\/joc-zbeng\/p\/\" \/>\n<meta property=\"og:locale\" content=\"ro_RO\" \/>\n<meta property=\"og:type\" content=\"article\" \/>\n<meta property=\"og:title\" content=\"Joc Zbeng - Joc de memorie si de atentie - Roovi B2B\" \/>\n<meta property=\"og:description\" content=\"Distrac\u021bie, mi\u0219care, \u00eenv\u0103\u021bare. Le experimentezi pe toate cu Zbeng! Un joc super distractiv care antreneaz\u0103 reflexele, corpul \u0219i mintea. Jocul\" \/>\n<meta property=\"og:url\" content=\"https:\/\/www.roovi.ro\/joc-zbeng\/p\/\" \/>\n<meta property=\"og:site_name\" content=\"Roovi B2B\" \/>\n<meta property=\"article:publisher\" content=\"https:\/\/www.facebook.com\/wwwjucariero\" \/>\n<meta property=\"article:modified_time\" content=\"2023-04-12T05:20:10+00:00\" \/>\n<meta property=\"og:image\" content=\"https:\/\/business.roovi.com\/wp-content\/uploads\/2018\/04\/1-13-1-scaled.jpg\" \/>\n\t<meta property=\"og:image:width\" content=\"2560\" \/>\n\t<meta property=\"og:image:height\" content=\"2560\" \/>\n\t<meta property=\"og:image:type\" content=\"image\/jpeg\" \/>\n<meta name=\"twitter:label1\" content=\"Timp estimat pentru citire\" \/>\n\t<meta name=\"twitter:data1\" content=\"3 minute\" \/>\n<script type=\"application\/ld+json\" class=\"yoast-schema-graph\">{\"@context\":\"https:\/\/schema.org\",\"@graph\":[{\"@type\":\"WebPage\",\"@id\":\"https:\/\/business.roovi.com\/ro\/joc-zbeng\/p\/\",\"url\":\"https:\/\/www.roovi.ro\/joc-zbeng\/p\/\",\"name\":\"Joc Zbeng - Joc de memorie si de atentie - Roovi B2B\",\"isPartOf\":{\"@id\":\"https:\/\/business.roovi.com\/ro\/#website\"},\"datePublished\":\"2018-04-16T10:56:04+00:00\",\"dateModified\":\"2023-04-12T05:20:10+00:00\",\"breadcrumb\":{\"@id\":\"https:\/\/www.roovi.ro\/joc-zbeng\/p\/#breadcrumb\"},\"inLanguage\":\"ro-RO\",\"potentialAction\":[{\"@type\":\"ReadAction\",\"target\":[\"https:\/\/www.roovi.ro\/joc-zbeng\/p\/\"]}]},{\"@type\":\"BreadcrumbList\",\"@id\":\"https:\/\/www.roovi.ro\/joc-zbeng\/p\/#breadcrumb\",\"itemListElement\":[{\"@type\":\"ListItem\",\"position\":1,\"name\":\"Home\",\"item\":\"https:\/\/business.roovi.com\/ro\/\"},{\"@type\":\"ListItem\",\"position\":2,\"name\":\"Magazin\",\"item\":\"https:\/\/business.roovi.com\/ro\/magazin\/\"},{\"@type\":\"ListItem\",\"position\":3,\"name\":\"Joc Zbeng &#8211; Joc de memorie si de atentie\"}]},{\"@type\":\"WebSite\",\"@id\":\"https:\/\/business.roovi.com\/ro\/#website\",\"url\":\"https:\/\/business.roovi.com\/ro\/\",\"name\":\"Roovi B2B\",\"description\":\"Roovi Business Website\",\"potentialAction\":[{\"@type\":\"SearchAction\",\"target\":{\"@type\":\"EntryPoint\",\"urlTemplate\":\"https:\/\/business.roovi.com\/ro\/?s={search_term_string}\"},\"query-input\":\"required name=search_term_string\"}],\"inLanguage\":\"ro-RO\"}]}<\/script>\n<!-- \/ Yoast SEO plugin. -->","yoast_head_json":{"title":"Joc Zbeng - Joc de memorie si de atentie - Roovi B2B","robots":{"index":"index","follow":"follow","max-snippet":"max-snippet:-1","max-image-preview":"max-image-preview:large","max-video-preview":"max-video-preview:-1"},"canonical":"https:\/\/www.roovi.ro\/joc-zbeng\/p\/","og_locale":"ro_RO","og_type":"article","og_title":"Joc Zbeng - Joc de memorie si de atentie - Roovi B2B","og_description":"Distrac\u021bie, mi\u0219care, \u00eenv\u0103\u021bare. Le experimentezi pe toate cu Zbeng! Un joc super distractiv care antreneaz\u0103 reflexele, corpul \u0219i mintea. Jocul","og_url":"https:\/\/www.roovi.ro\/joc-zbeng\/p\/","og_site_name":"Roovi B2B","article_publisher":"https:\/\/www.facebook.com\/wwwjucariero","article_modified_time":"2023-04-12T05:20:10+00:00","og_image":[{"width":2560,"height":2560,"url":"https:\/\/business.roovi.com\/wp-content\/uploads\/2018\/04\/1-13-1-scaled.jpg","type":"image\/jpeg"}],"twitter_misc":{"Timp estimat pentru citire":"3 minute"},"schema":{"@context":"https:\/\/schema.org","@graph":[{"@type":"WebPage","@id":"https:\/\/business.roovi.com\/ro\/joc-zbeng\/p\/","url":"https:\/\/www.roovi.ro\/joc-zbeng\/p\/","name":"Joc Zbeng - Joc de memorie si de atentie - Roovi B2B","isPartOf":{"@id":"https:\/\/business.roovi.com\/ro\/#website"},"datePublished":"2018-04-16T10:56:04+00:00","dateModified":"2023-04-12T05:20:10+00:00","breadcrumb":{"@id":"https:\/\/www.roovi.ro\/joc-zbeng\/p\/#breadcrumb"},"inLanguage":"ro-RO","potentialAction":[{"@type":"ReadAction","target":["https:\/\/www.roovi.ro\/joc-zbeng\/p\/"]}]},{"@type":"BreadcrumbList","@id":"https:\/\/www.roovi.ro\/joc-zbeng\/p\/#breadcrumb","itemListElement":[{"@type":"ListItem","position":1,"name":"Home","item":"https:\/\/business.roovi.com\/ro\/"},{"@type":"ListItem","position":2,"name":"Magazin","item":"https:\/\/business.roovi.com\/ro\/magazin\/"},{"@type":"ListItem","position":3,"name":"Joc Zbeng &#8211; Joc de memorie si de atentie"}]},{"@type":"WebSite","@id":"https:\/\/business.roovi.com\/ro\/#website","url":"https:\/\/business.roovi.com\/ro\/","name":"Roovi B2B","description":"Roovi Business Website","potentialAction":[{"@type":"SearchAction","target":{"@type":"EntryPoint","urlTemplate":"https:\/\/business.roovi.com\/ro\/?s={search_term_string}"},"query-input":"required name=search_term_string"}],"inLanguage":"ro-RO"}]}},"_links":{"self":[{"href":"https:\/\/business.roovi.com\/ro\/wp-json\/wp\/v2\/product\/11024","targetHints":{"allow":["GET"]}}],"collection":[{"href":"https:\/\/business.roovi.com\/ro\/wp-json\/wp\/v2\/product"}],"about":[{"href":"https:\/\/business.roovi.com\/ro\/wp-json\/wp\/v2\/types\/product"}],"version-history":[{"count":0,"href":"https:\/\/business.roovi.com\/ro\/wp-json\/wp\/v2\/product\/11024\/revisions"}],"wp:featuredmedia":[{"embeddable":true,"href":"https:\/\/business.roovi.com\/ro\/wp-json\/wp\/v2\/media\/69622"}],"wp:attachment":[{"href":"https:\/\/business.roovi.com\/ro\/wp-json\/wp\/v2\/media?parent=11024"}],"wp:term":[{"taxonomy":"product_brand","embeddable":true,"href":"https:\/\/business.roovi.com\/ro\/wp-json\/wp\/v2\/product_brand?post=11024"},{"taxonomy":"product_cat","embeddable":true,"href":"https:\/\/business.roovi.com\/ro\/wp-json\/wp\/v2\/product_cat?post=11024"},{"taxonomy":"product_tag","embeddable":true,"href":"https:\/\/business.roovi.com\/ro\/wp-json\/wp\/v2\/product_tag?post=11024"}],"curies":[{"name":"wp","href":"https:\/\/api.w.org\/{rel}","templated":true}]}}