{"id":11065,"date":"2018-04-16T10:56:04","date_gmt":"2018-04-16T10:56:04","guid":{"rendered":"https:\/\/business.roovi.com\/product\/joc-sa-invatam-numerele\/"},"modified":"2025-03-13T09:19:30","modified_gmt":"2025-03-13T09:19:30","slug":"joc-sa-invatam-numerele","status":"publish","type":"product","link":"https:\/\/business.roovi.com\/ro\/joc-sa-invatam-numerele\/p\/","title":{"rendered":"S\u0103 \u00cenv\u0103\u021b\u0103m Numerele &#8211; Joc educativ &#8211; puzzle 36 piese"},"content":{"rendered":"<h3><span style=\"font-weight: 400;\">Micu\u021bul t\u0103u \u0219tie deja s\u0103 fac\u0103 puzzle-uri, dar ai vrea s\u0103 ia contact \u0219i cu matematica? Descoper\u0103 S\u0103 \u00cenv\u0103\u021b\u0103m Numerele, un joc cu piese de puzzle, intuitiv \u0219i amuzant care \u00eel va ajuta pe cel mic s\u0103 \u00eenve\u021be primele no\u021biuni de matematic\u0103 \u00een timp ce se joac\u0103.<\/span><\/h3>\n<p><span style=\"font-weight: 400;\">Jocul S\u0103 \u00cenv\u0103\u021b\u0103m Numerele este o modalitate intuitiv\u0103 \u0219i amuzant\u0103 pentru ca cel mic s\u0103 recunoasc\u0103 numerele \u0219i mai apoi s\u0103 le utilizeze \u00een opera\u021bii simple de adunare \u0219i sc\u0103dere.<\/span><\/p>\n<p><b>S\u0103 \u00cenv\u0103\u021b\u0103m Numerele con\u021bine 36 de piese de puzzle cu numerele de la 1 la 10 <\/b><span style=\"font-weight: 400;\">\u0219i calcule simple, ilustrate \u00eentr-un mod vesel \u0219i amuzant care le atrage aten\u021bia celor mici. Copiii re\u021bin numerele \u0219i \u00eencep s\u0103 efectueze calcule mental, \u00een joac\u0103, f\u0103r\u0103 s\u0103 \u00ee\u0219i dea seama c\u0103 fac primele exerci\u021bii de matematic\u0103 din via\u021ba lor.<\/span><\/p>\n<p><span style=\"font-weight: 400;\">Piesele se grupeaz\u0103 c\u00e2te 3, iar cei mici rezolv\u0103 u\u0219or puzzle-urile simple \u0219i \u00eenva\u021b\u0103 rapid s\u0103 socoteasc\u0103. Vei fi uimit s\u0103 descoperi c\u00e2t de repede se va \u00eemprieteni cu numerele micul t\u0103u n\u0103zdr\u0103van. Va \u0219ti s\u0103 rezolve adun\u0103ri \u0219i sc\u0103deri chiar \u00eenainte de a \u00eencepe \u0219coala.<\/span><\/p>\n<h3><span style=\"font-weight: 400;\">\u0218tiai c\u0103 jocul S\u0103 \u00cenv\u0103\u021b\u0103m Numerele\u2026<\/span><\/h3>\n<ul>\n<li style=\"font-weight: 400;\" aria-level=\"1\"><span style=\"font-weight: 400;\">Este un instrument ideal care \u00eei ajut\u0103 pe cei mici s\u0103 \u00eenve\u021be s\u0103 numere \u0219i s\u0103 socoteasc\u0103 rapid, f\u0103r\u0103 efort.<\/span><\/li>\n<li style=\"font-weight: 400;\" aria-level=\"1\"><span style=\"font-weight: 400;\">Dezvolt\u0103 abilit\u0103\u021bile motorii fine \u0219i grosiere.<\/span><\/li>\n<li style=\"font-weight: 400;\" aria-level=\"1\"><span style=\"font-weight: 400;\">Este un exerci\u021biu excelent care antreneaz\u0103 dexteritatea \u0219i agilitatea celor mici.<\/span><\/li>\n<li style=\"font-weight: 400;\" aria-level=\"1\"><span style=\"font-weight: 400;\">Le ofer\u0103 copiilor lec\u021bia pre\u021bioas\u0103 a r\u0103bd\u0103rii \u0219i \u00eei face s\u0103 se concentreze \u0219i s\u0103 \u00ee\u0219i men\u021bin\u0103 aten\u021bia pe o sarcin\u0103 precis\u0103 un timp \u00eendelungat.<\/span><\/li>\n<li style=\"font-weight: 400;\" aria-level=\"1\"><span style=\"font-weight: 400;\">Jocul puzzle are un rol foarte important \u00een dezvoltarea memoriei \u0219i a g\u00e2ndirii logice.<\/span><\/li>\n<li style=\"font-weight: 400;\" aria-level=\"1\"><span style=\"font-weight: 400;\">Constituie o relaxare activ\u0103 \u0219i un antrenament uimitor la nivel cerebral \u00eentruc\u00e2t implic\u0103 ambele emisfere cerebrale.<\/span><\/li>\n<li style=\"font-weight: 400;\" aria-level=\"1\"><span style=\"font-weight: 400;\">Sus\u021bine dezvoltarea percep\u021biei vizuale, at\u00e2t de important\u0103 \u00een procesul de \u00eenv\u0103\u021bare a scrierii \u0219i cititului.<\/span><\/li>\n<\/ul>\n<h3><span style=\"font-weight: 400;\">S\u0103 \u00cenv\u0103\u021b\u0103m Numerele &#8211; un joc educativ grozav \u0219i o experien\u021b\u0103 senzorial\u0103 minunat\u0103<\/span><\/h3>\n<p><span style=\"font-weight: 400;\">S\u0103 \u00eenv\u0103\u021b\u0103m Numerele face parte din colec\u021bia de jocuri educative de la ROOVI care sunt concepute special cu scopul ca cei mici s\u0103 \u00eenve\u021be \u0219i s\u0103 se dezvolte prin joac\u0103.\u00a0<\/span><\/p>\n<p><span style=\"font-weight: 400;\">S\u0103 \u00cenv\u0103\u021b\u0103m Numerele con\u021bine <\/span><b>36 de piese de puzzle<\/b><span style=\"font-weight: 400;\"> realizate din carton gros, de calitatea superioar\u0103, care \u00eei confer\u0103 rezisten\u021b\u0103 sporit\u0103 \u0219i asigur\u0103 o experien\u021b\u0103 senzorial\u0103 fabuloas\u0103. \u0218tim c\u0103 celor mici le place s\u0103 fac\u0103 \u0219i s\u0103 desfac\u0103 puzzle-urile la nesf\u00e2r\u0219it, de aceea piesele noastre sunt trainice \u0219i r\u0103m\u00e2n intacte chiar \u0219i dup\u0103 asambl\u0103ri nenum\u0103rate.\u00a0\u00a0<\/span><\/p>\n<p><span style=\"font-weight: 400;\">S\u0103 \u00cenv\u0103\u021b\u0103m Numerele face ca prima \u00eent\u00e2lnire cu matematica s\u0103 fie una de neuitat, vesel\u0103 \u0219i distractiv\u0103, a\u0219a cum le place copiilor. \u00cen plus, este o modalitate foarte pl\u0103cut\u0103 pentru a petrece un timp de calitate cu copilul t\u0103u, de a v\u0103 relaxa \u0219i a \u00eenv\u0103\u021ba informa\u021bii pre\u021bioase pentru o via\u021b\u0103 \u00een timp ce v\u0103 juca\u021bi \u00eempreun\u0103.\u00a0<\/span><\/p>\n<p><b>Jocul con\u021bine:<\/b><span style=\"font-weight: 400;\"> 36x piese puzzle cu numere \u0219i opera\u021bii matematice<\/span><\/p>\n<p><b>V\u00e2rsta recomandat\u0103: <\/b><span style=\"font-weight: 400;\">5+<\/span><\/p>\n<p><span style=\"font-weight: 400;\">Joc nerecomandat copiilor sub 3 ani. Con\u021bine piese mici. Pericol de sufocare.<\/span><\/p>\n","protected":false},"excerpt":{"rendered":"<p>Micu\u021bul t\u0103u \u0219tie deja s\u0103 fac\u0103 puzzle-uri, dar ai vrea s\u0103 ia contact \u0219i cu matematica? Descoper\u0103 S\u0103 \u00cenv\u0103\u021b\u0103m Numerele,<\/p>\n","protected":false},"featured_media":11061,"template":"","meta":[],"product_brand":[],"product_cat":[1471,1494],"product_tag":[],"class_list":{"0":"post-11065","1":"product","2":"type-product","3":"status-publish","4":"has-post-thumbnail","6":"product_cat-jocuri-educative-si-stiintifice","7":"product_cat-jocuri-didactice","8":"pa_bax-1290","9":"pa_brand-d_toys","10":"pa_country_of_manufacture-ro","11":"pa_filter_age-5_7","12":"pa_filter_age-7_9","13":"pa_tip_ambalaj-cutie","15":"first","16":"instock","17":"taxable","18":"shipping-taxable","19":"product-type-simple"},"yoast_head":"<!-- This site is optimized with the Yoast SEO plugin v20.1 - https:\/\/yoast.com\/wordpress\/plugins\/seo\/ -->\n<title>S\u0103 \u00cenv\u0103\u021b\u0103m Numerele - Joc educativ - puzzle 36 piese - Roovi B2B<\/title>\n<meta name=\"robots\" content=\"index, follow, max-snippet:-1, max-image-preview:large, max-video-preview:-1\" \/>\n<link rel=\"canonical\" href=\"https:\/\/www.roovi.ro\/joc-sa-invatam-numerele\/p\/\" \/>\n<meta property=\"og:locale\" content=\"ro_RO\" \/>\n<meta property=\"og:type\" content=\"article\" \/>\n<meta property=\"og:title\" content=\"S\u0103 \u00cenv\u0103\u021b\u0103m Numerele - Joc educativ - puzzle 36 piese - Roovi B2B\" \/>\n<meta property=\"og:description\" content=\"Micu\u021bul t\u0103u \u0219tie deja s\u0103 fac\u0103 puzzle-uri, dar ai vrea s\u0103 ia contact \u0219i cu matematica? Descoper\u0103 S\u0103 \u00cenv\u0103\u021b\u0103m Numerele,\" \/>\n<meta property=\"og:url\" content=\"https:\/\/www.roovi.ro\/joc-sa-invatam-numerele\/p\/\" \/>\n<meta property=\"og:site_name\" content=\"Roovi B2B\" \/>\n<meta property=\"article:publisher\" content=\"https:\/\/www.facebook.com\/wwwjucariero\" \/>\n<meta property=\"article:modified_time\" content=\"2025-03-13T09:19:30+00:00\" \/>\n<meta property=\"og:image\" content=\"https:\/\/business.roovi.com\/wp-content\/uploads\/2018\/04\/62079_03.jpg\" \/>\n\t<meta property=\"og:image:width\" content=\"1200\" \/>\n\t<meta property=\"og:image:height\" content=\"1200\" \/>\n\t<meta property=\"og:image:type\" content=\"image\/jpeg\" \/>\n<meta name=\"twitter:label1\" content=\"Timp estimat pentru citire\" \/>\n\t<meta name=\"twitter:data1\" content=\"3 minute\" \/>\n<script type=\"application\/ld+json\" class=\"yoast-schema-graph\">{\"@context\":\"https:\/\/schema.org\",\"@graph\":[{\"@type\":\"WebPage\",\"@id\":\"https:\/\/business.roovi.com\/ro\/joc-sa-invatam-numerele\/p\/\",\"url\":\"https:\/\/www.roovi.ro\/joc-sa-invatam-numerele\/p\/\",\"name\":\"S\u0103 \u00cenv\u0103\u021b\u0103m Numerele - Joc educativ - puzzle 36 piese - Roovi B2B\",\"isPartOf\":{\"@id\":\"https:\/\/business.roovi.com\/ro\/#website\"},\"datePublished\":\"2018-04-16T10:56:04+00:00\",\"dateModified\":\"2025-03-13T09:19:30+00:00\",\"breadcrumb\":{\"@id\":\"https:\/\/www.roovi.ro\/joc-sa-invatam-numerele\/p\/#breadcrumb\"},\"inLanguage\":\"ro-RO\",\"potentialAction\":[{\"@type\":\"ReadAction\",\"target\":[\"https:\/\/www.roovi.ro\/joc-sa-invatam-numerele\/p\/\"]}]},{\"@type\":\"BreadcrumbList\",\"@id\":\"https:\/\/www.roovi.ro\/joc-sa-invatam-numerele\/p\/#breadcrumb\",\"itemListElement\":[{\"@type\":\"ListItem\",\"position\":1,\"name\":\"Home\",\"item\":\"https:\/\/business.roovi.com\/ro\/\"},{\"@type\":\"ListItem\",\"position\":2,\"name\":\"Magazin\",\"item\":\"https:\/\/business.roovi.com\/ro\/magazin\/\"},{\"@type\":\"ListItem\",\"position\":3,\"name\":\"S\u0103 \u00cenv\u0103\u021b\u0103m Numerele &#8211; Joc educativ &#8211; puzzle 36 piese\"}]},{\"@type\":\"WebSite\",\"@id\":\"https:\/\/business.roovi.com\/ro\/#website\",\"url\":\"https:\/\/business.roovi.com\/ro\/\",\"name\":\"Roovi B2B\",\"description\":\"Roovi Business Website\",\"potentialAction\":[{\"@type\":\"SearchAction\",\"target\":{\"@type\":\"EntryPoint\",\"urlTemplate\":\"https:\/\/business.roovi.com\/ro\/?s={search_term_string}\"},\"query-input\":\"required name=search_term_string\"}],\"inLanguage\":\"ro-RO\"}]}<\/script>\n<!-- \/ Yoast SEO plugin. -->","yoast_head_json":{"title":"S\u0103 \u00cenv\u0103\u021b\u0103m Numerele - Joc educativ - puzzle 36 piese - Roovi B2B","robots":{"index":"index","follow":"follow","max-snippet":"max-snippet:-1","max-image-preview":"max-image-preview:large","max-video-preview":"max-video-preview:-1"},"canonical":"https:\/\/www.roovi.ro\/joc-sa-invatam-numerele\/p\/","og_locale":"ro_RO","og_type":"article","og_title":"S\u0103 \u00cenv\u0103\u021b\u0103m Numerele - Joc educativ - puzzle 36 piese - Roovi B2B","og_description":"Micu\u021bul t\u0103u \u0219tie deja s\u0103 fac\u0103 puzzle-uri, dar ai vrea s\u0103 ia contact \u0219i cu matematica? Descoper\u0103 S\u0103 \u00cenv\u0103\u021b\u0103m Numerele,","og_url":"https:\/\/www.roovi.ro\/joc-sa-invatam-numerele\/p\/","og_site_name":"Roovi B2B","article_publisher":"https:\/\/www.facebook.com\/wwwjucariero","article_modified_time":"2025-03-13T09:19:30+00:00","og_image":[{"width":1200,"height":1200,"url":"https:\/\/business.roovi.com\/wp-content\/uploads\/2018\/04\/62079_03.jpg","type":"image\/jpeg"}],"twitter_misc":{"Timp estimat pentru citire":"3 minute"},"schema":{"@context":"https:\/\/schema.org","@graph":[{"@type":"WebPage","@id":"https:\/\/business.roovi.com\/ro\/joc-sa-invatam-numerele\/p\/","url":"https:\/\/www.roovi.ro\/joc-sa-invatam-numerele\/p\/","name":"S\u0103 \u00cenv\u0103\u021b\u0103m Numerele - Joc educativ - puzzle 36 piese - Roovi B2B","isPartOf":{"@id":"https:\/\/business.roovi.com\/ro\/#website"},"datePublished":"2018-04-16T10:56:04+00:00","dateModified":"2025-03-13T09:19:30+00:00","breadcrumb":{"@id":"https:\/\/www.roovi.ro\/joc-sa-invatam-numerele\/p\/#breadcrumb"},"inLanguage":"ro-RO","potentialAction":[{"@type":"ReadAction","target":["https:\/\/www.roovi.ro\/joc-sa-invatam-numerele\/p\/"]}]},{"@type":"BreadcrumbList","@id":"https:\/\/www.roovi.ro\/joc-sa-invatam-numerele\/p\/#breadcrumb","itemListElement":[{"@type":"ListItem","position":1,"name":"Home","item":"https:\/\/business.roovi.com\/ro\/"},{"@type":"ListItem","position":2,"name":"Magazin","item":"https:\/\/business.roovi.com\/ro\/magazin\/"},{"@type":"ListItem","position":3,"name":"S\u0103 \u00cenv\u0103\u021b\u0103m Numerele &#8211; Joc educativ &#8211; puzzle 36 piese"}]},{"@type":"WebSite","@id":"https:\/\/business.roovi.com\/ro\/#website","url":"https:\/\/business.roovi.com\/ro\/","name":"Roovi B2B","description":"Roovi Business Website","potentialAction":[{"@type":"SearchAction","target":{"@type":"EntryPoint","urlTemplate":"https:\/\/business.roovi.com\/ro\/?s={search_term_string}"},"query-input":"required name=search_term_string"}],"inLanguage":"ro-RO"}]}},"_links":{"self":[{"href":"https:\/\/business.roovi.com\/ro\/wp-json\/wp\/v2\/product\/11065","targetHints":{"allow":["GET"]}}],"collection":[{"href":"https:\/\/business.roovi.com\/ro\/wp-json\/wp\/v2\/product"}],"about":[{"href":"https:\/\/business.roovi.com\/ro\/wp-json\/wp\/v2\/types\/product"}],"version-history":[{"count":0,"href":"https:\/\/business.roovi.com\/ro\/wp-json\/wp\/v2\/product\/11065\/revisions"}],"wp:featuredmedia":[{"embeddable":true,"href":"https:\/\/business.roovi.com\/ro\/wp-json\/wp\/v2\/media\/11061"}],"wp:attachment":[{"href":"https:\/\/business.roovi.com\/ro\/wp-json\/wp\/v2\/media?parent=11065"}],"wp:term":[{"taxonomy":"product_brand","embeddable":true,"href":"https:\/\/business.roovi.com\/ro\/wp-json\/wp\/v2\/product_brand?post=11065"},{"taxonomy":"product_cat","embeddable":true,"href":"https:\/\/business.roovi.com\/ro\/wp-json\/wp\/v2\/product_cat?post=11065"},{"taxonomy":"product_tag","embeddable":true,"href":"https:\/\/business.roovi.com\/ro\/wp-json\/wp\/v2\/product_tag?post=11065"}],"curies":[{"name":"wp","href":"https:\/\/api.w.org\/{rel}","templated":true}]}}