{"id":11148,"date":"2018-04-16T10:56:04","date_gmt":"2018-04-16T10:56:04","guid":{"rendered":"https:\/\/business.roovi.com\/product\/joc-matematica-distractiva\/"},"modified":"2025-03-13T08:05:38","modified_gmt":"2025-03-13T08:05:38","slug":"joc-matematica-distractiva","status":"publish","type":"product","link":"https:\/\/business.roovi.com\/ro\/joc-matematica-distractiva\/p\/","title":{"rendered":"Matematic\u0103 distractiv\u0103 &#8211; Joc educativ"},"content":{"rendered":"<p><span style=\"font-weight: 400;\">Chiar, cine-ar fi crezut c\u0103 te po\u021bi distra f\u0103c\u00e2nd calcule matematice? Te-ai fi g\u00e2ndit c\u0103 po\u021bi s\u0103 \u00ee\u021bi aju\u021bi copilul s\u0103 \u00eenve\u021be matematic\u0103 \u00een timp ce v\u0103 juca\u021bi un joc despre matematic\u0103?<\/span><\/p>\n<p><span style=\"font-weight: 400;\">Ne-am g\u00e2ndit la to\u021bi micu\u021bii care se sperie c\u00e2nd aud cuv\u00e2ntul matematic\u0103 \u0219i am creat un joc super distractiv care s\u0103-i ajute s\u0103 exerseze f\u0103r\u0103 stres.\u00a0<\/span><\/p>\n<p><span style=\"font-weight: 400;\">Adun\u0103rile, Sc\u0103derile, \u00cenmul\u021birile \u0219i \u00cemp\u0103r\u021birile devin doar provoc\u0103ri amuzante pe tabla de joc, cu care cei mici jongleaz\u0103 pentru a ob\u021bine punctajul cel mai mare.\u00a0<\/span><\/p>\n<p><span style=\"font-weight: 400;\">Calcule simple sau mai complexe vor deveni o joac\u0103 de copil cu pu\u021bin exerci\u021biu \u0219i ajutor din partea unui adult.\u00a0<\/span><\/p>\n<h2><span style=\"font-weight: 400;\">\u0218tiai c\u0103 Jocul Matematica Distractiv\u0103\u2026<\/span><\/h2>\n<ul>\n<li><span style=\"font-weight: 400;\">Este o metod\u0103 eficient\u0103 de a-i \u00eemprieteni pe copii cu matematica.<\/span><\/li>\n<li><span style=\"font-weight: 400;\">Dezvolt\u0103 g\u00e2ndirea asociativ\u0103.<\/span><\/li>\n<li><span style=\"font-weight: 400;\">\u00cei ajut\u0103 pe copii s\u0103 respecte reguli \u0219i \u00ee\u0219i exerseaz\u0103 r\u0103bdarea, a\u0219tept\u00e2ndu-\u0219i r\u00e2ndul la joc.<\/span><\/li>\n<li><span style=\"font-weight: 400;\">Stimuleaz\u0103 \u0219i dezvolt\u0103 spiritul competitiv.<\/span><\/li>\n<li><span style=\"font-weight: 400;\">Sus\u021bine dezvoltarea g\u00e2ndirii logico-matematice.<\/span><\/li>\n<li><span style=\"font-weight: 400;\">Poate fi folosit cu succes \u00een scop didactic.<\/span><\/li>\n<li><span style=\"font-weight: 400;\">Este amuzant \u0219i provocator.<\/span><\/li>\n<\/ul>\n<h2><span style=\"font-weight: 400;\">De ce s\u0103 alegi Jocul Matematica Distractiv\u0103<\/span><\/h2>\n<p><span style=\"font-weight: 400;\">Jocul poate fi folosit cu succes at\u00e2t \u00een s\u0103lile de clas\u0103 de la gr\u0103dini\u021b\u0103 sau de la \u0219coal\u0103, \u00een scop didactic \u0219i educativ.\u00a0<\/span><\/p>\n<p><span style=\"font-weight: 400;\">Poate fi folosit acas\u0103, pentru a exersa \u0219i a-i familiariza pe copii cu opera\u021biile matematice simple, de baz\u0103, cum ar fi adunarea \u0219i sc\u0103derea, iar pe m\u0103sur\u0103 ce avanseaz\u0103, pute\u021bi introduce treptat \u00eenmul\u021birea \u0219i \u00eemp\u0103r\u021birea.\u00a0\u00a0<\/span><\/p>\n<p><span style=\"font-weight: 400;\">Jocul Matematica Distractiv\u0103 este mai mult dec\u00e2t un simplu joc matematic. Este un joc construit pe o strategie, ce \u00eei provoac\u0103 pe copii s\u0103 devin\u0103 competitivi, s\u0103 adune c\u00e2t mai multe puncte \u0219i s\u0103 fie aten\u021bi la jetoanele pe care le au pe mas\u0103.<\/span><\/p>\n<p><span style=\"font-weight: 400;\">Copiii \u00eenva\u021b\u0103 s\u0103 efectueze calcule mentale rapide, pentru a forma c\u00e2t mai u\u0219or opera\u021bii matematice cu r\u0103spuns corect. De\u0219i v\u00e2rsta recomandat\u0103 este de minim 8 ani, poate fi utilizat cu succes \u0219i de copiii mai micu\u021bi, sub supravegherea unui adult.<\/span><\/p>\n<p><span style=\"font-weight: 400;\">T\u0103bli\u021bele sunt realizate din lemn, iar jetoanele sunt f\u0103cute din plastic, asigur\u00e2nd \u00een acest fel o utilizare \u00eendelungat\u0103 a jocului \u0219i rezisten\u021ba mare la uzur\u0103.\u00a0<\/span><\/p>\n<p><span style=\"font-weight: 400;\">Arat\u0103-i copilului c\u0103 matematica nu este bau-bau, poate fi chiar distractiv\u0103 atunci c\u00e2nd totul este f\u0103cut \u00een joac\u0103, cu Jocul Matematica Distractiv\u0103.<\/span><\/p>\n<p><span style=\"font-weight: 400;\">V\u00e2rsta recomandat\u0103: 8+<\/span><\/p>\n<p><span style=\"font-weight: 400;\">Juc\u0103tori: 1-4 persoane<\/span><\/p>\n<p><span style=\"font-weight: 400;\">Cutia con\u021bine: <\/span><span style=\"font-weight: 400;\">84 jetoane de joc din plastic, 4 suporturi din lemn pentru jetoane, regulament de joc.<\/span><\/p>\n<p><span style=\"font-weight: 400;\">Jocul nu este recomandat copiilor mai mici de 3 ani.<\/span><\/p>\n","protected":false},"excerpt":{"rendered":"<p>Chiar, cine-ar fi crezut c\u0103 te po\u021bi distra f\u0103c\u00e2nd calcule matematice? Te-ai fi g\u00e2ndit c\u0103 po\u021bi s\u0103 \u00ee\u021bi aju\u021bi copilul<\/p>\n","protected":false},"featured_media":70869,"template":"","meta":[],"product_brand":[],"product_cat":[1467,1508],"product_tag":[],"class_list":{"0":"post-11148","1":"product","2":"type-product","3":"status-publish","4":"has-post-thumbnail","6":"product_cat-jocuri-de-societate","7":"product_cat-jocuri-educative-si-tip-quiz","8":"pa_bax-1273","9":"pa_brand-d_toys","10":"pa_country_of_manufacture-ro","11":"pa_filter_age-3_5","12":"pa_filter_age-5_7","13":"pa_filter_age-7_9","14":"pa_tip_ambalaj-cutie","16":"first","17":"instock","18":"taxable","19":"shipping-taxable","20":"product-type-simple"},"yoast_head":"<!-- This site is optimized with the Yoast SEO plugin v20.1 - https:\/\/yoast.com\/wordpress\/plugins\/seo\/ -->\n<title>Matematic\u0103 distractiv\u0103 - Joc educativ - Roovi B2B<\/title>\n<meta name=\"robots\" content=\"index, follow, max-snippet:-1, max-image-preview:large, max-video-preview:-1\" \/>\n<link rel=\"canonical\" href=\"https:\/\/www.roovi.ro\/joc-matematica-distractiva\/p\/\" \/>\n<meta property=\"og:locale\" content=\"ro_RO\" \/>\n<meta property=\"og:type\" content=\"article\" \/>\n<meta property=\"og:title\" content=\"Matematic\u0103 distractiv\u0103 - Joc educativ - Roovi B2B\" \/>\n<meta property=\"og:description\" content=\"Chiar, cine-ar fi crezut c\u0103 te po\u021bi distra f\u0103c\u00e2nd calcule matematice? Te-ai fi g\u00e2ndit c\u0103 po\u021bi s\u0103 \u00ee\u021bi aju\u021bi copilul\" \/>\n<meta property=\"og:url\" content=\"https:\/\/www.roovi.ro\/joc-matematica-distractiva\/p\/\" \/>\n<meta property=\"og:site_name\" content=\"Roovi B2B\" \/>\n<meta property=\"article:publisher\" content=\"https:\/\/www.facebook.com\/wwwjucariero\" \/>\n<meta property=\"article:modified_time\" content=\"2025-03-13T08:05:38+00:00\" \/>\n<meta property=\"og:image\" content=\"https:\/\/business.roovi.com\/wp-content\/uploads\/2018\/04\/Fun-math-67180.jpg\" \/>\n\t<meta property=\"og:image:width\" content=\"1200\" \/>\n\t<meta property=\"og:image:height\" content=\"1200\" \/>\n\t<meta property=\"og:image:type\" content=\"image\/jpeg\" \/>\n<meta name=\"twitter:label1\" content=\"Timp estimat pentru citire\" \/>\n\t<meta name=\"twitter:data1\" content=\"2 minute\" \/>\n<script type=\"application\/ld+json\" class=\"yoast-schema-graph\">{\"@context\":\"https:\/\/schema.org\",\"@graph\":[{\"@type\":\"WebPage\",\"@id\":\"https:\/\/business.roovi.com\/ro\/joc-matematica-distractiva\/p\/\",\"url\":\"https:\/\/www.roovi.ro\/joc-matematica-distractiva\/p\/\",\"name\":\"Matematic\u0103 distractiv\u0103 - Joc educativ - Roovi B2B\",\"isPartOf\":{\"@id\":\"https:\/\/business.roovi.com\/ro\/#website\"},\"datePublished\":\"2018-04-16T10:56:04+00:00\",\"dateModified\":\"2025-03-13T08:05:38+00:00\",\"breadcrumb\":{\"@id\":\"https:\/\/www.roovi.ro\/joc-matematica-distractiva\/p\/#breadcrumb\"},\"inLanguage\":\"ro-RO\",\"potentialAction\":[{\"@type\":\"ReadAction\",\"target\":[\"https:\/\/www.roovi.ro\/joc-matematica-distractiva\/p\/\"]}]},{\"@type\":\"BreadcrumbList\",\"@id\":\"https:\/\/www.roovi.ro\/joc-matematica-distractiva\/p\/#breadcrumb\",\"itemListElement\":[{\"@type\":\"ListItem\",\"position\":1,\"name\":\"Home\",\"item\":\"https:\/\/business.roovi.com\/ro\/\"},{\"@type\":\"ListItem\",\"position\":2,\"name\":\"Magazin\",\"item\":\"https:\/\/business.roovi.com\/ro\/magazin\/\"},{\"@type\":\"ListItem\",\"position\":3,\"name\":\"Matematic\u0103 distractiv\u0103 &#8211; Joc educativ\"}]},{\"@type\":\"WebSite\",\"@id\":\"https:\/\/business.roovi.com\/ro\/#website\",\"url\":\"https:\/\/business.roovi.com\/ro\/\",\"name\":\"Roovi B2B\",\"description\":\"Roovi Business Website\",\"potentialAction\":[{\"@type\":\"SearchAction\",\"target\":{\"@type\":\"EntryPoint\",\"urlTemplate\":\"https:\/\/business.roovi.com\/ro\/?s={search_term_string}\"},\"query-input\":\"required name=search_term_string\"}],\"inLanguage\":\"ro-RO\"}]}<\/script>\n<!-- \/ Yoast SEO plugin. -->","yoast_head_json":{"title":"Matematic\u0103 distractiv\u0103 - Joc educativ - Roovi B2B","robots":{"index":"index","follow":"follow","max-snippet":"max-snippet:-1","max-image-preview":"max-image-preview:large","max-video-preview":"max-video-preview:-1"},"canonical":"https:\/\/www.roovi.ro\/joc-matematica-distractiva\/p\/","og_locale":"ro_RO","og_type":"article","og_title":"Matematic\u0103 distractiv\u0103 - Joc educativ - Roovi B2B","og_description":"Chiar, cine-ar fi crezut c\u0103 te po\u021bi distra f\u0103c\u00e2nd calcule matematice? Te-ai fi g\u00e2ndit c\u0103 po\u021bi s\u0103 \u00ee\u021bi aju\u021bi copilul","og_url":"https:\/\/www.roovi.ro\/joc-matematica-distractiva\/p\/","og_site_name":"Roovi B2B","article_publisher":"https:\/\/www.facebook.com\/wwwjucariero","article_modified_time":"2025-03-13T08:05:38+00:00","og_image":[{"width":1200,"height":1200,"url":"https:\/\/business.roovi.com\/wp-content\/uploads\/2018\/04\/Fun-math-67180.jpg","type":"image\/jpeg"}],"twitter_misc":{"Timp estimat pentru citire":"2 minute"},"schema":{"@context":"https:\/\/schema.org","@graph":[{"@type":"WebPage","@id":"https:\/\/business.roovi.com\/ro\/joc-matematica-distractiva\/p\/","url":"https:\/\/www.roovi.ro\/joc-matematica-distractiva\/p\/","name":"Matematic\u0103 distractiv\u0103 - Joc educativ - Roovi B2B","isPartOf":{"@id":"https:\/\/business.roovi.com\/ro\/#website"},"datePublished":"2018-04-16T10:56:04+00:00","dateModified":"2025-03-13T08:05:38+00:00","breadcrumb":{"@id":"https:\/\/www.roovi.ro\/joc-matematica-distractiva\/p\/#breadcrumb"},"inLanguage":"ro-RO","potentialAction":[{"@type":"ReadAction","target":["https:\/\/www.roovi.ro\/joc-matematica-distractiva\/p\/"]}]},{"@type":"BreadcrumbList","@id":"https:\/\/www.roovi.ro\/joc-matematica-distractiva\/p\/#breadcrumb","itemListElement":[{"@type":"ListItem","position":1,"name":"Home","item":"https:\/\/business.roovi.com\/ro\/"},{"@type":"ListItem","position":2,"name":"Magazin","item":"https:\/\/business.roovi.com\/ro\/magazin\/"},{"@type":"ListItem","position":3,"name":"Matematic\u0103 distractiv\u0103 &#8211; Joc educativ"}]},{"@type":"WebSite","@id":"https:\/\/business.roovi.com\/ro\/#website","url":"https:\/\/business.roovi.com\/ro\/","name":"Roovi B2B","description":"Roovi Business Website","potentialAction":[{"@type":"SearchAction","target":{"@type":"EntryPoint","urlTemplate":"https:\/\/business.roovi.com\/ro\/?s={search_term_string}"},"query-input":"required name=search_term_string"}],"inLanguage":"ro-RO"}]}},"_links":{"self":[{"href":"https:\/\/business.roovi.com\/ro\/wp-json\/wp\/v2\/product\/11148","targetHints":{"allow":["GET"]}}],"collection":[{"href":"https:\/\/business.roovi.com\/ro\/wp-json\/wp\/v2\/product"}],"about":[{"href":"https:\/\/business.roovi.com\/ro\/wp-json\/wp\/v2\/types\/product"}],"version-history":[{"count":0,"href":"https:\/\/business.roovi.com\/ro\/wp-json\/wp\/v2\/product\/11148\/revisions"}],"wp:featuredmedia":[{"embeddable":true,"href":"https:\/\/business.roovi.com\/ro\/wp-json\/wp\/v2\/media\/70869"}],"wp:attachment":[{"href":"https:\/\/business.roovi.com\/ro\/wp-json\/wp\/v2\/media?parent=11148"}],"wp:term":[{"taxonomy":"product_brand","embeddable":true,"href":"https:\/\/business.roovi.com\/ro\/wp-json\/wp\/v2\/product_brand?post=11148"},{"taxonomy":"product_cat","embeddable":true,"href":"https:\/\/business.roovi.com\/ro\/wp-json\/wp\/v2\/product_cat?post=11148"},{"taxonomy":"product_tag","embeddable":true,"href":"https:\/\/business.roovi.com\/ro\/wp-json\/wp\/v2\/product_tag?post=11148"}],"curies":[{"name":"wp","href":"https:\/\/api.w.org\/{rel}","templated":true}]}}