{"id":11183,"date":"2018-04-16T10:56:04","date_gmt":"2018-04-16T10:56:04","guid":{"rendered":"https:\/\/business.roovi.com\/product\/jocul-numerelor-clasic\/"},"modified":"2025-03-13T09:35:27","modified_gmt":"2025-03-13T09:35:27","slug":"jocul-numerelor-clasic","status":"publish","type":"product","link":"https:\/\/business.roovi.com\/ro\/jocul-numerelor-clasic\/p\/","title":{"rendered":"Jocul numerelor &#8211; Joc didactic"},"content":{"rendered":"<p><span style=\"font-weight: 400;\">Jocul este cea mai simpl\u0103 \u0219i eficient\u0103 form\u0103\u00a0 prin care cei mici pot deprinde no\u021biuni elementare \u0219i pot \u00eenv\u0103\u021ba informa\u021bii captivante. Jocul, sub toate formele sale, este o resurs\u0103 de nepre\u021buit \u00een dezvoltarea armonioas\u0103 a copiilor de toate v\u00e2rstele.<\/span><\/p>\n<p><span style=\"font-weight: 400;\">Iar Jocul Numerelor este unul dintre acele jocuri cu scop educativ, care este \u00een acela\u0219i timp amuzant \u0219i interactiv \u0219i las\u0103 deschis\u0103 u\u0219a cunoa\u0219terii, pentru ca micii exploratori s\u0103 descopere lumea fascinant\u0103 a mul\u021bimilor, a \u0219irurilor logice de numere \u0219i a cantit\u0103\u021bilor.<\/span><\/p>\n<p><span style=\"font-weight: 400;\">Un ajutor de baz\u0103 pentru educatori la gr\u0103dini\u021b\u0103, Jocul Numerelor este o modalitate distractiv\u0103 de a pune bazele matematicii \u0219i de a-i \u00eemprieteni pe copii cu cifrele.\u00a0<\/span><\/p>\n<h2><span style=\"font-weight: 400;\">\u0218tiai c\u0103 Jocul Numerelor\u2026<\/span><\/h2>\n<ul>\n<li><span style=\"font-weight: 400;\">Creeaz\u0103 premisele dezvolt\u0103rii g\u00e2ndirii logico-analitice.<\/span><\/li>\n<li><span style=\"font-weight: 400;\">\u00cei familiarizeaz\u0103 pe copii cu mul\u021bimile \u0219i corelarea acestora cu numerele.<\/span><\/li>\n<li><span style=\"font-weight: 400;\">Seteaz\u0103 no\u021biunile elementare de adunare \u0219i sc\u0103dere prin \u00een\u021belegerea no\u021biunii de \u201cmai mult\u201d \u0219i \u201cmai pu\u021bin\u201d.<\/span><\/li>\n<li><span style=\"font-weight: 400;\">Stimuleaz\u0103 lucrul \u00een echip\u0103 \u0219i colaborarea cu al\u021bi copii.<\/span><\/li>\n<li><span style=\"font-weight: 400;\">Dezvolt\u0103 aten\u021bia la detalii prin observarea diferen\u021belor.<\/span><\/li>\n<li><span style=\"font-weight: 400;\">Este un joc foarte util prin care copiii \u00eenva\u021b\u0103 c\u0103 matematica poate fi chiar distractiv\u0103.<\/span><\/li>\n<\/ul>\n<h2><span style=\"font-weight: 400;\">De ce s\u0103 alegi Jocul Numerelor<\/span><\/h2>\n<p><span style=\"font-weight: 400;\">Jocul Numerelor a fost g\u00e2ndit \u0219i creat \u00een special cu scop didactic \u0219i este folosit \u0219i \u00eendr\u0103git de cadrele didactice din gr\u0103dini\u021be, c\u0103rora le revine misiunea de a pune bazele pe care copiii vor construi mai t\u00e2rziu un bagaj de cuno\u0219tinte bogat \u0219i diversificat.\u00a0<\/span><\/p>\n<p><span style=\"font-weight: 400;\">Matematica este una dintre materiile pe care fie o iube\u0219ti, fie o accep\u021bi de nevoie. Cu ajutorul Jocului Numerelor \u0219i a unei activit\u0103\u021bi didactice potrivite, matematica poate deveni acea materie care \u021bi se lipe\u0219te de suflet.<\/span><\/p>\n<p><span style=\"font-weight: 400;\">Descoper\u0103 un joc didactic creativ, ingenios conceput \u0219i foarte util \u00een s\u0103lile de clas\u0103 din gr\u0103dini\u021be.<\/span><\/p>\n<p><span style=\"font-weight: 400;\">\u00a0<\/span><span style=\"font-weight: 400;\">V\u00e2rst\u0103 recomandat\u0103: 5+<\/span><\/p>\n<p><span style=\"font-weight: 400;\">Juc\u0103tori: grupe sau echipe<\/span><\/p>\n<p><span style=\"font-weight: 400;\">Cutia con\u021bine: 4 planse diferite cu numere \u0219i mul\u021bimi<\/span><\/p>\n<p><span style=\"font-weight: 400;\">Joc nerecomandat copiilor sub 3 ani.\u00a0<\/span><\/p>\n","protected":false},"excerpt":{"rendered":"<p>Jocul este cea mai simpl\u0103 \u0219i eficient\u0103 form\u0103\u00a0 prin care cei mici pot deprinde no\u021biuni elementare \u0219i pot \u00eenv\u0103\u021ba informa\u021bii<\/p>\n","protected":false},"featured_media":73687,"template":"","meta":[],"product_brand":[],"product_cat":[1494,1471],"product_tag":[],"class_list":{"0":"post-11183","1":"product","2":"type-product","3":"status-publish","4":"has-post-thumbnail","6":"product_cat-jocuri-didactice","7":"product_cat-jocuri-educative-si-stiintifice","8":"pa_bax-1274","9":"pa_brand-d_toys","10":"pa_country_of_manufacture-ro","11":"pa_filter_age-5_7","12":"pa_filter_age-7_9","14":"first","15":"instock","16":"taxable","17":"shipping-taxable","18":"product-type-simple"},"yoast_head":"<!-- This site is optimized with the Yoast SEO plugin v20.1 - https:\/\/yoast.com\/wordpress\/plugins\/seo\/ -->\n<title>Jocul numerelor, joc educativ pentru micii matematicieni<\/title>\n<meta name=\"description\" content=\"Ajut\u0103-\u021bi copilul s\u0103 \u00eenve\u021be numerele \u00een mod distractiv \u0219i logic! Jocul numerelor este un joc educativ ideal de folosit acas\u0103, dar \u0219i \u00een gr\u0103dini\u021be sau \u0219coli.\" \/>\n<meta name=\"robots\" content=\"index, follow, max-snippet:-1, max-image-preview:large, max-video-preview:-1\" \/>\n<link rel=\"canonical\" href=\"https:\/\/www.roovi.ro\/jocul-numerelor-clasic\/p\/\" \/>\n<meta property=\"og:locale\" content=\"ro_RO\" \/>\n<meta property=\"og:type\" content=\"article\" \/>\n<meta property=\"og:title\" content=\"Jocul numerelor, joc educativ pentru micii matematicieni\" \/>\n<meta property=\"og:description\" content=\"Ajut\u0103-\u021bi copilul s\u0103 \u00eenve\u021be numerele \u00een mod distractiv \u0219i logic! Jocul numerelor este un joc educativ ideal de folosit acas\u0103, dar \u0219i \u00een gr\u0103dini\u021be sau \u0219coli.\" \/>\n<meta property=\"og:url\" content=\"https:\/\/www.roovi.ro\/jocul-numerelor-clasic\/p\/\" \/>\n<meta property=\"og:site_name\" content=\"Roovi B2B\" \/>\n<meta property=\"article:publisher\" content=\"https:\/\/www.facebook.com\/wwwjucariero\" \/>\n<meta property=\"article:modified_time\" content=\"2025-03-13T09:35:27+00:00\" \/>\n<meta property=\"og:image\" content=\"https:\/\/business.roovi.com\/wp-content\/uploads\/2018\/04\/62697_jocul_numerelor-front.jpg\" \/>\n\t<meta property=\"og:image:width\" content=\"1200\" \/>\n\t<meta property=\"og:image:height\" content=\"1200\" \/>\n\t<meta property=\"og:image:type\" content=\"image\/jpeg\" \/>\n<meta name=\"twitter:label1\" content=\"Timp estimat pentru citire\" \/>\n\t<meta name=\"twitter:data1\" content=\"2 minute\" \/>\n<script type=\"application\/ld+json\" class=\"yoast-schema-graph\">{\"@context\":\"https:\/\/schema.org\",\"@graph\":[{\"@type\":\"WebPage\",\"@id\":\"https:\/\/business.roovi.com\/ro\/jocul-numerelor-clasic\/p\/\",\"url\":\"https:\/\/www.roovi.ro\/jocul-numerelor-clasic\/p\/\",\"name\":\"Jocul numerelor, joc educativ pentru micii matematicieni\",\"isPartOf\":{\"@id\":\"https:\/\/business.roovi.com\/ro\/#website\"},\"datePublished\":\"2018-04-16T10:56:04+00:00\",\"dateModified\":\"2025-03-13T09:35:27+00:00\",\"description\":\"Ajut\u0103-\u021bi copilul s\u0103 \u00eenve\u021be numerele \u00een mod distractiv \u0219i logic! Jocul numerelor este un joc educativ ideal de folosit acas\u0103, dar \u0219i \u00een gr\u0103dini\u021be sau \u0219coli.\",\"breadcrumb\":{\"@id\":\"https:\/\/www.roovi.ro\/jocul-numerelor-clasic\/p\/#breadcrumb\"},\"inLanguage\":\"ro-RO\",\"potentialAction\":[{\"@type\":\"ReadAction\",\"target\":[\"https:\/\/www.roovi.ro\/jocul-numerelor-clasic\/p\/\"]}]},{\"@type\":\"BreadcrumbList\",\"@id\":\"https:\/\/www.roovi.ro\/jocul-numerelor-clasic\/p\/#breadcrumb\",\"itemListElement\":[{\"@type\":\"ListItem\",\"position\":1,\"name\":\"Home\",\"item\":\"https:\/\/business.roovi.com\/ro\/\"},{\"@type\":\"ListItem\",\"position\":2,\"name\":\"Magazin\",\"item\":\"https:\/\/business.roovi.com\/ro\/magazin\/\"},{\"@type\":\"ListItem\",\"position\":3,\"name\":\"Jocul numerelor &#8211; Joc didactic\"}]},{\"@type\":\"WebSite\",\"@id\":\"https:\/\/business.roovi.com\/ro\/#website\",\"url\":\"https:\/\/business.roovi.com\/ro\/\",\"name\":\"Roovi B2B\",\"description\":\"Roovi Business Website\",\"potentialAction\":[{\"@type\":\"SearchAction\",\"target\":{\"@type\":\"EntryPoint\",\"urlTemplate\":\"https:\/\/business.roovi.com\/ro\/?s={search_term_string}\"},\"query-input\":\"required name=search_term_string\"}],\"inLanguage\":\"ro-RO\"}]}<\/script>\n<!-- \/ Yoast SEO plugin. -->","yoast_head_json":{"title":"Jocul numerelor, joc educativ pentru micii matematicieni","description":"Ajut\u0103-\u021bi copilul s\u0103 \u00eenve\u021be numerele \u00een mod distractiv \u0219i logic! Jocul numerelor este un joc educativ ideal de folosit acas\u0103, dar \u0219i \u00een gr\u0103dini\u021be sau \u0219coli.","robots":{"index":"index","follow":"follow","max-snippet":"max-snippet:-1","max-image-preview":"max-image-preview:large","max-video-preview":"max-video-preview:-1"},"canonical":"https:\/\/www.roovi.ro\/jocul-numerelor-clasic\/p\/","og_locale":"ro_RO","og_type":"article","og_title":"Jocul numerelor, joc educativ pentru micii matematicieni","og_description":"Ajut\u0103-\u021bi copilul s\u0103 \u00eenve\u021be numerele \u00een mod distractiv \u0219i logic! Jocul numerelor este un joc educativ ideal de folosit acas\u0103, dar \u0219i \u00een gr\u0103dini\u021be sau \u0219coli.","og_url":"https:\/\/www.roovi.ro\/jocul-numerelor-clasic\/p\/","og_site_name":"Roovi B2B","article_publisher":"https:\/\/www.facebook.com\/wwwjucariero","article_modified_time":"2025-03-13T09:35:27+00:00","og_image":[{"width":1200,"height":1200,"url":"https:\/\/business.roovi.com\/wp-content\/uploads\/2018\/04\/62697_jocul_numerelor-front.jpg","type":"image\/jpeg"}],"twitter_misc":{"Timp estimat pentru citire":"2 minute"},"schema":{"@context":"https:\/\/schema.org","@graph":[{"@type":"WebPage","@id":"https:\/\/business.roovi.com\/ro\/jocul-numerelor-clasic\/p\/","url":"https:\/\/www.roovi.ro\/jocul-numerelor-clasic\/p\/","name":"Jocul numerelor, joc educativ pentru micii matematicieni","isPartOf":{"@id":"https:\/\/business.roovi.com\/ro\/#website"},"datePublished":"2018-04-16T10:56:04+00:00","dateModified":"2025-03-13T09:35:27+00:00","description":"Ajut\u0103-\u021bi copilul s\u0103 \u00eenve\u021be numerele \u00een mod distractiv \u0219i logic! Jocul numerelor este un joc educativ ideal de folosit acas\u0103, dar \u0219i \u00een gr\u0103dini\u021be sau \u0219coli.","breadcrumb":{"@id":"https:\/\/www.roovi.ro\/jocul-numerelor-clasic\/p\/#breadcrumb"},"inLanguage":"ro-RO","potentialAction":[{"@type":"ReadAction","target":["https:\/\/www.roovi.ro\/jocul-numerelor-clasic\/p\/"]}]},{"@type":"BreadcrumbList","@id":"https:\/\/www.roovi.ro\/jocul-numerelor-clasic\/p\/#breadcrumb","itemListElement":[{"@type":"ListItem","position":1,"name":"Home","item":"https:\/\/business.roovi.com\/ro\/"},{"@type":"ListItem","position":2,"name":"Magazin","item":"https:\/\/business.roovi.com\/ro\/magazin\/"},{"@type":"ListItem","position":3,"name":"Jocul numerelor &#8211; Joc didactic"}]},{"@type":"WebSite","@id":"https:\/\/business.roovi.com\/ro\/#website","url":"https:\/\/business.roovi.com\/ro\/","name":"Roovi B2B","description":"Roovi Business Website","potentialAction":[{"@type":"SearchAction","target":{"@type":"EntryPoint","urlTemplate":"https:\/\/business.roovi.com\/ro\/?s={search_term_string}"},"query-input":"required name=search_term_string"}],"inLanguage":"ro-RO"}]}},"_links":{"self":[{"href":"https:\/\/business.roovi.com\/ro\/wp-json\/wp\/v2\/product\/11183","targetHints":{"allow":["GET"]}}],"collection":[{"href":"https:\/\/business.roovi.com\/ro\/wp-json\/wp\/v2\/product"}],"about":[{"href":"https:\/\/business.roovi.com\/ro\/wp-json\/wp\/v2\/types\/product"}],"version-history":[{"count":0,"href":"https:\/\/business.roovi.com\/ro\/wp-json\/wp\/v2\/product\/11183\/revisions"}],"wp:featuredmedia":[{"embeddable":true,"href":"https:\/\/business.roovi.com\/ro\/wp-json\/wp\/v2\/media\/73687"}],"wp:attachment":[{"href":"https:\/\/business.roovi.com\/ro\/wp-json\/wp\/v2\/media?parent=11183"}],"wp:term":[{"taxonomy":"product_brand","embeddable":true,"href":"https:\/\/business.roovi.com\/ro\/wp-json\/wp\/v2\/product_brand?post=11183"},{"taxonomy":"product_cat","embeddable":true,"href":"https:\/\/business.roovi.com\/ro\/wp-json\/wp\/v2\/product_cat?post=11183"},{"taxonomy":"product_tag","embeddable":true,"href":"https:\/\/business.roovi.com\/ro\/wp-json\/wp\/v2\/product_tag?post=11183"}],"curies":[{"name":"wp","href":"https:\/\/api.w.org\/{rel}","templated":true}]}}