{"id":11293,"date":"2018-04-16T10:56:04","date_gmt":"2018-04-16T10:56:04","guid":{"rendered":"https:\/\/business.roovi.com\/product\/joc-eduscience-academia-cateilor\/"},"modified":"2023-04-12T05:31:53","modified_gmt":"2023-04-12T05:31:53","slug":"joc-eduscience-academia-cateilor","status":"publish","type":"product","link":"https:\/\/business.roovi.com\/ro\/joc-eduscience-academia-cateilor\/p\/","title":{"rendered":"Academia c\u0103\u021beilor &#8211; Set interactiv cu juc\u0103rii \u0219i instruc\u021biuni pentru dresat c\u0103\u021bei"},"content":{"rendered":"<h3><span style=\"font-weight: 400;\">Hei, micule explorator! Vrei s\u0103 \u0219tii cum s\u0103-\u021bi dresezi c\u0103\u021belul? Cu setul Academia C\u0103\u021beilor de la ROOVI descoperi cum s\u0103-l \u00eenve\u021bi pe prietenul t\u0103u bl\u0103nos s\u0103 fie educat \u0219i cuminte.\u00a0<\/span><\/h3>\n<p><span style=\"font-weight: 400;\">Academia C\u0103\u021beilor este un set experimental \u0219i super distractiv creat special pentru micii posesori de c\u0103\u021bei. Setul con\u021bine o mul\u021bime de componente \u0219i accesorii cu care se pot crea juc\u0103rii interactive care te vor ajuta s\u0103-\u021bi dresezi c\u0103\u021belu\u0219ul \u00een timp ce v\u0103 distra\u021bi pe cinste \u00eempreun\u0103.<\/span><\/p>\n<p><span style=\"font-weight: 400;\">Rela\u021bia copiilor cu prietenii patrupezi este foarte special\u0103 \u0219i important\u0103 pentru dezvoltarea lor emo\u021bional\u0103. Academia C\u0103\u021beilor vine \u00een sprijinul celor mici care nu \u00een\u021beleg \u00eentotdeauna comportamentul anim\u0103lu\u021belor \u0219i sunt tri\u0219ti atunci c\u00e2nd acestea nu au chef de joac\u0103.<\/span><\/p>\n<p><span style=\"font-weight: 400;\">Dac\u0103 vrei s\u0103 ai rela\u021bie frumoas\u0103 de prietenie cu c\u0103\u021belu\u0219ul t\u0103u, fii mereu atent la nevoile lui. Vorbe\u0219te-i frumos, de fiecare dat\u0103, nu \u00eel for\u021ba niciodat\u0103 s\u0103 intre \u00een joc, nu \u00eel brusca \u0219i nu \u00eel pedepsi. <\/span><\/p>\n<p><span style=\"font-weight: 400;\">C\u0103\u021belu\u0219ii iubesc recompensele, au sim\u021burile foarte dezvoltate \u0219i sunt extrem de receptivi la comenzi. Academia C\u0103\u021beilor \u00ee\u021bi prezint\u0103 foarte multe informa\u021bii pre\u021bioase care te vor ajuta s\u0103 \u00een\u021belegi mai bine limbajul c\u0103\u021belu\u0219ilor.\u00a0<\/span><\/p>\n<h3><span style=\"font-weight: 400;\">Academia C\u0103\u021beilor: tehnici de dresaj canin \u0219i multe surprize distractive pentru copii \u0219i c\u0103\u021belu\u0219i<\/span><\/h3>\n<ul>\n<li style=\"font-weight: 400;\"><span style=\"font-weight: 400;\">Cite\u0219te ghidul inclus \u00een set \u0219i d\u0103 startul sesiunilor de dresaj.<\/span><\/li>\n<li style=\"font-weight: 400;\"><span style=\"font-weight: 400;\">\u00cencearc\u0103 tehnica de \u00eent\u0103rire pozitiv\u0103, dresajul cu clicker \u0219i observ\u0103 rezultatele.<\/span><\/li>\n<li style=\"font-weight: 400;\"><span style=\"font-weight: 400;\">Creeaz\u0103 trucuri iste\u021be \u0219i inventeaz\u0103 teste de inteligen\u021b\u0103 pentru c\u0103\u021bei.\u00a0<\/span><\/li>\n<li style=\"font-weight: 400;\"><span style=\"font-weight: 400;\">G\u0103te\u0219te biscui\u021bi delicio\u0219i sau crochete \u0219i ofer\u0103-i-le ca recompens\u0103.<\/span><\/li>\n<li style=\"font-weight: 400;\"><span style=\"font-weight: 400;\">Fii creativ \u0219i dezvolt\u0103 noi provoc\u0103ri de joac\u0103 pentru tine \u0219i c\u0103\u021belu\u0219ul t\u0103u.<\/span><\/li>\n<\/ul>\n<p><span style=\"font-weight: 400;\">Ai a\u0219adar o multitudine de variante creative \u0219i interactive pentru a-\u021bi dresa c\u00e2inele \u0219i pentru a v\u0103 distra de minune \u00eempreun\u0103.\u00a0<\/span><\/p>\n<p><span style=\"font-weight: 400;\">Academia c\u0103\u021beilor este un set grozav pentru ca cei mici s\u0103 petreac\u0103 un timp \u00eendelungat afar\u0103 sau \u00een spa\u021bii deschise, \u00een compania prietenului necuv\u00e2nt\u0103tor.<\/span><\/p>\n<h3><span style=\"font-weight: 400;\">\u00a0De ce s\u0103 alegi setul Academia C\u0103\u021beilor<\/span><\/h3>\n<p><span style=\"font-weight: 400;\">Este o modalitate foarte distractiv\u0103 pentru ca cei mici s\u0103 \u00ee\u0219i cunoasc\u0103 \u0219i s\u0103 se \u00eemprieteneasc\u0103 mai bine cu anim\u0103lu\u021bul de companie.<\/span><\/p>\n<p><span style=\"font-weight: 400;\">Setul con\u021bine accesorii \u0219i componente din care copiii pot crea juc\u0103rii interactive pentru c\u0103\u021bei, dezvolt\u00e2ndu-\u0219i astfel \u00eendem\u00e2narea \u0219i creativitatea.<\/span><\/p>\n<p><span style=\"font-weight: 400;\">Este un prilej oportun pentru ca cel mic s\u0103-\u0219i formeze o atitudine responsabil\u0103 \u0219i s\u0103 \u00ee\u0219i ia \u00een serios rolul de st\u0103p\u00e2n al unui animal de companie.<\/span><\/p>\n<p><span style=\"font-weight: 400;\">Este un excelent exerci\u021biu de r\u0103bdare, copilul \u00eenv\u0103\u021b\u00e2nd c\u0103 educa\u021bia \u0219i comportamentul adecvat se \u00eenva\u021b\u0103 treptat, fiind, de fapt, o activitate constant\u0103.<\/span><\/p>\n<p><span style=\"font-weight: 400;\">\u00cei \u00eenva\u021b\u0103 pe copii s\u0103 \u00ee\u0219i respecte prietenii \u0219i s\u0103 se comporte frumos chiar \u0219i atunci c\u00e2nd ace\u0219tia nu fac ce vor ei.<\/span><\/p>\n<p><span style=\"font-weight: 400;\">Setul <\/span><b>Academia C\u0103\u021beilor<\/b><span style=\"font-weight: 400;\"> face parte din gama EduScience de la ROOVI care ini\u021biaz\u0103 copiii \u00een lumea fascinant\u0103 a \u0219tiin\u021bei \u0219i le \u00eendreapt\u0103 entuziasmul c\u0103tre jocurile inteligente \u0219i educative. De asemenea, \u00een timp ce se joac\u0103, copiii \u00ee\u0219i dezvolt\u0103 abilit\u0103\u021bi importante precum:\u00a0<\/span><\/p>\n<ul>\n<li style=\"font-weight: 400;\"><span style=\"font-weight: 400;\">Aten\u021bia pe o sarcin\u0103 precis\u0103<\/span><\/li>\n<li style=\"font-weight: 400;\"><span style=\"font-weight: 400;\">G\u00e2ndirea logico-matematic\u0103<\/span><\/li>\n<li style=\"font-weight: 400;\"><span style=\"font-weight: 400;\">Capacitatea de a g\u00e2ndi creativ<\/span><\/li>\n<li style=\"font-weight: 400;\"><span style=\"font-weight: 400;\">Dexteritatea \u0219i perseveren\u021ba pentru a-\u0219i atinge obiectivele.<\/span><\/li>\n<li style=\"font-weight: 400;\"><span style=\"font-weight: 400;\">Spiritul \u00eentreprinz\u0103tor \u0219i inovator.<\/span><\/li>\n<\/ul>\n<p><span style=\"font-weight: 400;\">Intr\u0103 \u00een jocul celor mici \u0219i crea\u021bi \u00eempreun\u0103 jocuri \u0219i juc\u0103rii adorabile pentru c\u0103\u021belu\u0219i juc\u0103u\u0219i cu Academia C\u0103\u021beilor!<\/span><\/p>\n<h3><span style=\"font-weight: 400;\">\u0218tiai c\u0103\u2026<\/span><\/h3>\n<ul>\n<li style=\"font-weight: 400;\"><span style=\"font-weight: 400;\">Dresajul cu clicker-ul (cu fluier) func\u021bioneaz\u0103 chiar \u0219i pentru c\u00e2inii mai b\u0103tr\u00e2ni.<\/span><\/li>\n<li style=\"font-weight: 400;\"><span style=\"font-weight: 400;\">C\u00e2inii se dreseaz\u0103 cel mai eficient atunci c\u00e2nd le este un pic foame.<\/span><\/li>\n<li style=\"font-weight: 400;\"><span style=\"font-weight: 400;\">Gust\u0103rile mici sunt recompense formidabile pentru c\u0103\u021bei. \u00cen ghidul de utilizare g\u0103se\u0219ti \u0219i 2 re\u021bete de biscui\u021bi speciali pentru c\u0103\u021bei pe care \u00eei po\u021bi face \u00een cas\u0103, cu ajutorul p\u0103rin\u021bilor, precum \u0219i o form\u0103 pentru realizat biscui\u021bii.<\/span><\/li>\n<\/ul>\n<p><span style=\"font-weight: 400;\">Pentru conectare cu copiii, pentru joac\u0103 \u0219i veselie maxim\u0103 care pun \u00een centrul aten\u021biei membrii patrupezi ai familiei sau pentru a oferi un dar deosebit unui prieten care are un c\u0103\u021bel, setul Academia C\u0103\u021beilor este alegerea perfect\u0103.<\/span><\/p>\n<h3><span style=\"font-weight: 400;\">Iar dac\u0103 ai o pisicu\u021b\u0103 ca animal de companie, comand\u0103 de aici setul <\/span><a href=\"https:\/\/business.roovi.com\/ro\/joc-eduscience-academia-pisicilor\/p\/\"><b>Academia Pisicilor<\/b><\/a><span style=\"font-weight: 400;\"> \u0219i \u00eembl\u00e2nze\u0219te u\u0219or \u0219i acest prieten patruped.<\/span><\/h3>\n","protected":false},"excerpt":{"rendered":"<p>Hei, micule explorator! Vrei s\u0103 \u0219tii cum s\u0103-\u021bi dresezi c\u0103\u021belul? Cu setul Academia C\u0103\u021beilor de la ROOVI descoperi cum s\u0103-l<\/p>\n","protected":false},"featured_media":69659,"template":"","meta":[],"product_brand":[],"product_cat":[1471,1509],"product_tag":[],"class_list":{"0":"post-11293","1":"product","2":"type-product","3":"status-publish","4":"has-post-thumbnail","6":"product_cat-jocuri-educative-si-stiintifice","7":"product_cat-jocuri-stiintifice","8":"pa_bax-1276","9":"pa_brand-treetoys","10":"pa_country_of_manufacture-ro","11":"pa_filter_age-1315","12":"pa_filter_age-5_7","13":"pa_filter_age-7_9","14":"pa_filter_age-9_14","15":"pa_tip_ambalaj-cutie","17":"first","18":"instock","19":"taxable","20":"shipping-taxable","21":"product-type-simple"},"yoast_head":"<!-- This site is optimized with the Yoast SEO plugin v20.1 - https:\/\/yoast.com\/wordpress\/plugins\/seo\/ -->\n<title>Academia c\u0103\u021beilor - Set interactiv cu juc\u0103rii \u0219i instruc\u021biuni pentru dresat c\u0103\u021bei - Roovi B2B<\/title>\n<meta name=\"robots\" content=\"index, follow, max-snippet:-1, max-image-preview:large, max-video-preview:-1\" \/>\n<link rel=\"canonical\" href=\"https:\/\/www.roovi.ro\/joc-eduscience-academia-cateilor\/p\/\" \/>\n<meta property=\"og:locale\" content=\"ro_RO\" \/>\n<meta property=\"og:type\" content=\"article\" \/>\n<meta property=\"og:title\" content=\"Academia c\u0103\u021beilor - Set interactiv cu juc\u0103rii \u0219i instruc\u021biuni pentru dresat c\u0103\u021bei - Roovi B2B\" \/>\n<meta property=\"og:description\" content=\"Hei, micule explorator! Vrei s\u0103 \u0219tii cum s\u0103-\u021bi dresezi c\u0103\u021belul? Cu setul Academia C\u0103\u021beilor de la ROOVI descoperi cum s\u0103-l\" \/>\n<meta property=\"og:url\" content=\"https:\/\/www.roovi.ro\/joc-eduscience-academia-cateilor\/p\/\" \/>\n<meta property=\"og:site_name\" content=\"Roovi B2B\" \/>\n<meta property=\"article:publisher\" content=\"https:\/\/www.facebook.com\/wwwjucariero\" \/>\n<meta property=\"article:modified_time\" content=\"2023-04-12T05:31:53+00:00\" \/>\n<meta property=\"og:image\" content=\"https:\/\/business.roovi.com\/wp-content\/uploads\/2018\/04\/1-14-1.jpg\" \/>\n\t<meta property=\"og:image:width\" content=\"1200\" \/>\n\t<meta property=\"og:image:height\" content=\"1200\" \/>\n\t<meta property=\"og:image:type\" content=\"image\/jpeg\" \/>\n<meta name=\"twitter:label1\" content=\"Timp estimat pentru citire\" \/>\n\t<meta name=\"twitter:data1\" content=\"4 minute\" \/>\n<script type=\"application\/ld+json\" class=\"yoast-schema-graph\">{\"@context\":\"https:\/\/schema.org\",\"@graph\":[{\"@type\":\"WebPage\",\"@id\":\"https:\/\/business.roovi.com\/ro\/joc-eduscience-academia-cateilor\/p\/\",\"url\":\"https:\/\/www.roovi.ro\/joc-eduscience-academia-cateilor\/p\/\",\"name\":\"Academia c\u0103\u021beilor - Set interactiv cu juc\u0103rii \u0219i instruc\u021biuni pentru dresat c\u0103\u021bei - Roovi B2B\",\"isPartOf\":{\"@id\":\"https:\/\/business.roovi.com\/ro\/#website\"},\"datePublished\":\"2018-04-16T10:56:04+00:00\",\"dateModified\":\"2023-04-12T05:31:53+00:00\",\"breadcrumb\":{\"@id\":\"https:\/\/www.roovi.ro\/joc-eduscience-academia-cateilor\/p\/#breadcrumb\"},\"inLanguage\":\"ro-RO\",\"potentialAction\":[{\"@type\":\"ReadAction\",\"target\":[\"https:\/\/www.roovi.ro\/joc-eduscience-academia-cateilor\/p\/\"]}]},{\"@type\":\"BreadcrumbList\",\"@id\":\"https:\/\/www.roovi.ro\/joc-eduscience-academia-cateilor\/p\/#breadcrumb\",\"itemListElement\":[{\"@type\":\"ListItem\",\"position\":1,\"name\":\"Home\",\"item\":\"https:\/\/business.roovi.com\/ro\/\"},{\"@type\":\"ListItem\",\"position\":2,\"name\":\"Magazin\",\"item\":\"https:\/\/business.roovi.com\/ro\/magazin\/\"},{\"@type\":\"ListItem\",\"position\":3,\"name\":\"Academia c\u0103\u021beilor &#8211; Set interactiv cu juc\u0103rii \u0219i instruc\u021biuni pentru dresat c\u0103\u021bei\"}]},{\"@type\":\"WebSite\",\"@id\":\"https:\/\/business.roovi.com\/ro\/#website\",\"url\":\"https:\/\/business.roovi.com\/ro\/\",\"name\":\"Roovi B2B\",\"description\":\"Roovi Business Website\",\"potentialAction\":[{\"@type\":\"SearchAction\",\"target\":{\"@type\":\"EntryPoint\",\"urlTemplate\":\"https:\/\/business.roovi.com\/ro\/?s={search_term_string}\"},\"query-input\":\"required name=search_term_string\"}],\"inLanguage\":\"ro-RO\"}]}<\/script>\n<!-- \/ Yoast SEO plugin. -->","yoast_head_json":{"title":"Academia c\u0103\u021beilor - Set interactiv cu juc\u0103rii \u0219i instruc\u021biuni pentru dresat c\u0103\u021bei - Roovi B2B","robots":{"index":"index","follow":"follow","max-snippet":"max-snippet:-1","max-image-preview":"max-image-preview:large","max-video-preview":"max-video-preview:-1"},"canonical":"https:\/\/www.roovi.ro\/joc-eduscience-academia-cateilor\/p\/","og_locale":"ro_RO","og_type":"article","og_title":"Academia c\u0103\u021beilor - Set interactiv cu juc\u0103rii \u0219i instruc\u021biuni pentru dresat c\u0103\u021bei - Roovi B2B","og_description":"Hei, micule explorator! Vrei s\u0103 \u0219tii cum s\u0103-\u021bi dresezi c\u0103\u021belul? Cu setul Academia C\u0103\u021beilor de la ROOVI descoperi cum s\u0103-l","og_url":"https:\/\/www.roovi.ro\/joc-eduscience-academia-cateilor\/p\/","og_site_name":"Roovi B2B","article_publisher":"https:\/\/www.facebook.com\/wwwjucariero","article_modified_time":"2023-04-12T05:31:53+00:00","og_image":[{"width":1200,"height":1200,"url":"https:\/\/business.roovi.com\/wp-content\/uploads\/2018\/04\/1-14-1.jpg","type":"image\/jpeg"}],"twitter_misc":{"Timp estimat pentru citire":"4 minute"},"schema":{"@context":"https:\/\/schema.org","@graph":[{"@type":"WebPage","@id":"https:\/\/business.roovi.com\/ro\/joc-eduscience-academia-cateilor\/p\/","url":"https:\/\/www.roovi.ro\/joc-eduscience-academia-cateilor\/p\/","name":"Academia c\u0103\u021beilor - Set interactiv cu juc\u0103rii \u0219i instruc\u021biuni pentru dresat c\u0103\u021bei - Roovi B2B","isPartOf":{"@id":"https:\/\/business.roovi.com\/ro\/#website"},"datePublished":"2018-04-16T10:56:04+00:00","dateModified":"2023-04-12T05:31:53+00:00","breadcrumb":{"@id":"https:\/\/www.roovi.ro\/joc-eduscience-academia-cateilor\/p\/#breadcrumb"},"inLanguage":"ro-RO","potentialAction":[{"@type":"ReadAction","target":["https:\/\/www.roovi.ro\/joc-eduscience-academia-cateilor\/p\/"]}]},{"@type":"BreadcrumbList","@id":"https:\/\/www.roovi.ro\/joc-eduscience-academia-cateilor\/p\/#breadcrumb","itemListElement":[{"@type":"ListItem","position":1,"name":"Home","item":"https:\/\/business.roovi.com\/ro\/"},{"@type":"ListItem","position":2,"name":"Magazin","item":"https:\/\/business.roovi.com\/ro\/magazin\/"},{"@type":"ListItem","position":3,"name":"Academia c\u0103\u021beilor &#8211; Set interactiv cu juc\u0103rii \u0219i instruc\u021biuni pentru dresat c\u0103\u021bei"}]},{"@type":"WebSite","@id":"https:\/\/business.roovi.com\/ro\/#website","url":"https:\/\/business.roovi.com\/ro\/","name":"Roovi B2B","description":"Roovi Business Website","potentialAction":[{"@type":"SearchAction","target":{"@type":"EntryPoint","urlTemplate":"https:\/\/business.roovi.com\/ro\/?s={search_term_string}"},"query-input":"required name=search_term_string"}],"inLanguage":"ro-RO"}]}},"_links":{"self":[{"href":"https:\/\/business.roovi.com\/ro\/wp-json\/wp\/v2\/product\/11293","targetHints":{"allow":["GET"]}}],"collection":[{"href":"https:\/\/business.roovi.com\/ro\/wp-json\/wp\/v2\/product"}],"about":[{"href":"https:\/\/business.roovi.com\/ro\/wp-json\/wp\/v2\/types\/product"}],"version-history":[{"count":0,"href":"https:\/\/business.roovi.com\/ro\/wp-json\/wp\/v2\/product\/11293\/revisions"}],"wp:featuredmedia":[{"embeddable":true,"href":"https:\/\/business.roovi.com\/ro\/wp-json\/wp\/v2\/media\/69659"}],"wp:attachment":[{"href":"https:\/\/business.roovi.com\/ro\/wp-json\/wp\/v2\/media?parent=11293"}],"wp:term":[{"taxonomy":"product_brand","embeddable":true,"href":"https:\/\/business.roovi.com\/ro\/wp-json\/wp\/v2\/product_brand?post=11293"},{"taxonomy":"product_cat","embeddable":true,"href":"https:\/\/business.roovi.com\/ro\/wp-json\/wp\/v2\/product_cat?post=11293"},{"taxonomy":"product_tag","embeddable":true,"href":"https:\/\/business.roovi.com\/ro\/wp-json\/wp\/v2\/product_tag?post=11293"}],"curies":[{"name":"wp","href":"https:\/\/api.w.org\/{rel}","templated":true}]}}