{"id":11298,"date":"2018-04-16T10:56:04","date_gmt":"2018-04-16T10:56:04","guid":{"rendered":"https:\/\/business.roovi.com\/product\/joc-eduscience-academia-pisicilor\/"},"modified":"2023-04-12T05:40:41","modified_gmt":"2023-04-12T05:40:41","slug":"joc-eduscience-academia-pisicilor","status":"publish","type":"product","link":"https:\/\/business.roovi.com\/ro\/joc-eduscience-academia-pisicilor\/p\/","title":{"rendered":"Academia pisicilor &#8211; Set interactiv cu juc\u0103rii \u0219i instruc\u021biuni pentru dresat pisici"},"content":{"rendered":"<h3>Hei, micule explorator! Crezi c\u0103 e imposibil s\u0103-\u021bi dresezi pisica? Descoper\u0103 setul Academia Pisicilor de la ROOVI \u0219i preg\u0103te\u0219te-te s\u0103 fii surprins de calit\u0103\u021bile prietenei tale pufoase.<\/h3>\n<p>Academia Pisicilor este un set experimental \u0219i super distractiv creat special pentru to\u021bi micii posesori de pisici. Setul con\u021bine o mul\u021bime de componente \u0219i accesorii cu care se pot crea juc\u0103rii interactive care te vor ajuta s\u0103-\u021bi dresezi pisicu\u021ba \u00een timp ce v\u0103 distra\u021bi pe cinste \u00eempreun\u0103.<\/p>\n<p>Rela\u021bia copiilor cu prietenii patrupezi este foarte special\u0103 \u0219i important\u0103 pentru dezvoltarea lor emo\u021bional\u0103. Academia Pisicilor vine \u00een sprijinul celor mici care nu \u00een\u021beleg \u00eentotdeauna comportamentul anim\u0103lu\u021belor \u0219i sunt tri\u0219ti atunci c\u00e2nd acestea nu au chef de joac\u0103.<\/p>\n<p>Dac\u0103 vrei ca pisica ta s\u0103 te asculte, ai grij\u0103 \u0219i tu de nevoile ei. Nu o for\u021ba niciodat\u0103 s\u0103 intre \u00een joc, nu o brusca \u0219i nu o pedepsi. Academia pisicilor \u00ee\u021bi prezint\u0103 o mul\u021bime de informa\u021bii utile care te vor ajuta s\u0103 \u00een\u021belegi mai bine limbajul \u0219i comportamentul pisicesc.<\/p>\n<h3>Academia Pisicilor: un centru de joac\u0103 \u0219i multe surprize distractive pentru copii \u0219i pisici<\/h3>\n<ul>\n<li>Asambleaz\u0103 centrul de joac\u0103 \u0219i d\u0103 startul distrac\u021biei cu pisicu\u021ba ta.<\/li>\n<li>\u00cencearc\u0103 jocul cu mingea pufoas\u0103, cursa bilelor sau resortul cu surpriz\u0103.<\/li>\n<li>Creeaz\u0103 un \u0219oricel de juc\u0103rie sau inventeaz\u0103 un test de inteligen\u021b\u0103 pentru pisici.<\/li>\n<li>G\u0103te\u0219te biscui\u021bi delicio\u0219i sau crochete \u0219i ofer\u0103-i-le ca recompens\u0103.<\/li>\n<li>Fii creativ \u0219i dezvolt\u0103 noi provoc\u0103ri de joac\u0103 pentru tine \u0219i pisicu\u021ba ta.<\/li>\n<\/ul>\n<p>Ai a\u0219adar o multitudine de variante creative \u0219i interactive pentru a-\u021bi \u00eembl\u00e2nzi pisicu\u021ba \u0219i pentru a v\u0103 distra de minune \u00eempreun\u0103.<\/p>\n<p>Academia pisicilor este un set grozav pentru ca cei mici s\u0103 petreac\u0103 un timp \u00eendelungat afar\u0103 sau \u00een spa\u021bii deschise, \u00een compania anim\u0103lu\u021bului preferat.<\/p>\n<h3>\u00a0De ce s\u0103 alegi setul Academia Pisicilor<\/h3>\n<ul>\n<li>Este o modalitate foarte distractiv\u0103 pentru ca cei mici s\u0103 \u00ee\u0219i cunoasc\u0103 \u0219i s\u0103 se \u00eemprieteneasc\u0103 mai bine cu anim\u0103lu\u021bul de companie.<\/li>\n<li>Setul con\u021bine accesorii \u0219i componente din care copiii pot crea juc\u0103rii interactive pentru pisici, dezvolt\u00e2ndu-\u0219i astfel \u00eendem\u00e2narea \u0219i creativitatea.<\/li>\n<li>Este un prilej oportun pentru ca cel mic s\u0103-\u0219i formeze o atitudine responsabil\u0103 \u0219i s\u0103 \u00ee\u0219i ia \u00een serios rolul de st\u0103p\u00e2n al unui animal de companie.<\/li>\n<li>Este un excelent exerci\u021biu de r\u0103bdare, copilul \u00eenv\u0103\u021b\u00e2nd c\u0103 educa\u021bia \u0219i comportamentul adecvat se \u00eenva\u021b\u0103 treptat, fiind, de fapt, o activitate constant\u0103.<\/li>\n<li>\u00cei \u00eenva\u021b\u0103 pe copii s\u0103 \u00ee\u0219i respecte prietenii \u0219i s\u0103 se comporte frumos chiar \u0219i atunci c\u00e2nd ace\u0219tia nu fac ce vor ei.<\/li>\n<\/ul>\n<p>Setul\u00a0<b>Academia Pisicilor<\/b>\u00a0face parte din gama EduScience de la ROOVI care ini\u021biaz\u0103 copiii \u00een lumea fascinant\u0103 a \u0219tiin\u021bei \u0219i le \u00eendreapt\u0103 entuziasmul c\u0103tre jocurile inteligente \u0219i educative. De asemenea, \u00een timp ce se joac\u0103, copiii \u00ee\u0219i dezvolt\u0103 abilit\u0103\u021bi importante precum:<\/p>\n<ul>\n<li>Aten\u021bia pe o sarcin\u0103 precis\u0103<\/li>\n<li>G\u00e2ndirea logico-matematic\u0103<\/li>\n<li>Capacitatea de a g\u00e2ndi creativ<\/li>\n<li>Dexteritatea \u0219i perseveren\u021ba pentru a-\u0219i atinge obiectivele.<\/li>\n<li>Spiritul \u00eentreprinz\u0103tor \u0219i inovator.<\/li>\n<\/ul>\n<p>Intr\u0103 \u00een jocul celor mici \u0219i crea\u021bi \u00eempreun\u0103 jocuri \u0219i juc\u0103rii adorabile pentru m\u00e2\u021be juc\u0103u\u0219e cu\u00a0<strong>Academia Pisicilor<\/strong>!<\/p>\n<p>Pentru conectare cu copiii, pentru joac\u0103 \u0219i veselie maxim\u0103 care pun \u00een centrul aten\u021biei membrii patrupezi ai familiei sau pentru a oferi un dar deosebit unui posesor de pisici,\u00a0<strong>Academia Pisicilor<\/strong>\u00a0este alegerea perfect\u0103.<\/p>\n<h3>Iar dac\u0103 ai un c\u0103\u021belu\u0219 ca animal de companie, comand\u0103 de aici setul\u00a0<a href=\"https:\/\/business.roovi.com\/ro\/joc-eduscience-academia-cateilor\/p\/\"><b>Academia C\u0103\u021beilor<\/b><\/a>\u00a0\u0219i dreseaz\u0103-\u021bi u\u0219or \u0219i acest prieten patruped.<\/h3>\n","protected":false},"excerpt":{"rendered":"<p>Hei, micule explorator! Crezi c\u0103 e imposibil s\u0103-\u021bi dresezi pisica? Descoper\u0103 setul Academia Pisicilor de la ROOVI \u0219i preg\u0103te\u0219te-te s\u0103<\/p>\n","protected":false},"featured_media":69690,"template":"","meta":[],"product_brand":[],"product_cat":[1471,1509],"product_tag":[],"class_list":{"0":"post-11298","1":"product","2":"type-product","3":"status-publish","4":"has-post-thumbnail","6":"product_cat-jocuri-educative-si-stiintifice","7":"product_cat-jocuri-stiintifice","8":"pa_bax-1276","9":"pa_brand-treetoys","10":"pa_country_of_manufacture-ro","11":"pa_filter_age-1315","12":"pa_filter_age-5_7","13":"pa_filter_age-7_9","14":"pa_filter_age-9_14","15":"pa_tip_ambalaj-cutie","17":"first","18":"instock","19":"taxable","20":"shipping-taxable","21":"product-type-simple"},"yoast_head":"<!-- This site is optimized with the Yoast SEO plugin v20.1 - https:\/\/yoast.com\/wordpress\/plugins\/seo\/ -->\n<title>Academia pisicilor - Set interactiv cu juc\u0103rii \u0219i instruc\u021biuni pentru dresat pisici - Roovi B2B<\/title>\n<meta name=\"robots\" content=\"index, follow, max-snippet:-1, max-image-preview:large, max-video-preview:-1\" \/>\n<link rel=\"canonical\" href=\"https:\/\/www.roovi.ro\/joc-eduscience-academia-pisicilor\/p\/\" \/>\n<meta property=\"og:locale\" content=\"ro_RO\" \/>\n<meta property=\"og:type\" content=\"article\" \/>\n<meta property=\"og:title\" content=\"Academia pisicilor - Set interactiv cu juc\u0103rii \u0219i instruc\u021biuni pentru dresat pisici - Roovi B2B\" \/>\n<meta property=\"og:description\" content=\"Hei, micule explorator! Crezi c\u0103 e imposibil s\u0103-\u021bi dresezi pisica? Descoper\u0103 setul Academia Pisicilor de la ROOVI \u0219i preg\u0103te\u0219te-te s\u0103\" \/>\n<meta property=\"og:url\" content=\"https:\/\/www.roovi.ro\/joc-eduscience-academia-pisicilor\/p\/\" \/>\n<meta property=\"og:site_name\" content=\"Roovi B2B\" \/>\n<meta property=\"article:publisher\" content=\"https:\/\/www.facebook.com\/wwwjucariero\" \/>\n<meta property=\"article:modified_time\" content=\"2023-04-12T05:40:41+00:00\" \/>\n<meta property=\"og:image\" content=\"https:\/\/business.roovi.com\/wp-content\/uploads\/2018\/04\/1-15.jpg\" \/>\n\t<meta property=\"og:image:width\" content=\"1200\" \/>\n\t<meta property=\"og:image:height\" content=\"1200\" \/>\n\t<meta property=\"og:image:type\" content=\"image\/jpeg\" \/>\n<meta name=\"twitter:label1\" content=\"Timp estimat pentru citire\" \/>\n\t<meta name=\"twitter:data1\" content=\"3 minute\" \/>\n<script type=\"application\/ld+json\" class=\"yoast-schema-graph\">{\"@context\":\"https:\/\/schema.org\",\"@graph\":[{\"@type\":\"WebPage\",\"@id\":\"https:\/\/business.roovi.com\/ro\/joc-eduscience-academia-pisicilor\/p\/\",\"url\":\"https:\/\/www.roovi.ro\/joc-eduscience-academia-pisicilor\/p\/\",\"name\":\"Academia pisicilor - Set interactiv cu juc\u0103rii \u0219i instruc\u021biuni pentru dresat pisici - Roovi B2B\",\"isPartOf\":{\"@id\":\"https:\/\/business.roovi.com\/ro\/#website\"},\"datePublished\":\"2018-04-16T10:56:04+00:00\",\"dateModified\":\"2023-04-12T05:40:41+00:00\",\"breadcrumb\":{\"@id\":\"https:\/\/www.roovi.ro\/joc-eduscience-academia-pisicilor\/p\/#breadcrumb\"},\"inLanguage\":\"ro-RO\",\"potentialAction\":[{\"@type\":\"ReadAction\",\"target\":[\"https:\/\/www.roovi.ro\/joc-eduscience-academia-pisicilor\/p\/\"]}]},{\"@type\":\"BreadcrumbList\",\"@id\":\"https:\/\/www.roovi.ro\/joc-eduscience-academia-pisicilor\/p\/#breadcrumb\",\"itemListElement\":[{\"@type\":\"ListItem\",\"position\":1,\"name\":\"Home\",\"item\":\"https:\/\/business.roovi.com\/ro\/\"},{\"@type\":\"ListItem\",\"position\":2,\"name\":\"Magazin\",\"item\":\"https:\/\/business.roovi.com\/ro\/magazin\/\"},{\"@type\":\"ListItem\",\"position\":3,\"name\":\"Academia pisicilor &#8211; Set interactiv cu juc\u0103rii \u0219i instruc\u021biuni pentru dresat pisici\"}]},{\"@type\":\"WebSite\",\"@id\":\"https:\/\/business.roovi.com\/ro\/#website\",\"url\":\"https:\/\/business.roovi.com\/ro\/\",\"name\":\"Roovi B2B\",\"description\":\"Roovi Business Website\",\"potentialAction\":[{\"@type\":\"SearchAction\",\"target\":{\"@type\":\"EntryPoint\",\"urlTemplate\":\"https:\/\/business.roovi.com\/ro\/?s={search_term_string}\"},\"query-input\":\"required name=search_term_string\"}],\"inLanguage\":\"ro-RO\"}]}<\/script>\n<!-- \/ Yoast SEO plugin. -->","yoast_head_json":{"title":"Academia pisicilor - Set interactiv cu juc\u0103rii \u0219i instruc\u021biuni pentru dresat pisici - Roovi B2B","robots":{"index":"index","follow":"follow","max-snippet":"max-snippet:-1","max-image-preview":"max-image-preview:large","max-video-preview":"max-video-preview:-1"},"canonical":"https:\/\/www.roovi.ro\/joc-eduscience-academia-pisicilor\/p\/","og_locale":"ro_RO","og_type":"article","og_title":"Academia pisicilor - Set interactiv cu juc\u0103rii \u0219i instruc\u021biuni pentru dresat pisici - Roovi B2B","og_description":"Hei, micule explorator! Crezi c\u0103 e imposibil s\u0103-\u021bi dresezi pisica? Descoper\u0103 setul Academia Pisicilor de la ROOVI \u0219i preg\u0103te\u0219te-te s\u0103","og_url":"https:\/\/www.roovi.ro\/joc-eduscience-academia-pisicilor\/p\/","og_site_name":"Roovi B2B","article_publisher":"https:\/\/www.facebook.com\/wwwjucariero","article_modified_time":"2023-04-12T05:40:41+00:00","og_image":[{"width":1200,"height":1200,"url":"https:\/\/business.roovi.com\/wp-content\/uploads\/2018\/04\/1-15.jpg","type":"image\/jpeg"}],"twitter_misc":{"Timp estimat pentru citire":"3 minute"},"schema":{"@context":"https:\/\/schema.org","@graph":[{"@type":"WebPage","@id":"https:\/\/business.roovi.com\/ro\/joc-eduscience-academia-pisicilor\/p\/","url":"https:\/\/www.roovi.ro\/joc-eduscience-academia-pisicilor\/p\/","name":"Academia pisicilor - Set interactiv cu juc\u0103rii \u0219i instruc\u021biuni pentru dresat pisici - Roovi B2B","isPartOf":{"@id":"https:\/\/business.roovi.com\/ro\/#website"},"datePublished":"2018-04-16T10:56:04+00:00","dateModified":"2023-04-12T05:40:41+00:00","breadcrumb":{"@id":"https:\/\/www.roovi.ro\/joc-eduscience-academia-pisicilor\/p\/#breadcrumb"},"inLanguage":"ro-RO","potentialAction":[{"@type":"ReadAction","target":["https:\/\/www.roovi.ro\/joc-eduscience-academia-pisicilor\/p\/"]}]},{"@type":"BreadcrumbList","@id":"https:\/\/www.roovi.ro\/joc-eduscience-academia-pisicilor\/p\/#breadcrumb","itemListElement":[{"@type":"ListItem","position":1,"name":"Home","item":"https:\/\/business.roovi.com\/ro\/"},{"@type":"ListItem","position":2,"name":"Magazin","item":"https:\/\/business.roovi.com\/ro\/magazin\/"},{"@type":"ListItem","position":3,"name":"Academia pisicilor &#8211; Set interactiv cu juc\u0103rii \u0219i instruc\u021biuni pentru dresat pisici"}]},{"@type":"WebSite","@id":"https:\/\/business.roovi.com\/ro\/#website","url":"https:\/\/business.roovi.com\/ro\/","name":"Roovi B2B","description":"Roovi Business Website","potentialAction":[{"@type":"SearchAction","target":{"@type":"EntryPoint","urlTemplate":"https:\/\/business.roovi.com\/ro\/?s={search_term_string}"},"query-input":"required name=search_term_string"}],"inLanguage":"ro-RO"}]}},"_links":{"self":[{"href":"https:\/\/business.roovi.com\/ro\/wp-json\/wp\/v2\/product\/11298","targetHints":{"allow":["GET"]}}],"collection":[{"href":"https:\/\/business.roovi.com\/ro\/wp-json\/wp\/v2\/product"}],"about":[{"href":"https:\/\/business.roovi.com\/ro\/wp-json\/wp\/v2\/types\/product"}],"version-history":[{"count":0,"href":"https:\/\/business.roovi.com\/ro\/wp-json\/wp\/v2\/product\/11298\/revisions"}],"wp:featuredmedia":[{"embeddable":true,"href":"https:\/\/business.roovi.com\/ro\/wp-json\/wp\/v2\/media\/69690"}],"wp:attachment":[{"href":"https:\/\/business.roovi.com\/ro\/wp-json\/wp\/v2\/media?parent=11298"}],"wp:term":[{"taxonomy":"product_brand","embeddable":true,"href":"https:\/\/business.roovi.com\/ro\/wp-json\/wp\/v2\/product_brand?post=11298"},{"taxonomy":"product_cat","embeddable":true,"href":"https:\/\/business.roovi.com\/ro\/wp-json\/wp\/v2\/product_cat?post=11298"},{"taxonomy":"product_tag","embeddable":true,"href":"https:\/\/business.roovi.com\/ro\/wp-json\/wp\/v2\/product_tag?post=11298"}],"curies":[{"name":"wp","href":"https:\/\/api.w.org\/{rel}","templated":true}]}}