{"id":11473,"date":"2018-04-16T10:56:06","date_gmt":"2018-04-16T10:56:06","guid":{"rendered":"https:\/\/business.roovi.com\/product\/joc-eduscience-barca-solara\/"},"modified":"2022-08-15T16:49:04","modified_gmt":"2022-08-15T16:49:04","slug":"joc-eduscience-barca-solara","status":"publish","type":"product","link":"https:\/\/business.roovi.com\/ro\/joc-eduscience-barca-solara\/p\/","title":{"rendered":"Barc\u0103 solar\u0103, EduScience &#8211; Joc educativ"},"content":{"rendered":"<p>Descoper\u0103 lumea impresionant\u0103 a energiei solare! Asambleaz\u0103 barca solar\u0103, a\u0219az-o \u00eentr-un vas cu ap\u0103 \u0219i pune totul la soare. Vezi cum se deplaseaz\u0103 barca \u00een ap\u0103! Energia solar\u0103 se va transforma \u00een electricitate, care va alimenta motora\u0219ul, pun\u00e2nd \u00een mi\u0219care v\u00e2slele. E absolut uimitor! Juc\u0103riile EduScience ini\u021biaz\u0103 copiii \u00een lumea fascinant\u0103 a \u0219tiin\u021bei \u0219i le \u00eendreapt\u0103 entuziasmul c\u0103tre jucariile inteligente \u0219i educative.\u00cen timp ce se joac\u0103, copiii \u00ee\u0219i dezvolt\u0103 \u00eendem\u00e2narea, logica \u0219i inteligen\u021ba. Activit\u0103\u021bile distractive prin care copiii descoper\u0103 lucruri noi, \u00eei inspir\u0103, le st\u00e2rnesc curiozitatea, creativitatea \u0219i spiritul inovator.<br \/>Setul con\u021bine: corpul b\u0103rcii, 1 motora\u0219, 1 c\u00e2rm\u0103, 1 panou solar, 2 palete pentru v\u00e2sle, 2 inele pentru v\u00e2sle, 2 cozi pentru v\u00e2sle, instruc\u021biuni de utilizare.<\/p>\n","protected":false},"excerpt":{"rendered":"<p>Descoper\u0103 lumea impresionant\u0103 a energiei solare! Asambleaz\u0103 barca solar\u0103, a\u0219az-o \u00eentr-un vas cu ap\u0103 \u0219i pune totul la soare. Vezi<\/p>\n","protected":false},"featured_media":11467,"template":"","meta":[],"product_brand":[],"product_cat":[1471,1509],"product_tag":[],"class_list":{"0":"post-11473","1":"product","2":"type-product","3":"status-publish","4":"has-post-thumbnail","6":"product_cat-jocuri-educative-si-stiintifice","7":"product_cat-jocuri-stiintifice","8":"pa_bax-1304","9":"pa_brand-d_toys","10":"pa_country_of_manufacture-ro","11":"pa_filter_age-1315","12":"pa_filter_age-7_9","13":"pa_filter_age-9_14","14":"pa_tip_ambalaj-cutie","16":"first","17":"instock","18":"taxable","19":"shipping-taxable","20":"product-type-simple"},"yoast_head":"<!-- This site is optimized with the Yoast SEO plugin v20.1 - https:\/\/yoast.com\/wordpress\/plugins\/seo\/ -->\n<title>Barc\u0103 solar\u0103, EduScience - Joc educativ - Roovi B2B<\/title>\n<meta name=\"robots\" content=\"index, follow, max-snippet:-1, max-image-preview:large, max-video-preview:-1\" \/>\n<link rel=\"canonical\" href=\"https:\/\/www.roovi.ro\/joc-eduscience-barca-solara\/p\/\" \/>\n<meta property=\"og:locale\" content=\"ro_RO\" \/>\n<meta property=\"og:type\" content=\"article\" \/>\n<meta property=\"og:title\" content=\"Barc\u0103 solar\u0103, EduScience - Joc educativ - Roovi B2B\" \/>\n<meta property=\"og:description\" content=\"Descoper\u0103 lumea impresionant\u0103 a energiei solare! Asambleaz\u0103 barca solar\u0103, a\u0219az-o \u00eentr-un vas cu ap\u0103 \u0219i pune totul la soare. Vezi\" \/>\n<meta property=\"og:url\" content=\"https:\/\/www.roovi.ro\/joc-eduscience-barca-solara\/p\/\" \/>\n<meta property=\"og:site_name\" content=\"Roovi B2B\" \/>\n<meta property=\"article:publisher\" content=\"https:\/\/www.facebook.com\/wwwjucariero\" \/>\n<meta property=\"article:modified_time\" content=\"2022-08-15T16:49:04+00:00\" \/>\n<meta property=\"og:image\" content=\"https:\/\/business.roovi.com\/wp-content\/uploads\/2018\/04\/67661_elo.jpg\" \/>\n\t<meta property=\"og:image:width\" content=\"1200\" \/>\n\t<meta property=\"og:image:height\" content=\"1200\" \/>\n\t<meta property=\"og:image:type\" content=\"image\/jpeg\" \/>\n<meta name=\"twitter:label1\" content=\"Timp estimat pentru citire\" \/>\n\t<meta name=\"twitter:data1\" content=\"1 minut\" \/>\n<script type=\"application\/ld+json\" class=\"yoast-schema-graph\">{\"@context\":\"https:\/\/schema.org\",\"@graph\":[{\"@type\":\"WebPage\",\"@id\":\"https:\/\/business.roovi.com\/ro\/joc-eduscience-barca-solara\/p\/\",\"url\":\"https:\/\/www.roovi.ro\/joc-eduscience-barca-solara\/p\/\",\"name\":\"Barc\u0103 solar\u0103, EduScience - Joc educativ - Roovi B2B\",\"isPartOf\":{\"@id\":\"https:\/\/business.roovi.com\/ro\/#website\"},\"datePublished\":\"2018-04-16T10:56:06+00:00\",\"dateModified\":\"2022-08-15T16:49:04+00:00\",\"breadcrumb\":{\"@id\":\"https:\/\/www.roovi.ro\/joc-eduscience-barca-solara\/p\/#breadcrumb\"},\"inLanguage\":\"ro-RO\",\"potentialAction\":[{\"@type\":\"ReadAction\",\"target\":[\"https:\/\/www.roovi.ro\/joc-eduscience-barca-solara\/p\/\"]}]},{\"@type\":\"BreadcrumbList\",\"@id\":\"https:\/\/www.roovi.ro\/joc-eduscience-barca-solara\/p\/#breadcrumb\",\"itemListElement\":[{\"@type\":\"ListItem\",\"position\":1,\"name\":\"Home\",\"item\":\"https:\/\/business.roovi.com\/ro\/\"},{\"@type\":\"ListItem\",\"position\":2,\"name\":\"Magazin\",\"item\":\"https:\/\/business.roovi.com\/ro\/magazin\/\"},{\"@type\":\"ListItem\",\"position\":3,\"name\":\"Barc\u0103 solar\u0103, EduScience &#8211; Joc educativ\"}]},{\"@type\":\"WebSite\",\"@id\":\"https:\/\/business.roovi.com\/ro\/#website\",\"url\":\"https:\/\/business.roovi.com\/ro\/\",\"name\":\"Roovi B2B\",\"description\":\"Roovi Business Website\",\"potentialAction\":[{\"@type\":\"SearchAction\",\"target\":{\"@type\":\"EntryPoint\",\"urlTemplate\":\"https:\/\/business.roovi.com\/ro\/?s={search_term_string}\"},\"query-input\":\"required name=search_term_string\"}],\"inLanguage\":\"ro-RO\"}]}<\/script>\n<!-- \/ Yoast SEO plugin. -->","yoast_head_json":{"title":"Barc\u0103 solar\u0103, EduScience - Joc educativ - Roovi B2B","robots":{"index":"index","follow":"follow","max-snippet":"max-snippet:-1","max-image-preview":"max-image-preview:large","max-video-preview":"max-video-preview:-1"},"canonical":"https:\/\/www.roovi.ro\/joc-eduscience-barca-solara\/p\/","og_locale":"ro_RO","og_type":"article","og_title":"Barc\u0103 solar\u0103, EduScience - Joc educativ - Roovi B2B","og_description":"Descoper\u0103 lumea impresionant\u0103 a energiei solare! Asambleaz\u0103 barca solar\u0103, a\u0219az-o \u00eentr-un vas cu ap\u0103 \u0219i pune totul la soare. Vezi","og_url":"https:\/\/www.roovi.ro\/joc-eduscience-barca-solara\/p\/","og_site_name":"Roovi B2B","article_publisher":"https:\/\/www.facebook.com\/wwwjucariero","article_modified_time":"2022-08-15T16:49:04+00:00","og_image":[{"width":1200,"height":1200,"url":"https:\/\/business.roovi.com\/wp-content\/uploads\/2018\/04\/67661_elo.jpg","type":"image\/jpeg"}],"twitter_misc":{"Timp estimat pentru citire":"1 minut"},"schema":{"@context":"https:\/\/schema.org","@graph":[{"@type":"WebPage","@id":"https:\/\/business.roovi.com\/ro\/joc-eduscience-barca-solara\/p\/","url":"https:\/\/www.roovi.ro\/joc-eduscience-barca-solara\/p\/","name":"Barc\u0103 solar\u0103, EduScience - Joc educativ - Roovi B2B","isPartOf":{"@id":"https:\/\/business.roovi.com\/ro\/#website"},"datePublished":"2018-04-16T10:56:06+00:00","dateModified":"2022-08-15T16:49:04+00:00","breadcrumb":{"@id":"https:\/\/www.roovi.ro\/joc-eduscience-barca-solara\/p\/#breadcrumb"},"inLanguage":"ro-RO","potentialAction":[{"@type":"ReadAction","target":["https:\/\/www.roovi.ro\/joc-eduscience-barca-solara\/p\/"]}]},{"@type":"BreadcrumbList","@id":"https:\/\/www.roovi.ro\/joc-eduscience-barca-solara\/p\/#breadcrumb","itemListElement":[{"@type":"ListItem","position":1,"name":"Home","item":"https:\/\/business.roovi.com\/ro\/"},{"@type":"ListItem","position":2,"name":"Magazin","item":"https:\/\/business.roovi.com\/ro\/magazin\/"},{"@type":"ListItem","position":3,"name":"Barc\u0103 solar\u0103, EduScience &#8211; Joc educativ"}]},{"@type":"WebSite","@id":"https:\/\/business.roovi.com\/ro\/#website","url":"https:\/\/business.roovi.com\/ro\/","name":"Roovi B2B","description":"Roovi Business Website","potentialAction":[{"@type":"SearchAction","target":{"@type":"EntryPoint","urlTemplate":"https:\/\/business.roovi.com\/ro\/?s={search_term_string}"},"query-input":"required name=search_term_string"}],"inLanguage":"ro-RO"}]}},"_links":{"self":[{"href":"https:\/\/business.roovi.com\/ro\/wp-json\/wp\/v2\/product\/11473","targetHints":{"allow":["GET"]}}],"collection":[{"href":"https:\/\/business.roovi.com\/ro\/wp-json\/wp\/v2\/product"}],"about":[{"href":"https:\/\/business.roovi.com\/ro\/wp-json\/wp\/v2\/types\/product"}],"version-history":[{"count":0,"href":"https:\/\/business.roovi.com\/ro\/wp-json\/wp\/v2\/product\/11473\/revisions"}],"wp:featuredmedia":[{"embeddable":true,"href":"https:\/\/business.roovi.com\/ro\/wp-json\/wp\/v2\/media\/11467"}],"wp:attachment":[{"href":"https:\/\/business.roovi.com\/ro\/wp-json\/wp\/v2\/media?parent=11473"}],"wp:term":[{"taxonomy":"product_brand","embeddable":true,"href":"https:\/\/business.roovi.com\/ro\/wp-json\/wp\/v2\/product_brand?post=11473"},{"taxonomy":"product_cat","embeddable":true,"href":"https:\/\/business.roovi.com\/ro\/wp-json\/wp\/v2\/product_cat?post=11473"},{"taxonomy":"product_tag","embeddable":true,"href":"https:\/\/business.roovi.com\/ro\/wp-json\/wp\/v2\/product_tag?post=11473"}],"curies":[{"name":"wp","href":"https:\/\/api.w.org\/{rel}","templated":true}]}}