{"id":11548,"date":"2018-04-16T10:56:06","date_gmt":"2018-04-16T10:56:06","guid":{"rendered":"https:\/\/business.roovi.com\/product\/joc-eduscience-kit-solar-6-in-1\/"},"modified":"2025-03-13T09:37:12","modified_gmt":"2025-03-13T09:37:12","slug":"joc-eduscience-kit-solar-6-in-1","status":"publish","type":"product","link":"https:\/\/business.roovi.com\/ro\/joc-eduscience-kit-solar-6-in-1\/p\/","title":{"rendered":"Vehicule solare, Kit solar 6 \u00een 1 &#8211; Joc educativ"},"content":{"rendered":"<h3><span style=\"font-weight: 400;\">Ce este energia verde? Cum se transform\u0103 energia solar\u0103 \u00een energie electric\u0103? Ce e \u00een spatele acestei tehnologii?<\/span><\/h3>\n<p><span style=\"font-weight: 400;\">Dac\u0103 \u0219i copilul t\u0103u e curios s\u0103 afle r\u0103spunsurile la aceste \u00eentreb\u0103ri, dac\u0103 e pasionat de \u0219tiin\u021b\u0103 \u0219i de noile tehnologii, Fido, c\u0103\u021belu\u0219ul solar de la ROOVI i se potrive\u0219te perfect.<\/span><\/p>\n<p><span style=\"font-weight: 400;\">Cu Fido, kitul solar 6 \u00een 1 copii experimenteaz\u0103 nu doar cum func\u021bioneaz\u0103 vehiculele verzi, ci \u0219i cum e s\u0103 ai un anim\u0103lu\u021b de companie\u2026 diferit. C\u0103\u021belu\u0219ul solar Fido se transform\u0103 \u00een alte 5 vehicule care func\u021bioneaz\u0103 pe baza energiei solare, fiind ideal pentru cei c\u0103rora le place s\u0103 fac\u0103 \u0219i s\u0103 desfac\u0103 la infinit:\u00a0<\/span><\/p>\n<ul>\n<li><b>Moar\u0103 de v\u00e2nt<\/b><\/li>\n<li><b>Aeroplan<\/b><\/li>\n<li><b>Barc\u0103<\/b><\/li>\n<li><b>Aeroplan cu mi\u0219care circular\u0103<\/b><\/li>\n<li><b>Automobil\u00a0<\/b><\/li>\n<\/ul>\n<p><span style=\"font-weight: 400;\">Fido, c\u0103\u021belu\u0219ul solar face parte din colec\u021bia <\/span><span style=\"font-weight: 400;\">EduScience care ini\u021biaz\u0103 copiii \u00een lumea fascinant\u0103 a \u0219tiin\u021bei \u0219i le \u00eendreapt\u0103 entuziasmul c\u0103tre jucariile \u0219i jocurile inteligente \u0219i educative. \u00cen timp ce se joac\u0103, copiii \u00ee\u0219i dezvolt\u0103 abilit\u0103\u021bi importante precum:\u00a0<\/span><\/p>\n<ul>\n<li style=\"font-weight: 400;\" aria-level=\"1\"><span style=\"font-weight: 400;\">Aten\u021bia pe o sarcin\u0103 precis\u0103<\/span><\/li>\n<li style=\"font-weight: 400;\" aria-level=\"1\"><span style=\"font-weight: 400;\">G\u00e2ndirea logico-matematic\u0103<\/span><\/li>\n<li style=\"font-weight: 400;\" aria-level=\"1\"><span style=\"font-weight: 400;\">Capacitatea de a g\u00e2ndi creativ<\/span><\/li>\n<li style=\"font-weight: 400;\" aria-level=\"1\"><span style=\"font-weight: 400;\">Coordonarea \u0219i motricitatea fin\u0103<\/span><\/li>\n<li style=\"font-weight: 400;\" aria-level=\"1\"><span style=\"font-weight: 400;\">Spiritul \u00eentreprinz\u0103tor \u0219i inovator.<\/span><\/li>\n<\/ul>\n<h3><span style=\"font-weight: 400;\">Despre energia solar\u0103 \u0219tiai c\u0103\u2026<\/span><\/h3>\n<ul>\n<li style=\"font-weight: 400;\" aria-level=\"1\"><span style=\"font-weight: 400;\">Este o surs\u0103 de energie regenerabil\u0103, gratuit\u0103, care nu produce zgomot \u0219i nu polueaz\u0103.<\/span><\/li>\n<li style=\"font-weight: 400;\" aria-level=\"1\"><span style=\"font-weight: 400;\">Este folosit\u0103 de mai bine de 100 de ani pentru a produce electricitate.<\/span><\/li>\n<li style=\"font-weight: 400;\" aria-level=\"1\"><span style=\"font-weight: 400;\">Leonardo da Vinci a utilizat-o \u0219i el cre\u00e2ndu-\u0219i propriul sistem de captare pentru a \u00eenc\u0103lzi apa din atelierul s\u0103u din Floren\u021ba.<\/span><\/li>\n<li style=\"font-weight: 400;\" aria-level=\"1\"><span style=\"font-weight: 400;\">Poate alimenta nu doar casele, ci \u0219i avioanele \u0219i navele spa\u021biale.<\/span><\/li>\n<li style=\"font-weight: 400;\" aria-level=\"1\"><span style=\"font-weight: 400;\">Utiliz\u00e2nd energia solar\u0103, omul protejeaz\u0103 planeta \u0219i contribuie la regenerarea acesteia.<\/span><\/li>\n<li style=\"font-weight: 400;\" aria-level=\"1\"><span style=\"font-weight: 400;\">Una dintre cele mai mari \u201cfabrici\u201d de energie solar\u0103 din lume ocup\u0103 \u00een jur de 1000 de hectare \u0219i se afl\u0103 \u00een de\u0219ertul <\/span><span style=\"font-weight: 400;\">Mojave din California.<\/span><\/li>\n<\/ul>\n<h3><span style=\"font-weight: 400;\">De ce s\u0103 alegi Fido, Kitul solar 6 \u00een 1 de la ROOVI pentru copilul t\u0103u<\/span><\/h3>\n<p><span style=\"font-weight: 400;\">Setul con\u021bine componente de bun\u0103 calitate, rezistente la asambl\u0103ri multiple, a\u0219a cum le place micilor exploratori.<\/span><\/p>\n<p><span style=\"font-weight: 400;\">Este un mod creativ de a petrece timpul liber, \u00eenv\u0103\u021b\u00e2nd \u00een acela\u0219i timp no\u021biuni interesante \u0219i utile.<\/span><\/p>\n<p><span style=\"font-weight: 400;\">Interactiv \u0219i amuzant, este instrumentul ideal pentru \u00eenv\u0103\u021bare prin joac\u0103.\u00a0<\/span><\/p>\n<p><span style=\"font-weight: 400;\">\u00cen timp ce face \u0219i reface c\u0103\u021belu\u0219ul Fido, \u00eei po\u021bi vorbi copilului t\u0103u despre energia regenerabil\u0103 \u0219i rolul ei \u00een via\u021ba oamenilor.<\/span><\/p>\n<p><span style=\"font-weight: 400;\">Este cadoul perfect de pus sub brad pentru orice copil iste\u021b \u0219i curios.<\/span><\/p>\n<p><span style=\"font-weight: 400;\">Fie c\u0103 dore\u0219ti o experien\u021b\u0103 creativ\u0103 \u0219i educativ\u0103 pentru copilul t\u0103u sau vrei s\u0103 surprinzi pl\u0103cut un n\u0103zdr\u0103van pasionat de \u0219tiin\u021b\u0103 \u0219i tehnologie, Fido, Kitul solar 6 \u00een 1 de la ROOVI este o alegere inspirat\u0103.<\/span><\/p>\n","protected":false},"excerpt":{"rendered":"<p>Ce este energia verde? Cum se transform\u0103 energia solar\u0103 \u00een energie electric\u0103? Ce e \u00een spatele acestei tehnologii? Dac\u0103 \u0219i<\/p>\n","protected":false},"featured_media":71578,"template":"","meta":[],"product_brand":[],"product_cat":[1585,1596],"product_tag":[],"class_list":{"0":"post-11548","1":"product","2":"type-product","3":"status-publish","4":"has-post-thumbnail","6":"product_cat-educational-and-scientific-games","7":"product_cat-science-games","8":"pa_bax-14-en","9":"pa_brand-d_toys-en","10":"pa_country_of_manufacture-ro-en","11":"pa_filter_age-7_9-en","12":"pa_filter_age-9_14-en","13":"pa_filter_age-14-en","14":"pa_tip_ambalaj-box","16":"first","17":"onbackorder","18":"taxable","19":"shipping-taxable","20":"product-type-simple"},"yoast_head":"<!-- This site is optimized with the Yoast SEO plugin v20.1 - https:\/\/yoast.com\/wordpress\/plugins\/seo\/ -->\n<title>Vehicule solare, Kit solar 6 \u00een 1 - Joc educativ - Roovi B2B<\/title>\n<meta name=\"robots\" content=\"index, follow, max-snippet:-1, max-image-preview:large, max-video-preview:-1\" \/>\n<link rel=\"canonical\" href=\"https:\/\/www.roovi.ro\/joc-eduscience-kit-solar-6-in-1\/p\/\" \/>\n<meta property=\"og:locale\" content=\"ro_RO\" \/>\n<meta property=\"og:type\" content=\"article\" \/>\n<meta property=\"og:title\" content=\"Vehicule solare, Kit solar 6 \u00een 1 - Joc educativ - Roovi B2B\" \/>\n<meta property=\"og:description\" content=\"Ce este energia verde? Cum se transform\u0103 energia solar\u0103 \u00een energie electric\u0103? Ce e \u00een spatele acestei tehnologii? Dac\u0103 \u0219i\" \/>\n<meta property=\"og:url\" content=\"https:\/\/www.roovi.ro\/joc-eduscience-kit-solar-6-in-1\/p\/\" \/>\n<meta property=\"og:site_name\" content=\"Roovi B2B\" \/>\n<meta property=\"article:publisher\" content=\"https:\/\/www.facebook.com\/wwwjucariero\" \/>\n<meta property=\"article:modified_time\" content=\"2025-03-13T09:37:12+00:00\" \/>\n<meta property=\"og:image\" content=\"https:\/\/business.roovi.com\/wp-content\/uploads\/2018\/04\/6-IN-1-SOLAR_fido_66688_FATA.jpg\" \/>\n\t<meta property=\"og:image:width\" content=\"1200\" \/>\n\t<meta property=\"og:image:height\" content=\"1200\" \/>\n\t<meta property=\"og:image:type\" content=\"image\/jpeg\" \/>\n<meta name=\"twitter:label1\" content=\"Timp estimat pentru citire\" \/>\n\t<meta name=\"twitter:data1\" content=\"2 minute\" \/>\n<script type=\"application\/ld+json\" class=\"yoast-schema-graph\">{\"@context\":\"https:\/\/schema.org\",\"@graph\":[{\"@type\":\"WebPage\",\"@id\":\"https:\/\/business.roovi.com\/ro\/joc-eduscience-kit-solar-6-in-1\/p\/\",\"url\":\"https:\/\/www.roovi.ro\/joc-eduscience-kit-solar-6-in-1\/p\/\",\"name\":\"Vehicule solare, Kit solar 6 \u00een 1 - Joc educativ - Roovi B2B\",\"isPartOf\":{\"@id\":\"https:\/\/business.roovi.com\/ro\/#website\"},\"datePublished\":\"2018-04-16T10:56:06+00:00\",\"dateModified\":\"2025-03-13T09:37:12+00:00\",\"breadcrumb\":{\"@id\":\"https:\/\/www.roovi.ro\/joc-eduscience-kit-solar-6-in-1\/p\/#breadcrumb\"},\"inLanguage\":\"ro-RO\",\"potentialAction\":[{\"@type\":\"ReadAction\",\"target\":[\"https:\/\/www.roovi.ro\/joc-eduscience-kit-solar-6-in-1\/p\/\"]}]},{\"@type\":\"BreadcrumbList\",\"@id\":\"https:\/\/www.roovi.ro\/joc-eduscience-kit-solar-6-in-1\/p\/#breadcrumb\",\"itemListElement\":[{\"@type\":\"ListItem\",\"position\":1,\"name\":\"Home\",\"item\":\"https:\/\/business.roovi.com\/ro\/\"},{\"@type\":\"ListItem\",\"position\":2,\"name\":\"Magazin\",\"item\":\"https:\/\/business.roovi.com\/ro\/magazin\/\"},{\"@type\":\"ListItem\",\"position\":3,\"name\":\"Vehicule solare, Kit solar 6 \u00een 1 &#8211; Joc educativ\"}]},{\"@type\":\"WebSite\",\"@id\":\"https:\/\/business.roovi.com\/ro\/#website\",\"url\":\"https:\/\/business.roovi.com\/ro\/\",\"name\":\"Roovi B2B\",\"description\":\"Roovi Business Website\",\"potentialAction\":[{\"@type\":\"SearchAction\",\"target\":{\"@type\":\"EntryPoint\",\"urlTemplate\":\"https:\/\/business.roovi.com\/ro\/?s={search_term_string}\"},\"query-input\":\"required name=search_term_string\"}],\"inLanguage\":\"ro-RO\"}]}<\/script>\n<!-- \/ Yoast SEO plugin. -->","yoast_head_json":{"title":"Vehicule solare, Kit solar 6 \u00een 1 - Joc educativ - Roovi B2B","robots":{"index":"index","follow":"follow","max-snippet":"max-snippet:-1","max-image-preview":"max-image-preview:large","max-video-preview":"max-video-preview:-1"},"canonical":"https:\/\/www.roovi.ro\/joc-eduscience-kit-solar-6-in-1\/p\/","og_locale":"ro_RO","og_type":"article","og_title":"Vehicule solare, Kit solar 6 \u00een 1 - Joc educativ - Roovi B2B","og_description":"Ce este energia verde? Cum se transform\u0103 energia solar\u0103 \u00een energie electric\u0103? Ce e \u00een spatele acestei tehnologii? Dac\u0103 \u0219i","og_url":"https:\/\/www.roovi.ro\/joc-eduscience-kit-solar-6-in-1\/p\/","og_site_name":"Roovi B2B","article_publisher":"https:\/\/www.facebook.com\/wwwjucariero","article_modified_time":"2025-03-13T09:37:12+00:00","og_image":[{"width":1200,"height":1200,"url":"https:\/\/business.roovi.com\/wp-content\/uploads\/2018\/04\/6-IN-1-SOLAR_fido_66688_FATA.jpg","type":"image\/jpeg"}],"twitter_misc":{"Timp estimat pentru citire":"2 minute"},"schema":{"@context":"https:\/\/schema.org","@graph":[{"@type":"WebPage","@id":"https:\/\/business.roovi.com\/ro\/joc-eduscience-kit-solar-6-in-1\/p\/","url":"https:\/\/www.roovi.ro\/joc-eduscience-kit-solar-6-in-1\/p\/","name":"Vehicule solare, Kit solar 6 \u00een 1 - Joc educativ - Roovi B2B","isPartOf":{"@id":"https:\/\/business.roovi.com\/ro\/#website"},"datePublished":"2018-04-16T10:56:06+00:00","dateModified":"2025-03-13T09:37:12+00:00","breadcrumb":{"@id":"https:\/\/www.roovi.ro\/joc-eduscience-kit-solar-6-in-1\/p\/#breadcrumb"},"inLanguage":"ro-RO","potentialAction":[{"@type":"ReadAction","target":["https:\/\/www.roovi.ro\/joc-eduscience-kit-solar-6-in-1\/p\/"]}]},{"@type":"BreadcrumbList","@id":"https:\/\/www.roovi.ro\/joc-eduscience-kit-solar-6-in-1\/p\/#breadcrumb","itemListElement":[{"@type":"ListItem","position":1,"name":"Home","item":"https:\/\/business.roovi.com\/ro\/"},{"@type":"ListItem","position":2,"name":"Magazin","item":"https:\/\/business.roovi.com\/ro\/magazin\/"},{"@type":"ListItem","position":3,"name":"Vehicule solare, Kit solar 6 \u00een 1 &#8211; Joc educativ"}]},{"@type":"WebSite","@id":"https:\/\/business.roovi.com\/ro\/#website","url":"https:\/\/business.roovi.com\/ro\/","name":"Roovi B2B","description":"Roovi Business Website","potentialAction":[{"@type":"SearchAction","target":{"@type":"EntryPoint","urlTemplate":"https:\/\/business.roovi.com\/ro\/?s={search_term_string}"},"query-input":"required name=search_term_string"}],"inLanguage":"ro-RO"}]}},"_links":{"self":[{"href":"https:\/\/business.roovi.com\/ro\/wp-json\/wp\/v2\/product\/11548","targetHints":{"allow":["GET"]}}],"collection":[{"href":"https:\/\/business.roovi.com\/ro\/wp-json\/wp\/v2\/product"}],"about":[{"href":"https:\/\/business.roovi.com\/ro\/wp-json\/wp\/v2\/types\/product"}],"version-history":[{"count":0,"href":"https:\/\/business.roovi.com\/ro\/wp-json\/wp\/v2\/product\/11548\/revisions"}],"wp:featuredmedia":[{"embeddable":true,"href":"https:\/\/business.roovi.com\/ro\/wp-json\/wp\/v2\/media\/71578"}],"wp:attachment":[{"href":"https:\/\/business.roovi.com\/ro\/wp-json\/wp\/v2\/media?parent=11548"}],"wp:term":[{"taxonomy":"product_brand","embeddable":true,"href":"https:\/\/business.roovi.com\/ro\/wp-json\/wp\/v2\/product_brand?post=11548"},{"taxonomy":"product_cat","embeddable":true,"href":"https:\/\/business.roovi.com\/ro\/wp-json\/wp\/v2\/product_cat?post=11548"},{"taxonomy":"product_tag","embeddable":true,"href":"https:\/\/business.roovi.com\/ro\/wp-json\/wp\/v2\/product_tag?post=11548"}],"curies":[{"name":"wp","href":"https:\/\/api.w.org\/{rel}","templated":true}]}}