{"id":11623,"date":"2018-04-16T10:56:06","date_gmt":"2018-04-16T10:56:06","guid":{"rendered":"https:\/\/business.roovi.com\/product\/joc-globe-whizz\/"},"modified":"2025-03-11T10:42:52","modified_gmt":"2025-03-11T10:42:52","slug":"joc-globe-whizz","status":"publish","type":"product","link":"https:\/\/business.roovi.com\/ro\/joc-globe-whizz\/p\/","title":{"rendered":"Joc Globe Whizz &#8211; Joc de societate educativ"},"content":{"rendered":"<p><span style=\"font-weight: 400;\">\u0218tiai c\u0103 g\u00e2sca are mai multe vertebre ale g\u00e2tului dec\u00e2t girafa? \u0218tii ce este un ukulele? \u0218tiai c\u0103 Polul Sud e mult mai rece dec\u00e2t Polul Nord?<\/span><\/p>\n<p><span style=\"font-weight: 400;\">Dac\u0103 e\u0219ti curios s\u0103 afli c\u00e2t mai multe detalii interesante despre diferite zone de pe glob, particip\u0103 la o aventur\u0103 de neuitat cu jocul Globe Whizz!\u00a0<\/span><\/p>\n<p><span style=\"font-weight: 400;\">Cu Globe Whizz po\u021bi naviga \u00een jurul lumii s\u0103 descoperi cele mai fascinante locuri, animale, m\u00e2nc\u0103ruri, tradi\u021bii, fenomene naturale, \u00eent\u00e2mpl\u0103ri istorice \u0219i multe altele.\u00a0<\/span><\/p>\n<p><span style=\"font-weight: 400;\">Ce fel de \u00eentreb\u0103ri con\u021bine Globe Whizz? \u00centreb\u0103rile tip quiz din jocul Globe Whizz sunt foarte variate, din diferite domenii: geografie, istorie, arte, literatur\u0103, personaje celebre, \u0219tiin\u021be naturale, animale \u0219i plante, cultur\u0103 general\u0103, monumente celebre, fenomene inedite etc.<\/span><\/p>\n<h2><span style=\"font-weight: 400;\">\u0218tiai c\u0103 jocul Globe Whizz\u2026<\/span><\/h2>\n<ul>\n<li><span style=\"font-weight: 400;\">Stimuleaz\u0103 \u00eenv\u0103\u021barea activ\u0103.<\/span><\/li>\n<li><span style=\"font-weight: 400;\">Este un mijloc excelent de dezvoltare a culturii generale.<\/span><\/li>\n<li><span style=\"font-weight: 400;\">Este \u00eendr\u0103git at\u00e2t de copii c\u00e2t \u0219i de adul\u021bi.<\/span><\/li>\n<li><span style=\"font-weight: 400;\">Stimuleaz\u0103 g\u00e2ndirea asociativ\u0103.<\/span><\/li>\n<li><span style=\"font-weight: 400;\">Poate fi un joc perfect pentru o petrecere sau o sear\u0103 distractiv\u0103 \u00eentre prieteni.<\/span><\/li>\n<li><span style=\"font-weight: 400;\">Este plin de provoc\u0103ri amuzante ce te \u021bin conectat la joc.<\/span><\/li>\n<\/ul>\n<h2><span style=\"font-weight: 400;\">De ce s\u0103 alegi un Joc Globe Whizz<\/span><\/h2>\n<p><span style=\"font-weight: 400;\">Cele 128 c\u0103r\u021bi de joc Globe Whizz con\u021bin peste 330 de \u00eentreb\u0103ri tip quiz alese cu grij\u0103 \u0219i pricepere, al\u0103turi de r\u0103spunsuri \u0219i explica\u021bii.\u00a0<\/span><\/p>\n<p><span style=\"font-weight: 400;\">Mai mult, \u00eentreb\u0103rile sunt grupate \u00een 6 tipuri de provoc\u0103ri diferite: adev\u0103rat sau fals?, alege r\u0103spunsul corect din 3 variante, completeaz\u0103 r\u0103spunsul dat par\u021bial, r\u0103spunde, activit\u0103\u021bi surpriz\u0103 \u0219i joc \u021b\u0103ri-ora\u0219e.\u00a0<\/span><\/p>\n<p><span style=\"font-weight: 400;\">Cele mai multe activit\u0103\u021bi Globe Whizz prezint\u0103 o provocare chiar \u0219i pentru adul\u021bi. Am ales un grad mai ridicat de dificultate pentru c\u0103 prin joac\u0103 putem \u00eenv\u0103\u021ba cel mai mult \u0219i astfel jocul r\u0103m\u00e2ne captivant chiar \u0219i dup\u0103 o utilizare \u00eendelungat\u0103.<\/span><\/p>\n<p><span style=\"font-weight: 400;\">Dac\u0103 \u00ee\u021bi plac jocurile de tip Globe Whizz, iar curiozitatea \u00ee\u021bi este o caracteristic\u0103 \u00eenn\u0103scut\u0103, cu siguran\u021b\u0103 vei fi super \u00eenc\u00e2ntat\u0103 s\u0103 descoperi \u0219i Animal Globe Whizz, edi\u021bia special\u0103 a acestui joc, dedicat\u0103 numai lumii uimitoare a animalelor.\u00a0<\/span><\/p>\n<p><span style=\"font-weight: 400;\">Pentru cine recomand\u0103m jocurile Globe Whizz \u0219i Animal Globe Whizz?\u00a0<\/span><\/p>\n<p><span style=\"font-weight: 400;\">Pentru \u00eentreaga familie, pentru cei aventuro\u0219i care iubesc provoc\u0103rile \u0219i to\u021bi cei care doresc s\u0103 petreac\u0103 ore \u00eentregi de distrac\u021bie educativ\u0103 \u0219i inteligent\u0103.\u00a0<\/span><\/p>\n<p><span style=\"font-weight: 400;\">V\u00e2rst\u0103 recomandat\u0103: 10+<\/span><\/p>\n<p><span style=\"font-weight: 400;\">Juc\u0103tori: 2 &#8211; 6 persoane<\/span><\/p>\n<p><span style=\"font-weight: 400;\">Cutia con\u021bine: <\/span><span style=\"font-weight: 400;\">1 glob p\u0103m\u00e2ntesc, 1 tabl\u0103 de joc, 128 de c\u0103r\u021bi de joc cu peste 330 de \u00eentreb\u0103ri, 6 exploratori, 1 zar.<\/span><\/p>\n<p><span style=\"font-weight: 400;\">Joc nerecomandat copiilor sub 3 ani. Contine piese mici ce pot fi inghitite.<\/span><\/p>\n","protected":false},"excerpt":{"rendered":"<p>\u0218tiai c\u0103 g\u00e2sca are mai multe vertebre ale g\u00e2tului dec\u00e2t girafa? \u0218tii ce este un ukulele? \u0218tiai c\u0103 Polul Sud<\/p>\n","protected":false},"featured_media":11617,"template":"","meta":[],"product_brand":[],"product_cat":[1467,1508],"product_tag":[],"class_list":{"0":"post-11623","1":"product","2":"type-product","3":"status-publish","4":"has-post-thumbnail","6":"product_cat-jocuri-de-societate","7":"product_cat-jocuri-educative-si-tip-quiz","8":"pa_bax-1304","9":"pa_brand-d_toys","10":"pa_country_of_manufacture-ro","11":"pa_filter_age-1315","12":"pa_filter_age-9_14","13":"pa_tip_ambalaj-cutie","15":"first","16":"instock","17":"taxable","18":"shipping-taxable","19":"product-type-simple"},"yoast_head":"<!-- This site is optimized with the Yoast SEO plugin v20.1 - https:\/\/yoast.com\/wordpress\/plugins\/seo\/ -->\n<title>Joc Globe Whizz - Joc de societate educativ - Roovi B2B<\/title>\n<meta name=\"robots\" content=\"index, follow, max-snippet:-1, max-image-preview:large, max-video-preview:-1\" \/>\n<link rel=\"canonical\" href=\"https:\/\/www.roovi.ro\/joc-globe-whizz\/p\/\" \/>\n<meta property=\"og:locale\" content=\"ro_RO\" \/>\n<meta property=\"og:type\" content=\"article\" \/>\n<meta property=\"og:title\" content=\"Joc Globe Whizz - Joc de societate educativ - Roovi B2B\" \/>\n<meta property=\"og:description\" content=\"\u0218tiai c\u0103 g\u00e2sca are mai multe vertebre ale g\u00e2tului dec\u00e2t girafa? \u0218tii ce este un ukulele? \u0218tiai c\u0103 Polul Sud\" \/>\n<meta property=\"og:url\" content=\"https:\/\/www.roovi.ro\/joc-globe-whizz\/p\/\" \/>\n<meta property=\"og:site_name\" content=\"Roovi B2B\" \/>\n<meta property=\"article:publisher\" content=\"https:\/\/www.facebook.com\/wwwjucariero\" \/>\n<meta property=\"article:modified_time\" content=\"2025-03-11T10:42:52+00:00\" \/>\n<meta property=\"og:image\" content=\"https:\/\/business.roovi.com\/wp-content\/uploads\/2018\/04\/68002_elo_1.jpg\" \/>\n\t<meta property=\"og:image:width\" content=\"1200\" \/>\n\t<meta property=\"og:image:height\" content=\"1200\" \/>\n\t<meta property=\"og:image:type\" content=\"image\/jpeg\" \/>\n<meta name=\"twitter:label1\" content=\"Timp estimat pentru citire\" \/>\n\t<meta name=\"twitter:data1\" content=\"2 minute\" \/>\n<script type=\"application\/ld+json\" class=\"yoast-schema-graph\">{\"@context\":\"https:\/\/schema.org\",\"@graph\":[{\"@type\":\"WebPage\",\"@id\":\"https:\/\/business.roovi.com\/ro\/joc-globe-whizz\/p\/\",\"url\":\"https:\/\/www.roovi.ro\/joc-globe-whizz\/p\/\",\"name\":\"Joc Globe Whizz - Joc de societate educativ - Roovi B2B\",\"isPartOf\":{\"@id\":\"https:\/\/business.roovi.com\/ro\/#website\"},\"datePublished\":\"2018-04-16T10:56:06+00:00\",\"dateModified\":\"2025-03-11T10:42:52+00:00\",\"breadcrumb\":{\"@id\":\"https:\/\/www.roovi.ro\/joc-globe-whizz\/p\/#breadcrumb\"},\"inLanguage\":\"ro-RO\",\"potentialAction\":[{\"@type\":\"ReadAction\",\"target\":[\"https:\/\/www.roovi.ro\/joc-globe-whizz\/p\/\"]}]},{\"@type\":\"BreadcrumbList\",\"@id\":\"https:\/\/www.roovi.ro\/joc-globe-whizz\/p\/#breadcrumb\",\"itemListElement\":[{\"@type\":\"ListItem\",\"position\":1,\"name\":\"Home\",\"item\":\"https:\/\/business.roovi.com\/ro\/\"},{\"@type\":\"ListItem\",\"position\":2,\"name\":\"Magazin\",\"item\":\"https:\/\/business.roovi.com\/ro\/magazin\/\"},{\"@type\":\"ListItem\",\"position\":3,\"name\":\"Joc Globe Whizz &#8211; Joc de societate educativ\"}]},{\"@type\":\"WebSite\",\"@id\":\"https:\/\/business.roovi.com\/ro\/#website\",\"url\":\"https:\/\/business.roovi.com\/ro\/\",\"name\":\"Roovi B2B\",\"description\":\"Roovi Business Website\",\"potentialAction\":[{\"@type\":\"SearchAction\",\"target\":{\"@type\":\"EntryPoint\",\"urlTemplate\":\"https:\/\/business.roovi.com\/ro\/?s={search_term_string}\"},\"query-input\":\"required name=search_term_string\"}],\"inLanguage\":\"ro-RO\"}]}<\/script>\n<!-- \/ Yoast SEO plugin. -->","yoast_head_json":{"title":"Joc Globe Whizz - Joc de societate educativ - Roovi B2B","robots":{"index":"index","follow":"follow","max-snippet":"max-snippet:-1","max-image-preview":"max-image-preview:large","max-video-preview":"max-video-preview:-1"},"canonical":"https:\/\/www.roovi.ro\/joc-globe-whizz\/p\/","og_locale":"ro_RO","og_type":"article","og_title":"Joc Globe Whizz - Joc de societate educativ - Roovi B2B","og_description":"\u0218tiai c\u0103 g\u00e2sca are mai multe vertebre ale g\u00e2tului dec\u00e2t girafa? \u0218tii ce este un ukulele? \u0218tiai c\u0103 Polul Sud","og_url":"https:\/\/www.roovi.ro\/joc-globe-whizz\/p\/","og_site_name":"Roovi B2B","article_publisher":"https:\/\/www.facebook.com\/wwwjucariero","article_modified_time":"2025-03-11T10:42:52+00:00","og_image":[{"width":1200,"height":1200,"url":"https:\/\/business.roovi.com\/wp-content\/uploads\/2018\/04\/68002_elo_1.jpg","type":"image\/jpeg"}],"twitter_misc":{"Timp estimat pentru citire":"2 minute"},"schema":{"@context":"https:\/\/schema.org","@graph":[{"@type":"WebPage","@id":"https:\/\/business.roovi.com\/ro\/joc-globe-whizz\/p\/","url":"https:\/\/www.roovi.ro\/joc-globe-whizz\/p\/","name":"Joc Globe Whizz - Joc de societate educativ - Roovi B2B","isPartOf":{"@id":"https:\/\/business.roovi.com\/ro\/#website"},"datePublished":"2018-04-16T10:56:06+00:00","dateModified":"2025-03-11T10:42:52+00:00","breadcrumb":{"@id":"https:\/\/www.roovi.ro\/joc-globe-whizz\/p\/#breadcrumb"},"inLanguage":"ro-RO","potentialAction":[{"@type":"ReadAction","target":["https:\/\/www.roovi.ro\/joc-globe-whizz\/p\/"]}]},{"@type":"BreadcrumbList","@id":"https:\/\/www.roovi.ro\/joc-globe-whizz\/p\/#breadcrumb","itemListElement":[{"@type":"ListItem","position":1,"name":"Home","item":"https:\/\/business.roovi.com\/ro\/"},{"@type":"ListItem","position":2,"name":"Magazin","item":"https:\/\/business.roovi.com\/ro\/magazin\/"},{"@type":"ListItem","position":3,"name":"Joc Globe Whizz &#8211; Joc de societate educativ"}]},{"@type":"WebSite","@id":"https:\/\/business.roovi.com\/ro\/#website","url":"https:\/\/business.roovi.com\/ro\/","name":"Roovi B2B","description":"Roovi Business Website","potentialAction":[{"@type":"SearchAction","target":{"@type":"EntryPoint","urlTemplate":"https:\/\/business.roovi.com\/ro\/?s={search_term_string}"},"query-input":"required name=search_term_string"}],"inLanguage":"ro-RO"}]}},"_links":{"self":[{"href":"https:\/\/business.roovi.com\/ro\/wp-json\/wp\/v2\/product\/11623","targetHints":{"allow":["GET"]}}],"collection":[{"href":"https:\/\/business.roovi.com\/ro\/wp-json\/wp\/v2\/product"}],"about":[{"href":"https:\/\/business.roovi.com\/ro\/wp-json\/wp\/v2\/types\/product"}],"version-history":[{"count":0,"href":"https:\/\/business.roovi.com\/ro\/wp-json\/wp\/v2\/product\/11623\/revisions"}],"wp:featuredmedia":[{"embeddable":true,"href":"https:\/\/business.roovi.com\/ro\/wp-json\/wp\/v2\/media\/11617"}],"wp:attachment":[{"href":"https:\/\/business.roovi.com\/ro\/wp-json\/wp\/v2\/media?parent=11623"}],"wp:term":[{"taxonomy":"product_brand","embeddable":true,"href":"https:\/\/business.roovi.com\/ro\/wp-json\/wp\/v2\/product_brand?post=11623"},{"taxonomy":"product_cat","embeddable":true,"href":"https:\/\/business.roovi.com\/ro\/wp-json\/wp\/v2\/product_cat?post=11623"},{"taxonomy":"product_tag","embeddable":true,"href":"https:\/\/business.roovi.com\/ro\/wp-json\/wp\/v2\/product_tag?post=11623"}],"curies":[{"name":"wp","href":"https:\/\/api.w.org\/{rel}","templated":true}]}}