{"id":11640,"date":"2018-04-16T10:56:06","date_gmt":"2018-04-16T10:56:06","guid":{"rendered":"https:\/\/business.roovi.com\/product\/joc-remi-clasic\/"},"modified":"2025-03-13T06:37:11","modified_gmt":"2025-03-13T06:37:11","slug":"joc-remi-clasic","status":"publish","type":"product","link":"https:\/\/business.roovi.com\/ro\/joc-remi-clasic\/p\/","title":{"rendered":"Joc Remi Clasic"},"content":{"rendered":"<p><span style=\"font-weight: 400;\">\u0218tiai c\u0103 jocul de Remi a fost inventat de un evreu de origine rom\u00e2n\u0103 stabilit \u00een Palestina, dup\u0103 ce regimul comunist a interzis jocul de c\u0103r\u021bi \u00een Romania anilor &#8217;40?\u00a0<\/span><\/p>\n<p><span style=\"font-weight: 400;\">Astfel, Epharim Hertzano a g\u0103sit solu\u021bia de a transpune un joc de c\u0103r\u021bi (Rummy) \u00eentr-un joc cu pietre similar jocului asiatic Mahjong.<\/span><\/p>\n<p><span style=\"font-weight: 400;\">Primele seturi au fost fabricate manual, \u00een curtea propriei case \u0219i v\u00e2ndute apoi din cas\u0103 \u00een cas\u0103. Remi a devenit rapid unul dintre cele mai jucate \u0219i apreciate jocuri \u00een toat\u0103 lumea \u0219i devine primul joc creat \u0219i exportat din Israel.\u00a0<\/span><\/p>\n<p><span style=\"font-weight: 400;\">Este un joc al aten\u021biei \u0219i g\u00e2ndirii logice, scopul fiind acela de a face primul serii \u0219i suite cu toate piesele de pe tabla de joc, pentru a c\u00e2\u0219tiga.<\/span><\/p>\n<h2><span style=\"font-weight: 400;\">\u0218tiai c\u0103 Jocul Remi Clasic\u2026<\/span><\/h2>\n<ul>\n<li><span style=\"font-weight: 400;\">Se poate juca \u00een 3 versiuni diferite: American, Sabra \u0219i Interna\u021bional, dar cel mai des este jucat\u0103 versiunea Sabra.\u00a0<\/span><\/li>\n<li><span style=\"font-weight: 400;\">Este un joc al concentr\u0103rii \u0219i aten\u021biei.<\/span><\/li>\n<li><span style=\"font-weight: 400;\">Stimuleaz\u0103 memoria \u0219i g\u00e2ndirea rapid\u0103.<\/span><\/li>\n<li><span style=\"font-weight: 400;\">Poate fi jucat cu succes \u0219i de copii.<\/span><\/li>\n<li><span style=\"font-weight: 400;\">Dezvolt\u0103 spiritul competi\u021bional \u0219i poate fi jucat pe echipe.<\/span><\/li>\n<li><span style=\"font-weight: 400;\">Provoac\u0103 dependen\u021b\u0103!\u00a0<\/span><\/li>\n<\/ul>\n<h2><span style=\"font-weight: 400;\">De ce s\u0103 alegi jocul de Remi Clasic<\/span><\/h2>\n<p><span style=\"font-weight: 400;\">Este un joc de calitate superioar\u0103, cu table din lemn, rezistente \u00een timp, pentru joc distractiv \u0219i ne\u00eentrerupt.<\/span><\/p>\n<p><span style=\"font-weight: 400;\">Jocul con\u021bine trei versiuni diferite, pentru ca amuzamentul \u0219i provoc\u0103rile s\u0103 fie pe m\u0103sur\u0103.\u00a0<\/span><\/p>\n<p><span style=\"font-weight: 400;\">Remi Clasic este jocul perfect pentru a fi jucat cu prietenii sau cu familia, oric\u00e2nd \u0219i oriunde. \u00cel po\u021bi lua cu tine \u00een vacan\u021b\u0103, \u00eel po\u021bi lua la picnic sau chiar \u00een v\u00e2rf de munte, la o caban\u0103 sau la cort.\u00a0<\/span><\/p>\n<p><span style=\"font-weight: 400;\">Este o surs\u0103 infinit\u0103 de bun\u0103 dispozi\u021bie, ce nu necesit\u0103 surse de energie \u0219i nu r\u0103m\u00e2ne f\u0103r\u0103 baterii &#8211; singurii care vor obosi de la reprizele de joc ve\u021bi fi, probabil, voi.<\/span><\/p>\n<p><span style=\"font-weight: 400;\">V\u00e2rst\u0103 recomandat\u0103: 8+<\/span><\/p>\n<p><span style=\"font-weight: 400;\">Juc\u0103tori: 2 &#8211; 4 persoane<\/span><\/p>\n<p><span style=\"font-weight: 400;\">Cutia con\u021bine: 4 table de joc din lemn, 106 piese de joc din plastic, 6 piese de rezerv\u0103 (albe), regulament de joc<\/span><\/p>\n<p><span style=\"font-weight: 400;\">Joc nerecomandat copiilor sub 3 ani.<\/span><\/p>\n","protected":false},"excerpt":{"rendered":"<p>\u0218tiai c\u0103 jocul de Remi a fost inventat de un evreu de origine rom\u00e2n\u0103 stabilit \u00een Palestina, dup\u0103 ce regimul<\/p>\n","protected":false},"featured_media":70793,"template":"","meta":[],"product_brand":[],"product_cat":[1502,1467],"product_tag":[],"class_list":{"0":"post-11640","1":"product","2":"type-product","3":"status-publish","4":"has-post-thumbnail","6":"product_cat-jocuri-de-familie","7":"product_cat-jocuri-de-societate","8":"pa_bax-1273","9":"pa_brand-d_toys","10":"pa_country_of_manufacture-ro","11":"pa_filter_age-1315","12":"pa_filter_age-5_7","13":"pa_filter_age-7_9","14":"pa_filter_age-9_14","15":"pa_tip_ambalaj-cutie","17":"first","18":"instock","19":"taxable","20":"shipping-taxable","21":"product-type-simple"},"yoast_head":"<!-- This site is optimized with the Yoast SEO plugin v20.1 - https:\/\/yoast.com\/wordpress\/plugins\/seo\/ -->\n<title>Joc Remi Clasic - Roovi B2B<\/title>\n<meta name=\"robots\" content=\"index, follow, max-snippet:-1, max-image-preview:large, max-video-preview:-1\" \/>\n<link rel=\"canonical\" href=\"https:\/\/www.roovi.ro\/joc-remi-clasic\/p\/\" \/>\n<meta property=\"og:locale\" content=\"ro_RO\" \/>\n<meta property=\"og:type\" content=\"article\" \/>\n<meta property=\"og:title\" content=\"Joc Remi Clasic - Roovi B2B\" \/>\n<meta property=\"og:description\" content=\"\u0218tiai c\u0103 jocul de Remi a fost inventat de un evreu de origine rom\u00e2n\u0103 stabilit \u00een Palestina, dup\u0103 ce regimul\" \/>\n<meta property=\"og:url\" content=\"https:\/\/www.roovi.ro\/joc-remi-clasic\/p\/\" \/>\n<meta property=\"og:site_name\" content=\"Roovi B2B\" \/>\n<meta property=\"article:publisher\" content=\"https:\/\/www.facebook.com\/wwwjucariero\" \/>\n<meta property=\"article:modified_time\" content=\"2025-03-13T06:37:11+00:00\" \/>\n<meta property=\"og:image\" content=\"https:\/\/business.roovi.com\/wp-content\/uploads\/2018\/04\/Rummy-66473.jpg\" \/>\n\t<meta property=\"og:image:width\" content=\"1200\" \/>\n\t<meta property=\"og:image:height\" content=\"1200\" \/>\n\t<meta property=\"og:image:type\" content=\"image\/jpeg\" \/>\n<meta name=\"twitter:label1\" content=\"Timp estimat pentru citire\" \/>\n\t<meta name=\"twitter:data1\" content=\"2 minute\" \/>\n<script type=\"application\/ld+json\" class=\"yoast-schema-graph\">{\"@context\":\"https:\/\/schema.org\",\"@graph\":[{\"@type\":\"WebPage\",\"@id\":\"https:\/\/business.roovi.com\/ro\/joc-remi-clasic\/p\/\",\"url\":\"https:\/\/www.roovi.ro\/joc-remi-clasic\/p\/\",\"name\":\"Joc Remi Clasic - Roovi B2B\",\"isPartOf\":{\"@id\":\"https:\/\/business.roovi.com\/ro\/#website\"},\"datePublished\":\"2018-04-16T10:56:06+00:00\",\"dateModified\":\"2025-03-13T06:37:11+00:00\",\"breadcrumb\":{\"@id\":\"https:\/\/www.roovi.ro\/joc-remi-clasic\/p\/#breadcrumb\"},\"inLanguage\":\"ro-RO\",\"potentialAction\":[{\"@type\":\"ReadAction\",\"target\":[\"https:\/\/www.roovi.ro\/joc-remi-clasic\/p\/\"]}]},{\"@type\":\"BreadcrumbList\",\"@id\":\"https:\/\/www.roovi.ro\/joc-remi-clasic\/p\/#breadcrumb\",\"itemListElement\":[{\"@type\":\"ListItem\",\"position\":1,\"name\":\"Home\",\"item\":\"https:\/\/business.roovi.com\/ro\/\"},{\"@type\":\"ListItem\",\"position\":2,\"name\":\"Magazin\",\"item\":\"https:\/\/business.roovi.com\/ro\/magazin\/\"},{\"@type\":\"ListItem\",\"position\":3,\"name\":\"Joc Remi Clasic\"}]},{\"@type\":\"WebSite\",\"@id\":\"https:\/\/business.roovi.com\/ro\/#website\",\"url\":\"https:\/\/business.roovi.com\/ro\/\",\"name\":\"Roovi B2B\",\"description\":\"Roovi Business Website\",\"potentialAction\":[{\"@type\":\"SearchAction\",\"target\":{\"@type\":\"EntryPoint\",\"urlTemplate\":\"https:\/\/business.roovi.com\/ro\/?s={search_term_string}\"},\"query-input\":\"required name=search_term_string\"}],\"inLanguage\":\"ro-RO\"}]}<\/script>\n<!-- \/ Yoast SEO plugin. -->","yoast_head_json":{"title":"Joc Remi Clasic - Roovi B2B","robots":{"index":"index","follow":"follow","max-snippet":"max-snippet:-1","max-image-preview":"max-image-preview:large","max-video-preview":"max-video-preview:-1"},"canonical":"https:\/\/www.roovi.ro\/joc-remi-clasic\/p\/","og_locale":"ro_RO","og_type":"article","og_title":"Joc Remi Clasic - Roovi B2B","og_description":"\u0218tiai c\u0103 jocul de Remi a fost inventat de un evreu de origine rom\u00e2n\u0103 stabilit \u00een Palestina, dup\u0103 ce regimul","og_url":"https:\/\/www.roovi.ro\/joc-remi-clasic\/p\/","og_site_name":"Roovi B2B","article_publisher":"https:\/\/www.facebook.com\/wwwjucariero","article_modified_time":"2025-03-13T06:37:11+00:00","og_image":[{"width":1200,"height":1200,"url":"https:\/\/business.roovi.com\/wp-content\/uploads\/2018\/04\/Rummy-66473.jpg","type":"image\/jpeg"}],"twitter_misc":{"Timp estimat pentru citire":"2 minute"},"schema":{"@context":"https:\/\/schema.org","@graph":[{"@type":"WebPage","@id":"https:\/\/business.roovi.com\/ro\/joc-remi-clasic\/p\/","url":"https:\/\/www.roovi.ro\/joc-remi-clasic\/p\/","name":"Joc Remi Clasic - Roovi B2B","isPartOf":{"@id":"https:\/\/business.roovi.com\/ro\/#website"},"datePublished":"2018-04-16T10:56:06+00:00","dateModified":"2025-03-13T06:37:11+00:00","breadcrumb":{"@id":"https:\/\/www.roovi.ro\/joc-remi-clasic\/p\/#breadcrumb"},"inLanguage":"ro-RO","potentialAction":[{"@type":"ReadAction","target":["https:\/\/www.roovi.ro\/joc-remi-clasic\/p\/"]}]},{"@type":"BreadcrumbList","@id":"https:\/\/www.roovi.ro\/joc-remi-clasic\/p\/#breadcrumb","itemListElement":[{"@type":"ListItem","position":1,"name":"Home","item":"https:\/\/business.roovi.com\/ro\/"},{"@type":"ListItem","position":2,"name":"Magazin","item":"https:\/\/business.roovi.com\/ro\/magazin\/"},{"@type":"ListItem","position":3,"name":"Joc Remi Clasic"}]},{"@type":"WebSite","@id":"https:\/\/business.roovi.com\/ro\/#website","url":"https:\/\/business.roovi.com\/ro\/","name":"Roovi B2B","description":"Roovi Business Website","potentialAction":[{"@type":"SearchAction","target":{"@type":"EntryPoint","urlTemplate":"https:\/\/business.roovi.com\/ro\/?s={search_term_string}"},"query-input":"required name=search_term_string"}],"inLanguage":"ro-RO"}]}},"_links":{"self":[{"href":"https:\/\/business.roovi.com\/ro\/wp-json\/wp\/v2\/product\/11640","targetHints":{"allow":["GET"]}}],"collection":[{"href":"https:\/\/business.roovi.com\/ro\/wp-json\/wp\/v2\/product"}],"about":[{"href":"https:\/\/business.roovi.com\/ro\/wp-json\/wp\/v2\/types\/product"}],"version-history":[{"count":0,"href":"https:\/\/business.roovi.com\/ro\/wp-json\/wp\/v2\/product\/11640\/revisions"}],"wp:featuredmedia":[{"embeddable":true,"href":"https:\/\/business.roovi.com\/ro\/wp-json\/wp\/v2\/media\/70793"}],"wp:attachment":[{"href":"https:\/\/business.roovi.com\/ro\/wp-json\/wp\/v2\/media?parent=11640"}],"wp:term":[{"taxonomy":"product_brand","embeddable":true,"href":"https:\/\/business.roovi.com\/ro\/wp-json\/wp\/v2\/product_brand?post=11640"},{"taxonomy":"product_cat","embeddable":true,"href":"https:\/\/business.roovi.com\/ro\/wp-json\/wp\/v2\/product_cat?post=11640"},{"taxonomy":"product_tag","embeddable":true,"href":"https:\/\/business.roovi.com\/ro\/wp-json\/wp\/v2\/product_tag?post=11640"}],"curies":[{"name":"wp","href":"https:\/\/api.w.org\/{rel}","templated":true}]}}