{"id":11662,"date":"2018-04-16T10:56:06","date_gmt":"2018-04-16T10:56:06","guid":{"rendered":"https:\/\/business.roovi.com\/product\/joc-punct-ochit-punct-lovit\/"},"modified":"2025-03-11T12:38:29","modified_gmt":"2025-03-11T12:38:29","slug":"joc-punct-ochit-punct-lovit","status":"publish","type":"product","link":"https:\/\/business.roovi.com\/ro\/joc-punct-ochit-punct-lovit\/p\/","title":{"rendered":"Joc Punct Ochit Punct Lovit &#8211; Joc interactiv"},"content":{"rendered":"<p><iframe loading=\"lazy\" title=\"Joc Punct Ochit - Punct Lovit pentru copii \u0219i familie\" width=\"500\" height=\"281\" src=\"https:\/\/www.youtube.com\/embed\/anI32mxOApk?feature=oembed\" frameborder=\"0\" allow=\"accelerometer; autoplay; clipboard-write; encrypted-media; gyroscope; picture-in-picture; web-share\" referrerpolicy=\"strict-origin-when-cross-origin\" allowfullscreen><\/iframe><\/p>\n<h3><span style=\"font-weight: 400;\">Tu \u0219tii s\u0103 \u021binte\u0219ti la fix? Descoper\u0103 Punct ochit, punct lovit, un joc de ac\u021biune super distractiv care \u00ee\u021bi dezvolt\u0103 \u00eendem\u00e2narea \u0219i te \u00eenva\u021b\u0103 cum s\u0103 \u00ee\u021bi atingi obiectivele.<\/span><\/h3>\n<p><span style=\"font-weight: 400;\">Copiii au nevoie de jocuri interactive pentru a-\u0219i consuma energia \u0219i pentru a-\u0219i dezvolta corpul fizic, emo\u021bional \u0219i spiritual. Punct ochit, punct lovit este un joc atractiv, dinamic \u0219i distractiv care aduce vibra\u021bii pozitive \u00een casa ta.<\/span><\/p>\n<p><span style=\"font-weight: 400;\">Cei mici se distreaz\u0103 pe cinste \u00eencerc\u00e2nd s\u0103 \u021binteasc\u0103 la fix bilele colorate. \u00cen plus, se relaxeaz\u0103 activ, pun\u00e2ndu-\u0219i corpul \u00een mi\u0219care \u0219i antren\u00e2ndu-\u0219i creierul \u00eencerc\u00e2nd s\u0103 g\u0103seasc\u0103 rapid strategia c\u00e2\u0219tig\u0103toare.<\/span><\/p>\n<h3><span style=\"font-weight: 400;\">Tu e\u0219ti preg\u0103tit s\u0103 \u021binte\u0219ti la fix \u0219i s\u0103 te distrezi pe cinste?<\/span><\/h3>\n<ul>\n<li><b>Asambleaz\u0103 colivia special\u0103 \u0219i d\u0103 startul distrac\u021biei.<\/b><\/li>\n<li><b>Catapulteaz\u0103 mingiu\u021bele \u0219i nimere\u0219te co\u0219ule\u021bele cu ele.<\/b><\/li>\n<li><b>Fii cel mai iscusit \u00een fiecare rund\u0103 \u0219i c\u00e2\u0219tig\u0103 jocul.<\/b><\/li>\n<\/ul>\n<h3><span style=\"font-weight: 400;\">\u0218tiai c\u0103 jocul Punct ochit, punct lovit\u2026<\/span><\/h3>\n<ul>\n<li style=\"font-weight: 400;\" aria-level=\"1\"><span style=\"font-weight: 400;\">Este un foarte bun exerci\u021biu de perseveren\u021b\u0103 \u0219i r\u0103bdare.<\/span><\/li>\n<li style=\"font-weight: 400;\" aria-level=\"1\"><span style=\"font-weight: 400;\">Le antreneaz\u0103 \u00eendem\u00e2narea \u0219i coordonarea copiilor.<\/span><\/li>\n<li style=\"font-weight: 400;\" aria-level=\"1\"><span style=\"font-weight: 400;\">Are mai multe variante de joc, interactive \u0219i amuzante, pentru ca cei mici s\u0103 se distreze f\u0103r\u0103 limite un timp \u00eendelungat.<\/span><\/li>\n<li style=\"font-weight: 400;\" aria-level=\"1\"><span style=\"font-weight: 400;\">Datorit\u0103 structurii sale speciale, se poate juca oriunde \u0219i oric\u00e2nd, f\u0103r\u0103 a exista riscul s\u0103 pierzi mingiu\u021bele.<\/span><\/li>\n<li style=\"font-weight: 400;\" aria-level=\"1\"><span style=\"font-weight: 400;\">\u00cei ajut\u0103 pe copii s\u0103 accepte provoc\u0103rile competi\u021biei \u0219i s\u0103 aib\u0103 o atitudine pozitiv\u0103, indiferent de rezultat.<\/span><\/li>\n<\/ul>\n<h3><span style=\"font-weight: 400;\">Punct ochit, punct lovit, o experien\u021b\u0103 distractiv\u0103 \u0219i de conectare cu copiii\u00a0<\/span><\/h3>\n<p><span style=\"font-weight: 400;\">Jocul Punct ochit, punct lovit este o modalitate foarte pl\u0103cut\u0103 de conectare cu copiii \u0219i un bun prilej pentru a v\u0103 cunoa\u0219te \u0219i a v\u0103 \u00eent\u0103ri rela\u021bia p\u0103rinte-copil.\u00a0<\/span><\/p>\n<p><span style=\"font-weight: 400;\">\u00cen plus, este prilejul perfect pentru a le explica copiilor cum s\u0103 se bucure de joc \u0219i s\u0103 nu se lase cople\u0219i\u021bi de emo\u021bia e\u0219ecului.\u00a0<\/span><\/p>\n<p><span style=\"font-weight: 400;\">Alege a\u0219adar Punct ochit, punct lovit \u0219i bucur\u0103-te de momente magice de joac\u0103 \u0219i relaxare al\u0103turi de copii.\u00a0<\/span><\/p>\n<p><span style=\"font-weight: 400;\"><strong>Jocul con\u021bine:<\/strong> kitul cu componentele coliviei, 8 mingiu\u021be colorate, instruc\u021biuni de utilizare.<\/span><\/p>\n<p><span style=\"font-weight: 400;\"><strong>Juc\u0103tori:<\/strong> 1 &#8211; 4 persoane<\/span><\/p>\n<p><span style=\"font-weight: 400;\"><strong>V\u00e2rsta:<\/strong> 4+<\/span><\/p>\n<p><span style=\"font-weight: 400;\">Nerecomandat copiilor sub 3 ani. Con\u021bine piese mici, pericol de sufocare. <\/span><\/p>\n","protected":false},"excerpt":{"rendered":"<p>Tu \u0219tii s\u0103 \u021binte\u0219ti la fix? Descoper\u0103 Punct ochit, punct lovit, un joc de ac\u021biune super distractiv care \u00ee\u021bi dezvolt\u0103<\/p>\n","protected":false},"featured_media":60338,"template":"","meta":[],"product_brand":[],"product_cat":[1491,1467],"product_tag":[],"class_list":{"0":"post-11662","1":"product","2":"type-product","3":"status-publish","4":"has-post-thumbnail","6":"product_cat-jocuri-de-indemanare-1","7":"product_cat-jocuri-de-societate","8":"pa_bax-1273","9":"pa_brand-d_toys","10":"pa_country_of_manufacture-ro","11":"pa_filter_age-1315","12":"pa_filter_age-3_5","13":"pa_filter_age-5_7","14":"pa_filter_age-7_9","15":"pa_filter_age-9_14","16":"pa_tip_ambalaj-cutie","18":"first","19":"instock","20":"taxable","21":"shipping-taxable","22":"product-type-simple"},"yoast_head":"<!-- This site is optimized with the Yoast SEO plugin v20.1 - https:\/\/yoast.com\/wordpress\/plugins\/seo\/ -->\n<title>Joc Punct Ochit Punct Lovit - Joc interactiv - Roovi B2B<\/title>\n<meta name=\"robots\" content=\"index, follow, max-snippet:-1, max-image-preview:large, max-video-preview:-1\" \/>\n<link rel=\"canonical\" href=\"https:\/\/www.roovi.ro\/joc-punct-ochit-punct-lovit\/p\/\" \/>\n<meta property=\"og:locale\" content=\"ro_RO\" \/>\n<meta property=\"og:type\" content=\"article\" \/>\n<meta property=\"og:title\" content=\"Joc Punct Ochit Punct Lovit - Joc interactiv - Roovi B2B\" \/>\n<meta property=\"og:description\" content=\"Tu \u0219tii s\u0103 \u021binte\u0219ti la fix? Descoper\u0103 Punct ochit, punct lovit, un joc de ac\u021biune super distractiv care \u00ee\u021bi dezvolt\u0103\" \/>\n<meta property=\"og:url\" content=\"https:\/\/www.roovi.ro\/joc-punct-ochit-punct-lovit\/p\/\" \/>\n<meta property=\"og:site_name\" content=\"Roovi B2B\" \/>\n<meta property=\"article:publisher\" content=\"https:\/\/www.facebook.com\/wwwjucariero\" \/>\n<meta property=\"article:modified_time\" content=\"2025-03-11T12:38:29+00:00\" \/>\n<meta property=\"og:image\" content=\"https:\/\/business.roovi.com\/wp-content\/uploads\/2018\/04\/Punct-ochit-punct-lovit-67784-1200-x1200_web.jpg\" \/>\n\t<meta property=\"og:image:width\" content=\"1200\" \/>\n\t<meta property=\"og:image:height\" content=\"1200\" \/>\n\t<meta property=\"og:image:type\" content=\"image\/jpeg\" \/>\n<meta name=\"twitter:label1\" content=\"Timp estimat pentru citire\" \/>\n\t<meta name=\"twitter:data1\" content=\"2 minute\" \/>\n<script type=\"application\/ld+json\" class=\"yoast-schema-graph\">{\"@context\":\"https:\/\/schema.org\",\"@graph\":[{\"@type\":\"WebPage\",\"@id\":\"https:\/\/business.roovi.com\/ro\/joc-punct-ochit-punct-lovit\/p\/\",\"url\":\"https:\/\/www.roovi.ro\/joc-punct-ochit-punct-lovit\/p\/\",\"name\":\"Joc Punct Ochit Punct Lovit - Joc interactiv - Roovi B2B\",\"isPartOf\":{\"@id\":\"https:\/\/business.roovi.com\/ro\/#website\"},\"datePublished\":\"2018-04-16T10:56:06+00:00\",\"dateModified\":\"2025-03-11T12:38:29+00:00\",\"breadcrumb\":{\"@id\":\"https:\/\/www.roovi.ro\/joc-punct-ochit-punct-lovit\/p\/#breadcrumb\"},\"inLanguage\":\"ro-RO\",\"potentialAction\":[{\"@type\":\"ReadAction\",\"target\":[\"https:\/\/www.roovi.ro\/joc-punct-ochit-punct-lovit\/p\/\"]}]},{\"@type\":\"BreadcrumbList\",\"@id\":\"https:\/\/www.roovi.ro\/joc-punct-ochit-punct-lovit\/p\/#breadcrumb\",\"itemListElement\":[{\"@type\":\"ListItem\",\"position\":1,\"name\":\"Home\",\"item\":\"https:\/\/business.roovi.com\/ro\/\"},{\"@type\":\"ListItem\",\"position\":2,\"name\":\"Magazin\",\"item\":\"https:\/\/business.roovi.com\/ro\/magazin\/\"},{\"@type\":\"ListItem\",\"position\":3,\"name\":\"Joc Punct Ochit Punct Lovit &#8211; Joc interactiv\"}]},{\"@type\":\"WebSite\",\"@id\":\"https:\/\/business.roovi.com\/ro\/#website\",\"url\":\"https:\/\/business.roovi.com\/ro\/\",\"name\":\"Roovi B2B\",\"description\":\"Roovi Business Website\",\"potentialAction\":[{\"@type\":\"SearchAction\",\"target\":{\"@type\":\"EntryPoint\",\"urlTemplate\":\"https:\/\/business.roovi.com\/ro\/?s={search_term_string}\"},\"query-input\":\"required name=search_term_string\"}],\"inLanguage\":\"ro-RO\"}]}<\/script>\n<!-- \/ Yoast SEO plugin. -->","yoast_head_json":{"title":"Joc Punct Ochit Punct Lovit - Joc interactiv - Roovi B2B","robots":{"index":"index","follow":"follow","max-snippet":"max-snippet:-1","max-image-preview":"max-image-preview:large","max-video-preview":"max-video-preview:-1"},"canonical":"https:\/\/www.roovi.ro\/joc-punct-ochit-punct-lovit\/p\/","og_locale":"ro_RO","og_type":"article","og_title":"Joc Punct Ochit Punct Lovit - Joc interactiv - Roovi B2B","og_description":"Tu \u0219tii s\u0103 \u021binte\u0219ti la fix? Descoper\u0103 Punct ochit, punct lovit, un joc de ac\u021biune super distractiv care \u00ee\u021bi dezvolt\u0103","og_url":"https:\/\/www.roovi.ro\/joc-punct-ochit-punct-lovit\/p\/","og_site_name":"Roovi B2B","article_publisher":"https:\/\/www.facebook.com\/wwwjucariero","article_modified_time":"2025-03-11T12:38:29+00:00","og_image":[{"width":1200,"height":1200,"url":"https:\/\/business.roovi.com\/wp-content\/uploads\/2018\/04\/Punct-ochit-punct-lovit-67784-1200-x1200_web.jpg","type":"image\/jpeg"}],"twitter_misc":{"Timp estimat pentru citire":"2 minute"},"schema":{"@context":"https:\/\/schema.org","@graph":[{"@type":"WebPage","@id":"https:\/\/business.roovi.com\/ro\/joc-punct-ochit-punct-lovit\/p\/","url":"https:\/\/www.roovi.ro\/joc-punct-ochit-punct-lovit\/p\/","name":"Joc Punct Ochit Punct Lovit - Joc interactiv - Roovi B2B","isPartOf":{"@id":"https:\/\/business.roovi.com\/ro\/#website"},"datePublished":"2018-04-16T10:56:06+00:00","dateModified":"2025-03-11T12:38:29+00:00","breadcrumb":{"@id":"https:\/\/www.roovi.ro\/joc-punct-ochit-punct-lovit\/p\/#breadcrumb"},"inLanguage":"ro-RO","potentialAction":[{"@type":"ReadAction","target":["https:\/\/www.roovi.ro\/joc-punct-ochit-punct-lovit\/p\/"]}]},{"@type":"BreadcrumbList","@id":"https:\/\/www.roovi.ro\/joc-punct-ochit-punct-lovit\/p\/#breadcrumb","itemListElement":[{"@type":"ListItem","position":1,"name":"Home","item":"https:\/\/business.roovi.com\/ro\/"},{"@type":"ListItem","position":2,"name":"Magazin","item":"https:\/\/business.roovi.com\/ro\/magazin\/"},{"@type":"ListItem","position":3,"name":"Joc Punct Ochit Punct Lovit &#8211; Joc interactiv"}]},{"@type":"WebSite","@id":"https:\/\/business.roovi.com\/ro\/#website","url":"https:\/\/business.roovi.com\/ro\/","name":"Roovi B2B","description":"Roovi Business Website","potentialAction":[{"@type":"SearchAction","target":{"@type":"EntryPoint","urlTemplate":"https:\/\/business.roovi.com\/ro\/?s={search_term_string}"},"query-input":"required name=search_term_string"}],"inLanguage":"ro-RO"}]}},"_links":{"self":[{"href":"https:\/\/business.roovi.com\/ro\/wp-json\/wp\/v2\/product\/11662","targetHints":{"allow":["GET"]}}],"collection":[{"href":"https:\/\/business.roovi.com\/ro\/wp-json\/wp\/v2\/product"}],"about":[{"href":"https:\/\/business.roovi.com\/ro\/wp-json\/wp\/v2\/types\/product"}],"version-history":[{"count":0,"href":"https:\/\/business.roovi.com\/ro\/wp-json\/wp\/v2\/product\/11662\/revisions"}],"wp:featuredmedia":[{"embeddable":true,"href":"https:\/\/business.roovi.com\/ro\/wp-json\/wp\/v2\/media\/60338"}],"wp:attachment":[{"href":"https:\/\/business.roovi.com\/ro\/wp-json\/wp\/v2\/media?parent=11662"}],"wp:term":[{"taxonomy":"product_brand","embeddable":true,"href":"https:\/\/business.roovi.com\/ro\/wp-json\/wp\/v2\/product_brand?post=11662"},{"taxonomy":"product_cat","embeddable":true,"href":"https:\/\/business.roovi.com\/ro\/wp-json\/wp\/v2\/product_cat?post=11662"},{"taxonomy":"product_tag","embeddable":true,"href":"https:\/\/business.roovi.com\/ro\/wp-json\/wp\/v2\/product_tag?post=11662"}],"curies":[{"name":"wp","href":"https:\/\/api.w.org\/{rel}","templated":true}]}}