{"id":11704,"date":"2018-04-16T10:56:06","date_gmt":"2018-04-16T10:56:06","guid":{"rendered":"https:\/\/business.roovi.com\/product\/joc-pantomime\/"},"modified":"2025-03-11T10:48:39","modified_gmt":"2025-03-11T10:48:39","slug":"joc-pantomime-animale","status":"publish","type":"product","link":"https:\/\/business.roovi.com\/ro\/joc-pantomime-animale\/p\/","title":{"rendered":"Joc Pantomime Animale \u2013 Joc de societate \u0219i de mim\u0103"},"content":{"rendered":"<p><span style=\"font-weight: 400;\">Oare cum mimezi un porc mistre\u021b? Dar un delfin? Sau poate o\u2026furnic\u0103? Exerseaz\u0103-\u021bi abilit\u0103\u021bile de mim al\u0103turi de copilul t\u0103u \u0219i p\u0103\u0219e\u0219te \u00een t\u0103r\u00e2mul jocurilor super amuzante, cu ajutorul jocului Pantomime Animale.<\/span><\/p>\n<p><span style=\"font-weight: 400;\">Descoper\u0103 un joc super distractiv de mim\u0103, potrivit pentru toat\u0103 familia, ce d\u0103 startul bunei dispozi\u021bii \u0219i creeaz\u0103 atmosfer\u0103 la orice petrecere de copii. Pantomime este jocul ce asigur\u0103 ore \u00eentregi de distrac\u021bie \u0219i st\u00e2rne\u0219te hohote de r\u00e2s, de la mic la mare.\u00a0<\/span><\/p>\n<p><span style=\"font-weight: 400;\">\u00cen plus, nu \u0219tii niciodat\u0103 ce talente ascunse de mim descoperi c\u0103 ai, juc\u00e2ndu-te \u00een echip\u0103, al\u0103turi de copilul t\u0103u.\u00a0<\/span><\/p>\n<h2><span style=\"font-weight: 400;\">\u0218tiai c\u0103 jocul Pantomime Animale\u2026<\/span><\/h2>\n<ul>\n<li><span style=\"font-weight: 400;\">Dezvolt\u0103 creativitatea.<\/span><\/li>\n<li><span style=\"font-weight: 400;\">Stimuleaz\u0103 spiritul de echip\u0103 \u0219i cooperarea.<\/span><\/li>\n<li><span style=\"font-weight: 400;\">Ajut\u0103 la dezvoltarea abilit\u0103\u021bilor artistice \u0219i a expresivit\u0103\u021bii, pe care cei mici le folosesc din plin pentru a mima c\u00e2t mai bine animalul de pe cartona\u0219.<\/span><\/li>\n<li><span style=\"font-weight: 400;\">Stabile\u0219te no\u021biuni elementare despre timp cu ajutorul clepsidrei.<\/span><\/li>\n<li><span style=\"font-weight: 400;\">Dezvolt\u0103 capacitatea de g\u00e2ndire rapid\u0103, av\u00e2nd la dispozi\u021bie un timp limit\u0103 pentru a mima figurina de pe cartona\u0219.<\/span><\/li>\n<\/ul>\n<h2><span style=\"font-weight: 400;\">De ce s\u0103 alegi jocul Pantomime Animale<\/span><\/h2>\n<p><span style=\"font-weight: 400;\">Pantomime este un joc extrem de versatil care dezvolt\u0103 capacitatea de exprimare nonverbal\u0103, cu ajutorul gesturilor \u0219i mimicii.<\/span><\/p>\n<p><span style=\"font-weight: 400;\">Este un foarte bun joc de coordonare \u00een echip\u0103, pun\u00e2nd bazele no\u021biunilor de cooperare, \u00eencredere, sus\u021binere \u0219i \u00eemp\u0103rt\u0103\u0219irea satisfac\u021biei comune a reu\u0219itei, dar \u0219i asumarea comun\u0103 a \u00eenfr\u00e2ngerii.\u00a0<\/span><\/p>\n<p><span style=\"font-weight: 400;\">\u00cen plus, stimuleaz\u0103 intens creativitatea. Juc\u0103torii trebuie s\u0103 g\u0103seasc\u0103 cel mai creativ mod de a mima diferite animale, astfel \u00eenc\u00e2t echipa lor s\u0103 ghiceasc\u0103 animalul imitat, \u00eenainte s\u0103 se scurg\u0103 timpul.<\/span><\/p>\n<p><span style=\"font-weight: 400;\">V\u00e2rst\u0103 recomandat\u0103: 4+<\/span><\/p>\n<p><span style=\"font-weight: 400;\">Juc\u0103tori: 2 &#8211; 16 juc\u0103tori<\/span><\/p>\n<p><span style=\"font-weight: 400;\">Cutia con\u021bine: <\/span><span style=\"font-weight: 400;\">1 tabl\u0103 de joc, 64 c\u0103r\u021bi de joc, 1 clepsidr\u0103, 4 pioni, 1 zar, regulament de joc.<\/span><\/p>\n<p><span style=\"font-weight: 400;\">Joc nerecomandat copiilor sub 3 ani. Contine piese mici ce pot fi inghitite.<\/span><\/p>\n","protected":false},"excerpt":{"rendered":"<p>Oare cum mimezi un porc mistre\u021b? Dar un delfin? Sau poate o\u2026furnic\u0103? Exerseaz\u0103-\u021bi abilit\u0103\u021bile de mim al\u0103turi de copilul t\u0103u<\/p>\n","protected":false},"featured_media":72278,"template":"","meta":[],"product_brand":[],"product_cat":[1467,1496],"product_tag":[],"class_list":{"0":"post-11704","1":"product","2":"type-product","3":"status-publish","4":"has-post-thumbnail","6":"product_cat-jocuri-de-societate","7":"product_cat-jocuri-party","8":"pa_bax-1273","9":"pa_brand-d_toys","10":"pa_country_of_manufacture-ro","11":"pa_filter_age-1315","12":"pa_filter_age-3_5","13":"pa_filter_age-5_7","14":"pa_filter_age-7_9","15":"pa_filter_age-9_14","16":"pa_tip_ambalaj-cutie","18":"first","19":"instock","20":"taxable","21":"shipping-taxable","22":"product-type-simple"},"yoast_head":"<!-- This site is optimized with the Yoast SEO plugin v20.1 - https:\/\/yoast.com\/wordpress\/plugins\/seo\/ -->\n<title>Joc Pantomime Animale \u2013 Joc de societate \u0219i de mim\u0103 - Roovi B2B<\/title>\n<meta name=\"robots\" content=\"index, follow, max-snippet:-1, max-image-preview:large, max-video-preview:-1\" \/>\n<link rel=\"canonical\" href=\"https:\/\/www.roovi.ro\/joc-pantomime-animale\/p\/\" \/>\n<meta property=\"og:locale\" content=\"ro_RO\" \/>\n<meta property=\"og:type\" content=\"article\" \/>\n<meta property=\"og:title\" content=\"Joc Pantomime Animale \u2013 Joc de societate \u0219i de mim\u0103 - Roovi B2B\" \/>\n<meta property=\"og:description\" content=\"Oare cum mimezi un porc mistre\u021b? Dar un delfin? Sau poate o\u2026furnic\u0103? Exerseaz\u0103-\u021bi abilit\u0103\u021bile de mim al\u0103turi de copilul t\u0103u\" \/>\n<meta property=\"og:url\" content=\"https:\/\/www.roovi.ro\/joc-pantomime-animale\/p\/\" \/>\n<meta property=\"og:site_name\" content=\"Roovi B2B\" \/>\n<meta property=\"article:publisher\" content=\"https:\/\/www.facebook.com\/wwwjucariero\" \/>\n<meta property=\"article:modified_time\" content=\"2025-03-11T10:48:39+00:00\" \/>\n<meta property=\"og:image\" content=\"https:\/\/business.roovi.com\/wp-content\/uploads\/2018\/04\/Pantomime-Animale_66459_FATA.jpg\" \/>\n\t<meta property=\"og:image:width\" content=\"1200\" \/>\n\t<meta property=\"og:image:height\" content=\"1200\" \/>\n\t<meta property=\"og:image:type\" content=\"image\/jpeg\" \/>\n<meta name=\"twitter:label1\" content=\"Timp estimat pentru citire\" \/>\n\t<meta name=\"twitter:data1\" content=\"2 minute\" \/>\n<script type=\"application\/ld+json\" class=\"yoast-schema-graph\">{\"@context\":\"https:\/\/schema.org\",\"@graph\":[{\"@type\":\"WebPage\",\"@id\":\"https:\/\/business.roovi.com\/ro\/joc-pantomime-animale\/p\/\",\"url\":\"https:\/\/www.roovi.ro\/joc-pantomime-animale\/p\/\",\"name\":\"Joc Pantomime Animale \u2013 Joc de societate \u0219i de mim\u0103 - Roovi B2B\",\"isPartOf\":{\"@id\":\"https:\/\/business.roovi.com\/ro\/#website\"},\"datePublished\":\"2018-04-16T10:56:06+00:00\",\"dateModified\":\"2025-03-11T10:48:39+00:00\",\"breadcrumb\":{\"@id\":\"https:\/\/www.roovi.ro\/joc-pantomime-animale\/p\/#breadcrumb\"},\"inLanguage\":\"ro-RO\",\"potentialAction\":[{\"@type\":\"ReadAction\",\"target\":[\"https:\/\/www.roovi.ro\/joc-pantomime-animale\/p\/\"]}]},{\"@type\":\"BreadcrumbList\",\"@id\":\"https:\/\/www.roovi.ro\/joc-pantomime-animale\/p\/#breadcrumb\",\"itemListElement\":[{\"@type\":\"ListItem\",\"position\":1,\"name\":\"Home\",\"item\":\"https:\/\/business.roovi.com\/ro\/\"},{\"@type\":\"ListItem\",\"position\":2,\"name\":\"Magazin\",\"item\":\"https:\/\/business.roovi.com\/ro\/magazin\/\"},{\"@type\":\"ListItem\",\"position\":3,\"name\":\"Joc Pantomime Animale \u2013 Joc de societate \u0219i de mim\u0103\"}]},{\"@type\":\"WebSite\",\"@id\":\"https:\/\/business.roovi.com\/ro\/#website\",\"url\":\"https:\/\/business.roovi.com\/ro\/\",\"name\":\"Roovi B2B\",\"description\":\"Roovi Business Website\",\"potentialAction\":[{\"@type\":\"SearchAction\",\"target\":{\"@type\":\"EntryPoint\",\"urlTemplate\":\"https:\/\/business.roovi.com\/ro\/?s={search_term_string}\"},\"query-input\":\"required name=search_term_string\"}],\"inLanguage\":\"ro-RO\"}]}<\/script>\n<!-- \/ Yoast SEO plugin. -->","yoast_head_json":{"title":"Joc Pantomime Animale \u2013 Joc de societate \u0219i de mim\u0103 - Roovi B2B","robots":{"index":"index","follow":"follow","max-snippet":"max-snippet:-1","max-image-preview":"max-image-preview:large","max-video-preview":"max-video-preview:-1"},"canonical":"https:\/\/www.roovi.ro\/joc-pantomime-animale\/p\/","og_locale":"ro_RO","og_type":"article","og_title":"Joc Pantomime Animale \u2013 Joc de societate \u0219i de mim\u0103 - Roovi B2B","og_description":"Oare cum mimezi un porc mistre\u021b? Dar un delfin? Sau poate o\u2026furnic\u0103? Exerseaz\u0103-\u021bi abilit\u0103\u021bile de mim al\u0103turi de copilul t\u0103u","og_url":"https:\/\/www.roovi.ro\/joc-pantomime-animale\/p\/","og_site_name":"Roovi B2B","article_publisher":"https:\/\/www.facebook.com\/wwwjucariero","article_modified_time":"2025-03-11T10:48:39+00:00","og_image":[{"width":1200,"height":1200,"url":"https:\/\/business.roovi.com\/wp-content\/uploads\/2018\/04\/Pantomime-Animale_66459_FATA.jpg","type":"image\/jpeg"}],"twitter_misc":{"Timp estimat pentru citire":"2 minute"},"schema":{"@context":"https:\/\/schema.org","@graph":[{"@type":"WebPage","@id":"https:\/\/business.roovi.com\/ro\/joc-pantomime-animale\/p\/","url":"https:\/\/www.roovi.ro\/joc-pantomime-animale\/p\/","name":"Joc Pantomime Animale \u2013 Joc de societate \u0219i de mim\u0103 - Roovi B2B","isPartOf":{"@id":"https:\/\/business.roovi.com\/ro\/#website"},"datePublished":"2018-04-16T10:56:06+00:00","dateModified":"2025-03-11T10:48:39+00:00","breadcrumb":{"@id":"https:\/\/www.roovi.ro\/joc-pantomime-animale\/p\/#breadcrumb"},"inLanguage":"ro-RO","potentialAction":[{"@type":"ReadAction","target":["https:\/\/www.roovi.ro\/joc-pantomime-animale\/p\/"]}]},{"@type":"BreadcrumbList","@id":"https:\/\/www.roovi.ro\/joc-pantomime-animale\/p\/#breadcrumb","itemListElement":[{"@type":"ListItem","position":1,"name":"Home","item":"https:\/\/business.roovi.com\/ro\/"},{"@type":"ListItem","position":2,"name":"Magazin","item":"https:\/\/business.roovi.com\/ro\/magazin\/"},{"@type":"ListItem","position":3,"name":"Joc Pantomime Animale \u2013 Joc de societate \u0219i de mim\u0103"}]},{"@type":"WebSite","@id":"https:\/\/business.roovi.com\/ro\/#website","url":"https:\/\/business.roovi.com\/ro\/","name":"Roovi B2B","description":"Roovi Business Website","potentialAction":[{"@type":"SearchAction","target":{"@type":"EntryPoint","urlTemplate":"https:\/\/business.roovi.com\/ro\/?s={search_term_string}"},"query-input":"required name=search_term_string"}],"inLanguage":"ro-RO"}]}},"_links":{"self":[{"href":"https:\/\/business.roovi.com\/ro\/wp-json\/wp\/v2\/product\/11704","targetHints":{"allow":["GET"]}}],"collection":[{"href":"https:\/\/business.roovi.com\/ro\/wp-json\/wp\/v2\/product"}],"about":[{"href":"https:\/\/business.roovi.com\/ro\/wp-json\/wp\/v2\/types\/product"}],"version-history":[{"count":0,"href":"https:\/\/business.roovi.com\/ro\/wp-json\/wp\/v2\/product\/11704\/revisions"}],"wp:featuredmedia":[{"embeddable":true,"href":"https:\/\/business.roovi.com\/ro\/wp-json\/wp\/v2\/media\/72278"}],"wp:attachment":[{"href":"https:\/\/business.roovi.com\/ro\/wp-json\/wp\/v2\/media?parent=11704"}],"wp:term":[{"taxonomy":"product_brand","embeddable":true,"href":"https:\/\/business.roovi.com\/ro\/wp-json\/wp\/v2\/product_brand?post=11704"},{"taxonomy":"product_cat","embeddable":true,"href":"https:\/\/business.roovi.com\/ro\/wp-json\/wp\/v2\/product_cat?post=11704"},{"taxonomy":"product_tag","embeddable":true,"href":"https:\/\/business.roovi.com\/ro\/wp-json\/wp\/v2\/product_tag?post=11704"}],"curies":[{"name":"wp","href":"https:\/\/api.w.org\/{rel}","templated":true}]}}