{"id":11723,"date":"2018-04-16T10:56:06","date_gmt":"2018-04-16T10:56:06","guid":{"rendered":"https:\/\/business.roovi.com\/product\/joc-comoara-piratilor\/"},"modified":"2025-03-19T08:44:57","modified_gmt":"2025-03-19T08:44:57","slug":"joc-comoara-piratilor","status":"publish","type":"product","link":"https:\/\/business.roovi.com\/ro\/joc-comoara-piratilor\/p\/","title":{"rendered":"Comoara pira\u021bilor &#8211; Joc de societate cu tabl\u0103 3D"},"content":{"rendered":"<p><span style=\"font-weight: 400;\">Comoara Pira\u021bilor este un joc de societate perfect pentru stimularea imagina\u021biei f\u0103r\u0103 limite a copiilor, care vor putea intra rapid \u00een jocurile de rol, \u00eenchipuindu-\u0219i aventurile fantastice de pe traseu.\u00a0<\/span><\/p>\n<p><span style=\"font-weight: 400;\">O \u00eentreag\u0103 lume de mister \u0219i fantezie este pe cale s\u0103 fie descoperit\u0103 de micii aventurieri, ce se vor \u00eembarca \u00eentr-o c\u0103l\u0103torie fascinant\u0103, pe urmele temu\u021bilor pira\u021bi.\u00a0<\/span><\/p>\n<p><span style=\"font-weight: 400;\">Un joc provocator, perfect pentru copiii dornici s\u0103 exploreze m\u0103ri \u0219i oceane ca s\u0103 descopere comori ascunse \u00een ad\u00e2ncuri, insule pustii \u0219i delfini prieteno\u0219i, care-i ajut\u0103 s\u0103 \u00ee\u0219i duc\u0103 misiunea la final.\u00a0<\/span><\/p>\n<h2><span style=\"font-weight: 400;\">\u0218tiai c\u0103 jocul Comoara Pira\u021bilor\u2026<\/span><\/h2>\n<ul>\n<li><span style=\"font-weight: 400;\">Ajut\u0103 la exersarea r\u0103bd\u0103rii \u0219i a cooper\u0103rii.\u00a0<\/span><\/li>\n<li><span style=\"font-weight: 400;\">Sus\u021bine integrarea \u00een grup \u0219i respectarea regulilor.<\/span><\/li>\n<li><span style=\"font-weight: 400;\">Este o foarte bun\u0103 prob\u0103 de \u00eendem\u00e2nare \u0219i exerci\u021biu de motricitate datorit\u0103 structurii tridimensionale a plan\u0219ei de joc &#8211; pe care copiii o pot construi singuri.\u00a0<\/span><\/li>\n<li><span style=\"font-weight: 400;\">Copiii pot deprinde no\u021biuni simple matematice, exers\u00e2nd adunarea \u0219i sc\u0103derea, pentru a se deplasa pe traseu.<\/span><\/li>\n<li><span style=\"font-weight: 400;\">Este un bun prilej de a discuta cu copiii despre pira\u021bi, cor\u0103bii \u0219i c\u0103l\u0103toriile \u00een jurul lumii.\u00a0<\/span><\/li>\n<\/ul>\n<h2><span style=\"font-weight: 400;\">De ce s\u0103 alegi jocul Comoara Pira\u021bilor<\/span><\/h2>\n<p><span style=\"font-weight: 400;\">Plan\u0219a de joc \u00eembin\u0103 armonios culorile calde cu cele reci, astfel \u00eenc\u00e2t s\u0103 nu fie deranjante pentru ochii copiilor \u0219i s\u0103 nu le distrag\u0103 aten\u021bia\u00a0 de la aventura descoperirii comorii ascunse.\u00a0<\/span><\/p>\n<p><span style=\"font-weight: 400;\">Pentru o foarte bun\u0103 rezisten\u021b\u0103 \u00een timp, plan\u0219a este realizat\u0103 din carton stratificat, cu duritate ridicat\u0103, astfel \u00eenc\u00e2t cei mici s\u0103 poat\u0103 porni \u00een aventur\u0103 iar \u0219i iar, f\u0103r\u0103 nicio limit\u0103.\u00a0\u00a0<\/span><\/p>\n<p><span style=\"font-weight: 400;\">Fie c\u0103 alegi s\u0103 \u00eei \u00eenso\u021be\u0219ti \u00een aventur\u0103 spre Insula Pira\u021bilor, petrec\u00e2nd timp de calitate \u00eempreun\u0103, sau vor porni \u00een c\u0103l\u0103torie al\u0103turi de prieteni, cu jocul pentru copii Comoara Pira\u021bilor distrac\u021bia este garantat\u0103.\u00a0<\/span><\/p>\n<p><span style=\"font-weight: 400;\">V\u00e2rst\u0103 recomandat\u0103: 5+<\/span><\/p>\n<p><span style=\"font-weight: 400;\">Juc\u0103tori: 2-4 persoane<\/span><\/p>\n<p><span style=\"font-weight: 400;\">Cutia con\u021bine: 1 platform\u0103 de joc 3D, 1 zar, 4 pioni, regulament de joc\u00a0\u00a0\u00a0\u00a0\u00a0<\/span><\/p>\n<p><span style=\"font-weight: 400;\">Joc nerecomandat copiilor sub 3 ani. Con\u021bine piese mici ce pot fi \u00eenghi\u021bite.<\/span><\/p>\n","protected":false},"excerpt":{"rendered":"<p>Comoara Pira\u021bilor este un joc de societate perfect pentru stimularea imagina\u021biei f\u0103r\u0103 limite a copiilor, care vor putea intra rapid<\/p>\n","protected":false},"featured_media":11717,"template":"","meta":[],"product_brand":[],"product_cat":[1502,1467],"product_tag":[],"class_list":{"0":"post-11723","1":"product","2":"type-product","3":"status-publish","4":"has-post-thumbnail","6":"product_cat-jocuri-de-familie","7":"product_cat-jocuri-de-societate","8":"pa_bax-1273","9":"pa_brand-d_toys","10":"pa_country_of_manufacture-ro","11":"pa_filter_age-3_5","12":"pa_filter_age-5_7","13":"pa_filter_age-7_9","14":"pa_tip_ambalaj-box-ro","16":"first","17":"instock","18":"taxable","19":"shipping-taxable","20":"product-type-simple"},"yoast_head":"<!-- This site is optimized with the Yoast SEO plugin v20.1 - https:\/\/yoast.com\/wordpress\/plugins\/seo\/ -->\n<title>Comoara pira\u021bilor - Joc de societate cu tabl\u0103 3D - Roovi B2B<\/title>\n<meta name=\"robots\" content=\"index, follow, max-snippet:-1, max-image-preview:large, max-video-preview:-1\" \/>\n<link rel=\"canonical\" href=\"https:\/\/www.roovi.ro\/joc-comoara-piratilor\/p\/\" \/>\n<meta property=\"og:locale\" content=\"ro_RO\" \/>\n<meta property=\"og:type\" content=\"article\" \/>\n<meta property=\"og:title\" content=\"Comoara pira\u021bilor - Joc de societate cu tabl\u0103 3D - Roovi B2B\" \/>\n<meta property=\"og:description\" content=\"Comoara Pira\u021bilor este un joc de societate perfect pentru stimularea imagina\u021biei f\u0103r\u0103 limite a copiilor, care vor putea intra rapid\" \/>\n<meta property=\"og:url\" content=\"https:\/\/www.roovi.ro\/joc-comoara-piratilor\/p\/\" \/>\n<meta property=\"og:site_name\" content=\"Roovi B2B\" \/>\n<meta property=\"article:publisher\" content=\"https:\/\/www.facebook.com\/wwwjucariero\" \/>\n<meta property=\"article:modified_time\" content=\"2025-03-19T08:44:57+00:00\" \/>\n<meta property=\"og:image\" content=\"https:\/\/business.roovi.com\/wp-content\/uploads\/2018\/04\/64837_elo_1.jpg\" \/>\n\t<meta property=\"og:image:width\" content=\"1200\" \/>\n\t<meta property=\"og:image:height\" content=\"1200\" \/>\n\t<meta property=\"og:image:type\" content=\"image\/jpeg\" \/>\n<meta name=\"twitter:label1\" content=\"Timp estimat pentru citire\" \/>\n\t<meta name=\"twitter:data1\" content=\"2 minute\" \/>\n<script type=\"application\/ld+json\" class=\"yoast-schema-graph\">{\"@context\":\"https:\/\/schema.org\",\"@graph\":[{\"@type\":\"WebPage\",\"@id\":\"https:\/\/business.roovi.com\/ro\/joc-comoara-piratilor\/p\/\",\"url\":\"https:\/\/www.roovi.ro\/joc-comoara-piratilor\/p\/\",\"name\":\"Comoara pira\u021bilor - Joc de societate cu tabl\u0103 3D - Roovi B2B\",\"isPartOf\":{\"@id\":\"https:\/\/business.roovi.com\/ro\/#website\"},\"datePublished\":\"2018-04-16T10:56:06+00:00\",\"dateModified\":\"2025-03-19T08:44:57+00:00\",\"breadcrumb\":{\"@id\":\"https:\/\/www.roovi.ro\/joc-comoara-piratilor\/p\/#breadcrumb\"},\"inLanguage\":\"ro-RO\",\"potentialAction\":[{\"@type\":\"ReadAction\",\"target\":[\"https:\/\/www.roovi.ro\/joc-comoara-piratilor\/p\/\"]}]},{\"@type\":\"BreadcrumbList\",\"@id\":\"https:\/\/www.roovi.ro\/joc-comoara-piratilor\/p\/#breadcrumb\",\"itemListElement\":[{\"@type\":\"ListItem\",\"position\":1,\"name\":\"Home\",\"item\":\"https:\/\/business.roovi.com\/ro\/\"},{\"@type\":\"ListItem\",\"position\":2,\"name\":\"Magazin\",\"item\":\"https:\/\/business.roovi.com\/ro\/magazin\/\"},{\"@type\":\"ListItem\",\"position\":3,\"name\":\"Comoara pira\u021bilor &#8211; Joc de societate cu tabl\u0103 3D\"}]},{\"@type\":\"WebSite\",\"@id\":\"https:\/\/business.roovi.com\/ro\/#website\",\"url\":\"https:\/\/business.roovi.com\/ro\/\",\"name\":\"Roovi B2B\",\"description\":\"Roovi Business Website\",\"potentialAction\":[{\"@type\":\"SearchAction\",\"target\":{\"@type\":\"EntryPoint\",\"urlTemplate\":\"https:\/\/business.roovi.com\/ro\/?s={search_term_string}\"},\"query-input\":\"required name=search_term_string\"}],\"inLanguage\":\"ro-RO\"}]}<\/script>\n<!-- \/ Yoast SEO plugin. -->","yoast_head_json":{"title":"Comoara pira\u021bilor - Joc de societate cu tabl\u0103 3D - Roovi B2B","robots":{"index":"index","follow":"follow","max-snippet":"max-snippet:-1","max-image-preview":"max-image-preview:large","max-video-preview":"max-video-preview:-1"},"canonical":"https:\/\/www.roovi.ro\/joc-comoara-piratilor\/p\/","og_locale":"ro_RO","og_type":"article","og_title":"Comoara pira\u021bilor - Joc de societate cu tabl\u0103 3D - Roovi B2B","og_description":"Comoara Pira\u021bilor este un joc de societate perfect pentru stimularea imagina\u021biei f\u0103r\u0103 limite a copiilor, care vor putea intra rapid","og_url":"https:\/\/www.roovi.ro\/joc-comoara-piratilor\/p\/","og_site_name":"Roovi B2B","article_publisher":"https:\/\/www.facebook.com\/wwwjucariero","article_modified_time":"2025-03-19T08:44:57+00:00","og_image":[{"width":1200,"height":1200,"url":"https:\/\/business.roovi.com\/wp-content\/uploads\/2018\/04\/64837_elo_1.jpg","type":"image\/jpeg"}],"twitter_misc":{"Timp estimat pentru citire":"2 minute"},"schema":{"@context":"https:\/\/schema.org","@graph":[{"@type":"WebPage","@id":"https:\/\/business.roovi.com\/ro\/joc-comoara-piratilor\/p\/","url":"https:\/\/www.roovi.ro\/joc-comoara-piratilor\/p\/","name":"Comoara pira\u021bilor - Joc de societate cu tabl\u0103 3D - Roovi B2B","isPartOf":{"@id":"https:\/\/business.roovi.com\/ro\/#website"},"datePublished":"2018-04-16T10:56:06+00:00","dateModified":"2025-03-19T08:44:57+00:00","breadcrumb":{"@id":"https:\/\/www.roovi.ro\/joc-comoara-piratilor\/p\/#breadcrumb"},"inLanguage":"ro-RO","potentialAction":[{"@type":"ReadAction","target":["https:\/\/www.roovi.ro\/joc-comoara-piratilor\/p\/"]}]},{"@type":"BreadcrumbList","@id":"https:\/\/www.roovi.ro\/joc-comoara-piratilor\/p\/#breadcrumb","itemListElement":[{"@type":"ListItem","position":1,"name":"Home","item":"https:\/\/business.roovi.com\/ro\/"},{"@type":"ListItem","position":2,"name":"Magazin","item":"https:\/\/business.roovi.com\/ro\/magazin\/"},{"@type":"ListItem","position":3,"name":"Comoara pira\u021bilor &#8211; Joc de societate cu tabl\u0103 3D"}]},{"@type":"WebSite","@id":"https:\/\/business.roovi.com\/ro\/#website","url":"https:\/\/business.roovi.com\/ro\/","name":"Roovi B2B","description":"Roovi Business Website","potentialAction":[{"@type":"SearchAction","target":{"@type":"EntryPoint","urlTemplate":"https:\/\/business.roovi.com\/ro\/?s={search_term_string}"},"query-input":"required name=search_term_string"}],"inLanguage":"ro-RO"}]}},"_links":{"self":[{"href":"https:\/\/business.roovi.com\/ro\/wp-json\/wp\/v2\/product\/11723","targetHints":{"allow":["GET"]}}],"collection":[{"href":"https:\/\/business.roovi.com\/ro\/wp-json\/wp\/v2\/product"}],"about":[{"href":"https:\/\/business.roovi.com\/ro\/wp-json\/wp\/v2\/types\/product"}],"version-history":[{"count":0,"href":"https:\/\/business.roovi.com\/ro\/wp-json\/wp\/v2\/product\/11723\/revisions"}],"wp:featuredmedia":[{"embeddable":true,"href":"https:\/\/business.roovi.com\/ro\/wp-json\/wp\/v2\/media\/11717"}],"wp:attachment":[{"href":"https:\/\/business.roovi.com\/ro\/wp-json\/wp\/v2\/media?parent=11723"}],"wp:term":[{"taxonomy":"product_brand","embeddable":true,"href":"https:\/\/business.roovi.com\/ro\/wp-json\/wp\/v2\/product_brand?post=11723"},{"taxonomy":"product_cat","embeddable":true,"href":"https:\/\/business.roovi.com\/ro\/wp-json\/wp\/v2\/product_cat?post=11723"},{"taxonomy":"product_tag","embeddable":true,"href":"https:\/\/business.roovi.com\/ro\/wp-json\/wp\/v2\/product_tag?post=11723"}],"curies":[{"name":"wp","href":"https:\/\/api.w.org\/{rel}","templated":true}]}}