{"id":11803,"date":"2023-02-23T07:37:17","date_gmt":"2023-02-23T07:37:17","guid":{"rendered":"https:\/\/business.roovi.com\/?post_type=product&#038;p=11803"},"modified":"2023-02-23T07:37:19","modified_gmt":"2023-02-23T07:37:19","slug":"joc-magnetic-sa-construim-scene-alba-ca-zapada-disabled","status":"publish","type":"product","link":"https:\/\/business.roovi.com\/ro\/joc-magnetic-sa-construim-scene-alba-ca-zapada-disabled\/p\/","title":{"rendered":"Joc S\u0103 construim scene din basme &#8211; Alb\u0103 ca Z\u0103pada &#8211; Joc magnetic"},"content":{"rendered":"<p>Acest set minunat ofer\u0103 posibilitatea celor mici s\u0103 construiasc\u0103 cele mai importante scene din basmul clasic \u00eendr\u0103git. Cu ajutorul figurinelor magnetice pot distinge personajele pozitive \u0219i negative din poveste \u0219i pot crea propria lor poveste.<\/p>\n","protected":false},"excerpt":{"rendered":"<p>Acest set minunat ofer\u0103 posibilitatea celor mici s\u0103 construiasc\u0103 cele mai importante scene din basmul clasic \u00eendr\u0103git. Cu ajutorul figurinelor<\/p>\n","protected":false},"featured_media":11799,"template":"","meta":[],"product_brand":[],"product_cat":[1489,1479],"product_tag":[],"class_list":{"0":"post-11803","1":"product","2":"type-product","3":"status-publish","4":"has-post-thumbnail","6":"product_cat-jocuri-magnetice","7":"product_cat-mai-multe-categorii","8":"pa_bax-1273","9":"pa_brand-d_toys","10":"pa_country_of_manufacture-ro","11":"pa_filter_age-3_5","12":"pa_filter_age-5_7","13":"pa_tip_ambalaj-cutie","15":"first","16":"instock","17":"taxable","18":"shipping-taxable","19":"product-type-simple"},"yoast_head":"<!-- This site is optimized with the Yoast SEO plugin v20.1 - https:\/\/yoast.com\/wordpress\/plugins\/seo\/ -->\n<title>Joc S\u0103 construim scene din basme - Alb\u0103 ca Z\u0103pada - Joc magnetic - Roovi B2B<\/title>\n<meta name=\"robots\" content=\"index, follow, max-snippet:-1, max-image-preview:large, max-video-preview:-1\" \/>\n<link rel=\"canonical\" href=\"https:\/\/www.roovi.ro\/joc-magnetic-sa-construim-scene-alba-ca-zapada-disabled\/p\/\" \/>\n<meta property=\"og:locale\" content=\"ro_RO\" \/>\n<meta property=\"og:type\" content=\"article\" \/>\n<meta property=\"og:title\" content=\"Joc S\u0103 construim scene din basme - Alb\u0103 ca Z\u0103pada - Joc magnetic - Roovi B2B\" \/>\n<meta property=\"og:description\" content=\"Acest set minunat ofer\u0103 posibilitatea celor mici s\u0103 construiasc\u0103 cele mai importante scene din basmul clasic \u00eendr\u0103git. Cu ajutorul figurinelor\" \/>\n<meta property=\"og:url\" content=\"https:\/\/www.roovi.ro\/joc-magnetic-sa-construim-scene-alba-ca-zapada-disabled\/p\/\" \/>\n<meta property=\"og:site_name\" content=\"Roovi B2B\" \/>\n<meta property=\"article:publisher\" content=\"https:\/\/www.facebook.com\/wwwjucariero\" \/>\n<meta property=\"article:modified_time\" content=\"2023-02-23T07:37:19+00:00\" \/>\n<meta property=\"og:image\" content=\"https:\/\/business.roovi.com\/wp-content\/uploads\/2018\/04\/63663_elo.jpg\" \/>\n\t<meta property=\"og:image:width\" content=\"1200\" \/>\n\t<meta property=\"og:image:height\" content=\"1200\" \/>\n\t<meta property=\"og:image:type\" content=\"image\/jpeg\" \/>\n<meta name=\"twitter:label1\" content=\"Timp estimat pentru citire\" \/>\n\t<meta name=\"twitter:data1\" content=\"1 minut\" \/>\n<script type=\"application\/ld+json\" class=\"yoast-schema-graph\">{\"@context\":\"https:\/\/schema.org\",\"@graph\":[{\"@type\":\"WebPage\",\"@id\":\"https:\/\/business.roovi.com\/ro\/joc-magnetic-sa-construim-scene-alba-ca-zapada-disabled\/p\/\",\"url\":\"https:\/\/www.roovi.ro\/joc-magnetic-sa-construim-scene-alba-ca-zapada-disabled\/p\/\",\"name\":\"Joc S\u0103 construim scene din basme - Alb\u0103 ca Z\u0103pada - Joc magnetic - Roovi B2B\",\"isPartOf\":{\"@id\":\"https:\/\/business.roovi.com\/ro\/#website\"},\"datePublished\":\"2023-02-23T07:37:17+00:00\",\"dateModified\":\"2023-02-23T07:37:19+00:00\",\"breadcrumb\":{\"@id\":\"https:\/\/www.roovi.ro\/joc-magnetic-sa-construim-scene-alba-ca-zapada-disabled\/p\/#breadcrumb\"},\"inLanguage\":\"ro-RO\",\"potentialAction\":[{\"@type\":\"ReadAction\",\"target\":[\"https:\/\/www.roovi.ro\/joc-magnetic-sa-construim-scene-alba-ca-zapada-disabled\/p\/\"]}]},{\"@type\":\"BreadcrumbList\",\"@id\":\"https:\/\/www.roovi.ro\/joc-magnetic-sa-construim-scene-alba-ca-zapada-disabled\/p\/#breadcrumb\",\"itemListElement\":[{\"@type\":\"ListItem\",\"position\":1,\"name\":\"Home\",\"item\":\"https:\/\/business.roovi.com\/ro\/\"},{\"@type\":\"ListItem\",\"position\":2,\"name\":\"Magazin\",\"item\":\"https:\/\/business.roovi.com\/ro\/magazin\/\"},{\"@type\":\"ListItem\",\"position\":3,\"name\":\"Joc S\u0103 construim scene din basme &#8211; Alb\u0103 ca Z\u0103pada &#8211; Joc magnetic\"}]},{\"@type\":\"WebSite\",\"@id\":\"https:\/\/business.roovi.com\/ro\/#website\",\"url\":\"https:\/\/business.roovi.com\/ro\/\",\"name\":\"Roovi B2B\",\"description\":\"Roovi Business Website\",\"potentialAction\":[{\"@type\":\"SearchAction\",\"target\":{\"@type\":\"EntryPoint\",\"urlTemplate\":\"https:\/\/business.roovi.com\/ro\/?s={search_term_string}\"},\"query-input\":\"required name=search_term_string\"}],\"inLanguage\":\"ro-RO\"}]}<\/script>\n<!-- \/ Yoast SEO plugin. -->","yoast_head_json":{"title":"Joc S\u0103 construim scene din basme - Alb\u0103 ca Z\u0103pada - Joc magnetic - Roovi B2B","robots":{"index":"index","follow":"follow","max-snippet":"max-snippet:-1","max-image-preview":"max-image-preview:large","max-video-preview":"max-video-preview:-1"},"canonical":"https:\/\/www.roovi.ro\/joc-magnetic-sa-construim-scene-alba-ca-zapada-disabled\/p\/","og_locale":"ro_RO","og_type":"article","og_title":"Joc S\u0103 construim scene din basme - Alb\u0103 ca Z\u0103pada - Joc magnetic - Roovi B2B","og_description":"Acest set minunat ofer\u0103 posibilitatea celor mici s\u0103 construiasc\u0103 cele mai importante scene din basmul clasic \u00eendr\u0103git. Cu ajutorul figurinelor","og_url":"https:\/\/www.roovi.ro\/joc-magnetic-sa-construim-scene-alba-ca-zapada-disabled\/p\/","og_site_name":"Roovi B2B","article_publisher":"https:\/\/www.facebook.com\/wwwjucariero","article_modified_time":"2023-02-23T07:37:19+00:00","og_image":[{"width":1200,"height":1200,"url":"https:\/\/business.roovi.com\/wp-content\/uploads\/2018\/04\/63663_elo.jpg","type":"image\/jpeg"}],"twitter_misc":{"Timp estimat pentru citire":"1 minut"},"schema":{"@context":"https:\/\/schema.org","@graph":[{"@type":"WebPage","@id":"https:\/\/business.roovi.com\/ro\/joc-magnetic-sa-construim-scene-alba-ca-zapada-disabled\/p\/","url":"https:\/\/www.roovi.ro\/joc-magnetic-sa-construim-scene-alba-ca-zapada-disabled\/p\/","name":"Joc S\u0103 construim scene din basme - Alb\u0103 ca Z\u0103pada - Joc magnetic - Roovi B2B","isPartOf":{"@id":"https:\/\/business.roovi.com\/ro\/#website"},"datePublished":"2023-02-23T07:37:17+00:00","dateModified":"2023-02-23T07:37:19+00:00","breadcrumb":{"@id":"https:\/\/www.roovi.ro\/joc-magnetic-sa-construim-scene-alba-ca-zapada-disabled\/p\/#breadcrumb"},"inLanguage":"ro-RO","potentialAction":[{"@type":"ReadAction","target":["https:\/\/www.roovi.ro\/joc-magnetic-sa-construim-scene-alba-ca-zapada-disabled\/p\/"]}]},{"@type":"BreadcrumbList","@id":"https:\/\/www.roovi.ro\/joc-magnetic-sa-construim-scene-alba-ca-zapada-disabled\/p\/#breadcrumb","itemListElement":[{"@type":"ListItem","position":1,"name":"Home","item":"https:\/\/business.roovi.com\/ro\/"},{"@type":"ListItem","position":2,"name":"Magazin","item":"https:\/\/business.roovi.com\/ro\/magazin\/"},{"@type":"ListItem","position":3,"name":"Joc S\u0103 construim scene din basme &#8211; Alb\u0103 ca Z\u0103pada &#8211; Joc magnetic"}]},{"@type":"WebSite","@id":"https:\/\/business.roovi.com\/ro\/#website","url":"https:\/\/business.roovi.com\/ro\/","name":"Roovi B2B","description":"Roovi Business Website","potentialAction":[{"@type":"SearchAction","target":{"@type":"EntryPoint","urlTemplate":"https:\/\/business.roovi.com\/ro\/?s={search_term_string}"},"query-input":"required name=search_term_string"}],"inLanguage":"ro-RO"}]}},"_links":{"self":[{"href":"https:\/\/business.roovi.com\/ro\/wp-json\/wp\/v2\/product\/11803","targetHints":{"allow":["GET"]}}],"collection":[{"href":"https:\/\/business.roovi.com\/ro\/wp-json\/wp\/v2\/product"}],"about":[{"href":"https:\/\/business.roovi.com\/ro\/wp-json\/wp\/v2\/types\/product"}],"version-history":[{"count":0,"href":"https:\/\/business.roovi.com\/ro\/wp-json\/wp\/v2\/product\/11803\/revisions"}],"wp:featuredmedia":[{"embeddable":true,"href":"https:\/\/business.roovi.com\/ro\/wp-json\/wp\/v2\/media\/11799"}],"wp:attachment":[{"href":"https:\/\/business.roovi.com\/ro\/wp-json\/wp\/v2\/media?parent=11803"}],"wp:term":[{"taxonomy":"product_brand","embeddable":true,"href":"https:\/\/business.roovi.com\/ro\/wp-json\/wp\/v2\/product_brand?post=11803"},{"taxonomy":"product_cat","embeddable":true,"href":"https:\/\/business.roovi.com\/ro\/wp-json\/wp\/v2\/product_cat?post=11803"},{"taxonomy":"product_tag","embeddable":true,"href":"https:\/\/business.roovi.com\/ro\/wp-json\/wp\/v2\/product_tag?post=11803"}],"curies":[{"name":"wp","href":"https:\/\/api.w.org\/{rel}","templated":true}]}}