{"id":12063,"date":"2018-04-16T10:56:07","date_gmt":"2018-04-16T10:56:07","guid":{"rendered":"https:\/\/business.roovi.com\/product\/joc-turnul-instabil\/"},"modified":"2025-03-13T06:34:27","modified_gmt":"2025-03-13T06:34:27","slug":"joc-turnul-instabil","status":"publish","type":"product","link":"https:\/\/business.roovi.com\/ro\/joc-turnul-instabil\/p\/","title":{"rendered":"Turnul instabil, cu piese din lemn &#8211; Joc de \u00eendem\u00e2nare"},"content":{"rendered":"<p><span style=\"font-weight: 400;\">Ce este gravita\u021bia? Ce este un centru de greutate \u0219i de ce se pr\u0103bu\u0219e\u0219te turnul? Dar echilibrul ce este?<\/span><\/p>\n<p><span style=\"font-weight: 400;\">Doar c\u00e2teva \u00eentreb\u0103ri la care po\u021bi r\u0103spunde \u00een timp ce te joci al\u0103turi de micu\u021bul t\u0103u. O incursiune fascinant\u0103 \u00een lumea \u0219tiin\u021bei, transformat\u0103 \u00eentr-o joac\u0103 amuzant\u0103, cu ajutorul jocului Turnul Instabil.<\/span><\/p>\n<p><span style=\"font-weight: 400;\">Un joc de societate fascinant, potrivit \u00een egal\u0103 m\u0103sur\u0103 pentru copii \u0219i adul\u021bi, ce asigur\u0103 ore \u00eentregi de distrac\u021bie \u0219i bun\u0103 dispozi\u021bie, departe de ecrane \u0219i alte distrageri digitale.<\/span><\/p>\n<p><span style=\"font-weight: 400;\">Construi\u021bi \u00eempreun\u0103 turnul cu ajutorul celor 57 de piese din lemn \u0219i apoi trage\u021bi pe r\u00e2nd, cu grij\u0103, fiecare pies\u0103, pentru ca turnul s\u0103 nu se pr\u0103bu\u0219easc\u0103. Fiecare mutare duce la schimbarea centrului de greutate \u0219i afecteaz\u0103 echilibrul turnului, astfel c\u0103 el devine tot mai instabil.\u00a0<\/span><\/p>\n<p><span style=\"font-weight: 400;\">Oare la cine o s\u0103 cad\u0103 \u00een final?<\/span><\/p>\n<h2><span style=\"font-weight: 400;\">\u0218tiai c\u0103 jocul Turnul Instabil\u2026<\/span><\/h2>\n<ul>\n<li><span style=\"font-weight: 400;\">Este ideal pentru a le povesti copiilor despre \u0219tiin\u021b\u0103 \u0219i no\u021biuni de baz\u0103 care ne influen\u021beaz\u0103 via\u021ba zi de zi, cum este gravita\u021bia.<\/span><\/li>\n<li><span style=\"font-weight: 400;\">Este un exerci\u021biu perfect de coordonare a mi\u0219c\u0103rilor, aten\u021bie \u0219i dexteritate.<\/span><\/li>\n<li><span style=\"font-weight: 400;\">Un fascinant joc de \u00eendem\u00e2nare \u0219i precizie.<\/span><\/li>\n<li><span style=\"font-weight: 400;\">\u00cei ajut\u0103 pe copii s\u0103 \u00een\u021beleag\u0103 \u00eentr-un mod amuzant cum func\u021bioneaz\u0103 unele lucru din jurul lor.<\/span><\/li>\n<li><span style=\"font-weight: 400;\">Dezvolt\u0103 \u0219i sus\u021bine spiritul de competi\u021bie, fiecare fiind responsabil pentru propriile rezultate.<\/span><\/li>\n<li><span style=\"font-weight: 400;\">Stimuleaz\u0103 capacitatea de concentrare \u0219i coordonarea m\u00e2n\u0103-ochi.<\/span><\/li>\n<li><span style=\"font-weight: 400;\">Este super distractiv \u0219i va declan\u0219a, cu siguran\u021b\u0103, hohote de r\u00e2s.<\/span><\/li>\n<\/ul>\n<h2><span style=\"font-weight: 400;\">De ce s\u0103 alegi Jocul Turnul Instabil<\/span><\/h2>\n<p><span style=\"font-weight: 400;\">Jocul Turnul Instabil este durabil \u0219i foarte rezistent, datorit\u0103 pieselor realizate din lemn natur.<\/span><\/p>\n<p><span style=\"font-weight: 400;\">Este sigur pentru copiii de toate v\u00e2rstele. Fiecare pies\u0103 este prelucrat\u0103 cu responsabilitate, astfel \u00eenc\u00e2t s\u0103 nu r\u0103m\u00e2n\u0103 a\u0219chii sau zone nefinisate.\u00a0\u00a0<\/span><\/p>\n<p><span style=\"font-weight: 400;\">Stimuleaz\u0103 imagina\u021bia \u0219i creativitatea, cei mici fiind liberi s\u0103 foloseasc\u0103 piesele \u00een nenum\u0103rate feluri, de la trasee pentru ma\u0219inu\u021be p\u00e2n\u0103 la construc\u021bii diverse sau \u0219iruri cu reac\u021bie \u00een lan\u021b. \u0218i cine \u0219tie ce alte idei spectaculoase mai au copiii?<\/span><\/p>\n<p><span style=\"font-weight: 400;\">V\u00e2rst\u0103 recomandat\u0103: 4+<\/span><\/p>\n<p><span style=\"font-weight: 400;\">Juc\u0103tori: minim 2 juc\u0103tori<\/span><\/p>\n<p><span style=\"font-weight: 400;\">Cutia con\u021bine: 57 piese de joc din lemn natur\u00a0\u00a0<\/span><\/p>\n<p><span style=\"font-weight: 400;\">Joc nerecomandat copiilor sub 3 ani.<\/span><\/p>\n","protected":false},"excerpt":{"rendered":"<p>Ce este gravita\u021bia? Ce este un centru de greutate \u0219i de ce se pr\u0103bu\u0219e\u0219te turnul? Dar echilibrul ce este? Doar<\/p>\n","protected":false},"featured_media":12059,"template":"","meta":[],"product_brand":[],"product_cat":[1477],"product_tag":[],"class_list":{"0":"post-12063","1":"product","2":"type-product","3":"status-publish","4":"has-post-thumbnail","6":"product_cat-jocuri-din-lemn","7":"pa_brand-deico","8":"pa_country_of_manufacture-ro","9":"pa_filter_age-1315","10":"pa_filter_age-5_7","11":"pa_filter_age-7_9","12":"pa_filter_age-9_14","13":"pa_tip_ambalaj-cutie","15":"first","16":"instock","17":"taxable","18":"shipping-taxable","19":"product-type-simple"},"yoast_head":"<!-- This site is optimized with the Yoast SEO plugin v20.1 - https:\/\/yoast.com\/wordpress\/plugins\/seo\/ -->\n<title>Turnul instabil, cu piese din lemn - Joc de \u00eendem\u00e2nare - Roovi B2B<\/title>\n<meta name=\"robots\" content=\"index, follow, max-snippet:-1, max-image-preview:large, max-video-preview:-1\" \/>\n<link rel=\"canonical\" href=\"https:\/\/www.roovi.ro\/joc-turnul-instabil\/p\/\" \/>\n<meta property=\"og:locale\" content=\"ro_RO\" \/>\n<meta property=\"og:type\" content=\"article\" \/>\n<meta property=\"og:title\" content=\"Turnul instabil, cu piese din lemn - Joc de \u00eendem\u00e2nare - Roovi B2B\" \/>\n<meta property=\"og:description\" content=\"Ce este gravita\u021bia? Ce este un centru de greutate \u0219i de ce se pr\u0103bu\u0219e\u0219te turnul? Dar echilibrul ce este? Doar\" \/>\n<meta property=\"og:url\" content=\"https:\/\/www.roovi.ro\/joc-turnul-instabil\/p\/\" \/>\n<meta property=\"og:site_name\" content=\"Roovi B2B\" \/>\n<meta property=\"article:publisher\" content=\"https:\/\/www.facebook.com\/wwwjucariero\" \/>\n<meta property=\"article:modified_time\" content=\"2025-03-13T06:34:27+00:00\" \/>\n<meta property=\"og:image\" content=\"https:\/\/business.roovi.com\/wp-content\/uploads\/2018\/04\/turnul_instabil_classic_front.jpg\" \/>\n\t<meta property=\"og:image:width\" content=\"1200\" \/>\n\t<meta property=\"og:image:height\" content=\"1200\" \/>\n\t<meta property=\"og:image:type\" content=\"image\/jpeg\" \/>\n<meta name=\"twitter:label1\" content=\"Timp estimat pentru citire\" \/>\n\t<meta name=\"twitter:data1\" content=\"2 minute\" \/>\n<script type=\"application\/ld+json\" class=\"yoast-schema-graph\">{\"@context\":\"https:\/\/schema.org\",\"@graph\":[{\"@type\":\"WebPage\",\"@id\":\"https:\/\/business.roovi.com\/ro\/joc-turnul-instabil\/p\/\",\"url\":\"https:\/\/www.roovi.ro\/joc-turnul-instabil\/p\/\",\"name\":\"Turnul instabil, cu piese din lemn - Joc de \u00eendem\u00e2nare - Roovi B2B\",\"isPartOf\":{\"@id\":\"https:\/\/business.roovi.com\/ro\/#website\"},\"datePublished\":\"2018-04-16T10:56:07+00:00\",\"dateModified\":\"2025-03-13T06:34:27+00:00\",\"breadcrumb\":{\"@id\":\"https:\/\/www.roovi.ro\/joc-turnul-instabil\/p\/#breadcrumb\"},\"inLanguage\":\"ro-RO\",\"potentialAction\":[{\"@type\":\"ReadAction\",\"target\":[\"https:\/\/www.roovi.ro\/joc-turnul-instabil\/p\/\"]}]},{\"@type\":\"BreadcrumbList\",\"@id\":\"https:\/\/www.roovi.ro\/joc-turnul-instabil\/p\/#breadcrumb\",\"itemListElement\":[{\"@type\":\"ListItem\",\"position\":1,\"name\":\"Home\",\"item\":\"https:\/\/business.roovi.com\/ro\/\"},{\"@type\":\"ListItem\",\"position\":2,\"name\":\"Magazin\",\"item\":\"https:\/\/business.roovi.com\/ro\/magazin\/\"},{\"@type\":\"ListItem\",\"position\":3,\"name\":\"Turnul instabil, cu piese din lemn &#8211; Joc de \u00eendem\u00e2nare\"}]},{\"@type\":\"WebSite\",\"@id\":\"https:\/\/business.roovi.com\/ro\/#website\",\"url\":\"https:\/\/business.roovi.com\/ro\/\",\"name\":\"Roovi B2B\",\"description\":\"Roovi Business Website\",\"potentialAction\":[{\"@type\":\"SearchAction\",\"target\":{\"@type\":\"EntryPoint\",\"urlTemplate\":\"https:\/\/business.roovi.com\/ro\/?s={search_term_string}\"},\"query-input\":\"required name=search_term_string\"}],\"inLanguage\":\"ro-RO\"}]}<\/script>\n<!-- \/ Yoast SEO plugin. -->","yoast_head_json":{"title":"Turnul instabil, cu piese din lemn - Joc de \u00eendem\u00e2nare - Roovi B2B","robots":{"index":"index","follow":"follow","max-snippet":"max-snippet:-1","max-image-preview":"max-image-preview:large","max-video-preview":"max-video-preview:-1"},"canonical":"https:\/\/www.roovi.ro\/joc-turnul-instabil\/p\/","og_locale":"ro_RO","og_type":"article","og_title":"Turnul instabil, cu piese din lemn - Joc de \u00eendem\u00e2nare - Roovi B2B","og_description":"Ce este gravita\u021bia? Ce este un centru de greutate \u0219i de ce se pr\u0103bu\u0219e\u0219te turnul? Dar echilibrul ce este? Doar","og_url":"https:\/\/www.roovi.ro\/joc-turnul-instabil\/p\/","og_site_name":"Roovi B2B","article_publisher":"https:\/\/www.facebook.com\/wwwjucariero","article_modified_time":"2025-03-13T06:34:27+00:00","og_image":[{"width":1200,"height":1200,"url":"https:\/\/business.roovi.com\/wp-content\/uploads\/2018\/04\/turnul_instabil_classic_front.jpg","type":"image\/jpeg"}],"twitter_misc":{"Timp estimat pentru citire":"2 minute"},"schema":{"@context":"https:\/\/schema.org","@graph":[{"@type":"WebPage","@id":"https:\/\/business.roovi.com\/ro\/joc-turnul-instabil\/p\/","url":"https:\/\/www.roovi.ro\/joc-turnul-instabil\/p\/","name":"Turnul instabil, cu piese din lemn - Joc de \u00eendem\u00e2nare - Roovi B2B","isPartOf":{"@id":"https:\/\/business.roovi.com\/ro\/#website"},"datePublished":"2018-04-16T10:56:07+00:00","dateModified":"2025-03-13T06:34:27+00:00","breadcrumb":{"@id":"https:\/\/www.roovi.ro\/joc-turnul-instabil\/p\/#breadcrumb"},"inLanguage":"ro-RO","potentialAction":[{"@type":"ReadAction","target":["https:\/\/www.roovi.ro\/joc-turnul-instabil\/p\/"]}]},{"@type":"BreadcrumbList","@id":"https:\/\/www.roovi.ro\/joc-turnul-instabil\/p\/#breadcrumb","itemListElement":[{"@type":"ListItem","position":1,"name":"Home","item":"https:\/\/business.roovi.com\/ro\/"},{"@type":"ListItem","position":2,"name":"Magazin","item":"https:\/\/business.roovi.com\/ro\/magazin\/"},{"@type":"ListItem","position":3,"name":"Turnul instabil, cu piese din lemn &#8211; Joc de \u00eendem\u00e2nare"}]},{"@type":"WebSite","@id":"https:\/\/business.roovi.com\/ro\/#website","url":"https:\/\/business.roovi.com\/ro\/","name":"Roovi B2B","description":"Roovi Business Website","potentialAction":[{"@type":"SearchAction","target":{"@type":"EntryPoint","urlTemplate":"https:\/\/business.roovi.com\/ro\/?s={search_term_string}"},"query-input":"required name=search_term_string"}],"inLanguage":"ro-RO"}]}},"_links":{"self":[{"href":"https:\/\/business.roovi.com\/ro\/wp-json\/wp\/v2\/product\/12063","targetHints":{"allow":["GET"]}}],"collection":[{"href":"https:\/\/business.roovi.com\/ro\/wp-json\/wp\/v2\/product"}],"about":[{"href":"https:\/\/business.roovi.com\/ro\/wp-json\/wp\/v2\/types\/product"}],"version-history":[{"count":0,"href":"https:\/\/business.roovi.com\/ro\/wp-json\/wp\/v2\/product\/12063\/revisions"}],"wp:featuredmedia":[{"embeddable":true,"href":"https:\/\/business.roovi.com\/ro\/wp-json\/wp\/v2\/media\/12059"}],"wp:attachment":[{"href":"https:\/\/business.roovi.com\/ro\/wp-json\/wp\/v2\/media?parent=12063"}],"wp:term":[{"taxonomy":"product_brand","embeddable":true,"href":"https:\/\/business.roovi.com\/ro\/wp-json\/wp\/v2\/product_brand?post=12063"},{"taxonomy":"product_cat","embeddable":true,"href":"https:\/\/business.roovi.com\/ro\/wp-json\/wp\/v2\/product_cat?post=12063"},{"taxonomy":"product_tag","embeddable":true,"href":"https:\/\/business.roovi.com\/ro\/wp-json\/wp\/v2\/product_tag?post=12063"}],"curies":[{"name":"wp","href":"https:\/\/api.w.org\/{rel}","templated":true}]}}