{"id":12466,"date":"2018-04-16T10:56:07","date_gmt":"2018-04-16T10:56:07","guid":{"rendered":"https:\/\/business.roovi.com\/product\/tolo-primii-prieteni-bebelus\/"},"modified":"2022-11-21T22:24:38","modified_gmt":"2022-11-21T22:24:38","slug":"tolo-primii-prieteni-bebelus","status":"publish","type":"product","link":"https:\/\/business.roovi.com\/ro\/tolo-primii-prieteni-bebelus\/p\/","title":{"rendered":"Juc\u0103rie bebelu\u0219 \u00een leag\u0103n -Tolo &#8211; Juc\u0103rie bebe"},"content":{"rendered":"<p>Familia primii prieteni se completeaz\u0103 cu acest nou n\u0103scut dr\u0103gu\u021b! Capul, picioarele \u0219i bra\u021bele sunt mobile, fac click c\u00e2nd le mi\u0219ti. Bebelu\u0219ul \u0219i leag\u0103nul pot fi mutate \u00een diferite pozi\u021bii. Juc\u0103riile de colec\u021bie primii prieteni dezvolt\u0103 percep\u021bia coloristic\u0103, sensibilitatea auditiv\u0103 \u0219i sim\u021bul tactil, precum \u0219i fantezia prin jocurile imaginative.<\/p>\n","protected":false},"excerpt":{"rendered":"<p>Familia primii prieteni se completeaz\u0103 cu acest nou n\u0103scut dr\u0103gu\u021b! Capul, picioarele \u0219i bra\u021bele sunt mobile, fac click c\u00e2nd le<\/p>\n","protected":false},"featured_media":12464,"template":"","meta":[],"product_brand":[],"product_cat":[1553,1499,1479],"product_tag":[],"class_list":{"0":"post-12466","1":"product","2":"type-product","3":"status-publish","4":"has-post-thumbnail","6":"product_cat-figurine-pentru-bebelusi","7":"product_cat-jucarii-pentru-bebelusi","8":"product_cat-mai-multe-categorii","9":"pa_bax-1276","10":"pa_brand-tolo","11":"pa_filter_age-0_3","12":"pa_filter_age-3_5","13":"pa_tip_ambalaj-cutie","15":"first","16":"instock","17":"taxable","18":"shipping-taxable","19":"product-type-simple"},"yoast_head":"<!-- This site is optimized with the Yoast SEO plugin v20.1 - https:\/\/yoast.com\/wordpress\/plugins\/seo\/ -->\n<title>Juc\u0103rie bebelu\u0219 \u00een leag\u0103n -Tolo - Juc\u0103rie bebe - Roovi B2B<\/title>\n<meta name=\"robots\" content=\"index, follow, max-snippet:-1, max-image-preview:large, max-video-preview:-1\" \/>\n<link rel=\"canonical\" href=\"https:\/\/www.roovi.ro\/tolo-primii-prieteni-bebelus\/p\/\" \/>\n<meta property=\"og:locale\" content=\"ro_RO\" \/>\n<meta property=\"og:type\" content=\"article\" \/>\n<meta property=\"og:title\" content=\"Juc\u0103rie bebelu\u0219 \u00een leag\u0103n -Tolo - Juc\u0103rie bebe - Roovi B2B\" \/>\n<meta property=\"og:description\" content=\"Familia primii prieteni se completeaz\u0103 cu acest nou n\u0103scut dr\u0103gu\u021b! Capul, picioarele \u0219i bra\u021bele sunt mobile, fac click c\u00e2nd le\" \/>\n<meta property=\"og:url\" content=\"https:\/\/www.roovi.ro\/tolo-primii-prieteni-bebelus\/p\/\" \/>\n<meta property=\"og:site_name\" content=\"Roovi B2B\" \/>\n<meta property=\"article:publisher\" content=\"https:\/\/www.facebook.com\/wwwjucariero\" \/>\n<meta property=\"article:modified_time\" content=\"2022-11-21T22:24:38+00:00\" \/>\n<meta property=\"og:image\" content=\"https:\/\/business.roovi.com\/wp-content\/uploads\/2018\/04\/89618.jpg\" \/>\n\t<meta property=\"og:image:width\" content=\"700\" \/>\n\t<meta property=\"og:image:height\" content=\"514\" \/>\n\t<meta property=\"og:image:type\" content=\"image\/jpeg\" \/>\n<script type=\"application\/ld+json\" class=\"yoast-schema-graph\">{\"@context\":\"https:\/\/schema.org\",\"@graph\":[{\"@type\":\"WebPage\",\"@id\":\"https:\/\/business.roovi.com\/ro\/tolo-primii-prieteni-bebelus\/p\/\",\"url\":\"https:\/\/www.roovi.ro\/tolo-primii-prieteni-bebelus\/p\/\",\"name\":\"Juc\u0103rie bebelu\u0219 \u00een leag\u0103n -Tolo - Juc\u0103rie bebe - Roovi B2B\",\"isPartOf\":{\"@id\":\"https:\/\/business.roovi.com\/ro\/#website\"},\"datePublished\":\"2018-04-16T10:56:07+00:00\",\"dateModified\":\"2022-11-21T22:24:38+00:00\",\"breadcrumb\":{\"@id\":\"https:\/\/www.roovi.ro\/tolo-primii-prieteni-bebelus\/p\/#breadcrumb\"},\"inLanguage\":\"ro-RO\",\"potentialAction\":[{\"@type\":\"ReadAction\",\"target\":[\"https:\/\/www.roovi.ro\/tolo-primii-prieteni-bebelus\/p\/\"]}]},{\"@type\":\"BreadcrumbList\",\"@id\":\"https:\/\/www.roovi.ro\/tolo-primii-prieteni-bebelus\/p\/#breadcrumb\",\"itemListElement\":[{\"@type\":\"ListItem\",\"position\":1,\"name\":\"Home\",\"item\":\"https:\/\/business.roovi.com\/ro\/\"},{\"@type\":\"ListItem\",\"position\":2,\"name\":\"Magazin\",\"item\":\"https:\/\/business.roovi.com\/ro\/magazin\/\"},{\"@type\":\"ListItem\",\"position\":3,\"name\":\"Juc\u0103rie bebelu\u0219 \u00een leag\u0103n -Tolo &#8211; Juc\u0103rie bebe\"}]},{\"@type\":\"WebSite\",\"@id\":\"https:\/\/business.roovi.com\/ro\/#website\",\"url\":\"https:\/\/business.roovi.com\/ro\/\",\"name\":\"Roovi B2B\",\"description\":\"Roovi Business Website\",\"potentialAction\":[{\"@type\":\"SearchAction\",\"target\":{\"@type\":\"EntryPoint\",\"urlTemplate\":\"https:\/\/business.roovi.com\/ro\/?s={search_term_string}\"},\"query-input\":\"required name=search_term_string\"}],\"inLanguage\":\"ro-RO\"}]}<\/script>\n<!-- \/ Yoast SEO plugin. -->","yoast_head_json":{"title":"Juc\u0103rie bebelu\u0219 \u00een leag\u0103n -Tolo - Juc\u0103rie bebe - Roovi B2B","robots":{"index":"index","follow":"follow","max-snippet":"max-snippet:-1","max-image-preview":"max-image-preview:large","max-video-preview":"max-video-preview:-1"},"canonical":"https:\/\/www.roovi.ro\/tolo-primii-prieteni-bebelus\/p\/","og_locale":"ro_RO","og_type":"article","og_title":"Juc\u0103rie bebelu\u0219 \u00een leag\u0103n -Tolo - Juc\u0103rie bebe - Roovi B2B","og_description":"Familia primii prieteni se completeaz\u0103 cu acest nou n\u0103scut dr\u0103gu\u021b! Capul, picioarele \u0219i bra\u021bele sunt mobile, fac click c\u00e2nd le","og_url":"https:\/\/www.roovi.ro\/tolo-primii-prieteni-bebelus\/p\/","og_site_name":"Roovi B2B","article_publisher":"https:\/\/www.facebook.com\/wwwjucariero","article_modified_time":"2022-11-21T22:24:38+00:00","og_image":[{"width":700,"height":514,"url":"https:\/\/business.roovi.com\/wp-content\/uploads\/2018\/04\/89618.jpg","type":"image\/jpeg"}],"schema":{"@context":"https:\/\/schema.org","@graph":[{"@type":"WebPage","@id":"https:\/\/business.roovi.com\/ro\/tolo-primii-prieteni-bebelus\/p\/","url":"https:\/\/www.roovi.ro\/tolo-primii-prieteni-bebelus\/p\/","name":"Juc\u0103rie bebelu\u0219 \u00een leag\u0103n -Tolo - Juc\u0103rie bebe - Roovi B2B","isPartOf":{"@id":"https:\/\/business.roovi.com\/ro\/#website"},"datePublished":"2018-04-16T10:56:07+00:00","dateModified":"2022-11-21T22:24:38+00:00","breadcrumb":{"@id":"https:\/\/www.roovi.ro\/tolo-primii-prieteni-bebelus\/p\/#breadcrumb"},"inLanguage":"ro-RO","potentialAction":[{"@type":"ReadAction","target":["https:\/\/www.roovi.ro\/tolo-primii-prieteni-bebelus\/p\/"]}]},{"@type":"BreadcrumbList","@id":"https:\/\/www.roovi.ro\/tolo-primii-prieteni-bebelus\/p\/#breadcrumb","itemListElement":[{"@type":"ListItem","position":1,"name":"Home","item":"https:\/\/business.roovi.com\/ro\/"},{"@type":"ListItem","position":2,"name":"Magazin","item":"https:\/\/business.roovi.com\/ro\/magazin\/"},{"@type":"ListItem","position":3,"name":"Juc\u0103rie bebelu\u0219 \u00een leag\u0103n -Tolo &#8211; Juc\u0103rie bebe"}]},{"@type":"WebSite","@id":"https:\/\/business.roovi.com\/ro\/#website","url":"https:\/\/business.roovi.com\/ro\/","name":"Roovi B2B","description":"Roovi Business Website","potentialAction":[{"@type":"SearchAction","target":{"@type":"EntryPoint","urlTemplate":"https:\/\/business.roovi.com\/ro\/?s={search_term_string}"},"query-input":"required name=search_term_string"}],"inLanguage":"ro-RO"}]}},"_links":{"self":[{"href":"https:\/\/business.roovi.com\/ro\/wp-json\/wp\/v2\/product\/12466","targetHints":{"allow":["GET"]}}],"collection":[{"href":"https:\/\/business.roovi.com\/ro\/wp-json\/wp\/v2\/product"}],"about":[{"href":"https:\/\/business.roovi.com\/ro\/wp-json\/wp\/v2\/types\/product"}],"version-history":[{"count":0,"href":"https:\/\/business.roovi.com\/ro\/wp-json\/wp\/v2\/product\/12466\/revisions"}],"wp:featuredmedia":[{"embeddable":true,"href":"https:\/\/business.roovi.com\/ro\/wp-json\/wp\/v2\/media\/12464"}],"wp:attachment":[{"href":"https:\/\/business.roovi.com\/ro\/wp-json\/wp\/v2\/media?parent=12466"}],"wp:term":[{"taxonomy":"product_brand","embeddable":true,"href":"https:\/\/business.roovi.com\/ro\/wp-json\/wp\/v2\/product_brand?post=12466"},{"taxonomy":"product_cat","embeddable":true,"href":"https:\/\/business.roovi.com\/ro\/wp-json\/wp\/v2\/product_cat?post=12466"},{"taxonomy":"product_tag","embeddable":true,"href":"https:\/\/business.roovi.com\/ro\/wp-json\/wp\/v2\/product_tag?post=12466"}],"curies":[{"name":"wp","href":"https:\/\/api.w.org\/{rel}","templated":true}]}}