{"id":12907,"date":"2018-04-16T10:56:08","date_gmt":"2018-04-16T10:56:08","guid":{"rendered":"https:\/\/business.roovi.com\/product\/joc-buggy-boogie\/"},"modified":"2025-03-11T09:59:12","modified_gmt":"2025-03-11T09:59:12","slug":"joc-buggy-boogie","status":"publish","type":"product","link":"https:\/\/business.roovi.com\/ro\/joc-buggy-boogie\/p\/","title":{"rendered":"Joc Buggy Boogie &#8211; Joc interactiv de \u00eenv\u0103\u021bat opera\u021bii matematice simple"},"content":{"rendered":"<p>Buburuza, albinu\u021ba, viermele \u0219i g\u00e2nd\u0103celul se amuz\u0103 de minune cu jocul Buggy Boogie! V\u0103 ajut\u0103 acum s\u0103 \u00eenv\u0103\u021ba\u021bi matematica \u00een mod juc\u0103u\u0219. Pe c\u0103r\u021bile de joc se v\u0103d imagini incomplete ale diferitelor insecte. Efectua\u021bi opera\u021bii matematice de baz\u0103 \u0219i a\u0219eza\u021bi c\u0103r\u021bile pe mas\u0103 la locurile potrivite! Ave\u021bi grij\u0103 ca imaginile s\u0103 fie compuse corect conform celor dou\u0103 criterii ale jocului Buggy Boogie: regula numerelor \u0219i regula a insectelor!<\/p>\n<p>Dac\u0103 face\u021bi calcule corecte, ve\u021bi fi r\u0103spl\u0103ti\u021bi cu jetoane cu insecte simpatice. Juc\u0103torul care va juca cel mai iste\u021b, astfel colec\u021bion\u00e2nd cele mai multe jetoane, va c\u00e2\u0219tiga! Antrena\u021bi-v\u0103 mintea \u0219i distrac\u021bi-v\u0103 cu acest joc de societate \u201dMateMagic\u201d! Jocul Buggy Boogie con\u021bine: 36 cartona\u0219e de joc, 36 jetoane de joc cu insecte, 1 zar, regulament de joc. Se recomand\u0103 copiilor cu v\u00e2rsta peste 6 ani. Pentru 2-6 juc\u0103tori.<\/p>\n","protected":false},"excerpt":{"rendered":"<p>Buburuza, albinu\u021ba, viermele \u0219i g\u00e2nd\u0103celul se amuz\u0103 de minune cu jocul Buggy Boogie! V\u0103 ajut\u0103 acum s\u0103 \u00eenv\u0103\u021ba\u021bi matematica \u00een<\/p>\n","protected":false},"featured_media":12903,"template":"","meta":[],"product_brand":[],"product_cat":[1467,1508],"product_tag":[],"class_list":{"0":"post-12907","1":"product","2":"type-product","3":"status-publish","4":"has-post-thumbnail","6":"product_cat-jocuri-de-societate","7":"product_cat-jocuri-educative-si-tip-quiz","8":"pa_bax-1273","9":"pa_brand-d_toys","10":"pa_country_of_manufacture-ro","11":"pa_filter_age-5_7","12":"pa_filter_age-7_9","13":"pa_filter_age-9_14","14":"pa_tip_ambalaj-cutie","16":"first","17":"instock","18":"taxable","19":"shipping-taxable","20":"product-type-simple"},"yoast_head":"<!-- This site is optimized with the Yoast SEO plugin v20.1 - https:\/\/yoast.com\/wordpress\/plugins\/seo\/ -->\n<title>Joc Buggy Boogie - Joc interactiv de \u00eenv\u0103\u021bat opera\u021bii matematice simple - Roovi B2B<\/title>\n<meta name=\"robots\" content=\"index, follow, max-snippet:-1, max-image-preview:large, max-video-preview:-1\" \/>\n<link rel=\"canonical\" href=\"https:\/\/www.roovi.ro\/joc-buggy-boogie\/p\/\" \/>\n<meta property=\"og:locale\" content=\"ro_RO\" \/>\n<meta property=\"og:type\" content=\"article\" \/>\n<meta property=\"og:title\" content=\"Joc Buggy Boogie - Joc interactiv de \u00eenv\u0103\u021bat opera\u021bii matematice simple - Roovi B2B\" \/>\n<meta property=\"og:description\" content=\"Buburuza, albinu\u021ba, viermele \u0219i g\u00e2nd\u0103celul se amuz\u0103 de minune cu jocul Buggy Boogie! V\u0103 ajut\u0103 acum s\u0103 \u00eenv\u0103\u021ba\u021bi matematica \u00een\" \/>\n<meta property=\"og:url\" content=\"https:\/\/www.roovi.ro\/joc-buggy-boogie\/p\/\" \/>\n<meta property=\"og:site_name\" content=\"Roovi B2B\" \/>\n<meta property=\"article:publisher\" content=\"https:\/\/www.facebook.com\/wwwjucariero\" \/>\n<meta property=\"article:modified_time\" content=\"2025-03-11T09:59:12+00:00\" \/>\n<meta property=\"og:image\" content=\"https:\/\/business.roovi.com\/wp-content\/uploads\/2018\/04\/71187_elo_1.jpg\" \/>\n\t<meta property=\"og:image:width\" content=\"1200\" \/>\n\t<meta property=\"og:image:height\" content=\"1200\" \/>\n\t<meta property=\"og:image:type\" content=\"image\/jpeg\" \/>\n<meta name=\"twitter:label1\" content=\"Timp estimat pentru citire\" \/>\n\t<meta name=\"twitter:data1\" content=\"1 minut\" \/>\n<script type=\"application\/ld+json\" class=\"yoast-schema-graph\">{\"@context\":\"https:\/\/schema.org\",\"@graph\":[{\"@type\":\"WebPage\",\"@id\":\"https:\/\/business.roovi.com\/ro\/joc-buggy-boogie\/p\/\",\"url\":\"https:\/\/www.roovi.ro\/joc-buggy-boogie\/p\/\",\"name\":\"Joc Buggy Boogie - Joc interactiv de \u00eenv\u0103\u021bat opera\u021bii matematice simple - Roovi B2B\",\"isPartOf\":{\"@id\":\"https:\/\/business.roovi.com\/ro\/#website\"},\"datePublished\":\"2018-04-16T10:56:08+00:00\",\"dateModified\":\"2025-03-11T09:59:12+00:00\",\"breadcrumb\":{\"@id\":\"https:\/\/www.roovi.ro\/joc-buggy-boogie\/p\/#breadcrumb\"},\"inLanguage\":\"ro-RO\",\"potentialAction\":[{\"@type\":\"ReadAction\",\"target\":[\"https:\/\/www.roovi.ro\/joc-buggy-boogie\/p\/\"]}]},{\"@type\":\"BreadcrumbList\",\"@id\":\"https:\/\/www.roovi.ro\/joc-buggy-boogie\/p\/#breadcrumb\",\"itemListElement\":[{\"@type\":\"ListItem\",\"position\":1,\"name\":\"Home\",\"item\":\"https:\/\/business.roovi.com\/ro\/\"},{\"@type\":\"ListItem\",\"position\":2,\"name\":\"Magazin\",\"item\":\"https:\/\/business.roovi.com\/ro\/magazin\/\"},{\"@type\":\"ListItem\",\"position\":3,\"name\":\"Joc Buggy Boogie &#8211; Joc interactiv de \u00eenv\u0103\u021bat opera\u021bii matematice simple\"}]},{\"@type\":\"WebSite\",\"@id\":\"https:\/\/business.roovi.com\/ro\/#website\",\"url\":\"https:\/\/business.roovi.com\/ro\/\",\"name\":\"Roovi B2B\",\"description\":\"Roovi Business Website\",\"potentialAction\":[{\"@type\":\"SearchAction\",\"target\":{\"@type\":\"EntryPoint\",\"urlTemplate\":\"https:\/\/business.roovi.com\/ro\/?s={search_term_string}\"},\"query-input\":\"required name=search_term_string\"}],\"inLanguage\":\"ro-RO\"}]}<\/script>\n<!-- \/ Yoast SEO plugin. -->","yoast_head_json":{"title":"Joc Buggy Boogie - Joc interactiv de \u00eenv\u0103\u021bat opera\u021bii matematice simple - Roovi B2B","robots":{"index":"index","follow":"follow","max-snippet":"max-snippet:-1","max-image-preview":"max-image-preview:large","max-video-preview":"max-video-preview:-1"},"canonical":"https:\/\/www.roovi.ro\/joc-buggy-boogie\/p\/","og_locale":"ro_RO","og_type":"article","og_title":"Joc Buggy Boogie - Joc interactiv de \u00eenv\u0103\u021bat opera\u021bii matematice simple - Roovi B2B","og_description":"Buburuza, albinu\u021ba, viermele \u0219i g\u00e2nd\u0103celul se amuz\u0103 de minune cu jocul Buggy Boogie! V\u0103 ajut\u0103 acum s\u0103 \u00eenv\u0103\u021ba\u021bi matematica \u00een","og_url":"https:\/\/www.roovi.ro\/joc-buggy-boogie\/p\/","og_site_name":"Roovi B2B","article_publisher":"https:\/\/www.facebook.com\/wwwjucariero","article_modified_time":"2025-03-11T09:59:12+00:00","og_image":[{"width":1200,"height":1200,"url":"https:\/\/business.roovi.com\/wp-content\/uploads\/2018\/04\/71187_elo_1.jpg","type":"image\/jpeg"}],"twitter_misc":{"Timp estimat pentru citire":"1 minut"},"schema":{"@context":"https:\/\/schema.org","@graph":[{"@type":"WebPage","@id":"https:\/\/business.roovi.com\/ro\/joc-buggy-boogie\/p\/","url":"https:\/\/www.roovi.ro\/joc-buggy-boogie\/p\/","name":"Joc Buggy Boogie - Joc interactiv de \u00eenv\u0103\u021bat opera\u021bii matematice simple - Roovi B2B","isPartOf":{"@id":"https:\/\/business.roovi.com\/ro\/#website"},"datePublished":"2018-04-16T10:56:08+00:00","dateModified":"2025-03-11T09:59:12+00:00","breadcrumb":{"@id":"https:\/\/www.roovi.ro\/joc-buggy-boogie\/p\/#breadcrumb"},"inLanguage":"ro-RO","potentialAction":[{"@type":"ReadAction","target":["https:\/\/www.roovi.ro\/joc-buggy-boogie\/p\/"]}]},{"@type":"BreadcrumbList","@id":"https:\/\/www.roovi.ro\/joc-buggy-boogie\/p\/#breadcrumb","itemListElement":[{"@type":"ListItem","position":1,"name":"Home","item":"https:\/\/business.roovi.com\/ro\/"},{"@type":"ListItem","position":2,"name":"Magazin","item":"https:\/\/business.roovi.com\/ro\/magazin\/"},{"@type":"ListItem","position":3,"name":"Joc Buggy Boogie &#8211; Joc interactiv de \u00eenv\u0103\u021bat opera\u021bii matematice simple"}]},{"@type":"WebSite","@id":"https:\/\/business.roovi.com\/ro\/#website","url":"https:\/\/business.roovi.com\/ro\/","name":"Roovi B2B","description":"Roovi Business Website","potentialAction":[{"@type":"SearchAction","target":{"@type":"EntryPoint","urlTemplate":"https:\/\/business.roovi.com\/ro\/?s={search_term_string}"},"query-input":"required name=search_term_string"}],"inLanguage":"ro-RO"}]}},"_links":{"self":[{"href":"https:\/\/business.roovi.com\/ro\/wp-json\/wp\/v2\/product\/12907","targetHints":{"allow":["GET"]}}],"collection":[{"href":"https:\/\/business.roovi.com\/ro\/wp-json\/wp\/v2\/product"}],"about":[{"href":"https:\/\/business.roovi.com\/ro\/wp-json\/wp\/v2\/types\/product"}],"version-history":[{"count":0,"href":"https:\/\/business.roovi.com\/ro\/wp-json\/wp\/v2\/product\/12907\/revisions"}],"wp:featuredmedia":[{"embeddable":true,"href":"https:\/\/business.roovi.com\/ro\/wp-json\/wp\/v2\/media\/12903"}],"wp:attachment":[{"href":"https:\/\/business.roovi.com\/ro\/wp-json\/wp\/v2\/media?parent=12907"}],"wp:term":[{"taxonomy":"product_brand","embeddable":true,"href":"https:\/\/business.roovi.com\/ro\/wp-json\/wp\/v2\/product_brand?post=12907"},{"taxonomy":"product_cat","embeddable":true,"href":"https:\/\/business.roovi.com\/ro\/wp-json\/wp\/v2\/product_cat?post=12907"},{"taxonomy":"product_tag","embeddable":true,"href":"https:\/\/business.roovi.com\/ro\/wp-json\/wp\/v2\/product_tag?post=12907"}],"curies":[{"name":"wp","href":"https:\/\/api.w.org\/{rel}","templated":true}]}}