{"id":12987,"date":"2018-04-16T10:56:08","date_gmt":"2018-04-16T10:56:08","guid":{"rendered":"https:\/\/business.roovi.com\/product\/joc-nickelodeon-teenage-mutant-ninja-turtles\/"},"modified":"2023-03-14T07:28:58","modified_gmt":"2023-03-14T07:28:58","slug":"joc-nickelodeon-teenage-mutant-ninja-turtles","status":"publish","type":"product","link":"https:\/\/business.roovi.com\/ro\/joc-nickelodeon-teenage-mutant-ninja-turtles\/p\/","title":{"rendered":"Teenage Mutant Ninja Turtles &#8211; Joc de societate cu \u021aestoasele Ninja"},"content":{"rendered":"<h3><span style=\"font-weight: 400;\">Breaking news: \u021aestoasele Ninja \u0219i-au pierdut armele! Fii tu eroul care le ajut\u0103 s\u0103 le recupereze \u0219i tr\u0103ie\u0219te o aventur\u0103 fabuloas\u0103 printr-un joc de societate incitant \u0219i super amuzant.<\/span><\/h3>\n<p><span style=\"font-weight: 400;\">\u021aestoasele Ninja ies din carapace \u0219i pornesc \u00eentr-o curs\u0103 nebun\u0103 pe tabla de joc din Teenage Mutant Ninja Turtles. Descoper\u0103 un joc de societate interactiv \u00een care strategia \u0219i aventura se \u00eempletesc \u00eentr-o distrac\u021bie memorabil\u0103.\u00a0<\/span><\/p>\n<p><iframe loading=\"lazy\" title=\"Teenage Mutant Ninja Turtles\" width=\"500\" height=\"281\" src=\"https:\/\/www.youtube.com\/embed\/-xuwi5aCpWs?feature=oembed\" frameborder=\"0\" allow=\"accelerometer; autoplay; clipboard-write; encrypted-media; gyroscope; picture-in-picture; web-share\" referrerpolicy=\"strict-origin-when-cross-origin\" allowfullscreen><\/iframe><\/p>\n<p><span style=\"font-weight: 400;\">S\u0103 \u00eentre\u021bii atmosfera unei petreceri este o sarcin\u0103 dificil\u0103 uneori. Cu \u021aestoasele Ninja distrac\u021bia este garantat\u0103. Jocul <\/span><span style=\"font-weight: 400;\">Teenage Mutant Ninja Turtles este dinamic \u0219i interactiv, preferat de copiii mici \u0219i mari deopotriv\u0103 datorit\u0103 personajelor adorabile care \u00eei poart\u0103 \u00een aventuri de neuitat.\u00a0<\/span><\/p>\n<p><span style=\"font-weight: 400;\">Leonardo, Michelangelo, Donatello sau Raphael\u2026 Cu care alegi s\u0103 porne\u0219ti la drum? Odat\u0103 ce te-ai decis, arunc\u0103 zarurile \u0219i d\u0103 startul distrac\u021biei! Fere\u0219te-te \u00eens\u0103 de clanul Foot care \u00ee\u021bi va pune capcane pe tot traseul.<\/span><\/p>\n<p><span style=\"font-weight: 400;\">Exploreaz\u0103 subteranul New York-ului, recupereaz\u0103 armele \u021bestoaselor \u0219i colecteaz\u0103 2 felii de pizza \u0219i c\u00e2\u0219tig\u0103 jocul de fiecare dat\u0103.<\/span><\/p>\n<h3><span style=\"font-weight: 400;\">Despre jocul de societate <\/span><span style=\"font-weight: 400;\">Teenage Mutant Ninja Turtles \u0219tiai c\u0103\u2026<\/span><\/h3>\n<ul>\n<li style=\"font-weight: 400;\"><span style=\"font-weight: 400;\">Dezvolt\u0103 creativitatea copiilor care g\u0103sesc strategii ingenioase \u00een \u00eencercarea de a c\u00e2\u0219tiga jocul de fiecare dat\u0103.<\/span><\/li>\n<li style=\"font-weight: 400;\"><span style=\"font-weight: 400;\">Este un exerci\u021biu uimitor de concentrare pe o sarcin\u0103 precis\u0103, care \u00ee\u0219i extinde efectele benefice \u0219i \u00een alte activit\u0103\u021bi din via\u021ba de zi cu zi.<\/span><\/li>\n<li style=\"font-weight: 400;\"><span style=\"font-weight: 400;\">Spore\u0219te aten\u021bia, perseveren\u021ba \u0219i promoveaz\u0103 g\u00e2ndirea strategic\u0103.<\/span><\/li>\n<li style=\"font-weight: 400;\"><span style=\"font-weight: 400;\">\u00cei \u00eenva\u021b\u0103 pe cei mici s\u0103 planifice \u00eendelung \u0219i s\u0103 ac\u021bioneze doar dup\u0103 ce au analizat bine situa\u021bia de ansamblu.<\/span><\/li>\n<li style=\"font-weight: 400;\"><span style=\"font-weight: 400;\">\u00cel ajut\u0103 pe copil s\u0103 g\u00e2ndeasc\u0103 cu c\u00e2\u021biva pa\u0219i \u00eenaintea adversarului \u0219i s\u0103 intuiasc\u0103 mi\u0219c\u0103rile acestuia pentru a-\u0219i atinge propriile obiective.<\/span><\/li>\n<li style=\"font-weight: 400;\"><span style=\"font-weight: 400;\">Este deconectant, \u00eei \u021bine pe copii departe de ecrane \u0219i le ofer\u0103 o relaxare profund\u0103 \u0219i o stare de optimism.<\/span><\/li>\n<\/ul>\n<h3><span style=\"font-weight: 400;\">De ce s\u0103 alegi un joc de societate cu \u021aestoasele Ninja<\/span><\/h3>\n<p><span style=\"font-weight: 400;\">Este super distractiv \u0219i creeaz\u0103 conexiuni puternice \u00eentre participan\u021bi.<\/span><\/p>\n<p><span style=\"font-weight: 400;\">Pionii de joc sunt figurine cu simpaticele \u021bestoase ninja \u00een miniatur\u0103, redate \u00eentr-o form\u0103 foarte realist\u0103, pe placul copiilor, devenind repede partenerii prefera\u021bi de joac\u0103.\u00a0<\/span><\/p>\n<p><span style=\"font-weight: 400;\">Tabla de joc, precum \u0219i toate componentele jocului sunt realizate din materiale de calitate superioar\u0103, foarte rezistente la ore nenum\u0103rate de joc \u0219i veselie.<\/span><\/p>\n<p><span style=\"font-weight: 400;\">Jocul de societate este o alternativ\u0103 dinamic\u0103 \u0219i foarte relaxant\u0103 la jocurile digitale care \u00eei obosesc pe copii.<\/span><\/p>\n<p><span style=\"font-weight: 400;\">Are o grafic\u0103 de excep\u021bie, cu ilustra\u021bii create cu aten\u021bie la fiecare detaliu \u0219i se preteaz\u0103 pentru a fi oferit \u00een dar cu diverse ocazii de s\u0103rb\u0103toare.<\/span><\/p>\n<p><b>Jocul con\u021bine:<\/b><\/p>\n<ul>\n<li><span style=\"font-weight: 400;\">4 x figurine de ac\u021biune cu \u021bestoasele ninja<\/span><\/li>\n<li><span style=\"font-weight: 400;\">30 x discuri pentru traseul gurilor de canal<\/span><\/li>\n<li><span style=\"font-weight: 400;\">4 x plan\u0219e cu \u021bestoasele ninja<\/span><\/li>\n<li><span style=\"font-weight: 400;\">1 x disc Dojo<\/span><\/li>\n<li><span style=\"font-weight: 400;\">2 x zaruri<\/span><\/li>\n<li><span style=\"font-weight: 400;\">Regulament de joc.<\/span><\/li>\n<\/ul>\n<p>&nbsp;<\/p>\n<p><span style=\"font-weight: 400;\">V\u00e2rsta recomandat\u0103: 6+<\/span><\/p>\n<p><span style=\"font-weight: 400;\">Juc\u0103tori: 2-4 persoane.<\/span><\/p>\n","protected":false},"excerpt":{"rendered":"<p>Breaking news: \u021aestoasele Ninja \u0219i-au pierdut armele! Fii tu eroul care le ajut\u0103 s\u0103 le recupereze \u0219i tr\u0103ie\u0219te o aventur\u0103<\/p>\n","protected":false},"featured_media":68789,"template":"","meta":[],"product_brand":[],"product_cat":[1467,1496],"product_tag":[],"class_list":{"0":"post-12987","1":"product","2":"type-product","3":"status-publish","4":"has-post-thumbnail","6":"product_cat-jocuri-de-societate","7":"product_cat-jocuri-party","8":"pa_brand-d_toys","9":"pa_country_of_manufacture-ro","10":"pa_filter_age-1315","11":"pa_filter_age-5_7","12":"pa_filter_age-7_9","13":"pa_filter_age-9_14","14":"pa_tip_ambalaj-cutie","16":"first","17":"instock","18":"taxable","19":"shipping-taxable","20":"product-type-simple"},"yoast_head":"<!-- This site is optimized with the Yoast SEO plugin v20.1 - https:\/\/yoast.com\/wordpress\/plugins\/seo\/ -->\n<title>Teenage Mutant Ninja Turtles - Joc de societate cu \u021aestoasele Ninja - Roovi B2B<\/title>\n<meta name=\"robots\" content=\"index, follow, max-snippet:-1, max-image-preview:large, max-video-preview:-1\" \/>\n<link rel=\"canonical\" href=\"https:\/\/www.roovi.ro\/joc-nickelodeon-teenage-mutant-ninja-turtles\/p\/\" \/>\n<meta property=\"og:locale\" content=\"ro_RO\" \/>\n<meta property=\"og:type\" content=\"article\" \/>\n<meta property=\"og:title\" content=\"Teenage Mutant Ninja Turtles - Joc de societate cu \u021aestoasele Ninja - Roovi B2B\" \/>\n<meta property=\"og:description\" content=\"Breaking news: \u021aestoasele Ninja \u0219i-au pierdut armele! Fii tu eroul care le ajut\u0103 s\u0103 le recupereze \u0219i tr\u0103ie\u0219te o aventur\u0103\" \/>\n<meta property=\"og:url\" content=\"https:\/\/www.roovi.ro\/joc-nickelodeon-teenage-mutant-ninja-turtles\/p\/\" \/>\n<meta property=\"og:site_name\" content=\"Roovi B2B\" \/>\n<meta property=\"article:publisher\" content=\"https:\/\/www.facebook.com\/wwwjucariero\" \/>\n<meta property=\"article:modified_time\" content=\"2023-03-14T07:28:58+00:00\" \/>\n<meta property=\"og:image\" content=\"https:\/\/business.roovi.com\/wp-content\/uploads\/2018\/04\/01.jpg\" \/>\n\t<meta property=\"og:image:width\" content=\"1200\" \/>\n\t<meta property=\"og:image:height\" content=\"1200\" \/>\n\t<meta property=\"og:image:type\" content=\"image\/jpeg\" \/>\n<meta name=\"twitter:label1\" content=\"Timp estimat pentru citire\" \/>\n\t<meta name=\"twitter:data1\" content=\"2 minute\" \/>\n<script type=\"application\/ld+json\" class=\"yoast-schema-graph\">{\"@context\":\"https:\/\/schema.org\",\"@graph\":[{\"@type\":\"WebPage\",\"@id\":\"https:\/\/business.roovi.com\/ro\/joc-nickelodeon-teenage-mutant-ninja-turtles\/p\/\",\"url\":\"https:\/\/www.roovi.ro\/joc-nickelodeon-teenage-mutant-ninja-turtles\/p\/\",\"name\":\"Teenage Mutant Ninja Turtles - Joc de societate cu \u021aestoasele Ninja - Roovi B2B\",\"isPartOf\":{\"@id\":\"https:\/\/business.roovi.com\/ro\/#website\"},\"datePublished\":\"2018-04-16T10:56:08+00:00\",\"dateModified\":\"2023-03-14T07:28:58+00:00\",\"breadcrumb\":{\"@id\":\"https:\/\/www.roovi.ro\/joc-nickelodeon-teenage-mutant-ninja-turtles\/p\/#breadcrumb\"},\"inLanguage\":\"ro-RO\",\"potentialAction\":[{\"@type\":\"ReadAction\",\"target\":[\"https:\/\/www.roovi.ro\/joc-nickelodeon-teenage-mutant-ninja-turtles\/p\/\"]}]},{\"@type\":\"BreadcrumbList\",\"@id\":\"https:\/\/www.roovi.ro\/joc-nickelodeon-teenage-mutant-ninja-turtles\/p\/#breadcrumb\",\"itemListElement\":[{\"@type\":\"ListItem\",\"position\":1,\"name\":\"Home\",\"item\":\"https:\/\/business.roovi.com\/ro\/\"},{\"@type\":\"ListItem\",\"position\":2,\"name\":\"Magazin\",\"item\":\"https:\/\/business.roovi.com\/ro\/magazin\/\"},{\"@type\":\"ListItem\",\"position\":3,\"name\":\"Teenage Mutant Ninja Turtles &#8211; Joc de societate cu \u021aestoasele Ninja\"}]},{\"@type\":\"WebSite\",\"@id\":\"https:\/\/business.roovi.com\/ro\/#website\",\"url\":\"https:\/\/business.roovi.com\/ro\/\",\"name\":\"Roovi B2B\",\"description\":\"Roovi Business Website\",\"potentialAction\":[{\"@type\":\"SearchAction\",\"target\":{\"@type\":\"EntryPoint\",\"urlTemplate\":\"https:\/\/business.roovi.com\/ro\/?s={search_term_string}\"},\"query-input\":\"required name=search_term_string\"}],\"inLanguage\":\"ro-RO\"}]}<\/script>\n<!-- \/ Yoast SEO plugin. -->","yoast_head_json":{"title":"Teenage Mutant Ninja Turtles - Joc de societate cu \u021aestoasele Ninja - Roovi B2B","robots":{"index":"index","follow":"follow","max-snippet":"max-snippet:-1","max-image-preview":"max-image-preview:large","max-video-preview":"max-video-preview:-1"},"canonical":"https:\/\/www.roovi.ro\/joc-nickelodeon-teenage-mutant-ninja-turtles\/p\/","og_locale":"ro_RO","og_type":"article","og_title":"Teenage Mutant Ninja Turtles - Joc de societate cu \u021aestoasele Ninja - Roovi B2B","og_description":"Breaking news: \u021aestoasele Ninja \u0219i-au pierdut armele! Fii tu eroul care le ajut\u0103 s\u0103 le recupereze \u0219i tr\u0103ie\u0219te o aventur\u0103","og_url":"https:\/\/www.roovi.ro\/joc-nickelodeon-teenage-mutant-ninja-turtles\/p\/","og_site_name":"Roovi B2B","article_publisher":"https:\/\/www.facebook.com\/wwwjucariero","article_modified_time":"2023-03-14T07:28:58+00:00","og_image":[{"width":1200,"height":1200,"url":"https:\/\/business.roovi.com\/wp-content\/uploads\/2018\/04\/01.jpg","type":"image\/jpeg"}],"twitter_misc":{"Timp estimat pentru citire":"2 minute"},"schema":{"@context":"https:\/\/schema.org","@graph":[{"@type":"WebPage","@id":"https:\/\/business.roovi.com\/ro\/joc-nickelodeon-teenage-mutant-ninja-turtles\/p\/","url":"https:\/\/www.roovi.ro\/joc-nickelodeon-teenage-mutant-ninja-turtles\/p\/","name":"Teenage Mutant Ninja Turtles - Joc de societate cu \u021aestoasele Ninja - Roovi B2B","isPartOf":{"@id":"https:\/\/business.roovi.com\/ro\/#website"},"datePublished":"2018-04-16T10:56:08+00:00","dateModified":"2023-03-14T07:28:58+00:00","breadcrumb":{"@id":"https:\/\/www.roovi.ro\/joc-nickelodeon-teenage-mutant-ninja-turtles\/p\/#breadcrumb"},"inLanguage":"ro-RO","potentialAction":[{"@type":"ReadAction","target":["https:\/\/www.roovi.ro\/joc-nickelodeon-teenage-mutant-ninja-turtles\/p\/"]}]},{"@type":"BreadcrumbList","@id":"https:\/\/www.roovi.ro\/joc-nickelodeon-teenage-mutant-ninja-turtles\/p\/#breadcrumb","itemListElement":[{"@type":"ListItem","position":1,"name":"Home","item":"https:\/\/business.roovi.com\/ro\/"},{"@type":"ListItem","position":2,"name":"Magazin","item":"https:\/\/business.roovi.com\/ro\/magazin\/"},{"@type":"ListItem","position":3,"name":"Teenage Mutant Ninja Turtles &#8211; Joc de societate cu \u021aestoasele Ninja"}]},{"@type":"WebSite","@id":"https:\/\/business.roovi.com\/ro\/#website","url":"https:\/\/business.roovi.com\/ro\/","name":"Roovi B2B","description":"Roovi Business Website","potentialAction":[{"@type":"SearchAction","target":{"@type":"EntryPoint","urlTemplate":"https:\/\/business.roovi.com\/ro\/?s={search_term_string}"},"query-input":"required name=search_term_string"}],"inLanguage":"ro-RO"}]}},"_links":{"self":[{"href":"https:\/\/business.roovi.com\/ro\/wp-json\/wp\/v2\/product\/12987","targetHints":{"allow":["GET"]}}],"collection":[{"href":"https:\/\/business.roovi.com\/ro\/wp-json\/wp\/v2\/product"}],"about":[{"href":"https:\/\/business.roovi.com\/ro\/wp-json\/wp\/v2\/types\/product"}],"version-history":[{"count":0,"href":"https:\/\/business.roovi.com\/ro\/wp-json\/wp\/v2\/product\/12987\/revisions"}],"wp:featuredmedia":[{"embeddable":true,"href":"https:\/\/business.roovi.com\/ro\/wp-json\/wp\/v2\/media\/68789"}],"wp:attachment":[{"href":"https:\/\/business.roovi.com\/ro\/wp-json\/wp\/v2\/media?parent=12987"}],"wp:term":[{"taxonomy":"product_brand","embeddable":true,"href":"https:\/\/business.roovi.com\/ro\/wp-json\/wp\/v2\/product_brand?post=12987"},{"taxonomy":"product_cat","embeddable":true,"href":"https:\/\/business.roovi.com\/ro\/wp-json\/wp\/v2\/product_cat?post=12987"},{"taxonomy":"product_tag","embeddable":true,"href":"https:\/\/business.roovi.com\/ro\/wp-json\/wp\/v2\/product_tag?post=12987"}],"curies":[{"name":"wp","href":"https:\/\/api.w.org\/{rel}","templated":true}]}}