{"id":13080,"date":"2018-04-16T10:56:08","date_gmt":"2018-04-16T10:56:08","guid":{"rendered":"https:\/\/business.roovi.com\/product\/joc-bingo\/"},"modified":"2025-03-11T12:17:30","modified_gmt":"2025-03-11T12:17:30","slug":"joc-bingo","status":"publish","type":"product","link":"https:\/\/business.roovi.com\/ro\/joc-bingo\/p\/","title":{"rendered":"Joc Bingo &#8211; Joc de noroc"},"content":{"rendered":"<p><iframe loading=\"lazy\" title=\"Joc BINGO pentru copii si familie\" width=\"500\" height=\"281\" src=\"https:\/\/www.youtube.com\/embed\/vE8sI__BThE?feature=oembed\" frameborder=\"0\" allow=\"accelerometer; autoplay; clipboard-write; encrypted-media; gyroscope; picture-in-picture; web-share\" referrerpolicy=\"strict-origin-when-cross-origin\" allowfullscreen><\/iframe><\/p>\n<h3><span style=\"font-weight: 400;\">Te sim\u021bi norocos? Joac\u0103 Bingo \u0219i vezi ce \u0219anse ai s\u0103 c\u00e2\u0219tigi.<\/span><\/h3>\n<p><span style=\"font-weight: 400;\">Jocul Bingo este ca o loterie unde a\u0219tep\u021bi cu ner\u0103bdare s\u0103 vezi dac\u0103 \u00ee\u021bi sur\u00e2de norocul. Jocul este foarte distractiv \u0219i poate fi jucat \u00eempreun\u0103 cu copiii care tr\u0103iesc emo\u021bia momentului cu intensitate maxim\u0103.<\/span><\/p>\n<p><span style=\"font-weight: 400;\">Este posibil ca Bingo s\u0103 st\u00e2rneasc\u0103 ceva sup\u0103rare, dar micii bosumfla\u021bi \u00ee\u0219i revin repede odat\u0103 ce joac\u0103 \u0219i o rund\u0103 norocoas\u0103, \u00een care sunt extrase numerele potrivite.<\/span><\/p>\n<h3><span style=\"font-weight: 400;\">Jocul Bingo &#8211; o distrac\u021bie pe cinste, a\u0219a ca \u00een copil\u0103rie<\/span><\/h3>\n<p><span style=\"font-weight: 400;\">Jocul Bingo \u00ee\u021bi aduce aminte de copil\u0103rie, de vremea c\u00e2nd te bucurai sincer de jocurile simple. Joac\u0103-l \u00eempreun\u0103 cu copiii, conecta\u021bi-v\u0103 prin joc \u0219i distrac\u021bie \u0219i crea\u021bi amintiri pre\u021bioase, pentru o via\u021b\u0103.<\/span><\/p>\n<ul>\n<li aria-level=\"1\"><b>Insereaz\u0103 bilele \u00een suportul rotativ \u0219i d\u0103 startul distrac\u021biei.<\/b><\/li>\n<\/ul>\n<ul>\n<li aria-level=\"1\"><b>Extrage numerele norocoase \u0219i vezi dac\u0103 le ai pe cupoanele de joc.<\/b><\/li>\n<\/ul>\n<ul>\n<li aria-level=\"1\"><b>Ai combina\u021biile potrivite? BINGO! Ai c\u00e2\u0219tigat!<\/b><\/li>\n<\/ul>\n<h3><span style=\"font-weight: 400;\">De ce s\u0103 alegi jocul Bingo de la ROOVI<\/span><\/h3>\n<p><span style=\"font-weight: 400;\">Este super antrenat \u0219i distractiv \u0219i poate fi jucat \u00eempreun\u0103 cu toat\u0103 familia.<\/span><\/p>\n<p><span style=\"font-weight: 400;\">Este produs din materiale de calitate superioar\u0103 ce rezist\u0103 la runde nenum\u0103rate de joc \u0219i distrac\u021bie.<\/span><\/p>\n<p><span style=\"font-weight: 400;\">Este prilejul perfect pentru a-i \u00eenv\u0103\u021ba pe cei mici s\u0103 \u00eenve\u021be s\u0103 piard\u0103 cu z\u00e2mbetul pe buze, bucur\u00e2ndu-se de joc.<\/span><\/p>\n<p><span style=\"font-weight: 400;\">Relaxant \u0219i deconectant, st\u00e2rne\u0219te hohote de r\u00e2s \u0219i creeaz\u0103 o atmosfer\u0103 vesel\u0103 \u00een momentele de plictiseal\u0103 \u0219i monotonie.<\/span><\/p>\n<h3><span style=\"font-weight: 400;\">Bingo, un joc grozav care te scoate din rutin\u0103<\/span><\/h3>\n<p><span style=\"font-weight: 400;\">\u0218tim c\u0103 este greu s\u0103 ie\u0219i din rutina cotidian\u0103 sau s\u0103 \u00eei sco\u021bi pe copii din mediul virtual. Jocul Bingo v\u0103 antreneaz\u0103 \u00eens\u0103 pe to\u021bi, de la mic la mare. Nu necesit\u0103 prea multe explica\u021bii \u0219i nici vreo preg\u0103tire special\u0103. Pur \u0219i simplu montezi mecanismul, dai de manivel\u0103 \u0219i \u00ee\u021bi a\u0219tep\u021bi norocul.<\/span><\/p>\n<p><span style=\"font-weight: 400;\">\u00cen familie sau la \u00eent\u00e2lnirile dintre copii, \u00een vacan\u021be sau \u00een momentele libere de peste zi, jocul Bingo este oric\u00e2nd o \u00eenc\u00e2ntare \u0219i o distrac\u021bie pe cinste. Alege jocul Bingo pentru copilul t\u0103u, pentru familia ta sau ofer\u0103-l \u00een dar celor dragi. Va fi cu siguran\u021b\u0103 o surpriz\u0103 grozav\u0103.<\/span><\/p>\n<p><b>Jocul con\u021bine:<\/b><span style=\"font-weight: 400;\">\u00a0<\/span><\/p>\n<ul>\n<li style=\"font-weight: 400;\" aria-level=\"1\"><b>1x<\/b><span style=\"font-weight: 400;\"> Container rotativ<\/span><\/li>\n<li style=\"font-weight: 400;\" aria-level=\"1\"><b>1x<\/b><span style=\"font-weight: 400;\"> Suport container<\/span><\/li>\n<li style=\"font-weight: 400;\" aria-level=\"1\"><b>90x<\/b><span style=\"font-weight: 400;\"> Bilu\u021be din plastic<\/span><\/li>\n<li style=\"font-weight: 400;\" aria-level=\"1\"><b>12x<\/b><span style=\"font-weight: 400;\"> Cupoane de joc<\/span><\/li>\n<li style=\"font-weight: 400;\" aria-level=\"1\"><b>1x<\/b><span style=\"font-weight: 400;\"> Regulament de joc.<\/span><\/li>\n<\/ul>\n<p><span style=\"font-weight: 400;\">Juc\u0103tori: 2 &#8211; 6 persoane<\/span><\/p>\n<p><span style=\"font-weight: 400;\">V\u00e2rsta: 6+<\/span><\/p>\n<p><span style=\"font-weight: 400;\">Nerecomandat copiilor mai mici de 3 ani. Pericol de sufocare din cauza componentelor mici.<\/span><\/p>\n","protected":false},"excerpt":{"rendered":"<p>Te sim\u021bi norocos? Joac\u0103 Bingo \u0219i vezi ce \u0219anse ai s\u0103 c\u00e2\u0219tigi. Jocul Bingo este ca o loterie unde a\u0219tep\u021bi<\/p>\n","protected":false},"featured_media":63729,"template":"","meta":[],"product_brand":[],"product_cat":[1574,1598],"product_tag":[],"class_list":{"0":"post-13080","1":"product","2":"type-product","3":"status-publish","4":"has-post-thumbnail","6":"product_cat-board-games","7":"product_cat-classic-games","8":"pa_brand-d_toys-en","9":"pa_country_of_manufacture-ro-en","10":"pa_filter_age-5_7-en","11":"pa_filter_age-7_9-en","12":"pa_filter_age-9_14-en","13":"pa_filter_age-14-en","14":"pa_tip_ambalaj-box","16":"first","17":"instock","18":"taxable","19":"shipping-taxable","20":"product-type-simple"},"yoast_head":"<!-- This site is optimized with the Yoast SEO plugin v20.1 - https:\/\/yoast.com\/wordpress\/plugins\/seo\/ -->\n<title>Joc Bingo - Joc de noroc - Roovi B2B<\/title>\n<meta name=\"robots\" content=\"index, follow, max-snippet:-1, max-image-preview:large, max-video-preview:-1\" \/>\n<link rel=\"canonical\" href=\"https:\/\/www.roovi.ro\/joc-bingo\/p\/\" \/>\n<meta property=\"og:locale\" content=\"ro_RO\" \/>\n<meta property=\"og:type\" content=\"article\" \/>\n<meta property=\"og:title\" content=\"Joc Bingo - Joc de noroc - Roovi B2B\" \/>\n<meta property=\"og:description\" content=\"Te sim\u021bi norocos? Joac\u0103 Bingo \u0219i vezi ce \u0219anse ai s\u0103 c\u00e2\u0219tigi. Jocul Bingo este ca o loterie unde a\u0219tep\u021bi\" \/>\n<meta property=\"og:url\" content=\"https:\/\/www.roovi.ro\/joc-bingo\/p\/\" \/>\n<meta property=\"og:site_name\" content=\"Roovi B2B\" \/>\n<meta property=\"article:publisher\" content=\"https:\/\/www.facebook.com\/wwwjucariero\" \/>\n<meta property=\"article:modified_time\" content=\"2025-03-11T12:17:30+00:00\" \/>\n<meta property=\"og:image\" content=\"https:\/\/business.roovi.com\/wp-content\/uploads\/2018\/04\/Bingo-front.webp\" \/>\n\t<meta property=\"og:image:width\" content=\"1200\" \/>\n\t<meta property=\"og:image:height\" content=\"1200\" \/>\n\t<meta property=\"og:image:type\" content=\"image\/webp\" \/>\n<meta name=\"twitter:label1\" content=\"Timp estimat pentru citire\" \/>\n\t<meta name=\"twitter:data1\" content=\"2 minute\" \/>\n<script type=\"application\/ld+json\" class=\"yoast-schema-graph\">{\"@context\":\"https:\/\/schema.org\",\"@graph\":[{\"@type\":\"WebPage\",\"@id\":\"https:\/\/business.roovi.com\/ro\/joc-bingo\/p\/\",\"url\":\"https:\/\/www.roovi.ro\/joc-bingo\/p\/\",\"name\":\"Joc Bingo - Joc de noroc - Roovi B2B\",\"isPartOf\":{\"@id\":\"https:\/\/business.roovi.com\/ro\/#website\"},\"datePublished\":\"2018-04-16T10:56:08+00:00\",\"dateModified\":\"2025-03-11T12:17:30+00:00\",\"breadcrumb\":{\"@id\":\"https:\/\/www.roovi.ro\/joc-bingo\/p\/#breadcrumb\"},\"inLanguage\":\"ro-RO\",\"potentialAction\":[{\"@type\":\"ReadAction\",\"target\":[\"https:\/\/www.roovi.ro\/joc-bingo\/p\/\"]}]},{\"@type\":\"BreadcrumbList\",\"@id\":\"https:\/\/www.roovi.ro\/joc-bingo\/p\/#breadcrumb\",\"itemListElement\":[{\"@type\":\"ListItem\",\"position\":1,\"name\":\"Home\",\"item\":\"https:\/\/business.roovi.com\/ro\/\"},{\"@type\":\"ListItem\",\"position\":2,\"name\":\"Magazin\",\"item\":\"https:\/\/business.roovi.com\/ro\/magazin\/\"},{\"@type\":\"ListItem\",\"position\":3,\"name\":\"Joc Bingo &#8211; Joc de noroc\"}]},{\"@type\":\"WebSite\",\"@id\":\"https:\/\/business.roovi.com\/ro\/#website\",\"url\":\"https:\/\/business.roovi.com\/ro\/\",\"name\":\"Roovi B2B\",\"description\":\"Roovi Business Website\",\"potentialAction\":[{\"@type\":\"SearchAction\",\"target\":{\"@type\":\"EntryPoint\",\"urlTemplate\":\"https:\/\/business.roovi.com\/ro\/?s={search_term_string}\"},\"query-input\":\"required name=search_term_string\"}],\"inLanguage\":\"ro-RO\"}]}<\/script>\n<!-- \/ Yoast SEO plugin. -->","yoast_head_json":{"title":"Joc Bingo - Joc de noroc - Roovi B2B","robots":{"index":"index","follow":"follow","max-snippet":"max-snippet:-1","max-image-preview":"max-image-preview:large","max-video-preview":"max-video-preview:-1"},"canonical":"https:\/\/www.roovi.ro\/joc-bingo\/p\/","og_locale":"ro_RO","og_type":"article","og_title":"Joc Bingo - Joc de noroc - Roovi B2B","og_description":"Te sim\u021bi norocos? Joac\u0103 Bingo \u0219i vezi ce \u0219anse ai s\u0103 c\u00e2\u0219tigi. Jocul Bingo este ca o loterie unde a\u0219tep\u021bi","og_url":"https:\/\/www.roovi.ro\/joc-bingo\/p\/","og_site_name":"Roovi B2B","article_publisher":"https:\/\/www.facebook.com\/wwwjucariero","article_modified_time":"2025-03-11T12:17:30+00:00","og_image":[{"width":1200,"height":1200,"url":"https:\/\/business.roovi.com\/wp-content\/uploads\/2018\/04\/Bingo-front.webp","type":"image\/webp"}],"twitter_misc":{"Timp estimat pentru citire":"2 minute"},"schema":{"@context":"https:\/\/schema.org","@graph":[{"@type":"WebPage","@id":"https:\/\/business.roovi.com\/ro\/joc-bingo\/p\/","url":"https:\/\/www.roovi.ro\/joc-bingo\/p\/","name":"Joc Bingo - Joc de noroc - Roovi B2B","isPartOf":{"@id":"https:\/\/business.roovi.com\/ro\/#website"},"datePublished":"2018-04-16T10:56:08+00:00","dateModified":"2025-03-11T12:17:30+00:00","breadcrumb":{"@id":"https:\/\/www.roovi.ro\/joc-bingo\/p\/#breadcrumb"},"inLanguage":"ro-RO","potentialAction":[{"@type":"ReadAction","target":["https:\/\/www.roovi.ro\/joc-bingo\/p\/"]}]},{"@type":"BreadcrumbList","@id":"https:\/\/www.roovi.ro\/joc-bingo\/p\/#breadcrumb","itemListElement":[{"@type":"ListItem","position":1,"name":"Home","item":"https:\/\/business.roovi.com\/ro\/"},{"@type":"ListItem","position":2,"name":"Magazin","item":"https:\/\/business.roovi.com\/ro\/magazin\/"},{"@type":"ListItem","position":3,"name":"Joc Bingo &#8211; Joc de noroc"}]},{"@type":"WebSite","@id":"https:\/\/business.roovi.com\/ro\/#website","url":"https:\/\/business.roovi.com\/ro\/","name":"Roovi B2B","description":"Roovi Business Website","potentialAction":[{"@type":"SearchAction","target":{"@type":"EntryPoint","urlTemplate":"https:\/\/business.roovi.com\/ro\/?s={search_term_string}"},"query-input":"required name=search_term_string"}],"inLanguage":"ro-RO"}]}},"_links":{"self":[{"href":"https:\/\/business.roovi.com\/ro\/wp-json\/wp\/v2\/product\/13080","targetHints":{"allow":["GET"]}}],"collection":[{"href":"https:\/\/business.roovi.com\/ro\/wp-json\/wp\/v2\/product"}],"about":[{"href":"https:\/\/business.roovi.com\/ro\/wp-json\/wp\/v2\/types\/product"}],"version-history":[{"count":0,"href":"https:\/\/business.roovi.com\/ro\/wp-json\/wp\/v2\/product\/13080\/revisions"}],"wp:featuredmedia":[{"embeddable":true,"href":"https:\/\/business.roovi.com\/ro\/wp-json\/wp\/v2\/media\/63729"}],"wp:attachment":[{"href":"https:\/\/business.roovi.com\/ro\/wp-json\/wp\/v2\/media?parent=13080"}],"wp:term":[{"taxonomy":"product_brand","embeddable":true,"href":"https:\/\/business.roovi.com\/ro\/wp-json\/wp\/v2\/product_brand?post=13080"},{"taxonomy":"product_cat","embeddable":true,"href":"https:\/\/business.roovi.com\/ro\/wp-json\/wp\/v2\/product_cat?post=13080"},{"taxonomy":"product_tag","embeddable":true,"href":"https:\/\/business.roovi.com\/ro\/wp-json\/wp\/v2\/product_tag?post=13080"}],"curies":[{"name":"wp","href":"https:\/\/api.w.org\/{rel}","templated":true}]}}