{"id":13085,"date":"2018-04-16T10:56:08","date_gmt":"2018-04-16T10:56:08","guid":{"rendered":"https:\/\/business.roovi.com\/product\/joc-labirintul-extraterestrilor\/"},"modified":"2023-02-23T06:33:25","modified_gmt":"2023-02-23T06:33:25","slug":"joc-labirintul-extraterestrilor","status":"publish","type":"product","link":"https:\/\/business.roovi.com\/ro\/joc-labirintul-extraterestrilor\/p\/","title":{"rendered":"Joc Labirintul Extratere\u0219trilor &#8211; Joc de \u00eendem\u00e2nare pentru copii"},"content":{"rendered":"<p>Te invit\u0103m la o c\u0103l\u0103torie \u201cinterplanetar\u0103\u201d cu Labirintul extratere\u0219trilor pentru a-\u021bi testa capacitatea de concentrare, \u00eendem\u00e2narea \u0219i aten\u021bia! Jocul galactic \u00eens\u0103 are o misiune special\u0103: explorarea planetei presupune str\u0103baterea labirintului astral. Parcurge traseul evit\u00e2nd &#8211; pe c\u00e2t posibil &#8211; contactul creionului cu peretele labirintului electric! Provocarea presupune antrenament, de aceea pe parcursul unei \u00eencerc\u0103ri po\u021bi atinge peretele labirintului de maxim trei ori. Dac\u0103 alarma te-a avertizat a patra oar\u0103, \u00eenseamn\u0103 c\u0103 turul t\u0103u s-a sf\u00e2r\u0219it.<\/p>\n<p>Pe tabla de joc ai c\u00e2mpuri colorate care indic\u0103 5 misiuni diferite: ploi de meteori\u021bi, radia\u021bie cosmic\u0103, explozii stelare, interac\u021biuni gravita\u021bionale, sateli\u021bi artificiali! &#8222;Cucerirea&#8221; punctelor colorate de pe labirintul extratere\u0219trilor semnific\u0103 \u00eendeplinirea misiunii corespunz\u0103toare culorii atinse. Aterizeaz\u0103 primul pe c\u00e2mpul FINISH \u0219i vei fi desemnat cel mai \u00eendem\u00e2natic \u201cextraterestru\u201d! Con\u021binut: 1 labirint electric, 1 tabl\u0103 de joc mare, 1 tabl\u0103 de joc mini, 4 pioni, 1 clepsidr\u0103, regulament de joc. Recomandat copiilor cu v\u00e2rsta peste 6 ani.<\/p>\n","protected":false},"excerpt":{"rendered":"<p>Te invit\u0103m la o c\u0103l\u0103torie \u201cinterplanetar\u0103\u201d cu Labirintul extratere\u0219trilor pentru a-\u021bi testa capacitatea de concentrare, \u00eendem\u00e2narea \u0219i aten\u021bia! Jocul galactic<\/p>\n","protected":false},"featured_media":13081,"template":"","meta":[],"product_brand":[],"product_cat":[1491,1467],"product_tag":[],"class_list":{"0":"post-13085","1":"product","2":"type-product","3":"status-publish","4":"has-post-thumbnail","6":"product_cat-jocuri-de-indemanare-1","7":"product_cat-jocuri-de-societate","8":"pa_brand-d_toys","9":"pa_country_of_manufacture-ro","10":"pa_filter_age-5_7","11":"pa_filter_age-7_9","12":"pa_filter_age-9_14","13":"pa_tip_ambalaj-cutie","15":"first","16":"instock","17":"taxable","18":"shipping-taxable","19":"product-type-simple"},"yoast_head":"<!-- This site is optimized with the Yoast SEO plugin v20.1 - https:\/\/yoast.com\/wordpress\/plugins\/seo\/ -->\n<title>Joc Labirintul Extratere\u0219trilor - Joc de \u00eendem\u00e2nare pentru copii - Roovi B2B<\/title>\n<meta name=\"robots\" content=\"index, follow, max-snippet:-1, max-image-preview:large, max-video-preview:-1\" \/>\n<link rel=\"canonical\" href=\"https:\/\/www.roovi.ro\/joc-labirintul-extraterestrilor\/p\/\" \/>\n<meta property=\"og:locale\" content=\"ro_RO\" \/>\n<meta property=\"og:type\" content=\"article\" \/>\n<meta property=\"og:title\" content=\"Joc Labirintul Extratere\u0219trilor - Joc de \u00eendem\u00e2nare pentru copii - Roovi B2B\" \/>\n<meta property=\"og:description\" content=\"Te invit\u0103m la o c\u0103l\u0103torie \u201cinterplanetar\u0103\u201d cu Labirintul extratere\u0219trilor pentru a-\u021bi testa capacitatea de concentrare, \u00eendem\u00e2narea \u0219i aten\u021bia! Jocul galactic\" \/>\n<meta property=\"og:url\" content=\"https:\/\/www.roovi.ro\/joc-labirintul-extraterestrilor\/p\/\" \/>\n<meta property=\"og:site_name\" content=\"Roovi B2B\" \/>\n<meta property=\"article:publisher\" content=\"https:\/\/www.facebook.com\/wwwjucariero\" \/>\n<meta property=\"article:modified_time\" content=\"2023-02-23T06:33:25+00:00\" \/>\n<meta property=\"og:image\" content=\"https:\/\/business.roovi.com\/wp-content\/uploads\/2018\/04\/71606_elo_labirintul_extraterestilor.jpg\" \/>\n\t<meta property=\"og:image:width\" content=\"1200\" \/>\n\t<meta property=\"og:image:height\" content=\"1200\" \/>\n\t<meta property=\"og:image:type\" content=\"image\/jpeg\" \/>\n<meta name=\"twitter:label1\" content=\"Timp estimat pentru citire\" \/>\n\t<meta name=\"twitter:data1\" content=\"1 minut\" \/>\n<script type=\"application\/ld+json\" class=\"yoast-schema-graph\">{\"@context\":\"https:\/\/schema.org\",\"@graph\":[{\"@type\":\"WebPage\",\"@id\":\"https:\/\/business.roovi.com\/ro\/joc-labirintul-extraterestrilor\/p\/\",\"url\":\"https:\/\/www.roovi.ro\/joc-labirintul-extraterestrilor\/p\/\",\"name\":\"Joc Labirintul Extratere\u0219trilor - Joc de \u00eendem\u00e2nare pentru copii - Roovi B2B\",\"isPartOf\":{\"@id\":\"https:\/\/business.roovi.com\/ro\/#website\"},\"datePublished\":\"2018-04-16T10:56:08+00:00\",\"dateModified\":\"2023-02-23T06:33:25+00:00\",\"breadcrumb\":{\"@id\":\"https:\/\/www.roovi.ro\/joc-labirintul-extraterestrilor\/p\/#breadcrumb\"},\"inLanguage\":\"ro-RO\",\"potentialAction\":[{\"@type\":\"ReadAction\",\"target\":[\"https:\/\/www.roovi.ro\/joc-labirintul-extraterestrilor\/p\/\"]}]},{\"@type\":\"BreadcrumbList\",\"@id\":\"https:\/\/www.roovi.ro\/joc-labirintul-extraterestrilor\/p\/#breadcrumb\",\"itemListElement\":[{\"@type\":\"ListItem\",\"position\":1,\"name\":\"Home\",\"item\":\"https:\/\/business.roovi.com\/ro\/\"},{\"@type\":\"ListItem\",\"position\":2,\"name\":\"Magazin\",\"item\":\"https:\/\/business.roovi.com\/ro\/magazin\/\"},{\"@type\":\"ListItem\",\"position\":3,\"name\":\"Joc Labirintul Extratere\u0219trilor &#8211; Joc de \u00eendem\u00e2nare pentru copii\"}]},{\"@type\":\"WebSite\",\"@id\":\"https:\/\/business.roovi.com\/ro\/#website\",\"url\":\"https:\/\/business.roovi.com\/ro\/\",\"name\":\"Roovi B2B\",\"description\":\"Roovi Business Website\",\"potentialAction\":[{\"@type\":\"SearchAction\",\"target\":{\"@type\":\"EntryPoint\",\"urlTemplate\":\"https:\/\/business.roovi.com\/ro\/?s={search_term_string}\"},\"query-input\":\"required name=search_term_string\"}],\"inLanguage\":\"ro-RO\"}]}<\/script>\n<!-- \/ Yoast SEO plugin. -->","yoast_head_json":{"title":"Joc Labirintul Extratere\u0219trilor - Joc de \u00eendem\u00e2nare pentru copii - Roovi B2B","robots":{"index":"index","follow":"follow","max-snippet":"max-snippet:-1","max-image-preview":"max-image-preview:large","max-video-preview":"max-video-preview:-1"},"canonical":"https:\/\/www.roovi.ro\/joc-labirintul-extraterestrilor\/p\/","og_locale":"ro_RO","og_type":"article","og_title":"Joc Labirintul Extratere\u0219trilor - Joc de \u00eendem\u00e2nare pentru copii - Roovi B2B","og_description":"Te invit\u0103m la o c\u0103l\u0103torie \u201cinterplanetar\u0103\u201d cu Labirintul extratere\u0219trilor pentru a-\u021bi testa capacitatea de concentrare, \u00eendem\u00e2narea \u0219i aten\u021bia! Jocul galactic","og_url":"https:\/\/www.roovi.ro\/joc-labirintul-extraterestrilor\/p\/","og_site_name":"Roovi B2B","article_publisher":"https:\/\/www.facebook.com\/wwwjucariero","article_modified_time":"2023-02-23T06:33:25+00:00","og_image":[{"width":1200,"height":1200,"url":"https:\/\/business.roovi.com\/wp-content\/uploads\/2018\/04\/71606_elo_labirintul_extraterestilor.jpg","type":"image\/jpeg"}],"twitter_misc":{"Timp estimat pentru citire":"1 minut"},"schema":{"@context":"https:\/\/schema.org","@graph":[{"@type":"WebPage","@id":"https:\/\/business.roovi.com\/ro\/joc-labirintul-extraterestrilor\/p\/","url":"https:\/\/www.roovi.ro\/joc-labirintul-extraterestrilor\/p\/","name":"Joc Labirintul Extratere\u0219trilor - Joc de \u00eendem\u00e2nare pentru copii - Roovi B2B","isPartOf":{"@id":"https:\/\/business.roovi.com\/ro\/#website"},"datePublished":"2018-04-16T10:56:08+00:00","dateModified":"2023-02-23T06:33:25+00:00","breadcrumb":{"@id":"https:\/\/www.roovi.ro\/joc-labirintul-extraterestrilor\/p\/#breadcrumb"},"inLanguage":"ro-RO","potentialAction":[{"@type":"ReadAction","target":["https:\/\/www.roovi.ro\/joc-labirintul-extraterestrilor\/p\/"]}]},{"@type":"BreadcrumbList","@id":"https:\/\/www.roovi.ro\/joc-labirintul-extraterestrilor\/p\/#breadcrumb","itemListElement":[{"@type":"ListItem","position":1,"name":"Home","item":"https:\/\/business.roovi.com\/ro\/"},{"@type":"ListItem","position":2,"name":"Magazin","item":"https:\/\/business.roovi.com\/ro\/magazin\/"},{"@type":"ListItem","position":3,"name":"Joc Labirintul Extratere\u0219trilor &#8211; Joc de \u00eendem\u00e2nare pentru copii"}]},{"@type":"WebSite","@id":"https:\/\/business.roovi.com\/ro\/#website","url":"https:\/\/business.roovi.com\/ro\/","name":"Roovi B2B","description":"Roovi Business Website","potentialAction":[{"@type":"SearchAction","target":{"@type":"EntryPoint","urlTemplate":"https:\/\/business.roovi.com\/ro\/?s={search_term_string}"},"query-input":"required name=search_term_string"}],"inLanguage":"ro-RO"}]}},"_links":{"self":[{"href":"https:\/\/business.roovi.com\/ro\/wp-json\/wp\/v2\/product\/13085","targetHints":{"allow":["GET"]}}],"collection":[{"href":"https:\/\/business.roovi.com\/ro\/wp-json\/wp\/v2\/product"}],"about":[{"href":"https:\/\/business.roovi.com\/ro\/wp-json\/wp\/v2\/types\/product"}],"version-history":[{"count":0,"href":"https:\/\/business.roovi.com\/ro\/wp-json\/wp\/v2\/product\/13085\/revisions"}],"wp:featuredmedia":[{"embeddable":true,"href":"https:\/\/business.roovi.com\/ro\/wp-json\/wp\/v2\/media\/13081"}],"wp:attachment":[{"href":"https:\/\/business.roovi.com\/ro\/wp-json\/wp\/v2\/media?parent=13085"}],"wp:term":[{"taxonomy":"product_brand","embeddable":true,"href":"https:\/\/business.roovi.com\/ro\/wp-json\/wp\/v2\/product_brand?post=13085"},{"taxonomy":"product_cat","embeddable":true,"href":"https:\/\/business.roovi.com\/ro\/wp-json\/wp\/v2\/product_cat?post=13085"},{"taxonomy":"product_tag","embeddable":true,"href":"https:\/\/business.roovi.com\/ro\/wp-json\/wp\/v2\/product_tag?post=13085"}],"curies":[{"name":"wp","href":"https:\/\/api.w.org\/{rel}","templated":true}]}}