{"id":13118,"date":"2018-04-16T10:56:08","date_gmt":"2018-04-16T10:56:08","guid":{"rendered":"https:\/\/business.roovi.com\/product\/joc-creativ-spumini-baby-set-amprenta-bebelus\/"},"modified":"2022-05-03T00:01:26","modified_gmt":"2022-05-03T00:01:26","slug":"joc-creativ-spumini-baby-set-amprenta-bebelus","status":"publish","type":"product","link":"https:\/\/business.roovi.com\/ro\/joc-creativ-spumini-baby-set-amprenta-bebelus\/p\/","title":{"rendered":"Spumini Baby &#8211; Set amprent\u0103 bebelu\u0219 &#8211; Joc Creativ"},"content":{"rendered":"<p>Spumini este o spum\u0103 de modelat nou\u0103, cu totul special\u0103, super fin\u0103 \u0219i pufoas\u0103. Are o textur\u0103 u\u0219oar\u0103 \u0219i elastic\u0103, oferind o pl\u0103cere tactil\u0103 deosebit\u0103. Spuma de modelat se \u00eent\u0103re\u0219te la aer \u00een 24 ore men\u021bin\u00e2ndu-\u0219i textura m\u0103t\u0103soas\u0103 \u0219i toate detaliile mici. Cu acest produs se poate p\u0103stra amprenta m\u00e2nu\u021bei sau a talpei bebelu\u0219ului (v\u00e2rsta recomandat\u0103: 3-12 luni) \u00een form\u0103 de tablou care poate fi ag\u0103\u021bat pe perete sau a\u0219ezat pe mas\u0103 cu ajutorul suportului. Con\u021binut: spum\u0103 de modelat, un carton ram\u0103 pentru amprent\u0103, un ag\u0103\u021b\u0103tor, un suport ram\u0103, buc\u0103\u021bi de band\u0103 dublu-adeziv\u0103. AVERTISMENT! Acest produs poate fi folosit doar de c\u0103tre adul\u021bi \u0219i se recomand\u0103 utilizarea pentru a lua amprentele bebelu\u0219ilor cu v\u00e2rsta \u00eentre 3 \u0219i 12 luni.<\/p>\n","protected":false},"excerpt":{"rendered":"<p>Spumini este o spum\u0103 de modelat nou\u0103, cu totul special\u0103, super fin\u0103 \u0219i pufoas\u0103. Are o textur\u0103 u\u0219oar\u0103 \u0219i elastic\u0103,<\/p>\n","protected":false},"featured_media":13114,"template":"","meta":[],"product_brand":[],"product_cat":[1901,2001],"product_tag":[],"class_list":{"0":"post-13118","1":"product","2":"type-product","3":"status-publish","4":"has-post-thumbnail","6":"product_cat-kreativ-jatekok","7":"product_cat-modellezo-hab-es-jatekgyurma","8":"pa_brand-d_toys-hu","9":"pa_country_of_manufacture-ro-hu","10":"pa_filter_age-0_3-hu","11":"pa_tip_ambalaj-doboz","13":"first","14":"outofstock","15":"taxable","16":"shipping-taxable","17":"product-type-simple"},"yoast_head":"<!-- This site is optimized with the Yoast SEO plugin v20.1 - https:\/\/yoast.com\/wordpress\/plugins\/seo\/ -->\n<title>Spumini Baby - Set amprent\u0103 bebelu\u0219 - Joc Creativ - Roovi B2B<\/title>\n<meta name=\"robots\" content=\"index, follow, max-snippet:-1, max-image-preview:large, max-video-preview:-1\" \/>\n<link rel=\"canonical\" href=\"https:\/\/www.roovi.ro\/joc-creativ-spumini-baby-set-amprenta-bebelus\/p\/\" \/>\n<meta property=\"og:locale\" content=\"ro_RO\" \/>\n<meta property=\"og:type\" content=\"article\" \/>\n<meta property=\"og:title\" content=\"Spumini Baby - Set amprent\u0103 bebelu\u0219 - Joc Creativ - Roovi B2B\" \/>\n<meta property=\"og:description\" content=\"Spumini este o spum\u0103 de modelat nou\u0103, cu totul special\u0103, super fin\u0103 \u0219i pufoas\u0103. Are o textur\u0103 u\u0219oar\u0103 \u0219i elastic\u0103,\" \/>\n<meta property=\"og:url\" content=\"https:\/\/www.roovi.ro\/joc-creativ-spumini-baby-set-amprenta-bebelus\/p\/\" \/>\n<meta property=\"og:site_name\" content=\"Roovi B2B\" \/>\n<meta property=\"article:publisher\" content=\"https:\/\/www.facebook.com\/wwwjucariero\" \/>\n<meta property=\"article:modified_time\" content=\"2022-05-03T00:01:26+00:00\" \/>\n<meta property=\"og:image\" content=\"https:\/\/business.roovi.com\/wp-content\/uploads\/2018\/04\/71934_spumini_handprint_elo.jpg\" \/>\n\t<meta property=\"og:image:width\" content=\"1200\" \/>\n\t<meta property=\"og:image:height\" content=\"1200\" \/>\n\t<meta property=\"og:image:type\" content=\"image\/jpeg\" \/>\n<meta name=\"twitter:label1\" content=\"Timp estimat pentru citire\" \/>\n\t<meta name=\"twitter:data1\" content=\"1 minut\" \/>\n<script type=\"application\/ld+json\" class=\"yoast-schema-graph\">{\"@context\":\"https:\/\/schema.org\",\"@graph\":[{\"@type\":\"WebPage\",\"@id\":\"https:\/\/business.roovi.com\/ro\/joc-creativ-spumini-baby-set-amprenta-bebelus\/p\/\",\"url\":\"https:\/\/www.roovi.ro\/joc-creativ-spumini-baby-set-amprenta-bebelus\/p\/\",\"name\":\"Spumini Baby - Set amprent\u0103 bebelu\u0219 - Joc Creativ - Roovi B2B\",\"isPartOf\":{\"@id\":\"https:\/\/business.roovi.com\/ro\/#website\"},\"datePublished\":\"2018-04-16T10:56:08+00:00\",\"dateModified\":\"2022-05-03T00:01:26+00:00\",\"breadcrumb\":{\"@id\":\"https:\/\/www.roovi.ro\/joc-creativ-spumini-baby-set-amprenta-bebelus\/p\/#breadcrumb\"},\"inLanguage\":\"ro-RO\",\"potentialAction\":[{\"@type\":\"ReadAction\",\"target\":[\"https:\/\/www.roovi.ro\/joc-creativ-spumini-baby-set-amprenta-bebelus\/p\/\"]}]},{\"@type\":\"BreadcrumbList\",\"@id\":\"https:\/\/www.roovi.ro\/joc-creativ-spumini-baby-set-amprenta-bebelus\/p\/#breadcrumb\",\"itemListElement\":[{\"@type\":\"ListItem\",\"position\":1,\"name\":\"Home\",\"item\":\"https:\/\/business.roovi.com\/ro\/\"},{\"@type\":\"ListItem\",\"position\":2,\"name\":\"Magazin\",\"item\":\"https:\/\/business.roovi.com\/ro\/magazin\/\"},{\"@type\":\"ListItem\",\"position\":3,\"name\":\"Spumini Baby &#8211; Set amprent\u0103 bebelu\u0219 &#8211; Joc Creativ\"}]},{\"@type\":\"WebSite\",\"@id\":\"https:\/\/business.roovi.com\/ro\/#website\",\"url\":\"https:\/\/business.roovi.com\/ro\/\",\"name\":\"Roovi B2B\",\"description\":\"Roovi Business Website\",\"potentialAction\":[{\"@type\":\"SearchAction\",\"target\":{\"@type\":\"EntryPoint\",\"urlTemplate\":\"https:\/\/business.roovi.com\/ro\/?s={search_term_string}\"},\"query-input\":\"required name=search_term_string\"}],\"inLanguage\":\"ro-RO\"}]}<\/script>\n<!-- \/ Yoast SEO plugin. -->","yoast_head_json":{"title":"Spumini Baby - Set amprent\u0103 bebelu\u0219 - Joc Creativ - Roovi B2B","robots":{"index":"index","follow":"follow","max-snippet":"max-snippet:-1","max-image-preview":"max-image-preview:large","max-video-preview":"max-video-preview:-1"},"canonical":"https:\/\/www.roovi.ro\/joc-creativ-spumini-baby-set-amprenta-bebelus\/p\/","og_locale":"ro_RO","og_type":"article","og_title":"Spumini Baby - Set amprent\u0103 bebelu\u0219 - Joc Creativ - Roovi B2B","og_description":"Spumini este o spum\u0103 de modelat nou\u0103, cu totul special\u0103, super fin\u0103 \u0219i pufoas\u0103. Are o textur\u0103 u\u0219oar\u0103 \u0219i elastic\u0103,","og_url":"https:\/\/www.roovi.ro\/joc-creativ-spumini-baby-set-amprenta-bebelus\/p\/","og_site_name":"Roovi B2B","article_publisher":"https:\/\/www.facebook.com\/wwwjucariero","article_modified_time":"2022-05-03T00:01:26+00:00","og_image":[{"width":1200,"height":1200,"url":"https:\/\/business.roovi.com\/wp-content\/uploads\/2018\/04\/71934_spumini_handprint_elo.jpg","type":"image\/jpeg"}],"twitter_misc":{"Timp estimat pentru citire":"1 minut"},"schema":{"@context":"https:\/\/schema.org","@graph":[{"@type":"WebPage","@id":"https:\/\/business.roovi.com\/ro\/joc-creativ-spumini-baby-set-amprenta-bebelus\/p\/","url":"https:\/\/www.roovi.ro\/joc-creativ-spumini-baby-set-amprenta-bebelus\/p\/","name":"Spumini Baby - Set amprent\u0103 bebelu\u0219 - Joc Creativ - Roovi B2B","isPartOf":{"@id":"https:\/\/business.roovi.com\/ro\/#website"},"datePublished":"2018-04-16T10:56:08+00:00","dateModified":"2022-05-03T00:01:26+00:00","breadcrumb":{"@id":"https:\/\/www.roovi.ro\/joc-creativ-spumini-baby-set-amprenta-bebelus\/p\/#breadcrumb"},"inLanguage":"ro-RO","potentialAction":[{"@type":"ReadAction","target":["https:\/\/www.roovi.ro\/joc-creativ-spumini-baby-set-amprenta-bebelus\/p\/"]}]},{"@type":"BreadcrumbList","@id":"https:\/\/www.roovi.ro\/joc-creativ-spumini-baby-set-amprenta-bebelus\/p\/#breadcrumb","itemListElement":[{"@type":"ListItem","position":1,"name":"Home","item":"https:\/\/business.roovi.com\/ro\/"},{"@type":"ListItem","position":2,"name":"Magazin","item":"https:\/\/business.roovi.com\/ro\/magazin\/"},{"@type":"ListItem","position":3,"name":"Spumini Baby &#8211; Set amprent\u0103 bebelu\u0219 &#8211; Joc Creativ"}]},{"@type":"WebSite","@id":"https:\/\/business.roovi.com\/ro\/#website","url":"https:\/\/business.roovi.com\/ro\/","name":"Roovi B2B","description":"Roovi Business Website","potentialAction":[{"@type":"SearchAction","target":{"@type":"EntryPoint","urlTemplate":"https:\/\/business.roovi.com\/ro\/?s={search_term_string}"},"query-input":"required name=search_term_string"}],"inLanguage":"ro-RO"}]}},"_links":{"self":[{"href":"https:\/\/business.roovi.com\/ro\/wp-json\/wp\/v2\/product\/13118","targetHints":{"allow":["GET"]}}],"collection":[{"href":"https:\/\/business.roovi.com\/ro\/wp-json\/wp\/v2\/product"}],"about":[{"href":"https:\/\/business.roovi.com\/ro\/wp-json\/wp\/v2\/types\/product"}],"version-history":[{"count":0,"href":"https:\/\/business.roovi.com\/ro\/wp-json\/wp\/v2\/product\/13118\/revisions"}],"wp:featuredmedia":[{"embeddable":true,"href":"https:\/\/business.roovi.com\/ro\/wp-json\/wp\/v2\/media\/13114"}],"wp:attachment":[{"href":"https:\/\/business.roovi.com\/ro\/wp-json\/wp\/v2\/media?parent=13118"}],"wp:term":[{"taxonomy":"product_brand","embeddable":true,"href":"https:\/\/business.roovi.com\/ro\/wp-json\/wp\/v2\/product_brand?post=13118"},{"taxonomy":"product_cat","embeddable":true,"href":"https:\/\/business.roovi.com\/ro\/wp-json\/wp\/v2\/product_cat?post=13118"},{"taxonomy":"product_tag","embeddable":true,"href":"https:\/\/business.roovi.com\/ro\/wp-json\/wp\/v2\/product_tag?post=13118"}],"curies":[{"name":"wp","href":"https:\/\/api.w.org\/{rel}","templated":true}]}}