{"id":13141,"date":"2018-04-16T10:56:08","date_gmt":"2018-04-16T10:56:08","guid":{"rendered":"https:\/\/business.roovi.com\/product\/joc-cat-face\/"},"modified":"2025-03-11T10:04:31","modified_gmt":"2025-03-11T10:04:31","slug":"joc-cat-face","status":"publish","type":"product","link":"https:\/\/business.roovi.com\/ro\/joc-cat-face\/p\/","title":{"rendered":"C\u00e2t face &#8211; Joc educativ pentru a \u00eenv\u0103\u021ba opera\u021bii matematice simple"},"content":{"rendered":"<p><iframe loading=\"lazy\" title=\"C\u00e2t face?\" width=\"500\" height=\"281\" src=\"https:\/\/www.youtube.com\/embed\/oGBm8_CnLBc?feature=oembed\" frameborder=\"0\" allow=\"accelerometer; autoplay; clipboard-write; encrypted-media; gyroscope; picture-in-picture; web-share\" referrerpolicy=\"strict-origin-when-cross-origin\" allowfullscreen><\/iframe><\/p>\n<p><span style=\"font-weight: 400;\">Cine-ar fi crezut c\u0103 matematica poate fi distractiv\u0103? Sau c\u0103 \u00eenmul\u021birile \u0219i \u00eemp\u0103r\u021birile se pot \u00eenv\u0103\u021ba \u00een joac\u0103?<\/span><\/p>\n<p><span style=\"font-weight: 400;\">Cu ajutorul jocului C\u00e2t Face? chiar este posibil ca cei mici s\u0103 se distreze \u00een timp ce exerseaz\u0103 opera\u021bii matematice.\u00a0<\/span><\/p>\n<p><span style=\"font-weight: 400;\">Mai mult, vor descoperi \u00een acela\u0219i timp lumea fantastic\u0103 a animalelor \u0219i a pas\u0103rilor, \u00eembog\u0103\u021bindu-\u0219i cuno\u0219tin\u021bele generale.<\/span><\/p>\n<h2><span style=\"font-weight: 400;\">\u0218tiai c\u0103 jocul C\u00e2t Face?&#8230;<\/span><\/h2>\n<p><span style=\"font-weight: 400;\">Ajut\u0103 la dezvoltarea g\u00e2ndirii asociative.\u00a0<\/span><\/p>\n<p><span style=\"font-weight: 400;\">Stimuleaz\u0103 g\u00e2ndirea logic\u0103 \u0219i memoria.<\/span><\/p>\n<p><span style=\"font-weight: 400;\">Pune bazele unor no\u021biuni matematice elementare \u00eentr-un mod diferit de rigoarea \u0219colar\u0103, iar copiii se implic\u0103 f\u0103r\u0103 s\u0103 simt\u0103 presiune.\u00a0<\/span><\/p>\n<p><span style=\"font-weight: 400;\">\u00cenv\u0103\u021barea prin joac\u0103 este cea mai sigur\u0103 metod\u0103 ca cei mici s\u0103 nu uite niciodat\u0103 informa\u021bia.\u00a0<\/span><\/p>\n<p><span style=\"font-weight: 400;\">Stimuleaz\u0103 aten\u021bia \u0219i concentrarea.<\/span><\/p>\n<p><span style=\"font-weight: 400;\">Dezvolt\u0103 dexteritatea \u0219i agilitatea.<\/span><\/p>\n<h2><span style=\"font-weight: 400;\">De ce s\u0103 alegi jocul C\u00e2t Face?<\/span><\/h2>\n<p><span style=\"font-weight: 400;\">Jocul C\u00e2t Face? apar\u021bine colec\u021biei de jocuri rom\u00e2ne\u0219ti, proiectate \u0219i fabricate \u00een Rom\u00e2nia.\u00a0<\/span><\/p>\n<p><span style=\"font-weight: 400;\">A fost inventat \u0219i ilustrat de Ioan Nicolau, graficianul care credea cu t\u0103rie \u00een educa\u021bia prin joc \u0219i care a reu\u0219it prin crea\u021biile sale s\u0103 schimbe vie\u021bile a mii de copii.\u00a0<\/span><\/p>\n<p><span style=\"font-weight: 400;\">\u00cen anii 70 &#8211; 80, Ioan Nicolau a inventat \u0219i ilustrat sute de jocuri pentru copii\u00a0 \u0219i a devenit celebru datorit\u0103 jocului Animale din Continente.\u00a0<\/span><\/p>\n<p><span style=\"font-weight: 400;\">Un concept de joc amuzant \u0219i original, ce are la baz\u0103 calcule simple matematice, cu no\u021biuni de \u00eenmul\u021bire \u0219i \u00eemp\u0103r\u021bire, asociate cu imagini ale diferitelor p\u0103s\u0103ri \u0219i animale.<\/span><\/p>\n<p><span style=\"font-weight: 400;\">V\u00e2rst\u0103 recomandat\u0103: 8+<\/span><\/p>\n<p><span style=\"font-weight: 400;\">Juc\u0103tori: 2 &#8211; 5 persoane<\/span><\/p>\n<p><span style=\"font-weight: 400;\">Cutia con\u021bine: 48 plachete cu animale \u0219i opera\u021bii, 4 plan\u0219e de joc cu rezultate, regulamentul jocului.<\/span><\/p>\n<p><span style=\"font-weight: 400;\">Joc nerecomandat copiilor sub 3 ani.<\/span><\/p>\n<p>&nbsp;<\/p>\n","protected":false},"excerpt":{"rendered":"<p>Cine-ar fi crezut c\u0103 matematica poate fi distractiv\u0103? Sau c\u0103 \u00eenmul\u021birile \u0219i \u00eemp\u0103r\u021birile se pot \u00eenv\u0103\u021ba \u00een joac\u0103? Cu ajutorul<\/p>\n","protected":false},"featured_media":72766,"template":"","meta":[],"product_brand":[],"product_cat":[1461,1467,1508],"product_tag":[],"class_list":{"0":"post-13141","1":"product","2":"type-product","3":"status-publish","4":"has-post-thumbnail","6":"product_cat-jocuri-romanesti","7":"product_cat-jocuri-de-societate","8":"product_cat-jocuri-educative-si-tip-quiz","9":"pa_brand-d_toys","10":"pa_country_of_manufacture-ro","11":"pa_filter_age-7_9","12":"pa_filter_age-9_14","13":"pa_filter_age-1315","14":"pa_tip_ambalaj-kasten-a4-ro","16":"first","17":"instock","18":"product-type-simple"},"yoast_head":"<!-- This site is optimized with the Yoast SEO plugin v20.1 - https:\/\/yoast.com\/wordpress\/plugins\/seo\/ -->\n<title>C\u00e2t face - Joc educativ pentru a \u00eenv\u0103\u021ba opera\u021bii matematice simple - Roovi B2B<\/title>\n<meta name=\"robots\" content=\"index, follow, max-snippet:-1, max-image-preview:large, max-video-preview:-1\" \/>\n<link rel=\"canonical\" href=\"https:\/\/www.roovi.ro\/joc-cat-face\/p\/\" \/>\n<meta property=\"og:locale\" content=\"ro_RO\" \/>\n<meta property=\"og:type\" content=\"article\" \/>\n<meta property=\"og:title\" content=\"C\u00e2t face - Joc educativ pentru a \u00eenv\u0103\u021ba opera\u021bii matematice simple - Roovi B2B\" \/>\n<meta property=\"og:description\" content=\"Cine-ar fi crezut c\u0103 matematica poate fi distractiv\u0103? Sau c\u0103 \u00eenmul\u021birile \u0219i \u00eemp\u0103r\u021birile se pot \u00eenv\u0103\u021ba \u00een joac\u0103? Cu ajutorul\" \/>\n<meta property=\"og:url\" content=\"https:\/\/www.roovi.ro\/joc-cat-face\/p\/\" \/>\n<meta property=\"og:site_name\" content=\"Roovi B2B\" \/>\n<meta property=\"article:publisher\" content=\"https:\/\/www.facebook.com\/wwwjucariero\" \/>\n<meta property=\"article:modified_time\" content=\"2025-03-11T10:04:31+00:00\" \/>\n<meta property=\"og:image\" content=\"https:\/\/business.roovi.com\/wp-content\/uploads\/2018\/04\/cat-face_71972.jpg\" \/>\n\t<meta property=\"og:image:width\" content=\"1200\" \/>\n\t<meta property=\"og:image:height\" content=\"1200\" \/>\n\t<meta property=\"og:image:type\" content=\"image\/jpeg\" \/>\n<meta name=\"twitter:label1\" content=\"Timp estimat pentru citire\" \/>\n\t<meta name=\"twitter:data1\" content=\"2 minute\" \/>\n<script type=\"application\/ld+json\" class=\"yoast-schema-graph\">{\"@context\":\"https:\/\/schema.org\",\"@graph\":[{\"@type\":\"WebPage\",\"@id\":\"https:\/\/business.roovi.com\/ro\/joc-cat-face\/p\/\",\"url\":\"https:\/\/www.roovi.ro\/joc-cat-face\/p\/\",\"name\":\"C\u00e2t face - Joc educativ pentru a \u00eenv\u0103\u021ba opera\u021bii matematice simple - Roovi B2B\",\"isPartOf\":{\"@id\":\"https:\/\/business.roovi.com\/ro\/#website\"},\"datePublished\":\"2018-04-16T10:56:08+00:00\",\"dateModified\":\"2025-03-11T10:04:31+00:00\",\"breadcrumb\":{\"@id\":\"https:\/\/www.roovi.ro\/joc-cat-face\/p\/#breadcrumb\"},\"inLanguage\":\"ro-RO\",\"potentialAction\":[{\"@type\":\"ReadAction\",\"target\":[\"https:\/\/www.roovi.ro\/joc-cat-face\/p\/\"]}]},{\"@type\":\"BreadcrumbList\",\"@id\":\"https:\/\/www.roovi.ro\/joc-cat-face\/p\/#breadcrumb\",\"itemListElement\":[{\"@type\":\"ListItem\",\"position\":1,\"name\":\"Home\",\"item\":\"https:\/\/business.roovi.com\/ro\/\"},{\"@type\":\"ListItem\",\"position\":2,\"name\":\"Magazin\",\"item\":\"https:\/\/business.roovi.com\/ro\/magazin\/\"},{\"@type\":\"ListItem\",\"position\":3,\"name\":\"C\u00e2t face &#8211; Joc educativ pentru a \u00eenv\u0103\u021ba opera\u021bii matematice simple\"}]},{\"@type\":\"WebSite\",\"@id\":\"https:\/\/business.roovi.com\/ro\/#website\",\"url\":\"https:\/\/business.roovi.com\/ro\/\",\"name\":\"Roovi B2B\",\"description\":\"Roovi Business Website\",\"potentialAction\":[{\"@type\":\"SearchAction\",\"target\":{\"@type\":\"EntryPoint\",\"urlTemplate\":\"https:\/\/business.roovi.com\/ro\/?s={search_term_string}\"},\"query-input\":\"required name=search_term_string\"}],\"inLanguage\":\"ro-RO\"}]}<\/script>\n<!-- \/ Yoast SEO plugin. -->","yoast_head_json":{"title":"C\u00e2t face - Joc educativ pentru a \u00eenv\u0103\u021ba opera\u021bii matematice simple - Roovi B2B","robots":{"index":"index","follow":"follow","max-snippet":"max-snippet:-1","max-image-preview":"max-image-preview:large","max-video-preview":"max-video-preview:-1"},"canonical":"https:\/\/www.roovi.ro\/joc-cat-face\/p\/","og_locale":"ro_RO","og_type":"article","og_title":"C\u00e2t face - Joc educativ pentru a \u00eenv\u0103\u021ba opera\u021bii matematice simple - Roovi B2B","og_description":"Cine-ar fi crezut c\u0103 matematica poate fi distractiv\u0103? Sau c\u0103 \u00eenmul\u021birile \u0219i \u00eemp\u0103r\u021birile se pot \u00eenv\u0103\u021ba \u00een joac\u0103? Cu ajutorul","og_url":"https:\/\/www.roovi.ro\/joc-cat-face\/p\/","og_site_name":"Roovi B2B","article_publisher":"https:\/\/www.facebook.com\/wwwjucariero","article_modified_time":"2025-03-11T10:04:31+00:00","og_image":[{"width":1200,"height":1200,"url":"https:\/\/business.roovi.com\/wp-content\/uploads\/2018\/04\/cat-face_71972.jpg","type":"image\/jpeg"}],"twitter_misc":{"Timp estimat pentru citire":"2 minute"},"schema":{"@context":"https:\/\/schema.org","@graph":[{"@type":"WebPage","@id":"https:\/\/business.roovi.com\/ro\/joc-cat-face\/p\/","url":"https:\/\/www.roovi.ro\/joc-cat-face\/p\/","name":"C\u00e2t face - Joc educativ pentru a \u00eenv\u0103\u021ba opera\u021bii matematice simple - Roovi B2B","isPartOf":{"@id":"https:\/\/business.roovi.com\/ro\/#website"},"datePublished":"2018-04-16T10:56:08+00:00","dateModified":"2025-03-11T10:04:31+00:00","breadcrumb":{"@id":"https:\/\/www.roovi.ro\/joc-cat-face\/p\/#breadcrumb"},"inLanguage":"ro-RO","potentialAction":[{"@type":"ReadAction","target":["https:\/\/www.roovi.ro\/joc-cat-face\/p\/"]}]},{"@type":"BreadcrumbList","@id":"https:\/\/www.roovi.ro\/joc-cat-face\/p\/#breadcrumb","itemListElement":[{"@type":"ListItem","position":1,"name":"Home","item":"https:\/\/business.roovi.com\/ro\/"},{"@type":"ListItem","position":2,"name":"Magazin","item":"https:\/\/business.roovi.com\/ro\/magazin\/"},{"@type":"ListItem","position":3,"name":"C\u00e2t face &#8211; Joc educativ pentru a \u00eenv\u0103\u021ba opera\u021bii matematice simple"}]},{"@type":"WebSite","@id":"https:\/\/business.roovi.com\/ro\/#website","url":"https:\/\/business.roovi.com\/ro\/","name":"Roovi B2B","description":"Roovi Business Website","potentialAction":[{"@type":"SearchAction","target":{"@type":"EntryPoint","urlTemplate":"https:\/\/business.roovi.com\/ro\/?s={search_term_string}"},"query-input":"required name=search_term_string"}],"inLanguage":"ro-RO"}]}},"_links":{"self":[{"href":"https:\/\/business.roovi.com\/ro\/wp-json\/wp\/v2\/product\/13141","targetHints":{"allow":["GET"]}}],"collection":[{"href":"https:\/\/business.roovi.com\/ro\/wp-json\/wp\/v2\/product"}],"about":[{"href":"https:\/\/business.roovi.com\/ro\/wp-json\/wp\/v2\/types\/product"}],"version-history":[{"count":0,"href":"https:\/\/business.roovi.com\/ro\/wp-json\/wp\/v2\/product\/13141\/revisions"}],"wp:featuredmedia":[{"embeddable":true,"href":"https:\/\/business.roovi.com\/ro\/wp-json\/wp\/v2\/media\/72766"}],"wp:attachment":[{"href":"https:\/\/business.roovi.com\/ro\/wp-json\/wp\/v2\/media?parent=13141"}],"wp:term":[{"taxonomy":"product_brand","embeddable":true,"href":"https:\/\/business.roovi.com\/ro\/wp-json\/wp\/v2\/product_brand?post=13141"},{"taxonomy":"product_cat","embeddable":true,"href":"https:\/\/business.roovi.com\/ro\/wp-json\/wp\/v2\/product_cat?post=13141"},{"taxonomy":"product_tag","embeddable":true,"href":"https:\/\/business.roovi.com\/ro\/wp-json\/wp\/v2\/product_tag?post=13141"}],"curies":[{"name":"wp","href":"https:\/\/api.w.org\/{rel}","templated":true}]}}