{"id":13161,"date":"2018-04-16T10:56:08","date_gmt":"2018-04-16T10:56:08","guid":{"rendered":"https:\/\/business.roovi.com\/product\/joc-buboo-sa-invatam-alfabetul\/"},"modified":"2025-03-13T09:04:17","modified_gmt":"2025-03-13T09:04:17","slug":"joc-buboo-sa-invatam-alfabetul","status":"publish","type":"product","link":"https:\/\/business.roovi.com\/ro\/joc-buboo-sa-invatam-alfabetul\/p\/","title":{"rendered":"Joc Buboo \u2013 S\u0103 \u00cenv\u0103\u021b\u0103m Alfabetul \u2013 Joc educativ"},"content":{"rendered":"<p><span style=\"font-weight: 400;\">A, B, C, D\u2026a\u0219a \u00eencep micu\u021bii curio\u0219i s\u0103 descopere lumea. Liter\u0103 cu liter\u0103 \u0219i cuv\u00e2nt cu cuv\u00e2nt. Folosim literele \u00eenc\u0103 dinainte s\u0103 le cunoa\u0219tem sau s\u0103 le putem scrie \u0219i numi, nu-i a\u0219a?<\/span><\/p>\n<p><span style=\"font-weight: 400;\">Iar c\u00e2nd copiii sunt gata s\u0103 le \u00eenve\u021be, \u00eencepe perioada lui \u201cAici ce scrie?\u201d, \u201cCe liter\u0103 e asta?\u201d \u0219i \u201ccum se scrie Mama?\u201d.<\/span><\/p>\n<p><span style=\"font-weight: 400;\">Descoper\u0103 un joc interactiv \u0219i amuzant prin care \u00eei po\u021bi familiariza pe cei mici cu literele, \u0219i transform\u0103 \u00eenv\u0103\u021barea \u00een distrac\u021bie cu ajutorul Jocului Buboo &#8211; S\u0103 \u00cenv\u0103\u021b\u0103m Alfabetul.<\/span><\/p>\n<p><span style=\"font-weight: 400;\">Cu ajutorul simpaticei Bufnite Buboo, copiii vor \u00eenv\u0103\u021ba alfabetul \u00eentr-un mod distractiv, vor putea recunoa\u0219te literele cu u\u0219urin\u021b\u0103 \u0219i \u00ee\u0219i vor dezvolta vocabularul, \u00eenv\u0103\u021b\u00e2nd s\u0103 fac\u0103 asocieri \u00eentre litere \u0219i cuvinte.<\/span><\/p>\n<p><span style=\"font-weight: 400;\">Practic, Bufnita Buboo este profesorul amuzant pe care orice micu\u021b \u0219i l-ar dori c\u00e2nd descoper\u0103 tainele literelor.\u00a0<\/span><\/p>\n<h2><span style=\"font-weight: 400;\">\u0218tiai c\u0103 Jocul Buboo &#8211; S\u0103 \u00cenv\u0103\u021b\u0103m Alfabetul\u2026<\/span><\/h2>\n<ul>\n<li><span style=\"font-weight: 400;\">Ajut\u0103 \u0219i sus\u021bine dezvoltarea timpurie a limbajului.<\/span><\/li>\n<li><span style=\"font-weight: 400;\">\u00cei ajut\u0103 pe copii s\u0103 \u00eenve\u021be cu u\u0219urin\u021b\u0103 literele alfabetului.<\/span><\/li>\n<li><span style=\"font-weight: 400;\">Dezvolt\u0103 g\u00e2ndirea asociativ\u0103.<\/span><\/li>\n<li><span style=\"font-weight: 400;\">Este un antrenor perfect pentru dezvoltarea dexterit\u0103\u021bii \u0219i agilit\u0103\u021bii.<\/span><\/li>\n<li><span style=\"font-weight: 400;\">Joac\u0103 un rol important \u00een dezvoltarea logicii \u0219i a memoriei.<\/span><\/li>\n<li><span style=\"font-weight: 400;\">Este un joc amuzant \u0219i foarte apreciat de copii dar \u0219i de adul\u021bi, care se pot deveni partenerii de joac\u0103 ai copiilor.<\/span><\/li>\n<li><span style=\"font-weight: 400;\">Stimuleaz\u0103 men\u021binerea concentr\u0103rii \u0219i aten\u021biei.<\/span><\/li>\n<li><span style=\"font-weight: 400;\">Te va surprinde c\u00e2nd copilul va \u00eencepe s\u0103 citeasc\u0103 chiar \u00eenainte de a merge la scoala.\u00a0<\/span><\/li>\n<\/ul>\n<h2><span style=\"font-weight: 400;\">De ce s\u0103 alegi Jocul\u00a0 Buboo &#8211; S\u0103 \u00cenv\u0103\u021b\u0103m Alfabetul<\/span><\/h2>\n<p><span style=\"font-weight: 400;\">Jocul S\u0103 \u00cenv\u0103\u021b\u0103m Alfabetul face parte din colec\u021bia de jocuri educative ce o au c\u0103 protagonist\u0103 pe simpatica bufni\u021b\u0103 Buboo, pe care copiii o \u00eendr\u0103gesc imediat.\u00a0<\/span><\/p>\n<p><span style=\"font-weight: 400;\">Cu ajutorul jocurilor educative cei mici descoper\u0103 lumea \u00eentr-un mod distractiv \u0219i \u00eenva\u021b\u0103 s\u0103 citeasc\u0103, s\u0103 scrie sau s\u0103 calculeze \u00een joac\u0103.<\/span><\/p>\n<p><span style=\"font-weight: 400;\">Regulamentul jocului Buboo &#8211; S\u0103 \u00cenv\u0103\u021b\u0103m Alfabetul include mai multe variante de joc, potrivite \u0219i pentru micu\u021bii care abia descoper\u0103 tainele literelor, dar \u0219i pentru copiii mai mari &#8211; juc\u0103tori avansa\u021bi \u00eentr-ale cititului. Astfel, este un joc potrivit \u0219i pentru pre\u0219colari, dar \u0219i pentru \u0219colarii care vor s\u0103 exerseze alfabetul.<\/span><\/p>\n<p><span style=\"font-weight: 400;\">Jocul poate fi jucat de un singur copil sau poate deveni un amuzant \u0219i interactiv joc de societate, potrivit pentru o petrecere sau pentru momentele \u00een care vrei s\u0103 le oferi celor mici o ocupa\u021bie.<\/span><\/p>\n<p><span style=\"font-weight: 400;\">Dac\u0103 e\u0219ti \u00een c\u0103utarea unui joc iste\u021b din care copiii s\u0103 \u00eenve\u021be no\u021biuni de baz\u0103 cum este alfabetul \u0219i cititul, dar care s\u0103 fie amuzant \u0219i jucat de pl\u0103cere, atunci Jocul Buboo &#8211; S\u0103 \u00cenv\u0103\u021b\u0103m Alfabetul este alegerea perfect\u0103. Spor la joac\u0103 al\u0103turi de Buboo!\u00a0<\/span><\/p>\n<p><span style=\"font-weight: 400;\">V\u00e2rsta recomandat\u0103: 4+<\/span><\/p>\n<p><span style=\"font-weight: 400;\">Juc\u0103tori: 1-6 persoane<\/span><\/p>\n<p><span style=\"font-weight: 400;\">Cutia con\u021bine: <\/span><span style=\"font-weight: 400;\">56 jetoane de joc cu dou\u0103 fe\u021be, 64 c\u0103r\u021bi de joc cu dou\u0103 fe\u021be \u0219i bufni\u021ba Buboo care distribuie jetoanele de joc printr-un mecanism special.<\/span><\/p>\n<p><span style=\"font-weight: 400;\">Jocul nu este recomandat copiilor mai mici de 3 ani.<\/span><\/p>\n","protected":false},"excerpt":{"rendered":"<p>A, B, C, D\u2026a\u0219a \u00eencep micu\u021bii curio\u0219i s\u0103 descopere lumea. Liter\u0103 cu liter\u0103 \u0219i cuv\u00e2nt cu cuv\u00e2nt. Folosim literele \u00eenc\u0103<\/p>\n","protected":false},"featured_media":13157,"template":"","meta":[],"product_brand":[],"product_cat":[1467,1508],"product_tag":[],"class_list":{"0":"post-13161","1":"product","2":"type-product","3":"status-publish","4":"has-post-thumbnail","6":"product_cat-jocuri-de-societate","7":"product_cat-jocuri-educative-si-tip-quiz","8":"pa_brand-d_toys","9":"pa_country_of_manufacture-ro","10":"pa_filter_age-3_5","11":"pa_filter_age-5_7","12":"pa_filter_age-7_9","13":"pa_tip_ambalaj-cutie","15":"first","16":"instock","17":"product-type-simple"},"yoast_head":"<!-- This site is optimized with the Yoast SEO plugin v20.1 - https:\/\/yoast.com\/wordpress\/plugins\/seo\/ -->\n<title>Joc Buboo \u2013 S\u0103 \u00cenv\u0103\u021b\u0103m Alfabetul \u2013 Joc educativ - Roovi B2B<\/title>\n<meta name=\"robots\" content=\"index, follow, max-snippet:-1, max-image-preview:large, max-video-preview:-1\" \/>\n<link rel=\"canonical\" href=\"https:\/\/www.roovi.ro\/joc-buboo-sa-invatam-alfabetul\/p\/\" \/>\n<meta property=\"og:locale\" content=\"ro_RO\" \/>\n<meta property=\"og:type\" content=\"article\" \/>\n<meta property=\"og:title\" content=\"Joc Buboo \u2013 S\u0103 \u00cenv\u0103\u021b\u0103m Alfabetul \u2013 Joc educativ - Roovi B2B\" \/>\n<meta property=\"og:description\" content=\"A, B, C, D\u2026a\u0219a \u00eencep micu\u021bii curio\u0219i s\u0103 descopere lumea. Liter\u0103 cu liter\u0103 \u0219i cuv\u00e2nt cu cuv\u00e2nt. Folosim literele \u00eenc\u0103\" \/>\n<meta property=\"og:url\" content=\"https:\/\/www.roovi.ro\/joc-buboo-sa-invatam-alfabetul\/p\/\" \/>\n<meta property=\"og:site_name\" content=\"Roovi B2B\" \/>\n<meta property=\"article:publisher\" content=\"https:\/\/www.facebook.com\/wwwjucariero\" \/>\n<meta property=\"article:modified_time\" content=\"2025-03-13T09:04:17+00:00\" \/>\n<meta property=\"og:image\" content=\"https:\/\/business.roovi.com\/wp-content\/uploads\/2018\/04\/72139_elo_1.jpg\" \/>\n\t<meta property=\"og:image:width\" content=\"1200\" \/>\n\t<meta property=\"og:image:height\" content=\"1200\" \/>\n\t<meta property=\"og:image:type\" content=\"image\/jpeg\" \/>\n<meta name=\"twitter:label1\" content=\"Timp estimat pentru citire\" \/>\n\t<meta name=\"twitter:data1\" content=\"2 minute\" \/>\n<script type=\"application\/ld+json\" class=\"yoast-schema-graph\">{\"@context\":\"https:\/\/schema.org\",\"@graph\":[{\"@type\":\"WebPage\",\"@id\":\"https:\/\/business.roovi.com\/ro\/joc-buboo-sa-invatam-alfabetul\/p\/\",\"url\":\"https:\/\/www.roovi.ro\/joc-buboo-sa-invatam-alfabetul\/p\/\",\"name\":\"Joc Buboo \u2013 S\u0103 \u00cenv\u0103\u021b\u0103m Alfabetul \u2013 Joc educativ - Roovi B2B\",\"isPartOf\":{\"@id\":\"https:\/\/business.roovi.com\/ro\/#website\"},\"datePublished\":\"2018-04-16T10:56:08+00:00\",\"dateModified\":\"2025-03-13T09:04:17+00:00\",\"breadcrumb\":{\"@id\":\"https:\/\/www.roovi.ro\/joc-buboo-sa-invatam-alfabetul\/p\/#breadcrumb\"},\"inLanguage\":\"ro-RO\",\"potentialAction\":[{\"@type\":\"ReadAction\",\"target\":[\"https:\/\/www.roovi.ro\/joc-buboo-sa-invatam-alfabetul\/p\/\"]}]},{\"@type\":\"BreadcrumbList\",\"@id\":\"https:\/\/www.roovi.ro\/joc-buboo-sa-invatam-alfabetul\/p\/#breadcrumb\",\"itemListElement\":[{\"@type\":\"ListItem\",\"position\":1,\"name\":\"Home\",\"item\":\"https:\/\/business.roovi.com\/ro\/\"},{\"@type\":\"ListItem\",\"position\":2,\"name\":\"Magazin\",\"item\":\"https:\/\/business.roovi.com\/ro\/magazin\/\"},{\"@type\":\"ListItem\",\"position\":3,\"name\":\"Joc Buboo \u2013 S\u0103 \u00cenv\u0103\u021b\u0103m Alfabetul \u2013 Joc educativ\"}]},{\"@type\":\"WebSite\",\"@id\":\"https:\/\/business.roovi.com\/ro\/#website\",\"url\":\"https:\/\/business.roovi.com\/ro\/\",\"name\":\"Roovi B2B\",\"description\":\"Roovi Business Website\",\"potentialAction\":[{\"@type\":\"SearchAction\",\"target\":{\"@type\":\"EntryPoint\",\"urlTemplate\":\"https:\/\/business.roovi.com\/ro\/?s={search_term_string}\"},\"query-input\":\"required name=search_term_string\"}],\"inLanguage\":\"ro-RO\"}]}<\/script>\n<!-- \/ Yoast SEO plugin. -->","yoast_head_json":{"title":"Joc Buboo \u2013 S\u0103 \u00cenv\u0103\u021b\u0103m Alfabetul \u2013 Joc educativ - Roovi B2B","robots":{"index":"index","follow":"follow","max-snippet":"max-snippet:-1","max-image-preview":"max-image-preview:large","max-video-preview":"max-video-preview:-1"},"canonical":"https:\/\/www.roovi.ro\/joc-buboo-sa-invatam-alfabetul\/p\/","og_locale":"ro_RO","og_type":"article","og_title":"Joc Buboo \u2013 S\u0103 \u00cenv\u0103\u021b\u0103m Alfabetul \u2013 Joc educativ - Roovi B2B","og_description":"A, B, C, D\u2026a\u0219a \u00eencep micu\u021bii curio\u0219i s\u0103 descopere lumea. Liter\u0103 cu liter\u0103 \u0219i cuv\u00e2nt cu cuv\u00e2nt. Folosim literele \u00eenc\u0103","og_url":"https:\/\/www.roovi.ro\/joc-buboo-sa-invatam-alfabetul\/p\/","og_site_name":"Roovi B2B","article_publisher":"https:\/\/www.facebook.com\/wwwjucariero","article_modified_time":"2025-03-13T09:04:17+00:00","og_image":[{"width":1200,"height":1200,"url":"https:\/\/business.roovi.com\/wp-content\/uploads\/2018\/04\/72139_elo_1.jpg","type":"image\/jpeg"}],"twitter_misc":{"Timp estimat pentru citire":"2 minute"},"schema":{"@context":"https:\/\/schema.org","@graph":[{"@type":"WebPage","@id":"https:\/\/business.roovi.com\/ro\/joc-buboo-sa-invatam-alfabetul\/p\/","url":"https:\/\/www.roovi.ro\/joc-buboo-sa-invatam-alfabetul\/p\/","name":"Joc Buboo \u2013 S\u0103 \u00cenv\u0103\u021b\u0103m Alfabetul \u2013 Joc educativ - Roovi B2B","isPartOf":{"@id":"https:\/\/business.roovi.com\/ro\/#website"},"datePublished":"2018-04-16T10:56:08+00:00","dateModified":"2025-03-13T09:04:17+00:00","breadcrumb":{"@id":"https:\/\/www.roovi.ro\/joc-buboo-sa-invatam-alfabetul\/p\/#breadcrumb"},"inLanguage":"ro-RO","potentialAction":[{"@type":"ReadAction","target":["https:\/\/www.roovi.ro\/joc-buboo-sa-invatam-alfabetul\/p\/"]}]},{"@type":"BreadcrumbList","@id":"https:\/\/www.roovi.ro\/joc-buboo-sa-invatam-alfabetul\/p\/#breadcrumb","itemListElement":[{"@type":"ListItem","position":1,"name":"Home","item":"https:\/\/business.roovi.com\/ro\/"},{"@type":"ListItem","position":2,"name":"Magazin","item":"https:\/\/business.roovi.com\/ro\/magazin\/"},{"@type":"ListItem","position":3,"name":"Joc Buboo \u2013 S\u0103 \u00cenv\u0103\u021b\u0103m Alfabetul \u2013 Joc educativ"}]},{"@type":"WebSite","@id":"https:\/\/business.roovi.com\/ro\/#website","url":"https:\/\/business.roovi.com\/ro\/","name":"Roovi B2B","description":"Roovi Business Website","potentialAction":[{"@type":"SearchAction","target":{"@type":"EntryPoint","urlTemplate":"https:\/\/business.roovi.com\/ro\/?s={search_term_string}"},"query-input":"required name=search_term_string"}],"inLanguage":"ro-RO"}]}},"_links":{"self":[{"href":"https:\/\/business.roovi.com\/ro\/wp-json\/wp\/v2\/product\/13161","targetHints":{"allow":["GET"]}}],"collection":[{"href":"https:\/\/business.roovi.com\/ro\/wp-json\/wp\/v2\/product"}],"about":[{"href":"https:\/\/business.roovi.com\/ro\/wp-json\/wp\/v2\/types\/product"}],"version-history":[{"count":0,"href":"https:\/\/business.roovi.com\/ro\/wp-json\/wp\/v2\/product\/13161\/revisions"}],"wp:featuredmedia":[{"embeddable":true,"href":"https:\/\/business.roovi.com\/ro\/wp-json\/wp\/v2\/media\/13157"}],"wp:attachment":[{"href":"https:\/\/business.roovi.com\/ro\/wp-json\/wp\/v2\/media?parent=13161"}],"wp:term":[{"taxonomy":"product_brand","embeddable":true,"href":"https:\/\/business.roovi.com\/ro\/wp-json\/wp\/v2\/product_brand?post=13161"},{"taxonomy":"product_cat","embeddable":true,"href":"https:\/\/business.roovi.com\/ro\/wp-json\/wp\/v2\/product_cat?post=13161"},{"taxonomy":"product_tag","embeddable":true,"href":"https:\/\/business.roovi.com\/ro\/wp-json\/wp\/v2\/product_tag?post=13161"}],"curies":[{"name":"wp","href":"https:\/\/api.w.org\/{rel}","templated":true}]}}