{"id":13231,"date":"2018-04-16T10:56:08","date_gmt":"2018-04-16T10:56:08","guid":{"rendered":"https:\/\/business.roovi.com\/product\/joc-buboo-alimentatia-sanatoasa\/"},"modified":"2022-08-15T11:46:40","modified_gmt":"2022-08-15T11:46:40","slug":"joc-buboo-alimentatia-sanatoasa","status":"publish","type":"product","link":"https:\/\/business.roovi.com\/ro\/joc-buboo-alimentatia-sanatoasa\/p\/","title":{"rendered":"Joc Buboo &#8211; Alimenta\u021bie s\u0103n\u0103toas\u0103 &#8211; Joc educativ"},"content":{"rendered":"<p>Prepar\u0103 meniuri delicioase cu Bufni\u021ba Buboo ca s\u0103 te sim\u021bi plin de energie \u0219i de vitalitate! Cu ajutorul jocului Buboo &#8211; Alimenta\u021bia s\u0103n\u0103toas\u0103, bufni\u021ba te \u00eenva\u021b\u0103 ce alimente s\u0103 pui pe farfurie ca organismul t\u0103u s\u0103 fie super s\u0103n\u0103tos! \u00cenva\u021b\u0103 despre cele 6 categorii nutri\u021bionale \u0219i \u00een ce cantit\u0103\u021bi s\u0103 consumi alimentele corespunz\u0103toare acestora! Jocul Bufni\u021ba Buboo \u2013 Alimenta\u021bia s\u0103n\u0103toas\u0103 con\u021bine 16 plan\u0219e de joc, cu meniuri \u0219i piramide, fiecare av\u00e2nd 2 fe\u021be, precum \u0219i jetoane de joc cu diferite alimente. Joac\u0103-te singur sau cu prietenii! Dac\u0103-i trage\u021bi jos ochi\u0219orii, Bufni\u021ba Buboo v\u0103 va oferi jetoane frumos colorate.<br \/>\nScopul jocului este s\u0103 completa\u021bi categoriile nutri\u021bionale de pe plan\u0219ele voastre cu jetoanele absente. Citi\u021bi mai multe despre alimenta\u021bia s\u0103n\u0103toas\u0103 din c\u0103rticica informativ\u0103, inclus\u0103 \u00een joc. Con\u021binut: bufni\u021ba Buboo, 32 plan\u0219e de joc cu 2 fe\u021be, 56 jetoane de joc, o c\u0103rticic\u0103 informativ\u0103 despre alimenta\u021bia s\u0103n\u0103toas\u0103, regulament de joc. Jocul are 2 variante de joc. Recomandat copiilor mai mari de 6 ani, pentru 1-4 juc\u0103tori.<br \/><\/p>\n","protected":false},"excerpt":{"rendered":"<p>Prepar\u0103 meniuri delicioase cu Bufni\u021ba Buboo ca s\u0103 te sim\u021bi plin de energie \u0219i de vitalitate! Cu ajutorul jocului Buboo<\/p>\n","protected":false},"featured_media":13227,"template":"","meta":[],"product_brand":[],"product_cat":[1467,1508],"product_tag":[],"class_list":{"0":"post-13231","1":"product","2":"type-product","3":"status-publish","4":"has-post-thumbnail","6":"product_cat-jocuri-de-societate","7":"product_cat-jocuri-educative-si-tip-quiz","8":"pa_brand-d_toys","9":"pa_country_of_manufacture-ro","10":"pa_filter_age-7_9","11":"pa_filter_age-9_14","12":"pa_tip_ambalaj-cutie","14":"first","15":"instock","16":"taxable","17":"shipping-taxable","18":"product-type-simple"},"yoast_head":"<!-- This site is optimized with the Yoast SEO plugin v20.1 - https:\/\/yoast.com\/wordpress\/plugins\/seo\/ -->\n<title>Joc Buboo - Alimenta\u021bie s\u0103n\u0103toas\u0103 - Joc educativ - Roovi B2B<\/title>\n<meta name=\"robots\" content=\"index, follow, max-snippet:-1, max-image-preview:large, max-video-preview:-1\" \/>\n<link rel=\"canonical\" href=\"https:\/\/www.roovi.ro\/joc-buboo-alimentatia-sanatoasa\/p\/\" \/>\n<meta property=\"og:locale\" content=\"ro_RO\" \/>\n<meta property=\"og:type\" content=\"article\" \/>\n<meta property=\"og:title\" content=\"Joc Buboo - Alimenta\u021bie s\u0103n\u0103toas\u0103 - Joc educativ - Roovi B2B\" \/>\n<meta property=\"og:description\" content=\"Prepar\u0103 meniuri delicioase cu Bufni\u021ba Buboo ca s\u0103 te sim\u021bi plin de energie \u0219i de vitalitate! Cu ajutorul jocului Buboo\" \/>\n<meta property=\"og:url\" content=\"https:\/\/www.roovi.ro\/joc-buboo-alimentatia-sanatoasa\/p\/\" \/>\n<meta property=\"og:site_name\" content=\"Roovi B2B\" \/>\n<meta property=\"article:publisher\" content=\"https:\/\/www.facebook.com\/wwwjucariero\" \/>\n<meta property=\"article:modified_time\" content=\"2022-08-15T11:46:40+00:00\" \/>\n<meta property=\"og:image\" content=\"https:\/\/business.roovi.com\/wp-content\/uploads\/2018\/04\/72634_elo_1.jpg\" \/>\n\t<meta property=\"og:image:width\" content=\"1200\" \/>\n\t<meta property=\"og:image:height\" content=\"1200\" \/>\n\t<meta property=\"og:image:type\" content=\"image\/jpeg\" \/>\n<meta name=\"twitter:label1\" content=\"Timp estimat pentru citire\" \/>\n\t<meta name=\"twitter:data1\" content=\"1 minut\" \/>\n<script type=\"application\/ld+json\" class=\"yoast-schema-graph\">{\"@context\":\"https:\/\/schema.org\",\"@graph\":[{\"@type\":\"WebPage\",\"@id\":\"https:\/\/business.roovi.com\/ro\/joc-buboo-alimentatia-sanatoasa\/p\/\",\"url\":\"https:\/\/www.roovi.ro\/joc-buboo-alimentatia-sanatoasa\/p\/\",\"name\":\"Joc Buboo - Alimenta\u021bie s\u0103n\u0103toas\u0103 - Joc educativ - Roovi B2B\",\"isPartOf\":{\"@id\":\"https:\/\/business.roovi.com\/ro\/#website\"},\"datePublished\":\"2018-04-16T10:56:08+00:00\",\"dateModified\":\"2022-08-15T11:46:40+00:00\",\"breadcrumb\":{\"@id\":\"https:\/\/www.roovi.ro\/joc-buboo-alimentatia-sanatoasa\/p\/#breadcrumb\"},\"inLanguage\":\"ro-RO\",\"potentialAction\":[{\"@type\":\"ReadAction\",\"target\":[\"https:\/\/www.roovi.ro\/joc-buboo-alimentatia-sanatoasa\/p\/\"]}]},{\"@type\":\"BreadcrumbList\",\"@id\":\"https:\/\/www.roovi.ro\/joc-buboo-alimentatia-sanatoasa\/p\/#breadcrumb\",\"itemListElement\":[{\"@type\":\"ListItem\",\"position\":1,\"name\":\"Home\",\"item\":\"https:\/\/business.roovi.com\/ro\/\"},{\"@type\":\"ListItem\",\"position\":2,\"name\":\"Magazin\",\"item\":\"https:\/\/business.roovi.com\/ro\/magazin\/\"},{\"@type\":\"ListItem\",\"position\":3,\"name\":\"Joc Buboo &#8211; Alimenta\u021bie s\u0103n\u0103toas\u0103 &#8211; Joc educativ\"}]},{\"@type\":\"WebSite\",\"@id\":\"https:\/\/business.roovi.com\/ro\/#website\",\"url\":\"https:\/\/business.roovi.com\/ro\/\",\"name\":\"Roovi B2B\",\"description\":\"Roovi Business Website\",\"potentialAction\":[{\"@type\":\"SearchAction\",\"target\":{\"@type\":\"EntryPoint\",\"urlTemplate\":\"https:\/\/business.roovi.com\/ro\/?s={search_term_string}\"},\"query-input\":\"required name=search_term_string\"}],\"inLanguage\":\"ro-RO\"}]}<\/script>\n<!-- \/ Yoast SEO plugin. -->","yoast_head_json":{"title":"Joc Buboo - Alimenta\u021bie s\u0103n\u0103toas\u0103 - Joc educativ - Roovi B2B","robots":{"index":"index","follow":"follow","max-snippet":"max-snippet:-1","max-image-preview":"max-image-preview:large","max-video-preview":"max-video-preview:-1"},"canonical":"https:\/\/www.roovi.ro\/joc-buboo-alimentatia-sanatoasa\/p\/","og_locale":"ro_RO","og_type":"article","og_title":"Joc Buboo - Alimenta\u021bie s\u0103n\u0103toas\u0103 - Joc educativ - Roovi B2B","og_description":"Prepar\u0103 meniuri delicioase cu Bufni\u021ba Buboo ca s\u0103 te sim\u021bi plin de energie \u0219i de vitalitate! Cu ajutorul jocului Buboo","og_url":"https:\/\/www.roovi.ro\/joc-buboo-alimentatia-sanatoasa\/p\/","og_site_name":"Roovi B2B","article_publisher":"https:\/\/www.facebook.com\/wwwjucariero","article_modified_time":"2022-08-15T11:46:40+00:00","og_image":[{"width":1200,"height":1200,"url":"https:\/\/business.roovi.com\/wp-content\/uploads\/2018\/04\/72634_elo_1.jpg","type":"image\/jpeg"}],"twitter_misc":{"Timp estimat pentru citire":"1 minut"},"schema":{"@context":"https:\/\/schema.org","@graph":[{"@type":"WebPage","@id":"https:\/\/business.roovi.com\/ro\/joc-buboo-alimentatia-sanatoasa\/p\/","url":"https:\/\/www.roovi.ro\/joc-buboo-alimentatia-sanatoasa\/p\/","name":"Joc Buboo - Alimenta\u021bie s\u0103n\u0103toas\u0103 - Joc educativ - Roovi B2B","isPartOf":{"@id":"https:\/\/business.roovi.com\/ro\/#website"},"datePublished":"2018-04-16T10:56:08+00:00","dateModified":"2022-08-15T11:46:40+00:00","breadcrumb":{"@id":"https:\/\/www.roovi.ro\/joc-buboo-alimentatia-sanatoasa\/p\/#breadcrumb"},"inLanguage":"ro-RO","potentialAction":[{"@type":"ReadAction","target":["https:\/\/www.roovi.ro\/joc-buboo-alimentatia-sanatoasa\/p\/"]}]},{"@type":"BreadcrumbList","@id":"https:\/\/www.roovi.ro\/joc-buboo-alimentatia-sanatoasa\/p\/#breadcrumb","itemListElement":[{"@type":"ListItem","position":1,"name":"Home","item":"https:\/\/business.roovi.com\/ro\/"},{"@type":"ListItem","position":2,"name":"Magazin","item":"https:\/\/business.roovi.com\/ro\/magazin\/"},{"@type":"ListItem","position":3,"name":"Joc Buboo &#8211; Alimenta\u021bie s\u0103n\u0103toas\u0103 &#8211; Joc educativ"}]},{"@type":"WebSite","@id":"https:\/\/business.roovi.com\/ro\/#website","url":"https:\/\/business.roovi.com\/ro\/","name":"Roovi B2B","description":"Roovi Business Website","potentialAction":[{"@type":"SearchAction","target":{"@type":"EntryPoint","urlTemplate":"https:\/\/business.roovi.com\/ro\/?s={search_term_string}"},"query-input":"required name=search_term_string"}],"inLanguage":"ro-RO"}]}},"_links":{"self":[{"href":"https:\/\/business.roovi.com\/ro\/wp-json\/wp\/v2\/product\/13231","targetHints":{"allow":["GET"]}}],"collection":[{"href":"https:\/\/business.roovi.com\/ro\/wp-json\/wp\/v2\/product"}],"about":[{"href":"https:\/\/business.roovi.com\/ro\/wp-json\/wp\/v2\/types\/product"}],"version-history":[{"count":0,"href":"https:\/\/business.roovi.com\/ro\/wp-json\/wp\/v2\/product\/13231\/revisions"}],"wp:featuredmedia":[{"embeddable":true,"href":"https:\/\/business.roovi.com\/ro\/wp-json\/wp\/v2\/media\/13227"}],"wp:attachment":[{"href":"https:\/\/business.roovi.com\/ro\/wp-json\/wp\/v2\/media?parent=13231"}],"wp:term":[{"taxonomy":"product_brand","embeddable":true,"href":"https:\/\/business.roovi.com\/ro\/wp-json\/wp\/v2\/product_brand?post=13231"},{"taxonomy":"product_cat","embeddable":true,"href":"https:\/\/business.roovi.com\/ro\/wp-json\/wp\/v2\/product_cat?post=13231"},{"taxonomy":"product_tag","embeddable":true,"href":"https:\/\/business.roovi.com\/ro\/wp-json\/wp\/v2\/product_tag?post=13231"}],"curies":[{"name":"wp","href":"https:\/\/api.w.org\/{rel}","templated":true}]}}