{"id":13272,"date":"2018-04-16T10:56:08","date_gmt":"2018-04-16T10:56:08","guid":{"rendered":"https:\/\/business.roovi.com\/product\/joc-tomapan\/"},"modified":"2025-03-11T10:35:14","modified_gmt":"2025-03-11T10:35:14","slug":"joc-tomapan","status":"publish","type":"product","link":"https:\/\/business.roovi.com\/ro\/joc-tomapan\/p\/","title":{"rendered":"Joc TomaPan &#8211; joc pentru dezvoltarea vocabularului"},"content":{"rendered":"<p><span style=\"font-weight: 400;\">Cine-\u0219i mai aminte\u0219te jocul \u021a\u0103ri Ora\u0219e Mun\u021bi Ape, jucat \u00een timpul pauzelor dintre ore? \u021aomapan, jocul copil\u0103riei noastre, revine acum \u00eentr-o form\u0103 inedit\u0103 \u0219i foarte ingenioas\u0103.\u00a0<\/span><\/p>\n<p><span style=\"font-weight: 400;\">Bufni\u021ba prietenoas\u0103 este cea care d\u0103 tonul provoc\u0103rilor \u0219i stabile\u0219te \u00een mod aleatoriu literele \u0219i domeniile de joc, gata oric\u00e2nd s\u0103 \u00eencing\u0103 atmosfera, pe m\u0103sur\u0103 ce jocul devine mai rapid, iar juc\u0103torii se concentreaz\u0103 tot mai mult pe r\u0103spunsurile lor.\u00a0<\/span><\/p>\n<p><span style=\"font-weight: 400;\">Tu ai jucat vreodat\u0103 cu copiii Tomapan?\u00a0<\/span><\/p>\n<h2><span style=\"font-weight: 400;\">\u0218tiai c\u0103 jocul Tomapan\u2026<\/span><\/h2>\n<ul>\n<li><span style=\"font-weight: 400;\">Este un joc dinamic, care testeaz\u0103 agilitatea juc\u0103torilor, cel mai rapid r\u0103spuns c\u00e2\u0219tig\u00e2nd jetoanele.<\/span><\/li>\n<li><span style=\"font-weight: 400;\">Este o form\u0103 distractiv\u0103 de a \u00eembun\u0103t\u0103\u021bii aten\u021bia \u0219i capacitatea de concentrare a copiilor.<\/span><\/li>\n<li><span style=\"font-weight: 400;\">Deschide noi orizonturi ale cunoa\u0219terii, cu informa\u021bii noi de cultur\u0103 general\u0103.<\/span><\/li>\n<li><span style=\"font-weight: 400;\">Este amuzant \u0219i foarte \u00eendr\u0103git de copiii de toate v\u00e2rstele, dar \u0219i de adul\u021bii nostalgici.<\/span><\/li>\n<li><span style=\"font-weight: 400;\">Este \u00eentotdeauna \u00een centrul aten\u021biei la o petrecere \u0219i \u00eei ajut\u0103 pe copii s\u0103 se conecteze cu ceilal\u021bi.<\/span><\/li>\n<\/ul>\n<h2><span style=\"font-weight: 400;\">De ce s\u0103 alegi Jocul Tomapan<\/span><\/h2>\n<p><span style=\"font-weight: 400;\">Este un joc care a rezistat timpului \u0219i \u00eembrac\u0103 acum o form\u0103 nou\u0103, amuzant\u0103 \u0219i \u00eendr\u0103git\u0103 de copii.\u00a0<\/span><\/p>\n<p><span style=\"font-weight: 400;\">Bufni\u021ba responsabil\u0103 cu distribuirea jetoanelor este mereu \u00een centrul aten\u021biei \u0219i nu poate fi niciodat\u0103 acuzat\u0103 c\u0103 a tri\u0219at c\u00e2nd a spus alfabetul. \ud83d\ude42<\/span><\/p>\n<p><span style=\"font-weight: 400;\">Jocul clasic pune la \u00eencercare cuno\u0219tin\u021bele despre \u021b\u0103ri, ora\u0219e, mun\u021bi, ape, plante, animale, nume, \u00eens\u0103 Bufni\u021ba istea\u021b\u0103 vine cu ceva \u00een plus.\u00a0<\/span><\/p>\n<p><span style=\"font-weight: 400;\">Noul Tomapan vine cu extra provoc\u0103ri, av\u00e2nd 8 categorii noi: ora\u0219e din Rom\u00e2nia, capitale, mamifere, p\u0103s\u0103ri, m\u00e2nc\u0103ruri, obiecte, profesii, personaje celebre.\u00a0<\/span><\/p>\n<p><span style=\"font-weight: 400;\">Este potrivit at\u00e2t pentru copiii mai mici, care abia se obi\u0219nuiesc cu jocul, pentru ace\u0219tia put\u00e2nd alege categorii \u0219i litere mai u\u0219or de asociat, c\u00e2t \u0219i pentru juc\u0103torii avansa\u021bi pentru care categoriile suplimentare reprezint\u0103 provoc\u0103ri incitante.\u00a0\u00a0<\/span><\/p>\n<p><span style=\"font-weight: 400;\">Pentru mai mult\u0103 distrac\u021bie, descarc\u0103 aplica\u021bia Tomapan disponibil\u0103 pentru\u00a0 Android \u0219i acceseaz\u0103 r\u0103spunsurile, atunci c\u00e2nd e\u0219ti \u00een impas.<\/span><\/p>\n<p><span style=\"font-weight: 400;\">Jetoanele sunt realizate din carton durabil, cu finisaj mat, ce asigur\u0103 rezisten\u021b\u0103 \u00eendelungat\u0103 la uzur\u0103, astfel c\u0103 poate fi jucat de nenum\u0103rate ori.\u00a0<\/span><\/p>\n<p><span style=\"font-weight: 400;\">Bufni\u021ba are un mecanism simplu de distribuire a jetoanelor, fiind foarte u\u0219or de utilizat. Dimensiunile \u0219i forma acesteia sunt potrivite at\u00e2t pentru m\u00e2inile copiilor c\u00e2t \u0219i pentru ale adul\u021bilor \u0219i face utilizarea foarte confortabil\u0103.<\/span><\/p>\n<p><span style=\"font-weight: 400;\">\u00cencearc\u0103 jocul \u021aomapan cu \u00een\u021beleapta bufni\u021b\u0103 Buboo pentru o provocare cum nu s-a mai v\u0103zut!\u00a0<\/span><\/p>\n<p><span style=\"font-weight: 400;\">V\u00e2rst\u0103 recomandat\u0103: 10+<\/span><\/p>\n<p><span style=\"font-weight: 400;\">Juc\u0103tori: 2 &#8211; 6 persoane<\/span><\/p>\n<p><span style=\"font-weight: 400;\">Cutia con\u021bine: o bufni\u021b\u0103 special\u0103, 60 jetoane de joc cu dou\u0103 fe\u021be, regulament de joc.\u00a0<\/span><\/p>\n<p><span style=\"font-weight: 400;\">Joc nerecomandat copiilor sub 3 ani.<\/span><\/p>\n","protected":false},"excerpt":{"rendered":"<p>Cine-\u0219i mai aminte\u0219te jocul \u021a\u0103ri Ora\u0219e Mun\u021bi Ape, jucat \u00een timpul pauzelor dintre ore? \u021aomapan, jocul copil\u0103riei noastre, revine acum<\/p>\n","protected":false},"featured_media":13268,"template":"","meta":[],"product_brand":[],"product_cat":[1502,1467],"product_tag":[],"class_list":{"0":"post-13272","1":"product","2":"type-product","3":"status-publish","4":"has-post-thumbnail","6":"product_cat-jocuri-de-familie","7":"product_cat-jocuri-de-societate","8":"pa_bax-1273","9":"pa_brand-d_toys","10":"pa_country_of_manufacture-ro","11":"pa_filter_age-1315","12":"pa_filter_age-9_14","13":"pa_tip_ambalaj-cutie","15":"first","16":"instock","17":"taxable","18":"shipping-taxable","19":"product-type-simple"},"yoast_head":"<!-- This site is optimized with the Yoast SEO plugin v20.1 - https:\/\/yoast.com\/wordpress\/plugins\/seo\/ -->\n<title>Joc TomaPan - joc pentru dezvoltarea vocabularului - Roovi B2B<\/title>\n<meta name=\"robots\" content=\"index, follow, max-snippet:-1, max-image-preview:large, max-video-preview:-1\" \/>\n<link rel=\"canonical\" href=\"https:\/\/www.roovi.ro\/joc-tomapan\/p\/\" \/>\n<meta property=\"og:locale\" content=\"ro_RO\" \/>\n<meta property=\"og:type\" content=\"article\" \/>\n<meta property=\"og:title\" content=\"Joc TomaPan - joc pentru dezvoltarea vocabularului - Roovi B2B\" \/>\n<meta property=\"og:description\" content=\"Cine-\u0219i mai aminte\u0219te jocul \u021a\u0103ri Ora\u0219e Mun\u021bi Ape, jucat \u00een timpul pauzelor dintre ore? \u021aomapan, jocul copil\u0103riei noastre, revine acum\" \/>\n<meta property=\"og:url\" content=\"https:\/\/www.roovi.ro\/joc-tomapan\/p\/\" \/>\n<meta property=\"og:site_name\" content=\"Roovi B2B\" \/>\n<meta property=\"article:publisher\" content=\"https:\/\/www.facebook.com\/wwwjucariero\" \/>\n<meta property=\"article:modified_time\" content=\"2025-03-11T10:35:14+00:00\" \/>\n<meta property=\"og:image\" content=\"https:\/\/business.roovi.com\/wp-content\/uploads\/2018\/04\/73266_elo_toma_pan_1.jpg\" \/>\n\t<meta property=\"og:image:width\" content=\"1200\" \/>\n\t<meta property=\"og:image:height\" content=\"1200\" \/>\n\t<meta property=\"og:image:type\" content=\"image\/jpeg\" \/>\n<meta name=\"twitter:label1\" content=\"Timp estimat pentru citire\" \/>\n\t<meta name=\"twitter:data1\" content=\"2 minute\" \/>\n<script type=\"application\/ld+json\" class=\"yoast-schema-graph\">{\"@context\":\"https:\/\/schema.org\",\"@graph\":[{\"@type\":\"WebPage\",\"@id\":\"https:\/\/business.roovi.com\/ro\/joc-tomapan\/p\/\",\"url\":\"https:\/\/www.roovi.ro\/joc-tomapan\/p\/\",\"name\":\"Joc TomaPan - joc pentru dezvoltarea vocabularului - Roovi B2B\",\"isPartOf\":{\"@id\":\"https:\/\/business.roovi.com\/ro\/#website\"},\"datePublished\":\"2018-04-16T10:56:08+00:00\",\"dateModified\":\"2025-03-11T10:35:14+00:00\",\"breadcrumb\":{\"@id\":\"https:\/\/www.roovi.ro\/joc-tomapan\/p\/#breadcrumb\"},\"inLanguage\":\"ro-RO\",\"potentialAction\":[{\"@type\":\"ReadAction\",\"target\":[\"https:\/\/www.roovi.ro\/joc-tomapan\/p\/\"]}]},{\"@type\":\"BreadcrumbList\",\"@id\":\"https:\/\/www.roovi.ro\/joc-tomapan\/p\/#breadcrumb\",\"itemListElement\":[{\"@type\":\"ListItem\",\"position\":1,\"name\":\"Home\",\"item\":\"https:\/\/business.roovi.com\/ro\/\"},{\"@type\":\"ListItem\",\"position\":2,\"name\":\"Magazin\",\"item\":\"https:\/\/business.roovi.com\/ro\/magazin\/\"},{\"@type\":\"ListItem\",\"position\":3,\"name\":\"Joc TomaPan &#8211; joc pentru dezvoltarea vocabularului\"}]},{\"@type\":\"WebSite\",\"@id\":\"https:\/\/business.roovi.com\/ro\/#website\",\"url\":\"https:\/\/business.roovi.com\/ro\/\",\"name\":\"Roovi B2B\",\"description\":\"Roovi Business Website\",\"potentialAction\":[{\"@type\":\"SearchAction\",\"target\":{\"@type\":\"EntryPoint\",\"urlTemplate\":\"https:\/\/business.roovi.com\/ro\/?s={search_term_string}\"},\"query-input\":\"required name=search_term_string\"}],\"inLanguage\":\"ro-RO\"}]}<\/script>\n<!-- \/ Yoast SEO plugin. -->","yoast_head_json":{"title":"Joc TomaPan - joc pentru dezvoltarea vocabularului - Roovi B2B","robots":{"index":"index","follow":"follow","max-snippet":"max-snippet:-1","max-image-preview":"max-image-preview:large","max-video-preview":"max-video-preview:-1"},"canonical":"https:\/\/www.roovi.ro\/joc-tomapan\/p\/","og_locale":"ro_RO","og_type":"article","og_title":"Joc TomaPan - joc pentru dezvoltarea vocabularului - Roovi B2B","og_description":"Cine-\u0219i mai aminte\u0219te jocul \u021a\u0103ri Ora\u0219e Mun\u021bi Ape, jucat \u00een timpul pauzelor dintre ore? \u021aomapan, jocul copil\u0103riei noastre, revine acum","og_url":"https:\/\/www.roovi.ro\/joc-tomapan\/p\/","og_site_name":"Roovi B2B","article_publisher":"https:\/\/www.facebook.com\/wwwjucariero","article_modified_time":"2025-03-11T10:35:14+00:00","og_image":[{"width":1200,"height":1200,"url":"https:\/\/business.roovi.com\/wp-content\/uploads\/2018\/04\/73266_elo_toma_pan_1.jpg","type":"image\/jpeg"}],"twitter_misc":{"Timp estimat pentru citire":"2 minute"},"schema":{"@context":"https:\/\/schema.org","@graph":[{"@type":"WebPage","@id":"https:\/\/business.roovi.com\/ro\/joc-tomapan\/p\/","url":"https:\/\/www.roovi.ro\/joc-tomapan\/p\/","name":"Joc TomaPan - joc pentru dezvoltarea vocabularului - Roovi B2B","isPartOf":{"@id":"https:\/\/business.roovi.com\/ro\/#website"},"datePublished":"2018-04-16T10:56:08+00:00","dateModified":"2025-03-11T10:35:14+00:00","breadcrumb":{"@id":"https:\/\/www.roovi.ro\/joc-tomapan\/p\/#breadcrumb"},"inLanguage":"ro-RO","potentialAction":[{"@type":"ReadAction","target":["https:\/\/www.roovi.ro\/joc-tomapan\/p\/"]}]},{"@type":"BreadcrumbList","@id":"https:\/\/www.roovi.ro\/joc-tomapan\/p\/#breadcrumb","itemListElement":[{"@type":"ListItem","position":1,"name":"Home","item":"https:\/\/business.roovi.com\/ro\/"},{"@type":"ListItem","position":2,"name":"Magazin","item":"https:\/\/business.roovi.com\/ro\/magazin\/"},{"@type":"ListItem","position":3,"name":"Joc TomaPan &#8211; joc pentru dezvoltarea vocabularului"}]},{"@type":"WebSite","@id":"https:\/\/business.roovi.com\/ro\/#website","url":"https:\/\/business.roovi.com\/ro\/","name":"Roovi B2B","description":"Roovi Business Website","potentialAction":[{"@type":"SearchAction","target":{"@type":"EntryPoint","urlTemplate":"https:\/\/business.roovi.com\/ro\/?s={search_term_string}"},"query-input":"required name=search_term_string"}],"inLanguage":"ro-RO"}]}},"_links":{"self":[{"href":"https:\/\/business.roovi.com\/ro\/wp-json\/wp\/v2\/product\/13272","targetHints":{"allow":["GET"]}}],"collection":[{"href":"https:\/\/business.roovi.com\/ro\/wp-json\/wp\/v2\/product"}],"about":[{"href":"https:\/\/business.roovi.com\/ro\/wp-json\/wp\/v2\/types\/product"}],"version-history":[{"count":0,"href":"https:\/\/business.roovi.com\/ro\/wp-json\/wp\/v2\/product\/13272\/revisions"}],"wp:featuredmedia":[{"embeddable":true,"href":"https:\/\/business.roovi.com\/ro\/wp-json\/wp\/v2\/media\/13268"}],"wp:attachment":[{"href":"https:\/\/business.roovi.com\/ro\/wp-json\/wp\/v2\/media?parent=13272"}],"wp:term":[{"taxonomy":"product_brand","embeddable":true,"href":"https:\/\/business.roovi.com\/ro\/wp-json\/wp\/v2\/product_brand?post=13272"},{"taxonomy":"product_cat","embeddable":true,"href":"https:\/\/business.roovi.com\/ro\/wp-json\/wp\/v2\/product_cat?post=13272"},{"taxonomy":"product_tag","embeddable":true,"href":"https:\/\/business.roovi.com\/ro\/wp-json\/wp\/v2\/product_tag?post=13272"}],"curies":[{"name":"wp","href":"https:\/\/api.w.org\/{rel}","templated":true}]}}