{"id":13302,"date":"2018-04-16T10:56:08","date_gmt":"2018-04-16T10:56:08","guid":{"rendered":"https:\/\/business.roovi.com\/product\/joc-buboo-descopera-corpul-uman\/"},"modified":"2025-03-13T09:06:26","modified_gmt":"2025-03-13T09:06:26","slug":"joc-buboo-descopera-corpul-uman","status":"publish","type":"product","link":"https:\/\/business.roovi.com\/ro\/joc-buboo-descopera-corpul-uman\/p\/","title":{"rendered":"Joc Buboo &#8211; Descoper\u0103 corpul uman &#8211; Joc educativ"},"content":{"rendered":"<p><span style=\"font-weight: 400;\">Uneori, curiozit\u0103\u021bile copiilor despre corpul uman pot pune \u00een dificultate adul\u021bii. Cum arat\u0103 splina? Cum stau pl\u0103m\u00e2nii prin\u0219i de spate? Creierul chiar arat\u0103 ca o nuc\u0103?\u00a0<\/span><\/p>\n<p><span style=\"font-weight: 400;\">Iar dac\u0103 desenul nu este punctul t\u0103u forte, s\u0103 po\u021bi schi\u021ba imagini c\u00e2t mai realiste ale organelor, ca s\u0103-i r\u0103spunzi la \u00eentreb\u0103ri, probabil ai nevoie de pu\u021bin ajutor.\u00a0<\/span><\/p>\n<p><span style=\"font-weight: 400;\">Descoper\u0103 \u00eempreun\u0103 cu copiii cum arat\u0103 organele interne \u0219i unde sunt localizate \u00een corpul uman, cu ajutorul jocului Bufni\u021ba Buboo &#8211; Corpul uman. Un joc educativ \u0219i amuzant, cu ilustra\u021bii simple, care redau imaginile organelor dar \u0219i pozi\u021bionarea lor \u00een corp.\u00a0\u00a0<\/span><\/p>\n<p><span style=\"font-weight: 400;\">Jocul Buboo &#8211; Descoper\u0103 Corpul Uman este distractiv, interactiv \u0219i foarte \u00eendr\u0103git de copii, mai ales c\u0103 se potrive\u0219te de minune ca joc de societate la o petrecere de copii, poate fi un cadou perfect pentru un copil curios sau poate fi jucat \u00een familie, atunci c\u00e2nd vremea rece sau ploioas\u0103 v\u0103 \u021bine \u00een cas\u0103.\u00a0\u00a0<\/span><\/p>\n<h2><span style=\"font-weight: 400;\">\u0218tiai c\u0103 Jocul Buboo &#8211; Descoper\u0103 Corpul Uman \u2026<\/span><\/h2>\n<ul>\n<li><span style=\"font-weight: 400;\">Este un joc creativ \u0219i educativ, ce ajut\u0103 la dezvoltarea memoriei.<\/span><\/li>\n<li><span style=\"font-weight: 400;\">Cultiv\u0103 spiritul competi\u021bional, \u00een \u00eencercarea de a colecta c\u00e2t mai multe jetoane.<\/span><\/li>\n<li><span style=\"font-weight: 400;\">Ajut\u0103 la dezvoltarea g\u00e2ndirii asociative, prin recunoa\u0219terea imaginilor potrivite denumirilor,<\/span><\/li>\n<li><span style=\"font-weight: 400;\">Este o metod\u0103 inedit\u0103 de a-i ajuta pe copii s\u0103 descopere \u0219i s\u0103 exploreze corpul uman, prin joaca, f\u0103r\u0103 s\u0103 se simt\u0103 constr\u00e2n\u0219i.\u00a0<\/span><\/li>\n<\/ul>\n<p><span style=\"font-weight: 400; font-size: 26px;\">De ce s\u0103 alegi Jocul Buboo &#8211; Descoper\u0103 Corpul Uman<\/span><\/p>\n<p><span style=\"font-weight: 400;\">Este un joc cu reguli \u0219i mecanism simplu, u\u0219or de jucat chiar \u0219i de copiii mai mici, atunci c\u00e2nd sunt curio\u0219i s\u0103 descopere informa\u021bii noi despre corpul uman.\u00a0<\/span><\/p>\n<p><span style=\"font-weight: 400;\">Simpatica bufni\u021b\u0103 este responsabil\u0103 cu distribuirea jetoanelor \u00een mod aleatoriu, f\u0103r\u0103 preferin\u021be \u0219i f\u0103r\u0103 s\u0103 \u021bin\u0103 partea vreunui juc\u0103tor.\u00a0<\/span><\/p>\n<p><span style=\"font-weight: 400;\">Jocul are la baz\u0103 o serie de jetoane \u0219i plan\u0219e de joc cu 2 fe\u021be, din carton gros, rezistent, care se completeaz\u0103 perfect. Organe precum creier, tiroid\u0103, dinte, inim\u0103, pl\u0103m\u00e2ni, splin\u0103, ficat, stomac, pancreas, rinichi, os, vezic\u0103, intestin sub\u021bire sau colon, sunt ilustrate pe jetoanele de joc \u0219i \u00ee\u0219i caut\u0103 locul \u00een corpul uman.\u00a0<\/span><\/p>\n<p><span style=\"font-weight: 400;\">Este un joc potrivit at\u00e2t pentru avansa\u021bi c\u00e2t \u0219i pentru \u00eencep\u0103tori, put\u00e2nd identifica organele at\u00e2t dup\u0103 denumiri c\u00e2t \u0219i dup\u0103 imagini. \u00cen plus, ai la dispozi\u021bie 3 variante de joc s\u0103-\u021bi testezi cuno\u0219tin\u021bele \u00eempreun\u0103 cu cei mici.\u00a0<\/span><\/p>\n<p><span style=\"font-weight: 400;\">Bufni\u021ba este realizat\u0103 din plastic rezistent, iar mecanismul de utilizare este simplu \u0219i presupune mi\u0219carea ochelarilor bufni\u021bei \u00een sus \u0219i \u00een jos, pentru a distribui jetoanele. Dimensiunile sunt potrivite at\u00e2t pentru adul\u021bi c\u00e2t \u0219i pentru micii curio\u0219i.<\/span><\/p>\n<p><span style=\"font-weight: 400;\">Accept\u0103 \u0219i tu provocarea bufni\u021bei Buboo \u0219i ofer\u0103-le copiilor o solu\u021bie ingenioas\u0103 de a descoperi Corpul Uman.<\/span><\/p>\n<p><span style=\"font-weight: 400;\">V\u00e2rst\u0103 recomandat\u0103: 8+<\/span><\/p>\n<p><span style=\"font-weight: 400;\">Juc\u0103tori: 1 &#8211; 4 persoane<\/span><\/p>\n<p><span style=\"font-weight: 400;\">Cutia con\u021bine: Bufni\u021ba Buboo, 56 jetoane de joc, 16 plan\u0219e cu 2 fe\u021be, regulament de joc.\u00a0<\/span><\/p>\n<p><span style=\"font-weight: 400;\">Joc nerecomandat copiilor sub 3 ani.<\/span><\/p>\n","protected":false},"excerpt":{"rendered":"<p>Uneori, curiozit\u0103\u021bile copiilor despre corpul uman pot pune \u00een dificultate adul\u021bii. Cum arat\u0103 splina? Cum stau pl\u0103m\u00e2nii prin\u0219i de spate?<\/p>\n","protected":false},"featured_media":13298,"template":"","meta":[],"product_brand":[],"product_cat":[1467,1508],"product_tag":[],"class_list":{"0":"post-13302","1":"product","2":"type-product","3":"status-publish","4":"has-post-thumbnail","6":"product_cat-jocuri-de-societate","7":"product_cat-jocuri-educative-si-tip-quiz","8":"pa_brand-d_toys","9":"pa_country_of_manufacture-ro","10":"pa_filter_age-1315","11":"pa_filter_age-7_9","12":"pa_filter_age-9_14","13":"pa_tip_ambalaj-cutie","15":"first","16":"instock","17":"taxable","18":"shipping-taxable","19":"product-type-simple"},"yoast_head":"<!-- This site is optimized with the Yoast SEO plugin v20.1 - https:\/\/yoast.com\/wordpress\/plugins\/seo\/ -->\n<title>Joc Buboo - Descoper\u0103 corpul uman - Joc educativ - Roovi B2B<\/title>\n<meta name=\"robots\" content=\"index, follow, max-snippet:-1, max-image-preview:large, max-video-preview:-1\" \/>\n<link rel=\"canonical\" href=\"https:\/\/www.roovi.ro\/joc-buboo-descopera-corpul-uman\/p\/\" \/>\n<meta property=\"og:locale\" content=\"ro_RO\" \/>\n<meta property=\"og:type\" content=\"article\" \/>\n<meta property=\"og:title\" content=\"Joc Buboo - Descoper\u0103 corpul uman - Joc educativ - Roovi B2B\" \/>\n<meta property=\"og:description\" content=\"Uneori, curiozit\u0103\u021bile copiilor despre corpul uman pot pune \u00een dificultate adul\u021bii. Cum arat\u0103 splina? Cum stau pl\u0103m\u00e2nii prin\u0219i de spate?\" \/>\n<meta property=\"og:url\" content=\"https:\/\/www.roovi.ro\/joc-buboo-descopera-corpul-uman\/p\/\" \/>\n<meta property=\"og:site_name\" content=\"Roovi B2B\" \/>\n<meta property=\"article:publisher\" content=\"https:\/\/www.facebook.com\/wwwjucariero\" \/>\n<meta property=\"article:modified_time\" content=\"2025-03-13T09:06:26+00:00\" \/>\n<meta property=\"og:image\" content=\"https:\/\/business.roovi.com\/wp-content\/uploads\/2018\/04\/72627_elo_1.jpg\" \/>\n\t<meta property=\"og:image:width\" content=\"1200\" \/>\n\t<meta property=\"og:image:height\" content=\"1200\" \/>\n\t<meta property=\"og:image:type\" content=\"image\/jpeg\" \/>\n<meta name=\"twitter:label1\" content=\"Timp estimat pentru citire\" \/>\n\t<meta name=\"twitter:data1\" content=\"2 minute\" \/>\n<script type=\"application\/ld+json\" class=\"yoast-schema-graph\">{\"@context\":\"https:\/\/schema.org\",\"@graph\":[{\"@type\":\"WebPage\",\"@id\":\"https:\/\/business.roovi.com\/ro\/joc-buboo-descopera-corpul-uman\/p\/\",\"url\":\"https:\/\/www.roovi.ro\/joc-buboo-descopera-corpul-uman\/p\/\",\"name\":\"Joc Buboo - Descoper\u0103 corpul uman - Joc educativ - Roovi B2B\",\"isPartOf\":{\"@id\":\"https:\/\/business.roovi.com\/ro\/#website\"},\"datePublished\":\"2018-04-16T10:56:08+00:00\",\"dateModified\":\"2025-03-13T09:06:26+00:00\",\"breadcrumb\":{\"@id\":\"https:\/\/www.roovi.ro\/joc-buboo-descopera-corpul-uman\/p\/#breadcrumb\"},\"inLanguage\":\"ro-RO\",\"potentialAction\":[{\"@type\":\"ReadAction\",\"target\":[\"https:\/\/www.roovi.ro\/joc-buboo-descopera-corpul-uman\/p\/\"]}]},{\"@type\":\"BreadcrumbList\",\"@id\":\"https:\/\/www.roovi.ro\/joc-buboo-descopera-corpul-uman\/p\/#breadcrumb\",\"itemListElement\":[{\"@type\":\"ListItem\",\"position\":1,\"name\":\"Home\",\"item\":\"https:\/\/business.roovi.com\/ro\/\"},{\"@type\":\"ListItem\",\"position\":2,\"name\":\"Magazin\",\"item\":\"https:\/\/business.roovi.com\/ro\/magazin\/\"},{\"@type\":\"ListItem\",\"position\":3,\"name\":\"Joc Buboo &#8211; Descoper\u0103 corpul uman &#8211; Joc educativ\"}]},{\"@type\":\"WebSite\",\"@id\":\"https:\/\/business.roovi.com\/ro\/#website\",\"url\":\"https:\/\/business.roovi.com\/ro\/\",\"name\":\"Roovi B2B\",\"description\":\"Roovi Business Website\",\"potentialAction\":[{\"@type\":\"SearchAction\",\"target\":{\"@type\":\"EntryPoint\",\"urlTemplate\":\"https:\/\/business.roovi.com\/ro\/?s={search_term_string}\"},\"query-input\":\"required name=search_term_string\"}],\"inLanguage\":\"ro-RO\"}]}<\/script>\n<!-- \/ Yoast SEO plugin. -->","yoast_head_json":{"title":"Joc Buboo - Descoper\u0103 corpul uman - Joc educativ - Roovi B2B","robots":{"index":"index","follow":"follow","max-snippet":"max-snippet:-1","max-image-preview":"max-image-preview:large","max-video-preview":"max-video-preview:-1"},"canonical":"https:\/\/www.roovi.ro\/joc-buboo-descopera-corpul-uman\/p\/","og_locale":"ro_RO","og_type":"article","og_title":"Joc Buboo - Descoper\u0103 corpul uman - Joc educativ - Roovi B2B","og_description":"Uneori, curiozit\u0103\u021bile copiilor despre corpul uman pot pune \u00een dificultate adul\u021bii. Cum arat\u0103 splina? Cum stau pl\u0103m\u00e2nii prin\u0219i de spate?","og_url":"https:\/\/www.roovi.ro\/joc-buboo-descopera-corpul-uman\/p\/","og_site_name":"Roovi B2B","article_publisher":"https:\/\/www.facebook.com\/wwwjucariero","article_modified_time":"2025-03-13T09:06:26+00:00","og_image":[{"width":1200,"height":1200,"url":"https:\/\/business.roovi.com\/wp-content\/uploads\/2018\/04\/72627_elo_1.jpg","type":"image\/jpeg"}],"twitter_misc":{"Timp estimat pentru citire":"2 minute"},"schema":{"@context":"https:\/\/schema.org","@graph":[{"@type":"WebPage","@id":"https:\/\/business.roovi.com\/ro\/joc-buboo-descopera-corpul-uman\/p\/","url":"https:\/\/www.roovi.ro\/joc-buboo-descopera-corpul-uman\/p\/","name":"Joc Buboo - Descoper\u0103 corpul uman - Joc educativ - Roovi B2B","isPartOf":{"@id":"https:\/\/business.roovi.com\/ro\/#website"},"datePublished":"2018-04-16T10:56:08+00:00","dateModified":"2025-03-13T09:06:26+00:00","breadcrumb":{"@id":"https:\/\/www.roovi.ro\/joc-buboo-descopera-corpul-uman\/p\/#breadcrumb"},"inLanguage":"ro-RO","potentialAction":[{"@type":"ReadAction","target":["https:\/\/www.roovi.ro\/joc-buboo-descopera-corpul-uman\/p\/"]}]},{"@type":"BreadcrumbList","@id":"https:\/\/www.roovi.ro\/joc-buboo-descopera-corpul-uman\/p\/#breadcrumb","itemListElement":[{"@type":"ListItem","position":1,"name":"Home","item":"https:\/\/business.roovi.com\/ro\/"},{"@type":"ListItem","position":2,"name":"Magazin","item":"https:\/\/business.roovi.com\/ro\/magazin\/"},{"@type":"ListItem","position":3,"name":"Joc Buboo &#8211; Descoper\u0103 corpul uman &#8211; Joc educativ"}]},{"@type":"WebSite","@id":"https:\/\/business.roovi.com\/ro\/#website","url":"https:\/\/business.roovi.com\/ro\/","name":"Roovi B2B","description":"Roovi Business Website","potentialAction":[{"@type":"SearchAction","target":{"@type":"EntryPoint","urlTemplate":"https:\/\/business.roovi.com\/ro\/?s={search_term_string}"},"query-input":"required name=search_term_string"}],"inLanguage":"ro-RO"}]}},"_links":{"self":[{"href":"https:\/\/business.roovi.com\/ro\/wp-json\/wp\/v2\/product\/13302","targetHints":{"allow":["GET"]}}],"collection":[{"href":"https:\/\/business.roovi.com\/ro\/wp-json\/wp\/v2\/product"}],"about":[{"href":"https:\/\/business.roovi.com\/ro\/wp-json\/wp\/v2\/types\/product"}],"version-history":[{"count":0,"href":"https:\/\/business.roovi.com\/ro\/wp-json\/wp\/v2\/product\/13302\/revisions"}],"wp:featuredmedia":[{"embeddable":true,"href":"https:\/\/business.roovi.com\/ro\/wp-json\/wp\/v2\/media\/13298"}],"wp:attachment":[{"href":"https:\/\/business.roovi.com\/ro\/wp-json\/wp\/v2\/media?parent=13302"}],"wp:term":[{"taxonomy":"product_brand","embeddable":true,"href":"https:\/\/business.roovi.com\/ro\/wp-json\/wp\/v2\/product_brand?post=13302"},{"taxonomy":"product_cat","embeddable":true,"href":"https:\/\/business.roovi.com\/ro\/wp-json\/wp\/v2\/product_cat?post=13302"},{"taxonomy":"product_tag","embeddable":true,"href":"https:\/\/business.roovi.com\/ro\/wp-json\/wp\/v2\/product_tag?post=13302"}],"curies":[{"name":"wp","href":"https:\/\/api.w.org\/{rel}","templated":true}]}}