{"id":13310,"date":"2018-04-16T10:56:08","date_gmt":"2018-04-16T10:56:08","guid":{"rendered":"https:\/\/business.roovi.com\/product\/joc-eduscience-microscop-2\/"},"modified":"2025-03-13T08:38:31","modified_gmt":"2025-03-13T08:38:31","slug":"joc-eduscience-microscop-2","status":"publish","type":"product","link":"https:\/\/business.roovi.com\/ro\/joc-eduscience-microscop-2\/p\/","title":{"rendered":"Microscop pentru copii &#8211; Joc EduScience"},"content":{"rendered":"<h3>Exploreaz\u0103 o lume ascuns\u0103 de ochiul liber cu Microscopul EduScience de la ROOVI!<\/h3>\n<p>Copilul t\u0103u e pasionat de \u0219tiin\u021b\u0103? \u00cei place s\u0103 analizeze \u00een am\u0103nunt particule mici sau viet\u0103\u021bi prea pu\u021bin vizibile cu ochiul liber? Cu microscopul pentru copii EduScience intr\u0103 pentru prima dat\u0103 \u00een contact cu fascinanta lume microscopic\u0103.<\/p>\n<p>Pentru cei curio\u0219i s\u0103 descopere natura \u00een detaliu, acest microscop pentru \u00eencep\u0103tori este accesoriul ideal. Le deschide orizontul \u0219tiin\u021bei, fiind \u00een acela\u0219i timp un bun prilej de a-\u0219i petrece timpul liber \u00een mod distractiv \u0219i interactiv.<\/p>\n<h3>Microscop pentru copii \u2013 un set complet pentru a descoperi secretele naturii<\/h3>\n<p>Microscopul EduScience are 3 oculare de zoom incluse (100x, 200x, 450x), fiind u\u0219or de utilizat de copiii care vor porni \u00eentr-o c\u0103l\u0103torie de explorare fabuloas\u0103 \u00een lumea microscopic\u0103.<\/p>\n<p>Setul Microscop pentru copii EduScience con\u021bine:<\/p>\n<ul>\n<li>1 x Microscop<\/li>\n<li>4 x Lame pentru probe<\/li>\n<li>1 x Lam\u0103 cu mostr\u0103<\/li>\n<li>2 x Recipiente pentru mostre<\/li>\n<\/ul>\n<p>Microscopul func\u021bioneaz\u0103 cu 2 baterii tip AA care nu sunt incluse \u00een set.<\/p>\n<h3>De ce s\u0103 alegi Microscopul EduScience pentru copilul t\u0103u<\/h3>\n<ul>\n<li>Este un instrument ideal care stimuleaz\u0103 curiozitatea copiilor \u0219i procesele de \u00eenv\u0103\u021bare prin joc.<\/li>\n<li>Favorizeaz\u0103 dezvoltarea abilit\u0103\u021bilor de comunicare \u0219i socializare.<\/li>\n<li>\u00cembun\u0103t\u0103\u021be\u0219te concentrarea \u0219i aten\u021bia, at\u00e2t de necesare \u0219i \u00een activitatea \u0219colar\u0103.<\/li>\n<li>\u00cei stimuleaz\u0103 pe copii s\u0103-\u0219i utilizeze abilit\u0103\u021bile de a g\u00e2ndi creativ, favoriz\u00e2nd nu doar \u00eenv\u0103\u021barea, ci \u0219i dezvoltarea imagina\u021biei.<\/li>\n<li>Este o juc\u0103rie potrivit\u0103 at\u00e2t pentru b\u0103ie\u021bi, c\u00e2t \u0219i pentru feti\u021be \u0219i poate fi cadoul perfect de zilele de na\u0219tere sau cu alte ocazii de s\u0103rb\u0103toare.<\/li>\n<\/ul>\n<p>Dac\u0103 \u00ee\u021bi dore\u0219ti pentru copilul t\u0103u un joc interesant, interactiv \u0219i educativ \u00een acela\u0219i timp, Microscopul EduScience este alegerea cea mai inspirat\u0103.<\/p>\n","protected":false},"excerpt":{"rendered":"<p>Exploreaz\u0103 o lume ascuns\u0103 de ochiul liber cu Microscopul EduScience de la ROOVI! Copilul t\u0103u e pasionat de \u0219tiin\u021b\u0103? \u00cei<\/p>\n","protected":false},"featured_media":63714,"template":"","meta":[],"product_brand":[],"product_cat":[1471,1509],"product_tag":[],"class_list":{"0":"post-13310","1":"product","2":"type-product","3":"status-publish","4":"has-post-thumbnail","6":"product_cat-jocuri-educative-si-stiintifice","7":"product_cat-jocuri-stiintifice","8":"pa_brand-d_toys","9":"pa_country_of_manufacture-ro","10":"pa_filter_age-1315","11":"pa_filter_age-7_9","12":"pa_filter_age-9_14","13":"pa_tip_ambalaj-cutie","15":"first","16":"instock","17":"taxable","18":"shipping-taxable","19":"product-type-simple"},"yoast_head":"<!-- This site is optimized with the Yoast SEO plugin v20.1 - https:\/\/yoast.com\/wordpress\/plugins\/seo\/ -->\n<title>Microscop pentru copii - Joc EduScience - Roovi B2B<\/title>\n<meta name=\"robots\" content=\"index, follow, max-snippet:-1, max-image-preview:large, max-video-preview:-1\" \/>\n<link rel=\"canonical\" href=\"https:\/\/www.roovi.ro\/joc-eduscience-microscop-2\/p\/\" \/>\n<meta property=\"og:locale\" content=\"ro_RO\" \/>\n<meta property=\"og:type\" content=\"article\" \/>\n<meta property=\"og:title\" content=\"Microscop pentru copii - Joc EduScience - Roovi B2B\" \/>\n<meta property=\"og:description\" content=\"Exploreaz\u0103 o lume ascuns\u0103 de ochiul liber cu Microscopul EduScience de la ROOVI! Copilul t\u0103u e pasionat de \u0219tiin\u021b\u0103? \u00cei\" \/>\n<meta property=\"og:url\" content=\"https:\/\/www.roovi.ro\/joc-eduscience-microscop-2\/p\/\" \/>\n<meta property=\"og:site_name\" content=\"Roovi B2B\" \/>\n<meta property=\"article:publisher\" content=\"https:\/\/www.facebook.com\/wwwjucariero\" \/>\n<meta property=\"article:modified_time\" content=\"2025-03-13T08:38:31+00:00\" \/>\n<meta property=\"og:image\" content=\"https:\/\/business.roovi.com\/wp-content\/uploads\/2018\/04\/Microscop-73396-Front-WEB.jpg\" \/>\n\t<meta property=\"og:image:width\" content=\"1200\" \/>\n\t<meta property=\"og:image:height\" content=\"1200\" \/>\n\t<meta property=\"og:image:type\" content=\"image\/jpeg\" \/>\n<meta name=\"twitter:label1\" content=\"Timp estimat pentru citire\" \/>\n\t<meta name=\"twitter:data1\" content=\"2 minute\" \/>\n<script type=\"application\/ld+json\" class=\"yoast-schema-graph\">{\"@context\":\"https:\/\/schema.org\",\"@graph\":[{\"@type\":\"WebPage\",\"@id\":\"https:\/\/business.roovi.com\/ro\/joc-eduscience-microscop-2\/p\/\",\"url\":\"https:\/\/www.roovi.ro\/joc-eduscience-microscop-2\/p\/\",\"name\":\"Microscop pentru copii - Joc EduScience - Roovi B2B\",\"isPartOf\":{\"@id\":\"https:\/\/business.roovi.com\/ro\/#website\"},\"datePublished\":\"2018-04-16T10:56:08+00:00\",\"dateModified\":\"2025-03-13T08:38:31+00:00\",\"breadcrumb\":{\"@id\":\"https:\/\/www.roovi.ro\/joc-eduscience-microscop-2\/p\/#breadcrumb\"},\"inLanguage\":\"ro-RO\",\"potentialAction\":[{\"@type\":\"ReadAction\",\"target\":[\"https:\/\/www.roovi.ro\/joc-eduscience-microscop-2\/p\/\"]}]},{\"@type\":\"BreadcrumbList\",\"@id\":\"https:\/\/www.roovi.ro\/joc-eduscience-microscop-2\/p\/#breadcrumb\",\"itemListElement\":[{\"@type\":\"ListItem\",\"position\":1,\"name\":\"Home\",\"item\":\"https:\/\/business.roovi.com\/ro\/\"},{\"@type\":\"ListItem\",\"position\":2,\"name\":\"Magazin\",\"item\":\"https:\/\/business.roovi.com\/ro\/magazin\/\"},{\"@type\":\"ListItem\",\"position\":3,\"name\":\"Microscop pentru copii &#8211; Joc EduScience\"}]},{\"@type\":\"WebSite\",\"@id\":\"https:\/\/business.roovi.com\/ro\/#website\",\"url\":\"https:\/\/business.roovi.com\/ro\/\",\"name\":\"Roovi B2B\",\"description\":\"Roovi Business Website\",\"potentialAction\":[{\"@type\":\"SearchAction\",\"target\":{\"@type\":\"EntryPoint\",\"urlTemplate\":\"https:\/\/business.roovi.com\/ro\/?s={search_term_string}\"},\"query-input\":\"required name=search_term_string\"}],\"inLanguage\":\"ro-RO\"}]}<\/script>\n<!-- \/ Yoast SEO plugin. -->","yoast_head_json":{"title":"Microscop pentru copii - Joc EduScience - Roovi B2B","robots":{"index":"index","follow":"follow","max-snippet":"max-snippet:-1","max-image-preview":"max-image-preview:large","max-video-preview":"max-video-preview:-1"},"canonical":"https:\/\/www.roovi.ro\/joc-eduscience-microscop-2\/p\/","og_locale":"ro_RO","og_type":"article","og_title":"Microscop pentru copii - Joc EduScience - Roovi B2B","og_description":"Exploreaz\u0103 o lume ascuns\u0103 de ochiul liber cu Microscopul EduScience de la ROOVI! Copilul t\u0103u e pasionat de \u0219tiin\u021b\u0103? \u00cei","og_url":"https:\/\/www.roovi.ro\/joc-eduscience-microscop-2\/p\/","og_site_name":"Roovi B2B","article_publisher":"https:\/\/www.facebook.com\/wwwjucariero","article_modified_time":"2025-03-13T08:38:31+00:00","og_image":[{"width":1200,"height":1200,"url":"https:\/\/business.roovi.com\/wp-content\/uploads\/2018\/04\/Microscop-73396-Front-WEB.jpg","type":"image\/jpeg"}],"twitter_misc":{"Timp estimat pentru citire":"2 minute"},"schema":{"@context":"https:\/\/schema.org","@graph":[{"@type":"WebPage","@id":"https:\/\/business.roovi.com\/ro\/joc-eduscience-microscop-2\/p\/","url":"https:\/\/www.roovi.ro\/joc-eduscience-microscop-2\/p\/","name":"Microscop pentru copii - Joc EduScience - Roovi B2B","isPartOf":{"@id":"https:\/\/business.roovi.com\/ro\/#website"},"datePublished":"2018-04-16T10:56:08+00:00","dateModified":"2025-03-13T08:38:31+00:00","breadcrumb":{"@id":"https:\/\/www.roovi.ro\/joc-eduscience-microscop-2\/p\/#breadcrumb"},"inLanguage":"ro-RO","potentialAction":[{"@type":"ReadAction","target":["https:\/\/www.roovi.ro\/joc-eduscience-microscop-2\/p\/"]}]},{"@type":"BreadcrumbList","@id":"https:\/\/www.roovi.ro\/joc-eduscience-microscop-2\/p\/#breadcrumb","itemListElement":[{"@type":"ListItem","position":1,"name":"Home","item":"https:\/\/business.roovi.com\/ro\/"},{"@type":"ListItem","position":2,"name":"Magazin","item":"https:\/\/business.roovi.com\/ro\/magazin\/"},{"@type":"ListItem","position":3,"name":"Microscop pentru copii &#8211; Joc EduScience"}]},{"@type":"WebSite","@id":"https:\/\/business.roovi.com\/ro\/#website","url":"https:\/\/business.roovi.com\/ro\/","name":"Roovi B2B","description":"Roovi Business Website","potentialAction":[{"@type":"SearchAction","target":{"@type":"EntryPoint","urlTemplate":"https:\/\/business.roovi.com\/ro\/?s={search_term_string}"},"query-input":"required name=search_term_string"}],"inLanguage":"ro-RO"}]}},"_links":{"self":[{"href":"https:\/\/business.roovi.com\/ro\/wp-json\/wp\/v2\/product\/13310","targetHints":{"allow":["GET"]}}],"collection":[{"href":"https:\/\/business.roovi.com\/ro\/wp-json\/wp\/v2\/product"}],"about":[{"href":"https:\/\/business.roovi.com\/ro\/wp-json\/wp\/v2\/types\/product"}],"version-history":[{"count":0,"href":"https:\/\/business.roovi.com\/ro\/wp-json\/wp\/v2\/product\/13310\/revisions"}],"wp:featuredmedia":[{"embeddable":true,"href":"https:\/\/business.roovi.com\/ro\/wp-json\/wp\/v2\/media\/63714"}],"wp:attachment":[{"href":"https:\/\/business.roovi.com\/ro\/wp-json\/wp\/v2\/media?parent=13310"}],"wp:term":[{"taxonomy":"product_brand","embeddable":true,"href":"https:\/\/business.roovi.com\/ro\/wp-json\/wp\/v2\/product_brand?post=13310"},{"taxonomy":"product_cat","embeddable":true,"href":"https:\/\/business.roovi.com\/ro\/wp-json\/wp\/v2\/product_cat?post=13310"},{"taxonomy":"product_tag","embeddable":true,"href":"https:\/\/business.roovi.com\/ro\/wp-json\/wp\/v2\/product_tag?post=13310"}],"curies":[{"name":"wp","href":"https:\/\/api.w.org\/{rel}","templated":true}]}}