{"id":13462,"date":"2018-04-16T10:56:08","date_gmt":"2018-04-16T10:56:08","guid":{"rendered":"https:\/\/business.roovi.com\/product\/kid-galaxy-buburuza-telecomandata\/"},"modified":"2022-05-03T00:01:36","modified_gmt":"2022-05-03T00:01:36","slug":"kid-galaxy-buburuza-telecomandata","status":"publish","type":"product","link":"https:\/\/business.roovi.com\/ro\/kid-galaxy-buburuza-telecomandata\/p\/","title":{"rendered":"Buburuz\u0103 cu telecomand\u0103, pentru copii de 3-6 ani &#8211; Kid Galaxy"},"content":{"rendered":"<p>Buburuza cu telecomand\u0103 radio este o juc\u0103rie super dr\u0103gu\u021b\u0103, ideal\u0103 pentru copiii cu v\u00e2rsta cuprins\u0103 \u00eentre 3-6 ani\u0219ori. Buburuza simpatic\u0103 poate fi manevrat\u0103 u\u0219or, doar prin ap\u0103sarea unui singur buton pe telecomanda \u00een form\u0103 de licurici dotat cu lumin\u0103. Buburuza \u00ee\u0219i mi\u0219c\u0103 aripii \u00een timp ce se deplaseaz\u0103! Juc\u0103ria necesit\u0103 2 baterii tip AAA pentru telecomand\u0103 \u0219i 3 baterii tip AA pentru vehicul, neincluse \u00een set.<\/p>\n","protected":false},"excerpt":{"rendered":"<p>Buburuza cu telecomand\u0103 radio este o juc\u0103rie super dr\u0103gu\u021b\u0103, ideal\u0103 pentru copiii cu v\u00e2rsta cuprins\u0103 \u00eentre 3-6 ani\u0219ori. Buburuza simpatic\u0103<\/p>\n","protected":false},"featured_media":13460,"template":"","meta":[],"product_brand":[],"product_cat":[1914,1959,2023],"product_tag":[],"class_list":{"0":"post-13462","1":"product","2":"type-product","3":"status-publish","4":"has-post-thumbnail","6":"product_cat-tovabbi-kategoriak","7":"product_cat-baba-jatekok","8":"product_cat-funkcionalis-jatekok","9":"pa_brand-kid-galaxy-hu","10":"pa_filter_age-3_5-hu","11":"pa_filter_age-5_7-hu","12":"pa_tip_ambalaj-doboz","14":"first","15":"outofstock","16":"taxable","17":"shipping-taxable","18":"product-type-simple"},"yoast_head":"<!-- This site is optimized with the Yoast SEO plugin v20.1 - https:\/\/yoast.com\/wordpress\/plugins\/seo\/ -->\n<title>Buburuz\u0103 cu telecomand\u0103, pentru copii de 3-6 ani - Kid Galaxy - Roovi B2B<\/title>\n<meta name=\"robots\" content=\"index, follow, max-snippet:-1, max-image-preview:large, max-video-preview:-1\" \/>\n<link rel=\"canonical\" href=\"https:\/\/www.roovi.ro\/kid-galaxy-buburuza-telecomandata\/p\/\" \/>\n<meta property=\"og:locale\" content=\"ro_RO\" \/>\n<meta property=\"og:type\" content=\"article\" \/>\n<meta property=\"og:title\" content=\"Buburuz\u0103 cu telecomand\u0103, pentru copii de 3-6 ani - Kid Galaxy - Roovi B2B\" \/>\n<meta property=\"og:description\" content=\"Buburuza cu telecomand\u0103 radio este o juc\u0103rie super dr\u0103gu\u021b\u0103, ideal\u0103 pentru copiii cu v\u00e2rsta cuprins\u0103 \u00eentre 3-6 ani\u0219ori. Buburuza simpatic\u0103\" \/>\n<meta property=\"og:url\" content=\"https:\/\/www.roovi.ro\/kid-galaxy-buburuza-telecomandata\/p\/\" \/>\n<meta property=\"og:site_name\" content=\"Roovi B2B\" \/>\n<meta property=\"article:publisher\" content=\"https:\/\/www.facebook.com\/wwwjucariero\" \/>\n<meta property=\"article:modified_time\" content=\"2022-05-03T00:01:36+00:00\" \/>\n<meta property=\"og:image\" content=\"https:\/\/business.roovi.com\/wp-content\/uploads\/2018\/04\/img_4969.jpg\" \/>\n\t<meta property=\"og:image:width\" content=\"1000\" \/>\n\t<meta property=\"og:image:height\" content=\"1000\" \/>\n\t<meta property=\"og:image:type\" content=\"image\/jpeg\" \/>\n<script type=\"application\/ld+json\" class=\"yoast-schema-graph\">{\"@context\":\"https:\/\/schema.org\",\"@graph\":[{\"@type\":\"WebPage\",\"@id\":\"https:\/\/business.roovi.com\/ro\/kid-galaxy-buburuza-telecomandata\/p\/\",\"url\":\"https:\/\/www.roovi.ro\/kid-galaxy-buburuza-telecomandata\/p\/\",\"name\":\"Buburuz\u0103 cu telecomand\u0103, pentru copii de 3-6 ani - Kid Galaxy - Roovi B2B\",\"isPartOf\":{\"@id\":\"https:\/\/business.roovi.com\/ro\/#website\"},\"datePublished\":\"2018-04-16T10:56:08+00:00\",\"dateModified\":\"2022-05-03T00:01:36+00:00\",\"breadcrumb\":{\"@id\":\"https:\/\/www.roovi.ro\/kid-galaxy-buburuza-telecomandata\/p\/#breadcrumb\"},\"inLanguage\":\"ro-RO\",\"potentialAction\":[{\"@type\":\"ReadAction\",\"target\":[\"https:\/\/www.roovi.ro\/kid-galaxy-buburuza-telecomandata\/p\/\"]}]},{\"@type\":\"BreadcrumbList\",\"@id\":\"https:\/\/www.roovi.ro\/kid-galaxy-buburuza-telecomandata\/p\/#breadcrumb\",\"itemListElement\":[{\"@type\":\"ListItem\",\"position\":1,\"name\":\"Home\",\"item\":\"https:\/\/business.roovi.com\/ro\/\"},{\"@type\":\"ListItem\",\"position\":2,\"name\":\"Magazin\",\"item\":\"https:\/\/business.roovi.com\/ro\/magazin\/\"},{\"@type\":\"ListItem\",\"position\":3,\"name\":\"Buburuz\u0103 cu telecomand\u0103, pentru copii de 3-6 ani &#8211; Kid Galaxy\"}]},{\"@type\":\"WebSite\",\"@id\":\"https:\/\/business.roovi.com\/ro\/#website\",\"url\":\"https:\/\/business.roovi.com\/ro\/\",\"name\":\"Roovi B2B\",\"description\":\"Roovi Business Website\",\"potentialAction\":[{\"@type\":\"SearchAction\",\"target\":{\"@type\":\"EntryPoint\",\"urlTemplate\":\"https:\/\/business.roovi.com\/ro\/?s={search_term_string}\"},\"query-input\":\"required name=search_term_string\"}],\"inLanguage\":\"ro-RO\"}]}<\/script>\n<!-- \/ Yoast SEO plugin. -->","yoast_head_json":{"title":"Buburuz\u0103 cu telecomand\u0103, pentru copii de 3-6 ani - Kid Galaxy - Roovi B2B","robots":{"index":"index","follow":"follow","max-snippet":"max-snippet:-1","max-image-preview":"max-image-preview:large","max-video-preview":"max-video-preview:-1"},"canonical":"https:\/\/www.roovi.ro\/kid-galaxy-buburuza-telecomandata\/p\/","og_locale":"ro_RO","og_type":"article","og_title":"Buburuz\u0103 cu telecomand\u0103, pentru copii de 3-6 ani - Kid Galaxy - Roovi B2B","og_description":"Buburuza cu telecomand\u0103 radio este o juc\u0103rie super dr\u0103gu\u021b\u0103, ideal\u0103 pentru copiii cu v\u00e2rsta cuprins\u0103 \u00eentre 3-6 ani\u0219ori. Buburuza simpatic\u0103","og_url":"https:\/\/www.roovi.ro\/kid-galaxy-buburuza-telecomandata\/p\/","og_site_name":"Roovi B2B","article_publisher":"https:\/\/www.facebook.com\/wwwjucariero","article_modified_time":"2022-05-03T00:01:36+00:00","og_image":[{"width":1000,"height":1000,"url":"https:\/\/business.roovi.com\/wp-content\/uploads\/2018\/04\/img_4969.jpg","type":"image\/jpeg"}],"schema":{"@context":"https:\/\/schema.org","@graph":[{"@type":"WebPage","@id":"https:\/\/business.roovi.com\/ro\/kid-galaxy-buburuza-telecomandata\/p\/","url":"https:\/\/www.roovi.ro\/kid-galaxy-buburuza-telecomandata\/p\/","name":"Buburuz\u0103 cu telecomand\u0103, pentru copii de 3-6 ani - Kid Galaxy - Roovi B2B","isPartOf":{"@id":"https:\/\/business.roovi.com\/ro\/#website"},"datePublished":"2018-04-16T10:56:08+00:00","dateModified":"2022-05-03T00:01:36+00:00","breadcrumb":{"@id":"https:\/\/www.roovi.ro\/kid-galaxy-buburuza-telecomandata\/p\/#breadcrumb"},"inLanguage":"ro-RO","potentialAction":[{"@type":"ReadAction","target":["https:\/\/www.roovi.ro\/kid-galaxy-buburuza-telecomandata\/p\/"]}]},{"@type":"BreadcrumbList","@id":"https:\/\/www.roovi.ro\/kid-galaxy-buburuza-telecomandata\/p\/#breadcrumb","itemListElement":[{"@type":"ListItem","position":1,"name":"Home","item":"https:\/\/business.roovi.com\/ro\/"},{"@type":"ListItem","position":2,"name":"Magazin","item":"https:\/\/business.roovi.com\/ro\/magazin\/"},{"@type":"ListItem","position":3,"name":"Buburuz\u0103 cu telecomand\u0103, pentru copii de 3-6 ani &#8211; Kid Galaxy"}]},{"@type":"WebSite","@id":"https:\/\/business.roovi.com\/ro\/#website","url":"https:\/\/business.roovi.com\/ro\/","name":"Roovi B2B","description":"Roovi Business Website","potentialAction":[{"@type":"SearchAction","target":{"@type":"EntryPoint","urlTemplate":"https:\/\/business.roovi.com\/ro\/?s={search_term_string}"},"query-input":"required name=search_term_string"}],"inLanguage":"ro-RO"}]}},"_links":{"self":[{"href":"https:\/\/business.roovi.com\/ro\/wp-json\/wp\/v2\/product\/13462","targetHints":{"allow":["GET"]}}],"collection":[{"href":"https:\/\/business.roovi.com\/ro\/wp-json\/wp\/v2\/product"}],"about":[{"href":"https:\/\/business.roovi.com\/ro\/wp-json\/wp\/v2\/types\/product"}],"version-history":[{"count":0,"href":"https:\/\/business.roovi.com\/ro\/wp-json\/wp\/v2\/product\/13462\/revisions"}],"wp:featuredmedia":[{"embeddable":true,"href":"https:\/\/business.roovi.com\/ro\/wp-json\/wp\/v2\/media\/13460"}],"wp:attachment":[{"href":"https:\/\/business.roovi.com\/ro\/wp-json\/wp\/v2\/media?parent=13462"}],"wp:term":[{"taxonomy":"product_brand","embeddable":true,"href":"https:\/\/business.roovi.com\/ro\/wp-json\/wp\/v2\/product_brand?post=13462"},{"taxonomy":"product_cat","embeddable":true,"href":"https:\/\/business.roovi.com\/ro\/wp-json\/wp\/v2\/product_cat?post=13462"},{"taxonomy":"product_tag","embeddable":true,"href":"https:\/\/business.roovi.com\/ro\/wp-json\/wp\/v2\/product_tag?post=13462"}],"curies":[{"name":"wp","href":"https:\/\/api.w.org\/{rel}","templated":true}]}}