{"id":13623,"date":"2018-04-16T10:56:09","date_gmt":"2018-04-16T10:56:09","guid":{"rendered":"https:\/\/business.roovi.com\/product\/joc-labirintul-minotaurului\/"},"modified":"2022-08-15T11:34:08","modified_gmt":"2022-08-15T11:34:08","slug":"joc-labirintul-minotaurului","status":"publish","type":"product","link":"https:\/\/business.roovi.com\/ro\/joc-labirintul-minotaurului\/p\/","title":{"rendered":"Joc de strategie &#8211; Labirintul Minotaurului"},"content":{"rendered":"<p>Jocul de strategie Labirintul Minotaurului te va ghida \u00een lumea mitologiei antice. Po\u021bi intra acum \u00een rolul unui r\u0103zboinic elen s\u0103 p\u0103trunzi \u00een labirintul cel misterios \u0219i s\u0103 str\u00e2ngi jetoane de aur. Ai grij\u0103 ca minotaurul, creatura fabuloas\u0103 jum\u0103tate om jum\u0103tate taur, s\u0103 nu te z\u0103reasc\u0103. Tufi\u0219urile \u0219i vegeta\u021bia te pot ascunde, e\u0219ti protejat \u0219i \u00een zonele de siguran\u021b\u0103. Dar dac\u0103 te observ\u0103, \u00ee\u0219i va p\u0103r\u0103si traseul \u0219i te va p\u00e2ndi, permi\u021b\u00e2nd celorlal\u021bi juc\u0103tori s\u0103 colecteze jetoane de aur! <\/p>\n<p>Labirintul minotaurului \u00ee\u021bi ofer\u0103 pl\u0103cerea jocului cu dou\u0103 nivele de dificultate, pe cele dou\u0103 p\u0103r\u021bi ale tablei de joc. Te a\u0219teapt\u0103 o aventur\u0103 fabuloas\u0103 cu multe peripe\u021bii! Jocul este conceput pentru 2-4 juc\u0103tori. Con\u021binut: 1 tabl\u0103 de joc cu dou\u0103 fe\u021be, 4 piese de joc r\u0103zboinici eleni, 1 pies\u0103 de joc minotaur (+ 1 pies\u0103 rezerv\u0103), 3 zaruri, 25 de jetoane de joc (+ 5 jetoane rezerv\u0103), regulament de joc.<\/p>\n","protected":false},"excerpt":{"rendered":"<p>Jocul de strategie Labirintul Minotaurului te va ghida \u00een lumea mitologiei antice. Po\u021bi intra acum \u00een rolul unui r\u0103zboinic elen<\/p>\n","protected":false},"featured_media":13619,"template":"","meta":[],"product_brand":[],"product_cat":[1502,1467],"product_tag":[],"class_list":{"0":"post-13623","1":"product","2":"type-product","3":"status-publish","4":"has-post-thumbnail","6":"product_cat-jocuri-de-familie","7":"product_cat-jocuri-de-societate","8":"pa_brand-d_toys","9":"pa_country_of_manufacture-ro","10":"pa_filter_age-1315","11":"pa_filter_age-9_14","12":"pa_tip_ambalaj-cutie","14":"first","15":"instock","16":"taxable","17":"shipping-taxable","18":"product-type-simple"},"yoast_head":"<!-- This site is optimized with the Yoast SEO plugin v20.1 - https:\/\/yoast.com\/wordpress\/plugins\/seo\/ -->\n<title>Joc de strategie - Labirintul Minotaurului - Roovi B2B<\/title>\n<meta name=\"robots\" content=\"index, follow, max-snippet:-1, max-image-preview:large, max-video-preview:-1\" \/>\n<link rel=\"canonical\" href=\"https:\/\/www.roovi.ro\/joc-labirintul-minotaurului\/p\/\" \/>\n<meta property=\"og:locale\" content=\"ro_RO\" \/>\n<meta property=\"og:type\" content=\"article\" \/>\n<meta property=\"og:title\" content=\"Joc de strategie - Labirintul Minotaurului - Roovi B2B\" \/>\n<meta property=\"og:description\" content=\"Jocul de strategie Labirintul Minotaurului te va ghida \u00een lumea mitologiei antice. Po\u021bi intra acum \u00een rolul unui r\u0103zboinic elen\" \/>\n<meta property=\"og:url\" content=\"https:\/\/www.roovi.ro\/joc-labirintul-minotaurului\/p\/\" \/>\n<meta property=\"og:site_name\" content=\"Roovi B2B\" \/>\n<meta property=\"article:publisher\" content=\"https:\/\/www.facebook.com\/wwwjucariero\" \/>\n<meta property=\"article:modified_time\" content=\"2022-08-15T11:34:08+00:00\" \/>\n<meta property=\"og:image\" content=\"https:\/\/business.roovi.com\/wp-content\/uploads\/2018\/04\/73945_elo_labirintul_minotaurului.jpg\" \/>\n\t<meta property=\"og:image:width\" content=\"1200\" \/>\n\t<meta property=\"og:image:height\" content=\"1200\" \/>\n\t<meta property=\"og:image:type\" content=\"image\/jpeg\" \/>\n<meta name=\"twitter:label1\" content=\"Timp estimat pentru citire\" \/>\n\t<meta name=\"twitter:data1\" content=\"1 minut\" \/>\n<script type=\"application\/ld+json\" class=\"yoast-schema-graph\">{\"@context\":\"https:\/\/schema.org\",\"@graph\":[{\"@type\":\"WebPage\",\"@id\":\"https:\/\/business.roovi.com\/ro\/joc-labirintul-minotaurului\/p\/\",\"url\":\"https:\/\/www.roovi.ro\/joc-labirintul-minotaurului\/p\/\",\"name\":\"Joc de strategie - Labirintul Minotaurului - Roovi B2B\",\"isPartOf\":{\"@id\":\"https:\/\/business.roovi.com\/ro\/#website\"},\"datePublished\":\"2018-04-16T10:56:09+00:00\",\"dateModified\":\"2022-08-15T11:34:08+00:00\",\"breadcrumb\":{\"@id\":\"https:\/\/www.roovi.ro\/joc-labirintul-minotaurului\/p\/#breadcrumb\"},\"inLanguage\":\"ro-RO\",\"potentialAction\":[{\"@type\":\"ReadAction\",\"target\":[\"https:\/\/www.roovi.ro\/joc-labirintul-minotaurului\/p\/\"]}]},{\"@type\":\"BreadcrumbList\",\"@id\":\"https:\/\/www.roovi.ro\/joc-labirintul-minotaurului\/p\/#breadcrumb\",\"itemListElement\":[{\"@type\":\"ListItem\",\"position\":1,\"name\":\"Home\",\"item\":\"https:\/\/business.roovi.com\/ro\/\"},{\"@type\":\"ListItem\",\"position\":2,\"name\":\"Magazin\",\"item\":\"https:\/\/business.roovi.com\/ro\/magazin\/\"},{\"@type\":\"ListItem\",\"position\":3,\"name\":\"Joc de strategie &#8211; Labirintul Minotaurului\"}]},{\"@type\":\"WebSite\",\"@id\":\"https:\/\/business.roovi.com\/ro\/#website\",\"url\":\"https:\/\/business.roovi.com\/ro\/\",\"name\":\"Roovi B2B\",\"description\":\"Roovi Business Website\",\"potentialAction\":[{\"@type\":\"SearchAction\",\"target\":{\"@type\":\"EntryPoint\",\"urlTemplate\":\"https:\/\/business.roovi.com\/ro\/?s={search_term_string}\"},\"query-input\":\"required name=search_term_string\"}],\"inLanguage\":\"ro-RO\"}]}<\/script>\n<!-- \/ Yoast SEO plugin. -->","yoast_head_json":{"title":"Joc de strategie - Labirintul Minotaurului - Roovi B2B","robots":{"index":"index","follow":"follow","max-snippet":"max-snippet:-1","max-image-preview":"max-image-preview:large","max-video-preview":"max-video-preview:-1"},"canonical":"https:\/\/www.roovi.ro\/joc-labirintul-minotaurului\/p\/","og_locale":"ro_RO","og_type":"article","og_title":"Joc de strategie - Labirintul Minotaurului - Roovi B2B","og_description":"Jocul de strategie Labirintul Minotaurului te va ghida \u00een lumea mitologiei antice. Po\u021bi intra acum \u00een rolul unui r\u0103zboinic elen","og_url":"https:\/\/www.roovi.ro\/joc-labirintul-minotaurului\/p\/","og_site_name":"Roovi B2B","article_publisher":"https:\/\/www.facebook.com\/wwwjucariero","article_modified_time":"2022-08-15T11:34:08+00:00","og_image":[{"width":1200,"height":1200,"url":"https:\/\/business.roovi.com\/wp-content\/uploads\/2018\/04\/73945_elo_labirintul_minotaurului.jpg","type":"image\/jpeg"}],"twitter_misc":{"Timp estimat pentru citire":"1 minut"},"schema":{"@context":"https:\/\/schema.org","@graph":[{"@type":"WebPage","@id":"https:\/\/business.roovi.com\/ro\/joc-labirintul-minotaurului\/p\/","url":"https:\/\/www.roovi.ro\/joc-labirintul-minotaurului\/p\/","name":"Joc de strategie - Labirintul Minotaurului - Roovi B2B","isPartOf":{"@id":"https:\/\/business.roovi.com\/ro\/#website"},"datePublished":"2018-04-16T10:56:09+00:00","dateModified":"2022-08-15T11:34:08+00:00","breadcrumb":{"@id":"https:\/\/www.roovi.ro\/joc-labirintul-minotaurului\/p\/#breadcrumb"},"inLanguage":"ro-RO","potentialAction":[{"@type":"ReadAction","target":["https:\/\/www.roovi.ro\/joc-labirintul-minotaurului\/p\/"]}]},{"@type":"BreadcrumbList","@id":"https:\/\/www.roovi.ro\/joc-labirintul-minotaurului\/p\/#breadcrumb","itemListElement":[{"@type":"ListItem","position":1,"name":"Home","item":"https:\/\/business.roovi.com\/ro\/"},{"@type":"ListItem","position":2,"name":"Magazin","item":"https:\/\/business.roovi.com\/ro\/magazin\/"},{"@type":"ListItem","position":3,"name":"Joc de strategie &#8211; Labirintul Minotaurului"}]},{"@type":"WebSite","@id":"https:\/\/business.roovi.com\/ro\/#website","url":"https:\/\/business.roovi.com\/ro\/","name":"Roovi B2B","description":"Roovi Business Website","potentialAction":[{"@type":"SearchAction","target":{"@type":"EntryPoint","urlTemplate":"https:\/\/business.roovi.com\/ro\/?s={search_term_string}"},"query-input":"required name=search_term_string"}],"inLanguage":"ro-RO"}]}},"_links":{"self":[{"href":"https:\/\/business.roovi.com\/ro\/wp-json\/wp\/v2\/product\/13623","targetHints":{"allow":["GET"]}}],"collection":[{"href":"https:\/\/business.roovi.com\/ro\/wp-json\/wp\/v2\/product"}],"about":[{"href":"https:\/\/business.roovi.com\/ro\/wp-json\/wp\/v2\/types\/product"}],"version-history":[{"count":0,"href":"https:\/\/business.roovi.com\/ro\/wp-json\/wp\/v2\/product\/13623\/revisions"}],"wp:featuredmedia":[{"embeddable":true,"href":"https:\/\/business.roovi.com\/ro\/wp-json\/wp\/v2\/media\/13619"}],"wp:attachment":[{"href":"https:\/\/business.roovi.com\/ro\/wp-json\/wp\/v2\/media?parent=13623"}],"wp:term":[{"taxonomy":"product_brand","embeddable":true,"href":"https:\/\/business.roovi.com\/ro\/wp-json\/wp\/v2\/product_brand?post=13623"},{"taxonomy":"product_cat","embeddable":true,"href":"https:\/\/business.roovi.com\/ro\/wp-json\/wp\/v2\/product_cat?post=13623"},{"taxonomy":"product_tag","embeddable":true,"href":"https:\/\/business.roovi.com\/ro\/wp-json\/wp\/v2\/product_tag?post=13623"}],"curies":[{"name":"wp","href":"https:\/\/api.w.org\/{rel}","templated":true}]}}