{"id":13642,"date":"2018-04-16T10:56:09","date_gmt":"2018-04-16T10:56:09","guid":{"rendered":"https:\/\/business.roovi.com\/product\/carti-de-joc-poker-carton\/"},"modified":"2025-03-11T12:47:41","modified_gmt":"2025-03-11T12:47:41","slug":"carti-de-joc-profesioniste-poker-albastru-carton","status":"publish","type":"product","link":"https:\/\/business.roovi.com\/ro\/carti-de-joc-profesioniste-poker-albastru-carton\/p\/","title":{"rendered":"C\u0103r\u021bi de Joc profesioniste \u2013 Poker Albastru \u2013 Carton"},"content":{"rendered":"<p><span style=\"font-weight: 400;\">\u0218tiai c\u0103, de\u0219i au origini incerte, presupuse a veni din Asia, c\u0103r\u021bile de joc au fost aduse \u00een Europa spre finalul secolului al XIV-lea?<\/span><\/p>\n<p><span style=\"font-weight: 400;\">De atunci, c\u0103r\u021bile de joc au fost nelipsite de la cur\u021bile regale, de la petrecerile fastuoase sau din casele oamenilor de r\u00e2nd.\u00a0<\/span><\/p>\n<p><span style=\"font-weight: 400;\">De fapt, un pachet de c\u0103r\u021bi de joc este cea mai la \u00eendem\u00e2n\u0103 modalitate de a men\u021bine atmosfera \u0219i de a da startul distrac\u021biei la o \u00eent\u00e2lnire \u00eentre prieteni.\u00a0<\/span><\/p>\n<p><span style=\"font-weight: 400;\">Tu ce mai a\u0219tep\u021bi? Alege un pachet de c\u0103r\u021bi de joc Poker din carton \u0219i d\u0103 startul distrac\u021biei \u00een casa ta.\u00a0<\/span><\/p>\n<h2><span style=\"font-weight: 400;\">De ce s\u0103 alegi C\u0103r\u021bi de joc Poker<\/span><\/h2>\n<p><span style=\"font-weight: 400;\">Sunt o modalitate accesibil\u0103, deloc costisitoare, de a \u00eentre\u021bine atmosfera la o petrecere ori de a te distra al\u0103turi de copii sau prieteni, atunci c\u00e2nd vrei ceva amuzant, dar care s\u0103 nu fie complicat.\u00a0<\/span><\/p>\n<p><span style=\"font-weight: 400;\">\u00cen plus, cu un simplu pachet de c\u0103r\u021bi po\u021bi juca at\u00e2t de multe jocuri, de la Poker la Macao, R\u0103zboi, \u0218eptic\u0103, Toci, Maciupiciu etc.<\/span><\/p>\n<p><span style=\"font-weight: 400;\">Sunt antrenante at\u00e2t pentru copii c\u00e2t \u0219i pentru adul\u021bi \u0219i stimuleaz\u0103 intens aten\u021bia, memoria, coordonarea \u0219i lucrul \u00een echipa. Ofer\u0103 o lec\u021bie important\u0103 despre reguli \u0219i importan\u021ba urmarii acestora.<\/span><\/p>\n<p><span style=\"font-weight: 400;\">De asemenea, sunt o modalitate simpl\u0103 \u0219i eficient\u0103 de a le preda copiilor lec\u021bia r\u0103bd\u0103rii, a accept\u0103rii unei \u00eenfr\u00e2ngeri \u0219i a bucuriei reu\u0219itei.\u00a0<\/span><\/p>\n<p><span style=\"font-weight: 400;\">Iar pentru micii aventurieri, construirea unui castel din c\u0103r\u021bi de joc poate fi o provocare care \u00eei va \u021bine concentra\u021bi un timp \u00eendelungat.<\/span><\/p>\n<p><span style=\"font-weight: 400;\">Orice joc alegi s\u0103 joci, \u00een compania prietenilor sau a copiilor, un pachet de c\u0103r\u021bi de joc este absolut necesar.\u00a0<\/span><\/p>\n<p><span style=\"font-weight: 400;\">S\u0103 \u00ee\u021bi mai spunem c\u0103 sunt f\u0103cute din carton, rezist\u0103 la uzur\u0103 \u0219i asigur\u0103 negre\u0219it sute de ore de amuzament? Mai mult, au dimensiunea potrivit\u0103 pentru a se strecura \u00een orice buzunar, geant\u0103 sau rucsac \u0219i le po\u021bi lua cu tine peste tot.<\/span><\/p>\n<p><span style=\"font-weight: 400;\">Cine-ar fi crezut c\u0103 un pachet de c\u0103r\u021bi aduce la un loc at\u00e2tea beneficii, nu-i a\u0219a? Ia-\u021bi pachetul t\u0103u chiar acum \u0219i f\u0103 c\u0103r\u021bile!<\/span><\/p>\n<p><span style=\"font-weight: 400;\">P.S. C\u0103r\u021bile de joc sunt disponibile \u0219i \u00een varianta din plastic.<\/span><\/p>\n","protected":false},"excerpt":{"rendered":"<p>\u0218tiai c\u0103, de\u0219i au origini incerte, presupuse a veni din Asia, c\u0103r\u021bile de joc au fost aduse \u00een Europa spre<\/p>\n","protected":false},"featured_media":68858,"template":"","meta":[],"product_brand":[],"product_cat":[1522,1467],"product_tag":[],"class_list":{"0":"post-13642","1":"product","2":"type-product","3":"status-publish","4":"has-post-thumbnail","6":"product_cat-carti-de-joc","7":"product_cat-jocuri-de-societate","8":"pa_brand-deico","9":"pa_country_of_manufacture-ro","10":"pa_filter_age-1315","11":"pa_tip_ambalaj-cutie","13":"first","14":"instock","15":"taxable","16":"shipping-taxable","17":"product-type-simple"},"yoast_head":"<!-- This site is optimized with the Yoast SEO plugin v20.1 - https:\/\/yoast.com\/wordpress\/plugins\/seo\/ -->\n<title>C\u0103r\u021bi de Joc profesioniste \u2013 Poker Albastru \u2013 Carton - Roovi B2B<\/title>\n<meta name=\"robots\" content=\"index, follow, max-snippet:-1, max-image-preview:large, max-video-preview:-1\" \/>\n<link rel=\"canonical\" href=\"https:\/\/www.roovi.ro\/carti-de-joc-poker-carton\/p\/\" \/>\n<meta property=\"og:locale\" content=\"ro_RO\" \/>\n<meta property=\"og:type\" content=\"article\" \/>\n<meta property=\"og:title\" content=\"C\u0103r\u021bi de Joc profesioniste \u2013 Poker Albastru \u2013 Carton - Roovi B2B\" \/>\n<meta property=\"og:description\" content=\"\u0218tiai c\u0103, de\u0219i au origini incerte, presupuse a veni din Asia, c\u0103r\u021bile de joc au fost aduse \u00een Europa spre\" \/>\n<meta property=\"og:url\" content=\"https:\/\/www.roovi.ro\/carti-de-joc-poker-carton\/p\/\" \/>\n<meta property=\"og:site_name\" content=\"Roovi B2B\" \/>\n<meta property=\"article:publisher\" content=\"https:\/\/www.facebook.com\/wwwjucariero\" \/>\n<meta property=\"article:modified_time\" content=\"2025-03-11T12:47:41+00:00\" \/>\n<meta property=\"og:image\" content=\"https:\/\/business.roovi.com\/wp-content\/uploads\/2018\/04\/mockup-set-carti-poker-blue-with-card-web.jpg\" \/>\n\t<meta property=\"og:image:width\" content=\"1200\" \/>\n\t<meta property=\"og:image:height\" content=\"1200\" \/>\n\t<meta property=\"og:image:type\" content=\"image\/jpeg\" \/>\n<meta name=\"twitter:label1\" content=\"Timp estimat pentru citire\" \/>\n\t<meta name=\"twitter:data1\" content=\"2 minute\" \/>\n<script type=\"application\/ld+json\" class=\"yoast-schema-graph\">{\"@context\":\"https:\/\/schema.org\",\"@graph\":[{\"@type\":\"WebPage\",\"@id\":\"https:\/\/business.roovi.com\/ro\/carti-de-joc-profesioniste-poker-albastru-carton\/p\/\",\"url\":\"https:\/\/www.roovi.ro\/carti-de-joc-poker-carton\/p\/\",\"name\":\"C\u0103r\u021bi de Joc profesioniste \u2013 Poker Albastru \u2013 Carton - Roovi B2B\",\"isPartOf\":{\"@id\":\"https:\/\/business.roovi.com\/ro\/#website\"},\"datePublished\":\"2018-04-16T10:56:09+00:00\",\"dateModified\":\"2025-03-11T12:47:41+00:00\",\"breadcrumb\":{\"@id\":\"https:\/\/www.roovi.ro\/carti-de-joc-poker-carton\/p\/#breadcrumb\"},\"inLanguage\":\"ro-RO\",\"potentialAction\":[{\"@type\":\"ReadAction\",\"target\":[\"https:\/\/www.roovi.ro\/carti-de-joc-poker-carton\/p\/\"]}]},{\"@type\":\"BreadcrumbList\",\"@id\":\"https:\/\/www.roovi.ro\/carti-de-joc-poker-carton\/p\/#breadcrumb\",\"itemListElement\":[{\"@type\":\"ListItem\",\"position\":1,\"name\":\"Home\",\"item\":\"https:\/\/business.roovi.com\/ro\/\"},{\"@type\":\"ListItem\",\"position\":2,\"name\":\"Magazin\",\"item\":\"https:\/\/business.roovi.com\/ro\/magazin\/\"},{\"@type\":\"ListItem\",\"position\":3,\"name\":\"C\u0103r\u021bi de Joc profesioniste \u2013 Poker Albastru \u2013 Carton\"}]},{\"@type\":\"WebSite\",\"@id\":\"https:\/\/business.roovi.com\/ro\/#website\",\"url\":\"https:\/\/business.roovi.com\/ro\/\",\"name\":\"Roovi B2B\",\"description\":\"Roovi Business Website\",\"potentialAction\":[{\"@type\":\"SearchAction\",\"target\":{\"@type\":\"EntryPoint\",\"urlTemplate\":\"https:\/\/business.roovi.com\/ro\/?s={search_term_string}\"},\"query-input\":\"required name=search_term_string\"}],\"inLanguage\":\"ro-RO\"}]}<\/script>\n<!-- \/ Yoast SEO plugin. -->","yoast_head_json":{"title":"C\u0103r\u021bi de Joc profesioniste \u2013 Poker Albastru \u2013 Carton - Roovi B2B","robots":{"index":"index","follow":"follow","max-snippet":"max-snippet:-1","max-image-preview":"max-image-preview:large","max-video-preview":"max-video-preview:-1"},"canonical":"https:\/\/www.roovi.ro\/carti-de-joc-poker-carton\/p\/","og_locale":"ro_RO","og_type":"article","og_title":"C\u0103r\u021bi de Joc profesioniste \u2013 Poker Albastru \u2013 Carton - Roovi B2B","og_description":"\u0218tiai c\u0103, de\u0219i au origini incerte, presupuse a veni din Asia, c\u0103r\u021bile de joc au fost aduse \u00een Europa spre","og_url":"https:\/\/www.roovi.ro\/carti-de-joc-poker-carton\/p\/","og_site_name":"Roovi B2B","article_publisher":"https:\/\/www.facebook.com\/wwwjucariero","article_modified_time":"2025-03-11T12:47:41+00:00","og_image":[{"width":1200,"height":1200,"url":"https:\/\/business.roovi.com\/wp-content\/uploads\/2018\/04\/mockup-set-carti-poker-blue-with-card-web.jpg","type":"image\/jpeg"}],"twitter_misc":{"Timp estimat pentru citire":"2 minute"},"schema":{"@context":"https:\/\/schema.org","@graph":[{"@type":"WebPage","@id":"https:\/\/business.roovi.com\/ro\/carti-de-joc-profesioniste-poker-albastru-carton\/p\/","url":"https:\/\/www.roovi.ro\/carti-de-joc-poker-carton\/p\/","name":"C\u0103r\u021bi de Joc profesioniste \u2013 Poker Albastru \u2013 Carton - Roovi B2B","isPartOf":{"@id":"https:\/\/business.roovi.com\/ro\/#website"},"datePublished":"2018-04-16T10:56:09+00:00","dateModified":"2025-03-11T12:47:41+00:00","breadcrumb":{"@id":"https:\/\/www.roovi.ro\/carti-de-joc-poker-carton\/p\/#breadcrumb"},"inLanguage":"ro-RO","potentialAction":[{"@type":"ReadAction","target":["https:\/\/www.roovi.ro\/carti-de-joc-poker-carton\/p\/"]}]},{"@type":"BreadcrumbList","@id":"https:\/\/www.roovi.ro\/carti-de-joc-poker-carton\/p\/#breadcrumb","itemListElement":[{"@type":"ListItem","position":1,"name":"Home","item":"https:\/\/business.roovi.com\/ro\/"},{"@type":"ListItem","position":2,"name":"Magazin","item":"https:\/\/business.roovi.com\/ro\/magazin\/"},{"@type":"ListItem","position":3,"name":"C\u0103r\u021bi de Joc profesioniste \u2013 Poker Albastru \u2013 Carton"}]},{"@type":"WebSite","@id":"https:\/\/business.roovi.com\/ro\/#website","url":"https:\/\/business.roovi.com\/ro\/","name":"Roovi B2B","description":"Roovi Business Website","potentialAction":[{"@type":"SearchAction","target":{"@type":"EntryPoint","urlTemplate":"https:\/\/business.roovi.com\/ro\/?s={search_term_string}"},"query-input":"required name=search_term_string"}],"inLanguage":"ro-RO"}]}},"_links":{"self":[{"href":"https:\/\/business.roovi.com\/ro\/wp-json\/wp\/v2\/product\/13642","targetHints":{"allow":["GET"]}}],"collection":[{"href":"https:\/\/business.roovi.com\/ro\/wp-json\/wp\/v2\/product"}],"about":[{"href":"https:\/\/business.roovi.com\/ro\/wp-json\/wp\/v2\/types\/product"}],"version-history":[{"count":0,"href":"https:\/\/business.roovi.com\/ro\/wp-json\/wp\/v2\/product\/13642\/revisions"}],"wp:featuredmedia":[{"embeddable":true,"href":"https:\/\/business.roovi.com\/ro\/wp-json\/wp\/v2\/media\/68858"}],"wp:attachment":[{"href":"https:\/\/business.roovi.com\/ro\/wp-json\/wp\/v2\/media?parent=13642"}],"wp:term":[{"taxonomy":"product_brand","embeddable":true,"href":"https:\/\/business.roovi.com\/ro\/wp-json\/wp\/v2\/product_brand?post=13642"},{"taxonomy":"product_cat","embeddable":true,"href":"https:\/\/business.roovi.com\/ro\/wp-json\/wp\/v2\/product_cat?post=13642"},{"taxonomy":"product_tag","embeddable":true,"href":"https:\/\/business.roovi.com\/ro\/wp-json\/wp\/v2\/product_tag?post=13642"}],"curies":[{"name":"wp","href":"https:\/\/api.w.org\/{rel}","templated":true}]}}