{"id":15217,"date":"2018-04-16T10:56:16","date_gmt":"2018-04-16T10:56:16","guid":{"rendered":"https:\/\/business.roovi.com\/product\/puzzle-descopera-europa-1000-piese-1\/"},"modified":"2025-03-18T09:29:29","modified_gmt":"2025-03-18T09:29:29","slug":"puzzle-adulti-1000-piese-discover-europe-tower-bridge","status":"publish","type":"product","link":"https:\/\/business.roovi.com\/ro\/puzzle-adulti-1000-piese-discover-europe-tower-bridge\/p\/","title":{"rendered":"Puzzle Tower Bridge &#8211; Puzzle adul\u021bi 1000 piese &#8211; Discover Europe"},"content":{"rendered":"<p><strong><em>P\u0103streaz\u0103 pentru totdeauna imagini cu obiective turistice celebre din Europa cu puzzle 1000 piese!<\/em><\/strong><span style=\"font-weight: 400;\">\u00a0<\/span><\/p>\n<p><span style=\"font-weight: 400;\">\u00cen colec\u021bia puzzle adul\u021bi Descoper\u0103 Europa am adunat imagini fascinante cu locuri din Spania, Italia, Grecia \u0219i multe altele.\u00a0<\/span><\/p>\n<p><span style=\"font-weight: 400;\">Puzzle 1000 piese Discover Europe &#8211; Tower Bridge red\u0103 o imagine a celebrei atrac\u021bii din capitala britanic\u0103, surprins\u0103 la ceas de sear\u0103. Celebrul pod peste Tamisa are o lungime total\u0103 de 244 metri, fiind \u00een acela\u0219i timp un pod mobil \u0219i un pod suspendat.<\/span><\/p>\n<p><span style=\"font-weight: 400;\">Tower Bridge a fost construit \u00eentre anii 1886 \u0219i 1894, fiind proiectat de arhitectul Sir Horace Jones. Datorit\u0103 dezvolt\u0103rii comer\u021bului, construirea unui pod de leg\u0103tur\u0103 peste Tamisa era o necesitate la finele secolului al XIX-lea. Ast\u0103zi, Tower Bridge este traversat zilnic de peste 40.000 de oameni, iar turi\u0219ti din lumea \u00eentreag\u0103 imortalizeaz\u0103 \u00een fotografii de neuitat priveli\u0219tea spectaculoas\u0103 pe care acest pod o ofer\u0103.<\/span><\/p>\n<p><span style=\"font-weight: 400;\">Puzzle 1000 piese Descoper\u0103 Europa &#8211; London Bridge este o provocare care st\u00e2rne\u0219te deopotriv\u0103 g\u00e2ndirea logic\u0103 \u0219i creativitatea. Cu fiecare pies\u0103 pe care o potrive\u0219ti \u00een imaginea de ansamblu, c\u0103l\u0103tore\u0219ti cu g\u00e2ndul tot mai aproape de acest loc fascinant, emblem\u0103 a capitalei britanice.\u00a0<\/span><\/p>\n<p><strong>De ce s\u0103 alegi puzzle 1000 piese Discover Europe &#8211; London Bridge?<\/strong><\/p>\n<p><span style=\"font-weight: 400;\">Este o modalitate relaxant\u0103 de a descoperi frumuse\u021bea unui obiectiv turistic remarcabil.<\/span><\/p>\n<p><span style=\"font-weight: 400;\">Ob\u021bii un tablou cu dimensiunile de 68 x 47 cm al celebrului Tower Bridge pe care \u00eel po\u021bi admira \u00eendelung oriunde \u00eel vei expune.<\/span><\/p>\n<p><span style=\"font-weight: 400;\">Este produs din carton albastru de calitate superioar\u0103, foarte rezistent, astfel c\u0103 po\u021bi asambla imaginea de mai multe ori f\u0103r\u0103 ca piesele s\u0103 se deterioreze.<\/span><\/p>\n<p><span style=\"font-weight: 400;\">Utiliz\u0103m materiale reciclabile \u0219i sustenabile \u00een realizarea fiec\u0103rui joc puzzle.<\/span><\/p>\n<p><span style=\"font-weight: 400;\">Are finisaj semi-lucios, \u00een culori pl\u0103cute ce confer\u0103 claritate imaginii.<\/span><\/p>\n<p><span style=\"font-weight: 400;\">Jocul puzzle este un antrenament excelent pentru creier pentru c\u0103 implic\u0103 ambele emisfere cerebrale.<\/span><\/p>\n<p><span style=\"font-weight: 400;\">Este o modalitate pl\u0103cut\u0103 pentru a-\u021bi antrena coordonarea \u0219i motricitatea fin\u0103.<\/span><\/p>\n<p><span style=\"font-weight: 400;\">Jocul puzzle este potrivit persoanelor peste 14 ani &#8211; prilej de a descoperi frumuse\u021bea Tower Bridge al\u0103turi de adolescen\u021bi.<\/span><\/p>\n<p><strong>\u0218tiai c\u0103\u2026?<\/strong><\/p>\n<p><span style=\"font-weight: 400;\">Pentru realizarea Tower Bridge, peste 50 de echipe de arhitec\u021bi au trimis proiecte, fiind selectat doar cel propus de Sir <\/span><span style=\"font-weight: 400;\">Horace Jones.<\/span><\/p>\n<p><span style=\"font-weight: 400;\">Arhitectul nu a apucat s\u0103-\u0219i vad\u0103 proiectul finalizat, a murit la doar un an dup\u0103 \u00eenceperea construc\u021biei.<\/span><\/p>\n<p><span style=\"font-weight: 400;\">La construirea celor doi piloni masivi de sus\u021binere a podului s-au utilizat peste 70.000 de tone de beton \u0219i 11.000 de tone de o\u021bel asigur\u0103 cadrul pentru turnuri \u0219i pasarele.\u00a0<\/span><\/p>\n<p><span style=\"font-weight: 400;\">Podul a fost inaugurat cu mare fast de familia regal\u0103, la data de 30 iunie 1894.<\/span><\/p>\n<p><strong>Puzzle adul\u021bi 1000 piese Tower Bridge &#8211; o activitate pl\u0103cut\u0103 \u0219i antrenant\u0103<\/strong><\/p>\n<p><span style=\"font-weight: 400;\">Alege acest puzzle 1000 piese \u0219i descoper\u0103 o atrac\u021bie turistic\u0103 emblematic\u0103 pies\u0103 cu pies\u0103. Bucur\u0103-te de c\u00e2teva ore de relaxare deplin\u0103 \u00een intimitatea casei tale cu acest joc puzzle deosebit.<\/span><\/p>\n<p><span style=\"font-weight: 400;\">Pentru ca activitatea s\u0103 devin\u0103 mai antrenant\u0103, implic\u0103-i \u00een jocul puzzle \u0219i pe copiii t\u0103i. Este prilejul perfect pentru a le face cunoscut\u0103 istoria fascinant\u0103 a celebrului obiectiv. \u00cen plus, petrece\u021bi \u00eempreun\u0103 timp de calitate \u0219i v\u0103 deconecta\u021bi de la problemele cotidiene.<\/span><\/p>\n<p><span style=\"font-weight: 400;\">Puzzle 1000 piese Tower Bridge din colec\u021bia Discover Europe poate un cadou deosebit numai bun de pus sub bradul de Cr\u0103ciun sau pentru zilele aniversare ale prietenilor pasiona\u021bi de jocuri puzzle.<\/span><\/p>\n","protected":false},"excerpt":{"rendered":"<p>P\u0103streaz\u0103 pentru totdeauna imagini cu obiective turistice celebre din Europa cu puzzle 1000 piese!\u00a0 \u00cen colec\u021bia puzzle adul\u021bi Descoper\u0103 Europa<\/p>\n","protected":false},"featured_media":15203,"template":"","meta":[],"product_brand":[],"product_cat":[1454,1488,1560],"product_tag":[],"class_list":{"0":"post-15217","1":"product","2":"type-product","3":"status-publish","4":"has-post-thumbnail","6":"product_cat-puzzle","7":"product_cat-puzzle-adulti","8":"product_cat-puzzle-adulti-1000","9":"pa_bax-1304","10":"pa_brand-d_toys","11":"pa_country_of_manufacture-ro","12":"pa_filter_age-1315","13":"pa_painter-discovereurope","14":"pa_tip_ambalaj-cutie","15":"pa_tip_puzzle-clasic","17":"first","18":"instock","19":"taxable","20":"shipping-taxable","21":"product-type-simple"},"yoast_head":"<!-- This site is optimized with the Yoast SEO plugin v20.1 - https:\/\/yoast.com\/wordpress\/plugins\/seo\/ -->\n<title>Puzzle Tower Bridge - Puzzle adul\u021bi 1000 piese - Discover Europe - Roovi B2B<\/title>\n<meta name=\"robots\" content=\"index, follow, max-snippet:-1, max-image-preview:large, max-video-preview:-1\" \/>\n<link rel=\"canonical\" href=\"https:\/\/www.roovi.ro\/puzzle-adulti-1000-piese-discover-europe-tower-bridge\/p\/\" \/>\n<meta property=\"og:locale\" content=\"ro_RO\" \/>\n<meta property=\"og:type\" content=\"article\" \/>\n<meta property=\"og:title\" content=\"Puzzle Tower Bridge - Puzzle adul\u021bi 1000 piese - Discover Europe - Roovi B2B\" \/>\n<meta property=\"og:description\" content=\"P\u0103streaz\u0103 pentru totdeauna imagini cu obiective turistice celebre din Europa cu puzzle 1000 piese!\u00a0 \u00cen colec\u021bia puzzle adul\u021bi Descoper\u0103 Europa\" \/>\n<meta property=\"og:url\" content=\"https:\/\/www.roovi.ro\/puzzle-adulti-1000-piese-discover-europe-tower-bridge\/p\/\" \/>\n<meta property=\"og:site_name\" content=\"Roovi B2B\" \/>\n<meta property=\"article:publisher\" content=\"https:\/\/www.facebook.com\/wwwjucariero\" \/>\n<meta property=\"article:modified_time\" content=\"2025-03-18T09:29:29+00:00\" \/>\n<meta property=\"og:image\" content=\"https:\/\/business.roovi.com\/wp-content\/uploads\/2018\/04\/65995-01-ansamblu_dimensiuni-cutie-22x22-cm.png\" \/>\n\t<meta property=\"og:image:width\" content=\"1260\" \/>\n\t<meta property=\"og:image:height\" content=\"1056\" \/>\n\t<meta property=\"og:image:type\" content=\"image\/png\" \/>\n<meta name=\"twitter:label1\" content=\"Timp estimat pentru citire\" \/>\n\t<meta name=\"twitter:data1\" content=\"3 minute\" \/>\n<script type=\"application\/ld+json\" class=\"yoast-schema-graph\">{\"@context\":\"https:\/\/schema.org\",\"@graph\":[{\"@type\":\"WebPage\",\"@id\":\"https:\/\/business.roovi.com\/ro\/puzzle-adulti-1000-piese-discover-europe-tower-bridge\/p\/\",\"url\":\"https:\/\/www.roovi.ro\/puzzle-adulti-1000-piese-discover-europe-tower-bridge\/p\/\",\"name\":\"Puzzle Tower Bridge - Puzzle adul\u021bi 1000 piese - Discover Europe - Roovi B2B\",\"isPartOf\":{\"@id\":\"https:\/\/business.roovi.com\/ro\/#website\"},\"datePublished\":\"2018-04-16T10:56:16+00:00\",\"dateModified\":\"2025-03-18T09:29:29+00:00\",\"breadcrumb\":{\"@id\":\"https:\/\/www.roovi.ro\/puzzle-adulti-1000-piese-discover-europe-tower-bridge\/p\/#breadcrumb\"},\"inLanguage\":\"ro-RO\",\"potentialAction\":[{\"@type\":\"ReadAction\",\"target\":[\"https:\/\/www.roovi.ro\/puzzle-adulti-1000-piese-discover-europe-tower-bridge\/p\/\"]}]},{\"@type\":\"BreadcrumbList\",\"@id\":\"https:\/\/www.roovi.ro\/puzzle-adulti-1000-piese-discover-europe-tower-bridge\/p\/#breadcrumb\",\"itemListElement\":[{\"@type\":\"ListItem\",\"position\":1,\"name\":\"Home\",\"item\":\"https:\/\/business.roovi.com\/ro\/\"},{\"@type\":\"ListItem\",\"position\":2,\"name\":\"Magazin\",\"item\":\"https:\/\/business.roovi.com\/ro\/magazin\/\"},{\"@type\":\"ListItem\",\"position\":3,\"name\":\"Puzzle Tower Bridge &#8211; Puzzle adul\u021bi 1000 piese &#8211; Discover Europe\"}]},{\"@type\":\"WebSite\",\"@id\":\"https:\/\/business.roovi.com\/ro\/#website\",\"url\":\"https:\/\/business.roovi.com\/ro\/\",\"name\":\"Roovi B2B\",\"description\":\"Roovi Business Website\",\"potentialAction\":[{\"@type\":\"SearchAction\",\"target\":{\"@type\":\"EntryPoint\",\"urlTemplate\":\"https:\/\/business.roovi.com\/ro\/?s={search_term_string}\"},\"query-input\":\"required name=search_term_string\"}],\"inLanguage\":\"ro-RO\"}]}<\/script>\n<!-- \/ Yoast SEO plugin. -->","yoast_head_json":{"title":"Puzzle Tower Bridge - Puzzle adul\u021bi 1000 piese - Discover Europe - Roovi B2B","robots":{"index":"index","follow":"follow","max-snippet":"max-snippet:-1","max-image-preview":"max-image-preview:large","max-video-preview":"max-video-preview:-1"},"canonical":"https:\/\/www.roovi.ro\/puzzle-adulti-1000-piese-discover-europe-tower-bridge\/p\/","og_locale":"ro_RO","og_type":"article","og_title":"Puzzle Tower Bridge - Puzzle adul\u021bi 1000 piese - Discover Europe - Roovi B2B","og_description":"P\u0103streaz\u0103 pentru totdeauna imagini cu obiective turistice celebre din Europa cu puzzle 1000 piese!\u00a0 \u00cen colec\u021bia puzzle adul\u021bi Descoper\u0103 Europa","og_url":"https:\/\/www.roovi.ro\/puzzle-adulti-1000-piese-discover-europe-tower-bridge\/p\/","og_site_name":"Roovi B2B","article_publisher":"https:\/\/www.facebook.com\/wwwjucariero","article_modified_time":"2025-03-18T09:29:29+00:00","og_image":[{"width":1260,"height":1056,"url":"https:\/\/business.roovi.com\/wp-content\/uploads\/2018\/04\/65995-01-ansamblu_dimensiuni-cutie-22x22-cm.png","type":"image\/png"}],"twitter_misc":{"Timp estimat pentru citire":"3 minute"},"schema":{"@context":"https:\/\/schema.org","@graph":[{"@type":"WebPage","@id":"https:\/\/business.roovi.com\/ro\/puzzle-adulti-1000-piese-discover-europe-tower-bridge\/p\/","url":"https:\/\/www.roovi.ro\/puzzle-adulti-1000-piese-discover-europe-tower-bridge\/p\/","name":"Puzzle Tower Bridge - Puzzle adul\u021bi 1000 piese - Discover Europe - Roovi B2B","isPartOf":{"@id":"https:\/\/business.roovi.com\/ro\/#website"},"datePublished":"2018-04-16T10:56:16+00:00","dateModified":"2025-03-18T09:29:29+00:00","breadcrumb":{"@id":"https:\/\/www.roovi.ro\/puzzle-adulti-1000-piese-discover-europe-tower-bridge\/p\/#breadcrumb"},"inLanguage":"ro-RO","potentialAction":[{"@type":"ReadAction","target":["https:\/\/www.roovi.ro\/puzzle-adulti-1000-piese-discover-europe-tower-bridge\/p\/"]}]},{"@type":"BreadcrumbList","@id":"https:\/\/www.roovi.ro\/puzzle-adulti-1000-piese-discover-europe-tower-bridge\/p\/#breadcrumb","itemListElement":[{"@type":"ListItem","position":1,"name":"Home","item":"https:\/\/business.roovi.com\/ro\/"},{"@type":"ListItem","position":2,"name":"Magazin","item":"https:\/\/business.roovi.com\/ro\/magazin\/"},{"@type":"ListItem","position":3,"name":"Puzzle Tower Bridge &#8211; Puzzle adul\u021bi 1000 piese &#8211; Discover Europe"}]},{"@type":"WebSite","@id":"https:\/\/business.roovi.com\/ro\/#website","url":"https:\/\/business.roovi.com\/ro\/","name":"Roovi B2B","description":"Roovi Business Website","potentialAction":[{"@type":"SearchAction","target":{"@type":"EntryPoint","urlTemplate":"https:\/\/business.roovi.com\/ro\/?s={search_term_string}"},"query-input":"required name=search_term_string"}],"inLanguage":"ro-RO"}]}},"_links":{"self":[{"href":"https:\/\/business.roovi.com\/ro\/wp-json\/wp\/v2\/product\/15217","targetHints":{"allow":["GET"]}}],"collection":[{"href":"https:\/\/business.roovi.com\/ro\/wp-json\/wp\/v2\/product"}],"about":[{"href":"https:\/\/business.roovi.com\/ro\/wp-json\/wp\/v2\/types\/product"}],"version-history":[{"count":0,"href":"https:\/\/business.roovi.com\/ro\/wp-json\/wp\/v2\/product\/15217\/revisions"}],"wp:featuredmedia":[{"embeddable":true,"href":"https:\/\/business.roovi.com\/ro\/wp-json\/wp\/v2\/media\/15203"}],"wp:attachment":[{"href":"https:\/\/business.roovi.com\/ro\/wp-json\/wp\/v2\/media?parent=15217"}],"wp:term":[{"taxonomy":"product_brand","embeddable":true,"href":"https:\/\/business.roovi.com\/ro\/wp-json\/wp\/v2\/product_brand?post=15217"},{"taxonomy":"product_cat","embeddable":true,"href":"https:\/\/business.roovi.com\/ro\/wp-json\/wp\/v2\/product_cat?post=15217"},{"taxonomy":"product_tag","embeddable":true,"href":"https:\/\/business.roovi.com\/ro\/wp-json\/wp\/v2\/product_tag?post=15217"}],"curies":[{"name":"wp","href":"https:\/\/api.w.org\/{rel}","templated":true}]}}