{"id":15247,"date":"2018-04-16T10:56:16","date_gmt":"2018-04-16T10:56:16","guid":{"rendered":"https:\/\/business.roovi.com\/product\/puzzle-vintage-posters-1000-piese-2\/"},"modified":"2023-03-20T22:00:03","modified_gmt":"2023-03-20T22:00:03","slug":"puzzle-adulti-1000-piese-vintage-posters-motocycles-comiot","status":"publish","type":"product","link":"https:\/\/business.roovi.com\/ro\/puzzle-adulti-1000-piese-vintage-posters-motocycles-comiot\/p\/","title":{"rendered":"Puzzle adul\u021bi 1000 piese Vintage Posters &#8211; Motocycles Comiot"},"content":{"rendered":"<p><span style=\"font-weight: 400;\">Ai v\u0103zut colec\u021bia de jocuri puzzle Vintage de la D-Toys? Imagini uimitoare ale ilustra\u021biilor celebre ce au f\u0103cut senza\u021bie \u00een secolul al XIX-lea sunt acum gata de asamblat \u00een superbele puzzle 1000 piese.<\/span><\/p>\n<p><span style=\"font-weight: 400;\">Puzzle 1000 piese Motocycles Comiot red\u0103 \u00een detalii impecabile opera de art\u0103 a graficianului francez Steinlen. Opera marcheaz\u0103 interesul tinerilor progresi\u0219ti de la sf\u00e2r\u0219itul secolului al XIX-lea pentru activit\u0103\u021bi noi precum c\u0103l\u0103toriile, sporturile \u00een aer liber sau drume\u021biile la \u021bar\u0103.<\/span><\/p>\n<p><span style=\"font-weight: 400;\">Tinerii doreau s\u0103 evadeze din saloanele fran\u021buze\u0219ti de catifea \u0219i din confortul casnic. Femeile \u00eencep s\u0103 n\u0103zuiasc\u0103 spre o via\u021b\u0103 mai complex\u0103 \u0219i s\u0103 ias\u0103 din spa\u021biul limitativ al familiei.<\/span><\/p>\n<p><span style=\"font-weight: 400;\">Realizat din materiale de calitate excelent\u0103, puzzle 1000 piese Motocycles Comiot transmite emo\u021bia operei originale \u00een care femeia t\u00e2n\u0103r\u0103 de pe motociclet\u0103 pare determinat\u0103 s\u0103 p\u0103\u0219easc\u0103 \u00eentr-un viitor progresist uimitor.<\/span><\/p>\n<p><span style=\"font-weight: 400;\">Caracteristici puzzle 1000 piese vintage &#8211; Motocycles Comiot:<\/span><\/p>\n<p><strong>Dimensiuni imagine reconstituit\u0103: 50 x 70 cm. <\/strong><span style=\"font-weight: 400;\">Pentru asamblare po\u021bi folosi o m\u0103su\u021b\u0103 standard de cafea.<\/span><\/p>\n<p><strong>Material puzzle:\u00a0<\/strong><\/p>\n<p><strong>carton albastru de o calitate superioar\u0103<\/strong><\/p>\n<p><strong>materiale sustenabile, reciclabile<\/strong><\/p>\n<p><strong>finisaj semi-lucios, culori vii<\/strong><\/p>\n<p><strong>Num\u0103rul pieselor de puzzle: 1000<\/strong><\/p>\n<p><strong>V\u00e2rsta recomandat\u0103: 14+<\/strong><\/p>\n<p><span style=\"font-weight: 400;\">Jocurile puzzle sunt un instrument de relaxare, dar \u0219i o oportunitate de dezvoltare:<\/span><\/p>\n<p><span style=\"font-weight: 400;\">Te ajut\u0103 s\u0103-\u021bi \u00eembun\u0103t\u0103\u021be\u0219ti memoria.<\/span><\/p>\n<p><span style=\"font-weight: 400;\">\u00ce\u021bi men\u021bin motricitatea fin\u0103 \u0219i capacitatea de coordonare m\u00e2n\u0103-ochi.<\/span><\/p>\n<p><span style=\"font-weight: 400;\">Te \u00eenva\u021b\u0103 lec\u021bia r\u0103bd\u0103rii.<\/span><\/p>\n<p><span style=\"font-weight: 400;\">Sunt un bun stimulent pentru dezvoltarea imagina\u021biei.<\/span><\/p>\n<p><span style=\"font-weight: 400;\">Sunt un prilej de antrenare a g\u00e2ndirii logice.<\/span><\/p>\n<p><strong>\u0218tiai c\u0103\u2026?<\/strong><\/p>\n<p><span style=\"font-weight: 400;\">Th\u00e9ophile Steinlen<\/span><span style=\"font-weight: 400;\"> este un pictor \u0219i grafician francez care s-a n\u0103scut \u00een Elve\u021bia \u0219i care a fost reprezentant al curentului Art Nouveau.<\/span><\/p>\n<p><span style=\"font-weight: 400;\">\u00cen tinere\u021be, a lucrat ca <\/span><span style=\"font-weight: 400;\">designer stagiar la o filatura de textile din Mulhouse, estul Frantei.<\/span><\/p>\n<p><span style=\"font-weight: 400;\">Este realizatorul celebrei ilustra\u021bii<\/span><em><span style=\"font-weight: 400;\"> Le Chat Noir<\/span><\/em><span style=\"font-weight: 400;\"> care f\u0103cea reclam\u0103 celebrului cabaret cu acela\u0219i nume.<\/span><\/p>\n<p><span style=\"font-weight: 400;\">A conceput numeroase postere de art\u0103 pentru oameni de afaceri renumi\u021bi ai timpului s\u0103u.<\/span><\/p>\n<p><span style=\"font-weight: 400;\">A cochetat \u0219i cu sculpura, celebrele pisici din posterele sale fiind reprezentarea grafic\u0103 a sculpturilor realizate de el.<\/span><\/p>\n<p><strong>De ce s\u0103 alegi puzzle de art\u0103 vintage <\/strong><strong>Motocycles Comiot?<\/strong><\/p>\n<p><span style=\"font-weight: 400;\">Ai \u0219ansa unic\u0103 de a crea un tablou original care va da valoare oric\u0103rui loc anost \u00een care \u00eel vei expune.<\/span><\/p>\n<p><span style=\"font-weight: 400;\">Te bucuri de o imagine fascinant\u0103, marc\u0103 a unei perioade artistice remarcabile.<\/span><\/p>\n<p><span style=\"font-weight: 400;\">\u00ce\u021bi dezvol\u021bi sim\u021bul artistic prin intermediul unui puzzle de art\u0103 de o calitate de excep\u021bie.<\/span><\/p>\n<p><span style=\"font-weight: 400;\">Este un prilej de relaxare \u0219i de a p\u0103trunde \u00een lumea artistic\u0103 plin\u0103 de culoare.<\/span><\/p>\n<p><span style=\"font-weight: 400;\">\u00ce\u021bi dezvol\u021bi aptitudinile de asamblare a jocurilor puzzle de dificultate ridicat\u0103.<\/span><\/p>\n<p><span style=\"font-weight: 400;\">Dac\u0103 \u00ee\u021bi plac tablourile vechi, cu semnifica\u021bie puternic\u0103 \u0219i care eviden\u021biaz\u0103 tr\u0103s\u0103turile unei \u00eentregi epoci din istoria artei, vei aprecia cu at\u00e2t mai mult acest puzzle 1000 vintage. Este momentul t\u0103u pentru a fi creatorul unei opere de art\u0103 care e devenit surs\u0103 de inspira\u021bie pentru mul\u021bi creatori de publicitate.<\/span><\/p>\n<p><span style=\"font-weight: 400;\">Cump\u0103r\u0103 acum puzzle 1000 piese Vintage &#8211; Motocycles Comiot \u0219i profit\u0103 de toate avantajele pe care \u021bi le ofer\u0103 o pasiune creativ\u0103. Pune-l \u00een ram\u0103 pentru eternitate sau p\u0103streaz\u0103-l \u00een cas\u0103 \u0219i deschide-l ori de c\u00e2te ori sim\u021bi nevoia s\u0103-\u021bi provoci mintea.<\/span><\/p>\n<p><span style=\"font-weight: 400;\">Dac\u0103 ai prieteni pasiona\u021bi de opere de art\u0103 sau e\u0219ti \u00eentr-o perioad\u0103 \u00een care nu \u0219ti ce cadouri s\u0103 le oferi oamenilor dragi, puzzle 1000 piese Motocycles Comiot din colec\u021bia puzzle vintage este op\u021biunea ideal\u0103.<\/span><\/p><\/p>\n","protected":false},"excerpt":{"rendered":"<p>Ai v\u0103zut colec\u021bia de jocuri puzzle Vintage de la D-Toys? Imagini uimitoare ale ilustra\u021biilor celebre ce au f\u0103cut senza\u021bie \u00een<\/p>\n","protected":false},"featured_media":15233,"template":"","meta":[],"product_brand":[],"product_cat":[1454,1488,1560],"product_tag":[],"class_list":{"0":"post-15247","1":"product","2":"type-product","3":"status-publish","4":"has-post-thumbnail","6":"product_cat-puzzle","7":"product_cat-puzzle-adulti","8":"product_cat-puzzle-adulti-1000","9":"pa_bax-1273","10":"pa_brand-d_toys","11":"pa_country_of_manufacture-ro","12":"pa_filter_age-1315","13":"pa_painter-vintageposters","14":"pa_tip_ambalaj-cutie","15":"pa_tip_puzzle-clasic","17":"first","18":"instock","19":"taxable","20":"shipping-taxable","21":"product-type-simple"},"yoast_head":"<!-- This site is optimized with the Yoast SEO plugin v20.1 - https:\/\/yoast.com\/wordpress\/plugins\/seo\/ -->\n<title>Puzzle adul\u021bi 1000 piese Vintage Posters - Motocycles Comiot - Roovi B2B<\/title>\n<meta name=\"robots\" content=\"index, follow, max-snippet:-1, max-image-preview:large, max-video-preview:-1\" \/>\n<link rel=\"canonical\" href=\"https:\/\/www.roovi.ro\/puzzle-adulti-1000-piese-vintage-posters-motocycles-comiot\/p\/\" \/>\n<meta property=\"og:locale\" content=\"ro_RO\" \/>\n<meta property=\"og:type\" content=\"article\" \/>\n<meta property=\"og:title\" content=\"Puzzle adul\u021bi 1000 piese Vintage Posters - Motocycles Comiot - Roovi B2B\" \/>\n<meta property=\"og:description\" content=\"Ai v\u0103zut colec\u021bia de jocuri puzzle Vintage de la D-Toys? Imagini uimitoare ale ilustra\u021biilor celebre ce au f\u0103cut senza\u021bie \u00een\" \/>\n<meta property=\"og:url\" content=\"https:\/\/www.roovi.ro\/puzzle-adulti-1000-piese-vintage-posters-motocycles-comiot\/p\/\" \/>\n<meta property=\"og:site_name\" content=\"Roovi B2B\" \/>\n<meta property=\"article:publisher\" content=\"https:\/\/www.facebook.com\/wwwjucariero\" \/>\n<meta property=\"article:modified_time\" content=\"2023-03-20T22:00:03+00:00\" \/>\n<meta property=\"og:image\" content=\"https:\/\/business.roovi.com\/wp-content\/uploads\/2018\/04\/67555-2_ansamblu_dimensiuni_cutie_cm_vertical_1200x1200.png\" \/>\n\t<meta property=\"og:image:width\" content=\"1200\" \/>\n\t<meta property=\"og:image:height\" content=\"1200\" \/>\n\t<meta property=\"og:image:type\" content=\"image\/png\" \/>\n<meta name=\"twitter:label1\" content=\"Timp estimat pentru citire\" \/>\n\t<meta name=\"twitter:data1\" content=\"3 minute\" \/>\n<script type=\"application\/ld+json\" class=\"yoast-schema-graph\">{\"@context\":\"https:\/\/schema.org\",\"@graph\":[{\"@type\":\"WebPage\",\"@id\":\"https:\/\/business.roovi.com\/ro\/puzzle-adulti-1000-piese-vintage-posters-motocycles-comiot\/p\/\",\"url\":\"https:\/\/www.roovi.ro\/puzzle-adulti-1000-piese-vintage-posters-motocycles-comiot\/p\/\",\"name\":\"Puzzle adul\u021bi 1000 piese Vintage Posters - Motocycles Comiot - Roovi B2B\",\"isPartOf\":{\"@id\":\"https:\/\/business.roovi.com\/ro\/#website\"},\"datePublished\":\"2018-04-16T10:56:16+00:00\",\"dateModified\":\"2023-03-20T22:00:03+00:00\",\"breadcrumb\":{\"@id\":\"https:\/\/www.roovi.ro\/puzzle-adulti-1000-piese-vintage-posters-motocycles-comiot\/p\/#breadcrumb\"},\"inLanguage\":\"ro-RO\",\"potentialAction\":[{\"@type\":\"ReadAction\",\"target\":[\"https:\/\/www.roovi.ro\/puzzle-adulti-1000-piese-vintage-posters-motocycles-comiot\/p\/\"]}]},{\"@type\":\"BreadcrumbList\",\"@id\":\"https:\/\/www.roovi.ro\/puzzle-adulti-1000-piese-vintage-posters-motocycles-comiot\/p\/#breadcrumb\",\"itemListElement\":[{\"@type\":\"ListItem\",\"position\":1,\"name\":\"Home\",\"item\":\"https:\/\/business.roovi.com\/ro\/\"},{\"@type\":\"ListItem\",\"position\":2,\"name\":\"Magazin\",\"item\":\"https:\/\/business.roovi.com\/ro\/magazin\/\"},{\"@type\":\"ListItem\",\"position\":3,\"name\":\"Puzzle adul\u021bi 1000 piese Vintage Posters &#8211; Motocycles Comiot\"}]},{\"@type\":\"WebSite\",\"@id\":\"https:\/\/business.roovi.com\/ro\/#website\",\"url\":\"https:\/\/business.roovi.com\/ro\/\",\"name\":\"Roovi B2B\",\"description\":\"Roovi Business Website\",\"potentialAction\":[{\"@type\":\"SearchAction\",\"target\":{\"@type\":\"EntryPoint\",\"urlTemplate\":\"https:\/\/business.roovi.com\/ro\/?s={search_term_string}\"},\"query-input\":\"required name=search_term_string\"}],\"inLanguage\":\"ro-RO\"}]}<\/script>\n<!-- \/ Yoast SEO plugin. -->","yoast_head_json":{"title":"Puzzle adul\u021bi 1000 piese Vintage Posters - Motocycles Comiot - Roovi B2B","robots":{"index":"index","follow":"follow","max-snippet":"max-snippet:-1","max-image-preview":"max-image-preview:large","max-video-preview":"max-video-preview:-1"},"canonical":"https:\/\/www.roovi.ro\/puzzle-adulti-1000-piese-vintage-posters-motocycles-comiot\/p\/","og_locale":"ro_RO","og_type":"article","og_title":"Puzzle adul\u021bi 1000 piese Vintage Posters - Motocycles Comiot - Roovi B2B","og_description":"Ai v\u0103zut colec\u021bia de jocuri puzzle Vintage de la D-Toys? Imagini uimitoare ale ilustra\u021biilor celebre ce au f\u0103cut senza\u021bie \u00een","og_url":"https:\/\/www.roovi.ro\/puzzle-adulti-1000-piese-vintage-posters-motocycles-comiot\/p\/","og_site_name":"Roovi B2B","article_publisher":"https:\/\/www.facebook.com\/wwwjucariero","article_modified_time":"2023-03-20T22:00:03+00:00","og_image":[{"width":1200,"height":1200,"url":"https:\/\/business.roovi.com\/wp-content\/uploads\/2018\/04\/67555-2_ansamblu_dimensiuni_cutie_cm_vertical_1200x1200.png","type":"image\/png"}],"twitter_misc":{"Timp estimat pentru citire":"3 minute"},"schema":{"@context":"https:\/\/schema.org","@graph":[{"@type":"WebPage","@id":"https:\/\/business.roovi.com\/ro\/puzzle-adulti-1000-piese-vintage-posters-motocycles-comiot\/p\/","url":"https:\/\/www.roovi.ro\/puzzle-adulti-1000-piese-vintage-posters-motocycles-comiot\/p\/","name":"Puzzle adul\u021bi 1000 piese Vintage Posters - Motocycles Comiot - Roovi B2B","isPartOf":{"@id":"https:\/\/business.roovi.com\/ro\/#website"},"datePublished":"2018-04-16T10:56:16+00:00","dateModified":"2023-03-20T22:00:03+00:00","breadcrumb":{"@id":"https:\/\/www.roovi.ro\/puzzle-adulti-1000-piese-vintage-posters-motocycles-comiot\/p\/#breadcrumb"},"inLanguage":"ro-RO","potentialAction":[{"@type":"ReadAction","target":["https:\/\/www.roovi.ro\/puzzle-adulti-1000-piese-vintage-posters-motocycles-comiot\/p\/"]}]},{"@type":"BreadcrumbList","@id":"https:\/\/www.roovi.ro\/puzzle-adulti-1000-piese-vintage-posters-motocycles-comiot\/p\/#breadcrumb","itemListElement":[{"@type":"ListItem","position":1,"name":"Home","item":"https:\/\/business.roovi.com\/ro\/"},{"@type":"ListItem","position":2,"name":"Magazin","item":"https:\/\/business.roovi.com\/ro\/magazin\/"},{"@type":"ListItem","position":3,"name":"Puzzle adul\u021bi 1000 piese Vintage Posters &#8211; Motocycles Comiot"}]},{"@type":"WebSite","@id":"https:\/\/business.roovi.com\/ro\/#website","url":"https:\/\/business.roovi.com\/ro\/","name":"Roovi B2B","description":"Roovi Business Website","potentialAction":[{"@type":"SearchAction","target":{"@type":"EntryPoint","urlTemplate":"https:\/\/business.roovi.com\/ro\/?s={search_term_string}"},"query-input":"required name=search_term_string"}],"inLanguage":"ro-RO"}]}},"_links":{"self":[{"href":"https:\/\/business.roovi.com\/ro\/wp-json\/wp\/v2\/product\/15247","targetHints":{"allow":["GET"]}}],"collection":[{"href":"https:\/\/business.roovi.com\/ro\/wp-json\/wp\/v2\/product"}],"about":[{"href":"https:\/\/business.roovi.com\/ro\/wp-json\/wp\/v2\/types\/product"}],"version-history":[{"count":0,"href":"https:\/\/business.roovi.com\/ro\/wp-json\/wp\/v2\/product\/15247\/revisions"}],"wp:featuredmedia":[{"embeddable":true,"href":"https:\/\/business.roovi.com\/ro\/wp-json\/wp\/v2\/media\/15233"}],"wp:attachment":[{"href":"https:\/\/business.roovi.com\/ro\/wp-json\/wp\/v2\/media?parent=15247"}],"wp:term":[{"taxonomy":"product_brand","embeddable":true,"href":"https:\/\/business.roovi.com\/ro\/wp-json\/wp\/v2\/product_brand?post=15247"},{"taxonomy":"product_cat","embeddable":true,"href":"https:\/\/business.roovi.com\/ro\/wp-json\/wp\/v2\/product_cat?post=15247"},{"taxonomy":"product_tag","embeddable":true,"href":"https:\/\/business.roovi.com\/ro\/wp-json\/wp\/v2\/product_tag?post=15247"}],"curies":[{"name":"wp","href":"https:\/\/api.w.org\/{rel}","templated":true}]}}