{"id":15262,"date":"2018-04-16T10:56:16","date_gmt":"2018-04-16T10:56:16","guid":{"rendered":"https:\/\/business.roovi.com\/product\/puzzle-castele-franceze-1000-piese-1\/"},"modified":"2025-03-18T10:23:47","modified_gmt":"2025-03-18T10:23:47","slug":"puzzle-adulti-1000-piese-castele-franceze-castel-chambord","status":"publish","type":"product","link":"https:\/\/business.roovi.com\/ro\/puzzle-adulti-1000-piese-castele-franceze-castel-chambord\/p\/","title":{"rendered":"Puzzle adul\u021bi 1000 piese Castele Franceze &#8211; Castel Chambord"},"content":{"rendered":"<p><strong><em>Porne\u0219te \u00eentr-o c\u0103l\u0103torie fascinant\u0103 pe Valea Loarei \u0219i descoper\u0103 cel mai vestit castel francez din zon\u0103 cu puzzle 1000 piese Castelul Chambord.<\/em><\/strong><span style=\"font-weight: 400;\">\u00a0<\/span><\/p>\n<p><span style=\"font-weight: 400;\">Construit \u00een inima celui mai mare parc forestier \u00eenchis din Europa, Castelul Chambord se remarc\u0103 printr-o structur\u0103 arhitectural\u0103 ce combin\u0103 structurile medievale franceze cu cele clasice renascentiste.<\/span><\/p>\n<p><span style=\"font-weight: 400;\">Lucr\u0103rile la Ch\u00e2teau de Chambord au \u00eenceput pe vremea lui Francisc I, \u00een 1519, care a supervizat personal lucr\u0103rile. Regele \u0219i-a dorit acest edificiu ca domeniu pentru v\u00e2n\u0103toare. Cu toate acestea, regele a petrecut aici \u00een timpul vie\u021bii doar 72 de zile, \u00een vizite scurte de v\u00e2n\u0103toare. La vremea aceea, \u00een apropiere nu existau surse de hran\u0103, singura surs\u0103 imediat\u0103 fiind v\u00e2natul.\u00a0<\/span><\/p>\n<p><span style=\"font-weight: 400;\">Au trecut mul\u021bi ani \u0219i mul\u021bi regi\u00a0 p\u00e2n\u0103 ce construc\u021bia \u0219i amenajarea impun\u0103torului castel\u00a0 au fost finalizate. Considerat un castel al exceselor, datorit\u0103 dimensiunilor impresionante, Castelul Chambord atrage ca un magnet turi\u0219ti din toate col\u021burile lumii, astfel c\u0103 aproape oricine ajunge pe Valea Loarei \u00eei calc\u0103 pragurile.<\/span><\/p>\n<p><span style=\"font-weight: 400;\">Acum c\u0103 \u0219tii c\u00e2t de greu a fost construit \u00een realitate celebrul castel, s\u0103-l compui din 1000 se piese de puzzle pare joac\u0103 de copil. Pune pies\u0103 l\u00e2ng\u0103 pies\u0103 \u0219i alc\u0103tuie\u0219te fiecare turn al castelului \u0219i priveli\u0219tea dimprejur, iar c\u00e2nd imaginea e gata, admir\u0103 \u00een toat\u0103 splendoarea o construc\u021bie monumental\u0103.\u00a0<\/span><\/p>\n<p><strong>De ce s\u0103 alegi puzzle 1000 piese castele franceze &#8211; Castelul Chambord?<\/strong><\/p>\n<p><span style=\"font-weight: 400;\">Ob\u021bii un tablou minunat de 68 x 47 cm cu imaginea Castelului <\/span><span style=\"font-weight: 400;\">Chambord<\/span><span style=\"font-weight: 400;\">.<\/span><\/p>\n<p><span style=\"font-weight: 400;\">Po\u021bi folosi acest tablou \u00een scop decorativ, pentru a-\u021bi \u00eenfrumuse\u021ba locuin\u021ba.<\/span><\/p>\n<p><span style=\"font-weight: 400;\">Are finisaj semi-lucios, \u00een culori pl\u0103cute ce scot \u00een eviden\u021b\u0103 claritatea imaginii.<\/span><\/p>\n<p><span style=\"font-weight: 400;\">Este produs din carton albastru de calitate superioar\u0103 care \u00eei confer\u0103 rezisten\u021b\u0103 la asambl\u0103ri multiple.<\/span><\/p>\n<p><span style=\"font-weight: 400;\">Materialele utilizate pentru realizarea acestui puzzle 1000 piese sunt sustenabile \u0219i reciclabile.<\/span><\/p>\n<p><span style=\"font-weight: 400;\">Potrivit persoanelor peste 14 ani &#8211; motiv de a petrece timp de calitate cu adolescen\u021bii.<\/span><\/p>\n<p><span style=\"font-weight: 400;\">Un puzzle 1000 piese este un prilej inedit de a descoperi unicitatea \u0219i m\u0103re\u021bia unor obiective turistice renumite din lume.<\/span><\/p>\n<p><strong>\u0218tiai c\u0103\u2026?<\/strong><\/p>\n<p><span style=\"font-weight: 400;\">De\u0219i istoria nu consemneaz\u0103 numele lui Leonardo da Vinci ca arhitect al castelului, mul\u021bi speciali\u0219ti sunt de p\u0103rere c\u0103 scara central\u0103 \u0219i sistemul inovator de ventila\u021bie poart\u0103 \u00een mod clar amprenta geniului acestuia.<\/span><\/p>\n<p><span style=\"font-weight: 400;\">Parcul castelului are o suprafa\u021b\u0103 imens\u0103 de 5.440 de hectare \u0219i este \u00eenconjurat de 32 de kilometri de ziduri.<\/span><\/p>\n<p><span style=\"font-weight: 400;\">Pe pere\u021bii \u0219i pe tavanul castelului salamandra este reprezentat\u0103 de aproximativ 300 de ori. Acest amphibian mic era emblema lui Francisc I.<\/span><\/p>\n<p><span style=\"font-weight: 400;\">Timp de aproape 80, de la moartea regelui Francisc I, castelul a r\u0103mas nefolosit, devenind o ruin\u0103. Abia \u00een 1639, regele Ludovic al XIII-lea decide s\u0103 reia lucr\u0103rile de restaurare.<\/span><\/p>\n<p><span style=\"font-weight: 400;\">\u00cen timpul celui de-al II-lea R\u0103zboi Mondial au fost ad\u0103postite aici numeroase opere valoroase de la muzeul Luvru, printre care \u0219i portretul Mona Lisa.<\/span><\/p>\n<p><span style=\"font-weight: 400;\">Puzzle 1000 piese Castel Chambord poate fi o modalitatea prin care te eliberezi de stres \u0219i te deta\u0219ezi de problemele cotidiene. De asemenea, \u00ee\u021bi ofer\u0103 diverse posibilit\u0103\u021bi de dezvoltare:<\/span><\/p>\n<ul>\n<li><span style=\"font-weight: 400;\">Constituie un exerci\u021biu complex pentru creier.<\/span><\/li>\n<li><span style=\"font-weight: 400;\">\u00ce\u021bi \u00eembun\u0103t\u0103\u021be\u0219te coordonarea \u0219i dexteritatea.<\/span><\/li>\n<li><span style=\"font-weight: 400;\">\u00ce\u021bi men\u021bine memoria ascu\u021bit\u0103.<\/span><\/li>\n<li><span style=\"font-weight: 400;\">\u00ce\u021bi cultiv\u0103 r\u0103bdarea \u0219i perseveren\u021ba.<\/span><\/li>\n<li><span style=\"font-weight: 400;\">D\u0103 sens orelor monotone \u00een care nu ai ce s\u0103 faci.<\/span><\/li>\n<\/ul>\n<p><span style=\"font-weight: 400;\">Alege a\u0219adar puzzle 1000 piese <\/span><span style=\"font-weight: 400;\">Castel Chambord \u0219i bucur\u0103-te de toate avantajele pe care \u021bi le ofer\u0103 jocul puzzle. Descoper\u0103 toat\u0103 gama de puzzle 1000 piese Castele franceze, alc\u0103tuie\u0219te imaginile \u0219i creeaz\u0103-\u021bi o colec\u021bie deosebit\u0103 de tablouri cu obiective fascinante.<\/span><\/p>\n","protected":false},"excerpt":{"rendered":"<p>Porne\u0219te \u00eentr-o c\u0103l\u0103torie fascinant\u0103 pe Valea Loarei \u0219i descoper\u0103 cel mai vestit castel francez din zon\u0103 cu puzzle 1000 piese<\/p>\n","protected":false},"featured_media":15248,"template":"","meta":[],"product_brand":[],"product_cat":[1454,1488,1560],"product_tag":[],"class_list":{"0":"post-15262","1":"product","2":"type-product","3":"status-publish","4":"has-post-thumbnail","6":"product_cat-puzzle","7":"product_cat-puzzle-adulti","8":"product_cat-puzzle-adulti-1000","9":"pa_bax-1273","10":"pa_brand-d_toys","11":"pa_country_of_manufacture-ro","12":"pa_filter_age-1315","13":"pa_painter-frenchcastles","14":"pa_tip_ambalaj-cutie","15":"pa_tip_puzzle-clasic","17":"first","18":"instock","19":"taxable","20":"shipping-taxable","21":"product-type-simple"},"yoast_head":"<!-- This site is optimized with the Yoast SEO plugin v20.1 - https:\/\/yoast.com\/wordpress\/plugins\/seo\/ -->\n<title>Puzzle adul\u021bi 1000 piese Castele Franceze - Castel Chambord - Roovi B2B<\/title>\n<meta name=\"robots\" content=\"index, follow, max-snippet:-1, max-image-preview:large, max-video-preview:-1\" \/>\n<link rel=\"canonical\" href=\"https:\/\/www.roovi.ro\/puzzle-adulti-1000-piese-castele-franceze-castel-chambord\/p\/\" \/>\n<meta property=\"og:locale\" content=\"ro_RO\" \/>\n<meta property=\"og:type\" content=\"article\" \/>\n<meta property=\"og:title\" content=\"Puzzle adul\u021bi 1000 piese Castele Franceze - Castel Chambord - Roovi B2B\" \/>\n<meta property=\"og:description\" content=\"Porne\u0219te \u00eentr-o c\u0103l\u0103torie fascinant\u0103 pe Valea Loarei \u0219i descoper\u0103 cel mai vestit castel francez din zon\u0103 cu puzzle 1000 piese\" \/>\n<meta property=\"og:url\" content=\"https:\/\/www.roovi.ro\/puzzle-adulti-1000-piese-castele-franceze-castel-chambord\/p\/\" \/>\n<meta property=\"og:site_name\" content=\"Roovi B2B\" \/>\n<meta property=\"article:publisher\" content=\"https:\/\/www.facebook.com\/wwwjucariero\" \/>\n<meta property=\"article:modified_time\" content=\"2025-03-18T10:23:47+00:00\" \/>\n<meta property=\"og:image\" content=\"https:\/\/business.roovi.com\/wp-content\/uploads\/2018\/04\/67562-01-ansamblu_dimensiuni-cutie-cm_orizontal.png\" \/>\n\t<meta property=\"og:image:width\" content=\"900\" \/>\n\t<meta property=\"og:image:height\" content=\"900\" \/>\n\t<meta property=\"og:image:type\" content=\"image\/png\" \/>\n<meta name=\"twitter:label1\" content=\"Timp estimat pentru citire\" \/>\n\t<meta name=\"twitter:data1\" content=\"3 minute\" \/>\n<script type=\"application\/ld+json\" class=\"yoast-schema-graph\">{\"@context\":\"https:\/\/schema.org\",\"@graph\":[{\"@type\":\"WebPage\",\"@id\":\"https:\/\/business.roovi.com\/ro\/puzzle-adulti-1000-piese-castele-franceze-castel-chambord\/p\/\",\"url\":\"https:\/\/www.roovi.ro\/puzzle-adulti-1000-piese-castele-franceze-castel-chambord\/p\/\",\"name\":\"Puzzle adul\u021bi 1000 piese Castele Franceze - Castel Chambord - Roovi B2B\",\"isPartOf\":{\"@id\":\"https:\/\/business.roovi.com\/ro\/#website\"},\"datePublished\":\"2018-04-16T10:56:16+00:00\",\"dateModified\":\"2025-03-18T10:23:47+00:00\",\"breadcrumb\":{\"@id\":\"https:\/\/www.roovi.ro\/puzzle-adulti-1000-piese-castele-franceze-castel-chambord\/p\/#breadcrumb\"},\"inLanguage\":\"ro-RO\",\"potentialAction\":[{\"@type\":\"ReadAction\",\"target\":[\"https:\/\/www.roovi.ro\/puzzle-adulti-1000-piese-castele-franceze-castel-chambord\/p\/\"]}]},{\"@type\":\"BreadcrumbList\",\"@id\":\"https:\/\/www.roovi.ro\/puzzle-adulti-1000-piese-castele-franceze-castel-chambord\/p\/#breadcrumb\",\"itemListElement\":[{\"@type\":\"ListItem\",\"position\":1,\"name\":\"Home\",\"item\":\"https:\/\/business.roovi.com\/ro\/\"},{\"@type\":\"ListItem\",\"position\":2,\"name\":\"Magazin\",\"item\":\"https:\/\/business.roovi.com\/ro\/magazin\/\"},{\"@type\":\"ListItem\",\"position\":3,\"name\":\"Puzzle adul\u021bi 1000 piese Castele Franceze &#8211; Castel Chambord\"}]},{\"@type\":\"WebSite\",\"@id\":\"https:\/\/business.roovi.com\/ro\/#website\",\"url\":\"https:\/\/business.roovi.com\/ro\/\",\"name\":\"Roovi B2B\",\"description\":\"Roovi Business Website\",\"potentialAction\":[{\"@type\":\"SearchAction\",\"target\":{\"@type\":\"EntryPoint\",\"urlTemplate\":\"https:\/\/business.roovi.com\/ro\/?s={search_term_string}\"},\"query-input\":\"required name=search_term_string\"}],\"inLanguage\":\"ro-RO\"}]}<\/script>\n<!-- \/ Yoast SEO plugin. -->","yoast_head_json":{"title":"Puzzle adul\u021bi 1000 piese Castele Franceze - Castel Chambord - Roovi B2B","robots":{"index":"index","follow":"follow","max-snippet":"max-snippet:-1","max-image-preview":"max-image-preview:large","max-video-preview":"max-video-preview:-1"},"canonical":"https:\/\/www.roovi.ro\/puzzle-adulti-1000-piese-castele-franceze-castel-chambord\/p\/","og_locale":"ro_RO","og_type":"article","og_title":"Puzzle adul\u021bi 1000 piese Castele Franceze - Castel Chambord - Roovi B2B","og_description":"Porne\u0219te \u00eentr-o c\u0103l\u0103torie fascinant\u0103 pe Valea Loarei \u0219i descoper\u0103 cel mai vestit castel francez din zon\u0103 cu puzzle 1000 piese","og_url":"https:\/\/www.roovi.ro\/puzzle-adulti-1000-piese-castele-franceze-castel-chambord\/p\/","og_site_name":"Roovi B2B","article_publisher":"https:\/\/www.facebook.com\/wwwjucariero","article_modified_time":"2025-03-18T10:23:47+00:00","og_image":[{"width":900,"height":900,"url":"https:\/\/business.roovi.com\/wp-content\/uploads\/2018\/04\/67562-01-ansamblu_dimensiuni-cutie-cm_orizontal.png","type":"image\/png"}],"twitter_misc":{"Timp estimat pentru citire":"3 minute"},"schema":{"@context":"https:\/\/schema.org","@graph":[{"@type":"WebPage","@id":"https:\/\/business.roovi.com\/ro\/puzzle-adulti-1000-piese-castele-franceze-castel-chambord\/p\/","url":"https:\/\/www.roovi.ro\/puzzle-adulti-1000-piese-castele-franceze-castel-chambord\/p\/","name":"Puzzle adul\u021bi 1000 piese Castele Franceze - Castel Chambord - Roovi B2B","isPartOf":{"@id":"https:\/\/business.roovi.com\/ro\/#website"},"datePublished":"2018-04-16T10:56:16+00:00","dateModified":"2025-03-18T10:23:47+00:00","breadcrumb":{"@id":"https:\/\/www.roovi.ro\/puzzle-adulti-1000-piese-castele-franceze-castel-chambord\/p\/#breadcrumb"},"inLanguage":"ro-RO","potentialAction":[{"@type":"ReadAction","target":["https:\/\/www.roovi.ro\/puzzle-adulti-1000-piese-castele-franceze-castel-chambord\/p\/"]}]},{"@type":"BreadcrumbList","@id":"https:\/\/www.roovi.ro\/puzzle-adulti-1000-piese-castele-franceze-castel-chambord\/p\/#breadcrumb","itemListElement":[{"@type":"ListItem","position":1,"name":"Home","item":"https:\/\/business.roovi.com\/ro\/"},{"@type":"ListItem","position":2,"name":"Magazin","item":"https:\/\/business.roovi.com\/ro\/magazin\/"},{"@type":"ListItem","position":3,"name":"Puzzle adul\u021bi 1000 piese Castele Franceze &#8211; Castel Chambord"}]},{"@type":"WebSite","@id":"https:\/\/business.roovi.com\/ro\/#website","url":"https:\/\/business.roovi.com\/ro\/","name":"Roovi B2B","description":"Roovi Business Website","potentialAction":[{"@type":"SearchAction","target":{"@type":"EntryPoint","urlTemplate":"https:\/\/business.roovi.com\/ro\/?s={search_term_string}"},"query-input":"required name=search_term_string"}],"inLanguage":"ro-RO"}]}},"_links":{"self":[{"href":"https:\/\/business.roovi.com\/ro\/wp-json\/wp\/v2\/product\/15262","targetHints":{"allow":["GET"]}}],"collection":[{"href":"https:\/\/business.roovi.com\/ro\/wp-json\/wp\/v2\/product"}],"about":[{"href":"https:\/\/business.roovi.com\/ro\/wp-json\/wp\/v2\/types\/product"}],"version-history":[{"count":0,"href":"https:\/\/business.roovi.com\/ro\/wp-json\/wp\/v2\/product\/15262\/revisions"}],"wp:featuredmedia":[{"embeddable":true,"href":"https:\/\/business.roovi.com\/ro\/wp-json\/wp\/v2\/media\/15248"}],"wp:attachment":[{"href":"https:\/\/business.roovi.com\/ro\/wp-json\/wp\/v2\/media?parent=15262"}],"wp:term":[{"taxonomy":"product_brand","embeddable":true,"href":"https:\/\/business.roovi.com\/ro\/wp-json\/wp\/v2\/product_brand?post=15262"},{"taxonomy":"product_cat","embeddable":true,"href":"https:\/\/business.roovi.com\/ro\/wp-json\/wp\/v2\/product_cat?post=15262"},{"taxonomy":"product_tag","embeddable":true,"href":"https:\/\/business.roovi.com\/ro\/wp-json\/wp\/v2\/product_tag?post=15262"}],"curies":[{"name":"wp","href":"https:\/\/api.w.org\/{rel}","templated":true}]}}