{"id":15277,"date":"2018-04-16T10:56:16","date_gmt":"2018-04-16T10:56:16","guid":{"rendered":"https:\/\/business.roovi.com\/product\/puzzle-alphonse-mucha-reverie-1000-piese\/"},"modified":"2025-03-18T08:47:54","modified_gmt":"2025-03-18T08:47:54","slug":"puzzle-adulti-alphonse-mucha-reverie-1000-piese","status":"publish","type":"product","link":"https:\/\/business.roovi.com\/ro\/puzzle-adulti-alphonse-mucha-reverie-1000-piese\/p\/","title":{"rendered":"Puzzle adul\u021bi 1000 piese Alphonse Mucha &#8211; Reverie"},"content":{"rendered":"<p><span style=\"font-weight: 400;\">Descoper\u0103 acum gama puzzle art\u0103 \u0219i creeaz\u0103-\u021bi o colec\u021bie inedit\u0103 din modele uimitoare de puzzle 1000 piese!<\/span><\/p>\n<p><span style=\"font-weight: 400;\">La noi g\u0103se\u0219ti puzzle adulti cu imagini ce \u00eenf\u0103\u021bi\u0219eaz\u0103 opere faimoase din Rena\u0219tere, Baroc \u0219i multe altele. Puzzle-ul 1000 piese Alphonse Mucha &#8211; Reverie este unul dintre aceste exemplare reu\u0219ite ce red\u0103 \u00een detalii perfecte opera marelui artist. O reverie de culoare, <\/span><span style=\"font-weight: 400;\">o femeie vis\u0103toare, \u00eentr-o rochie diafan\u0103 constituie un tablou romantic de mare sensibilitate pe care trebuie neap\u0103rat s\u0103-l ai.<\/span><\/p>\n<p><span style=\"font-weight: 400;\">Ai nevoie de o m\u0103su\u021b\u0103 obi\u0219nuit\u0103 de cafea pentru a reface imaginea de 50 x 70 cm a puzzle-ului 1000 piese. Alte caracteristici ale acestui puzzle adul\u021bi g\u0103se\u0219ti mai jos:<\/span><\/p>\n<p>Material puzzle:<\/p>\n<p><strong>carton albastru de o calitate superioar\u0103<\/strong><\/p>\n<p><strong>materiale sustenabile, reciclabile<\/strong><\/p>\n<p><strong>finisaj semi-lucios, culori vii<\/strong><\/p>\n<p>Num\u0103rul pieselor de puzzle: 1000<\/p>\n<p>V\u00e2rsta recomandat\u0103: 14+<\/p>\n<p><strong>5 motive s\u0103 asamblezi puzzle 1000 piese<\/strong><\/p>\n<p><strong>Pentru a-\u021bi petrece timpul \u00eentr-un mod relaxant<\/strong><\/p>\n<p><span style=\"font-weight: 400;\">Refacerea imaginilor artistice din puzzle 1000 piese este o activitate relaxant\u0103 de care te po\u021bi bucura \u00een timpul liber. Stai c\u00e2t mai departe de ecranul televizorului sau al smartphone-ului, completeaz\u0103 puzzle 1000 piese \u0219i bucur\u0103-te de tabloul ob\u021binut!<\/span><\/p>\n<p><strong>Pentru a-\u021bi \u00eembun\u0103t\u0103\u021bi starea de spirit<\/strong><\/p>\n<p><span style=\"font-weight: 400;\">Nu doar te relaxeaz\u0103 un puzzle 100 piese, ci \u00ee\u021bi d\u0103 o stare general\u0103 de bine. Completeaz\u0103 \u00een fiecare zi un joc puzzle \u0219i bucur\u0103-te de acest beneficiu.\u00a0<\/span><\/p>\n<p><strong>Pentru a te concentra pe obiective precise<\/strong><\/p>\n<p><span style=\"font-weight: 400;\">Aranjeaz\u0103 metodic piesele puzzle 1000 \u0219i exerseaz\u0103-\u021bi constant abilitatea de a sta concentrat pentru mai mult timp. Te vei bucura de acest beneficiu \u0219i atunci c\u00e2nd ai de rezolvat sarcini de lucru.<\/span><\/p>\n<p><strong>Pentru a avea o minte s\u0103n\u0103toas\u0103<\/strong><\/p>\n<p><span style=\"font-weight: 400;\">Asamblarea puzzle-urilor 1000 piese antreneaz\u0103 ambele emisfere cerebrale \u0219i te ajut\u0103 s\u0103-\u021bi men\u021bii creierul \u00eentr-o form\u0103 excelent\u0103.\u00a0<\/span><\/p>\n<p><strong>Pentru a fi fericit<\/strong><\/p>\n<p><span style=\"font-weight: 400;\">Atunci c\u00e2nd alc\u0103tuie\u0219ti tabloul din puzzle 1000 piese creierul t\u0103u secret\u0103 dopamin\u0103 &#8211; hormonul fericirii. A\u0219a se explic\u0103 starea de optimism \u0219i satisfac\u021bie pe care o sim\u021bi la final, c\u00e2nd imaginea din jocul puzzle e complet\u0103 \u0219i gata de \u00eenr\u0103mat.<\/span><\/p>\n<p><strong>Alphonse Mucha \u00een 5 fraze<\/strong><\/p>\n<p><span style=\"font-weight: 400;\">Afi\u0219ele sale pentru celebra actri\u021b\u0103 Sarah Bernhardt au f\u0103cut senza\u021bie la Paris \u0219i au reprezentat \u00eenceputul notoriet\u0103\u021bii de care avea s\u0103 se bucure.<\/span><\/p>\n<p><span style=\"font-weight: 400;\">A fost un foarte creativ designer al decorurilor de teatru \u0219i de interior.<\/span><\/p>\n<p><span style=\"font-weight: 400;\">A fost pasionat de desen \u00eenc\u0103 din copil\u0103rie. Se spune c\u0103 mama lui i-a at\u00e2rnat la g\u00e2t un creion c\u00e2nd era foarte mic \u0219i nu \u0219tia \u00eenc\u0103 s\u0103 mearg\u0103, artistul \u00een devenire fiind foarte \u00eenc\u00e2ntat de acest gest.<\/span><\/p>\n<p><span style=\"font-weight: 400;\">Artistul idealiza femeia, aceasta fiind tema predominant\u0103 \u00een multe dintre lucr\u0103rile sale.<\/span><\/p>\n<p><span style=\"font-weight: 400;\">La finalul vie\u021bii sale, stilul Mucha era considerat dep\u0103\u0219it.<\/span><\/p>\n<p><strong>Puzzle 1000 piese art\u0103 te ajut\u0103 s\u0103 evadezi \u00eentr-o lume feeric\u0103<\/strong><\/p>\n<p><span style=\"font-weight: 400;\">Grijile cotidiene, oboseala psihic\u0103 sau rutina zilnic\u0103 te epuizeaz\u0103 \u0219i cau\u021bi o metod\u0103 de evadare? Asambleaz\u0103 puzzle 1000 piese din colec\u021bia puzzle art\u0103 \u0219i intr\u0103 \u00eentr-o lume plin\u0103 de culori calde, bucurie \u0219i pace. Admir\u0103 apoi minute \u00een \u0219ir opera ta des\u0103v\u00e2r\u0219it\u0103 \u0219i bucur\u0103-te de o senza\u021bie de satisfac\u021bie deplin\u0103.<\/span><\/p>\n<p><span style=\"font-weight: 400;\">Sparge monotonia serilor cu acest minunat puzzle de art\u0103 <\/span><span style=\"font-weight: 400;\">Alphonse Mucha &#8211; Reverie! Cump\u0103r\u0103 acum puzzle-ul 1000 piese \u0219i vei avea ocazia s\u0103 zugr\u0103ve\u0219ti un tablou de art\u0103 dintr-un joc puzzle de cea mai bun\u0103 calitate. Cheam\u0103-\u021bi prietenii \u0219i reface\u021bi \u00eempreun\u0103 imaginea din puzzle 1000 piese Alphonse Mucha &#8211; Reverie sau bucur\u0103-te de lini\u0219te \u0219i recreeaz\u0103 singur tabloul.<\/span><\/p>\n<p><span style=\"font-weight: 400;\">Puzzle 1000 piese Alphonse Mucha &#8211; Reverie este o idee surprinz\u0103toare de cadou pentru persoanele dragi \u0219i dornice de a se implica \u00een activit\u0103\u021bi creative.<\/span><\/p>\n","protected":false},"excerpt":{"rendered":"<p><span style=\"font-weight: 400;\">Ce-ai spune dac\u0103 ai avea ocazia s\u0103 \u00eenr\u0103mezi tablouri perfecte cu imagini de art\u0103 celebre \u0219i i-ai da casei tale un stil rafinat? <\/span><\/p>\n","protected":false},"featured_media":63081,"template":"","meta":[],"product_brand":[],"product_cat":[1454,1488,1560],"product_tag":[],"class_list":{"0":"post-15277","1":"product","2":"type-product","3":"status-publish","4":"has-post-thumbnail","6":"product_cat-puzzle","7":"product_cat-puzzle-adulti","8":"product_cat-puzzle-adulti-1000","9":"pa_bax-1273","10":"pa_brand-d_toys","11":"pa_country_of_manufacture-ro","12":"pa_filter_age-1315","13":"pa_painter-alphonsemucha","14":"pa_tip_ambalaj-cutie","15":"pa_tip_puzzle-clasic","17":"first","18":"instock","19":"taxable","20":"shipping-taxable","21":"product-type-simple"},"yoast_head":"<!-- This site is optimized with the Yoast SEO plugin v20.1 - https:\/\/yoast.com\/wordpress\/plugins\/seo\/ -->\n<title>Puzzle adul\u021bi 1000 piese Alphonse Mucha - Reverie - Roovi B2B<\/title>\n<meta name=\"robots\" content=\"index, follow, max-snippet:-1, max-image-preview:large, max-video-preview:-1\" \/>\n<link rel=\"canonical\" href=\"https:\/\/www.roovi.ro\/puzzle-adulti-alphonse-mucha-reverie-1000-piese\/p\/\" \/>\n<meta property=\"og:locale\" content=\"ro_RO\" \/>\n<meta property=\"og:type\" content=\"article\" \/>\n<meta property=\"og:title\" content=\"Puzzle adul\u021bi 1000 piese Alphonse Mucha - Reverie - Roovi B2B\" \/>\n<meta property=\"og:description\" content=\"Ce-ai spune dac\u0103 ai avea ocazia s\u0103 \u00eenr\u0103mezi tablouri perfecte cu imagini de art\u0103 celebre \u0219i i-ai da casei tale un stil rafinat?\" \/>\n<meta property=\"og:url\" content=\"https:\/\/www.roovi.ro\/puzzle-adulti-alphonse-mucha-reverie-1000-piese\/p\/\" \/>\n<meta property=\"og:site_name\" content=\"Roovi B2B\" \/>\n<meta property=\"article:publisher\" content=\"https:\/\/www.facebook.com\/wwwjucariero\" \/>\n<meta property=\"article:modified_time\" content=\"2025-03-18T08:47:54+00:00\" \/>\n<meta property=\"og:image\" content=\"https:\/\/business.roovi.com\/wp-content\/uploads\/2018\/04\/66930-MU-01-WEB.jpg\" \/>\n\t<meta property=\"og:image:width\" content=\"1200\" \/>\n\t<meta property=\"og:image:height\" content=\"1200\" \/>\n\t<meta property=\"og:image:type\" content=\"image\/jpeg\" \/>\n<meta name=\"twitter:label1\" content=\"Timp estimat pentru citire\" \/>\n\t<meta name=\"twitter:data1\" content=\"3 minute\" \/>\n<script type=\"application\/ld+json\" class=\"yoast-schema-graph\">{\"@context\":\"https:\/\/schema.org\",\"@graph\":[{\"@type\":\"WebPage\",\"@id\":\"https:\/\/business.roovi.com\/ro\/puzzle-adulti-alphonse-mucha-reverie-1000-piese\/p\/\",\"url\":\"https:\/\/www.roovi.ro\/puzzle-adulti-alphonse-mucha-reverie-1000-piese\/p\/\",\"name\":\"Puzzle adul\u021bi 1000 piese Alphonse Mucha - Reverie - Roovi B2B\",\"isPartOf\":{\"@id\":\"https:\/\/business.roovi.com\/ro\/#website\"},\"datePublished\":\"2018-04-16T10:56:16+00:00\",\"dateModified\":\"2025-03-18T08:47:54+00:00\",\"breadcrumb\":{\"@id\":\"https:\/\/www.roovi.ro\/puzzle-adulti-alphonse-mucha-reverie-1000-piese\/p\/#breadcrumb\"},\"inLanguage\":\"ro-RO\",\"potentialAction\":[{\"@type\":\"ReadAction\",\"target\":[\"https:\/\/www.roovi.ro\/puzzle-adulti-alphonse-mucha-reverie-1000-piese\/p\/\"]}]},{\"@type\":\"BreadcrumbList\",\"@id\":\"https:\/\/www.roovi.ro\/puzzle-adulti-alphonse-mucha-reverie-1000-piese\/p\/#breadcrumb\",\"itemListElement\":[{\"@type\":\"ListItem\",\"position\":1,\"name\":\"Home\",\"item\":\"https:\/\/business.roovi.com\/ro\/\"},{\"@type\":\"ListItem\",\"position\":2,\"name\":\"Magazin\",\"item\":\"https:\/\/business.roovi.com\/ro\/magazin\/\"},{\"@type\":\"ListItem\",\"position\":3,\"name\":\"Puzzle adul\u021bi 1000 piese Alphonse Mucha &#8211; Reverie\"}]},{\"@type\":\"WebSite\",\"@id\":\"https:\/\/business.roovi.com\/ro\/#website\",\"url\":\"https:\/\/business.roovi.com\/ro\/\",\"name\":\"Roovi B2B\",\"description\":\"Roovi Business Website\",\"potentialAction\":[{\"@type\":\"SearchAction\",\"target\":{\"@type\":\"EntryPoint\",\"urlTemplate\":\"https:\/\/business.roovi.com\/ro\/?s={search_term_string}\"},\"query-input\":\"required name=search_term_string\"}],\"inLanguage\":\"ro-RO\"}]}<\/script>\n<!-- \/ Yoast SEO plugin. -->","yoast_head_json":{"title":"Puzzle adul\u021bi 1000 piese Alphonse Mucha - Reverie - Roovi B2B","robots":{"index":"index","follow":"follow","max-snippet":"max-snippet:-1","max-image-preview":"max-image-preview:large","max-video-preview":"max-video-preview:-1"},"canonical":"https:\/\/www.roovi.ro\/puzzle-adulti-alphonse-mucha-reverie-1000-piese\/p\/","og_locale":"ro_RO","og_type":"article","og_title":"Puzzle adul\u021bi 1000 piese Alphonse Mucha - Reverie - Roovi B2B","og_description":"Ce-ai spune dac\u0103 ai avea ocazia s\u0103 \u00eenr\u0103mezi tablouri perfecte cu imagini de art\u0103 celebre \u0219i i-ai da casei tale un stil rafinat?","og_url":"https:\/\/www.roovi.ro\/puzzle-adulti-alphonse-mucha-reverie-1000-piese\/p\/","og_site_name":"Roovi B2B","article_publisher":"https:\/\/www.facebook.com\/wwwjucariero","article_modified_time":"2025-03-18T08:47:54+00:00","og_image":[{"width":1200,"height":1200,"url":"https:\/\/business.roovi.com\/wp-content\/uploads\/2018\/04\/66930-MU-01-WEB.jpg","type":"image\/jpeg"}],"twitter_misc":{"Timp estimat pentru citire":"3 minute"},"schema":{"@context":"https:\/\/schema.org","@graph":[{"@type":"WebPage","@id":"https:\/\/business.roovi.com\/ro\/puzzle-adulti-alphonse-mucha-reverie-1000-piese\/p\/","url":"https:\/\/www.roovi.ro\/puzzle-adulti-alphonse-mucha-reverie-1000-piese\/p\/","name":"Puzzle adul\u021bi 1000 piese Alphonse Mucha - Reverie - Roovi B2B","isPartOf":{"@id":"https:\/\/business.roovi.com\/ro\/#website"},"datePublished":"2018-04-16T10:56:16+00:00","dateModified":"2025-03-18T08:47:54+00:00","breadcrumb":{"@id":"https:\/\/www.roovi.ro\/puzzle-adulti-alphonse-mucha-reverie-1000-piese\/p\/#breadcrumb"},"inLanguage":"ro-RO","potentialAction":[{"@type":"ReadAction","target":["https:\/\/www.roovi.ro\/puzzle-adulti-alphonse-mucha-reverie-1000-piese\/p\/"]}]},{"@type":"BreadcrumbList","@id":"https:\/\/www.roovi.ro\/puzzle-adulti-alphonse-mucha-reverie-1000-piese\/p\/#breadcrumb","itemListElement":[{"@type":"ListItem","position":1,"name":"Home","item":"https:\/\/business.roovi.com\/ro\/"},{"@type":"ListItem","position":2,"name":"Magazin","item":"https:\/\/business.roovi.com\/ro\/magazin\/"},{"@type":"ListItem","position":3,"name":"Puzzle adul\u021bi 1000 piese Alphonse Mucha &#8211; Reverie"}]},{"@type":"WebSite","@id":"https:\/\/business.roovi.com\/ro\/#website","url":"https:\/\/business.roovi.com\/ro\/","name":"Roovi B2B","description":"Roovi Business Website","potentialAction":[{"@type":"SearchAction","target":{"@type":"EntryPoint","urlTemplate":"https:\/\/business.roovi.com\/ro\/?s={search_term_string}"},"query-input":"required name=search_term_string"}],"inLanguage":"ro-RO"}]}},"_links":{"self":[{"href":"https:\/\/business.roovi.com\/ro\/wp-json\/wp\/v2\/product\/15277","targetHints":{"allow":["GET"]}}],"collection":[{"href":"https:\/\/business.roovi.com\/ro\/wp-json\/wp\/v2\/product"}],"about":[{"href":"https:\/\/business.roovi.com\/ro\/wp-json\/wp\/v2\/types\/product"}],"version-history":[{"count":0,"href":"https:\/\/business.roovi.com\/ro\/wp-json\/wp\/v2\/product\/15277\/revisions"}],"wp:featuredmedia":[{"embeddable":true,"href":"https:\/\/business.roovi.com\/ro\/wp-json\/wp\/v2\/media\/63081"}],"wp:attachment":[{"href":"https:\/\/business.roovi.com\/ro\/wp-json\/wp\/v2\/media?parent=15277"}],"wp:term":[{"taxonomy":"product_brand","embeddable":true,"href":"https:\/\/business.roovi.com\/ro\/wp-json\/wp\/v2\/product_brand?post=15277"},{"taxonomy":"product_cat","embeddable":true,"href":"https:\/\/business.roovi.com\/ro\/wp-json\/wp\/v2\/product_cat?post=15277"},{"taxonomy":"product_tag","embeddable":true,"href":"https:\/\/business.roovi.com\/ro\/wp-json\/wp\/v2\/product_tag?post=15277"}],"curies":[{"name":"wp","href":"https:\/\/api.w.org\/{rel}","templated":true}]}}