{"id":15322,"date":"2018-04-16T10:56:16","date_gmt":"2018-04-16T10:56:16","guid":{"rendered":"https:\/\/business.roovi.com\/product\/puzzle-gustav-klimt-the-kiss-1000-piese\/"},"modified":"2025-03-18T09:00:26","modified_gmt":"2025-03-18T09:00:26","slug":"puzzle-adulti-1000-piese-gustav-klimt-the-kisssarutul","status":"publish","type":"product","link":"https:\/\/business.roovi.com\/ro\/puzzle-adulti-1000-piese-gustav-klimt-the-kisssarutul\/p\/","title":{"rendered":"Puzzle adulti 1000 piese Gustav Klimt &#8211; The Kiss\/Sarutul"},"content":{"rendered":"<p><span style=\"font-weight: 400;\">Deconecteaz\u0103-te de la ecrane \u0219i intr\u0103 \u00een lumea plin\u0103 de mister \u0219i culoare a picturilor celebre! Asambleaz\u0103 puzzle-uri de art\u0103 \u0219i creeaz\u0103 tablouri uimitoare care s\u0103-\u021bi \u00eenc\u00e2nte sim\u021burile. Cea mai mare colec\u021bie de puzzle-uri de art\u0103 din Rom\u00e2nia \u00ee\u021bi d\u0103 acum oportunitatea s\u0103 cuno\u0219ti \u00een detaliu cele mai renumite picturi din lume. \u00cen plus, vei petrece multe ore de distrac\u021bie relaxant\u0103 departe de lumea virtual\u0103.<\/span><\/p>\n<p><span style=\"font-weight: 400;\">Puzzle 1000 piese Gustav Klimt &#8211; The Kiss\/S\u0103rutul este un puzzle vibrant datorit\u0103 imaginii pe care o reprezint\u0103. \u00cen 2001, The Guardian scria despre aceast\u0103 capodoper\u0103: \u201c<\/span><em><span style=\"font-weight: 400;\">S\u0103rutul<\/span><\/em><span style=\"font-weight: 400;\"> este icoana unei epoci post-religioase, iar Klimt \u00eei confer\u0103 str\u0103lucirea \u0219i m\u0103re\u021bia unei piese de altar\u201d.\u00a0 Amestecul ame\u021bitor de senzualitate \u0219i opulen\u021b\u0103 din aceast\u0103 imagine iconic\u0103 surprinde esen\u021ba operei unice a lui Klimt.\u00a0<\/span><\/p>\n<p><span style=\"font-weight: 400;\">Vei g\u0103si \u00een acest puzzle de art\u0103 imaginea unui cuplu \u00eentr-o \u00eembr\u0103\u021bi\u0219are p\u0103tima\u0219\u0103, acoperit de un \u00eenveli\u0219 ciudat, auriu care \u00eei protejeaz\u0103 pe cei doi de lumea exterioar\u0103. Asambleaz\u0103 cele 1000 piese de puzzle \u0219i vei avea doar pentru tine o copie fidel\u0103 a unei opere de art\u0103 extraordinare.<\/span><\/p>\n<p><span style=\"font-weight: 400;\">Detalii despre puzzle 1000 piese Gustav Klimt &#8211; The Kiss\/S\u0103rutul:<\/span><\/p>\n<p><strong>Dimensiuni imagine reconstituit\u0103: 50 x 70 cm.\u00a0<\/strong><\/p>\n<p><strong>Material puzzle:\u00a0<\/strong><\/p>\n<p><strong>carton albastru de o calitate superioar\u0103<\/strong><\/p>\n<p><strong>materiale sustenabile, reciclabile<\/strong><\/p>\n<p><strong>finisaj semi-lucios, culori vii<\/strong><\/p>\n<p><strong>Num\u0103rul pieselor de puzzle: 1000<\/strong><\/p>\n<p><strong>V\u00e2rsta recomandat\u0103: 14+<\/strong><\/p>\n<p><strong>Vrei s\u0103 ai o memorie mai bun\u0103? Alege puzzle-uri adulti!<\/strong><\/p>\n<p><span style=\"font-weight: 400;\">Jocurile puzzle nu sunt doar o modalitatea excelent\u0103 de relaxare. Ele au efecte uimitoare \u0219i asupra s\u0103n\u0103t\u0103\u021bii. De exemplu, asupra memoriei. Atunci c\u00e2nd asamblezi puzzle 1000 piese, te concentrezi \u0219i memorezi aproape involuntar forma pieselor, culoarea lor, dar \u0219i aspecte legate de pozi\u021bia unde piesele se potrivesc. To\u021bi ace\u0219ti pa\u0219i pe care \u00eei faci pentru a completa imaginea din puzzle 1000 piese, te ajut\u0103 s\u0103 \u00ee\u021bi \u00eembun\u0103t\u0103\u021be\u0219ti memoria.<\/span><\/p>\n<p><strong>E\u0219ti stresat? Puzzle 1000 piese te ajut\u0103 s\u0103 te relaxezi!<\/strong><\/p>\n<p><span style=\"font-weight: 400;\">\u00cen fa\u021ba unui puzzle de 1000 piese, mintea ta se abandoneaz\u0103 acestei activit\u0103\u021bi minunate pentru o bun\u0103 perioad\u0103 de timp. Astfel, g\u00e2ndurile \u0219i grijile dispar \u0219i e\u0219ti doar tu cu tine \u00eensu\u021bi, ca \u00eentr-o sesiune de medita\u021bie. Stresul se evapor\u0103, mintea se lini\u0219te\u0219te, iar un sentiment de pace \u0219i bucurie te cuprinde. \u00cen aceste momente de lini\u0219te, corpul t\u0103u se relaxeaz\u0103 \u0219i func\u021bioneaz\u0103 normal. \u00cen cazul persoanelor hipertensive, s-a constatat chiar c\u0103 tensiunea arterial\u0103 scade \u00een timpul acestei activit\u0103\u021bi relaxante.<\/span><\/p>\n<p><strong>5 informa\u021bii despre &#8222;S\u0103rutul&#8221; lui Klimt pe care trebuie s\u0103 le \u0219tii<\/strong><\/p>\n<p><span style=\"font-weight: 400;\">1.<em> &#8222;S\u0103rutul&#8221;<\/em> a fost realizat \u00een perioada de v\u00e2rf a carierei artistului.<\/span><\/p>\n<p><span style=\"font-weight: 400;\">2. \u00cen Austria, capodopera lui Klimt este considerat\u0103 emblem\u0103 na\u021bional\u0103. \u00cen 2003, statul austriac a emis o moned\u0103 de <\/span><span style=\"font-weight: 400;\">100 \u20ac\u00a0 care are pe o parte un portret al lui Klimt, iar pe cealalt\u0103 parte, \u201eS\u0103rutul\u201d.<\/span><\/p>\n<p><span style=\"font-weight: 400;\">3. Se spune c\u0103 perechea reprezentat\u0103 \u00een tablou\u00a0 ar fi chiar autorul, Gustav Klimt \u0219i partenera lui de via\u021b\u0103, <\/span><span style=\"font-weight: 400;\">Emilie Fl\u00f6ge.<\/span><\/p>\n<p><span style=\"font-weight: 400;\">4. Klimt a mai realizat portrete asem\u0103n\u0103toare prietenilor s\u0103i pe care \u00eei prezenta \u00een ipostaze extrem de extravagante. Adesea, doar m\u00e2inile \u0219i fe\u021bele lor erau vizibile \u0219i, la fel ca \u00een <em>&#8222;S\u0103rutul&#8221;<\/em>, conturul precis al figurilor era ascuns.<\/span><\/p>\n<p><span style=\"font-weight: 400;\">5. \u00cen tablou se observ\u0103 influen\u021be bizantine \u0219i ale mozaicurilor asupra stilului autorului. Klimt a fost \u00eentotdeauna interesat de acest mediu, dar entuziasmul s\u0103u a fost aprins dup\u0103 ce a studiat mozaicurile bizantine din bisericile din Ravenna, \u00een Italia, \u00een 1903.<\/span><\/p>\n<p><strong>Puzzle-urile de art\u0103 \u00ee\u021bi aprind imagina\u021bia!<\/strong><\/p>\n<p><span style=\"font-weight: 400;\">S\u0103 cau\u021bi indiciile pentru a recrea \u00eentreaga oper\u0103 de art\u0103 este super distractiv \u0219i, \u00een plus, te face s\u0103 te sim\u021bi ca un adev\u0103rat detectiv. Sau s\u0103-\u021bi imaginezi c\u0103 e\u0219ti tu pictorul care f\u0103ure\u0219te tabloul din puzzle 1000 piese \u0219i s\u0103 descoperi mesajele simbolice ale operei de art\u0103, este un bun exerci\u021biu de imagina\u021bie. Posibilit\u0103\u021bile de interpretare sunt nelimitate. Experimenteaz\u0103 aceast\u0103 stare creativ\u0103 cu cele mai frumoase puzzle-urile de 1000 piese din colec\u021bia puzzle-uri de art\u0103.<\/span><\/p>\n<p><span style=\"font-weight: 400;\">Cump\u0103r\u0103 acum minunatul puzzle de art\u0103 Gustav Klimt &#8211; The Kiss\/S\u0103rutul \u0219i las\u0103-te purtat \u00een lumea artei. Relaxeaz\u0103-te zi de zi \u0219i creeaz\u0103-\u021bi o oper\u0103 de art\u0103 des\u0103v\u00e2r\u0219it\u0103 din puzzle 1000 piese. Descoper\u0103 \u00eentreaga colec\u021bie de puzzle-uri de art\u0103 \u0219i selecteaz\u0103 cele mai deosebite jocuri puzzle care s\u0103 fac\u0103 parte din colec\u021bia ta personal\u0103 de tablouri de art\u0103.<\/span><\/p>\n<p><span style=\"font-weight: 400;\">Vrei s\u0103 faci fericit un prieten pasionat de puzzle adul\u021bi? Ofer\u0103-i \u00een dar puzzle de art\u0103 Gustav Klimt &#8211; S\u0103rutul!<\/span><\/p>\n","protected":false},"excerpt":{"rendered":"<p>Deconecteaz\u0103-te de la ecrane \u0219i intr\u0103 \u00een lumea plin\u0103 de mister \u0219i culoare a picturilor celebre! Asambleaz\u0103 puzzle-uri de art\u0103<\/p>\n","protected":false},"featured_media":15308,"template":"","meta":[],"product_brand":[],"product_cat":[1454,1488,1560],"product_tag":[],"class_list":{"0":"post-15322","1":"product","2":"type-product","3":"status-publish","4":"has-post-thumbnail","6":"product_cat-puzzle","7":"product_cat-puzzle-adulti","8":"product_cat-puzzle-adulti-1000","9":"pa_bax-1273","10":"pa_brand-d_toys","11":"pa_country_of_manufacture-ro","12":"pa_filter_age-1315","13":"pa_painter-gustavklimt","14":"pa_tip_ambalaj-cutie","15":"pa_tip_puzzle-clasic","17":"first","18":"instock","19":"taxable","20":"shipping-taxable","21":"product-type-simple"},"yoast_head":"<!-- This site is optimized with the Yoast SEO plugin v20.1 - https:\/\/yoast.com\/wordpress\/plugins\/seo\/ -->\n<title>Puzzle adulti 1000 piese Gustav Klimt - The Kiss\/Sarutul - Roovi B2B<\/title>\n<meta name=\"robots\" content=\"index, follow, max-snippet:-1, max-image-preview:large, max-video-preview:-1\" \/>\n<link rel=\"canonical\" href=\"https:\/\/www.roovi.ro\/puzzle-adulti-1000-piese-gustav-klimt-the-kisssarutul\/p\/\" \/>\n<meta property=\"og:locale\" content=\"ro_RO\" \/>\n<meta property=\"og:type\" content=\"article\" \/>\n<meta property=\"og:title\" content=\"Puzzle adulti 1000 piese Gustav Klimt - The Kiss\/Sarutul - Roovi B2B\" \/>\n<meta property=\"og:description\" content=\"Deconecteaz\u0103-te de la ecrane \u0219i intr\u0103 \u00een lumea plin\u0103 de mister \u0219i culoare a picturilor celebre! Asambleaz\u0103 puzzle-uri de art\u0103\" \/>\n<meta property=\"og:url\" content=\"https:\/\/www.roovi.ro\/puzzle-adulti-1000-piese-gustav-klimt-the-kisssarutul\/p\/\" \/>\n<meta property=\"og:site_name\" content=\"Roovi B2B\" \/>\n<meta property=\"article:publisher\" content=\"https:\/\/www.facebook.com\/wwwjucariero\" \/>\n<meta property=\"article:modified_time\" content=\"2025-03-18T09:00:26+00:00\" \/>\n<meta property=\"og:image\" content=\"https:\/\/business.roovi.com\/wp-content\/uploads\/2018\/04\/66923-01_ansamblu_dimensiuni_cutie_cm_1200x1200.png\" \/>\n\t<meta property=\"og:image:width\" content=\"1200\" \/>\n\t<meta property=\"og:image:height\" content=\"1200\" \/>\n\t<meta property=\"og:image:type\" content=\"image\/png\" \/>\n<meta name=\"twitter:label1\" content=\"Timp estimat pentru citire\" \/>\n\t<meta name=\"twitter:data1\" content=\"4 minute\" \/>\n<script type=\"application\/ld+json\" class=\"yoast-schema-graph\">{\"@context\":\"https:\/\/schema.org\",\"@graph\":[{\"@type\":\"WebPage\",\"@id\":\"https:\/\/business.roovi.com\/ro\/puzzle-adulti-1000-piese-gustav-klimt-the-kisssarutul\/p\/\",\"url\":\"https:\/\/www.roovi.ro\/puzzle-adulti-1000-piese-gustav-klimt-the-kisssarutul\/p\/\",\"name\":\"Puzzle adulti 1000 piese Gustav Klimt - The Kiss\/Sarutul - Roovi B2B\",\"isPartOf\":{\"@id\":\"https:\/\/business.roovi.com\/ro\/#website\"},\"datePublished\":\"2018-04-16T10:56:16+00:00\",\"dateModified\":\"2025-03-18T09:00:26+00:00\",\"breadcrumb\":{\"@id\":\"https:\/\/www.roovi.ro\/puzzle-adulti-1000-piese-gustav-klimt-the-kisssarutul\/p\/#breadcrumb\"},\"inLanguage\":\"ro-RO\",\"potentialAction\":[{\"@type\":\"ReadAction\",\"target\":[\"https:\/\/www.roovi.ro\/puzzle-adulti-1000-piese-gustav-klimt-the-kisssarutul\/p\/\"]}]},{\"@type\":\"BreadcrumbList\",\"@id\":\"https:\/\/www.roovi.ro\/puzzle-adulti-1000-piese-gustav-klimt-the-kisssarutul\/p\/#breadcrumb\",\"itemListElement\":[{\"@type\":\"ListItem\",\"position\":1,\"name\":\"Home\",\"item\":\"https:\/\/business.roovi.com\/ro\/\"},{\"@type\":\"ListItem\",\"position\":2,\"name\":\"Magazin\",\"item\":\"https:\/\/business.roovi.com\/ro\/magazin\/\"},{\"@type\":\"ListItem\",\"position\":3,\"name\":\"Puzzle adulti 1000 piese Gustav Klimt &#8211; The Kiss\/Sarutul\"}]},{\"@type\":\"WebSite\",\"@id\":\"https:\/\/business.roovi.com\/ro\/#website\",\"url\":\"https:\/\/business.roovi.com\/ro\/\",\"name\":\"Roovi B2B\",\"description\":\"Roovi Business Website\",\"potentialAction\":[{\"@type\":\"SearchAction\",\"target\":{\"@type\":\"EntryPoint\",\"urlTemplate\":\"https:\/\/business.roovi.com\/ro\/?s={search_term_string}\"},\"query-input\":\"required name=search_term_string\"}],\"inLanguage\":\"ro-RO\"}]}<\/script>\n<!-- \/ Yoast SEO plugin. -->","yoast_head_json":{"title":"Puzzle adulti 1000 piese Gustav Klimt - The Kiss\/Sarutul - Roovi B2B","robots":{"index":"index","follow":"follow","max-snippet":"max-snippet:-1","max-image-preview":"max-image-preview:large","max-video-preview":"max-video-preview:-1"},"canonical":"https:\/\/www.roovi.ro\/puzzle-adulti-1000-piese-gustav-klimt-the-kisssarutul\/p\/","og_locale":"ro_RO","og_type":"article","og_title":"Puzzle adulti 1000 piese Gustav Klimt - The Kiss\/Sarutul - Roovi B2B","og_description":"Deconecteaz\u0103-te de la ecrane \u0219i intr\u0103 \u00een lumea plin\u0103 de mister \u0219i culoare a picturilor celebre! Asambleaz\u0103 puzzle-uri de art\u0103","og_url":"https:\/\/www.roovi.ro\/puzzle-adulti-1000-piese-gustav-klimt-the-kisssarutul\/p\/","og_site_name":"Roovi B2B","article_publisher":"https:\/\/www.facebook.com\/wwwjucariero","article_modified_time":"2025-03-18T09:00:26+00:00","og_image":[{"width":1200,"height":1200,"url":"https:\/\/business.roovi.com\/wp-content\/uploads\/2018\/04\/66923-01_ansamblu_dimensiuni_cutie_cm_1200x1200.png","type":"image\/png"}],"twitter_misc":{"Timp estimat pentru citire":"4 minute"},"schema":{"@context":"https:\/\/schema.org","@graph":[{"@type":"WebPage","@id":"https:\/\/business.roovi.com\/ro\/puzzle-adulti-1000-piese-gustav-klimt-the-kisssarutul\/p\/","url":"https:\/\/www.roovi.ro\/puzzle-adulti-1000-piese-gustav-klimt-the-kisssarutul\/p\/","name":"Puzzle adulti 1000 piese Gustav Klimt - The Kiss\/Sarutul - Roovi B2B","isPartOf":{"@id":"https:\/\/business.roovi.com\/ro\/#website"},"datePublished":"2018-04-16T10:56:16+00:00","dateModified":"2025-03-18T09:00:26+00:00","breadcrumb":{"@id":"https:\/\/www.roovi.ro\/puzzle-adulti-1000-piese-gustav-klimt-the-kisssarutul\/p\/#breadcrumb"},"inLanguage":"ro-RO","potentialAction":[{"@type":"ReadAction","target":["https:\/\/www.roovi.ro\/puzzle-adulti-1000-piese-gustav-klimt-the-kisssarutul\/p\/"]}]},{"@type":"BreadcrumbList","@id":"https:\/\/www.roovi.ro\/puzzle-adulti-1000-piese-gustav-klimt-the-kisssarutul\/p\/#breadcrumb","itemListElement":[{"@type":"ListItem","position":1,"name":"Home","item":"https:\/\/business.roovi.com\/ro\/"},{"@type":"ListItem","position":2,"name":"Magazin","item":"https:\/\/business.roovi.com\/ro\/magazin\/"},{"@type":"ListItem","position":3,"name":"Puzzle adulti 1000 piese Gustav Klimt &#8211; The Kiss\/Sarutul"}]},{"@type":"WebSite","@id":"https:\/\/business.roovi.com\/ro\/#website","url":"https:\/\/business.roovi.com\/ro\/","name":"Roovi B2B","description":"Roovi Business Website","potentialAction":[{"@type":"SearchAction","target":{"@type":"EntryPoint","urlTemplate":"https:\/\/business.roovi.com\/ro\/?s={search_term_string}"},"query-input":"required name=search_term_string"}],"inLanguage":"ro-RO"}]}},"_links":{"self":[{"href":"https:\/\/business.roovi.com\/ro\/wp-json\/wp\/v2\/product\/15322","targetHints":{"allow":["GET"]}}],"collection":[{"href":"https:\/\/business.roovi.com\/ro\/wp-json\/wp\/v2\/product"}],"about":[{"href":"https:\/\/business.roovi.com\/ro\/wp-json\/wp\/v2\/types\/product"}],"version-history":[{"count":0,"href":"https:\/\/business.roovi.com\/ro\/wp-json\/wp\/v2\/product\/15322\/revisions"}],"wp:featuredmedia":[{"embeddable":true,"href":"https:\/\/business.roovi.com\/ro\/wp-json\/wp\/v2\/media\/15308"}],"wp:attachment":[{"href":"https:\/\/business.roovi.com\/ro\/wp-json\/wp\/v2\/media?parent=15322"}],"wp:term":[{"taxonomy":"product_brand","embeddable":true,"href":"https:\/\/business.roovi.com\/ro\/wp-json\/wp\/v2\/product_brand?post=15322"},{"taxonomy":"product_cat","embeddable":true,"href":"https:\/\/business.roovi.com\/ro\/wp-json\/wp\/v2\/product_cat?post=15322"},{"taxonomy":"product_tag","embeddable":true,"href":"https:\/\/business.roovi.com\/ro\/wp-json\/wp\/v2\/product_tag?post=15322"}],"curies":[{"name":"wp","href":"https:\/\/api.w.org\/{rel}","templated":true}]}}